{"id":63499,"date":"2021-09-02T20:54:52","date_gmt":"2021-09-02T19:54:52","guid":{"rendered":"https:\/\/monatglobal.com\/uk\/?page_id=63499"},"modified":"2026-01-29T16:09:03","modified_gmt":"2026-01-29T16:09:03","slug":"hair-damage-repair","status":"publish","type":"page","link":"https:\/\/monatglobal.com\/uk\/hair-damage-repair\/","title":{"rendered":"Damage Repair Bond-Fortifying Hair Leave-In Cr\u00e8me"},"content":{"rendered":"\n\n\t<link rel=\"stylesheet\" href=\"https:\/\/unpkg.com\/swiper\/swiper-bundle.min.css\" \/>\n<link rel=\"stylesheet\" href=\"\/wp-content\/creative_css\/product_styles_sheet.css\" \/>\n    <!--==================================================== ECOMM SECTION ====================================================-->\n        <!--==================================================== Ecomm image ====================================================-->\n        <img decoding=\"async\" src=\"\/wp-content\/uploads\/2021\/09\/DR_Bond-Fortifying-Hair-.png\" alt=\"MONAT BODY CARE\u2122 Moisturize &#038; Replenish Body Wash\" loading=\"lazy\"\/>\n        <!--==================================================== Ecomm information  ====================================================-->\n            \n            <h1>Damage Repair <br \/>Bond-Fortifying Hair <br \/>Leave-In Cr\u00e8me <\/h1>\n            \n            <p>Rich leave-in treatment cr\u00e8me that nourishes, strengthens and hydrates damaged hair.<\/p>\n            <p>134 ml \u212e 4.5 fl. oz.<\/p>\n          <!--==================================================== pricing box  ====================================================-->     \n         <p>Retail Price<br \/>\u00a300.00<\/p>\n         <p>VIP Customer Price<br \/>\u00a300.00<\/p>\n          <!--==================================================== pricing box  ====================================================-->     \n            <p>To learn more about  Damage Repair Bond-Fortifying Leave-in Cr\u00e8me, please contact your MONAT Market Partner. <\/p>\n      <a href=\"\" target=\"_blank\" role=\"button\" aria-label=\"\" rel=\"noopener\"><\/a>\n    <!--==================================================== \/ECOMM SECTION  ====================================================-->\n   <!--==================================================== Benefits image ====================================================-->\n   \n      <source media=\"(max-width: 700px)\" srcset=\"\/wp-content\/uploads\/2021\/09\/Damage-Repair-Bond-fortifying-hair-leave-in-creme-mobile.jpg\" loading=\"lazy\"\/>\n      <img decoding=\"async\" alt=\"A blond woman's healthy hair being effortlessly combed with her right hand. Subject poses in front of a lavender color background.\" \n      src=\"\/wp-content\/uploads\/2021\/09\/Damage-Repair-Bond-fortifying-hair-leave-in-creme-Benefits.jpg\" loading=\"lazy\"\/>\n   \n   <!--==================================================== Benefits text ====================================================-->\n         <h2>BENEFITS<\/h2>\n         <h3>Protect and shield from heat styling and environmental elements, nourish cuticles \n         and soften and smooth hair for effortless detangling and&nbsp;styling.<\/h3>\n         <p>This richly textured leave-in cr\u00e8me reduces breakage and protects hair from future&nbsp;damage.<\/p>\n         <!--==================================================== features image  ====================================================-->\n         <img decoding=\"async\" alt=\"MONAT's \u00ae Damage Repair Bond-Fortifying Hair Leave-In Cr\u00e8me lays over a solid white background exhibiting \n         its main ingredients such as oils &#038; herbs placed along glass ornaments.\" \n         src=\"\/wp-content\/uploads\/2021\/09\/Damage-Repair-Bond-fortifying-hair-leave-in-creme-Features.jpg\" loading=\"lazy\"\/>\n      <!--==================================================== features text ====================================================-->\n            <h3>Deeply conditioning leave-in cr\u00e8me treats, strengthens and conditions hair from the inside&nbsp;out.<\/h3>\n               <p>\/ Reduces hair breakage by 97%*<\/p>\n               <p>\/ Instantly strengthens weak hair bonds <\/p>\n               <p>\/ Reduces frizz by 79% in high humidity conditions*<\/p>\n               <p>\/ Increases shine by 75%*<\/p>\n               <p>*Based on instrumental tests by a third-party laboratory. <\/p>\n               <br \/>\n            <p>Fragrance \/ A Mediterranean-inspired scent with notes of neroli, orange flower, peach nectar, wood and&nbsp;moss. <\/p>\n            <p> Texture \/ Rich cr\u00e8me  <\/p>\n   <!--==================================================== composition image mobile ====================================================-->\n   <img decoding=\"async\" alt=\"MONAT's \u00ae Damage Repair Bond-Fortifying Hair Leave-In Cr\u00e8me being upheld by a woman's hand, showcasing the \n   product's aesthetics.\" src=\"\/wp-content\/uploads\/2021\/09\/Damage-Repair-Bond-fortifying-hair-leave-in-creme-Comp1.jpg\" loading=\"lazy\"\/>\n   <!--==================================================== Why it works text ====================================================-->\n      <h2>A rich leave-in cr\u00e8me that instantly shields hair from thermal and environmental damage.<\/h2>\n      <h3>This rich leave-in cr\u00e8me treats, strengthens and conditions hair from the inside \n      out, making it easy to detangle and&nbsp;style.<\/h3>\n      With hints of neroli and orange flower fragrances, it protects hair from heat styling and environmental elements \n      whilst giving strands radiant shine. \n<!--==================================================== Composition section ====================================================-->\n      <img decoding=\"async\" alt=\"MONAT's \u00ae Damage Repair Bond-Fortifying Hair Leave-In Cr\u00e8me being upheld by a woman's hand, showcasing the \n      product's aesthetics.\" src=\"\/wp-content\/uploads\/2021\/09\/Damage-Repair-Bond-fortifying-hair-leave-in-creme-Comp1.jpg\" loading=\"lazy\"\/>\n      <img decoding=\"async\" alt=\"Back head shot of a blonde woman showing her results after treatment. Subject poses in front of a lavender \n      color background.\" src=\"\/wp-content\/uploads\/2021\/09\/Comp-3-Damage-Repair-Bond-fortifying-hair-leave-in-creme.jpg\" loading=\"lazy\"\/>\n            <!--==================================================== Directions text ====================================================--> \n               <h3>Directions<\/h3>\n               <p>\/ Apply to clean, damp hair. <\/p>\n               <p>\/ Follow with your favourite MONAT styling&nbsp;products. <\/p>\n            <!--==================================================== Directions video ====================================================-->\n      <p>Damage Repair <br \/>Bond-Fortifying Hair Leave-In Cr\u00e8me  <br \/>0:40<\/p>\n  <a href=\"\" target=\"_blank\" role=\"button\" aria-label=\"\" rel=\"noopener\"><\/a>\n   <!--==================================================== Ingredients section  ====================================================-->\n      <h2>KEY INGREDIENTS<\/h2>\n                <img decoding=\"async\" src=\"\/wp-content\/uploads\/2022\/11\/REJUVABEADS\u00ae.svg\" alt=\"REJUVABEADS\u00ae\"\/>\n               <p>REJUVABEADS<sup>\u00ae<\/sup><\/p>\n\t\t\t<img decoding=\"async\" src=\"\/wp-content\/uploads\/2022\/11\/Argan-oil.svg\" alt=\"Argan oil\"\/>\n               <p>Argan oil<\/p>\n\t\t\t\t<img decoding=\"async\" src=\"\/wp-content\/uploads\/2022\/11\/Surface-Repair-Technology.svg\" alt=\"Surface Repair Technology\"\/>\n               <p>Surface Repair Technology (Hydrogenated Castor Oil\/ Sebacic Acid Copolymer) <\/p>\n\t\t\t\t<img decoding=\"async\" src=\"\/wp-content\/uploads\/2022\/11\/Red-Algae-Extract.svg\" alt=\"Red Algae&nbsp;Extract\"\/>\n               <p>Red Algae Extract<\/p>\n\t\t\t<img decoding=\"async\" src=\"\/wp-content\/uploads\/2022\/11\/Vegetable-Derived-Keratin.svg\" alt=\"Vegetable-Derived Keratin\"\/>\n               <p>Vegetable-Derived Keratin <\/p>\n        <button id=\"myBtn\" type=\"button\">SEE FULL INGREDIENTS LIST<\/button>\n      <!--==================================================== Modal content  ====================================================-->\n         &times;\n         Aqua\/Water\/Eau, Cetearyl Alcohol, Behentrimonium Chloride, Cetyl Alcohol, Dicaprylyl Ether, Lauryl Alcohol, \n         Ethylhexyl Palmitate, Isoamyl Laurate, Fragrance\/Parfum, Tetrasodium EDTA, Tocopheryl Acetate, Hydrogenated Castor Oil\/Sebacic \n         Acid Copolymer, Astrocaryum Murumuru Seed Butter, Argania Spinosa Kernel Oil, Hydrolyzed Pea Protein, Hydrolyzed Vegetable Protein, \n         Butylene Glycol, Hypnea Musciformis Extract, Potassium Gluconate, Limnanthes Alba (Meadowfoam) Seed Oil, Crambe Abyssinica Seed Oil, \n         Camellia Oleifera Seed Oil, Solanum Lycopersicum (Tomato) Seed Oil, Daucus Carota Sativa (Carrot) Seed Oil, Citrus Limon (Lemon) \n         Peel Oil, Citrus Aurantifolia (Lime) Oil, Citrus Aurantium Bergamia (Bergamot) Fruit Oil, Adansonia Digitata Oil, Mauritia Flexuosa \n         Fruit Oil, Cocos Nucifera (Coconut) Oil, Gardenia Taitensis Flower Extract, Moringa Oleifera Seed Oil, Caryocar Brasiliense Fruit Oil, \n         Helianthus Annuus (Sunflower) Seed Oil, Caprylic\/Capric Triglyceride, Coco-Glucoside, Sorbitan Oleate, Algin, Guar Hydroxypropyltrimonium \n         Chloride, Chitosan, Xanthan Gum, Panthenol, Carrageenan, Ethylhexylglycerin, Benzyl Alcohol, Sodium Benzoate, Potassium Sorbate, Citric \n         Acid, Tocopherol, Citral, Limonene, Linalool.\n   <!--==================================================== You might also like section ====================================================-->\n      <h2>YOU MIGHT ALSO LIKE<\/h2>\n      <!--==================================================== Slider YOU MIGHT ALSO LIKE ====================================================-->\n         <!--==================================================== If we need navigation buttons  ====================================================-->\n         <!--==================================================== If we need paginations  ====================================================-->\n    <a href=\"\" aria-label=\"\"><\/a>\n<!--==================================================== this link has to go last for it to work   ====================================================-->\n\n","protected":false},"excerpt":{"rendered":"<p>Damage Repair Bond-Fortifying Hair Leave-In Cr\u00e8me Rich leave-in treatment cr\u00e8me that nourishes, strengthens and hydrates damaged hair. 134 ml \u212e 4.5 fl. oz. Retail Price\u00a300.00 VIP Customer Price\u00a300.00 To learn more about Damage Repair Bond-Fortifying Leave-in Cr\u00e8me, please contact your MONAT Market Partner. BENEFITS Protect and shield from heat styling and environmental elements, nourish cuticles&hellip;<\/p>\n","protected":false},"author":31,"featured_media":63896,"parent":0,"menu_order":0,"comment_status":"closed","ping_status":"closed","template":"","meta":{"inline_featured_image":false,"om_disable_all_campaigns":false,"_monsterinsights_skip_tracking":false,"_monsterinsights_sitenote_active":false,"_monsterinsights_sitenote_note":"","_monsterinsights_sitenote_category":0,"footnotes":""},"categories":[2387],"tags":[],"class_list":["post-63499","page","type-page","status-publish","has-post-thumbnail","hentry","category-product-uk"],"aioseo_notices":[],"aioseo_head":"\n\t\t<!-- All in One SEO Pro 4.9.6 - aioseo.com -->\n\t<meta name=\"description\" content=\"Damage Repair Bond-Fortifying Hair Leave-In Cr\u00e8me Rich leave-in treatment cr\u00e8me that nourishes, strengthens and hydrates damaged hair. 134 ml \u212e 4.5 fl. oz. Retail Price\u00a300.00 VIP Customer Price\u00a300.00 To learn more about Damage Repair Bond-Fortifying Leave-in Cr\u00e8me, please contact your MONAT Market Partner. BENEFITS Protect and shield from heat styling and environmental elements, nourish cuticles\" \/>\n\t<meta name=\"robots\" content=\"max-image-preview:large\" \/>\n\t<link rel=\"canonical\" href=\"https:\/\/monatglobal.com\/uk\/hair-damage-repair\/\" \/>\n\t<meta name=\"generator\" content=\"All in One SEO Pro (AIOSEO) 4.9.6\" \/>\n\t\t<meta property=\"og:locale\" content=\"en_US\" \/>\n\t\t<meta property=\"og:site_name\" content=\"Monat Global UK - We Are Modern Nature\" \/>\n\t\t<meta property=\"og:type\" content=\"article\" \/>\n\t\t<meta property=\"og:title\" content=\"Damage Repair Bond-Fortifying Hair Leave-In Cr\u00e8me - Monat Global UK\" \/>\n\t\t<meta property=\"og:description\" content=\"Damage Repair Bond-Fortifying Hair Leave-In Cr\u00e8me Rich leave-in treatment cr\u00e8me that nourishes, strengthens and hydrates damaged hair. 134 ml \u212e 4.5 fl. oz. Retail Price\u00a300.00 VIP Customer Price\u00a300.00 To learn more about Damage Repair Bond-Fortifying Leave-in Cr\u00e8me, please contact your MONAT Market Partner. BENEFITS Protect and shield from heat styling and environmental elements, nourish cuticles\" \/>\n\t\t<meta property=\"og:url\" content=\"https:\/\/monatglobal.com\/uk\/hair-damage-repair\/\" \/>\n\t\t<meta property=\"article:published_time\" content=\"2021-09-02T19:54:52+00:00\" \/>\n\t\t<meta property=\"article:modified_time\" content=\"2026-01-29T16:09:03+00:00\" \/>\n\t\t<meta name=\"twitter:card\" content=\"summary_large_image\" \/>\n\t\t<meta name=\"twitter:title\" content=\"Damage Repair Bond-Fortifying Hair Leave-In Cr\u00e8me - Monat Global UK\" \/>\n\t\t<meta name=\"twitter:description\" content=\"Damage Repair Bond-Fortifying Hair Leave-In Cr\u00e8me Rich leave-in treatment cr\u00e8me that nourishes, strengthens and hydrates damaged hair. 134 ml \u212e 4.5 fl. oz. Retail Price\u00a300.00 VIP Customer Price\u00a300.00 To learn more about Damage Repair Bond-Fortifying Leave-in Cr\u00e8me, please contact your MONAT Market Partner. BENEFITS Protect and shield from heat styling and environmental elements, nourish cuticles\" \/>\n\t\t<script type=\"application\/ld+json\" class=\"aioseo-schema\">\n\t\t\t{\"@context\":\"https:\\\/\\\/schema.org\",\"@graph\":[{\"@type\":\"BreadcrumbList\",\"@id\":\"https:\\\/\\\/monatglobal.com\\\/uk\\\/hair-damage-repair\\\/#breadcrumblist\",\"itemListElement\":[{\"@type\":\"ListItem\",\"@id\":\"https:\\\/\\\/monatglobal.com\\\/uk#listItem\",\"position\":1,\"name\":\"Home\",\"item\":\"https:\\\/\\\/monatglobal.com\\\/uk\",\"nextItem\":{\"@type\":\"ListItem\",\"@id\":\"https:\\\/\\\/monatglobal.com\\\/uk\\\/hair-damage-repair\\\/#listItem\",\"name\":\"Damage Repair Bond-Fortifying Hair Leave-In Cr\\u00e8me\"}},{\"@type\":\"ListItem\",\"@id\":\"https:\\\/\\\/monatglobal.com\\\/uk\\\/hair-damage-repair\\\/#listItem\",\"position\":2,\"name\":\"Damage Repair Bond-Fortifying Hair Leave-In Cr\\u00e8me\",\"previousItem\":{\"@type\":\"ListItem\",\"@id\":\"https:\\\/\\\/monatglobal.com\\\/uk#listItem\",\"name\":\"Home\"}}]},{\"@type\":\"Organization\",\"@id\":\"https:\\\/\\\/monatglobal.com\\\/uk\\\/#organization\",\"name\":\"Monat Global UK\",\"description\":\"We Are Modern Nature\",\"url\":\"https:\\\/\\\/monatglobal.com\\\/uk\\\/\"},{\"@type\":\"WebPage\",\"@id\":\"https:\\\/\\\/monatglobal.com\\\/uk\\\/hair-damage-repair\\\/#webpage\",\"url\":\"https:\\\/\\\/monatglobal.com\\\/uk\\\/hair-damage-repair\\\/\",\"name\":\"Damage Repair Bond-Fortifying Hair Leave-In Cr\\u00e8me - Monat Global UK\",\"description\":\"Damage Repair Bond-Fortifying Hair Leave-In Cr\\u00e8me Rich leave-in treatment cr\\u00e8me that nourishes, strengthens and hydrates damaged hair. 134 ml \\u212e 4.5 fl. oz. Retail Price\\u00a300.00 VIP Customer Price\\u00a300.00 To learn more about Damage Repair Bond-Fortifying Leave-in Cr\\u00e8me, please contact your MONAT Market Partner. BENEFITS Protect and shield from heat styling and environmental elements, nourish cuticles\",\"inLanguage\":\"en-US\",\"isPartOf\":{\"@id\":\"https:\\\/\\\/monatglobal.com\\\/uk\\\/#website\"},\"breadcrumb\":{\"@id\":\"https:\\\/\\\/monatglobal.com\\\/uk\\\/hair-damage-repair\\\/#breadcrumblist\"},\"image\":{\"@type\":\"ImageObject\",\"url\":\"https:\\\/\\\/monatglobal.com\\\/uk\\\/wp-content\\\/uploads\\\/sites\\\/6\\\/2021\\\/09\\\/DR_Bond-Fortifying-Hair-.png\",\"@id\":\"https:\\\/\\\/monatglobal.com\\\/uk\\\/hair-damage-repair\\\/#mainImage\",\"width\":641,\"height\":800},\"primaryImageOfPage\":{\"@id\":\"https:\\\/\\\/monatglobal.com\\\/uk\\\/hair-damage-repair\\\/#mainImage\"},\"datePublished\":\"2021-09-02T20:54:52+01:00\",\"dateModified\":\"2026-01-29T16:09:03+00:00\"},{\"@type\":\"WebSite\",\"@id\":\"https:\\\/\\\/monatglobal.com\\\/uk\\\/#website\",\"url\":\"https:\\\/\\\/monatglobal.com\\\/uk\\\/\",\"name\":\"Monat Global UK\",\"description\":\"We Are Modern Nature\",\"inLanguage\":\"en-US\",\"publisher\":{\"@id\":\"https:\\\/\\\/monatglobal.com\\\/uk\\\/#organization\"}}]}\n\t\t<\/script>\n\t\t<!-- All in One SEO Pro -->\r\n\t\t<title>Damage Repair Bond-Fortifying Hair Leave-In Cr\u00e8me - Monat Global UK<\/title>\n\n","aioseo_head_json":{"title":"Damage Repair Bond-Fortifying Hair Leave-In Cr\u00e8me - Monat Global UK","description":"Damage Repair Bond-Fortifying Hair Leave-In Cr\u00e8me Rich leave-in treatment cr\u00e8me that nourishes, strengthens and hydrates damaged hair. 134 ml \u212e 4.5 fl. oz. Retail Price\u00a300.00 VIP Customer Price\u00a300.00 To learn more about Damage Repair Bond-Fortifying Leave-in Cr\u00e8me, please contact your MONAT Market Partner. BENEFITS Protect and shield from heat styling and environmental elements, nourish cuticles","canonical_url":"https:\/\/monatglobal.com\/uk\/hair-damage-repair\/","robots":"max-image-preview:large","keywords":"","webmasterTools":{"miscellaneous":""},"schema":{"@context":"https:\/\/schema.org","@graph":[{"@type":"BreadcrumbList","@id":"https:\/\/monatglobal.com\/uk\/hair-damage-repair\/#breadcrumblist","itemListElement":[{"@type":"ListItem","@id":"https:\/\/monatglobal.com\/uk#listItem","position":1,"name":"Home","item":"https:\/\/monatglobal.com\/uk","nextItem":{"@type":"ListItem","@id":"https:\/\/monatglobal.com\/uk\/hair-damage-repair\/#listItem","name":"Damage Repair Bond-Fortifying Hair Leave-In Cr\u00e8me"}},{"@type":"ListItem","@id":"https:\/\/monatglobal.com\/uk\/hair-damage-repair\/#listItem","position":2,"name":"Damage Repair Bond-Fortifying Hair Leave-In Cr\u00e8me","previousItem":{"@type":"ListItem","@id":"https:\/\/monatglobal.com\/uk#listItem","name":"Home"}}]},{"@type":"Organization","@id":"https:\/\/monatglobal.com\/uk\/#organization","name":"Monat Global UK","description":"We Are Modern Nature","url":"https:\/\/monatglobal.com\/uk\/"},{"@type":"WebPage","@id":"https:\/\/monatglobal.com\/uk\/hair-damage-repair\/#webpage","url":"https:\/\/monatglobal.com\/uk\/hair-damage-repair\/","name":"Damage Repair Bond-Fortifying Hair Leave-In Cr\u00e8me - Monat Global UK","description":"Damage Repair Bond-Fortifying Hair Leave-In Cr\u00e8me Rich leave-in treatment cr\u00e8me that nourishes, strengthens and hydrates damaged hair. 134 ml \u212e 4.5 fl. oz. Retail Price\u00a300.00 VIP Customer Price\u00a300.00 To learn more about Damage Repair Bond-Fortifying Leave-in Cr\u00e8me, please contact your MONAT Market Partner. BENEFITS Protect and shield from heat styling and environmental elements, nourish cuticles","inLanguage":"en-US","isPartOf":{"@id":"https:\/\/monatglobal.com\/uk\/#website"},"breadcrumb":{"@id":"https:\/\/monatglobal.com\/uk\/hair-damage-repair\/#breadcrumblist"},"image":{"@type":"ImageObject","url":"https:\/\/monatglobal.com\/uk\/wp-content\/uploads\/sites\/6\/2021\/09\/DR_Bond-Fortifying-Hair-.png","@id":"https:\/\/monatglobal.com\/uk\/hair-damage-repair\/#mainImage","width":641,"height":800},"primaryImageOfPage":{"@id":"https:\/\/monatglobal.com\/uk\/hair-damage-repair\/#mainImage"},"datePublished":"2021-09-02T20:54:52+01:00","dateModified":"2026-01-29T16:09:03+00:00"},{"@type":"WebSite","@id":"https:\/\/monatglobal.com\/uk\/#website","url":"https:\/\/monatglobal.com\/uk\/","name":"Monat Global UK","description":"We Are Modern Nature","inLanguage":"en-US","publisher":{"@id":"https:\/\/monatglobal.com\/uk\/#organization"}}]},"og:locale":"en_US","og:site_name":"Monat Global UK - We Are Modern Nature","og:type":"article","og:title":"Damage Repair Bond-Fortifying Hair Leave-In Cr\u00e8me - Monat Global UK","og:description":"Damage Repair Bond-Fortifying Hair Leave-In Cr\u00e8me Rich leave-in treatment cr\u00e8me that nourishes, strengthens and hydrates damaged hair. 134 ml \u212e 4.5 fl. oz. Retail Price\u00a300.00 VIP Customer Price\u00a300.00 To learn more about Damage Repair Bond-Fortifying Leave-in Cr\u00e8me, please contact your MONAT Market Partner. BENEFITS Protect and shield from heat styling and environmental elements, nourish cuticles","og:url":"https:\/\/monatglobal.com\/uk\/hair-damage-repair\/","article:published_time":"2021-09-02T19:54:52+00:00","article:modified_time":"2026-01-29T16:09:03+00:00","twitter:card":"summary_large_image","twitter:title":"Damage Repair Bond-Fortifying Hair Leave-In Cr\u00e8me - Monat Global UK","twitter:description":"Damage Repair Bond-Fortifying Hair Leave-In Cr\u00e8me Rich leave-in treatment cr\u00e8me that nourishes, strengthens and hydrates damaged hair. 134 ml \u212e 4.5 fl. oz. Retail Price\u00a300.00 VIP Customer Price\u00a300.00 To learn more about Damage Repair Bond-Fortifying Leave-in Cr\u00e8me, please contact your MONAT Market Partner. BENEFITS Protect and shield from heat styling and environmental elements, nourish cuticles"},"aioseo_meta_data":{"post_id":"63499","title":null,"description":null,"keywords":null,"keyphrases":null,"primary_term":null,"canonical_url":null,"og_title":null,"og_description":null,"og_object_type":"default","og_image_type":"default","og_image_url":null,"og_image_width":null,"og_image_height":null,"og_image_custom_url":null,"og_image_custom_fields":null,"og_video":null,"og_custom_url":null,"og_article_section":null,"og_article_tags":null,"twitter_use_og":false,"twitter_card":"default","twitter_image_type":"default","twitter_image_url":null,"twitter_image_custom_url":null,"twitter_image_custom_fields":null,"twitter_title":null,"twitter_description":null,"schema":{"blockGraphs":[],"customGraphs":[],"default":{"data":{"Article":[],"Course":[],"Dataset":[],"FAQPage":[],"Movie":[],"Person":[],"Product":[],"ProductReview":[],"Car":[],"Recipe":[],"Service":[],"SoftwareApplication":[],"WebPage":[]},"graphName":"WebPage","isEnabled":true},"graphs":[]},"schema_type":"default","schema_type_options":null,"pillar_content":false,"robots_default":true,"robots_noindex":false,"robots_noarchive":false,"robots_nosnippet":false,"robots_nofollow":false,"robots_noimageindex":false,"robots_noodp":false,"robots_notranslate":false,"robots_max_snippet":null,"robots_max_videopreview":null,"robots_max_imagepreview":"large","priority":null,"frequency":null,"local_seo":null,"seo_analyzer_scan_date":"2026-02-10 10:27:56","breadcrumb_settings":null,"limit_modified_date":false,"reviewed_by":null,"open_ai":null,"ai":null,"created":"2023-07-26 18:09:50","updated":"2026-02-10 10:27:56"},"aioseo_breadcrumb":"<div class=\"aioseo-breadcrumbs\"><span class=\"aioseo-breadcrumb\">\n\t<a href=\"https:\/\/monatglobal.com\/uk\" title=\"Home\">Home<\/a>\n<\/span><span class=\"aioseo-breadcrumb-separator\">&raquo;<\/span><span class=\"aioseo-breadcrumb\">\n\tDamage Repair Bond-Fortifying Hair Leave-In Cr\u00e8me\n<\/span><\/div>","aioseo_breadcrumb_json":[{"label":"Home","link":"https:\/\/monatglobal.com\/uk"},{"label":"Damage Repair Bond-Fortifying Hair Leave-In Cr\u00e8me","link":"https:\/\/monatglobal.com\/uk\/hair-damage-repair\/"}],"_links":{"self":[{"href":"https:\/\/monatglobal.com\/uk\/wp-json\/wp\/v2\/pages\/63499","targetHints":{"allow":["GET"]}}],"collection":[{"href":"https:\/\/monatglobal.com\/uk\/wp-json\/wp\/v2\/pages"}],"about":[{"href":"https:\/\/monatglobal.com\/uk\/wp-json\/wp\/v2\/types\/page"}],"author":[{"embeddable":true,"href":"https:\/\/monatglobal.com\/uk\/wp-json\/wp\/v2\/users\/31"}],"replies":[{"embeddable":true,"href":"https:\/\/monatglobal.com\/uk\/wp-json\/wp\/v2\/comments?post=63499"}],"version-history":[{"count":42,"href":"https:\/\/monatglobal.com\/uk\/wp-json\/wp\/v2\/pages\/63499\/revisions"}],"predecessor-version":[{"id":109314,"href":"https:\/\/monatglobal.com\/uk\/wp-json\/wp\/v2\/pages\/63499\/revisions\/109314"}],"wp:featuredmedia":[{"embeddable":true,"href":"https:\/\/monatglobal.com\/uk\/wp-json\/wp\/v2\/media\/63896"}],"wp:attachment":[{"href":"https:\/\/monatglobal.com\/uk\/wp-json\/wp\/v2\/media?parent=63499"}],"wp:term":[{"taxonomy":"category","embeddable":true,"href":"https:\/\/monatglobal.com\/uk\/wp-json\/wp\/v2\/categories?post=63499"},{"taxonomy":"post_tag","embeddable":true,"href":"https:\/\/monatglobal.com\/uk\/wp-json\/wp\/v2\/tags?post=63499"}],"curies":[{"name":"wp","href":"https:\/\/api.w.org\/{rel}","templated":true}]}}