{"id":58371,"date":"2021-01-06T09:56:46","date_gmt":"2021-01-06T14:56:46","guid":{"rendered":"https:\/\/monatglobal.com\/uk\/?page_id=58371"},"modified":"2026-02-03T19:43:44","modified_gmt":"2026-02-03T19:43:44","slug":"vinegar-scrub-shampoo","status":"publish","type":"page","link":"https:\/\/monatglobal.com\/uk\/vinegar-scrub-shampoo\/","title":{"rendered":"Scalp Purifying Scrub | MONAT Haircare for Oily Hair &amp; Scalp"},"content":{"rendered":"\n\n\t<link rel=\"stylesheet\" href=\"https:\/\/unpkg.com\/swiper\/swiper-bundle.min.css\" \/>\n<link rel=\"stylesheet\" href=\"https:\/\/monatglobal.com\/wp-content\/creative_css\/product_styles_sheet.css\" \/>\n   <!--==================================================== ECOMM SECTION ====================================================-->\n      <!--==================================================== Ecomm image ====================================================-->\n       \n      <source media=\"(max-width: 700px)\" srcset=\"https:\/\/monatglobal.com\/es\/wp-content\/uploads\/sites\/10\/2021\/12\/scalp-purifying-scrub-ecomm-2022_mobile.png\" loading=\"lazy\"\/>\n      <img decoding=\"async\" src=\"https:\/\/monatglobal.com\/es\/wp-content\/uploads\/sites\/10\/2021\/12\/scalp-purifying-scrub-ecomm-2022-.png\" alt=\"Champ\u00fa purificante con vinagre\" loading=\"lazy\"\/>\n         \n      <!--==================================================== Ecomm information  ====================================================-->\n         \n         <h1>Scalp<br \/> Purifying Scrub<\/h1>\n         \n         <p>Deeply cleanses, purifies, and soothes while leaving strands cleansed and&nbsp;fresh.<\/p>\n         <p>134 ml \u212e 4.5 fl. oz.<\/p>\n      <!--==================================================== pricing box  ====================================================-->   \n      <p>Retail Price<br \/>$00.00 (USD)<\/p>\n      <p>VIP Customer Price<br \/>$00.00 (USD)<\/p>\n       <!--==================================================== pricing box  ====================================================-->  \n         <p>To learn more about Scalp Purifying Scrub, please contact your MONAT Market&nbsp;Partner.<\/p>\n            <a href=\"\" target=\"_blank\" role=\"button\" aria-label=\"\" rel=\"noopener\"><\/a>\n   <!--==================================================== \/ECOMM SECTION  ====================================================-->\n   <!--==================================================== Benefits image ====================================================-->\n  \n    <source media=\"(max-width: 700px)\" srcset=\"https:\/\/monatglobal.com\/es\/wp-content\/uploads\/sites\/10\/2021\/12\/Scalp-Purifying-Scrub_mobile.jpg\" loading=\"lazy\"\/>\n      <img decoding=\"async\" src=\"https:\/\/monatglobal.com\/es\/wp-content\/uploads\/sites\/10\/2021\/12\/Scalp-Purifying-Scrub-benefits-.jpg\" \n      alt=\"\" loading=\"lazy\"\/>\n    \n   <!--==================================================== Benefits text ====================================================-->\n         <h2>BENEFITS<\/h2>\n         <h3>This innovative 2-in-1 scrub and shampoo helps dissolve dead skin cells, stubborn product buildup, and environmental pollutants* that leave hair looking&nbsp;lackluster.<\/h3>\n      <p>Infused with REJUVENIQE<sup>\u00ae<\/sup> to help moisturize strands, leaving hair cleansed and&nbsp;fresh.<\/p>\n         <!--==================================================== features image  ====================================================-->\n         <img decoding=\"async\" alt=\"\" src=\"https:\/\/monatglobal.com\/es\/wp-content\/uploads\/sites\/10\/2021\/12\/scalp-purifying-scrub-features.jpg\" loading=\"lazy\"\/>\n      <!--==================================================== features text ====================================================-->\n            <h3>Features<\/h3>\n                <p>\/ Exfoliates the surface of the scalp and hair*<\/p>\n                <p>\/ Dissolves sebum and stubborn product buildup*<\/p>\n                <p>\/ Cleanses and purifies*<\/p>\n                <p>\/ Reduces excess oil and restores balance to the scalp*<\/p>\n                <p>\/ Helps extend time between shampoos*<\/p>\n               <br \/>\n               <p>*Based on a 14-day consumer study with 48 participants, performed by a third-party laboratory.<\/p>\n            <p>Fragrance \/ Unwind and enjoy a coconut-forward, citrusy aroma with notes of blood orange, coconut husk, cashew nut and&nbsp;sandalwood. <\/p>\n            <p> Texture \/ Cream <\/p>\n   <!--==================================================== composition image mobile ====================================================-->\n   <img decoding=\"async\" alt=\"\" src=\"https:\/\/monatglobal.com\/wp-content\/uploads\/2021\/08\/grey-image-placeholder.jpg\" loading=\"lazy\"\/>\n   <!--==================================================== Why it works text ====================================================-->\n      <h2>REJUVENECE Y CALMA<\/h2>\n      <h3>La Mascarilla Exfoliante Perfeccionadora Berry Refined Scrub\u2122, elimina la piel apagada para \n      lucir un brillo m\u00e1s suave y uniforme que seguramente te&nbsp;iluminar\u00e1.<\/h3>\n      Formulado con \u00e1cidos frutales naturales (AHA), extractos de az\u00facar granulado naturalmente exfoliantes, \n      REJUVENIQE S\u2122 y semillas de ar\u00e1ndanos ideales para limpiar la piel y lucir un cutis suave y de aspecto saludable. Este fresco y  \n      moderno producto multiacci\u00f3n te permite , en menos de 5 minutos, refinar y exfoliar tu&nbsp;piel.\n<!--==================================================== Composition section ====================================================-->\n      <img decoding=\"async\" alt=\"\" src=\"https:\/\/monatglobal.com\/es\/wp-content\/uploads\/sites\/10\/2021\/12\/scalp-purifying-scrub-comp-1.jpg\" loading=\"lazy\"\/>\n      <img decoding=\"async\" alt=\"\" \n      src=\"https:\/\/monatglobal.com\/es\/wp-content\/uploads\/sites\/10\/2021\/12\/scalp-purifying-scrub-comp-3.jpg\" loading=\"lazy\"\/>\n            <!--==================================================== Directions text ====================================================--> \n               <h3>Directions<\/h3>\n                    <p>\/ Emulsify in hands and apply to wet hair and&nbsp;scalp.<\/p>\n                    <p>\/ Massage onto the scalp to gently exfoliate and lather throughout&nbsp;hair.<\/p>\n                    <p>\/ Rinse thoroughly.<\/p>\n                    <p>\/ Follow with your favorite MONAT&nbsp;Conditioner.<\/p>\n                    <p>\/ Use once a week or as&nbsp;needed.<\/p>\n            <!--==================================================== Directions video ====================================================-->\n      <p>Scalp<br \/>Purifying Scrub<br \/>0:28<\/p>\n         <!--==================================================== Suggestion image  ====================================================-->\n         <img decoding=\"async\" alt=\"\" src=\"https:\/\/monatglobal.com\/es\/wp-content\/uploads\/sites\/10\/2021\/12\/berry-refined-scrub-features-SUGGESTIONS.jpg\" loading=\"lazy\"\/>\n      <!--==================================================== Suggestion text ====================================================-->\n            <h3>Sugerencias<\/h3>\n               \/ Personaliza el nivel de exfoliaci\u00f3n utilizando menos agua para una exfoliaci\u00f3n m\u00e1s profunda, o m\u00e1s agua \n               para una exfoliaci\u00f3n m\u00e1s&nbsp;suave.\n               <p>\/ Aplica protector solar 15 minutos antes de salir a la&nbsp;calle.<\/p>\n        <a href=\"\" target=\"_blank\" role=\"button\" aria-label=\"\" rel=\"noopener\"><\/a>\n   <!--==================================================== Ingredients section  ====================================================-->\n      <h2>KEY INGREDIENTS<\/h2>\n          <p>Superfruit AHAs<\/p>\n      <p>Vitamin B6<\/p> \n      <p>REJUVENIQE\u2122<\/p>\n      <p>Apple Cider Vinegar<\/p>\n      <p>Pink Clay<\/p>\n        <button id=\"myBtn\" type=\"button\">SEE FULL INGREDIENTS LIST<\/button>\n      <!--==================================================== Modal content  ====================================================-->\n         &times;\n         <p>Sucrose, Aqua\/Water\/Eau, Sodium C14-16 Olefin Sulfonate, Cocamidopropyl Betaine, Cocamide MIPA, Propanediol, PEG-150 Distearate, Vinegar\/Acetum, Glycerin, Glyceryl Stearate, Illite, PEG-100 Stearate, Adansonia Digitata Oil, Mauritia Flexuosa Fruit Oil, Cocos Nucifera (Coconut) Oil, Gardenia Taitensis Flower Extract, Moringa Oleifera Seed Oil, Caryocar Brasiliense Fruit Oil, Helianthus Annuus (Sunflower) Seed Oil, Solanum Lycopersicum (Tomato) Seed Oil, Citrus Aurantifolia (Lime) Oil, Citrus Aurantium Bergamia (Bergamot) Fruit Oil, Daucus Carota Sativa (Carrot) Seed Oil, Citrus Limon (Lemon) Peel Oil, Camellia Oleifera Seed Oil, Crambe Abyssinica Seed Oil, Limnanthes Alba (Meadowfoam) Seed Oil, Glycolic Acid, Maclura Cochinchinensis Leaf Prenylflavonoids, Saccharum Officinarum (Sugarcane) Extract, Sodium Polyglutamate, Musa Sapientum (Banana) Pulp Extract, Mangifera Indica (Mango) Pulp Extract, Sodium Isethionate, Montmorillonite, Coconut Acid, Pyridoxine HCl, Hippophae Rhamnoides Seed Oil, Menthol, PEG-120 Methyl Glucose Dioleate, Sodium Chloride, Sodium Cocoyl Isethionate, Potassium Sorbate, Benzyl Alcohol, Fragrance\/Parfum, Pentylene Glycol, Phenethyl Alcohol, Rosmarinus Officinalis (Rosemary) Leaf Extract, Propylene Glycol.<\/p>\n   <!--==================================================== You might also like section ====================================================-->\n      <h2>YOU MIGHT ALSO LIKE<\/h2>\n      <!--==================================================== Slider YOU MIGHT ALSO LIKE ====================================================-->\n<!--          -->\n<!--             -->\n                <!-- Slides products-->\n<!--                -->\n<!--                   <a href=\"https:\/\/monatglobal.com\/vinegar-shampoo\/\" aria-label=\"Go to Purifying Vinegar Shampoo shop\">-->\n<!--                    <img decoding=\"async\" src=\"https:\/\/monatglobal.com\/wp-content\/uploads\/2022\/12\/Purifying-vinegar-shampoo-ecomm-2022.png\" alt=\"Purifying Vinegar Shampoo\" loading=\"lazy\"--\/>\n<!--\/>-->\n<!--                    <p>Purifying <br \/>Vinegar Shampoo<\/p>-->\n<!--                  <\/a>-->\n<!--                -->\n<!--                -->\n<!--                   <a href=\"https:\/\/monatglobal.com\/conditioning-dry-shampoo\/\" aria-label=\"Go to MONAT STUDIO ONE\u2122 THE CHAMP\u2122 Conditioning Dry Shampoo  shop\">-->\n<!--                    <img decoding=\"async\" src=\"https:\/\/monatglobal.com\/wp-content\/uploads\/2022\/12\/CHAMPU-ACONDICIONADOR-EN-SECO-MONAT-STUDIO-ONE-THE-CHAMP-ecomm.png\" alt=\"MONAT STUDIO ONE\u2122 THE CHAMP\u2122 Conditioning Dry Shampoo\" loading=\"lazy\"--\/>\n<!--\/>-->\n<!--                    <p>MONAT STUDIO ONE\u2122 THE CHAMP\u2122<br \/>Conditioning Dry Shampoo<\/p>-->\n<!--                  <\/a>-->\n<!--                -->\n<!--                -->\n<!--                   <a href=\"https:\/\/monatglobal.com\/advanced-hydrating-conditioner\/\" aria-label=\"Go to Advanced Hydrating Conditioner page\">-->\n<!--                      <img decoding=\"async\" src=\"https:\/\/monatglobal.com\/wp-content\/uploads\/2022\/12\/Adavance-Hydrating-Conditioner-Ecomm-min.png\" alt=\"Advanced Hydrating Conditioner\" loading=\"lazy\"--\/>\n<!--\/>-->\n<!--                      <p>Advanced<br \/> Hydrating Conditioner<\/p>-->\n<!--                   <\/a>-->\n<!--                -->\n<!--             -->\n             <!-- If we need navigation buttons -->\n<!--             -->\n<!--             -->\n             <!-- If we need paginations -->\n<!--             -->\n<!--          -->\n             <!-- If we need navigation buttons -->\n             <!-- If we need paginations -->\n    <a href=\"\" aria-label=\"\"><\/a>\n<!--==================================================== this link has to go last for it to work   ====================================================-->\n\n","protected":false},"excerpt":{"rendered":"<p>Scalp Purifying Scrub Deeply cleanses, purifies, and soothes while leaving strands cleansed and&nbsp;fresh. 134 ml \u212e 4.5 fl. oz. Retail Price$00.00 (USD) VIP Customer Price$00.00 (USD) To learn more about Scalp Purifying Scrub, please contact your MONAT Market&nbsp;Partner. BENEFITS This innovative 2-in-1 scrub and shampoo helps dissolve dead skin cells, stubborn product buildup, and environmental&hellip;<\/p>\n","protected":false},"author":31,"featured_media":58373,"parent":0,"menu_order":0,"comment_status":"closed","ping_status":"closed","template":"","meta":{"inline_featured_image":false,"om_disable_all_campaigns":false,"_monsterinsights_skip_tracking":false,"_monsterinsights_sitenote_active":false,"_monsterinsights_sitenote_note":"","_monsterinsights_sitenote_category":0,"footnotes":""},"categories":[2387],"tags":[],"class_list":["post-58371","page","type-page","status-publish","has-post-thumbnail","hentry","category-product-uk"],"aioseo_notices":[],"aioseo_head":"\n\t\t<!-- All in One SEO Pro 4.9.5.2 - aioseo.com -->\n\t<meta name=\"description\" content=\"Scalp Purifying Scrub Deeply cleanses, purifies, and soothes while leaving strands cleansed and fresh. 134 ml \u212e 4.5 fl. oz. Retail Price$00.00 (USD) VIP Customer Price$00.00 (USD) To learn more about Scalp Purifying Scrub, please contact your MONAT Market Partner. BENEFITS This innovative 2-in-1 scrub and shampoo helps dissolve dead skin cells, stubborn product buildup, and environmental\" \/>\n\t<meta name=\"robots\" content=\"max-image-preview:large\" \/>\n\t<link rel=\"canonical\" href=\"https:\/\/monatglobal.com\/uk\/vinegar-scrub-shampoo\/\" \/>\n\t<meta name=\"generator\" content=\"All in One SEO Pro (AIOSEO) 4.9.5.2\" \/>\n\t\t<meta property=\"og:locale\" content=\"en_US\" \/>\n\t\t<meta property=\"og:site_name\" content=\"Monat Global UK - We Are Modern Nature\" \/>\n\t\t<meta property=\"og:type\" content=\"article\" \/>\n\t\t<meta property=\"og:title\" content=\"Scalp Purifying Scrub | MONAT Haircare for Oily Hair &amp; Scalp - Monat Global UK\" \/>\n\t\t<meta property=\"og:description\" content=\"Scalp Purifying Scrub Deeply cleanses, purifies, and soothes while leaving strands cleansed and fresh. 134 ml \u212e 4.5 fl. oz. Retail Price$00.00 (USD) VIP Customer Price$00.00 (USD) To learn more about Scalp Purifying Scrub, please contact your MONAT Market Partner. BENEFITS This innovative 2-in-1 scrub and shampoo helps dissolve dead skin cells, stubborn product buildup, and environmental\" \/>\n\t\t<meta property=\"og:url\" content=\"https:\/\/monatglobal.com\/uk\/vinegar-scrub-shampoo\/\" \/>\n\t\t<meta property=\"article:published_time\" content=\"2021-01-06T14:56:46+00:00\" \/>\n\t\t<meta property=\"article:modified_time\" content=\"2026-02-03T19:43:44+00:00\" \/>\n\t\t<meta name=\"twitter:card\" content=\"summary_large_image\" \/>\n\t\t<meta name=\"twitter:title\" content=\"Scalp Purifying Scrub | MONAT Haircare for Oily Hair &amp; Scalp - Monat Global UK\" \/>\n\t\t<meta name=\"twitter:description\" content=\"Scalp Purifying Scrub Deeply cleanses, purifies, and soothes while leaving strands cleansed and fresh. 134 ml \u212e 4.5 fl. oz. Retail Price$00.00 (USD) VIP Customer Price$00.00 (USD) To learn more about Scalp Purifying Scrub, please contact your MONAT Market Partner. BENEFITS This innovative 2-in-1 scrub and shampoo helps dissolve dead skin cells, stubborn product buildup, and environmental\" \/>\n\t\t<script type=\"application\/ld+json\" class=\"aioseo-schema\">\n\t\t\t{\"@context\":\"https:\\\/\\\/schema.org\",\"@graph\":[{\"@type\":\"BreadcrumbList\",\"@id\":\"https:\\\/\\\/monatglobal.com\\\/uk\\\/vinegar-scrub-shampoo\\\/#breadcrumblist\",\"itemListElement\":[{\"@type\":\"ListItem\",\"@id\":\"https:\\\/\\\/monatglobal.com\\\/uk#listItem\",\"position\":1,\"name\":\"Home\",\"item\":\"https:\\\/\\\/monatglobal.com\\\/uk\",\"nextItem\":{\"@type\":\"ListItem\",\"@id\":\"https:\\\/\\\/monatglobal.com\\\/uk\\\/vinegar-scrub-shampoo\\\/#listItem\",\"name\":\"Scalp Purifying Scrub | MONAT Haircare for Oily Hair &amp; Scalp\"}},{\"@type\":\"ListItem\",\"@id\":\"https:\\\/\\\/monatglobal.com\\\/uk\\\/vinegar-scrub-shampoo\\\/#listItem\",\"position\":2,\"name\":\"Scalp Purifying Scrub | MONAT Haircare for Oily Hair &amp; Scalp\",\"previousItem\":{\"@type\":\"ListItem\",\"@id\":\"https:\\\/\\\/monatglobal.com\\\/uk#listItem\",\"name\":\"Home\"}}]},{\"@type\":\"Organization\",\"@id\":\"https:\\\/\\\/monatglobal.com\\\/uk\\\/#organization\",\"name\":\"Monat Global UK\",\"description\":\"We Are Modern Nature\",\"url\":\"https:\\\/\\\/monatglobal.com\\\/uk\\\/\"},{\"@type\":\"WebPage\",\"@id\":\"https:\\\/\\\/monatglobal.com\\\/uk\\\/vinegar-scrub-shampoo\\\/#webpage\",\"url\":\"https:\\\/\\\/monatglobal.com\\\/uk\\\/vinegar-scrub-shampoo\\\/\",\"name\":\"Scalp Purifying Scrub | MONAT Haircare for Oily Hair & Scalp - Monat Global UK\",\"description\":\"Scalp Purifying Scrub Deeply cleanses, purifies, and soothes while leaving strands cleansed and fresh. 134 ml \\u212e 4.5 fl. oz. Retail Price$00.00 (USD) VIP Customer Price$00.00 (USD) To learn more about Scalp Purifying Scrub, please contact your MONAT Market Partner. BENEFITS This innovative 2-in-1 scrub and shampoo helps dissolve dead skin cells, stubborn product buildup, and environmental\",\"inLanguage\":\"en-US\",\"isPartOf\":{\"@id\":\"https:\\\/\\\/monatglobal.com\\\/uk\\\/#website\"},\"breadcrumb\":{\"@id\":\"https:\\\/\\\/monatglobal.com\\\/uk\\\/vinegar-scrub-shampoo\\\/#breadcrumblist\"},\"image\":{\"@type\":\"ImageObject\",\"url\":\"https:\\\/\\\/monatglobal.com\\\/uk\\\/wp-content\\\/uploads\\\/sites\\\/6\\\/2021\\\/01\\\/S-P-S-438-x-546.png\",\"@id\":\"https:\\\/\\\/monatglobal.com\\\/uk\\\/vinegar-scrub-shampoo\\\/#mainImage\",\"width\":438,\"height\":546},\"primaryImageOfPage\":{\"@id\":\"https:\\\/\\\/monatglobal.com\\\/uk\\\/vinegar-scrub-shampoo\\\/#mainImage\"},\"datePublished\":\"2021-01-06T09:56:46+00:00\",\"dateModified\":\"2026-02-03T19:43:44+00:00\"},{\"@type\":\"WebSite\",\"@id\":\"https:\\\/\\\/monatglobal.com\\\/uk\\\/#website\",\"url\":\"https:\\\/\\\/monatglobal.com\\\/uk\\\/\",\"name\":\"Monat Global UK\",\"description\":\"We Are Modern Nature\",\"inLanguage\":\"en-US\",\"publisher\":{\"@id\":\"https:\\\/\\\/monatglobal.com\\\/uk\\\/#organization\"}}]}\n\t\t<\/script>\n\t\t<!-- All in One SEO Pro -->\r\n\t\t<title>Scalp Purifying Scrub | MONAT Haircare for Oily Hair &amp; Scalp - Monat Global UK<\/title>\n\n","aioseo_head_json":{"title":"Scalp Purifying Scrub | MONAT Haircare for Oily Hair & Scalp - Monat Global UK","description":"Scalp Purifying Scrub Deeply cleanses, purifies, and soothes while leaving strands cleansed and fresh. 134 ml \u212e 4.5 fl. oz. Retail Price$00.00 (USD) VIP Customer Price$00.00 (USD) To learn more about Scalp Purifying Scrub, please contact your MONAT Market Partner. BENEFITS This innovative 2-in-1 scrub and shampoo helps dissolve dead skin cells, stubborn product buildup, and environmental","canonical_url":"https:\/\/monatglobal.com\/uk\/vinegar-scrub-shampoo\/","robots":"max-image-preview:large","keywords":"","webmasterTools":{"miscellaneous":""},"schema":{"@context":"https:\/\/schema.org","@graph":[{"@type":"BreadcrumbList","@id":"https:\/\/monatglobal.com\/uk\/vinegar-scrub-shampoo\/#breadcrumblist","itemListElement":[{"@type":"ListItem","@id":"https:\/\/monatglobal.com\/uk#listItem","position":1,"name":"Home","item":"https:\/\/monatglobal.com\/uk","nextItem":{"@type":"ListItem","@id":"https:\/\/monatglobal.com\/uk\/vinegar-scrub-shampoo\/#listItem","name":"Scalp Purifying Scrub | MONAT Haircare for Oily Hair &amp; Scalp"}},{"@type":"ListItem","@id":"https:\/\/monatglobal.com\/uk\/vinegar-scrub-shampoo\/#listItem","position":2,"name":"Scalp Purifying Scrub | MONAT Haircare for Oily Hair &amp; Scalp","previousItem":{"@type":"ListItem","@id":"https:\/\/monatglobal.com\/uk#listItem","name":"Home"}}]},{"@type":"Organization","@id":"https:\/\/monatglobal.com\/uk\/#organization","name":"Monat Global UK","description":"We Are Modern Nature","url":"https:\/\/monatglobal.com\/uk\/"},{"@type":"WebPage","@id":"https:\/\/monatglobal.com\/uk\/vinegar-scrub-shampoo\/#webpage","url":"https:\/\/monatglobal.com\/uk\/vinegar-scrub-shampoo\/","name":"Scalp Purifying Scrub | MONAT Haircare for Oily Hair & Scalp - Monat Global UK","description":"Scalp Purifying Scrub Deeply cleanses, purifies, and soothes while leaving strands cleansed and fresh. 134 ml \u212e 4.5 fl. oz. Retail Price$00.00 (USD) VIP Customer Price$00.00 (USD) To learn more about Scalp Purifying Scrub, please contact your MONAT Market Partner. BENEFITS This innovative 2-in-1 scrub and shampoo helps dissolve dead skin cells, stubborn product buildup, and environmental","inLanguage":"en-US","isPartOf":{"@id":"https:\/\/monatglobal.com\/uk\/#website"},"breadcrumb":{"@id":"https:\/\/monatglobal.com\/uk\/vinegar-scrub-shampoo\/#breadcrumblist"},"image":{"@type":"ImageObject","url":"https:\/\/monatglobal.com\/uk\/wp-content\/uploads\/sites\/6\/2021\/01\/S-P-S-438-x-546.png","@id":"https:\/\/monatglobal.com\/uk\/vinegar-scrub-shampoo\/#mainImage","width":438,"height":546},"primaryImageOfPage":{"@id":"https:\/\/monatglobal.com\/uk\/vinegar-scrub-shampoo\/#mainImage"},"datePublished":"2021-01-06T09:56:46+00:00","dateModified":"2026-02-03T19:43:44+00:00"},{"@type":"WebSite","@id":"https:\/\/monatglobal.com\/uk\/#website","url":"https:\/\/monatglobal.com\/uk\/","name":"Monat Global UK","description":"We Are Modern Nature","inLanguage":"en-US","publisher":{"@id":"https:\/\/monatglobal.com\/uk\/#organization"}}]},"og:locale":"en_US","og:site_name":"Monat Global UK - We Are Modern Nature","og:type":"article","og:title":"Scalp Purifying Scrub | MONAT Haircare for Oily Hair &amp; Scalp - Monat Global UK","og:description":"Scalp Purifying Scrub Deeply cleanses, purifies, and soothes while leaving strands cleansed and fresh. 134 ml \u212e 4.5 fl. oz. Retail Price$00.00 (USD) VIP Customer Price$00.00 (USD) To learn more about Scalp Purifying Scrub, please contact your MONAT Market Partner. BENEFITS This innovative 2-in-1 scrub and shampoo helps dissolve dead skin cells, stubborn product buildup, and environmental","og:url":"https:\/\/monatglobal.com\/uk\/vinegar-scrub-shampoo\/","article:published_time":"2021-01-06T14:56:46+00:00","article:modified_time":"2026-02-03T19:43:44+00:00","twitter:card":"summary_large_image","twitter:title":"Scalp Purifying Scrub | MONAT Haircare for Oily Hair &amp; Scalp - Monat Global UK","twitter:description":"Scalp Purifying Scrub Deeply cleanses, purifies, and soothes while leaving strands cleansed and fresh. 134 ml \u212e 4.5 fl. oz. Retail Price$00.00 (USD) VIP Customer Price$00.00 (USD) To learn more about Scalp Purifying Scrub, please contact your MONAT Market Partner. BENEFITS This innovative 2-in-1 scrub and shampoo helps dissolve dead skin cells, stubborn product buildup, and environmental"},"aioseo_meta_data":{"post_id":"58371","title":null,"description":null,"keywords":null,"keyphrases":null,"primary_term":null,"canonical_url":null,"og_title":null,"og_description":null,"og_object_type":"default","og_image_type":"default","og_image_url":null,"og_image_width":null,"og_image_height":null,"og_image_custom_url":null,"og_image_custom_fields":null,"og_video":null,"og_custom_url":null,"og_article_section":null,"og_article_tags":null,"twitter_use_og":false,"twitter_card":"default","twitter_image_type":"default","twitter_image_url":null,"twitter_image_custom_url":null,"twitter_image_custom_fields":null,"twitter_title":null,"twitter_description":null,"schema":{"blockGraphs":[],"customGraphs":[],"default":{"data":{"Article":[],"Course":[],"Dataset":[],"FAQPage":[],"Movie":[],"Person":[],"Product":[],"ProductReview":[],"Car":[],"Recipe":[],"Service":[],"SoftwareApplication":[],"WebPage":[]},"graphName":"WebPage","isEnabled":true},"graphs":[]},"schema_type":"default","schema_type_options":null,"pillar_content":false,"robots_default":true,"robots_noindex":false,"robots_noarchive":false,"robots_nosnippet":false,"robots_nofollow":false,"robots_noimageindex":false,"robots_noodp":false,"robots_notranslate":false,"robots_max_snippet":null,"robots_max_videopreview":null,"robots_max_imagepreview":"large","priority":null,"frequency":null,"local_seo":null,"seo_analyzer_scan_date":"2026-02-10 10:19:37","breadcrumb_settings":null,"limit_modified_date":false,"reviewed_by":null,"open_ai":null,"ai":null,"created":"2023-07-26 18:05:53","updated":"2026-02-10 10:19:37"},"aioseo_breadcrumb":"<div class=\"aioseo-breadcrumbs\"><span class=\"aioseo-breadcrumb\">\n\t<a href=\"https:\/\/monatglobal.com\/uk\" title=\"Home\">Home<\/a>\n<\/span><span class=\"aioseo-breadcrumb-separator\">&raquo;<\/span><span class=\"aioseo-breadcrumb\">\n\tScalp Purifying Scrub | MONAT Haircare for Oily Hair &amp; Scalp\n<\/span><\/div>","aioseo_breadcrumb_json":[{"label":"Home","link":"https:\/\/monatglobal.com\/uk"},{"label":"Scalp Purifying Scrub | MONAT Haircare for Oily Hair &amp; Scalp","link":"https:\/\/monatglobal.com\/uk\/vinegar-scrub-shampoo\/"}],"_links":{"self":[{"href":"https:\/\/monatglobal.com\/uk\/wp-json\/wp\/v2\/pages\/58371","targetHints":{"allow":["GET"]}}],"collection":[{"href":"https:\/\/monatglobal.com\/uk\/wp-json\/wp\/v2\/pages"}],"about":[{"href":"https:\/\/monatglobal.com\/uk\/wp-json\/wp\/v2\/types\/page"}],"author":[{"embeddable":true,"href":"https:\/\/monatglobal.com\/uk\/wp-json\/wp\/v2\/users\/31"}],"replies":[{"embeddable":true,"href":"https:\/\/monatglobal.com\/uk\/wp-json\/wp\/v2\/comments?post=58371"}],"version-history":[{"count":30,"href":"https:\/\/monatglobal.com\/uk\/wp-json\/wp\/v2\/pages\/58371\/revisions"}],"predecessor-version":[{"id":109511,"href":"https:\/\/monatglobal.com\/uk\/wp-json\/wp\/v2\/pages\/58371\/revisions\/109511"}],"wp:featuredmedia":[{"embeddable":true,"href":"https:\/\/monatglobal.com\/uk\/wp-json\/wp\/v2\/media\/58373"}],"wp:attachment":[{"href":"https:\/\/monatglobal.com\/uk\/wp-json\/wp\/v2\/media?parent=58371"}],"wp:term":[{"taxonomy":"category","embeddable":true,"href":"https:\/\/monatglobal.com\/uk\/wp-json\/wp\/v2\/categories?post=58371"},{"taxonomy":"post_tag","embeddable":true,"href":"https:\/\/monatglobal.com\/uk\/wp-json\/wp\/v2\/tags?post=58371"}],"curies":[{"name":"wp","href":"https:\/\/api.w.org\/{rel}","templated":true}]}}