{"id":85758,"date":"2024-11-18T15:36:55","date_gmt":"2024-11-18T15:36:55","guid":{"rendered":"https:\/\/monatglobal.com\/pl\/?page_id=85758"},"modified":"2026-02-12T21:44:30","modified_gmt":"2026-02-12T21:44:30","slug":"makeup-lip-liner","status":"publish","type":"page","link":"https:\/\/monatglobal.com\/pl\/makeup-lip-liner\/","title":{"rendered":"MONAT Lip Liner\u2122 | Definiuje, wzmacnia i przed\u0142u\u017ca kolor ust"},"content":{"rendered":"\n<!--url: monatglobal.com\/makeup-lip-liner-->\n<!--title: MONAT Lip Liner\u2122 | Definiuje, wzmacnia i przed\u0142u\u017ca kolor ust -->\n<!--Meta: Ta kremowa kontur\u00f3wka jest odporna na rozmazywanie i g\u0142adko si\u0119 rozprowadza, podkre\u015blaj\u0105c kszta\u0142t ust i zapewniaj\u0105c d\u0142ugotrwa\u0142y komfort dzi\u0119ki nawil\u017caj\u0105cej, wodoodpornej formule.-->\n<link rel=\"stylesheet\" href=\"https:\/\/monatglobal.com\/wp-content\/creative_css\/product_styles_sheet.css\">\n    <!--==================================================== ECOMM SECTION ====================================================-->\n        <!--==================================================== Ecomm image ====================================================-->\n            NOWO\u015a\u0106\n                    <img decoding=\"async\" alt=\"\" src=\"\">\n                    <img decoding=\"async\" alt=\"\" src=\"\">\n                    <!----> \n                        <img decoding=\"async\" alt=\"\" src=\"\" data-lbxp=\"\">\n                        <img decoding=\"async\" alt=\"\" src=\"\">\n                        <!---->\n        <!--==================================================== Ecomm information  ====================================================-->\n            NOWO\u015a\u0106\n            <p>MONAT<\/p>\n            <h1>Lip Liner\u2122<\/h1>\n            <p>Definiuje, podkre\u015bla kszta\u0142t i wype\u0142nia usta, nadaj\u0105c im pe\u0142niejszy wygl\u0105d.<\/p>\n            <p>NET WT. 1,4 g \/ 0,05 oz.<\/p>\n            \n                <label><input type=\"radio\" name=\"toneLiner\"><\/label>\n                <label><input type=\"radio\" name=\"toneLiner\"><\/label>\n                <label><input type=\"radio\" name=\"toneLiner\"><\/label>\n          <!--==================================================== pricing box ====================================================-->\n          <p>Cena detaliczna<br>000.00 z\u0142<\/p>\n          <p>Klient VIP<br>000.00 z\u0142<\/p>\n          <!--==================================================== pricing box ====================================================--> \n            <p>Aby dowiedzie\u0107 si\u0119 wi\u0119cej na temat  MONAT Lip Liner\u2122, prosimy skontaktowa\u0107 si\u0119 ze swoim Market Partnerem MONAT.<\/p>\n      <a href=\"\" target=\"_blank\" role=\"button\" aria-label=\"\" rel=\"noopener\"><\/a>\n    <!--==================================================== \/ECOMM SECTION  ====================================================-->\n    <!--==================================================== Benefits image ====================================================-->\n    \n        <source id=\"benefitsMobImg\" media=\"(max-width: 700px)\" srcset=\"\">\n        <img decoding=\"async\" id=\"benefitsImg\" src=\"\" alt=\"\">\n    \n    <!--==================================================== Benefits text ====================================================-->\n            <h2>ZALETY<\/h2>\n            <h3>Ta ultrakremowa, precyzyjnie zako\u0144czona kontur\u00f3wka do ust doskonale definiuje i podkre\u015bla kszta\u0142t ust bez \u015bcierania si\u0119 i osypywania.<\/h3>\n            <p>Dost\u0119pna w trzech uniwersalnych odcieniach, kt\u00f3re doskonale komponuj\u0105 si\u0119 z naszymi bestsellerowymi odcieniami MONAT Liquid Lipstick\u2122 i MONAT Lip-Plumping Gloss\u2122.<\/p>\n            <!--==================================================== features image slide  ====================================================-->\n                    <img decoding=\"async\" src=\"\" alt=\"\">\n                    <img decoding=\"async\" src=\"\" alt=\"\">\n        <!--==================================================== features text ====================================================-->\n                <h3>Cechy<\/h3>\n                    <p>\/ Tworzy g\u0142adk\u0105 lini\u0119, zapewniaj\u0105c pe\u0142niejszy wygl\u0105d ust<\/p>\n                    <p>\/ G\u0142adko si\u0119 rozprowadza, nawil\u017caj\u0105c i podkre\u015blaj\u0105c usta<\/p>\n                    <p>\/ Nierozmazuj\u0105ca si\u0119 formu\u0142a, bez smug i zaciek\u00f3w<\/p>\n                    <p>\/ Precyzyjna ko\u0144c\u00f3wka zapewnia intensywny kolor pigmentu <\/p>\n                    <br>\n                <p>Zapach \/ Bezzapachowy  <\/p>\n                <p>Konsystencja \/ Kremowa  <\/p>\n                <!--<p>*Based on a 14-day consumer study with 35 participants, performed by a third-party laboratory.<\/p> -->\n    <!--==================================================== composition image mobile ====================================================-->\n    <img decoding=\"async\" src=\"\" alt=\"\">\n    <!--==================================================== Why it works text ====================================================-->\n        <h3>Sztuka perfekcyjnych ust.<\/h3>\n        <p>Kremowa, nawil\u017caj\u0105ca formu\u0142a z mieszank\u0105 wosk\u00f3w g\u0142adko si\u0119 rozprowadza, podkre\u015blaj\u0105c naturalny kontur ust. Substancje filmotw\u00f3rcze zwi\u0119kszaj\u0105 trwa\u0142o\u015b\u0107 i zapewniaj\u0105 wodoodporno\u015b\u0107 oraz odporno\u015b\u0107 na rozmazywanie.<\/p>\n<!--==================================================== Composition section ====================================================-->\n        <img decoding=\"async\" src=\"\" alt=\"\">\n        <img decoding=\"async\" id=\"compImg_2\" src=\"\" alt=\"\">\n                <!--==================================================== Directions text ====================================================--> \n                    <h3>Spos\u00f3b u\u017cycia<\/h3><br>\n                        <p>\/ U\u017cyj precyzyjnej ko\u0144c\u00f3wki, aby zdefiniowa\u0107 i wype\u0142ni\u0107 usta<\/p>\n                        <p>\/ Aby uzyska\u0107 bardziej intensywny wygl\u0105d, wype\u0142nij ca\u0142e usta i na\u0142\u00f3\u017c <a href=\"https:\/\/monatglobal.com\/pl\/lip-plumb-gloss\/\">MONAT Lip-Plumping Gloss\u2122<\/a>  i\/lub <a href=\"https:\/\/monatglobal.com\/pl\/makeup-liquid-lipstick\/\">MONAT Liquid Lipstick\u2122.<\/a><\/p>\n                <!--==================================================== Directions video ====================================================-->\n<p>MONAT Lip Liner\u2122 <br>7:21<\/p>\n  <a href=\"\" target=\"_blank\" role=\"button\" aria-label=\"\" rel=\"noopener\"><\/a>\n    <!--==================================================== Ingredients section  ====================================================-->\n        <h2>PRZEGL\u0104D SK\u0141ADNIK\u00d3W<\/h2>\n                    <img decoding=\"async\" alt=\"rejuveniqe icon\" src=\"https:\/\/monatglobal.com\/wp-content\/uploads\/2024\/11\/wax-blend-icons.svg\"> \n                    <p>Mieszanka wosk\u00f3w<\/p>\n                    <img decoding=\"async\" alt=\"Vitamin E icon\" src=\"https:\/\/monatglobal.com\/wp-content\/uploads\/2024\/11\/Film-Formers-icons.svg\"> \n                    <p>Substancje filmotw\u00f3rcze<\/p>\n        <button id=\"myBtn\" type=\"button\">PE\u0141NA LISTA SK\u0141ADNIK\u00d3W<\/button>\n        <!--==================================================== Modal content  ====================================================-->\n            \u00d7\n            <p>Synthetic Beeswax, Methyl Trimethicone, Trimethylsiloxysilicate, Dimethicone, Synthetic Wax, Caprylyl Methicone, Caprylic\/Capric\/Succinic Triglyceride, Bisdiglyceryl Polyacyladipate-2, Vp\/Hexadecene Copolymer, Polyhydroxystearic Acid, Caprylic\/Capric Triglyceride, Tocopherol, Isostearic Acid, Helianthus Annuus (Sunflower) Seed Oil, Polyglyceryl-3 Polyricinoleate, Lecithin, May Contain (+\/-), Titanium Dioxide\/CI 77891, Manganese Violet\/CI 77742, Red 40 Lake\/CI 16035, Iron Oxides (CI 77491, CI 77492, CI 77499), Red 7\/CI 15850, Red 6 Lake\/CI 15850.<\/p>\n    <!--==================================================== You might also like section ====================================================-->\n        <h2>MO\u017bE CI\u0118 R\u00d3WNIE\u017b ZAINTERESOWA\u0106<\/h2>\n        <!--==================================================== Slider YOU MIGHT ALSO LIKE ====================================================-->\n        <!---->\n        <!--    -->\n                <!-- Slides products-->\n        <!--        -->\n        <!--            <a href=\"https:\/\/monatglobal.com\/pl\/lip-plumb-gloss\/\" aria-label=\"Go to MONAT Lip-Plumping Gloss\u2122 page\">-->\n        <!--                <img decoding=\"async\" src=\"https:\/\/monatglobal.com\/wp-content\/uploads\/2024\/08\/LIP-PLUMPING-GLOSS-EFFORTLESS-ECOMM_2024-min-1.png\" alt=\"MONAT Lip-Plumping Gloss\u2122\" loading=\"lazy\"\/>-->\n        <!--                <p>MONAT Lip-Plumping Gloss\u2122<\/p>-->\n        <!--            <\/a>-->\n        <!--        -->\n        <!--        -->\n        <!--            <a href=\"https:\/\/monatglobal.com\/pl\/makeup-liquid-lipstick\/\" aria-label=\"Go to MONAT Liquid Lipstick\u2122 page\">-->\n        <!--                <img decoding=\"async\" src=\"https:\/\/monatglobal.com\/wp-content\/uploads\/2023\/08\/liquid_lipstick_goddess-ecomm-1.png\" alt=\"MONAT Liquid Lipstick\u2122\" loading=\"lazy\"\/>-->\n        <!--                <p>MONAT Liquid Lipstick\u2122<\/p>-->\n        <!--            <\/a>-->\n        <!--        -->\n        <!--        -->\n        <!--            <a href=\"https:\/\/monatglobal.com\/pl\/liquid-highlighter\/\" aria-label=\"Go to MONAT Liquid Highlighter\u2122  page\">-->\n        <!--                <img decoding=\"async\" src=\"https:\/\/monatglobal.com\/wp-content\/uploads\/2024\/08\/LIQUID-HIGHLIGHTERS-CHAMPAGNE-ECOMM_2024-1.png\" alt=\"MONAT Liquid Highlighter\u2122 \" loading=\"lazy\"\/>-->\n        <!--                <p>MONAT Liquid Highlighter\u2122<\/p>-->\n        <!--            <\/a>-->\n        <!--        -->\n        <!--    -->\n            <!-- If we need navigation buttons -->\n        <!--    -->\n        <!--    -->\n            <!-- If we need paginations -->\n        <!--    -->\n        <!---->\n         <!--==================================================== If we need navigation buttons  ====================================================-->\n         <!--==================================================== If we need paginations  ====================================================-->\n    <a href=\"\" aria-label=\"\"><\/a>\n<!--==================================================== this link has to go last for it to work   ====================================================-->\n","protected":false},"excerpt":{"rendered":"<p>NOWO\u015a\u0106 NOWO\u015a\u0106 MONAT Lip Liner\u2122 Definiuje, podkre\u015bla kszta\u0142t i wype\u0142nia usta, nadaj\u0105c im pe\u0142niejszy wygl\u0105d. NET WT. 1,4 g \/ 0,05 oz. Cena detaliczna000.00 z\u0142 Klient VIP000.00 z\u0142 Aby dowiedzie\u0107 si\u0119 wi\u0119cej na temat MONAT Lip Liner\u2122, prosimy skontaktowa\u0107 si\u0119 ze swoim Market Partnerem MONAT. ZALETY Ta ultrakremowa, precyzyjnie zako\u0144czona kontur\u00f3wka do ust doskonale definiuje&hellip;<\/p>\n","protected":false},"author":57,"featured_media":85759,"parent":0,"menu_order":0,"comment_status":"closed","ping_status":"closed","template":"","meta":{"inline_featured_image":false,"om_disable_all_campaigns":false,"_monsterinsights_skip_tracking":false,"_monsterinsights_sitenote_active":false,"_monsterinsights_sitenote_note":"","_monsterinsights_sitenote_category":0,"footnotes":""},"categories":[39],"tags":[],"class_list":["post-85758","page","type-page","status-publish","has-post-thumbnail","hentry","category-product-pl"],"aioseo_notices":[],"aioseo_head":"\n\t\t<!-- All in One SEO Pro 4.9.6 - aioseo.com -->\n\t<meta name=\"description\" content=\"Ta kremowa kontur\u00f3wka jest odporna na rozmazywanie i g\u0142adko si\u0119 rozprowadza, podkre\u015blaj\u0105c kszta\u0142t ust i zapewniaj\u0105c d\u0142ugotrwa\u0142y komfort dzi\u0119ki nawil\u017caj\u0105cej, wodoodpornej formule.\" \/>\n\t<meta name=\"robots\" content=\"max-image-preview:large\" \/>\n\t<link rel=\"canonical\" href=\"https:\/\/monatglobal.com\/pl\/makeup-lip-liner\/\" \/>\n\t<meta name=\"generator\" content=\"All in One SEO Pro (AIOSEO) 4.9.6\" \/>\n\t\t<meta property=\"og:locale\" content=\"pl_PL\" \/>\n\t\t<meta property=\"og:site_name\" content=\"MONAT POLAND - MONAT GLOBAL\" \/>\n\t\t<meta property=\"og:type\" content=\"article\" \/>\n\t\t<meta property=\"og:title\" content=\"MONAT Lip Liner\u2122 | Definiuje, wzmacnia i przed\u0142u\u017ca kolor ust\" \/>\n\t\t<meta property=\"og:description\" content=\"Ta kremowa kontur\u00f3wka jest odporna na rozmazywanie i g\u0142adko si\u0119 rozprowadza, podkre\u015blaj\u0105c kszta\u0142t ust i zapewniaj\u0105c d\u0142ugotrwa\u0142y komfort dzi\u0119ki nawil\u017caj\u0105cej, wodoodpornej formule.\" \/>\n\t\t<meta property=\"og:url\" content=\"https:\/\/monatglobal.com\/pl\/makeup-lip-liner\/\" \/>\n\t\t<meta property=\"article:published_time\" content=\"2024-11-18T15:36:55+00:00\" \/>\n\t\t<meta property=\"article:modified_time\" content=\"2026-02-12T21:44:30+00:00\" \/>\n\t\t<meta name=\"twitter:card\" content=\"summary_large_image\" \/>\n\t\t<meta name=\"twitter:title\" content=\"MONAT Lip Liner\u2122 | Definiuje, wzmacnia i przed\u0142u\u017ca kolor ust\" \/>\n\t\t<meta name=\"twitter:description\" content=\"Ta kremowa kontur\u00f3wka jest odporna na rozmazywanie i g\u0142adko si\u0119 rozprowadza, podkre\u015blaj\u0105c kszta\u0142t ust i zapewniaj\u0105c d\u0142ugotrwa\u0142y komfort dzi\u0119ki nawil\u017caj\u0105cej, wodoodpornej formule.\" \/>\n\t\t<script type=\"application\/ld+json\" class=\"aioseo-schema\">\n\t\t\t{\"@context\":\"https:\\\/\\\/schema.org\",\"@graph\":[{\"@type\":\"BreadcrumbList\",\"@id\":\"https:\\\/\\\/monatglobal.com\\\/pl\\\/makeup-lip-liner\\\/#breadcrumblist\",\"itemListElement\":[{\"@type\":\"ListItem\",\"@id\":\"https:\\\/\\\/monatglobal.com\\\/pl#listItem\",\"position\":1,\"name\":\"Home\",\"item\":\"https:\\\/\\\/monatglobal.com\\\/pl\",\"nextItem\":{\"@type\":\"ListItem\",\"@id\":\"https:\\\/\\\/monatglobal.com\\\/pl\\\/makeup-lip-liner\\\/#listItem\",\"name\":\"MONAT Lip Liner\\u2122 | Definiuje, wzmacnia i przed\\u0142u\\u017ca kolor ust\"}},{\"@type\":\"ListItem\",\"@id\":\"https:\\\/\\\/monatglobal.com\\\/pl\\\/makeup-lip-liner\\\/#listItem\",\"position\":2,\"name\":\"MONAT Lip Liner\\u2122 | Definiuje, wzmacnia i przed\\u0142u\\u017ca kolor ust\",\"previousItem\":{\"@type\":\"ListItem\",\"@id\":\"https:\\\/\\\/monatglobal.com\\\/pl#listItem\",\"name\":\"Home\"}}]},{\"@type\":\"Organization\",\"@id\":\"https:\\\/\\\/monatglobal.com\\\/pl\\\/#organization\",\"name\":\"MONAT POLAND\",\"description\":\"MONAT GLOBAL\",\"url\":\"https:\\\/\\\/monatglobal.com\\\/pl\\\/\"},{\"@type\":\"WebPage\",\"@id\":\"https:\\\/\\\/monatglobal.com\\\/pl\\\/makeup-lip-liner\\\/#webpage\",\"url\":\"https:\\\/\\\/monatglobal.com\\\/pl\\\/makeup-lip-liner\\\/\",\"name\":\"MONAT Lip Liner\\u2122 | Definiuje, wzmacnia i przed\\u0142u\\u017ca kolor ust\",\"description\":\"Ta kremowa kontur\\u00f3wka jest odporna na rozmazywanie i g\\u0142adko si\\u0119 rozprowadza, podkre\\u015blaj\\u0105c kszta\\u0142t ust i zapewniaj\\u0105c d\\u0142ugotrwa\\u0142y komfort dzi\\u0119ki nawil\\u017caj\\u0105cej, wodoodpornej formule.\",\"inLanguage\":\"pl-PL\",\"isPartOf\":{\"@id\":\"https:\\\/\\\/monatglobal.com\\\/pl\\\/#website\"},\"breadcrumb\":{\"@id\":\"https:\\\/\\\/monatglobal.com\\\/pl\\\/makeup-lip-liner\\\/#breadcrumblist\"},\"image\":{\"@type\":\"ImageObject\",\"url\":\"https:\\\/\\\/monatglobal.com\\\/pl\\\/wp-content\\\/uploads\\\/sites\\\/9\\\/2024\\\/11\\\/Lip-liner_ecomm_2024.png\",\"@id\":\"https:\\\/\\\/monatglobal.com\\\/pl\\\/makeup-lip-liner\\\/#mainImage\",\"width\":641,\"height\":800},\"primaryImageOfPage\":{\"@id\":\"https:\\\/\\\/monatglobal.com\\\/pl\\\/makeup-lip-liner\\\/#mainImage\"},\"datePublished\":\"2024-11-18T15:36:55+00:00\",\"dateModified\":\"2026-02-12T21:44:30+00:00\"},{\"@type\":\"WebSite\",\"@id\":\"https:\\\/\\\/monatglobal.com\\\/pl\\\/#website\",\"url\":\"https:\\\/\\\/monatglobal.com\\\/pl\\\/\",\"name\":\"MONAT POLAND\",\"description\":\"MONAT GLOBAL\",\"inLanguage\":\"pl-PL\",\"publisher\":{\"@id\":\"https:\\\/\\\/monatglobal.com\\\/pl\\\/#organization\"}}]}\n\t\t<\/script>\n\t\t<!-- All in One SEO Pro -->\r\n\t\t<title>MONAT Lip Liner\u2122 | Definiuje, wzmacnia i przed\u0142u\u017ca kolor ust<\/title>\n\n","aioseo_head_json":{"title":"MONAT Lip Liner\u2122 | Definiuje, wzmacnia i przed\u0142u\u017ca kolor ust","description":"Ta kremowa kontur\u00f3wka jest odporna na rozmazywanie i g\u0142adko si\u0119 rozprowadza, podkre\u015blaj\u0105c kszta\u0142t ust i zapewniaj\u0105c d\u0142ugotrwa\u0142y komfort dzi\u0119ki nawil\u017caj\u0105cej, wodoodpornej formule.","canonical_url":"https:\/\/monatglobal.com\/pl\/makeup-lip-liner\/","robots":"max-image-preview:large","keywords":"","webmasterTools":{"miscellaneous":""},"schema":{"@context":"https:\/\/schema.org","@graph":[{"@type":"BreadcrumbList","@id":"https:\/\/monatglobal.com\/pl\/makeup-lip-liner\/#breadcrumblist","itemListElement":[{"@type":"ListItem","@id":"https:\/\/monatglobal.com\/pl#listItem","position":1,"name":"Home","item":"https:\/\/monatglobal.com\/pl","nextItem":{"@type":"ListItem","@id":"https:\/\/monatglobal.com\/pl\/makeup-lip-liner\/#listItem","name":"MONAT Lip Liner\u2122 | Definiuje, wzmacnia i przed\u0142u\u017ca kolor ust"}},{"@type":"ListItem","@id":"https:\/\/monatglobal.com\/pl\/makeup-lip-liner\/#listItem","position":2,"name":"MONAT Lip Liner\u2122 | Definiuje, wzmacnia i przed\u0142u\u017ca kolor ust","previousItem":{"@type":"ListItem","@id":"https:\/\/monatglobal.com\/pl#listItem","name":"Home"}}]},{"@type":"Organization","@id":"https:\/\/monatglobal.com\/pl\/#organization","name":"MONAT POLAND","description":"MONAT GLOBAL","url":"https:\/\/monatglobal.com\/pl\/"},{"@type":"WebPage","@id":"https:\/\/monatglobal.com\/pl\/makeup-lip-liner\/#webpage","url":"https:\/\/monatglobal.com\/pl\/makeup-lip-liner\/","name":"MONAT Lip Liner\u2122 | Definiuje, wzmacnia i przed\u0142u\u017ca kolor ust","description":"Ta kremowa kontur\u00f3wka jest odporna na rozmazywanie i g\u0142adko si\u0119 rozprowadza, podkre\u015blaj\u0105c kszta\u0142t ust i zapewniaj\u0105c d\u0142ugotrwa\u0142y komfort dzi\u0119ki nawil\u017caj\u0105cej, wodoodpornej formule.","inLanguage":"pl-PL","isPartOf":{"@id":"https:\/\/monatglobal.com\/pl\/#website"},"breadcrumb":{"@id":"https:\/\/monatglobal.com\/pl\/makeup-lip-liner\/#breadcrumblist"},"image":{"@type":"ImageObject","url":"https:\/\/monatglobal.com\/pl\/wp-content\/uploads\/sites\/9\/2024\/11\/Lip-liner_ecomm_2024.png","@id":"https:\/\/monatglobal.com\/pl\/makeup-lip-liner\/#mainImage","width":641,"height":800},"primaryImageOfPage":{"@id":"https:\/\/monatglobal.com\/pl\/makeup-lip-liner\/#mainImage"},"datePublished":"2024-11-18T15:36:55+00:00","dateModified":"2026-02-12T21:44:30+00:00"},{"@type":"WebSite","@id":"https:\/\/monatglobal.com\/pl\/#website","url":"https:\/\/monatglobal.com\/pl\/","name":"MONAT POLAND","description":"MONAT GLOBAL","inLanguage":"pl-PL","publisher":{"@id":"https:\/\/monatglobal.com\/pl\/#organization"}}]},"og:locale":"pl_PL","og:site_name":"MONAT POLAND - MONAT GLOBAL","og:type":"article","og:title":"MONAT Lip Liner\u2122 | Definiuje, wzmacnia i przed\u0142u\u017ca kolor ust","og:description":"Ta kremowa kontur\u00f3wka jest odporna na rozmazywanie i g\u0142adko si\u0119 rozprowadza, podkre\u015blaj\u0105c kszta\u0142t ust i zapewniaj\u0105c d\u0142ugotrwa\u0142y komfort dzi\u0119ki nawil\u017caj\u0105cej, wodoodpornej formule.","og:url":"https:\/\/monatglobal.com\/pl\/makeup-lip-liner\/","article:published_time":"2024-11-18T15:36:55+00:00","article:modified_time":"2026-02-12T21:44:30+00:00","twitter:card":"summary_large_image","twitter:title":"MONAT Lip Liner\u2122 | Definiuje, wzmacnia i przed\u0142u\u017ca kolor ust","twitter:description":"Ta kremowa kontur\u00f3wka jest odporna na rozmazywanie i g\u0142adko si\u0119 rozprowadza, podkre\u015blaj\u0105c kszta\u0142t ust i zapewniaj\u0105c d\u0142ugotrwa\u0142y komfort dzi\u0119ki nawil\u017caj\u0105cej, wodoodpornej formule."},"aioseo_meta_data":{"post_id":"85758","title":"MONAT Lip Liner\u2122 | Definiuje, wzmacnia i przed\u0142u\u017ca kolor ust","description":"Ta kremowa kontur\u00f3wka jest odporna na rozmazywanie i g\u0142adko si\u0119 rozprowadza, podkre\u015blaj\u0105c kszta\u0142t ust i zapewniaj\u0105c d\u0142ugotrwa\u0142y komfort dzi\u0119ki nawil\u017caj\u0105cej, wodoodpornej formule.","keywords":null,"keyphrases":{"focus":{"keyphrase":"","score":0,"analysis":{"keyphraseInTitle":{"score":0,"maxScore":9,"error":1}}},"additional":[]},"primary_term":null,"canonical_url":null,"og_title":null,"og_description":null,"og_object_type":"default","og_image_type":"default","og_image_url":null,"og_image_width":null,"og_image_height":null,"og_image_custom_url":null,"og_image_custom_fields":null,"og_video":"","og_custom_url":null,"og_article_section":null,"og_article_tags":null,"twitter_use_og":false,"twitter_card":"default","twitter_image_type":"default","twitter_image_url":null,"twitter_image_custom_url":null,"twitter_image_custom_fields":null,"twitter_title":null,"twitter_description":null,"schema":{"blockGraphs":[],"customGraphs":[],"default":{"data":{"Article":[],"Course":[],"Dataset":[],"FAQPage":[],"Movie":[],"Person":[],"Product":[],"ProductReview":[],"Car":[],"Recipe":[],"Service":[],"SoftwareApplication":[],"WebPage":[]},"graphName":"WebPage","isEnabled":true},"graphs":[]},"schema_type":"default","schema_type_options":null,"pillar_content":false,"robots_default":true,"robots_noindex":false,"robots_noarchive":false,"robots_nosnippet":false,"robots_nofollow":false,"robots_noimageindex":false,"robots_noodp":false,"robots_notranslate":false,"robots_max_snippet":"-1","robots_max_videopreview":"-1","robots_max_imagepreview":"large","priority":null,"frequency":"default","local_seo":null,"seo_analyzer_scan_date":"2026-02-12 21:49:49","limit_modified_date":false,"reviewed_by":"0","open_ai":"{\"title\":{\"suggestions\":[],\"usage\":0},\"description\":{\"suggestions\":[],\"usage\":0}}","ai":{"faqs":[],"keyPoints":[],"titles":[],"descriptions":[],"socialPosts":{"email":[],"linkedin":[],"twitter":[],"facebook":[],"instagram":[]}},"created":"2024-11-18 15:14:51","updated":"2026-02-12 21:58:27"},"aioseo_breadcrumb":"<div class=\"aioseo-breadcrumbs\"><span class=\"aioseo-breadcrumb\">\n\t<a href=\"https:\/\/monatglobal.com\/pl\" title=\"Home\">Home<\/a>\n<\/span><span class=\"aioseo-breadcrumb-separator\">&raquo;<\/span><span class=\"aioseo-breadcrumb\">\n\tMONAT Lip Liner\u2122 | Definiuje, wzmacnia i przed\u0142u\u017ca kolor ust\n<\/span><\/div>","aioseo_breadcrumb_json":[{"label":"Home","link":"https:\/\/monatglobal.com\/pl"},{"label":"MONAT Lip Liner\u2122 | Definiuje, wzmacnia i przed\u0142u\u017ca kolor ust","link":"https:\/\/monatglobal.com\/pl\/makeup-lip-liner\/"}],"_links":{"self":[{"href":"https:\/\/monatglobal.com\/pl\/wp-json\/wp\/v2\/pages\/85758","targetHints":{"allow":["GET"]}}],"collection":[{"href":"https:\/\/monatglobal.com\/pl\/wp-json\/wp\/v2\/pages"}],"about":[{"href":"https:\/\/monatglobal.com\/pl\/wp-json\/wp\/v2\/types\/page"}],"author":[{"embeddable":true,"href":"https:\/\/monatglobal.com\/pl\/wp-json\/wp\/v2\/users\/57"}],"replies":[{"embeddable":true,"href":"https:\/\/monatglobal.com\/pl\/wp-json\/wp\/v2\/comments?post=85758"}],"version-history":[{"count":23,"href":"https:\/\/monatglobal.com\/pl\/wp-json\/wp\/v2\/pages\/85758\/revisions"}],"predecessor-version":[{"id":109219,"href":"https:\/\/monatglobal.com\/pl\/wp-json\/wp\/v2\/pages\/85758\/revisions\/109219"}],"wp:featuredmedia":[{"embeddable":true,"href":"https:\/\/monatglobal.com\/pl\/wp-json\/wp\/v2\/media\/85759"}],"wp:attachment":[{"href":"https:\/\/monatglobal.com\/pl\/wp-json\/wp\/v2\/media?parent=85758"}],"wp:term":[{"taxonomy":"category","embeddable":true,"href":"https:\/\/monatglobal.com\/pl\/wp-json\/wp\/v2\/categories?post=85758"},{"taxonomy":"post_tag","embeddable":true,"href":"https:\/\/monatglobal.com\/pl\/wp-json\/wp\/v2\/tags?post=85758"}],"curies":[{"name":"wp","href":"https:\/\/api.w.org\/{rel}","templated":true}]}}