{"id":85685,"date":"2024-11-02T05:13:56","date_gmt":"2024-11-02T05:13:56","guid":{"rendered":"https:\/\/monatglobal.com\/pl\/?page_id=85685"},"modified":"2026-01-28T17:50:44","modified_gmt":"2026-01-28T17:50:44","slug":"leadership-circle","status":"publish","type":"page","link":"https:\/\/monatglobal.com\/pl\/leadership-circle\/","title":{"rendered":"MONAT Leadership Circle 2026 &#8211; MONAT GLOBAL"},"content":{"rendered":"\n\n\t<style>\n   @import url('https:\/\/fonts.cdnfonts.com\/css\/dm-serif-display'); \n   :root {\n        --primaryColor: #5F6DB3;\n        --secondaryColor: #AABBCC ;\n        --gold: #9c807d;\n        --primarySerif: \"DM Serif Display\";\n   }\n<\/style>\n<section id=\"bannerSec\">\n       <img decoding=\"async\" id=\"dc_icon\" src=\"https:\/\/monatglobal.com\/wp-content\/uploads\/2025\/08\/leadership-circle-logo-2026-ocre.svg\" alt=\"\"\/> \n    <h1 id=\"banner_h1\">Kreujemy<br \/> <em>nasze jutro, razem.  <\/em><\/h1>\n<\/section>\n<section id=\"sec1\">\n      <img decoding=\"async\" src=\"https:\/\/monatglobal.com\/wp-content\/uploads\/2025\/08\/leadership-circle-badge-2026.svg\" alt=\"\"\/>\n      <h2>W South Beach <br \/> Miami, Floryda <br \/>12-15 marca<\/h2>   \n         <p>Okres kwalifikacji<\/p> \n         <p>1 SIERPNIA 2025 &#8211; 31 STYCZNIA 2026<\/p>\n               <img decoding=\"async\" id=\"seashell_bkgnd_img\" src=\"https:\/\/monatglobal.com\/wp-content\/uploads\/2025\/08\/yellow-shell.svg\"\/> \n               <h2>Przyw\u00f3dztwo<br \/>w akcji<\/h2>\n            <p>We\u017a udzia\u0142 w ekskluzywnych szkoleniach z naszymi najlepszymi Liderami i Zarz\u0105dem MONAT.  <br \/>Zdob\u0105d\u017a cenne wskaz\u00f3wki, kt\u00f3re pomog\u0105 Ci realizowa\u0107 cele oraz w pe\u0142ni wykorzysta\u0107 potencja\u0142 Twojego biznesu MONAT.<\/p>\n            <p>Leadership Circle 2026 to wydarzenie, w kt\u00f3rym udzia\u0142 wzi\u0105\u0107 mog\u0105 wy\u0142\u0105cznie zaproszone osoby o randze w karierze MMM oraz&nbsp;Director.<\/p>\n<\/section>\n<section id=\"SED_sec\">\n   <img decoding=\"async\" src=\"https:\/\/monatglobal.com\/wp-content\/uploads\/2025\/08\/beach-seats-and-umbrella-min-1.jpg\" alt=\"\"\/>\n         <h2>ZDEFINIUJ MO\u017bLIWO\u015aCI NA NOWO.<\/h2>\n         <p>Zg\u0142\u0119biaj kluczowe obszary podczas naszych dyskusji przy okr\u0105g\u0142ym stole. <\/p>\n         <p>Rozwi\u0144 swoj\u0105 wiedz\u0119 podczas sesji po\u015bwi\u0119conych konkretnym tematom.<\/p>\n<\/section>\n<section id=\"sec3\">\n    <img decoding=\"async\" id=\"seashell\" src=\"https:\/\/monatglobal.com\/wp-content\/uploads\/2025\/08\/sea-snail-1.svg\" alt=\"\"\/>\n    <img decoding=\"async\" id=\"jellyfish\" src=\"https:\/\/monatglobal.com\/wp-content\/uploads\/2025\/08\/jellyfish.svg\" alt=\"\"\/>\n         <img decoding=\"async\" id=\"qualification_icon\" src=\"https:\/\/monatglobal.com\/wp-content\/uploads\/2025\/08\/sea-star.svg\" alt=\"\"\/>\n         <h2 id=\"qualification_title\">JAK SI\u0118 ZAKWALIFIKOWA\u01061 sierpnia 2025-<br \/>31 stycznia 2026<\/h2>\n         <p>Kto mo\u017ce uczestniczy\u0107? <\/p>\n         <p>Zakwalifikowa\u0107 si\u0119 mog\u0105 Market Partnerzy o randze w karierze MMM, AED, ED oraz SED na dzie\u0144 1 sierpnia 2025 <br \/> oraz Market Partnerzy, kt\u00f3rzy osi\u0105gn\u0105 rang\u0119 w karierze MMM lub wy\u017csz\u0105 do dnia 31 stycznia 2026.<\/p>\n             <img decoding=\"async\" id=\"qualification_icon\" src=\"https:\/\/monatglobal.com\/wp-content\/uploads\/2025\/09\/recognition-leadership-graphic.svg\" alt=\"recognition leadership graphic\"\/>\n         <h2 id=\"qualification_title\">KRYTERIA<br \/> WYR\u00d3\u017bNIE\u0143<\/h2>\n         <p>TAK ZDOB\u0118DZIESZ SWOJE MIEJSCE W BLASKU REFLEKTOR\u00d3W! <\/p>\n         <p>\u2022\tNajwi\u0119cej zrekrutowanych MP <br \/> \u2022\tNajwi\u0119cej zarejestrowanych Klient\u00f3w VIP <br \/> \u2022\tKonsekwencja (ranga do wyp\u0142aty utrzymana przez ca\u0142y okres kwalifikacji)<\/p>\n         <p>Okres kwalifikacji do wyr\u00f3\u017cnie\u0144 trwa r\u00f3wnie\u017c od 1 sierpnia 2025 do 31 stycznia&nbsp;2026.<\/p>\n         <h2>KRYTERIA KWALIFIKACJI<\/h2>\n            <p>POZIOM 1<\/p>\n            <p>(Obejmuje 3 noclegi w hotelu)<\/p>\n            <hr \/>\n            <p>Ranga w karierze MM na dzie\u0144 1 sierpnia 2025 oraz Market Partnerzy, kt\u00f3rzy wcze\u015bniej posiadali rang\u0119 w karierze MM <\/p>\n            <ul>\n                <li>Nale\u017cy osi\u0105gn\u0105\u0107 rang\u0119 do wyp\u0142aty MM lub wy\u017csz\u0105 w 1 z 6 miesi\u0119cy trwania okresu kwalifikacji<\/li>\n                <li>Nale\u017cy zrekrutowa\u0107 co najmniej 2 kwalifikuj\u0105cych si\u0119 Market Partner\u00f3w i 8 kwalifikuj\u0105cych si\u0119 Klient\u00f3w VIP w trakcie trwania okresu kwalifikacji<\/li>\n                <li>Nale\u017cy osi\u0105gn\u0105\u0107 rang\u0119 do wyp\u0142aty AMM lub wy\u017csz\u0105 w ostatnim miesi\u0105cu trwania okresu kwalifikacji<\/li>\n            <\/ul>\n            <hr \/>\n            <p>Ranga w karierze MMM na dzie\u0144 1 sierpnia 2025 <\/p>\n            <ul>\n                <li>Nale\u017cy osi\u0105gn\u0105\u0107 rang\u0119 do wyp\u0142aty MMM lub wy\u017csz\u0105 w 1 z 6 miesi\u0119cy trwania okresu kwalifikacji<\/li>\n                <li>Nale\u017cy zrekrutowa\u0107 co najmniej 2 kwalifikuj\u0105cych si\u0119 Market Partner\u00f3w i 8 kwalifikuj\u0105cych si\u0119 Klient\u00f3w VIP w trakcie trwania okresu kwalifikacji<\/li>\n                <li>Nale\u017cy osi\u0105gn\u0105\u0107 rang\u0119 do wyp\u0142aty AMM lub wy\u017csz\u0105 w ostatnim miesi\u0105cu trwania okresu kwalifikacji <\/li>\n            <\/ul>\n            <hr \/>\n            <p>Ranga w karierze Directors na dzie\u0144 1 sierpnia 2025<\/p>\n            <ul>\n                <li>Nale\u017cy osi\u0105gn\u0105\u0107 rang\u0119 do wyp\u0142aty AED lub wy\u017csz\u0105 w 1 z 6 miesi\u0119cy trwania okresu kwalifikacji<\/li>\n                <li>Nale\u017cy zrekrutowa\u0107 co najmniej 2 kwalifikuj\u0105cych si\u0119 Market Partner\u00f3w i 8 kwalifikuj\u0105cych si\u0119 Klient\u00f3w VIP w trakcie trwania okresu kwalifikacji<\/li>\n                <li>Nale\u017cy osi\u0105gn\u0105\u0107 rang\u0119 do wyp\u0142aty MM lub wy\u017csz\u0105 w ostatnim miesi\u0105cu trwania okresu kwalifikacji<\/li>\n            <\/ul>\n            <p>POZIOM 2<\/p>\n            <p>(Obejmuje 3 noce w hotelu + lot w obie&nbsp;strony)<\/p>\n            <hr \/>\n            <p>Ranga w karierze MM na dzie\u0144 1 sierpnia 2025 oraz Market Partnerzy, kt\u00f3rzy wcze\u015bniej posiadali rang\u0119 w karierze MM <\/p>\n            <ul>\n                <li>Nale\u017cy osi\u0105gn\u0105\u0107 rang\u0119 do wyp\u0142aty MM lub wy\u017csz\u0105 w 1 z 6 miesi\u0119cy trwania okresu kwalifikacji<\/li>\n                <li>Nale\u017cy zrekrutowa\u0107 co najmniej 2 kwalifikuj\u0105cych si\u0119 Market Partner\u00f3w i 8 kwalifikuj\u0105cych si\u0119 Klient\u00f3w VIP w trakcie trwania okresu kwalifikacji<\/li>\n                <li>Nale\u017cy wypromowa\u0107 1 nowego MMB, kt\u00f3rego osobi\u015bcie sponsorujesz<\/li>\n                <li>Nale\u017cy osi\u0105gn\u0105\u0107 rang\u0119 do wyp\u0142aty AMM lub wy\u017csz\u0105 w ostatnim miesi\u0105cu trwania okresu kwalifikacji <\/li>\n            <\/ul>\n            <hr \/>\n            <p>Ranga w karierze MMM na dzie\u0144 1 sierpnia 2025 <\/p>\n            <ul>\n                <li>Nale\u017cy osi\u0105gn\u0105\u0107 rang\u0119 do wyp\u0142aty MMM lub wy\u017csz\u0105 w 1 z 6 miesi\u0119cy trwania okresu kwalifikacji <\/li>\n                <li>Nale\u017cy zrekrutowa\u0107 co najmniej 2 kwalifikuj\u0105cych si\u0119 Market Partner\u00f3w i 8 kwalifikuj\u0105cych si\u0119 Klient\u00f3w VIP w trakcie trwania okresu kwalifikacji<\/li>\n                <li>Nale\u017cy wypromowa\u0107 2 nowych MMB, kt\u00f3rych osobi\u015bcie sponsorujesz<\/li>\n                <li>Nale\u017cy osi\u0105gn\u0105\u0107 rang\u0119 do wyp\u0142aty AMM lub wy\u017csz\u0105 w ostatnim miesi\u0105cu trwania okresu kwalifikacji <\/li>\n            <\/ul>\n            <hr \/>\n            <p>Ranga w karierze Director na dzie\u0144 1 sierpnia 2025<\/p>\n            <ul>\n                <li>Nale\u017cy osi\u0105gn\u0105\u0107 rang\u0119 do wyp\u0142aty AED lub wy\u017csz\u0105 w 1 z 6 miesi\u0119cy trwania okresu kwalifikacji<\/li>\n                <li>Nale\u017cy zrekrutowa\u0107 co najmniej 2 kwalifikuj\u0105cych si\u0119 Market Partner\u00f3w i 8 kwalifikuj\u0105cych si\u0119 Klient\u00f3w VIP w trakcie trwania okresu kwalifikacji<\/li>\n                <li>Nale\u017cy wypromowa\u0107 2 nowych MMB, kt\u00f3rych osobi\u015bcie sponsorujesz <\/li>\n                <li>Nale\u017cy osi\u0105gn\u0105\u0107 rang\u0119 do wyp\u0142aty MM lub wy\u017csz\u0105 w ostatnim miesi\u0105cu trwania okresu kwalifikacji <\/li>\n            <\/ul>\n            <hr \/>\n            <p>Nowi MP, kt\u00f3rzy osi\u0105gn\u0105 rang\u0119 w karierze MM, MMM lub Director do 31 stycznia 2026<\/p>\n            <ul>\n                <li>Nale\u017cy po raz pierwszy osi\u0105gn\u0105\u0107 rang\u0119 w karierze MM, MMM lub Director w trakcie trwania okresu kwalifikacji<\/li>\n                <li>Nale\u017cy zrekrutowa\u0107 co najmniej 2 kwalifikuj\u0105cych si\u0119 Market Partner\u00f3w i 8 kwalifikuj\u0105cych si\u0119 Klient\u00f3w VIP w trakcie trwania okresu kwalifikacji<\/li>\n                <li>Nale\u017cy osi\u0105gn\u0105\u0107 rang\u0119 do wyp\u0142aty AMM lub wy\u017csz\u0105 w ostatnim miesi\u0105cu trwania okresu kwalifikacji<\/li>\n            <\/ul>\n            <!---->\n            <!--    <p>* VIPs enrolled as part of your Block must have an active Flexship through the 15th of the month following their enrollment month. <\/p>-->\n            <!--    <p>* Market Partners enrolled as part of your Block must enroll with a Product Pack or if they are enrolled under the Canada Zero Enrollment Option, they must achieve 200 PV within 30 days of their enrollment and within the Director Circle qualification&nbsp;timeframe.<\/p>-->\n            <!---->\n      <img decoding=\"async\" src=\"https:\/\/monatglobal.com\/wp-content\/uploads\/2025\/08\/fish.svg\" alt=\"\"\/>\n      <h2>Co obejmuj\u0105<br \/> kwalifikacje do MONAT<br \/>Leadership Circle 2026?<\/h2>\n            <p>POZIOM 1<\/p>\n            <ul>\n               <li>Networking z najlepszymi Liderami MONAT.<\/li>\n               <li>Specjalne wydarzenie z wr\u0119czeniem nagr\u00f3d i wyr\u00f3\u017cnie\u0144.<\/li>\n               <li>Ekskluzywne zapowiedzi plan\u00f3w firmy na najbli\u017cszy rok.<\/li>\n               <li>Zakwaterowanie w hotelu na 3 noce.<\/li>\n               <li>Mo\u017cliwo\u015b\u0107 zabrania wsp\u00f3\u0142ma\u0142\u017conka (obowi\u0105zuj\u0105 dodatkowe op\u0142aty i regulamin).<\/li>\n            <\/ul>\n            <p>POZIOM 2<\/p>\n            <ul>\n               <li>Networking z najlepszymi Liderami MONAT.<\/li>\n               <li>Specjalne wydarzenie z wr\u0119czeniem nagr\u00f3d i wyr\u00f3\u017cnie\u0144.<\/li>\n               <li>Ekskluzywne zapowiedzi plan\u00f3w firmy na najbli\u017cszy rok.<\/li>\n               <li>Zakwaterowanie w hotelu na 3 noce.<\/li>\n               <li>Mo\u017cliwo\u015b\u0107 zabrania wsp\u00f3\u0142ma\u0142\u017conka (obowi\u0105zuj\u0105 dodatkowe op\u0142aty i regulamin).<\/li>\n               <li>Lot w dwie strony do Mi\u0119dzynarodowego Portu Lotniczego w Miami.<\/li>\n            <\/ul>\n         <a id=\"faq_btn\" href=\"https:\/\/monatglobal.com\/wp-content\/uploads\/2025\/08\/PL_Leadership-Circle-2026-FAQs_080125_v1.pdf\" target=\"_blank\" rel=\"noopener\">FAQ<\/a>\n         <a id=\"termsAndC\" href=\"https:\/\/monatglobal.com\/wp-content\/uploads\/2025\/08\/PL_Leadership-Circle-2026-Terms-and-Conditions_080525_v1.pdf\" target=\"_blank\" rel=\"noopener\">\n            <p>Terms &amp; Conditions<\/p>\n         <\/a>\n      <h2 id=\"hashtag_text\">#MONATLeadershipCircle<\/h2>\n<\/section>\n\n","protected":false},"excerpt":{"rendered":"<p>Kreujemy nasze jutro, razem. W South Beach Miami, Floryda 12-15 marca Okres kwalifikacji 1 SIERPNIA 2025 &#8211; 31 STYCZNIA 2026 Przyw\u00f3dztwow akcji We\u017a udzia\u0142 w ekskluzywnych szkoleniach z naszymi najlepszymi Liderami i Zarz\u0105dem MONAT. Zdob\u0105d\u017a cenne wskaz\u00f3wki, kt\u00f3re pomog\u0105 Ci realizowa\u0107 cele oraz w pe\u0142ni wykorzysta\u0107 potencja\u0142 Twojego biznesu MONAT. Leadership Circle 2026 to wydarzenie,&hellip;<\/p>\n","protected":false},"author":33,"featured_media":86899,"parent":0,"menu_order":0,"comment_status":"closed","ping_status":"closed","template":"","meta":{"inline_featured_image":false,"om_disable_all_campaigns":false,"_monsterinsights_skip_tracking":false,"_monsterinsights_sitenote_active":false,"_monsterinsights_sitenote_note":"","_monsterinsights_sitenote_category":0,"footnotes":""},"categories":[],"tags":[],"class_list":["post-85685","page","type-page","status-publish","has-post-thumbnail","hentry"],"aioseo_notices":[],"aioseo_head":"\n\t\t<!-- All in One SEO Pro 4.9.6 - aioseo.com -->\n\t<meta name=\"description\" content=\"We\u017a udzia\u0142 w ekskluzywnym szkoleniu MONAT z najlepszymi Leaderami. Zdob\u0105d\u017a cenne wskaz\u00f3wki, kt\u00f3re pomog\u0105 Ci ustali\u0107 swoje cele i rozwin\u0105\u0107 pe\u0142ni\u0119 potencja\u0142u Twojego biznesu.\" \/>\n\t<meta name=\"robots\" content=\"max-image-preview:large\" \/>\n\t<link rel=\"canonical\" href=\"https:\/\/monatglobal.com\/pl\/leadership-circle\/\" \/>\n\t<meta name=\"generator\" content=\"All in One SEO Pro (AIOSEO) 4.9.6\" \/>\n\t\t<meta property=\"og:locale\" content=\"pl_PL\" \/>\n\t\t<meta property=\"og:site_name\" content=\"MONAT POLAND - MONAT GLOBAL\" \/>\n\t\t<meta property=\"og:type\" content=\"article\" \/>\n\t\t<meta property=\"og:title\" content=\"MONAT Leadership Circle 2026 - MONAT GLOBAL\" \/>\n\t\t<meta property=\"og:description\" content=\"We\u017a udzia\u0142 w ekskluzywnym szkoleniu MONAT z najlepszymi Leaderami. Zdob\u0105d\u017a cenne wskaz\u00f3wki, kt\u00f3re pomog\u0105 Ci ustali\u0107 swoje cele i rozwin\u0105\u0107 pe\u0142ni\u0119 potencja\u0142u Twojego biznesu.\" \/>\n\t\t<meta property=\"og:url\" content=\"https:\/\/monatglobal.com\/pl\/leadership-circle\/\" \/>\n\t\t<meta property=\"article:published_time\" content=\"2024-11-02T05:13:56+00:00\" \/>\n\t\t<meta property=\"article:modified_time\" content=\"2026-01-28T17:50:44+00:00\" \/>\n\t\t<meta name=\"twitter:card\" content=\"summary_large_image\" \/>\n\t\t<meta name=\"twitter:title\" content=\"MONAT Leadership Circle 2026 - MONAT GLOBAL\" \/>\n\t\t<meta name=\"twitter:description\" content=\"We\u017a udzia\u0142 w ekskluzywnym szkoleniu MONAT z najlepszymi Leaderami. Zdob\u0105d\u017a cenne wskaz\u00f3wki, kt\u00f3re pomog\u0105 Ci ustali\u0107 swoje cele i rozwin\u0105\u0107 pe\u0142ni\u0119 potencja\u0142u Twojego biznesu.\" \/>\n\t\t<script type=\"application\/ld+json\" class=\"aioseo-schema\">\n\t\t\t{\"@context\":\"https:\\\/\\\/schema.org\",\"@graph\":[{\"@type\":\"BreadcrumbList\",\"@id\":\"https:\\\/\\\/monatglobal.com\\\/pl\\\/leadership-circle\\\/#breadcrumblist\",\"itemListElement\":[{\"@type\":\"ListItem\",\"@id\":\"https:\\\/\\\/monatglobal.com\\\/pl#listItem\",\"position\":1,\"name\":\"Home\",\"item\":\"https:\\\/\\\/monatglobal.com\\\/pl\",\"nextItem\":{\"@type\":\"ListItem\",\"@id\":\"https:\\\/\\\/monatglobal.com\\\/pl\\\/leadership-circle\\\/#listItem\",\"name\":\"MONAT Leadership Circle 2026 &#8211; MONAT GLOBAL\"}},{\"@type\":\"ListItem\",\"@id\":\"https:\\\/\\\/monatglobal.com\\\/pl\\\/leadership-circle\\\/#listItem\",\"position\":2,\"name\":\"MONAT Leadership Circle 2026 &#8211; MONAT GLOBAL\",\"previousItem\":{\"@type\":\"ListItem\",\"@id\":\"https:\\\/\\\/monatglobal.com\\\/pl#listItem\",\"name\":\"Home\"}}]},{\"@type\":\"Organization\",\"@id\":\"https:\\\/\\\/monatglobal.com\\\/pl\\\/#organization\",\"name\":\"MONAT POLAND\",\"description\":\"MONAT GLOBAL\",\"url\":\"https:\\\/\\\/monatglobal.com\\\/pl\\\/\"},{\"@type\":\"WebPage\",\"@id\":\"https:\\\/\\\/monatglobal.com\\\/pl\\\/leadership-circle\\\/#webpage\",\"url\":\"https:\\\/\\\/monatglobal.com\\\/pl\\\/leadership-circle\\\/\",\"name\":\"MONAT Leadership Circle 2026 - MONAT GLOBAL\",\"description\":\"We\\u017a udzia\\u0142 w ekskluzywnym szkoleniu MONAT z najlepszymi Leaderami. Zdob\\u0105d\\u017a cenne wskaz\\u00f3wki, kt\\u00f3re pomog\\u0105 Ci ustali\\u0107 swoje cele i rozwin\\u0105\\u0107 pe\\u0142ni\\u0119 potencja\\u0142u Twojego biznesu.\",\"inLanguage\":\"pl-PL\",\"isPartOf\":{\"@id\":\"https:\\\/\\\/monatglobal.com\\\/pl\\\/#website\"},\"breadcrumb\":{\"@id\":\"https:\\\/\\\/monatglobal.com\\\/pl\\\/leadership-circle\\\/#breadcrumblist\"},\"image\":{\"@type\":\"ImageObject\",\"url\":\"https:\\\/\\\/monatglobal.com\\\/pl\\\/wp-content\\\/uploads\\\/sites\\\/9\\\/2025\\\/08\\\/leadership-2026-ft-img-min.jpg\",\"@id\":\"https:\\\/\\\/monatglobal.com\\\/pl\\\/leadership-circle\\\/#mainImage\",\"width\":1200,\"height\":628},\"primaryImageOfPage\":{\"@id\":\"https:\\\/\\\/monatglobal.com\\\/pl\\\/leadership-circle\\\/#mainImage\"},\"datePublished\":\"2024-11-02T05:13:56+00:00\",\"dateModified\":\"2026-01-28T17:50:44+00:00\"},{\"@type\":\"WebSite\",\"@id\":\"https:\\\/\\\/monatglobal.com\\\/pl\\\/#website\",\"url\":\"https:\\\/\\\/monatglobal.com\\\/pl\\\/\",\"name\":\"MONAT POLAND\",\"description\":\"MONAT GLOBAL\",\"inLanguage\":\"pl-PL\",\"publisher\":{\"@id\":\"https:\\\/\\\/monatglobal.com\\\/pl\\\/#organization\"}}]}\n\t\t<\/script>\n\t\t<!-- All in One SEO Pro -->\r\n\t\t<title>MONAT Leadership Circle 2026 - MONAT GLOBAL<\/title>\n\n","aioseo_head_json":{"title":"MONAT Leadership Circle 2026 - MONAT GLOBAL","description":"We\u017a udzia\u0142 w ekskluzywnym szkoleniu MONAT z najlepszymi Leaderami. Zdob\u0105d\u017a cenne wskaz\u00f3wki, kt\u00f3re pomog\u0105 Ci ustali\u0107 swoje cele i rozwin\u0105\u0107 pe\u0142ni\u0119 potencja\u0142u Twojego biznesu.","canonical_url":"https:\/\/monatglobal.com\/pl\/leadership-circle\/","robots":"max-image-preview:large","keywords":"","webmasterTools":{"miscellaneous":""},"schema":{"@context":"https:\/\/schema.org","@graph":[{"@type":"BreadcrumbList","@id":"https:\/\/monatglobal.com\/pl\/leadership-circle\/#breadcrumblist","itemListElement":[{"@type":"ListItem","@id":"https:\/\/monatglobal.com\/pl#listItem","position":1,"name":"Home","item":"https:\/\/monatglobal.com\/pl","nextItem":{"@type":"ListItem","@id":"https:\/\/monatglobal.com\/pl\/leadership-circle\/#listItem","name":"MONAT Leadership Circle 2026 &#8211; MONAT GLOBAL"}},{"@type":"ListItem","@id":"https:\/\/monatglobal.com\/pl\/leadership-circle\/#listItem","position":2,"name":"MONAT Leadership Circle 2026 &#8211; MONAT GLOBAL","previousItem":{"@type":"ListItem","@id":"https:\/\/monatglobal.com\/pl#listItem","name":"Home"}}]},{"@type":"Organization","@id":"https:\/\/monatglobal.com\/pl\/#organization","name":"MONAT POLAND","description":"MONAT GLOBAL","url":"https:\/\/monatglobal.com\/pl\/"},{"@type":"WebPage","@id":"https:\/\/monatglobal.com\/pl\/leadership-circle\/#webpage","url":"https:\/\/monatglobal.com\/pl\/leadership-circle\/","name":"MONAT Leadership Circle 2026 - MONAT GLOBAL","description":"We\u017a udzia\u0142 w ekskluzywnym szkoleniu MONAT z najlepszymi Leaderami. Zdob\u0105d\u017a cenne wskaz\u00f3wki, kt\u00f3re pomog\u0105 Ci ustali\u0107 swoje cele i rozwin\u0105\u0107 pe\u0142ni\u0119 potencja\u0142u Twojego biznesu.","inLanguage":"pl-PL","isPartOf":{"@id":"https:\/\/monatglobal.com\/pl\/#website"},"breadcrumb":{"@id":"https:\/\/monatglobal.com\/pl\/leadership-circle\/#breadcrumblist"},"image":{"@type":"ImageObject","url":"https:\/\/monatglobal.com\/pl\/wp-content\/uploads\/sites\/9\/2025\/08\/leadership-2026-ft-img-min.jpg","@id":"https:\/\/monatglobal.com\/pl\/leadership-circle\/#mainImage","width":1200,"height":628},"primaryImageOfPage":{"@id":"https:\/\/monatglobal.com\/pl\/leadership-circle\/#mainImage"},"datePublished":"2024-11-02T05:13:56+00:00","dateModified":"2026-01-28T17:50:44+00:00"},{"@type":"WebSite","@id":"https:\/\/monatglobal.com\/pl\/#website","url":"https:\/\/monatglobal.com\/pl\/","name":"MONAT POLAND","description":"MONAT GLOBAL","inLanguage":"pl-PL","publisher":{"@id":"https:\/\/monatglobal.com\/pl\/#organization"}}]},"og:locale":"pl_PL","og:site_name":"MONAT POLAND - MONAT GLOBAL","og:type":"article","og:title":"MONAT Leadership Circle 2026 - MONAT GLOBAL","og:description":"We\u017a udzia\u0142 w ekskluzywnym szkoleniu MONAT z najlepszymi Leaderami. Zdob\u0105d\u017a cenne wskaz\u00f3wki, kt\u00f3re pomog\u0105 Ci ustali\u0107 swoje cele i rozwin\u0105\u0107 pe\u0142ni\u0119 potencja\u0142u Twojego biznesu.","og:url":"https:\/\/monatglobal.com\/pl\/leadership-circle\/","article:published_time":"2024-11-02T05:13:56+00:00","article:modified_time":"2026-01-28T17:50:44+00:00","twitter:card":"summary_large_image","twitter:title":"MONAT Leadership Circle 2026 - MONAT GLOBAL","twitter:description":"We\u017a udzia\u0142 w ekskluzywnym szkoleniu MONAT z najlepszymi Leaderami. Zdob\u0105d\u017a cenne wskaz\u00f3wki, kt\u00f3re pomog\u0105 Ci ustali\u0107 swoje cele i rozwin\u0105\u0107 pe\u0142ni\u0119 potencja\u0142u Twojego biznesu."},"aioseo_meta_data":{"post_id":"85685","title":"MONAT Leadership Circle 2026 - MONAT GLOBAL","description":"We\u017a udzia\u0142 w ekskluzywnym szkoleniu MONAT z najlepszymi Leaderami. Zdob\u0105d\u017a cenne wskaz\u00f3wki, kt\u00f3re pomog\u0105 Ci ustali\u0107 swoje cele i rozwin\u0105\u0107 pe\u0142ni\u0119 potencja\u0142u Twojego biznesu.","keywords":null,"keyphrases":{"focus":{"keyphrase":"","score":0,"analysis":{"keyphraseInTitle":{"score":0,"maxScore":9,"error":1}}},"additional":[]},"primary_term":null,"canonical_url":null,"og_title":null,"og_description":null,"og_object_type":"default","og_image_type":"default","og_image_url":null,"og_image_width":null,"og_image_height":null,"og_image_custom_url":null,"og_image_custom_fields":null,"og_video":"","og_custom_url":null,"og_article_section":null,"og_article_tags":null,"twitter_use_og":false,"twitter_card":"default","twitter_image_type":"default","twitter_image_url":null,"twitter_image_custom_url":null,"twitter_image_custom_fields":null,"twitter_title":null,"twitter_description":null,"schema":{"blockGraphs":[],"customGraphs":[],"default":{"data":{"Article":[],"Course":[],"Dataset":[],"FAQPage":[],"Movie":[],"Person":[],"Product":[],"ProductReview":[],"Car":[],"Recipe":[],"Service":[],"SoftwareApplication":[],"WebPage":[]},"graphName":"WebPage","isEnabled":true},"graphs":[]},"schema_type":"default","schema_type_options":null,"pillar_content":false,"robots_default":true,"robots_noindex":false,"robots_noarchive":false,"robots_nosnippet":false,"robots_nofollow":false,"robots_noimageindex":false,"robots_noodp":false,"robots_notranslate":false,"robots_max_snippet":"-1","robots_max_videopreview":"-1","robots_max_imagepreview":"large","priority":null,"frequency":"default","local_seo":null,"seo_analyzer_scan_date":"2025-08-20 17:15:09","limit_modified_date":false,"reviewed_by":"0","open_ai":"{\"title\":{\"suggestions\":[],\"usage\":0},\"description\":{\"suggestions\":[],\"usage\":0}}","ai":{"faqs":[],"keyPoints":[],"titles":[],"descriptions":[],"socialPosts":{"email":[],"linkedin":[],"twitter":[],"facebook":[],"instagram":[]}},"created":"2024-10-30 17:30:19","updated":"2026-02-10 05:35:26"},"aioseo_breadcrumb":"<div class=\"aioseo-breadcrumbs\"><span class=\"aioseo-breadcrumb\">\n\t<a href=\"https:\/\/monatglobal.com\/pl\" title=\"Home\">Home<\/a>\n<\/span><span class=\"aioseo-breadcrumb-separator\">&raquo;<\/span><span class=\"aioseo-breadcrumb\">\n\tMONAT Leadership Circle 2026 \u2013 MONAT GLOBAL\n<\/span><\/div>","aioseo_breadcrumb_json":[{"label":"Home","link":"https:\/\/monatglobal.com\/pl"},{"label":"MONAT Leadership Circle 2026 &#8211; MONAT GLOBAL","link":"https:\/\/monatglobal.com\/pl\/leadership-circle\/"}],"_links":{"self":[{"href":"https:\/\/monatglobal.com\/pl\/wp-json\/wp\/v2\/pages\/85685","targetHints":{"allow":["GET"]}}],"collection":[{"href":"https:\/\/monatglobal.com\/pl\/wp-json\/wp\/v2\/pages"}],"about":[{"href":"https:\/\/monatglobal.com\/pl\/wp-json\/wp\/v2\/types\/page"}],"author":[{"embeddable":true,"href":"https:\/\/monatglobal.com\/pl\/wp-json\/wp\/v2\/users\/33"}],"replies":[{"embeddable":true,"href":"https:\/\/monatglobal.com\/pl\/wp-json\/wp\/v2\/comments?post=85685"}],"version-history":[{"count":11,"href":"https:\/\/monatglobal.com\/pl\/wp-json\/wp\/v2\/pages\/85685\/revisions"}],"predecessor-version":[{"id":109060,"href":"https:\/\/monatglobal.com\/pl\/wp-json\/wp\/v2\/pages\/85685\/revisions\/109060"}],"wp:featuredmedia":[{"embeddable":true,"href":"https:\/\/monatglobal.com\/pl\/wp-json\/wp\/v2\/media\/86899"}],"wp:attachment":[{"href":"https:\/\/monatglobal.com\/pl\/wp-json\/wp\/v2\/media?parent=85685"}],"wp:term":[{"taxonomy":"category","embeddable":true,"href":"https:\/\/monatglobal.com\/pl\/wp-json\/wp\/v2\/categories?post=85685"},{"taxonomy":"post_tag","embeddable":true,"href":"https:\/\/monatglobal.com\/pl\/wp-json\/wp\/v2\/tags?post=85685"}],"curies":[{"name":"wp","href":"https:\/\/api.w.org\/{rel}","templated":true}]}}