{"id":85545,"date":"2024-09-06T21:08:25","date_gmt":"2024-09-06T21:08:25","guid":{"rendered":"https:\/\/monatglobal.com\/au\/?page_id=85545"},"modified":"2026-02-19T13:58:44","modified_gmt":"2026-02-19T13:58:44","slug":"lip-plumb-gloss","status":"publish","type":"page","link":"https:\/\/monatglobal.com\/pl\/lip-plumb-gloss\/","title":{"rendered":"B\u0142yszczyk do ust | Natychmiastowe nawil\u017cenie i zwi\u0119kszenie obj\u0119to\u015bci | MONAT Makeup"},"content":{"rendered":"\n<!-- Title: B\u0142yszczyk do ust | Natychmiastowe nawil\u017cenie i zwi\u0119kszenie obj\u0119to\u015bci | MONAT Makeup -->\n<!-- Meta: Nasz b\u0142yszczyk do ust to l\u015bni\u0105ca formu\u0142a z naturalnymi sk\u0142adnikami, kt\u00f3ra natychmiastowo powi\u0119ksza i nawil\u017ca usta oraz zmniejsza widoczno\u015b\u0107 linii na ustach. -->\n<link rel=\"stylesheet\" href=\"https:\/\/monatglobal.com\/wp-content\/creative_css\/product_styles_sheet.css\">\n    <!--==================================================== ECOMM SECTION ====================================================-->\n        <!--==================================================== Ecomm image ====================================================-->\n            <p>BESTSELLERY<\/p>\n            NOWO\u015a\u0106\n                    <img decoding=\"async\" alt=\"\" src=\"\" loading=\"lazy\">\n                    <img decoding=\"async\" alt=\"\" src=\"\" loading=\"lazy\">\n                    <img decoding=\"async\" alt=\"\" src=\"\" loading=\"lazy\">\n                  <img decoding=\"async\" alt=\"A male smiling while holding BE CLARIFIED\u2122 Acne-Clearing Moisturizer.\" src=\"https:\/\/monatglobal.com\/wp-content\/uploads\/2023\/03\/pop-up-ecomm-be-clarified-Acne-Clearing-Moisturizer.jpg\" loading=\"lazy\">\n                        <img decoding=\"async\" alt=\"\" src=\"\" data-lbxp=\"\" loading=\"lazy\">\n                        <img decoding=\"async\" alt=\"\" src=\"\" data-lbxp=\"\" loading=\"lazy\">\n                        <img decoding=\"async\" alt=\"\" src=\"\" data-lbxp=\"\" loading=\"lazy\">\n                      <img decoding=\"async\" alt=\"A male smiling while holding BE CLARIFIED\u2122 Acne-Clearing Moisturizer.\" src=\"https:\/\/monatglobal.com\/wp-content\/uploads\/2023\/03\/pop-up-ecomm-be-clarified-Acne-Clearing-Moisturizer.jpg\" loading=\"lazy\">\n        <!--==================================================== Ecomm information  ====================================================-->\n            <p>BESTSELLERY<\/p>\n            NOWO\u015a\u0106\n            <p>MONAT<\/p>\n            <h1>Lip-Plumping  <br> Gloss\u2122<\/h1>\n            <!--<p>With Vitamin E and Jojoba Esters<\/p>-->\n            <p>Ta bogata w&nbsp;antyoksydanty formu\u0142a powi\u0119ksza i&nbsp;nawil\u017ca usta, zapewniaj\u0105c im pe\u0142niejszy i&nbsp;pe\u0142en blasku wygl\u0105d.<\/p>\n            <p>6 ml \u212e 0.2 fl. oz.<\/p>\n            \n                <label><input type=\"radio\" name=\"toneLip\"><\/label>\n                <label><input type=\"radio\" name=\"toneLip\"><\/label>\n                <label><input type=\"radio\" name=\"toneLip\"><\/label>\n                <label><input type=\"radio\" name=\"toneLip\"><\/label>\n                <label><input type=\"radio\" name=\"toneLip\"><\/label>\n                <label><input type=\"radio\" name=\"toneLip\"><\/label>\n           <!--==================================================== pricing box ====================================================--> \n         <p>Cena detaliczna<br>00.00 z\u0142<\/p>\n         <p>Cena dla Klient\u00f3w VIP<br>00.00 z\u0142<\/p>\n          <!--==================================================== pricing box ====================================================--> \n            <p>Aby dowiedzie\u0107 si\u0119 wi\u0119cej na temat produktu MONAT Lip-Plumping Gloss\u2122, prosimy skontaktowa\u0107 si\u0119 ze swoim Market Partnerem MONAT <\/p>\n      <a href=\"\" target=\"_blank\" role=\"button\" aria-label=\"\" rel=\"noopener\"><\/a>\n    <!--==================================================== \/ECOMM SECTION  ====================================================-->\n    <!--==================================================== Benefits image ====================================================-->\n    \n        <source id=\"benefitsMobImg\" media=\"(max-width: 700px)\" srcset=\"\">\n        <img decoding=\"async\" id=\"benefitsImg\" src=\"\" alt=\"\" loading=\"lazy\">\n    \n    <!--==================================================== Benefits text ====================================================-->\n            <h2>ZALETY<\/h2>\n            <h3>MONAT Lip-Plumping Gloss\u2122 zapewnia ustom nawil\u017cenie, ch\u0142odz\u0105cy efekt oraz pe\u0142niejszy&nbsp;wygl\u0105d.<\/h3>\n            <p>L\u015bni\u0105ca formu\u0142a jest dost\u0119pna w&nbsp;czterech odcieniach, kt\u00f3re mo\u017cna stosowa\u0107 samodzielnie, aby podkre\u015bli\u0107 naturalny wygl\u0105d ust, lub w&nbsp;po\u0142\u0105czeniu ze szmink\u0105 MONAT Liquid Lipstick\u2122, aby doda\u0107 pe\u0142ni i&nbsp;blasku.<\/p>\n            <!--==================================================== features image slide  ====================================================-->\n                    <img decoding=\"async\" src=\"\" alt=\"\" loading=\"lazy\">\n                    <img decoding=\"async\" src=\"\" alt=\"\" loading=\"lazy\">\n                    <img decoding=\"async\" src=\"\" alt=\"\" loading=\"lazy\">\n        <!--==================================================== features text ====================================================-->\n                <h3>Cechy<\/h3>\n                    <p>\/ Zapewnia natychmiastowe i&nbsp;d\u0142ugotrwa\u0142e nawil\u017cenie<\/p>\n                    <p>\/ Zawiera kompleks sk\u0142adnik\u00f3w zwi\u0119kszaj\u0105cych obj\u0119to\u015b\u0107 ust, nadaj\u0105c im j\u0119drniejszy i&nbsp;pe\u0142niejszy wygl\u0105d<\/p>\n                    <p>\/ Dost\u0119pny w 4 uniwersalnych odcieniach:<br> 2 z&nbsp;b\u0142yszcz\u0105cymi drobinkami i&nbsp;2&nbsp;z&nbsp;efektem wysokiego po\u0142ysku<\/p>\n                    <p>\/ Zmniejsza widoczno\u015b\u0107 linii na ustach*<\/p>\n                    <p>\/ Usta s\u0105 nawil\u017cone, od\u017cywione i&nbsp;pe\u0142niejsze*<\/p>\n                <p>*Na podstawie 14-dniowego badania konsumenckiego z&nbsp;udzia\u0142em 31 kobiet. Testowane przez niezale\u017cne laboratorium.<\/p>\n                <br>\n                <p>Zapach \/ Bezzapachowy<\/p>\n                <p>Konsystencja \/ B\u0142yszczyk do ust w&nbsp;p\u0142ynie<\/p>\n    <!--==================================================== composition image mobile ====================================================-->\n    <img decoding=\"async\" src=\"\" alt=\"\" loading=\"lazy\">\n    <!--==================================================== Why it works text ====================================================-->\n        <h2>Podkre\u015bl obj\u0119to\u015b\u0107<\/h2>\n              <h3>Uzyskaj efekt pe\u0142niejszych ust, o jakich marzysz i&nbsp;nawil\u017cenie, kt\u00f3rego potrzebujesz! Formu\u0142a z&nbsp;ekstraktem z&nbsp;kwiatu granatu, REJUVENIQE S\u2122 oraz olejkami ro\u015blinnymi powi\u0119ksza usta i&nbsp;zmniejsza widoczno\u015b\u0107 linii na ustach, zapewniaj\u0105c nieskazitelny&nbsp;wygl\u0105d.\n<!--==================================================== Composition section ====================================================-->\n        <img decoding=\"async\" src=\"\" alt=\"\" loading=\"lazy\">\n        <img decoding=\"async\" id=\"compImg_2\" src=\"\" alt=\"\" loading=\"lazy\">\n                <!--==================================================== Directions text ====================================================--> \n                    <\/h3><h3>Spos\u00f3b u\u017cycia<\/h3><br>\n                        <p>\/ Na\u0142\u00f3\u017c na czyste, suche usta.<\/p>\n                <!--==================================================== Directions video ====================================================-->\n                    <!---->\n<!--<p>MONAT Lip-Plumping Gloss\u2122\ufe0f <br \/>7:21<\/p>-->\n  <a href=\"\" target=\"_blank\" role=\"button\" aria-label=\"\" rel=\"noopener\"><\/a>\n    <!--==================================================== Ingredients section  ====================================================-->\n        <h2>SK\u0141ADNIKI<\/h2>\n          <img decoding=\"async\" src=\"https:\/\/monatglobal.com\/wp-content\/uploads\/2024\/08\/MONAT-Lip-Plumping-Complex.svg\" alt=\"icon of MONAT Lip-Plumping Complex\"> \n      <p>MONAT Lip-Plumping Complex<\/p>\n              <img decoding=\"async\" src=\"https:\/\/monatglobal.com\/wp-content\/uploads\/2024\/08\/Sodium-Hyaluronate.svg\" alt=\"icon of Sodium Hyaluronate\">\n      <p>Hialuronian sodu<\/p>\n           <img decoding=\"async\" src=\"https:\/\/monatglobal.com\/wp-content\/uploads\/2024\/07\/REJUVENIQE-S-1.svg\" alt=\"icon of REJUVENIQE S\u2122\">\n      <p>REJUVENIQE S\u2122<\/p>\n            <img decoding=\"async\" src=\"https:\/\/monatglobal.com\/wp-content\/uploads\/2024\/08\/Blend-of-Botanical-Oils.svg\" alt=\"icon of Blend of Botanical Oils and Polyglycerides\"> \n      <p>Mieszanka olejk\u00f3w ro\u015blinnych i&nbsp;poligliceryd\u00f3w<\/p>\n        <button id=\"myBtn\" type=\"button\">PE\u0141NA LISTA SK\u0141ADNIK\u00d3W<\/button>\n        <!--==================================================== Modal content  ====================================================-->\n            \u00d7\n            Odcienie Graceful i Confident:<br><br>\nRicinus Communis (Castor) Seed Oil, Mango Butter Dimer Dilinoleyl Esters\/Dimer Dilinoleate Copolymer, Oleic\/Linoleic\/Linolenic Polyglycerides, Simmondsia Chinensis (Jojoba) Seed Oil, Copernicia Cerifera (Carnauba) Wax\/Cire de Carnauba, Capryloyl Glycerin\/Sebacic Acid Copolymer, Polyhydroxystearic Acid, Menthoxypropanediol, Sodium Hyaluronate,Hydrogenated Rapeseed Oil, Mentha Piperita (Perppermint) Oil, Daucus Carota Sativa (Carrot) Seed Oil, Simmondsia Chinensis (Jojoba) Seed Extract, Solanum Lycopersicum (Tomato) Seed Oil, Punica Granatum Seed Oil, Punica Granatum Flower Extract, Hydrogenated Castor Oil, Gardenia Taitensis Flower Extract, Helianthus Annuus (Sunflower) Seed Oil, Mauritia Flexuosa Fruit Oil, Sorbitan Oleate, Limnanthes Alba (Meadowfoam) Seed Oil, Crambe Abyssinica Seed Oil, Camellia Oleifera Seed Oil, Adansonia Digitata Oil, Caryocar Brasiliense Fruit Oil, Citrus Aurantifolia (Lime) Oil, Citrus Aurantium Bergamia (Bergamot) Fruit Oil, Citrus Limon (Lemon) Peel Oil, Cocos Nucifera (Coconut) Oil, Moringa Oleifera Seed Oil, Olea Europaea (Olive) Fruit Oil, Caprylyl Glycol, Polyglyceryl-3 Diisostearate, Silica, MAY CONTAIN(+\/-): Titanium Dioxide (CI 77891), Iron Oxides (CI 77491, CI 77499), Red 7 (CI 15850). \n<br><br>\nOdcienie Classy, Effortless, Radiant i Authentic:<br><br>\nRicinus Communis (Castor) Seed Oil, Mango Butter Dimer Dilinoleyl Esters\/Dimer Dilinoleate Copolymer, Oleic\/Linoleic\/Linolenic Polyglycerides, Simmondsia Chinensis (Jojoba) Seed Oil, Copernicia Cerifera (Carnauba) Wax\/Cire de Carnauba, Capryloyl Glycerin\/Sebacic Acid Copolymer, Polyhydroxystearic Acid, Calcium Sodium Borosilicate, Menthoxypropanediol, Sodium Hyaluronate,Hydrogenated Rapeseed Oil, Mentha Piperita (Perppermint) Oil, Daucus Carota Sativa (Carrot) Seed Oil, Simmondsia Chinensis (Jojoba) Seed Extract, Solanum Lycopersicum (Tomato) Seed Oil, Punica Granatum Seed Oil, Punica Granatum Flower Extract, Hydrogenated Castor Oil, Gardenia Taitensis Flower Extract, Helianthus Annuus (Sunflower) Seed Oil, Mauritia Flexuosa Fruit Oil, Sorbitan Oleate, Limnanthes Alba (Meadowfoam) Seed Oil, Crambe Abyssinica Seed Oil, Camellia Oleifera Seed Oil, Adansonia Digitata Oil, Caryocar Brasiliense Fruit Oil, Citrus Aurantifolia (Lime) Oil, Citrus Aurantium Bergamia (Bergamot) Fruit Oil, Citrus Limon (Lemon) Peel Oil, Cocos Nucifera (Coconut) Oil, Moringa Oleifera Seed Oil, Olea Europaea (Olive) Fruit Oil, Caprylyl Glycol, Polyglyceryl-3 Diisostearate, Silica, Mica, Tin Oxide, Limonene, Menthol, Pinene, MAY CONTAIN(+\/-): Titanium Dioxide (CI 77891), Red 6 Lake (CI 15850), Red 7 (CI 15850) Iron Oxides (CI 77491, CI 77492, CI 77499), Yellow 5 Lake (CI 19140), Blue 1 Lake (CI42090).\t\n    <!--==================================================== You might also like section ====================================================-->\n        <h2>INNE PRODUKTY, KT\u00d3RE MOG\u0104 CI\u0118 ZAINTERESOWA\u0106<\/h2>\n        <!--==================================================== Slider YOU MIGHT ALSO LIKE ====================================================-->\n         <!--==================================================== If we need navigation buttons  ====================================================-->\n         <!--==================================================== If we need paginations  ====================================================-->\n    <a href=\"\" aria-label=\"\"><\/a>\n<!--==================================================== this link has to go last for it to work   ====================================================-->\n","protected":false},"excerpt":{"rendered":"<p>BESTSELLERY NOWO\u015a\u0106 BESTSELLERY NOWO\u015a\u0106 MONAT Lip-Plumping Gloss\u2122 Ta bogata w&nbsp;antyoksydanty formu\u0142a powi\u0119ksza i&nbsp;nawil\u017ca usta, zapewniaj\u0105c im pe\u0142niejszy i&nbsp;pe\u0142en blasku wygl\u0105d. 6 ml \u212e 0.2 fl. oz. Cena detaliczna00.00 z\u0142 Cena dla Klient\u00f3w VIP00.00 z\u0142 Aby dowiedzie\u0107 si\u0119 wi\u0119cej na temat produktu MONAT Lip-Plumping Gloss\u2122, prosimy skontaktowa\u0107 si\u0119 ze swoim Market Partnerem MONAT ZALETY MONAT Lip-Plumping&hellip;<\/p>\n","protected":false},"author":31,"featured_media":84780,"parent":0,"menu_order":0,"comment_status":"closed","ping_status":"closed","template":"","meta":{"inline_featured_image":false,"om_disable_all_campaigns":false,"_monsterinsights_skip_tracking":false,"_monsterinsights_sitenote_active":false,"_monsterinsights_sitenote_note":"","_monsterinsights_sitenote_category":0,"footnotes":""},"categories":[39],"tags":[],"class_list":["post-85545","page","type-page","status-publish","has-post-thumbnail","hentry","category-product-pl"],"aioseo_notices":[],"aioseo_head":"\n\t\t<!-- All in One SEO Pro 4.9.6 - aioseo.com -->\n\t<meta name=\"description\" content=\"Nasz b\u0142yszczyk do ust to l\u015bni\u0105ca formu\u0142a z naturalnymi sk\u0142adnikami, kt\u00f3ra natychmiastowo powi\u0119ksza i nawil\u017ca usta oraz zmniejsza widoczno\u015b\u0107 linii na ustach.\" \/>\n\t<meta name=\"robots\" content=\"max-image-preview:large\" \/>\n\t<link rel=\"canonical\" href=\"https:\/\/monatglobal.com\/pl\/lip-plumb-gloss\/\" \/>\n\t<meta name=\"generator\" content=\"All in One SEO Pro (AIOSEO) 4.9.6\" \/>\n\t\t<meta property=\"og:locale\" content=\"pl_PL\" \/>\n\t\t<meta property=\"og:site_name\" content=\"MONAT POLAND - MONAT GLOBAL\" \/>\n\t\t<meta property=\"og:type\" content=\"article\" \/>\n\t\t<meta property=\"og:title\" content=\"B\u0142yszczyk do ust | Natychmiastowe nawil\u017cenie i zwi\u0119kszenie obj\u0119to\u015bci | MONAT Makeup\" \/>\n\t\t<meta property=\"og:description\" content=\"Nasz b\u0142yszczyk do ust to l\u015bni\u0105ca formu\u0142a z naturalnymi sk\u0142adnikami, kt\u00f3ra natychmiastowo powi\u0119ksza i nawil\u017ca usta oraz zmniejsza widoczno\u015b\u0107 linii na ustach.\" \/>\n\t\t<meta property=\"og:url\" content=\"https:\/\/monatglobal.com\/pl\/lip-plumb-gloss\/\" \/>\n\t\t<meta property=\"article:published_time\" content=\"2024-09-06T21:08:25+00:00\" \/>\n\t\t<meta property=\"article:modified_time\" content=\"2026-02-19T13:58:44+00:00\" \/>\n\t\t<meta name=\"twitter:card\" content=\"summary_large_image\" \/>\n\t\t<meta name=\"twitter:title\" content=\"B\u0142yszczyk do ust | Natychmiastowe nawil\u017cenie i zwi\u0119kszenie obj\u0119to\u015bci | MONAT Makeup\" \/>\n\t\t<meta name=\"twitter:description\" content=\"Nasz b\u0142yszczyk do ust to l\u015bni\u0105ca formu\u0142a z naturalnymi sk\u0142adnikami, kt\u00f3ra natychmiastowo powi\u0119ksza i nawil\u017ca usta oraz zmniejsza widoczno\u015b\u0107 linii na ustach.\" \/>\n\t\t<script type=\"application\/ld+json\" class=\"aioseo-schema\">\n\t\t\t{\"@context\":\"https:\\\/\\\/schema.org\",\"@graph\":[{\"@type\":\"BreadcrumbList\",\"@id\":\"https:\\\/\\\/monatglobal.com\\\/pl\\\/lip-plumb-gloss\\\/#breadcrumblist\",\"itemListElement\":[{\"@type\":\"ListItem\",\"@id\":\"https:\\\/\\\/monatglobal.com\\\/pl#listItem\",\"position\":1,\"name\":\"Home\",\"item\":\"https:\\\/\\\/monatglobal.com\\\/pl\",\"nextItem\":{\"@type\":\"ListItem\",\"@id\":\"https:\\\/\\\/monatglobal.com\\\/pl\\\/lip-plumb-gloss\\\/#listItem\",\"name\":\"B\\u0142yszczyk do ust | Natychmiastowe nawil\\u017cenie i zwi\\u0119kszenie obj\\u0119to\\u015bci | MONAT Makeup\"}},{\"@type\":\"ListItem\",\"@id\":\"https:\\\/\\\/monatglobal.com\\\/pl\\\/lip-plumb-gloss\\\/#listItem\",\"position\":2,\"name\":\"B\\u0142yszczyk do ust | Natychmiastowe nawil\\u017cenie i zwi\\u0119kszenie obj\\u0119to\\u015bci | MONAT Makeup\",\"previousItem\":{\"@type\":\"ListItem\",\"@id\":\"https:\\\/\\\/monatglobal.com\\\/pl#listItem\",\"name\":\"Home\"}}]},{\"@type\":\"Organization\",\"@id\":\"https:\\\/\\\/monatglobal.com\\\/pl\\\/#organization\",\"name\":\"MONAT POLAND\",\"description\":\"MONAT GLOBAL\",\"url\":\"https:\\\/\\\/monatglobal.com\\\/pl\\\/\"},{\"@type\":\"WebPage\",\"@id\":\"https:\\\/\\\/monatglobal.com\\\/pl\\\/lip-plumb-gloss\\\/#webpage\",\"url\":\"https:\\\/\\\/monatglobal.com\\\/pl\\\/lip-plumb-gloss\\\/\",\"name\":\"B\\u0142yszczyk do ust | Natychmiastowe nawil\\u017cenie i zwi\\u0119kszenie obj\\u0119to\\u015bci | MONAT Makeup\",\"description\":\"Nasz b\\u0142yszczyk do ust to l\\u015bni\\u0105ca formu\\u0142a z naturalnymi sk\\u0142adnikami, kt\\u00f3ra natychmiastowo powi\\u0119ksza i nawil\\u017ca usta oraz zmniejsza widoczno\\u015b\\u0107 linii na ustach.\",\"inLanguage\":\"pl-PL\",\"isPartOf\":{\"@id\":\"https:\\\/\\\/monatglobal.com\\\/pl\\\/#website\"},\"breadcrumb\":{\"@id\":\"https:\\\/\\\/monatglobal.com\\\/pl\\\/lip-plumb-gloss\\\/#breadcrumblist\"},\"image\":{\"@type\":\"ImageObject\",\"url\":\"https:\\\/\\\/monatglobal.com\\\/pl\\\/wp-content\\\/uploads\\\/sites\\\/9\\\/2024\\\/09\\\/LIP-PLUMPING-GLOSS-GRACEFUL-ECOMM_2024-min.png\",\"@id\":\"https:\\\/\\\/monatglobal.com\\\/pl\\\/lip-plumb-gloss\\\/#mainImage\",\"width\":641,\"height\":800},\"primaryImageOfPage\":{\"@id\":\"https:\\\/\\\/monatglobal.com\\\/pl\\\/lip-plumb-gloss\\\/#mainImage\"},\"datePublished\":\"2024-09-06T21:08:25+01:00\",\"dateModified\":\"2026-02-19T13:58:44+00:00\"},{\"@type\":\"WebSite\",\"@id\":\"https:\\\/\\\/monatglobal.com\\\/pl\\\/#website\",\"url\":\"https:\\\/\\\/monatglobal.com\\\/pl\\\/\",\"name\":\"MONAT POLAND\",\"description\":\"MONAT GLOBAL\",\"inLanguage\":\"pl-PL\",\"publisher\":{\"@id\":\"https:\\\/\\\/monatglobal.com\\\/pl\\\/#organization\"}}]}\n\t\t<\/script>\n\t\t<!-- All in One SEO Pro -->\r\n\t\t<title>B\u0142yszczyk do ust | Natychmiastowe nawil\u017cenie i zwi\u0119kszenie obj\u0119to\u015bci | MONAT Makeup<\/title>\n\n","aioseo_head_json":{"title":"B\u0142yszczyk do ust | Natychmiastowe nawil\u017cenie i zwi\u0119kszenie obj\u0119to\u015bci | MONAT Makeup","description":"Nasz b\u0142yszczyk do ust to l\u015bni\u0105ca formu\u0142a z naturalnymi sk\u0142adnikami, kt\u00f3ra natychmiastowo powi\u0119ksza i nawil\u017ca usta oraz zmniejsza widoczno\u015b\u0107 linii na ustach.","canonical_url":"https:\/\/monatglobal.com\/pl\/lip-plumb-gloss\/","robots":"max-image-preview:large","keywords":"","webmasterTools":{"miscellaneous":""},"schema":{"@context":"https:\/\/schema.org","@graph":[{"@type":"BreadcrumbList","@id":"https:\/\/monatglobal.com\/pl\/lip-plumb-gloss\/#breadcrumblist","itemListElement":[{"@type":"ListItem","@id":"https:\/\/monatglobal.com\/pl#listItem","position":1,"name":"Home","item":"https:\/\/monatglobal.com\/pl","nextItem":{"@type":"ListItem","@id":"https:\/\/monatglobal.com\/pl\/lip-plumb-gloss\/#listItem","name":"B\u0142yszczyk do ust | Natychmiastowe nawil\u017cenie i zwi\u0119kszenie obj\u0119to\u015bci | MONAT Makeup"}},{"@type":"ListItem","@id":"https:\/\/monatglobal.com\/pl\/lip-plumb-gloss\/#listItem","position":2,"name":"B\u0142yszczyk do ust | Natychmiastowe nawil\u017cenie i zwi\u0119kszenie obj\u0119to\u015bci | MONAT Makeup","previousItem":{"@type":"ListItem","@id":"https:\/\/monatglobal.com\/pl#listItem","name":"Home"}}]},{"@type":"Organization","@id":"https:\/\/monatglobal.com\/pl\/#organization","name":"MONAT POLAND","description":"MONAT GLOBAL","url":"https:\/\/monatglobal.com\/pl\/"},{"@type":"WebPage","@id":"https:\/\/monatglobal.com\/pl\/lip-plumb-gloss\/#webpage","url":"https:\/\/monatglobal.com\/pl\/lip-plumb-gloss\/","name":"B\u0142yszczyk do ust | Natychmiastowe nawil\u017cenie i zwi\u0119kszenie obj\u0119to\u015bci | MONAT Makeup","description":"Nasz b\u0142yszczyk do ust to l\u015bni\u0105ca formu\u0142a z naturalnymi sk\u0142adnikami, kt\u00f3ra natychmiastowo powi\u0119ksza i nawil\u017ca usta oraz zmniejsza widoczno\u015b\u0107 linii na ustach.","inLanguage":"pl-PL","isPartOf":{"@id":"https:\/\/monatglobal.com\/pl\/#website"},"breadcrumb":{"@id":"https:\/\/monatglobal.com\/pl\/lip-plumb-gloss\/#breadcrumblist"},"image":{"@type":"ImageObject","url":"https:\/\/monatglobal.com\/pl\/wp-content\/uploads\/sites\/9\/2024\/09\/LIP-PLUMPING-GLOSS-GRACEFUL-ECOMM_2024-min.png","@id":"https:\/\/monatglobal.com\/pl\/lip-plumb-gloss\/#mainImage","width":641,"height":800},"primaryImageOfPage":{"@id":"https:\/\/monatglobal.com\/pl\/lip-plumb-gloss\/#mainImage"},"datePublished":"2024-09-06T21:08:25+01:00","dateModified":"2026-02-19T13:58:44+00:00"},{"@type":"WebSite","@id":"https:\/\/monatglobal.com\/pl\/#website","url":"https:\/\/monatglobal.com\/pl\/","name":"MONAT POLAND","description":"MONAT GLOBAL","inLanguage":"pl-PL","publisher":{"@id":"https:\/\/monatglobal.com\/pl\/#organization"}}]},"og:locale":"pl_PL","og:site_name":"MONAT POLAND - MONAT GLOBAL","og:type":"article","og:title":"B\u0142yszczyk do ust | Natychmiastowe nawil\u017cenie i zwi\u0119kszenie obj\u0119to\u015bci | MONAT Makeup","og:description":"Nasz b\u0142yszczyk do ust to l\u015bni\u0105ca formu\u0142a z naturalnymi sk\u0142adnikami, kt\u00f3ra natychmiastowo powi\u0119ksza i nawil\u017ca usta oraz zmniejsza widoczno\u015b\u0107 linii na ustach.","og:url":"https:\/\/monatglobal.com\/pl\/lip-plumb-gloss\/","article:published_time":"2024-09-06T21:08:25+00:00","article:modified_time":"2026-02-19T13:58:44+00:00","twitter:card":"summary_large_image","twitter:title":"B\u0142yszczyk do ust | Natychmiastowe nawil\u017cenie i zwi\u0119kszenie obj\u0119to\u015bci | MONAT Makeup","twitter:description":"Nasz b\u0142yszczyk do ust to l\u015bni\u0105ca formu\u0142a z naturalnymi sk\u0142adnikami, kt\u00f3ra natychmiastowo powi\u0119ksza i nawil\u017ca usta oraz zmniejsza widoczno\u015b\u0107 linii na ustach."},"aioseo_meta_data":{"post_id":"85545","title":"B\u0142yszczyk do ust | Natychmiastowe nawil\u017cenie i zwi\u0119kszenie obj\u0119to\u015bci | MONAT Makeup","description":"Nasz b\u0142yszczyk do ust to l\u015bni\u0105ca formu\u0142a z naturalnymi sk\u0142adnikami, kt\u00f3ra natychmiastowo powi\u0119ksza i nawil\u017ca usta oraz zmniejsza widoczno\u015b\u0107 linii na ustach.","keywords":null,"keyphrases":{"focus":{"keyphrase":"","score":0,"analysis":{"keyphraseInTitle":{"score":0,"maxScore":9,"error":1}}},"additional":[]},"primary_term":null,"canonical_url":null,"og_title":null,"og_description":null,"og_object_type":"default","og_image_type":"default","og_image_url":null,"og_image_width":null,"og_image_height":null,"og_image_custom_url":null,"og_image_custom_fields":null,"og_video":"","og_custom_url":null,"og_article_section":null,"og_article_tags":null,"twitter_use_og":false,"twitter_card":"default","twitter_image_type":"default","twitter_image_url":null,"twitter_image_custom_url":null,"twitter_image_custom_fields":null,"twitter_title":null,"twitter_description":null,"schema":{"blockGraphs":[],"customGraphs":[],"default":{"data":{"Article":[],"Course":[],"Dataset":[],"FAQPage":[],"Movie":[],"Person":[],"Product":[],"ProductReview":[],"Car":[],"Recipe":[],"Service":[],"SoftwareApplication":[],"WebPage":[]},"graphName":"WebPage","isEnabled":true},"graphs":[]},"schema_type":"default","schema_type_options":null,"pillar_content":false,"robots_default":true,"robots_noindex":false,"robots_noarchive":false,"robots_nosnippet":false,"robots_nofollow":false,"robots_noimageindex":false,"robots_noodp":false,"robots_notranslate":false,"robots_max_snippet":"-1","robots_max_videopreview":"-1","robots_max_imagepreview":"large","priority":null,"frequency":"default","local_seo":null,"seo_analyzer_scan_date":"2026-02-19 14:09:46","limit_modified_date":false,"reviewed_by":"0","open_ai":"{\"title\":{\"suggestions\":[],\"usage\":0},\"description\":{\"suggestions\":[],\"usage\":0}}","ai":{"faqs":[],"keyPoints":[],"titles":[],"descriptions":[],"socialPosts":{"email":[],"linkedin":[],"twitter":[],"facebook":[],"instagram":[]}},"created":"2024-09-19 19:55:21","updated":"2026-02-19 14:09:46"},"aioseo_breadcrumb":"<div class=\"aioseo-breadcrumbs\"><span class=\"aioseo-breadcrumb\">\n\t<a href=\"https:\/\/monatglobal.com\/pl\" title=\"Home\">Home<\/a>\n<\/span><span class=\"aioseo-breadcrumb-separator\">&raquo;<\/span><span class=\"aioseo-breadcrumb\">\n\tB\u0142yszczyk do ust | Natychmiastowe nawil\u017cenie i zwi\u0119kszenie obj\u0119to\u015bci | MONAT Makeup\n<\/span><\/div>","aioseo_breadcrumb_json":[{"label":"Home","link":"https:\/\/monatglobal.com\/pl"},{"label":"B\u0142yszczyk do ust | Natychmiastowe nawil\u017cenie i zwi\u0119kszenie obj\u0119to\u015bci | MONAT Makeup","link":"https:\/\/monatglobal.com\/pl\/lip-plumb-gloss\/"}],"_links":{"self":[{"href":"https:\/\/monatglobal.com\/pl\/wp-json\/wp\/v2\/pages\/85545","targetHints":{"allow":["GET"]}}],"collection":[{"href":"https:\/\/monatglobal.com\/pl\/wp-json\/wp\/v2\/pages"}],"about":[{"href":"https:\/\/monatglobal.com\/pl\/wp-json\/wp\/v2\/types\/page"}],"author":[{"embeddable":true,"href":"https:\/\/monatglobal.com\/pl\/wp-json\/wp\/v2\/users\/31"}],"replies":[{"embeddable":true,"href":"https:\/\/monatglobal.com\/pl\/wp-json\/wp\/v2\/comments?post=85545"}],"version-history":[{"count":33,"href":"https:\/\/monatglobal.com\/pl\/wp-json\/wp\/v2\/pages\/85545\/revisions"}],"predecessor-version":[{"id":109231,"href":"https:\/\/monatglobal.com\/pl\/wp-json\/wp\/v2\/pages\/85545\/revisions\/109231"}],"wp:featuredmedia":[{"embeddable":true,"href":"https:\/\/monatglobal.com\/pl\/wp-json\/wp\/v2\/media\/84780"}],"wp:attachment":[{"href":"https:\/\/monatglobal.com\/pl\/wp-json\/wp\/v2\/media?parent=85545"}],"wp:term":[{"taxonomy":"category","embeddable":true,"href":"https:\/\/monatglobal.com\/pl\/wp-json\/wp\/v2\/categories?post=85545"},{"taxonomy":"post_tag","embeddable":true,"href":"https:\/\/monatglobal.com\/pl\/wp-json\/wp\/v2\/tags?post=85545"}],"curies":[{"name":"wp","href":"https:\/\/api.w.org\/{rel}","templated":true}]}}