{"id":84246,"date":"2024-05-22T21:24:56","date_gmt":"2024-05-22T20:24:56","guid":{"rendered":"https:\/\/monatglobal.com\/pl\/?page_id=84246"},"modified":"2025-01-15T18:00:57","modified_gmt":"2025-01-15T18:00:57","slug":"compensation-plan","status":"publish","type":"page","link":"https:\/\/monatglobal.com\/pl\/compensation-plan\/","title":{"rendered":"Plan Wynagradzania MONAT | Rangi, Bonusy, Wyr\u00f3\u017cnienia"},"content":{"rendered":"\n\n    <h1>Plan Wynagradzania MONAT<\/h1> \n    <h2>Dowiedz si\u0119, w jaki spos\u00f3b MONAT wynagradza za sprzeda\u017c produkt\u00f3w, budowanie zespo\u0142u, pomaganie innym w&nbsp;rozwoju i&nbsp;awansowanie na wy\u017csze rangi w&nbsp;miar\u0119 budowania&nbsp;zespo\u0142u.<\/h2>\n    <p>Zosta\u0144 Market Partnerem ju\u017c dzi\u015b i&nbsp;rozpocznij satysfakcjonuj\u0105c\u0105 podr\u00f3\u017c z&nbsp;MONAT!* <\/p>\n    <a href=\"https:\/\/monatglobal.com\/pl\/wp-content\/uploads\/sites\/9\/2024\/12\/PL_Compensation-Plan-Compensation-Plan-Defintions-A4_120424_v25-1.pdf\" download=\"PL_Compensation-Plan-Compensation-Plan-Defintions-A4_120424_v25-1.pdf\">\n        <button>ZOBACZ PLAN<\/button>\n    <\/a>\n    <img decoding=\"async\" src=\"https:\/\/monatglobal.com\/pl\/wp-content\/uploads\/sites\/9\/2024\/12\/compensation-plan-PL-min-scaled.jpg\" alt=\"Compensation plan table\"\/>\n    <!--NOTE: In 2022 the average Market Partner earned $865. For more information regarding typical earnings, please visit:-->\n    <!--<a href=\"https:\/\/monatglobal.com\/income-disclosure-statement\/\" aria-label=\"go to Market Partner enrollment flow\">https:\/\/monatglobal.com\/income-disclosure-statement\/<\/a>-->\n        <a target=\"_blank\" href=\"https:\/\/corp.mymonat.com\/?globallanguage=en&#038;globalmarket=us&#038;monat_global_join_now=true&#038;monat_global_profile_type=express\" aria-label=\"go to Market Partner enrollment flow\" rel=\"noopener\">ROZPOCZNIJ DZIA\u0141ALNO\u015a\u0106 JU\u017b DZI\u015a <\/a>\n\n","protected":false},"excerpt":{"rendered":"<p>Plan Wynagradzania MONAT Dowiedz si\u0119, w jaki spos\u00f3b MONAT wynagradza za sprzeda\u017c produkt\u00f3w, budowanie zespo\u0142u, pomaganie innym w&nbsp;rozwoju i&nbsp;awansowanie na wy\u017csze rangi w&nbsp;miar\u0119 budowania&nbsp;zespo\u0142u. Zosta\u0144 Market Partnerem ju\u017c dzi\u015b i&nbsp;rozpocznij satysfakcjonuj\u0105c\u0105 podr\u00f3\u017c z&nbsp;MONAT!* ZOBACZ PLAN ROZPOCZNIJ DZIA\u0141ALNO\u015a\u0106 JU\u017b DZI\u015a<\/p>\n","protected":false},"author":47,"featured_media":0,"parent":0,"menu_order":0,"comment_status":"closed","ping_status":"closed","template":"","meta":{"inline_featured_image":false,"om_disable_all_campaigns":false,"_monsterinsights_skip_tracking":false,"_monsterinsights_sitenote_active":false,"_monsterinsights_sitenote_note":"","_monsterinsights_sitenote_category":0,"footnotes":""},"categories":[],"tags":[],"class_list":["post-84246","page","type-page","status-publish","hentry"],"aioseo_notices":[],"aioseo_head":"\n\t\t<!-- All in One SEO Pro 4.9.6 - aioseo.com -->\n\t<meta name=\"description\" content=\"Zobacz, jak wygl\u0105da podr\u00f3\u017c w kierunku rozwoju w MONAT. Dowiedz si\u0119, jak MONAT wynagradza Market Partner\u00f3w na ka\u017cdej randze.\" \/>\n\t<meta name=\"robots\" content=\"max-image-preview:large\" \/>\n\t<link rel=\"canonical\" href=\"https:\/\/monatglobal.com\/pl\/compensation-plan\/\" \/>\n\t<meta name=\"generator\" content=\"All in One SEO Pro (AIOSEO) 4.9.6\" \/>\n\t\t<meta property=\"og:locale\" content=\"pl_PL\" \/>\n\t\t<meta property=\"og:site_name\" content=\"MONAT POLAND - MONAT GLOBAL\" \/>\n\t\t<meta property=\"og:type\" content=\"article\" \/>\n\t\t<meta property=\"og:title\" content=\"Plan Wynagradzania MONAT | Rangi, Bonusy, Wyr\u00f3\u017cnienia\" \/>\n\t\t<meta property=\"og:description\" content=\"Zobacz, jak wygl\u0105da podr\u00f3\u017c w kierunku rozwoju w MONAT. Dowiedz si\u0119, jak MONAT wynagradza Market Partner\u00f3w na ka\u017cdej randze.\" \/>\n\t\t<meta property=\"og:url\" content=\"https:\/\/monatglobal.com\/pl\/compensation-plan\/\" \/>\n\t\t<meta property=\"article:published_time\" content=\"2024-05-22T20:24:56+00:00\" \/>\n\t\t<meta property=\"article:modified_time\" content=\"2025-01-15T18:00:57+00:00\" \/>\n\t\t<meta name=\"twitter:card\" content=\"summary_large_image\" \/>\n\t\t<meta name=\"twitter:title\" content=\"Plan Wynagradzania MONAT | Rangi, Bonusy, Wyr\u00f3\u017cnienia\" \/>\n\t\t<meta name=\"twitter:description\" content=\"Zobacz, jak wygl\u0105da podr\u00f3\u017c w kierunku rozwoju w MONAT. Dowiedz si\u0119, jak MONAT wynagradza Market Partner\u00f3w na ka\u017cdej randze.\" \/>\n\t\t<script type=\"application\/ld+json\" class=\"aioseo-schema\">\n\t\t\t{\"@context\":\"https:\\\/\\\/schema.org\",\"@graph\":[{\"@type\":\"BreadcrumbList\",\"@id\":\"https:\\\/\\\/monatglobal.com\\\/pl\\\/compensation-plan\\\/#breadcrumblist\",\"itemListElement\":[{\"@type\":\"ListItem\",\"@id\":\"https:\\\/\\\/monatglobal.com\\\/pl#listItem\",\"position\":1,\"name\":\"Home\",\"item\":\"https:\\\/\\\/monatglobal.com\\\/pl\",\"nextItem\":{\"@type\":\"ListItem\",\"@id\":\"https:\\\/\\\/monatglobal.com\\\/pl\\\/compensation-plan\\\/#listItem\",\"name\":\"Plan Wynagradzania MONAT | Rangi, Bonusy, Wyr\\u00f3\\u017cnienia\"}},{\"@type\":\"ListItem\",\"@id\":\"https:\\\/\\\/monatglobal.com\\\/pl\\\/compensation-plan\\\/#listItem\",\"position\":2,\"name\":\"Plan Wynagradzania MONAT | Rangi, Bonusy, Wyr\\u00f3\\u017cnienia\",\"previousItem\":{\"@type\":\"ListItem\",\"@id\":\"https:\\\/\\\/monatglobal.com\\\/pl#listItem\",\"name\":\"Home\"}}]},{\"@type\":\"Organization\",\"@id\":\"https:\\\/\\\/monatglobal.com\\\/pl\\\/#organization\",\"name\":\"MONAT POLAND\",\"description\":\"MONAT GLOBAL\",\"url\":\"https:\\\/\\\/monatglobal.com\\\/pl\\\/\"},{\"@type\":\"WebPage\",\"@id\":\"https:\\\/\\\/monatglobal.com\\\/pl\\\/compensation-plan\\\/#webpage\",\"url\":\"https:\\\/\\\/monatglobal.com\\\/pl\\\/compensation-plan\\\/\",\"name\":\"Plan Wynagradzania MONAT | Rangi, Bonusy, Wyr\\u00f3\\u017cnienia\",\"description\":\"Zobacz, jak wygl\\u0105da podr\\u00f3\\u017c w kierunku rozwoju w MONAT. Dowiedz si\\u0119, jak MONAT wynagradza Market Partner\\u00f3w na ka\\u017cdej randze.\",\"inLanguage\":\"pl-PL\",\"isPartOf\":{\"@id\":\"https:\\\/\\\/monatglobal.com\\\/pl\\\/#website\"},\"breadcrumb\":{\"@id\":\"https:\\\/\\\/monatglobal.com\\\/pl\\\/compensation-plan\\\/#breadcrumblist\"},\"datePublished\":\"2024-05-22T21:24:56+01:00\",\"dateModified\":\"2025-01-15T18:00:57+00:00\"},{\"@type\":\"WebSite\",\"@id\":\"https:\\\/\\\/monatglobal.com\\\/pl\\\/#website\",\"url\":\"https:\\\/\\\/monatglobal.com\\\/pl\\\/\",\"name\":\"MONAT POLAND\",\"description\":\"MONAT GLOBAL\",\"inLanguage\":\"pl-PL\",\"publisher\":{\"@id\":\"https:\\\/\\\/monatglobal.com\\\/pl\\\/#organization\"}}]}\n\t\t<\/script>\n\t\t<!-- All in One SEO Pro -->\r\n\t\t<title>Plan Wynagradzania MONAT | Rangi, Bonusy, Wyr\u00f3\u017cnienia<\/title>\n\n","aioseo_head_json":{"title":"Plan Wynagradzania MONAT | Rangi, Bonusy, Wyr\u00f3\u017cnienia","description":"Zobacz, jak wygl\u0105da podr\u00f3\u017c w kierunku rozwoju w MONAT. Dowiedz si\u0119, jak MONAT wynagradza Market Partner\u00f3w na ka\u017cdej randze.","canonical_url":"https:\/\/monatglobal.com\/pl\/compensation-plan\/","robots":"max-image-preview:large","keywords":"","webmasterTools":{"miscellaneous":""},"schema":{"@context":"https:\/\/schema.org","@graph":[{"@type":"BreadcrumbList","@id":"https:\/\/monatglobal.com\/pl\/compensation-plan\/#breadcrumblist","itemListElement":[{"@type":"ListItem","@id":"https:\/\/monatglobal.com\/pl#listItem","position":1,"name":"Home","item":"https:\/\/monatglobal.com\/pl","nextItem":{"@type":"ListItem","@id":"https:\/\/monatglobal.com\/pl\/compensation-plan\/#listItem","name":"Plan Wynagradzania MONAT | Rangi, Bonusy, Wyr\u00f3\u017cnienia"}},{"@type":"ListItem","@id":"https:\/\/monatglobal.com\/pl\/compensation-plan\/#listItem","position":2,"name":"Plan Wynagradzania MONAT | Rangi, Bonusy, Wyr\u00f3\u017cnienia","previousItem":{"@type":"ListItem","@id":"https:\/\/monatglobal.com\/pl#listItem","name":"Home"}}]},{"@type":"Organization","@id":"https:\/\/monatglobal.com\/pl\/#organization","name":"MONAT POLAND","description":"MONAT GLOBAL","url":"https:\/\/monatglobal.com\/pl\/"},{"@type":"WebPage","@id":"https:\/\/monatglobal.com\/pl\/compensation-plan\/#webpage","url":"https:\/\/monatglobal.com\/pl\/compensation-plan\/","name":"Plan Wynagradzania MONAT | Rangi, Bonusy, Wyr\u00f3\u017cnienia","description":"Zobacz, jak wygl\u0105da podr\u00f3\u017c w kierunku rozwoju w MONAT. Dowiedz si\u0119, jak MONAT wynagradza Market Partner\u00f3w na ka\u017cdej randze.","inLanguage":"pl-PL","isPartOf":{"@id":"https:\/\/monatglobal.com\/pl\/#website"},"breadcrumb":{"@id":"https:\/\/monatglobal.com\/pl\/compensation-plan\/#breadcrumblist"},"datePublished":"2024-05-22T21:24:56+01:00","dateModified":"2025-01-15T18:00:57+00:00"},{"@type":"WebSite","@id":"https:\/\/monatglobal.com\/pl\/#website","url":"https:\/\/monatglobal.com\/pl\/","name":"MONAT POLAND","description":"MONAT GLOBAL","inLanguage":"pl-PL","publisher":{"@id":"https:\/\/monatglobal.com\/pl\/#organization"}}]},"og:locale":"pl_PL","og:site_name":"MONAT POLAND - MONAT GLOBAL","og:type":"article","og:title":"Plan Wynagradzania MONAT | Rangi, Bonusy, Wyr\u00f3\u017cnienia","og:description":"Zobacz, jak wygl\u0105da podr\u00f3\u017c w kierunku rozwoju w MONAT. Dowiedz si\u0119, jak MONAT wynagradza Market Partner\u00f3w na ka\u017cdej randze.","og:url":"https:\/\/monatglobal.com\/pl\/compensation-plan\/","article:published_time":"2024-05-22T20:24:56+00:00","article:modified_time":"2025-01-15T18:00:57+00:00","twitter:card":"summary_large_image","twitter:title":"Plan Wynagradzania MONAT | Rangi, Bonusy, Wyr\u00f3\u017cnienia","twitter:description":"Zobacz, jak wygl\u0105da podr\u00f3\u017c w kierunku rozwoju w MONAT. Dowiedz si\u0119, jak MONAT wynagradza Market Partner\u00f3w na ka\u017cdej randze."},"aioseo_meta_data":{"post_id":"84246","title":"Plan Wynagradzania MONAT | Rangi, Bonusy, Wyr\u00f3\u017cnienia","description":"Zobacz, jak wygl\u0105da podr\u00f3\u017c w kierunku rozwoju w MONAT. Dowiedz si\u0119, jak MONAT wynagradza Market Partner\u00f3w na ka\u017cdej randze.","keywords":null,"keyphrases":{"focus":{"keyphrase":"","score":0,"analysis":{"keyphraseInTitle":{"score":0,"maxScore":9,"error":1}}},"additional":[]},"primary_term":null,"canonical_url":null,"og_title":null,"og_description":null,"og_object_type":"default","og_image_type":"default","og_image_url":null,"og_image_width":null,"og_image_height":null,"og_image_custom_url":null,"og_image_custom_fields":null,"og_video":"","og_custom_url":null,"og_article_section":null,"og_article_tags":null,"twitter_use_og":false,"twitter_card":"default","twitter_image_type":"default","twitter_image_url":null,"twitter_image_custom_url":null,"twitter_image_custom_fields":null,"twitter_title":null,"twitter_description":null,"schema":{"blockGraphs":[],"customGraphs":[],"default":{"data":{"Article":[],"Course":[],"Dataset":[],"FAQPage":[],"Movie":[],"Person":[],"Product":[],"ProductReview":[],"Car":[],"Recipe":[],"Service":[],"SoftwareApplication":[],"WebPage":[]},"graphName":"WebPage","isEnabled":true},"graphs":[]},"schema_type":"default","schema_type_options":null,"pillar_content":false,"robots_default":true,"robots_noindex":false,"robots_noarchive":false,"robots_nosnippet":false,"robots_nofollow":false,"robots_noimageindex":false,"robots_noodp":false,"robots_notranslate":false,"robots_max_snippet":"-1","robots_max_videopreview":"-1","robots_max_imagepreview":"large","priority":null,"frequency":"default","local_seo":null,"seo_analyzer_scan_date":"2025-08-15 06:10:38","limit_modified_date":false,"reviewed_by":null,"open_ai":"{\"title\":{\"suggestions\":[],\"usage\":0},\"description\":{\"suggestions\":[],\"usage\":0}}","ai":null,"created":"2024-05-22 18:21:08","updated":"2026-02-10 05:31:06"},"aioseo_breadcrumb":"<div class=\"aioseo-breadcrumbs\"><span class=\"aioseo-breadcrumb\">\n\t<a href=\"https:\/\/monatglobal.com\/pl\" title=\"Home\">Home<\/a>\n<\/span><span class=\"aioseo-breadcrumb-separator\">&raquo;<\/span><span class=\"aioseo-breadcrumb\">\n\tPlan Wynagradzania MONAT | Rangi, Bonusy, Wyr\u00f3\u017cnienia\n<\/span><\/div>","aioseo_breadcrumb_json":[{"label":"Home","link":"https:\/\/monatglobal.com\/pl"},{"label":"Plan Wynagradzania MONAT | Rangi, Bonusy, Wyr\u00f3\u017cnienia","link":"https:\/\/monatglobal.com\/pl\/compensation-plan\/"}],"_links":{"self":[{"href":"https:\/\/monatglobal.com\/pl\/wp-json\/wp\/v2\/pages\/84246","targetHints":{"allow":["GET"]}}],"collection":[{"href":"https:\/\/monatglobal.com\/pl\/wp-json\/wp\/v2\/pages"}],"about":[{"href":"https:\/\/monatglobal.com\/pl\/wp-json\/wp\/v2\/types\/page"}],"author":[{"embeddable":true,"href":"https:\/\/monatglobal.com\/pl\/wp-json\/wp\/v2\/users\/47"}],"replies":[{"embeddable":true,"href":"https:\/\/monatglobal.com\/pl\/wp-json\/wp\/v2\/comments?post=84246"}],"version-history":[{"count":12,"href":"https:\/\/monatglobal.com\/pl\/wp-json\/wp\/v2\/pages\/84246\/revisions"}],"predecessor-version":[{"id":86142,"href":"https:\/\/monatglobal.com\/pl\/wp-json\/wp\/v2\/pages\/84246\/revisions\/86142"}],"wp:attachment":[{"href":"https:\/\/monatglobal.com\/pl\/wp-json\/wp\/v2\/media?parent=84246"}],"wp:term":[{"taxonomy":"category","embeddable":true,"href":"https:\/\/monatglobal.com\/pl\/wp-json\/wp\/v2\/categories?post=84246"},{"taxonomy":"post_tag","embeddable":true,"href":"https:\/\/monatglobal.com\/pl\/wp-json\/wp\/v2\/tags?post=84246"}],"curies":[{"name":"wp","href":"https:\/\/api.w.org\/{rel}","templated":true}]}}