{"id":84202,"date":"2024-04-12T20:51:26","date_gmt":"2024-04-12T19:51:26","guid":{"rendered":"https:\/\/monatglobal.com\/pl\/?page_id=84202"},"modified":"2026-02-19T18:06:46","modified_gmt":"2026-02-19T18:06:46","slug":"renew-conditioner","status":"publish","type":"page","link":"https:\/\/monatglobal.com\/pl\/renew-conditioner\/","title":{"rendered":"Renew Od\u017cywka | Produkty MONAT dla suchych w\u0142os\u00f3w"},"content":{"rendered":"\n<link rel=\"stylesheet\" href=\"https:\/\/monatglobal.com\/wp-content\/creative_css\/product_styles_sheet.css\">\n   <!--==================================================== ECOMM SECTION ====================================================-->\n   <p>BESTSELLERY<\/p>\n      <!--==================================================== Ecomm image ====================================================-->\n         NOWO\u015a\u0106\n               <img decoding=\"async\" alt=\"Product shot of the Renew Conditioner\" src=\"https:\/\/monatglobal.com\/wp-content\/uploads\/2023\/11\/renew-conditioner-ecomm-min.png\" loading=\"lazy\"> \n               <img decoding=\"async\" alt=\"A tube Renew Conditioner on a purple surface\" src=\"https:\/\/monatglobal.com\/wp-content\/uploads\/2023\/12\/renew-conditioner-ecomm-closeup-min-min.jpg\" loading=\"lazy\">\n                  <img decoding=\"async\" alt=\"Product shot of the Renew Conditioner\" src=\"https:\/\/monatglobal.com\/wp-content\/uploads\/2023\/11\/renew-conditioner-ecomm-min.png\" data-lbxp=\"\" loading=\"lazy\">\n                  <img decoding=\"async\" alt=\"A tube Renew Conditioner on a purple surface.\" src=\"https:\/\/monatglobal.com\/wp-content\/uploads\/2023\/12\/renew-conditioner-ecomm-closeup-min-min.jpg\" loading=\"lazy\">\n      <!--==================================================== Ecomm information  ====================================================-->\n         NOWO\u015a\u0106\n         <p>BESTSELLERY<\/p>\n         <h1>Renew\u2122 <br> Od\u017cywka<\/h1>\n         <p>z olejkiem REJUVENIQE<sup>\u00ae<\/sup><\/p>\n         <p>Bogata w sk\u0142adniki od\u017cywcze formu\u0142a zapewnia odpowiednio zr\u00f3wnowa\u017cone nawil\u017cenie suchym w\u0142osom o&nbsp;g\u0119stej lub \u015bredniej&nbsp;teksturze.<\/p>\n         <p> 237 ml e  8 fl. oz.<\/p>\n      <!--==================================================== pricing box ====================================================-->     \n         <p>Cena detaliczna<br>000.00 z\u0142<\/p>\n         <p>Cena dla Klient\u00f3w VIP<br>000.00 z\u0142<\/p>\n      <!--==================================================== pricing box ====================================================-->     \n         <p>Aby dowiedzie\u0107 si\u0119 wi\u0119cej na temat produktu Renew\u2122 Od\u017cywka, prosimy skontaktowa\u0107 si\u0119 ze swoim Market Partnerem MONAT.<\/p>\n          <a href=\"\" target=\"_blank\" role=\"button\" aria-label=\"\" rel=\"noopener\"><\/a>\n   <!--==================================================== \/ECOMM SECTION  ====================================================-->\n    <!--==================================================== Benefits image ====================================================-->\n   \n      <source media=\"(max-width: 700px)\" srcset=\"https:\/\/monatglobal.com\/ca\/wp-content\/uploads\/sites\/5\/2023\/11\/renew-conditioner-benefits-mobile-min.jpg\" loading=\"lazy\">\n      <img decoding=\"async\" alt=\"Red-haired woman holding a tube of Renew Conditioner.\" src=\"https:\/\/monatglobal.com\/ca\/wp-content\/uploads\/sites\/5\/2023\/11\/renew-conditioner-benefits-desktop-min.jpg\" loading=\"lazy\">\n   \n   <!--==================================================== Benefits text ====================================================-->\n         <h2>ZALETY<\/h2>\n         <h3>Ta od\u017cywka z REJUVENIQE<sup>\u00ae<\/sup> pomaga przywr\u00f3ci\u0107 niezb\u0119dne nawil\u017cenie w\u0142osom g\u0119stym i&nbsp;tym o&nbsp;\u015bredniej&nbsp;g\u0119sto\u015bci.<\/h3>\n         <p>Stanowi r\u00f3wnie\u017c idealne dope\u0142nienie dla naszego bestsellerowego Szamponu&nbsp;Renew\u2122!<\/p>\n         <!--==================================================== features image  ====================================================-->\n         <img decoding=\"async\" alt=\"Tube of Renew Conditioner on a white tray.\" src=\"https:\/\/monatglobal.com\/wp-content\/uploads\/2023\/11\/renew-conditioner-features-min.jpg\" loading=\"lazy\">\n      <!--==================================================== features text ====================================================-->\n            <h3>Cechy<\/h3>\n               <p>\/ Nawil\u017ca w\u0142osy <\/p>\n               <p>\/ Dostarcza nawodnienie<\/p>\n               <p>\/ Poprawia po\u015blizg i&nbsp;u\u0142atwia uk\u0142adanie <\/p>\n               <p>\/ Formu\u0142a bez silikon\u00f3w, odpowiednia do codziennego stosowania lub przy ka\u017cdym myciu <\/p>\n               <p>\/ Odpowiednia dla w\u0142os\u00f3w g\u0119stych i&nbsp;tych o&nbsp;\u015bredniej g\u0119sto\u015bci <\/p>\n               <br>\n            <p>Zapach \/ Zio\u0142owo-kwiatowy zapach z&nbsp;nutami ja\u015bminu, cytryny Meyer, neroli i&nbsp;zielonej herbaty.<\/p>\n            <p> Konsystencja \/ Kremowa<\/p>\n   <!--==================================================== composition image mobile ====================================================-->\n   <img decoding=\"async\" alt=\"Renew Condtioner tube and brush\" src=\"https:\/\/monatglobal.com\/wp-content\/uploads\/2023\/11\/renew-conditioner-standalone-min.jpg\" loading=\"lazy\">\n   <!--==================================================== Why it works text  ====================================================-->\n      <h2>Formu\u0142a bogata w sk\u0142adniki nawil\u017caj\u0105ce<\/h2>\n      <h3>Popularne sk\u0142adniki do sk\u00f3ry s\u0105 teraz r\u00f3wnie\u017c wykorzystywane w piel\u0119gnacji&nbsp;w\u0142os\u00f3w. <\/h3>\n      <p>MONAT wyni\u00f3s\u0142 ten koncept na wy\u017cszy poziom, dodaj\u0105c do naszej od\u017cywki takie sk\u0142adniki, jak kwas&nbsp;hialuronowy. <\/p>\n<!--==================================================== Composition section ====================================================-->\n      <img decoding=\"async\" alt=\"Renew Condtioner tube and brush.\" src=\"https:\/\/monatglobal.com\/wp-content\/uploads\/2023\/11\/renew-conditioner-standalone-min.jpg\" loading=\"lazy\">\n      <img decoding=\"async\" alt=\"A woman brushing her hair with a purple comb.\" src=\"https:\/\/monatglobal.com\/wp-content\/uploads\/2023\/11\/renew-conditioner-composition-min.jpg\" loading=\"lazy\">\n            <!--==================================================== Directions text ====================================================--> \n               <h3>Spos\u00f3b u\u017cycia<\/h3>\n               <p>\/ Stosuj po u\u017cyciu Szamponu Renew\u2122. <\/p>\n               <p>\/ Wyci\u015bnij nadmiar wody z&nbsp;w\u0142os\u00f3w, a&nbsp;nast\u0119pnie na\u0142\u00f3\u017c od\u017cywk\u0119 od sk\u00f3ry g\u0142owy po ko\u0144c\u00f3wki. <\/p>\n               <p>\/ Pozostaw na 3-5 minut.<\/p>\n               <p>\/ Dobrze sp\u0142ucz.<\/p>\n            <!--==================================================== Directions video ====================================================-->\n      <p>MONAT IR Clinical\u2122 <br> Clear Brow Gel <br>7:21<\/p>\n      <a href=\"\" target=\"_blank\" role=\"button\" aria-label=\"\" rel=\"noopener\"><\/a>\n   <!--==================================================== Ingredients section  ====================================================-->\n      <h2>SK\u0141ADNIKI<\/h2>\n              <img decoding=\"async\" src=\"https:\/\/monatglobal.com\/wp-content\/uploads\/2022\/11\/REJUVENIQE\u2122.svg\" alt=\"REJUVENIQE Icon\">\n               <p>REJUVENIQE<sup>\u00ae<\/sup><\/p>\n\t\t\t<img decoding=\"async\" src=\"https:\/\/monatglobal.com\/wp-content\/uploads\/2023\/11\/Micro-Encapsulation-Shea-Complex.svg\" alt=\"Micro-Encapsulation-Shea-Complex Icon\">\n               <p>Mikrokapsu\u0142kowy kompleks&nbsp;shea<\/p>\n\t\t\t<img decoding=\"async\" src=\"https:\/\/monatglobal.com\/wp-content\/uploads\/2023\/11\/Moisture-Complex.svg\" alt=\"Moisture-Complex\">\n               <p>Kompleks nawil\u017caj\u0105cy<\/p>\n\t\t\t<img decoding=\"async\" src=\"https:\/\/monatglobal.com\/wp-content\/uploads\/2023\/11\/Jojoba-OilAbyssinian-OilSafflower-Seed-Oil.svg\" alt=\"Jojoba Oil\/Abyssinian Oil\/Safflower Seed Oil\">\n               <p>Olej jojoba\/olej abisy\u0144ski\/olej z&nbsp;krokosza barwierskiego<\/p>\n      <button id=\"myBtn\" type=\"button\">LISTA SK\u0141ADNIK\u00d3W<\/button>\n      <!--==================================================== Modal content  ====================================================-->\n         \u00d7\n         <p>Aqua\/Water\/Eau, Cetearyl Alcohol, Isoamyl Laurate, Behentrimonium Chloride, Fragrance\/Parfum, Crambe Abyssinica Seed Oil, Coconut Alkanes, Glycerin, Sodium Hyaluronate, Pisum Sativum (Pea) Extract, Limnanthes Alba (Meadowfoam) Seed Oil, Butyrospermum Parkii (Shea) Butter Extract, Hydrolyzed Quinoa, Hydroxyethylcellulose, Brassicyl Valinate Esylate, Simmondsia Chinensis (Jojoba) Seed Oil, Rosmarinus Officinalis (Rosemary) Leaf Extract, Trifolium Pratense (Clover) Flower Extract, Adansonia Digitata Oil, Mauritia Flexuosa Fruit Oil, Cocos Nucifera (Coconut) Oil, Cinnamidopropyltrimonium Chloride, Guar Hydroxypropyltrimonium Chloride, Solanum Lycopersicum (Tomato) Seed Oil, Daucus Carota Sativa (Carrot) Seed Oil, Citrus Limon (Lemon) Peel Oil, Carthamus Tinctorius (Safflower) Seed Oil, Gardenia Taitensis Flower Extract, Moringa Oleifera Seed Oil, Glyceryl Caprylate, Xanthan Gum, Sodium Hydroxide, Caryocar Brasiliense Fruit Oil, Helianthus Annuus (Sunflower) Seed Oil, Citrus Aurantium Bergamia (Bergamot) Fruit Oil, Camellia Oleifera Seed Oil, Sodium Gluconate, Calcium Gluconate, Coco-Caprylate\/Caprate, Polyglyceryl-6 Stearate, Butylene Glycol, Panthenol, Ceteareth-20, 1,2 Hexanediol, Sodium Phosphate, Dextran, Citrus Aurantifolia (Lime) Oil, Acetyl Tetrapeptide-3, Disodium Phosphate, Polysorbate 60, Cetrimonium Chloride, Isopropyl Alcohol, Brassica Alcohol, Citric Acid, Benzyl Alcohol, Sodium Benzoate, Potassium Sorbate, Citronellol, Limonene, Hexyl Cinnamal.<\/p>\n   <!--==================================================== You might also like section ====================================================-->\n      <h2>INNE PRODUKTY, KT\u00d3RE MOG\u0104 CI\u0118 ZAINTERESOWA\u0106<\/h2>\n      <!--==================================================== Slider YOU MIGHT ALSO LIKE ====================================================-->\n      <!---->\n      <!--   -->\n            <!--==================================================== Slides products ====================================================-->\n      <!--      -->\n      <!--         <a href=\"https:\/\/monatglobal.com\/pl\/renew-shampoo\/\" aria-label=\"Go to Renew Shampoo page\">-->\n      <!--            <img decoding=\"async\" src=\"https:\/\/monatglobal.com\/wp-content\/uploads\/2022\/06\/renew-shampoo-e-comm.png\" alt=\"Renew Shampoo\" loading=\"lazy\"\/>-->\n      <!--            <p>Renew\u2122 Szampon<\/p>-->\n      <!--         <\/a>-->\n      <!--      -->\n      <!--      -->\n      <!--         <a href=\"https:\/\/monatglobal.com\/pl\/replenish-masque\/\" aria-label=\"Go to Replenish\u2122 Masque page\">-->\n      <!--            <img decoding=\"async\" src=\"https:\/\/monatglobal.com\/wp-content\/uploads\/2022\/06\/replenish-masque-e-comm.png\" alt=\"Replenish\u2122 Masque\" loading=\"lazy\"\/>-->\n      <!--            <p>Replenish\u2122 Maska<\/p>-->\n      <!--         <\/a>-->\n      <!--      -->\n      <!--      -->\n      <!--         <a href=\"https:\/\/monatglobal.com\/pl\/restore-leave-in-conditioner\/\" aria-label=\"Go to Restore\u2122 Leave-In Conditioner  page\">-->\n      <!--            <img decoding=\"async\" src=\"https:\/\/monatglobal.com\/nz\/wp-content\/uploads\/sites\/15\/2022\/10\/RESTORE-LEAVE-IN-CONDITIONER-ecomm.png\" alt=\"Restore\u2122 Leave-In Conditioner\" loading=\"lazy\"\/>-->\n      <!--            <p>Restore\u2122 Od\u017cywka bez sp\u0142ukiwania<\/p>-->\n      <!--         <\/a>-->\n      <!--       -->\n      <!--   -->\n         <!--==================================================== If we need navigation buttons  ====================================================-->\n      <!--   -->\n      <!--   -->\n         <!--==================================================== If we need paginations  ====================================================-->\n      <!--   -->\n      <!---->\n         <!--==================================================== If we need navigation buttons  ====================================================-->\n         <!--==================================================== If we need paginations  ====================================================-->\n    <a href=\"\" aria-label=\"\"><\/a>\n","protected":false},"excerpt":{"rendered":"<p>BESTSELLERY NOWO\u015a\u0106 NOWO\u015a\u0106 BESTSELLERY Renew\u2122 Od\u017cywka z olejkiem REJUVENIQE\u00ae Bogata w sk\u0142adniki od\u017cywcze formu\u0142a zapewnia odpowiednio zr\u00f3wnowa\u017cone nawil\u017cenie suchym w\u0142osom o&nbsp;g\u0119stej lub \u015bredniej&nbsp;teksturze. 237 ml e 8 fl. oz. Cena detaliczna000.00 z\u0142 Cena dla Klient\u00f3w VIP000.00 z\u0142 Aby dowiedzie\u0107 si\u0119 wi\u0119cej na temat produktu Renew\u2122 Od\u017cywka, prosimy skontaktowa\u0107 si\u0119 ze swoim Market Partnerem MONAT. ZALETY&hellip;<\/p>\n","protected":false},"author":47,"featured_media":84269,"parent":0,"menu_order":0,"comment_status":"closed","ping_status":"closed","template":"","meta":{"inline_featured_image":false,"om_disable_all_campaigns":false,"_monsterinsights_skip_tracking":false,"_monsterinsights_sitenote_active":false,"_monsterinsights_sitenote_note":"","_monsterinsights_sitenote_category":0,"footnotes":""},"categories":[39],"tags":[],"class_list":["post-84202","page","type-page","status-publish","has-post-thumbnail","hentry","category-product-pl"],"aioseo_notices":[],"aioseo_head":"\n\t\t<!-- All in One SEO Pro 4.9.6 - aioseo.com -->\n\t<meta name=\"description\" content=\"BESTSELLERY NOWO\u015a\u0106 --&gt;\" \/>\n\t<meta name=\"robots\" content=\"max-image-preview:large\" \/>\n\t<link rel=\"canonical\" href=\"https:\/\/monatglobal.com\/pl\/renew-conditioner\/\" \/>\n\t<meta name=\"generator\" content=\"All in One SEO Pro (AIOSEO) 4.9.6\" \/>\n\t\t<meta property=\"og:locale\" content=\"pl_PL\" \/>\n\t\t<meta property=\"og:site_name\" content=\"MONAT POLAND - MONAT GLOBAL\" \/>\n\t\t<meta property=\"og:type\" content=\"article\" \/>\n\t\t<meta property=\"og:title\" content=\"Renew Od\u017cywka | Produkty MONAT dla suchych w\u0142os\u00f3w\" \/>\n\t\t<meta property=\"og:description\" content=\"BESTSELLERY NOWO\u015a\u0106 --&gt;\" \/>\n\t\t<meta property=\"og:url\" content=\"https:\/\/monatglobal.com\/pl\/renew-conditioner\/\" \/>\n\t\t<meta property=\"article:published_time\" content=\"2024-04-12T19:51:26+00:00\" \/>\n\t\t<meta property=\"article:modified_time\" content=\"2026-02-19T18:06:46+00:00\" \/>\n\t\t<meta name=\"twitter:card\" content=\"summary_large_image\" \/>\n\t\t<meta name=\"twitter:title\" content=\"Renew Od\u017cywka | Produkty MONAT dla suchych w\u0142os\u00f3w\" \/>\n\t\t<meta name=\"twitter:description\" content=\"BESTSELLERY NOWO\u015a\u0106 --&gt;\" \/>\n\t\t<script type=\"application\/ld+json\" class=\"aioseo-schema\">\n\t\t\t{\"@context\":\"https:\\\/\\\/schema.org\",\"@graph\":[{\"@type\":\"BreadcrumbList\",\"@id\":\"https:\\\/\\\/monatglobal.com\\\/pl\\\/renew-conditioner\\\/#breadcrumblist\",\"itemListElement\":[{\"@type\":\"ListItem\",\"@id\":\"https:\\\/\\\/monatglobal.com\\\/pl#listItem\",\"position\":1,\"name\":\"Home\",\"item\":\"https:\\\/\\\/monatglobal.com\\\/pl\",\"nextItem\":{\"@type\":\"ListItem\",\"@id\":\"https:\\\/\\\/monatglobal.com\\\/pl\\\/renew-conditioner\\\/#listItem\",\"name\":\"Renew Od\\u017cywka | Produkty MONAT dla suchych w\\u0142os\\u00f3w\"}},{\"@type\":\"ListItem\",\"@id\":\"https:\\\/\\\/monatglobal.com\\\/pl\\\/renew-conditioner\\\/#listItem\",\"position\":2,\"name\":\"Renew Od\\u017cywka | Produkty MONAT dla suchych w\\u0142os\\u00f3w\",\"previousItem\":{\"@type\":\"ListItem\",\"@id\":\"https:\\\/\\\/monatglobal.com\\\/pl#listItem\",\"name\":\"Home\"}}]},{\"@type\":\"Organization\",\"@id\":\"https:\\\/\\\/monatglobal.com\\\/pl\\\/#organization\",\"name\":\"MONAT POLAND\",\"description\":\"MONAT GLOBAL\",\"url\":\"https:\\\/\\\/monatglobal.com\\\/pl\\\/\"},{\"@type\":\"WebPage\",\"@id\":\"https:\\\/\\\/monatglobal.com\\\/pl\\\/renew-conditioner\\\/#webpage\",\"url\":\"https:\\\/\\\/monatglobal.com\\\/pl\\\/renew-conditioner\\\/\",\"name\":\"Renew Od\\u017cywka | Produkty MONAT dla suchych w\\u0142os\\u00f3w\",\"description\":\"BESTSELLERY NOWO\\u015a\\u0106 -->\",\"inLanguage\":\"pl-PL\",\"isPartOf\":{\"@id\":\"https:\\\/\\\/monatglobal.com\\\/pl\\\/#website\"},\"breadcrumb\":{\"@id\":\"https:\\\/\\\/monatglobal.com\\\/pl\\\/renew-conditioner\\\/#breadcrumblist\"},\"image\":{\"@type\":\"ImageObject\",\"url\":\"https:\\\/\\\/monatglobal.com\\\/pl\\\/wp-content\\\/uploads\\\/sites\\\/9\\\/2024\\\/05\\\/renew-conditioner-ecomm-min.png\",\"@id\":\"https:\\\/\\\/monatglobal.com\\\/pl\\\/renew-conditioner\\\/#mainImage\",\"width\":641,\"height\":800},\"primaryImageOfPage\":{\"@id\":\"https:\\\/\\\/monatglobal.com\\\/pl\\\/renew-conditioner\\\/#mainImage\"},\"datePublished\":\"2024-04-12T20:51:26+01:00\",\"dateModified\":\"2026-02-19T18:06:46+00:00\"},{\"@type\":\"WebSite\",\"@id\":\"https:\\\/\\\/monatglobal.com\\\/pl\\\/#website\",\"url\":\"https:\\\/\\\/monatglobal.com\\\/pl\\\/\",\"name\":\"MONAT POLAND\",\"description\":\"MONAT GLOBAL\",\"inLanguage\":\"pl-PL\",\"publisher\":{\"@id\":\"https:\\\/\\\/monatglobal.com\\\/pl\\\/#organization\"}}]}\n\t\t<\/script>\n\t\t<!-- All in One SEO Pro -->\r\n\t\t<title>Renew Od\u017cywka | Produkty MONAT dla suchych w\u0142os\u00f3w<\/title>\n\n","aioseo_head_json":{"title":"Renew Od\u017cywka | Produkty MONAT dla suchych w\u0142os\u00f3w","description":"BESTSELLERY NOWO\u015a\u0106 -->","canonical_url":"https:\/\/monatglobal.com\/pl\/renew-conditioner\/","robots":"max-image-preview:large","keywords":"","webmasterTools":{"miscellaneous":""},"schema":{"@context":"https:\/\/schema.org","@graph":[{"@type":"BreadcrumbList","@id":"https:\/\/monatglobal.com\/pl\/renew-conditioner\/#breadcrumblist","itemListElement":[{"@type":"ListItem","@id":"https:\/\/monatglobal.com\/pl#listItem","position":1,"name":"Home","item":"https:\/\/monatglobal.com\/pl","nextItem":{"@type":"ListItem","@id":"https:\/\/monatglobal.com\/pl\/renew-conditioner\/#listItem","name":"Renew Od\u017cywka | Produkty MONAT dla suchych w\u0142os\u00f3w"}},{"@type":"ListItem","@id":"https:\/\/monatglobal.com\/pl\/renew-conditioner\/#listItem","position":2,"name":"Renew Od\u017cywka | Produkty MONAT dla suchych w\u0142os\u00f3w","previousItem":{"@type":"ListItem","@id":"https:\/\/monatglobal.com\/pl#listItem","name":"Home"}}]},{"@type":"Organization","@id":"https:\/\/monatglobal.com\/pl\/#organization","name":"MONAT POLAND","description":"MONAT GLOBAL","url":"https:\/\/monatglobal.com\/pl\/"},{"@type":"WebPage","@id":"https:\/\/monatglobal.com\/pl\/renew-conditioner\/#webpage","url":"https:\/\/monatglobal.com\/pl\/renew-conditioner\/","name":"Renew Od\u017cywka | Produkty MONAT dla suchych w\u0142os\u00f3w","description":"BESTSELLERY NOWO\u015a\u0106 -->","inLanguage":"pl-PL","isPartOf":{"@id":"https:\/\/monatglobal.com\/pl\/#website"},"breadcrumb":{"@id":"https:\/\/monatglobal.com\/pl\/renew-conditioner\/#breadcrumblist"},"image":{"@type":"ImageObject","url":"https:\/\/monatglobal.com\/pl\/wp-content\/uploads\/sites\/9\/2024\/05\/renew-conditioner-ecomm-min.png","@id":"https:\/\/monatglobal.com\/pl\/renew-conditioner\/#mainImage","width":641,"height":800},"primaryImageOfPage":{"@id":"https:\/\/monatglobal.com\/pl\/renew-conditioner\/#mainImage"},"datePublished":"2024-04-12T20:51:26+01:00","dateModified":"2026-02-19T18:06:46+00:00"},{"@type":"WebSite","@id":"https:\/\/monatglobal.com\/pl\/#website","url":"https:\/\/monatglobal.com\/pl\/","name":"MONAT POLAND","description":"MONAT GLOBAL","inLanguage":"pl-PL","publisher":{"@id":"https:\/\/monatglobal.com\/pl\/#organization"}}]},"og:locale":"pl_PL","og:site_name":"MONAT POLAND - MONAT GLOBAL","og:type":"article","og:title":"Renew Od\u017cywka | Produkty MONAT dla suchych w\u0142os\u00f3w","og:description":"BESTSELLERY NOWO\u015a\u0106 --&gt;","og:url":"https:\/\/monatglobal.com\/pl\/renew-conditioner\/","article:published_time":"2024-04-12T19:51:26+00:00","article:modified_time":"2026-02-19T18:06:46+00:00","twitter:card":"summary_large_image","twitter:title":"Renew Od\u017cywka | Produkty MONAT dla suchych w\u0142os\u00f3w","twitter:description":"BESTSELLERY NOWO\u015a\u0106 --&gt;"},"aioseo_meta_data":{"post_id":"84202","title":"Renew Od\u017cywka | Produkty MONAT dla suchych w\u0142os\u00f3w","description":null,"keywords":null,"keyphrases":{"focus":{"keyphrase":"","score":0,"analysis":{"keyphraseInTitle":{"score":0,"maxScore":9,"error":1}}},"additional":[]},"primary_term":null,"canonical_url":null,"og_title":null,"og_description":null,"og_object_type":"default","og_image_type":"default","og_image_url":null,"og_image_width":null,"og_image_height":null,"og_image_custom_url":null,"og_image_custom_fields":null,"og_video":"","og_custom_url":null,"og_article_section":null,"og_article_tags":null,"twitter_use_og":false,"twitter_card":"default","twitter_image_type":"default","twitter_image_url":null,"twitter_image_custom_url":null,"twitter_image_custom_fields":null,"twitter_title":null,"twitter_description":null,"schema":{"blockGraphs":[],"customGraphs":[],"default":{"data":{"Article":[],"Course":[],"Dataset":[],"FAQPage":[],"Movie":[],"Person":[],"Product":[],"ProductReview":[],"Car":[],"Recipe":[],"Service":[],"SoftwareApplication":[],"WebPage":[]},"graphName":"WebPage","isEnabled":true},"graphs":[]},"schema_type":"default","schema_type_options":null,"pillar_content":false,"robots_default":true,"robots_noindex":false,"robots_noarchive":false,"robots_nosnippet":false,"robots_nofollow":false,"robots_noimageindex":false,"robots_noodp":false,"robots_notranslate":false,"robots_max_snippet":"-1","robots_max_videopreview":"-1","robots_max_imagepreview":"large","priority":null,"frequency":"default","local_seo":null,"seo_analyzer_scan_date":"2026-02-19 18:22:34","limit_modified_date":false,"reviewed_by":"0","open_ai":"{\"title\":{\"suggestions\":[],\"usage\":0},\"description\":{\"suggestions\":[],\"usage\":0}}","ai":{"faqs":[],"keyPoints":[],"titles":[],"descriptions":[],"socialPosts":{"email":[],"linkedin":[],"twitter":[],"facebook":[],"instagram":[]}},"created":"2024-04-12 17:27:57","updated":"2026-02-19 18:22:34"},"aioseo_breadcrumb":"<div class=\"aioseo-breadcrumbs\"><span class=\"aioseo-breadcrumb\">\n\t<a href=\"https:\/\/monatglobal.com\/pl\" title=\"Home\">Home<\/a>\n<\/span><span class=\"aioseo-breadcrumb-separator\">&raquo;<\/span><span class=\"aioseo-breadcrumb\">\n\tRenew Od\u017cywka | Produkty MONAT dla suchych w\u0142os\u00f3w\n<\/span><\/div>","aioseo_breadcrumb_json":[{"label":"Home","link":"https:\/\/monatglobal.com\/pl"},{"label":"Renew Od\u017cywka | Produkty MONAT dla suchych w\u0142os\u00f3w","link":"https:\/\/monatglobal.com\/pl\/renew-conditioner\/"}],"_links":{"self":[{"href":"https:\/\/monatglobal.com\/pl\/wp-json\/wp\/v2\/pages\/84202","targetHints":{"allow":["GET"]}}],"collection":[{"href":"https:\/\/monatglobal.com\/pl\/wp-json\/wp\/v2\/pages"}],"about":[{"href":"https:\/\/monatglobal.com\/pl\/wp-json\/wp\/v2\/types\/page"}],"author":[{"embeddable":true,"href":"https:\/\/monatglobal.com\/pl\/wp-json\/wp\/v2\/users\/47"}],"replies":[{"embeddable":true,"href":"https:\/\/monatglobal.com\/pl\/wp-json\/wp\/v2\/comments?post=84202"}],"version-history":[{"count":32,"href":"https:\/\/monatglobal.com\/pl\/wp-json\/wp\/v2\/pages\/84202\/revisions"}],"predecessor-version":[{"id":109276,"href":"https:\/\/monatglobal.com\/pl\/wp-json\/wp\/v2\/pages\/84202\/revisions\/109276"}],"wp:featuredmedia":[{"embeddable":true,"href":"https:\/\/monatglobal.com\/pl\/wp-json\/wp\/v2\/media\/84269"}],"wp:attachment":[{"href":"https:\/\/monatglobal.com\/pl\/wp-json\/wp\/v2\/media?parent=84202"}],"wp:term":[{"taxonomy":"category","embeddable":true,"href":"https:\/\/monatglobal.com\/pl\/wp-json\/wp\/v2\/categories?post=84202"},{"taxonomy":"post_tag","embeddable":true,"href":"https:\/\/monatglobal.com\/pl\/wp-json\/wp\/v2\/tags?post=84202"}],"curies":[{"name":"wp","href":"https:\/\/api.w.org\/{rel}","templated":true}]}}