{"id":84094,"date":"2024-02-05T01:39:20","date_gmt":"2024-02-05T01:39:20","guid":{"rendered":"https:\/\/monatglobal.com\/pl\/?page_id=84094"},"modified":"2024-02-05T13:51:02","modified_gmt":"2024-02-05T13:51:02","slug":"passport-copy","status":"publish","type":"page","link":"https:\/\/monatglobal.com\/pl\/passport-copy\/","title":{"rendered":"Passport 2024"},"content":{"rendered":"\n\n\t<section id=\"bannerSec\">\n            <p>1 &#8211; 4 <br \/> LISTOPADA 2024<\/p>\n            <p>TULUM, <br \/>MEKSYK<\/p> \n        <img decoding=\"async\" src=\"https:\/\/monatglobal.com\/wp-content\/uploads\/2024\/01\/passport-2024-logo.svg\"\/>\n            HILTON TULUM RIVIERA MAYA \n                <img decoding=\"async\" src=\"https:\/\/monatglobal.com\/wp-content\/uploads\/2024\/02\/callout-corner-left-ocre.svg\"\/>\n                ALL-INCLUSIVE RESORT\n                <img decoding=\"async\" src=\"https:\/\/monatglobal.com\/wp-content\/uploads\/2024\/02\/callout-corner-right-ocre.svg\"\/>\n            TULUM, MEKSYK\n<\/section>\n<section id=\"paradiseSec\">\n            <img decoding=\"async\" src=\"https:\/\/monatglobal.com\/wp-content\/uploads\/2024\/01\/tulum-cabins-min.jpg\" alt=\"\"\/>\n            <img decoding=\"async\" src=\"https:\/\/monatglobal.com\/wp-content\/uploads\/2024\/01\/Soak-in-a-sacred-cenote-min.jpg\" alt=\"\"\/>\n        <h2>Odkryj RAJ PE\u0141EN przyg\u00f3d<\/h2>\n        <p>1 &#8211; 4 LISTOPADA 2024<\/p>\n            <img decoding=\"async\" src=\"https:\/\/monatglobal.com\/wp-content\/uploads\/2024\/01\/moon-icon.svg\" alt=\"\"\/>\n            <img decoding=\"async\" src=\"https:\/\/monatglobal.com\/wp-content\/uploads\/2024\/01\/palm-frame-min.png\" alt=\"\"\/>\n<\/section>\n                <img decoding=\"async\" src=\"https:\/\/monatglobal.com\/wp-content\/uploads\/2024\/01\/tulum-beaches-min.jpg\" alt=\"\"\/>\n            <p>Spaceruj po <br \/>wspania\u0142ych <br \/> pla\u017cach. <\/p>  \n            <img decoding=\"async\" src=\"https:\/\/monatglobal.com\/wp-content\/uploads\/2024\/01\/arc-icon.svg\" alt=\"\"\/>\n            <img decoding=\"async\" src=\"https:\/\/monatglobal.com\/wp-content\/uploads\/2024\/01\/mayan-ruins-shore-min.jpg\" alt=\"\"\/>\n            <p>Odkryj staro\u017cytny \u015bwiat w mistycznych ruinach Maj\u00f3w.<\/p>\n            <img decoding=\"async\" src=\"https:\/\/monatglobal.com\/wp-content\/uploads\/2024\/01\/wave-icon.svg\" alt=\"\"\/>\n            <p>Poszukuj przyg\u00f3d w meksyka\u0144skiej d\u017cungli.<\/p>\n            <img decoding=\"async\" src=\"https:\/\/monatglobal.com\/wp-content\/uploads\/2024\/01\/mexican-jungle-min.jpg\" alt=\"\"\/>\n                <img decoding=\"async\" src=\"https:\/\/monatglobal.com\/wp-content\/uploads\/2024\/01\/Soak-in-a-sacred-cenote-min.jpg\" alt=\"\"\/>\n                <p>Wyk\u0105p si\u0119 w kryszta\u0142owej cenote.<\/p>\n            <p>Zr\u00f3b zakupy w urokliwym centrum miasta. <\/p>\n            <img decoding=\"async\" src=\"https:\/\/monatglobal.com\/wp-content\/uploads\/2024\/01\/enchanted-city-center-min.jpg\" alt=\"\"\/>\n            <img decoding=\"async\" src=\"https:\/\/monatglobal.com\/wp-content\/uploads\/2024\/01\/exquisitely-appointed-room-min.jpg\" alt=\"\"\/>\n            <p>Do\u015bwiadcz niezr\u00f3wnanego komfortu i&nbsp;wypocznij w&nbsp;pokoju hotelowym. <\/p>\n            <img decoding=\"async\" src=\"https:\/\/monatglobal.com\/wp-content\/uploads\/2024\/01\/palm-icon.svg\" alt=\"\"\/>\n<section id=\"amenities\">\n        <p>Czekaj\u0105 na Ciebie <br \/> najlepsze udogodnienia <br \/> i luksusowe <br \/> zakwaterowanie.<\/p>\n            <img decoding=\"async\" src=\"https:\/\/monatglobal.com\/wp-content\/uploads\/2024\/01\/Premier-amenities-min.jpg\"\/>\n                Charakteryzuj\u0105cy si\u0119 swobodnym szykiem i&nbsp;po\u0142o\u017cony wzd\u0142u\u017c pi\u0119knych pla\u017c, nowy Hilton Tulum oferuje dziewi\u0119\u0107 basen\u00f3w, trzyna\u015bcie lokali gastronomicznych \n                    <img decoding=\"async\" src=\"https:\/\/monatglobal.com\/wp-content\/uploads\/2024\/02\/callout-corner-right-brown.svg\"\/>\n                    all-inclusive\n                    <img decoding=\"async\" src=\"https:\/\/monatglobal.com\/wp-content\/uploads\/2024\/02\/callout-corner-left-brown.svg\"\/>\n                w&nbsp;spokojnej i&nbsp;wykwintnej atmosferze. \n                <img decoding=\"async\" alt=\"\" src=\"https:\/\/monatglobal.com\/wp-content\/uploads\/2024\/01\/luxury-accommodations-min.jpg\"\/> \n    <p>Zanurz si\u0119 w&nbsp;magii miasta Tulum, odkryj krainy transcendentnego relaksu i&nbsp;do\u0142\u0105cz do nieko\u0144cz\u0105cej si\u0119 zabawy podczas wycieczki Passport 2024!<\/p>\n        <p>OKRES KWALIFIKACJI: <br \/> 1 LUTEGO &#8211; 31 LIPCA <br \/> 2024<\/p>\n            WYMAGANIA\n            NAGRODA\n                <p>POZIOM 1<\/p>\n                <ul> \n                    <li>OSOBI\u015aCIE SPONSOROWANI:  <br \/> 5 MP, 13 Klient\u00f3w VIP <\/li>\n                    <li>SPONSOROWANI PRZEZ TWOJ\u0104 GRUP\u0118 OSOBIST\u0104:  <br \/> 10 MP, 30 Klient\u00f3w VIP<\/li>\n                    <li>GRUPOWA WARTO\u015a\u0106 SPRZEDA\u017bY:   50 000 GV<\/li>\n                    <li>RANGA DO WYP\u0141ATY W OSTATNIM MIESI\u0104CU KWALIFIKACJI:  Ranga do wyp\u0142aty MMB+ w lipcu<\/li>\n                <\/ul>\n                <p>HOTEL DLA 1 OSOBY <br \/> + <br \/> PAKIET POSI\u0141K\u00d3W ALL-INCLUSIVE DLA 1 OSOBY <br \/> + <br \/> PRZELOT DLA 1 OSOBY <br \/> + <br \/> TRANSPORT NAZIEMNY DO I Z KURORTU <br \/> (tylko w dniach wycieczki przewidzianych w programie)<\/p>\n                <p>POZIOM 2<\/p>\n                <ul> \n                    <li>OSOBI\u015aCIE SPONSOROWANI:   <br \/>7 MP, 25 Klient\u00f3w VIP<\/li>\n                    <li>SPONSOROWANI PRZEZ TWOJ\u0104 GRUP\u0118 OSOBIST\u0104:  <br \/> 30 MP, 90 Klient\u00f3w VIP<\/li>\n                    <li>GRUPOWA WARTO\u015a\u0106 SPRZEDA\u017bY:   70 000 GV<\/li>\n                    <li>RANGA DO WYP\u0141ATY W OSTATNIM MIESI\u0104CU KWALIFIKACJI:  Ranga do wyp\u0142aty AMM+ w lipcu<\/li>\n                <\/ul>\n                <p>HOTEL DLA 2 OS\u00d3B <br \/> + <br \/> PAKIET POSI\u0141K\u00d3W ALL-INCLUSIVE DLA 2 OSOBY <br \/> + <br \/> LOT DLA 1 OSOBY <br \/> + <br \/> TRANSPORT NAZIEMNY DO I Z KURORTU <br \/> (tylko w dniach wycieczki przewidzianych w programie)<\/p>\n                <p>POZIOM 3<\/p>\n                <ul> \n                    <li>OSOBI\u015aCIE SPONSOROWANI:  <br \/> 12 MP, 38 Klient\u00f3w VIP<\/li>\n                    <li>SPONSOROWANI PRZEZ TWOJ\u0104 GRUP\u0118 OSOBIST\u0104:  <br \/> 45 MP, 140 Klient\u00f3w VIP<\/li>\n                    <li>GRUPOWA WARTO\u015a\u0106 SPRZEDA\u017bY:   100 000 GV<\/li>\n                    <li>RANGA DO WYP\u0141ATY W OSTATNIM MIESI\u0104CU KWALIFIKACJI:  Ranga do wyp\u0142aty MM+ w lipcu<\/li>\n                <\/ul>\n                <p>HOTEL DLA 2 OS\u00d3B <br \/> + <br \/> PAKIET POSI\u0141K\u00d3W ALL-INCLUSIVE DLA 2 OSOBY <br \/> + <br \/> PRZELOT DLA 2 OS\u00d3B <br \/> + <br \/> TRANSPORT NAZIEMNY DO I Z KURORTU <br \/>(tylko w dniach wycieczki przewidzianych w programie)<\/p>\n            Market Partnerzy musz\u0105 zarejestrowa\u0107 si\u0119 z Zestawem Produkt\u00f3w. <br \/>\n            Klienci VIP musz\u0105 mie\u0107 aktywne zam\u00f3wienie Flexship do 15. dnia miesi\u0105ca nast\u0119puj\u0105cego po miesi\u0105cu rejestracji.\n            <p><em>Zasady mog\u0105 si\u0119 r\u00f3\u017cni\u0107 w zale\u017cno\u015bci od kraju. Market Partnerzy powinni zapozna\u0107 si\u0119 z dokumentem FAQ dla swojego kraju, aby uzyska\u0107 kryteria kwalifikacji. <\/em> <\/p>\n            <h2>WYCIECZKA <br \/> OBEJMUJE:<\/h2>\n            <h2>WYCIECZKA <br \/> OBEJMUJE:<\/h2>\n            <ul>\n                <li>3 noce w Hilton Tulum Riviera Maya All-Inclusive Resort<\/li> \n                <li>Przelot w obie strony na lotnisko Cancun International Airport (CUN) lub Tulum International Airport (TQO) dla jednej osoby*<\/li>\n                <li>Transport naziemny do i&nbsp;z&nbsp;kurortu w&nbsp;dniach wycieczki przewidzianych w&nbsp;programie<\/li>\n                <li>Ekskluzywne wyr\u00f3\u017cnienia<\/li>\n                <li>Pakiet all-inclusive z posi\u0142kami i&nbsp;napojami dla jednej osoby (oraz dla go\u015bcia w ramach poziomu 2 i 3) w&nbsp;ponad 13 wyj\u0105tkowych restauracjach i&nbsp;barach. Uczestnicy ponosz\u0105 odpowiedzialno\u015b\u0107 finansow\u0105 za zam\u00f3wione dania specjalne. <\/li>\n                <li>Muzyka i rozrywka co wiecz\u00f3r<\/li>\n                <li>9 basen\u00f3w <\/li>\n                <li>Pi\u0119kna pla\u017ca z&nbsp;bia\u0142ym piaskiem<\/li>\n            <\/ul>\n            <p>Bierz sw\u00f3j paszport i&nbsp;przygotuj si\u0119 na wyjazd pe\u0142en szyku i&nbsp;relaksu!<\/p>\n        <img decoding=\"async\" src=\"https:\/\/monatglobal.com\/wp-content\/uploads\/2024\/01\/passport-getaway-min.jpg\"\/>\n<\/section>\n<section id=\"shineSec\">\n            <img decoding=\"async\" src=\"https:\/\/monatglobal.com\/wp-content\/uploads\/2018\/05\/01.-Managing-market-partner.png\"\/>        \n        <h2>To TW\u00d3J czas, <br \/>by zab\u0142ysn\u0105\u0107<\/h2>\n        <p>Czy to TY zostaniesz wyr\u00f3\u017cniona podczas Passport&nbsp;2024?<\/p>\n            <p>Podczas okresu kwalifikacji Passport wyr\u00f3\u017cnimy najlepszych Market Partner\u00f3w w nast\u0119puj\u0105cych&nbsp;kategoriach: <\/p>\n            <ul>\n                <li>Najlepsza sprzeda\u017c VIP<\/li>\n                <li>Najwi\u0119cej osobi\u015bcie sponsorowanych MP<\/li>\n                <li>Najwi\u0119cej zarejestrowanych Klient\u00f3w VIP<\/li>\n                <li>Najbardziej konsekwentni MP (ranga do&nbsp;wyp\u0142aty)<\/li>\n            <\/ul>\n        <p>B\u0104D\u0179 NA BIE\u017b\u0104CO, ABY UZYSKA\u0106 WI\u0118CEJ SZCZEG\u00d3\u0141\u00d3W. <br \/> TO JU\u017b NIED\u0141UGO!<\/p>\n        <p>Kategorie mog\u0105 ulez zmianom.<\/p>\n            <a href=\"https:\/\/monatglobal.com\/pl\/wp-content\/uploads\/sites\/9\/2024\/02\/PL_Passport-2024-FAQ_013124_v3.pdf\" target=\"_blank\" rel=\"noopener\">FAQ<\/a>\n            <a href=\"https:\/\/monatglobal.com\/pl\/wp-content\/uploads\/sites\/9\/2024\/02\/PL_Passaport-2024_Terms-and-Conditions_012624_v1.pdf\" target=\"_blank\" rel=\"noopener\">\n                <p>WARUNKI UCZESTNICTWA<\/p>\n            <\/a>\n        #MONATpassport\n<\/section>\n\n","protected":false},"excerpt":{"rendered":"<p>1 &#8211; 4 LISTOPADA 2024 TULUM, MEKSYK HILTON TULUM RIVIERA MAYA ALL-INCLUSIVE RESORT TULUM, MEKSYK Odkryj RAJ PE\u0141EN przyg\u00f3d 1 &#8211; 4 LISTOPADA 2024 Spaceruj po wspania\u0142ych pla\u017cach. Odkryj staro\u017cytny \u015bwiat w mistycznych ruinach Maj\u00f3w. Poszukuj przyg\u00f3d w meksyka\u0144skiej d\u017cungli. Wyk\u0105p si\u0119 w kryszta\u0142owej cenote. Zr\u00f3b zakupy w urokliwym centrum miasta. Do\u015bwiadcz niezr\u00f3wnanego komfortu i&nbsp;wypocznij&hellip;<\/p>\n","protected":false},"author":47,"featured_media":72503,"parent":0,"menu_order":0,"comment_status":"closed","ping_status":"closed","template":"","meta":{"inline_featured_image":false,"om_disable_all_campaigns":false,"_monsterinsights_skip_tracking":false,"_monsterinsights_sitenote_active":false,"_monsterinsights_sitenote_note":"","_monsterinsights_sitenote_category":0,"footnotes":""},"categories":[],"tags":[],"class_list":["post-84094","page","type-page","status-publish","has-post-thumbnail","hentry"],"aioseo_notices":[],"aioseo_head":"\n\t\t<!-- All in One SEO Pro 4.9.5.2 - aioseo.com -->\n\t<meta name=\"description\" content=\"1 - 4 LISTOPADA 2024 TULUM, MEKSYK HILTON TULUM RIVIERA MAYA ALL-INCLUSIVE RESORT TULUM, MEKSYK Odkryj RAJ PE\u0141EN przyg\u00f3d 1 - 4 LISTOPADA 2024 Spaceruj po wspania\u0142ych pla\u017cach. Odkryj staro\u017cytny \u015bwiat w mistycznych ruinach Maj\u00f3w. Poszukuj przyg\u00f3d w meksyka\u0144skiej d\u017cungli. Wyk\u0105p si\u0119 w kryszta\u0142owej cenote. Zr\u00f3b zakupy w urokliwym centrum miasta. Do\u015bwiadcz niezr\u00f3wnanego komfortu i wypocznij\" \/>\n\t<meta name=\"robots\" content=\"max-image-preview:large\" \/>\n\t<link rel=\"canonical\" href=\"https:\/\/monatglobal.com\/pl\/passport-copy\/\" \/>\n\t<meta name=\"generator\" content=\"All in One SEO Pro (AIOSEO) 4.9.5.2\" \/>\n\t\t<meta property=\"og:locale\" content=\"pl_PL\" \/>\n\t\t<meta property=\"og:site_name\" content=\"MONAT POLAND - MONAT GLOBAL\" \/>\n\t\t<meta property=\"og:type\" content=\"article\" \/>\n\t\t<meta property=\"og:title\" content=\"Passport 2024 - MONAT POLAND\" \/>\n\t\t<meta property=\"og:description\" content=\"1 - 4 LISTOPADA 2024 TULUM, MEKSYK HILTON TULUM RIVIERA MAYA ALL-INCLUSIVE RESORT TULUM, MEKSYK Odkryj RAJ PE\u0141EN przyg\u00f3d 1 - 4 LISTOPADA 2024 Spaceruj po wspania\u0142ych pla\u017cach. Odkryj staro\u017cytny \u015bwiat w mistycznych ruinach Maj\u00f3w. Poszukuj przyg\u00f3d w meksyka\u0144skiej d\u017cungli. Wyk\u0105p si\u0119 w kryszta\u0142owej cenote. Zr\u00f3b zakupy w urokliwym centrum miasta. Do\u015bwiadcz niezr\u00f3wnanego komfortu i wypocznij\" \/>\n\t\t<meta property=\"og:url\" content=\"https:\/\/monatglobal.com\/pl\/passport-copy\/\" \/>\n\t\t<meta property=\"article:published_time\" content=\"2024-02-05T01:39:20+00:00\" \/>\n\t\t<meta property=\"article:modified_time\" content=\"2024-02-05T13:51:02+00:00\" \/>\n\t\t<meta name=\"twitter:card\" content=\"summary_large_image\" \/>\n\t\t<meta name=\"twitter:title\" content=\"Passport 2024 - MONAT POLAND\" \/>\n\t\t<meta name=\"twitter:description\" content=\"1 - 4 LISTOPADA 2024 TULUM, MEKSYK HILTON TULUM RIVIERA MAYA ALL-INCLUSIVE RESORT TULUM, MEKSYK Odkryj RAJ PE\u0141EN przyg\u00f3d 1 - 4 LISTOPADA 2024 Spaceruj po wspania\u0142ych pla\u017cach. Odkryj staro\u017cytny \u015bwiat w mistycznych ruinach Maj\u00f3w. Poszukuj przyg\u00f3d w meksyka\u0144skiej d\u017cungli. Wyk\u0105p si\u0119 w kryszta\u0142owej cenote. Zr\u00f3b zakupy w urokliwym centrum miasta. Do\u015bwiadcz niezr\u00f3wnanego komfortu i wypocznij\" \/>\n\t\t<script type=\"application\/ld+json\" class=\"aioseo-schema\">\n\t\t\t{\"@context\":\"https:\\\/\\\/schema.org\",\"@graph\":[{\"@type\":\"BreadcrumbList\",\"@id\":\"https:\\\/\\\/monatglobal.com\\\/pl\\\/passport-copy\\\/#breadcrumblist\",\"itemListElement\":[{\"@type\":\"ListItem\",\"@id\":\"https:\\\/\\\/monatglobal.com\\\/pl#listItem\",\"position\":1,\"name\":\"Home\",\"item\":\"https:\\\/\\\/monatglobal.com\\\/pl\",\"nextItem\":{\"@type\":\"ListItem\",\"@id\":\"https:\\\/\\\/monatglobal.com\\\/pl\\\/passport-copy\\\/#listItem\",\"name\":\"Passport 2024\"}},{\"@type\":\"ListItem\",\"@id\":\"https:\\\/\\\/monatglobal.com\\\/pl\\\/passport-copy\\\/#listItem\",\"position\":2,\"name\":\"Passport 2024\",\"previousItem\":{\"@type\":\"ListItem\",\"@id\":\"https:\\\/\\\/monatglobal.com\\\/pl#listItem\",\"name\":\"Home\"}}]},{\"@type\":\"Organization\",\"@id\":\"https:\\\/\\\/monatglobal.com\\\/pl\\\/#organization\",\"name\":\"MONAT POLAND\",\"description\":\"MONAT GLOBAL\",\"url\":\"https:\\\/\\\/monatglobal.com\\\/pl\\\/\"},{\"@type\":\"WebPage\",\"@id\":\"https:\\\/\\\/monatglobal.com\\\/pl\\\/passport-copy\\\/#webpage\",\"url\":\"https:\\\/\\\/monatglobal.com\\\/pl\\\/passport-copy\\\/\",\"name\":\"Passport 2024 - MONAT POLAND\",\"description\":\"1 - 4 LISTOPADA 2024 TULUM, MEKSYK HILTON TULUM RIVIERA MAYA ALL-INCLUSIVE RESORT TULUM, MEKSYK Odkryj RAJ PE\\u0141EN przyg\\u00f3d 1 - 4 LISTOPADA 2024 Spaceruj po wspania\\u0142ych pla\\u017cach. Odkryj staro\\u017cytny \\u015bwiat w mistycznych ruinach Maj\\u00f3w. Poszukuj przyg\\u00f3d w meksyka\\u0144skiej d\\u017cungli. Wyk\\u0105p si\\u0119 w kryszta\\u0142owej cenote. Zr\\u00f3b zakupy w urokliwym centrum miasta. Do\\u015bwiadcz niezr\\u00f3wnanego komfortu i wypocznij\",\"inLanguage\":\"pl-PL\",\"isPartOf\":{\"@id\":\"https:\\\/\\\/monatglobal.com\\\/pl\\\/#website\"},\"breadcrumb\":{\"@id\":\"https:\\\/\\\/monatglobal.com\\\/pl\\\/passport-copy\\\/#breadcrumblist\"},\"image\":{\"@type\":\"ImageObject\",\"url\":\"https:\\\/\\\/monatglobal.com\\\/pl\\\/wp-content\\\/uploads\\\/sites\\\/9\\\/2023\\\/02\\\/Passport2023-ft-img-pl.jpg\",\"@id\":\"https:\\\/\\\/monatglobal.com\\\/pl\\\/passport-copy\\\/#mainImage\",\"width\":1901,\"height\":695},\"primaryImageOfPage\":{\"@id\":\"https:\\\/\\\/monatglobal.com\\\/pl\\\/passport-copy\\\/#mainImage\"},\"datePublished\":\"2024-02-05T01:39:20+00:00\",\"dateModified\":\"2024-02-05T13:51:02+00:00\"},{\"@type\":\"WebSite\",\"@id\":\"https:\\\/\\\/monatglobal.com\\\/pl\\\/#website\",\"url\":\"https:\\\/\\\/monatglobal.com\\\/pl\\\/\",\"name\":\"MONAT POLAND\",\"description\":\"MONAT GLOBAL\",\"inLanguage\":\"pl-PL\",\"publisher\":{\"@id\":\"https:\\\/\\\/monatglobal.com\\\/pl\\\/#organization\"}}]}\n\t\t<\/script>\n\t\t<!-- All in One SEO Pro -->\r\n\t\t<title>Passport 2024 - MONAT POLAND<\/title>\n\n","aioseo_head_json":{"title":"Passport 2024 - MONAT POLAND","description":"1 - 4 LISTOPADA 2024 TULUM, MEKSYK HILTON TULUM RIVIERA MAYA ALL-INCLUSIVE RESORT TULUM, MEKSYK Odkryj RAJ PE\u0141EN przyg\u00f3d 1 - 4 LISTOPADA 2024 Spaceruj po wspania\u0142ych pla\u017cach. Odkryj staro\u017cytny \u015bwiat w mistycznych ruinach Maj\u00f3w. Poszukuj przyg\u00f3d w meksyka\u0144skiej d\u017cungli. Wyk\u0105p si\u0119 w kryszta\u0142owej cenote. Zr\u00f3b zakupy w urokliwym centrum miasta. Do\u015bwiadcz niezr\u00f3wnanego komfortu i wypocznij","canonical_url":"https:\/\/monatglobal.com\/pl\/passport-copy\/","robots":"max-image-preview:large","keywords":"","webmasterTools":{"miscellaneous":""},"schema":{"@context":"https:\/\/schema.org","@graph":[{"@type":"BreadcrumbList","@id":"https:\/\/monatglobal.com\/pl\/passport-copy\/#breadcrumblist","itemListElement":[{"@type":"ListItem","@id":"https:\/\/monatglobal.com\/pl#listItem","position":1,"name":"Home","item":"https:\/\/monatglobal.com\/pl","nextItem":{"@type":"ListItem","@id":"https:\/\/monatglobal.com\/pl\/passport-copy\/#listItem","name":"Passport 2024"}},{"@type":"ListItem","@id":"https:\/\/monatglobal.com\/pl\/passport-copy\/#listItem","position":2,"name":"Passport 2024","previousItem":{"@type":"ListItem","@id":"https:\/\/monatglobal.com\/pl#listItem","name":"Home"}}]},{"@type":"Organization","@id":"https:\/\/monatglobal.com\/pl\/#organization","name":"MONAT POLAND","description":"MONAT GLOBAL","url":"https:\/\/monatglobal.com\/pl\/"},{"@type":"WebPage","@id":"https:\/\/monatglobal.com\/pl\/passport-copy\/#webpage","url":"https:\/\/monatglobal.com\/pl\/passport-copy\/","name":"Passport 2024 - MONAT POLAND","description":"1 - 4 LISTOPADA 2024 TULUM, MEKSYK HILTON TULUM RIVIERA MAYA ALL-INCLUSIVE RESORT TULUM, MEKSYK Odkryj RAJ PE\u0141EN przyg\u00f3d 1 - 4 LISTOPADA 2024 Spaceruj po wspania\u0142ych pla\u017cach. Odkryj staro\u017cytny \u015bwiat w mistycznych ruinach Maj\u00f3w. Poszukuj przyg\u00f3d w meksyka\u0144skiej d\u017cungli. Wyk\u0105p si\u0119 w kryszta\u0142owej cenote. Zr\u00f3b zakupy w urokliwym centrum miasta. Do\u015bwiadcz niezr\u00f3wnanego komfortu i wypocznij","inLanguage":"pl-PL","isPartOf":{"@id":"https:\/\/monatglobal.com\/pl\/#website"},"breadcrumb":{"@id":"https:\/\/monatglobal.com\/pl\/passport-copy\/#breadcrumblist"},"image":{"@type":"ImageObject","url":"https:\/\/monatglobal.com\/pl\/wp-content\/uploads\/sites\/9\/2023\/02\/Passport2023-ft-img-pl.jpg","@id":"https:\/\/monatglobal.com\/pl\/passport-copy\/#mainImage","width":1901,"height":695},"primaryImageOfPage":{"@id":"https:\/\/monatglobal.com\/pl\/passport-copy\/#mainImage"},"datePublished":"2024-02-05T01:39:20+00:00","dateModified":"2024-02-05T13:51:02+00:00"},{"@type":"WebSite","@id":"https:\/\/monatglobal.com\/pl\/#website","url":"https:\/\/monatglobal.com\/pl\/","name":"MONAT POLAND","description":"MONAT GLOBAL","inLanguage":"pl-PL","publisher":{"@id":"https:\/\/monatglobal.com\/pl\/#organization"}}]},"og:locale":"pl_PL","og:site_name":"MONAT POLAND - MONAT GLOBAL","og:type":"article","og:title":"Passport 2024 - MONAT POLAND","og:description":"1 - 4 LISTOPADA 2024 TULUM, MEKSYK HILTON TULUM RIVIERA MAYA ALL-INCLUSIVE RESORT TULUM, MEKSYK Odkryj RAJ PE\u0141EN przyg\u00f3d 1 - 4 LISTOPADA 2024 Spaceruj po wspania\u0142ych pla\u017cach. Odkryj staro\u017cytny \u015bwiat w mistycznych ruinach Maj\u00f3w. Poszukuj przyg\u00f3d w meksyka\u0144skiej d\u017cungli. Wyk\u0105p si\u0119 w kryszta\u0142owej cenote. Zr\u00f3b zakupy w urokliwym centrum miasta. Do\u015bwiadcz niezr\u00f3wnanego komfortu i wypocznij","og:url":"https:\/\/monatglobal.com\/pl\/passport-copy\/","article:published_time":"2024-02-05T01:39:20+00:00","article:modified_time":"2024-02-05T13:51:02+00:00","twitter:card":"summary_large_image","twitter:title":"Passport 2024 - MONAT POLAND","twitter:description":"1 - 4 LISTOPADA 2024 TULUM, MEKSYK HILTON TULUM RIVIERA MAYA ALL-INCLUSIVE RESORT TULUM, MEKSYK Odkryj RAJ PE\u0141EN przyg\u00f3d 1 - 4 LISTOPADA 2024 Spaceruj po wspania\u0142ych pla\u017cach. Odkryj staro\u017cytny \u015bwiat w mistycznych ruinach Maj\u00f3w. Poszukuj przyg\u00f3d w meksyka\u0144skiej d\u017cungli. Wyk\u0105p si\u0119 w kryszta\u0142owej cenote. Zr\u00f3b zakupy w urokliwym centrum miasta. Do\u015bwiadcz niezr\u00f3wnanego komfortu i wypocznij"},"aioseo_meta_data":{"post_id":"84094","title":null,"description":null,"keywords":[],"keyphrases":{"focus":{"keyphrase":"","score":0,"analysis":{"keyphraseInTitle":{"score":0,"maxScore":9,"error":1}}},"additional":[]},"primary_term":null,"canonical_url":null,"og_title":null,"og_description":null,"og_object_type":"default","og_image_type":"default","og_image_url":null,"og_image_width":null,"og_image_height":null,"og_image_custom_url":null,"og_image_custom_fields":null,"og_video":"","og_custom_url":null,"og_article_section":null,"og_article_tags":[],"twitter_use_og":false,"twitter_card":"default","twitter_image_type":"default","twitter_image_url":null,"twitter_image_custom_url":null,"twitter_image_custom_fields":null,"twitter_title":null,"twitter_description":null,"schema":{"blockGraphs":[],"customGraphs":[],"default":{"data":{"Article":[],"Course":[],"Dataset":[],"FAQPage":[],"Movie":[],"Person":[],"Product":[],"ProductReview":[],"Car":[],"Recipe":[],"Service":[],"SoftwareApplication":[],"WebPage":[]},"graphName":"WebPage","isEnabled":true},"graphs":[]},"schema_type":"default","schema_type_options":null,"pillar_content":false,"robots_default":true,"robots_noindex":false,"robots_noarchive":false,"robots_nosnippet":false,"robots_nofollow":false,"robots_noimageindex":false,"robots_noodp":false,"robots_notranslate":false,"robots_max_snippet":"-1","robots_max_videopreview":"-1","robots_max_imagepreview":"large","priority":null,"frequency":"default","local_seo":null,"seo_analyzer_scan_date":"2025-08-15 06:06:08","limit_modified_date":false,"reviewed_by":null,"open_ai":null,"ai":null,"created":"2024-02-05 01:01:40","updated":"2025-08-15 06:06:08"},"aioseo_breadcrumb":"<div class=\"aioseo-breadcrumbs\"><span class=\"aioseo-breadcrumb\">\n\t<a href=\"https:\/\/monatglobal.com\/pl\" title=\"Home\">Home<\/a>\n<\/span><span class=\"aioseo-breadcrumb-separator\">&raquo;<\/span><span class=\"aioseo-breadcrumb\">\n\tPassport 2024\n<\/span><\/div>","aioseo_breadcrumb_json":[{"label":"Home","link":"https:\/\/monatglobal.com\/pl"},{"label":"Passport 2024","link":"https:\/\/monatglobal.com\/pl\/passport-copy\/"}],"_links":{"self":[{"href":"https:\/\/monatglobal.com\/pl\/wp-json\/wp\/v2\/pages\/84094","targetHints":{"allow":["GET"]}}],"collection":[{"href":"https:\/\/monatglobal.com\/pl\/wp-json\/wp\/v2\/pages"}],"about":[{"href":"https:\/\/monatglobal.com\/pl\/wp-json\/wp\/v2\/types\/page"}],"author":[{"embeddable":true,"href":"https:\/\/monatglobal.com\/pl\/wp-json\/wp\/v2\/users\/47"}],"replies":[{"embeddable":true,"href":"https:\/\/monatglobal.com\/pl\/wp-json\/wp\/v2\/comments?post=84094"}],"version-history":[{"count":9,"href":"https:\/\/monatglobal.com\/pl\/wp-json\/wp\/v2\/pages\/84094\/revisions"}],"predecessor-version":[{"id":84108,"href":"https:\/\/monatglobal.com\/pl\/wp-json\/wp\/v2\/pages\/84094\/revisions\/84108"}],"wp:featuredmedia":[{"embeddable":true,"href":"https:\/\/monatglobal.com\/pl\/wp-json\/wp\/v2\/media\/72503"}],"wp:attachment":[{"href":"https:\/\/monatglobal.com\/pl\/wp-json\/wp\/v2\/media?parent=84094"}],"wp:term":[{"taxonomy":"category","embeddable":true,"href":"https:\/\/monatglobal.com\/pl\/wp-json\/wp\/v2\/categories?post=84094"},{"taxonomy":"post_tag","embeddable":true,"href":"https:\/\/monatglobal.com\/pl\/wp-json\/wp\/v2\/tags?post=84094"}],"curies":[{"name":"wp","href":"https:\/\/api.w.org\/{rel}","templated":true}]}}