{"id":84035,"date":"2024-01-22T08:55:00","date_gmt":"2024-01-22T08:55:00","guid":{"rendered":"https:\/\/monatglobal.com\/pl\/?page_id=84035"},"modified":"2026-02-19T21:09:26","modified_gmt":"2026-02-19T21:09:26","slug":"pores-minimizing","status":"publish","type":"page","link":"https:\/\/monatglobal.com\/pl\/pores-minimizing\/","title":{"rendered":"MONAT Pore Refiner\u2122"},"content":{"rendered":"\n<link rel=\"stylesheet\" href=\"https:\/\/monatglobal.com\/wp-content\/creative_css\/product_styles_sheet.css\">\n   <!--==================================================== ECOMM SECTION ====================================================-->\n      <!--==================================================== Ecomm image ====================================================-->\n         NOWO\u015a\u0106\n               <img decoding=\"async\" alt=\"Monat pore refiner product shot\" src=\"https:\/\/monatglobal.com\/wp-content\/uploads\/2023\/12\/pore-refiner-ecomm-2023-min.png\" loading=\"lazy\">\n               <img decoding=\"async\" alt=\"a close up picture of a blond female's face holding a Monat pore refiner tube next to her chin\" src=\"https:\/\/monatglobal.com\/wp-content\/uploads\/2023\/12\/pore-refiner-ecomm-closeup-min.jpg\" loading=\"lazy\">\n               <!---->\n                  <img decoding=\"async\" alt=\"Monat pore refiner product shot\" src=\"https:\/\/monatglobal.com\/wp-content\/uploads\/2023\/12\/pore-refiner-ecomm-2023-min.png\" data-lbxp=\"\" loading=\"lazy\">\n                  <img decoding=\"async\" data-lbxp=\"\" alt=\"a close up picture of a blond female's face holding a Monat pore refiner tube next to her chin\" src=\"https:\/\/monatglobal.com\/wp-content\/uploads\/2023\/12\/pore-refiner-ecomm-closeup-min.jpg\" loading=\"lazy\">\n                  <!---->\n      <!--==================================================== Ecomm information  ====================================================-->\n         NOWO\u015a\u0106\n         <p>MONAT <\/p>\n         <h1>Pore Refiner\u2122<\/h1>\n         <p>Kuracja minimalizuj\u0105ca pory<\/p>\n         <p>Redukuje widoczno\u015b\u0107 por\u00f3w oraz b\u0142yszczenie cery.<\/p>\n         <p>30 ml \u212e 1 fl. oz.<\/p>\n    <!--==================================================== pricing box ====================================================-->     \n         <p>Cena detaliczna<br>000.00 z\u0142<\/p>\n         <p>Cena dla Klient\u00f3w VIP<br>000.00 z\u0142<\/p>\n    <!--==================================================== pricing box ====================================================-->     \n         <p>Je\u015bli chcesz dowiedzie\u0107 si\u0119 wi\u0119cej na temat preparatu MONAT Pore Refiner\u2122 , skontaktuj si\u0119 ze swoim Market Partnerem&nbsp;MONAT.<\/p>\n          <a href=\"\" target=\"_blank\" role=\"button\" aria-label=\"\" rel=\"noopener\"><\/a>\n   <!--==================================================== \/ECOMM SECTION  ====================================================-->\n   <!--==================================================== Benefits image ====================================================-->\n   \n      <source media=\"(max-width: 700px)\" srcset=\"https:\/\/monatglobal.com\/wp-content\/uploads\/2023\/12\/pore-refiner-benefits-mobile-min.jpg\" loading=\"lazy\">\n      <img decoding=\"async\" src=\"https:\/\/monatglobal.com\/wp-content\/uploads\/2023\/12\/pore-refiner-benefits-desktop-min.jpg\" alt=\"a close up picture of a blond female's face holding a Monat pore refiner tube next to her chin\" loading=\"lazy\">\n   \n   <!--==================================================== Benefits text ====================================================-->\n         <h2>ZALETY<\/h2>\n         <h3>Polecany dla sk\u00f3ry t\u0142ustej i mieszanej, MONAT&nbsp;Pore&nbsp;Refiner\u2122 natychmiastowo minimalizuje widoczno\u015b\u0107 por\u00f3w, matuje sk\u00f3r\u0119 a\u017c do 8 godzin* i tworzy g\u0142adk\u0105 powierzchni\u0119 sk\u00f3ry, umo\u017cliwiaj\u0105c r\u00f3wnomiern\u0105 aplikacj\u0119&nbsp;makija\u017cu.<\/h3>\n         <!--==================================================== features image  ====================================================-->\n         <img decoding=\"async\" alt=\"a tube of Monat pore refiner sitting on a rock next to a stack of novels books and a flower pot \" src=\"https:\/\/monatglobal.com\/wp-content\/uploads\/2023\/12\/pore-refiner-features-min.jpg\" loading=\"lazy\">\n      <!--==================================================== features text ====================================================-->\n            <h3>Cechy<\/h3>\n               <p>\/ Natychmiast zmniejsza widoczno\u015b\u0107&nbsp;por\u00f3w*<\/p>\n               <p>\/ Natychmiast daje naturalnie wygl\u0105daj\u0105ce, matowe&nbsp;wyko\u0144czenie*<\/p>\n               <p>\/ Matuje sk\u00f3r\u0119 do 8&nbsp;godzin*<\/p>\n               <p>\/ Z czasem pory wygl\u0105daj\u0105 na&nbsp;mniejsze*<\/p>\n               <p>\/ Sk\u00f3ra wygl\u0105da na&nbsp;g\u0142adsz\u0105*<\/p>\n               <br>\n            <p>Zapach \/ Produkt bezzapachowy<\/p>\n            <p>Tektstura \/ Lekki, aksamitny krem.<\/p>\n                <p>*Na podstawie badania konsumenckiego z udzia\u0142em 34 kobiet w wieku 18-60 lat. 50% uczestniczek ze sk\u00f3r\u0105 wra\u017cliw\u0105. Przetestowano przez niezale\u017cne&nbsp;laboratorium.<\/p>\n   <!--==================================================== composition image mobile ====================================================-->\n   <img decoding=\"async\" alt=\"flat lay picture of multiple tubes of Monat pore refiner on a marble background\" src=\"https:\/\/monatglobal.com\/wp-content\/uploads\/2023\/12\/pore-refiner-standalone-min.jpg\" loading=\"lazy\">\n   <!--==================================================== Why it works text ====================================================-->\n        <h2>Natychmiastowa poprawa wygl\u0105du&nbsp;por\u00f3w<\/h2>\n      <h3>Dzi\u0119ki kompleksowi mikrocz\u0105steczek i&nbsp;technologii minimalizuj\u0105cej pory, ten produkt zapewnia natychmiastowy efekt matuj\u0105cy, zmniejsza b\u0142yszczenie i&nbsp;poprawia wygl\u0105d por\u00f3w.  Produkt mo\u017ce by\u0107 stosowany zar\u00f3wno pod, jak i&nbsp;na makija\u017c, aby kontrolowa\u0107 wydzielanie sebum podczas poprawiania&nbsp;makija\u017cu.<\/h3>\n<!--==================================================== Composition section ====================================================-->\n      <img decoding=\"async\" alt=\"flat lay picture of multiple tubes of Monat pore refiner on a marble background\" src=\"https:\/\/monatglobal.com\/wp-content\/uploads\/2023\/12\/pore-refiner-standalone-min.jpg\" loading=\"lazy\">\n      <img decoding=\"async\" alt=\"a close up picture of a blond female's face\" src=\"https:\/\/monatglobal.com\/wp-content\/uploads\/2023\/12\/pore-refiner-comp1-min.jpg\" loading=\"lazy\">\n            <!--==================================================== Directions text ====================================================--> \n               <h3>Spos\u00f3b u\u017cycia<\/h3>\n                  <p>\/ Nak\u0142adaj palcami cienk\u0105 warstw\u0119, zaczynaj\u0105c od \u015brodka twarzy i kieruj\u0105c si\u0119 na&nbsp;zewn\u0105trz.<\/p>\n            <!--==================================================== Directions video ====================================================-->\n               <!---->\n      <p>MONAT Pore Refiner\u2122<br>0:00<\/p>\n      <a href=\"\" target=\"_blank\" role=\"button\" aria-label=\"\" rel=\"noopener\"><\/a>\n   <!--==================================================== Ingredients section  ====================================================-->\n      <h2>NAJWA\u017bNIEJSZE SK\u0141ADNIKI<\/h2>\n               <img decoding=\"async\" src=\"https:\/\/monatglobal.com\/wp-content\/uploads\/2022\/11\/REJUVENIQES.svg\" alt=\"REJUVENIQE S\u2122\" loading=\"lazy\">\n               <p>REJUVENIQE S\u2122<\/p>\n               <img decoding=\"async\" src=\"https:\/\/monatglobal.com\/wp-content\/uploads\/2023\/12\/Botanical-Based-Complex.svg\" alt=\"Botanical-Based Complex\" loading=\"lazy\"> \n               <p>Kompleks na bazie ro\u015blinnej<\/p>\n               <img decoding=\"async\" src=\"https:\/\/monatglobal.com\/wp-content\/uploads\/2023\/12\/Microparticle-Complex.svg\" alt=\"Microparticle Complex\" loading=\"lazy\"> \n               <p>Kompleks mikrocz\u0105steczek<\/p>\n               <img decoding=\"async\" src=\"https:\/\/monatglobal.com\/wp-content\/uploads\/2023\/12\/Pore-Minimizing-Technology.svg\" alt=\"Pore-Minimizing Technology\" loading=\"lazy\"> \n               <p>Technologia minimalizuj\u0105ca pory<\/p>\n      <button id=\"myBtn\" type=\"button\">PE\u0141NA LISTA SK\u0141ADNIK\u00d3W<\/button>\n      <!--==================================================== Modal content  ====================================================-->\n         \u00d7\n         <p>Aqua\/Water\/Eau, Coconut Alkanes, Heptyl Undecylenate, Propanediol, Aloe Barbadensis Leaf Juice, Glycerin, Polyglyceryl-2 Stearate, Isopentyldiol, Behenyl Alcohol, Tribehenin, Glyceryl Stearate, Stearyl Alcohol, Dimethicone, Mangifera Indica (Mango) Pulp Extract, Saccharum Officinarum (Sugarcane) Extract, Musa Sapientum (Banana) Pulp Extract, Trifolium Pratense (Clover) Flower Extract, Xanthan Gum, Limnanthes Alba (Meadowfoam) Seed Oil, Crambe Abyssinica Seed Oil, Camellia Oleifera Seed Oil, Solanum Lycopersicum (Tomato) Seed Oil, Daucus Carota Sativa (Carrot) Seed Oil, Citrus Limon (Lemon) Peel Oil, Citrus Aurantifolia (Lime) Oil, Citrus Aurantium Bergamia (Bergamot) Fruit Oil, Adansonia Digitata Oil, Cocos Nucifera (Coconut) Oil, Mauritia Flexuosa Fruit Oil, Caryocar Brasiliense Fruit Oil, Gardenia Taitensis Flower Extract, Moringa Oleifera Seed Oil, Helianthus Annuus (Sunflower) Seed Oil, Olea Europaea (Olive) Fruit Oil, Simmondsia Chinensis (Jojoba) Seed Extract, Benzyl Alcohol, Caprylhydroxamic Acid, Glycolic Acid, Capryloyl Glycerin\/Sebacic Acid Copolymer, Castor Oil\/IPDI Copolymer, Hydrated Silica, 1,2-Hexanediol, Lauroyl Lysine, Coco-Caprylate\/Caprate, Dilinoleic Acid\/Butanediol Copolymer, Phospholipids, Saccharomyces Ferment, Polyglyceryl-6 Polyricinoleate, Polyhydroxystearic Acid, Polysorbate 60, Disodium Phosphate, Disodium Stearoyl Glutamate, Silica, Magnesium Aluminum Silicate, Trisodium Ethylenediamine Disuccinate, Sodium Phosphate, Hydroxyethylcellulose, Cellulose, Sodium Benzoate, Potassium Sorbate, Citric Acid, Iron Oxides (CI 77491, CI 77492, CI 77499), Titanium Dioxide (CI 77891).<\/p>\n   <!--==================================================== You might also like section ====================================================-->\n      <h2>INNE PRODUKTY, KT\u00d3RE MOG\u0104 CI SI\u0118 SPODOBA\u0106<\/h2>\n      <!--==================================================== Slider YOU MIGHT ALSO LIKE ====================================================-->\n      <!--  -->\n      <!--   -->\n            <!-- Slides products-->\n      <!--      -->\n      <!--         <a href=\"https:\/\/monatglobal.com\/pl\/makeup-concealer\/#very-light\" aria-label=\"Go to MONAT Brighten + Correct Concealer\u2122 page\">-->\n      <!--            <img decoding=\"async\" src=\"https:\/\/monatglobal.com\/wp-content\/uploads\/2023\/08\/brighten_correct_concealer_very_light-ecomm.png\" alt=\"MONAT Brighten + Correct Concealer\u2122\" loading=\"lazy\"\/>-->\n      <!--            <p>MONAT Brighten + Correct&nbsp;Concealer\u2122<\/p>-->\n      <!--         <\/a>-->\n      <!--      -->\n      <!--      -->\n      <!--         <a href=\"https:\/\/monatglobal.com\/pl\/makeup-liquid-blush\/#pink\" aria-label=\"Go to MONAT Hydrating Liquid-Gel Cream Blush\u2122 page\">-->\n      <!--            <img decoding=\"async\" src=\"https:\/\/monatglobal.com\/wp-content\/uploads\/2023\/08\/hydrating_liquid_gel_cream_blush_pink-ecomm.png\" alt=\"MONAT Hydrating Liquid-Gel Cream Blush\u2122\" loading=\"lazy\"\/>-->\n      <!--            <p>MONAT Hydrating Liquid-Gel Cream&nbsp;Blush\u2122<\/p>-->\n      <!--         <\/a>-->\n      <!--      -->\n      <!--   -->\n         <!-- If we need navigation buttons -->\n      <!--   -->\n      <!--   -->\n         <!-- If we need paginations -->\n      <!--   -->\n      <!---->\n         <!--==================================================== If we need navigation buttons  ====================================================-->\n         <!--==================================================== If we need paginations  ====================================================-->\n    <a href=\"\" aria-label=\"\"><\/a>\n","protected":false},"excerpt":{"rendered":"<p>NOWO\u015a\u0106 NOWO\u015a\u0106 MONAT Pore Refiner\u2122 Kuracja minimalizuj\u0105ca pory Redukuje widoczno\u015b\u0107 por\u00f3w oraz b\u0142yszczenie cery. 30 ml \u212e 1 fl. oz. Cena detaliczna000.00 z\u0142 Cena dla Klient\u00f3w VIP000.00 z\u0142 Je\u015bli chcesz dowiedzie\u0107 si\u0119 wi\u0119cej na temat preparatu MONAT Pore Refiner\u2122 , skontaktuj si\u0119 ze swoim Market Partnerem&nbsp;MONAT. ZALETY Polecany dla sk\u00f3ry t\u0142ustej i mieszanej, MONAT&nbsp;Pore&nbsp;Refiner\u2122 natychmiastowo&hellip;<\/p>\n","protected":false},"author":33,"featured_media":109331,"parent":0,"menu_order":0,"comment_status":"closed","ping_status":"closed","template":"","meta":{"inline_featured_image":false,"om_disable_all_campaigns":false,"_monsterinsights_skip_tracking":false,"_monsterinsights_sitenote_active":false,"_monsterinsights_sitenote_note":"","_monsterinsights_sitenote_category":0,"footnotes":""},"categories":[39],"tags":[],"class_list":["post-84035","page","type-page","status-publish","has-post-thumbnail","hentry","category-product-pl"],"aioseo_notices":[],"aioseo_head":"\n\t\t<!-- All in One SEO Pro 4.9.6 - aioseo.com -->\n\t<meta name=\"description\" content=\"NOWO\u015a\u0106 --&gt;\" \/>\n\t<meta name=\"robots\" content=\"max-image-preview:large\" \/>\n\t<link rel=\"canonical\" href=\"https:\/\/monatglobal.com\/pl\/pores-minimizing\/\" \/>\n\t<meta name=\"generator\" content=\"All in One SEO Pro (AIOSEO) 4.9.6\" \/>\n\t\t<meta property=\"og:locale\" content=\"pl_PL\" \/>\n\t\t<meta property=\"og:site_name\" content=\"MONAT POLAND - MONAT GLOBAL\" \/>\n\t\t<meta property=\"og:type\" content=\"article\" \/>\n\t\t<meta property=\"og:title\" content=\"MONAT Pore Refiner\u2122\" \/>\n\t\t<meta property=\"og:description\" content=\"NOWO\u015a\u0106 --&gt;\" \/>\n\t\t<meta property=\"og:url\" content=\"https:\/\/monatglobal.com\/pl\/pores-minimizing\/\" \/>\n\t\t<meta property=\"article:published_time\" content=\"2024-01-22T08:55:00+00:00\" \/>\n\t\t<meta property=\"article:modified_time\" content=\"2026-02-19T21:09:26+00:00\" \/>\n\t\t<meta name=\"twitter:card\" content=\"summary_large_image\" \/>\n\t\t<meta name=\"twitter:title\" content=\"MONAT Pore Refiner\u2122\" \/>\n\t\t<meta name=\"twitter:description\" content=\"NOWO\u015a\u0106 --&gt;\" \/>\n\t\t<script type=\"application\/ld+json\" class=\"aioseo-schema\">\n\t\t\t{\"@context\":\"https:\\\/\\\/schema.org\",\"@graph\":[{\"@type\":\"BreadcrumbList\",\"@id\":\"https:\\\/\\\/monatglobal.com\\\/pl\\\/pores-minimizing\\\/#breadcrumblist\",\"itemListElement\":[{\"@type\":\"ListItem\",\"@id\":\"https:\\\/\\\/monatglobal.com\\\/pl#listItem\",\"position\":1,\"name\":\"Home\",\"item\":\"https:\\\/\\\/monatglobal.com\\\/pl\",\"nextItem\":{\"@type\":\"ListItem\",\"@id\":\"https:\\\/\\\/monatglobal.com\\\/pl\\\/pores-minimizing\\\/#listItem\",\"name\":\"MONAT Pore Refiner\\u2122\"}},{\"@type\":\"ListItem\",\"@id\":\"https:\\\/\\\/monatglobal.com\\\/pl\\\/pores-minimizing\\\/#listItem\",\"position\":2,\"name\":\"MONAT Pore Refiner\\u2122\",\"previousItem\":{\"@type\":\"ListItem\",\"@id\":\"https:\\\/\\\/monatglobal.com\\\/pl#listItem\",\"name\":\"Home\"}}]},{\"@type\":\"Organization\",\"@id\":\"https:\\\/\\\/monatglobal.com\\\/pl\\\/#organization\",\"name\":\"MONAT POLAND\",\"description\":\"MONAT GLOBAL\",\"url\":\"https:\\\/\\\/monatglobal.com\\\/pl\\\/\"},{\"@type\":\"WebPage\",\"@id\":\"https:\\\/\\\/monatglobal.com\\\/pl\\\/pores-minimizing\\\/#webpage\",\"url\":\"https:\\\/\\\/monatglobal.com\\\/pl\\\/pores-minimizing\\\/\",\"name\":\"MONAT Pore Refiner\\u2122\",\"description\":\"NOWO\\u015a\\u0106 -->\",\"inLanguage\":\"pl-PL\",\"isPartOf\":{\"@id\":\"https:\\\/\\\/monatglobal.com\\\/pl\\\/#website\"},\"breadcrumb\":{\"@id\":\"https:\\\/\\\/monatglobal.com\\\/pl\\\/pores-minimizing\\\/#breadcrumblist\"},\"image\":{\"@type\":\"ImageObject\",\"url\":\"https:\\\/\\\/monatglobal.com\\\/pl\\\/wp-content\\\/uploads\\\/sites\\\/9\\\/2026\\\/02\\\/pore-refiner-ecomm-2023-min.png\",\"@id\":\"https:\\\/\\\/monatglobal.com\\\/pl\\\/pores-minimizing\\\/#mainImage\",\"width\":641,\"height\":800},\"primaryImageOfPage\":{\"@id\":\"https:\\\/\\\/monatglobal.com\\\/pl\\\/pores-minimizing\\\/#mainImage\"},\"datePublished\":\"2024-01-22T08:55:00+00:00\",\"dateModified\":\"2026-02-19T21:09:26+00:00\"},{\"@type\":\"WebSite\",\"@id\":\"https:\\\/\\\/monatglobal.com\\\/pl\\\/#website\",\"url\":\"https:\\\/\\\/monatglobal.com\\\/pl\\\/\",\"name\":\"MONAT POLAND\",\"description\":\"MONAT GLOBAL\",\"inLanguage\":\"pl-PL\",\"publisher\":{\"@id\":\"https:\\\/\\\/monatglobal.com\\\/pl\\\/#organization\"}}]}\n\t\t<\/script>\n\t\t<!-- All in One SEO Pro -->\r\n\t\t<title>MONAT Pore Refiner\u2122<\/title>\n\n","aioseo_head_json":{"title":"MONAT Pore Refiner\u2122","description":"NOWO\u015a\u0106 -->","canonical_url":"https:\/\/monatglobal.com\/pl\/pores-minimizing\/","robots":"max-image-preview:large","keywords":"","webmasterTools":{"miscellaneous":""},"schema":{"@context":"https:\/\/schema.org","@graph":[{"@type":"BreadcrumbList","@id":"https:\/\/monatglobal.com\/pl\/pores-minimizing\/#breadcrumblist","itemListElement":[{"@type":"ListItem","@id":"https:\/\/monatglobal.com\/pl#listItem","position":1,"name":"Home","item":"https:\/\/monatglobal.com\/pl","nextItem":{"@type":"ListItem","@id":"https:\/\/monatglobal.com\/pl\/pores-minimizing\/#listItem","name":"MONAT Pore Refiner\u2122"}},{"@type":"ListItem","@id":"https:\/\/monatglobal.com\/pl\/pores-minimizing\/#listItem","position":2,"name":"MONAT Pore Refiner\u2122","previousItem":{"@type":"ListItem","@id":"https:\/\/monatglobal.com\/pl#listItem","name":"Home"}}]},{"@type":"Organization","@id":"https:\/\/monatglobal.com\/pl\/#organization","name":"MONAT POLAND","description":"MONAT GLOBAL","url":"https:\/\/monatglobal.com\/pl\/"},{"@type":"WebPage","@id":"https:\/\/monatglobal.com\/pl\/pores-minimizing\/#webpage","url":"https:\/\/monatglobal.com\/pl\/pores-minimizing\/","name":"MONAT Pore Refiner\u2122","description":"NOWO\u015a\u0106 -->","inLanguage":"pl-PL","isPartOf":{"@id":"https:\/\/monatglobal.com\/pl\/#website"},"breadcrumb":{"@id":"https:\/\/monatglobal.com\/pl\/pores-minimizing\/#breadcrumblist"},"image":{"@type":"ImageObject","url":"https:\/\/monatglobal.com\/pl\/wp-content\/uploads\/sites\/9\/2026\/02\/pore-refiner-ecomm-2023-min.png","@id":"https:\/\/monatglobal.com\/pl\/pores-minimizing\/#mainImage","width":641,"height":800},"primaryImageOfPage":{"@id":"https:\/\/monatglobal.com\/pl\/pores-minimizing\/#mainImage"},"datePublished":"2024-01-22T08:55:00+00:00","dateModified":"2026-02-19T21:09:26+00:00"},{"@type":"WebSite","@id":"https:\/\/monatglobal.com\/pl\/#website","url":"https:\/\/monatglobal.com\/pl\/","name":"MONAT POLAND","description":"MONAT GLOBAL","inLanguage":"pl-PL","publisher":{"@id":"https:\/\/monatglobal.com\/pl\/#organization"}}]},"og:locale":"pl_PL","og:site_name":"MONAT POLAND - MONAT GLOBAL","og:type":"article","og:title":"MONAT Pore Refiner\u2122","og:description":"NOWO\u015a\u0106 --&gt;","og:url":"https:\/\/monatglobal.com\/pl\/pores-minimizing\/","article:published_time":"2024-01-22T08:55:00+00:00","article:modified_time":"2026-02-19T21:09:26+00:00","twitter:card":"summary_large_image","twitter:title":"MONAT Pore Refiner\u2122","twitter:description":"NOWO\u015a\u0106 --&gt;"},"aioseo_meta_data":{"post_id":"84035","title":"MONAT Pore Refiner\u2122","description":null,"keywords":null,"keyphrases":{"focus":{"keyphrase":"","score":0,"analysis":{"keyphraseInTitle":{"score":0,"maxScore":9,"error":1}}},"additional":[]},"primary_term":null,"canonical_url":null,"og_title":null,"og_description":null,"og_object_type":"default","og_image_type":"default","og_image_url":null,"og_image_width":null,"og_image_height":null,"og_image_custom_url":null,"og_image_custom_fields":null,"og_video":"","og_custom_url":null,"og_article_section":null,"og_article_tags":null,"twitter_use_og":false,"twitter_card":"default","twitter_image_type":"default","twitter_image_url":null,"twitter_image_custom_url":null,"twitter_image_custom_fields":null,"twitter_title":null,"twitter_description":null,"schema":{"blockGraphs":[],"customGraphs":[],"default":{"data":{"Article":[],"Course":[],"Dataset":[],"FAQPage":[],"Movie":[],"Person":[],"Product":[],"ProductReview":[],"Car":[],"Recipe":[],"Service":[],"SoftwareApplication":[],"WebPage":[]},"graphName":"WebPage","isEnabled":true},"graphs":[]},"schema_type":"default","schema_type_options":null,"pillar_content":false,"robots_default":true,"robots_noindex":false,"robots_noarchive":false,"robots_nosnippet":false,"robots_nofollow":false,"robots_noimageindex":false,"robots_noodp":false,"robots_notranslate":false,"robots_max_snippet":"-1","robots_max_videopreview":"-1","robots_max_imagepreview":"large","priority":null,"frequency":"default","local_seo":null,"seo_analyzer_scan_date":"2026-02-19 21:20:35","limit_modified_date":false,"reviewed_by":"0","open_ai":null,"ai":{"faqs":[],"keyPoints":[],"titles":[],"descriptions":[],"socialPosts":{"email":[],"linkedin":[],"twitter":[],"facebook":[],"instagram":[]}},"created":"2024-01-16 15:41:57","updated":"2026-02-19 21:20:35"},"aioseo_breadcrumb":"<div class=\"aioseo-breadcrumbs\"><span class=\"aioseo-breadcrumb\">\n\t<a href=\"https:\/\/monatglobal.com\/pl\" title=\"Home\">Home<\/a>\n<\/span><span class=\"aioseo-breadcrumb-separator\">&raquo;<\/span><span class=\"aioseo-breadcrumb\">\n\tMONAT Pore Refiner\u2122\n<\/span><\/div>","aioseo_breadcrumb_json":[{"label":"Home","link":"https:\/\/monatglobal.com\/pl"},{"label":"MONAT Pore Refiner\u2122","link":"https:\/\/monatglobal.com\/pl\/pores-minimizing\/"}],"_links":{"self":[{"href":"https:\/\/monatglobal.com\/pl\/wp-json\/wp\/v2\/pages\/84035","targetHints":{"allow":["GET"]}}],"collection":[{"href":"https:\/\/monatglobal.com\/pl\/wp-json\/wp\/v2\/pages"}],"about":[{"href":"https:\/\/monatglobal.com\/pl\/wp-json\/wp\/v2\/types\/page"}],"author":[{"embeddable":true,"href":"https:\/\/monatglobal.com\/pl\/wp-json\/wp\/v2\/users\/33"}],"replies":[{"embeddable":true,"href":"https:\/\/monatglobal.com\/pl\/wp-json\/wp\/v2\/comments?post=84035"}],"version-history":[{"count":22,"href":"https:\/\/monatglobal.com\/pl\/wp-json\/wp\/v2\/pages\/84035\/revisions"}],"predecessor-version":[{"id":109336,"href":"https:\/\/monatglobal.com\/pl\/wp-json\/wp\/v2\/pages\/84035\/revisions\/109336"}],"wp:featuredmedia":[{"embeddable":true,"href":"https:\/\/monatglobal.com\/pl\/wp-json\/wp\/v2\/media\/109331"}],"wp:attachment":[{"href":"https:\/\/monatglobal.com\/pl\/wp-json\/wp\/v2\/media?parent=84035"}],"wp:term":[{"taxonomy":"category","embeddable":true,"href":"https:\/\/monatglobal.com\/pl\/wp-json\/wp\/v2\/categories?post=84035"},{"taxonomy":"post_tag","embeddable":true,"href":"https:\/\/monatglobal.com\/pl\/wp-json\/wp\/v2\/tags?post=84035"}],"curies":[{"name":"wp","href":"https:\/\/api.w.org\/{rel}","templated":true}]}}