{"id":83828,"date":"2023-09-28T15:28:05","date_gmt":"2023-09-28T14:28:05","guid":{"rendered":"https:\/\/monatglobal.com\/pl\/?page_id=83828"},"modified":"2025-02-20T14:28:31","modified_gmt":"2025-02-20T14:28:31","slug":"ignite","status":"publish","type":"page","link":"https:\/\/monatglobal.com\/pl\/ignite\/","title":{"rendered":"MONAT EUROPE IGNITE 2025"},"content":{"rendered":"\n\n\t<style>\n    :root{\n        --sand: #fbf5f0;\n        --red: #c2514a;\n        --salmon: #f3b7b1;\n        --dark-purple: #572e3d;\n        --purple: #522f56;\n    }\n<\/style> \n<section id=\"bannerSec\">\n    <img decoding=\"async\" src=\"https:\/\/monatglobal.com\/uk\/wp-content\/uploads\/sites\/6\/2025\/02\/ignite-2025-Logo-w.svg\"\/>\n    \n        <source media=\"(max-width: 700px)\" srcset=\"https:\/\/monatglobal.com\/uk\/wp-content\/uploads\/sites\/6\/2025\/02\/EU-ignite-2025-banner-mobile-min-2.jpg\" loading=\"lazy\"\/>\n        <img decoding=\"async\" src=\"https:\/\/monatglobal.com\/ie\/wp-content\/uploads\/sites\/13\/2025\/02\/IGNITE-BANNER-2025-DESKTOP_updated-min.jpg\" alt=\"A Moroccan-style tower stands prominently in the heart of the city, showcasing its elegance. It rises majestically against a blue sky, with the sunset light enhancing its magnificence.\" loading=\"lazy\"\/>\n    \n<\/section>\n<main id=\"igniteContainer\">\n    <section id=\"Sec1\">\n            <img decoding=\"async\" src=\"https:\/\/monatglobal.com\/pl\/wp-content\/uploads\/sites\/9\/2025\/02\/marrakech-title-1-pl.svg\" alt=\"Marrakech!\"\/>\n            <h1>Twoja wymarzona <br \/>podr\u00f3\u017c zaczyna<br \/> si\u0119  tutaj!<\/h1>\n            <p>Kwalifikacja:<br \/> 1 lutego 2025 r. &#8211;  31 lipca 2025 r.<\/p>\n            <p>Data wydarzenia:<br \/> 26-29 wrze\u015bnia 2025 r.<\/p>\n    <\/section>\n    <section id=\"Sec2\">\n            <h2>Jakie jest<br \/> Twoje wymarzone<br \/> miejsce na podr\u00f3\u017c?<br \/>\n            Gotowa, aby przekszta\u0142ci\u0107<br \/> to w rzeczywisto\u015b\u0107?<\/h2>  \n            <img decoding=\"async\" src=\"https:\/\/monatglobal.com\/wp-content\/uploads\/2025\/02\/pattern-img.svg\" alt=\"pattern img\"\/>\n                    <h3>Nadszed\u0142<br \/> czas!<\/h3>\n                    <p>Z przyjemno\u015bci\u0105 og\u0142aszamy ekskluzywn\u0105 wycieczk\u0119 motywacyjn\u0105 MONAT Europe do Marrakeszu.<br \/> Uwierz nam &#8211; to przygoda, na kt\u00f3r\u0105 czeka\u0142a\u015b!<\/p>\n                <img decoding=\"async\" src=\"https:\/\/monatglobal.com\/uk\/wp-content\/uploads\/sites\/6\/2025\/02\/Incentive-Trip-to-Marrakech_archs-min.jpg\" alt=\"A woman seen from behind, wearing a green dress and holding a large hat in her hands, admires the arched architecture of a hallway with Moroccan-style design.\"\/>\n            <img decoding=\"async\" src=\"https:\/\/monatglobal.com\/wp-content\/uploads\/2025\/02\/yellow-star.svg\" alt=\"Yellow eight-pointed star shape\"\/>\n            <img decoding=\"async\" src=\"https:\/\/monatglobal.com\/wp-content\/uploads\/2025\/02\/salmon-star.svg\" alt=\"Salmon eight-pointed star shape\"\/> \n                <p>Je\u015bli kiedykolwiek bra\u0142a\u015b udzia\u0142 w wycieczce motywacyjnej MONAT, to ju\u017c wiesz, \u017ce to co\u015b wi\u0119cej ni\u017c zwyk\u0142y wypad &#8211; to epicka wyprawa pe\u0142na niezapomnianych chwil, nowych przyja\u017ani i wspomnie\u0144, kt\u00f3re pozostan\u0105 na ca\u0142e \u017cycie.<\/p>\n                <p>Wyobra\u017a sobie, \u017ce ch\u0142oniesz \u017cyw\u0105 energi\u0119 Marrakeszu, poznajesz wspania\u0142ych ludzi i prze\u017cywasz chwile, kt\u00f3rych nie da si\u0119 kupi\u0107 za pieni\u0105dze.<\/p>\n    <\/section>\n    <section id=\"sec3\">\n             <img decoding=\"async\" src=\"https:\/\/monatglobal.com\/uk\/wp-content\/uploads\/sites\/6\/2025\/02\/energy-of-Marrakech_woman-min.jpg\" alt=\"A woman wearing a vibrant, colorful dress is seated gracefully on a chair, exuding elegance and style.\"\/>\n                <img decoding=\"async\" src=\"https:\/\/monatglobal.com\/uk\/wp-content\/uploads\/sites\/6\/2025\/02\/more-than-just-a-getaway_arch-min.jpg\" alt=\"A picturesque scene of the royal palace courtyard in Marrakesh, Morocco, highlighting its stunning architecture and tranquil atmosphere.\"\/>\n            <p>To jest Tw\u00f3j moment.<br \/> Nie ograniczaj si\u0119<br \/> do marze\u0144 &#8211; zr\u00f3b to!<\/p>\n    <\/section>\n    <section id=\"tableSec\">\n            <img decoding=\"async\" src=\"https:\/\/monatglobal.com\/wp-content\/uploads\/2025\/02\/salmon-star.svg\" alt=\"Yellow eight-pointed star shape\"\/>\n            <img decoding=\"async\" src=\"https:\/\/monatglobal.com\/wp-content\/uploads\/2025\/02\/yellow-star.svg\" alt=\"Salmon eight-pointed star shape\"\/> \n            <img decoding=\"async\" src=\"https:\/\/monatglobal.com\/uk\/wp-content\/uploads\/sites\/6\/2025\/02\/ignite-2025Logo.svg\" alt=\"ignite logo\"\/>\n            <h2>Kryteria<br \/> kwalifikacji<\/h2> \n            <p>Wymagania PV, VIP i MP: do osi\u0105gni\u0119cia w ci\u0105gu 6 miesi\u0119cy <br \/>(dla Wielkiej Brytanii, Irlandii, Polski, Hiszpanii, Litwy i Francji)<\/p>\n            <p>POZIOM<\/p>\n            <p>Ranga kariery: <br \/>MP, AMP, MMP, AMB, MB od 1 lutego 2025 r.<\/p>\n            <p>Nagroda<\/p> \n            <p>Ranga: <br \/>MMB i wy\u017cej od 1 lutego 2025 r.<\/p> \n            <p>Nagroda<\/p>\n            <p>Wymagania PV<br \/>Poziom podstawowy<\/p>\n            <p>7000 PV*<\/p>\n            <p>Program + <br \/>wsp\u00f3\u0142dzielony pok\u00f3j<\/p>\n            \n            <p>Wymagania dotycz\u0105ce rejestracji &#8211; poziom podstawowy<\/p>\n            <p>6 Klient\u00f3w VIP +<br \/> 2 Market Partner\u00f3w<\/p>\n            <p>Wymagania PV <br \/>Poziom 1<\/p>\n            <p>9000 PV*<\/p>\n            <p>program + wsp\u00f3\u0142dzielony pok\u00f3j + voucher o warto\u015bci 500 z\u0142<\/p>\n            <p>12000 PV*<\/p>\n            <p>program + wsp\u00f3\u0142dzielony pok\u00f3j + 500 z\u0142<\/p>\n            <p>Wymagania PV <br \/>Poziom 2<\/p>\n            <p>12000 PV*<\/p>\n            <p>program + wsp\u00f3\u0142dzielony pok\u00f3j + loty w obie strony<\/p>\n            <p>15000 PV*<\/p>\n            <p>program + wsp\u00f3\u0142dzielony pok\u00f3j + Loty<\/p>\n            <p>Wymagania dotycz\u0105ce rejestracji na poziomie<br \/> 1 i 2<\/p>\n            <p>10 Klient\u00f3w VIP + 2 Market Partner\u00f3w<\/p>\n            <p>*Minimalna liczba PV z zakup\u00f3w klient\u00f3w <br \/> (VIP lub detalicznych)<\/p>\n            <p>4000 PV<\/p>\n            \n            <p>6000 PV<\/p>\n            \n            <p>Wszyscy Market Partnerzy musz\u0105 mie\u0107 rang\u0119 do wyp\u0142aty na poziomie MMP lub wy\u017cszym w lipcu 2025, aby si\u0119 zakwalifikowa\u0107.<\/p>\n            \n                Wymagania dotycz\u0105ce rejestracji VIP i MP\n                Poziom podstawowy (tylko dla rang MP, MMP, AMB, MB): zarejestruj 6 Klient\u00f3w VIP z aktywnym Flexship i 2 MP <br \/>z Zestawem Produkt\u00f3w w ci\u0105gu 6&nbsp;miesi\u0119cy<br \/>\n                Poziom 1 i 2: zarejestruj 10 Klient\u00f3w VIP z aktywnym Flexship i 2 MP z Zestawem Produkt\u00f3w w ci\u0105gu 6 miesi\u0119cy<br \/>\n                *aktywny Flexship nie jest wymagany w Polsce, Hiszpanii i na Litwie\n            \n            \n                Wymagania dotycz\u0105ce PV\n                Wymagania dotycz\u0105ce PV dla wszystkich poziom\u00f3w kumuluj\u0105 si\u0119\n             \n    <\/section>\n    <section id=\"lookLike_container\">  \n            <img decoding=\"async\" src=\"https:\/\/monatglobal.com\/wp-content\/uploads\/2025\/02\/salmon-star.svg\" alt=\"Yellow eight-pointed star shape\"\/>\n            <img decoding=\"async\" src=\"https:\/\/monatglobal.com\/wp-content\/uploads\/2025\/02\/yellow-star.svg\" alt=\"Salmon eight-pointed star shape\"\/> \n                <h2>Do\u0142\u0105czysz do nas?<\/h2>\n                <p>Co obejmuje wycieczka<br \/> MONAT Ignite<\/p>\n                        <img decoding=\"async\" src=\"https:\/\/monatglobal.com\/uk\/wp-content\/uploads\/sites\/6\/2025\/02\/entry-level-icon.svg\" alt=\"Hotel icon illustration\"\/>\n                        <p>Poziom podstawowy  <br \/>(dost\u0119pny tylko dla MP, AMP,<br \/> MMP, AMB, MB) <br \/> obejmuje:<\/p>\n                        <ul>\n                            <li><p>\u2022 Zakwaterowanie w hotelu na trzy noce we wsp\u00f3\u0142dzielonym pokoju, w tym \u015bniadanie<\/p><\/li>\n                            <li><p>\u2022 Wyj\u0105tkowy program MONAT<\/p><\/li>\n                            <li><p>\u2022 Uroczyst\u0105 gal\u0119<\/p><\/li>\n                            <li><p>\u2022 Wiele specjalnych niespodzianek od MONAT&nbsp;Europe<\/p><\/li>\n                        <\/ul>\n                        <p>Uczestnicy z tego poziomu nie maj\u0105 op\u0142aconego lotu przez MONAT.<\/p>\n                        <img decoding=\"async\" src=\"https:\/\/monatglobal.com\/uk\/wp-content\/uploads\/sites\/6\/2025\/02\/tier-1-eu.svg\" alt=\"money icon illustration\"\/> \n                        <p>Poziom 1<br \/> obejmuje:<\/p>\n                        <ul>\n                            <li><p>\u2022 Zakwaterowanie w hotelu na trzy noce we wsp\u00f3\u0142dzielonym pokoju, w tym \u015bniadanie<\/p><\/li>\n                            <li><p>\u2022 500 zl do wydania wed\u0142ug w\u0142asnego uznania<\/p><\/li>\n                            <li><p>\u2022 Wyj\u0105tkowy program MONAT<\/p><\/li>\n                            <li><p>\u2022 Uroczyst\u0105 gal\u0119<\/p><\/li>\n                            <li><p>\u2022 Wiele specjalnych niespodzianek od MONAT&nbsp;Europe<\/p><\/li>\n                        <\/ul>\n                        <p>Uczestnicy z tego poziomu nie maj\u0105 op\u0142aconego lotu przez MONAT.<\/p>\n                        <img decoding=\"async\" src=\"https:\/\/monatglobal.com\/uk\/wp-content\/uploads\/sites\/6\/2025\/02\/tier-2.svg\" alt=\"plane ticket icon illustration\"\/>\n                        <p>Poziom 2 <br \/>obejmuje:<\/p>\n                        <ul>\n                            <li><p>\u2022 Bilet lotniczy w obie strony z g\u0142\u00f3wnych lotnisk w Wielkiej Brytanii, Irlandii, Polsce, Hiszpanii, Litwie i Francji*<\/p><\/li>\n                            <li><p>\u2022 Zakwaterowanie w hotelu na trzy noce we wsp\u00f3\u0142dzielonym pokoju, w tym \u015bniadanie<\/p><\/li>\n                            <li><p>\u2022 Wyj\u0105tkowy program MONAT<\/p><\/li>\n                            <li><p>\u2022 Uroczyst\u0105 gal\u0119<\/p><\/li>\n                            <li><p>\u2022 Wiele specjalnych niespodzianek od MONAT&nbsp;Europe<\/p><\/li>\n                        <\/ul>\n            <img decoding=\"async\" src=\"https:\/\/monatglobal.com\/uk\/wp-content\/uploads\/sites\/6\/2025\/02\/oil-drop.svg\" alt=\"oil drop logo\"\/>\n    <\/section>\n    <section id=\"bottomSec\">\n        <p>Do zobaczenia w<\/p>\n        <img decoding=\"async\" src=\"https:\/\/monatglobal.com\/pl\/wp-content\/uploads\/sites\/9\/2025\/02\/marrakech-title-2-pl.svg\" alt=\"Marrakech!\"\/> \n        <a href=\"https:\/\/monatglobal.com\/pl\/wp-content\/uploads\/sites\/9\/2025\/02\/PL_MONAT-Europe-Ignite-2025-FAQ_013125_v2.pdf\" target=\"_blank\" rel=\"noopener\">FAQ<\/a>\n        <p>*Prosimy o zapoznanie <a href=\"https:\/\/monatglobal.com\/pl\/wp-content\/uploads\/sites\/9\/2025\/02\/PL_MONAT-Europe-Ignite-2025-Terms-and-Conditions_020725_v1.pdf\" target=\"_blank\" rel=\"noopener\">si\u0119 z warunkami<\/a> dotycz\u0105cymi<br \/> akceptowania przelotu op\u0142aconego przez MONAT Global.<\/p>\n        <img decoding=\"async\" alt=\"pattern img\" src=\"https:\/\/monatglobal.com\/wp-content\/uploads\/2025\/02\/pattern-img.svg\"\/>\n    <\/section>\n<\/main>\n\n","protected":false},"excerpt":{"rendered":"<p>Twoja wymarzona podr\u00f3\u017c zaczyna si\u0119 tutaj! Kwalifikacja: 1 lutego 2025 r. &#8211; 31 lipca 2025 r. Data wydarzenia: 26-29 wrze\u015bnia 2025 r. Jakie jest Twoje wymarzone miejsce na podr\u00f3\u017c? Gotowa, aby przekszta\u0142ci\u0107 to w rzeczywisto\u015b\u0107? Nadszed\u0142 czas! Z przyjemno\u015bci\u0105 og\u0142aszamy ekskluzywn\u0105 wycieczk\u0119 motywacyjn\u0105 MONAT Europe do Marrakeszu. Uwierz nam &#8211; to przygoda, na kt\u00f3r\u0105 czeka\u0142a\u015b!&hellip;<\/p>\n","protected":false},"author":33,"featured_media":86310,"parent":0,"menu_order":0,"comment_status":"closed","ping_status":"closed","template":"","meta":{"inline_featured_image":false,"om_disable_all_campaigns":false,"_monsterinsights_skip_tracking":false,"_monsterinsights_sitenote_active":false,"_monsterinsights_sitenote_note":"","_monsterinsights_sitenote_category":0,"footnotes":""},"categories":[],"tags":[],"class_list":["post-83828","page","type-page","status-publish","has-post-thumbnail","hentry"],"aioseo_notices":[],"aioseo_head":"\n\t\t<!-- All in One SEO Pro 4.9.5.2 - aioseo.com -->\n\t<meta name=\"description\" content=\"Zakwalifikuj si\u0119 na MONAT Ignite 2025 i prze\u017cyj niezapomnian\u0105 podr\u00f3\u017c do Marrakeszu z luksusowym pobytem, ekskluzywnymi wydarzeniami i gal\u0105!\" \/>\n\t<meta name=\"robots\" content=\"max-image-preview:large\" \/>\n\t<link rel=\"canonical\" href=\"https:\/\/monatglobal.com\/pl\/ignite\/\" \/>\n\t<meta name=\"generator\" content=\"All in One SEO Pro (AIOSEO) 4.9.5.2\" \/>\n\t\t<meta property=\"og:locale\" content=\"pl_PL\" \/>\n\t\t<meta property=\"og:site_name\" content=\"MONAT POLAND - MONAT GLOBAL\" \/>\n\t\t<meta property=\"og:type\" content=\"article\" \/>\n\t\t<meta property=\"og:title\" content=\"MONAT Ignite 2025 | Ekskluzywna Podr\u00f3\u017c Motywacyjna do Marrakeszu\" \/>\n\t\t<meta property=\"og:description\" content=\"Zakwalifikuj si\u0119 na MONAT Ignite 2025 i prze\u017cyj niezapomnian\u0105 podr\u00f3\u017c do Marrakeszu z luksusowym pobytem, ekskluzywnymi wydarzeniami i gal\u0105!\" \/>\n\t\t<meta property=\"og:url\" content=\"https:\/\/monatglobal.com\/pl\/ignite\/\" \/>\n\t\t<meta property=\"article:published_time\" content=\"2023-09-28T14:28:05+00:00\" \/>\n\t\t<meta property=\"article:modified_time\" content=\"2025-02-20T14:28:31+00:00\" \/>\n\t\t<meta name=\"twitter:card\" content=\"summary_large_image\" \/>\n\t\t<meta name=\"twitter:title\" content=\"MONAT Ignite 2025 | Ekskluzywna Podr\u00f3\u017c Motywacyjna do Marrakeszu\" \/>\n\t\t<meta name=\"twitter:description\" content=\"Zakwalifikuj si\u0119 na MONAT Ignite 2025 i prze\u017cyj niezapomnian\u0105 podr\u00f3\u017c do Marrakeszu z luksusowym pobytem, ekskluzywnymi wydarzeniami i gal\u0105!\" \/>\n\t\t<script type=\"application\/ld+json\" class=\"aioseo-schema\">\n\t\t\t{\"@context\":\"https:\\\/\\\/schema.org\",\"@graph\":[{\"@type\":\"BreadcrumbList\",\"@id\":\"https:\\\/\\\/monatglobal.com\\\/pl\\\/ignite\\\/#breadcrumblist\",\"itemListElement\":[{\"@type\":\"ListItem\",\"@id\":\"https:\\\/\\\/monatglobal.com\\\/pl#listItem\",\"position\":1,\"name\":\"Home\",\"item\":\"https:\\\/\\\/monatglobal.com\\\/pl\",\"nextItem\":{\"@type\":\"ListItem\",\"@id\":\"https:\\\/\\\/monatglobal.com\\\/pl\\\/ignite\\\/#listItem\",\"name\":\"MONAT EUROPE IGNITE 2025\"}},{\"@type\":\"ListItem\",\"@id\":\"https:\\\/\\\/monatglobal.com\\\/pl\\\/ignite\\\/#listItem\",\"position\":2,\"name\":\"MONAT EUROPE IGNITE 2025\",\"previousItem\":{\"@type\":\"ListItem\",\"@id\":\"https:\\\/\\\/monatglobal.com\\\/pl#listItem\",\"name\":\"Home\"}}]},{\"@type\":\"Organization\",\"@id\":\"https:\\\/\\\/monatglobal.com\\\/pl\\\/#organization\",\"name\":\"MONAT POLAND\",\"description\":\"MONAT GLOBAL\",\"url\":\"https:\\\/\\\/monatglobal.com\\\/pl\\\/\"},{\"@type\":\"WebPage\",\"@id\":\"https:\\\/\\\/monatglobal.com\\\/pl\\\/ignite\\\/#webpage\",\"url\":\"https:\\\/\\\/monatglobal.com\\\/pl\\\/ignite\\\/\",\"name\":\"MONAT Ignite 2025 | Ekskluzywna Podr\\u00f3\\u017c Motywacyjna do Marrakeszu\",\"description\":\"Zakwalifikuj si\\u0119 na MONAT Ignite 2025 i prze\\u017cyj niezapomnian\\u0105 podr\\u00f3\\u017c do Marrakeszu z luksusowym pobytem, ekskluzywnymi wydarzeniami i gal\\u0105!\",\"inLanguage\":\"pl-PL\",\"isPartOf\":{\"@id\":\"https:\\\/\\\/monatglobal.com\\\/pl\\\/#website\"},\"breadcrumb\":{\"@id\":\"https:\\\/\\\/monatglobal.com\\\/pl\\\/ignite\\\/#breadcrumblist\"},\"image\":{\"@type\":\"ImageObject\",\"url\":\"https:\\\/\\\/monatglobal.com\\\/pl\\\/wp-content\\\/uploads\\\/sites\\\/9\\\/2025\\\/02\\\/Ignite-2025-MARRAKECH-FEATURED-min.jpg\",\"@id\":\"https:\\\/\\\/monatglobal.com\\\/pl\\\/ignite\\\/#mainImage\",\"width\":1200,\"height\":628},\"primaryImageOfPage\":{\"@id\":\"https:\\\/\\\/monatglobal.com\\\/pl\\\/ignite\\\/#mainImage\"},\"datePublished\":\"2023-09-28T15:28:05+01:00\",\"dateModified\":\"2025-02-20T14:28:31+00:00\"},{\"@type\":\"WebSite\",\"@id\":\"https:\\\/\\\/monatglobal.com\\\/pl\\\/#website\",\"url\":\"https:\\\/\\\/monatglobal.com\\\/pl\\\/\",\"name\":\"MONAT POLAND\",\"description\":\"MONAT GLOBAL\",\"inLanguage\":\"pl-PL\",\"publisher\":{\"@id\":\"https:\\\/\\\/monatglobal.com\\\/pl\\\/#organization\"}}]}\n\t\t<\/script>\n\t\t<!-- All in One SEO Pro -->\r\n\t\t<title>MONAT Ignite 2025 | Ekskluzywna Podr\u00f3\u017c Motywacyjna do Marrakeszu<\/title>\n\n","aioseo_head_json":{"title":"MONAT Ignite 2025 | Ekskluzywna Podr\u00f3\u017c Motywacyjna do Marrakeszu","description":"Zakwalifikuj si\u0119 na MONAT Ignite 2025 i prze\u017cyj niezapomnian\u0105 podr\u00f3\u017c do Marrakeszu z luksusowym pobytem, ekskluzywnymi wydarzeniami i gal\u0105!","canonical_url":"https:\/\/monatglobal.com\/pl\/ignite\/","robots":"max-image-preview:large","keywords":"","webmasterTools":{"miscellaneous":""},"schema":{"@context":"https:\/\/schema.org","@graph":[{"@type":"BreadcrumbList","@id":"https:\/\/monatglobal.com\/pl\/ignite\/#breadcrumblist","itemListElement":[{"@type":"ListItem","@id":"https:\/\/monatglobal.com\/pl#listItem","position":1,"name":"Home","item":"https:\/\/monatglobal.com\/pl","nextItem":{"@type":"ListItem","@id":"https:\/\/monatglobal.com\/pl\/ignite\/#listItem","name":"MONAT EUROPE IGNITE 2025"}},{"@type":"ListItem","@id":"https:\/\/monatglobal.com\/pl\/ignite\/#listItem","position":2,"name":"MONAT EUROPE IGNITE 2025","previousItem":{"@type":"ListItem","@id":"https:\/\/monatglobal.com\/pl#listItem","name":"Home"}}]},{"@type":"Organization","@id":"https:\/\/monatglobal.com\/pl\/#organization","name":"MONAT POLAND","description":"MONAT GLOBAL","url":"https:\/\/monatglobal.com\/pl\/"},{"@type":"WebPage","@id":"https:\/\/monatglobal.com\/pl\/ignite\/#webpage","url":"https:\/\/monatglobal.com\/pl\/ignite\/","name":"MONAT Ignite 2025 | Ekskluzywna Podr\u00f3\u017c Motywacyjna do Marrakeszu","description":"Zakwalifikuj si\u0119 na MONAT Ignite 2025 i prze\u017cyj niezapomnian\u0105 podr\u00f3\u017c do Marrakeszu z luksusowym pobytem, ekskluzywnymi wydarzeniami i gal\u0105!","inLanguage":"pl-PL","isPartOf":{"@id":"https:\/\/monatglobal.com\/pl\/#website"},"breadcrumb":{"@id":"https:\/\/monatglobal.com\/pl\/ignite\/#breadcrumblist"},"image":{"@type":"ImageObject","url":"https:\/\/monatglobal.com\/pl\/wp-content\/uploads\/sites\/9\/2025\/02\/Ignite-2025-MARRAKECH-FEATURED-min.jpg","@id":"https:\/\/monatglobal.com\/pl\/ignite\/#mainImage","width":1200,"height":628},"primaryImageOfPage":{"@id":"https:\/\/monatglobal.com\/pl\/ignite\/#mainImage"},"datePublished":"2023-09-28T15:28:05+01:00","dateModified":"2025-02-20T14:28:31+00:00"},{"@type":"WebSite","@id":"https:\/\/monatglobal.com\/pl\/#website","url":"https:\/\/monatglobal.com\/pl\/","name":"MONAT POLAND","description":"MONAT GLOBAL","inLanguage":"pl-PL","publisher":{"@id":"https:\/\/monatglobal.com\/pl\/#organization"}}]},"og:locale":"pl_PL","og:site_name":"MONAT POLAND - MONAT GLOBAL","og:type":"article","og:title":"MONAT Ignite 2025 | Ekskluzywna Podr\u00f3\u017c Motywacyjna do Marrakeszu","og:description":"Zakwalifikuj si\u0119 na MONAT Ignite 2025 i prze\u017cyj niezapomnian\u0105 podr\u00f3\u017c do Marrakeszu z luksusowym pobytem, ekskluzywnymi wydarzeniami i gal\u0105!","og:url":"https:\/\/monatglobal.com\/pl\/ignite\/","article:published_time":"2023-09-28T14:28:05+00:00","article:modified_time":"2025-02-20T14:28:31+00:00","twitter:card":"summary_large_image","twitter:title":"MONAT Ignite 2025 | Ekskluzywna Podr\u00f3\u017c Motywacyjna do Marrakeszu","twitter:description":"Zakwalifikuj si\u0119 na MONAT Ignite 2025 i prze\u017cyj niezapomnian\u0105 podr\u00f3\u017c do Marrakeszu z luksusowym pobytem, ekskluzywnymi wydarzeniami i gal\u0105!"},"aioseo_meta_data":{"post_id":"83828","title":"MONAT Ignite 2025 | Ekskluzywna Podr\u00f3\u017c Motywacyjna do Marrakeszu","description":"Zakwalifikuj si\u0119 na MONAT Ignite 2025 i prze\u017cyj niezapomnian\u0105 podr\u00f3\u017c do Marrakeszu z luksusowym pobytem, ekskluzywnymi wydarzeniami i gal\u0105!","keywords":null,"keyphrases":{"focus":{"keyphrase":"","score":0,"analysis":{"keyphraseInTitle":{"score":0,"maxScore":9,"error":1}}},"additional":[]},"primary_term":null,"canonical_url":null,"og_title":null,"og_description":null,"og_object_type":"default","og_image_type":"default","og_image_url":null,"og_image_width":null,"og_image_height":null,"og_image_custom_url":null,"og_image_custom_fields":null,"og_video":"","og_custom_url":null,"og_article_section":null,"og_article_tags":null,"twitter_use_og":false,"twitter_card":"default","twitter_image_type":"default","twitter_image_url":null,"twitter_image_custom_url":null,"twitter_image_custom_fields":null,"twitter_title":null,"twitter_description":null,"schema":{"blockGraphs":[],"customGraphs":[],"default":{"data":{"Article":[],"Course":[],"Dataset":[],"FAQPage":[],"Movie":[],"Person":[],"Product":[],"ProductReview":[],"Car":[],"Recipe":[],"Service":[],"SoftwareApplication":[],"WebPage":[]},"graphName":"WebPage","isEnabled":true},"graphs":[]},"schema_type":"default","schema_type_options":null,"pillar_content":false,"robots_default":true,"robots_noindex":false,"robots_noarchive":false,"robots_nosnippet":false,"robots_nofollow":false,"robots_noimageindex":false,"robots_noodp":false,"robots_notranslate":false,"robots_max_snippet":"-1","robots_max_videopreview":"-1","robots_max_imagepreview":"large","priority":null,"frequency":"default","local_seo":null,"seo_analyzer_scan_date":"2025-08-15 05:54:23","limit_modified_date":false,"reviewed_by":null,"open_ai":null,"ai":null,"created":"2023-09-28 14:28:08","updated":"2026-02-10 05:29:10"},"aioseo_breadcrumb":"<div class=\"aioseo-breadcrumbs\"><span class=\"aioseo-breadcrumb\">\n\t<a href=\"https:\/\/monatglobal.com\/pl\" title=\"Home\">Home<\/a>\n<\/span><span class=\"aioseo-breadcrumb-separator\">&raquo;<\/span><span class=\"aioseo-breadcrumb\">\n\tMONAT EUROPE IGNITE 2025\n<\/span><\/div>","aioseo_breadcrumb_json":[{"label":"Home","link":"https:\/\/monatglobal.com\/pl"},{"label":"MONAT EUROPE IGNITE 2025","link":"https:\/\/monatglobal.com\/pl\/ignite\/"}],"_links":{"self":[{"href":"https:\/\/monatglobal.com\/pl\/wp-json\/wp\/v2\/pages\/83828","targetHints":{"allow":["GET"]}}],"collection":[{"href":"https:\/\/monatglobal.com\/pl\/wp-json\/wp\/v2\/pages"}],"about":[{"href":"https:\/\/monatglobal.com\/pl\/wp-json\/wp\/v2\/types\/page"}],"author":[{"embeddable":true,"href":"https:\/\/monatglobal.com\/pl\/wp-json\/wp\/v2\/users\/33"}],"replies":[{"embeddable":true,"href":"https:\/\/monatglobal.com\/pl\/wp-json\/wp\/v2\/comments?post=83828"}],"version-history":[{"count":20,"href":"https:\/\/monatglobal.com\/pl\/wp-json\/wp\/v2\/pages\/83828\/revisions"}],"predecessor-version":[{"id":86338,"href":"https:\/\/monatglobal.com\/pl\/wp-json\/wp\/v2\/pages\/83828\/revisions\/86338"}],"wp:featuredmedia":[{"embeddable":true,"href":"https:\/\/monatglobal.com\/pl\/wp-json\/wp\/v2\/media\/86310"}],"wp:attachment":[{"href":"https:\/\/monatglobal.com\/pl\/wp-json\/wp\/v2\/media?parent=83828"}],"wp:term":[{"taxonomy":"category","embeddable":true,"href":"https:\/\/monatglobal.com\/pl\/wp-json\/wp\/v2\/categories?post=83828"},{"taxonomy":"post_tag","embeddable":true,"href":"https:\/\/monatglobal.com\/pl\/wp-json\/wp\/v2\/tags?post=83828"}],"curies":[{"name":"wp","href":"https:\/\/api.w.org\/{rel}","templated":true}]}}