{"id":83681,"date":"2023-09-08T08:45:00","date_gmt":"2023-09-08T07:45:00","guid":{"rendered":"https:\/\/monatglobal.com\/pl\/?page_id=83681"},"modified":"2023-11-02T20:09:33","modified_gmt":"2023-11-02T20:09:33","slug":"directors-circle","status":"publish","type":"page","link":"https:\/\/monatglobal.com\/pl\/directors-circle\/","title":{"rendered":"Directors\u2019 Circle 2024"},"content":{"rendered":"\n\n\t<section id=\"bannerSec\">\n        <img decoding=\"async\" src=\"\" alt=\"\"\/>\n        <img decoding=\"async\" id=\"dc_icon\" src=\"https:\/\/monatglobal.com\/wp-content\/uploads\/2023\/08\/directors-circle-logo.svg\" alt=\"\"\/>\n        <h1 id=\"banner_h1\">TAM, GDZIE WIZJA<br \/> STAJE SI\u0118 DZIA\u0141ANIEM <\/h1>\n        <p>EDEN ROC AND NOBU HOTEL<\/p>\n<\/section>\n<section id=\"sec1\"> \n        <img decoding=\"async\" src=\"https:\/\/monatglobal.com\/wp-content\/uploads\/2023\/08\/circle-purple-directors.svg\" alt=\"\"\/>\n        <p>Miami, Floryda <br \/> 8 &#8211; 11 stycznia 2024<\/p>\n            <p>OSI\u0104GNIJ POZYCJ\u0118 LIDERA MONAT<\/p>\n            <h2>We\u017a udzia\u0142 w ekskluzywnych szkoleniach z najlepszymi Market&nbsp;Partnerami i liderami firmy&nbsp;MONAT.<\/h2>\n            <p>Zdob\u0105d\u017a cenne wskaz\u00f3wki jak okre\u015bli\u0107 swoje cele i wykorzysta\u0107 pe\u0142ny potencja\u0142 swojego biznesu&nbsp;MONAT.<\/p>\n            <p>Directors&#8217; Circle 2024 to wydarzenie przeznaczone wy\u0142\u0105cznie dla Market&nbsp;Partner\u00f3w z rang\u0105 w karierze na poziomie&nbsp;Director.<\/p> \n                <h2 id=\"GR_ribbon\">GET <br \/>READY!<\/h2>\n                <img decoding=\"async\" src=\"https:\/\/monatglobal.com\/wp-content\/uploads\/2023\/08\/directors_circle_photo.png\" alt=\"\"\/>\n                <p>ZDOB\u0104D\u0179 CENN\u0104 WIEDZ\u0118<\/p>\n                <h2>We\u017a udzia\u0142 w dyskusjach przy okr\u0105g\u0142ym&nbsp;stole.<\/h2>\n                <p>Poszerz swoj\u0105 wiedz\u0119 podczas spotka\u0144 tematycznych i&nbsp;wzmocnij og\u00f3ln\u0105 kondycj\u0119 swojej&nbsp;dzia\u0142alno\u015bci.<\/p>\n<\/section>\n<section id=\"SED_sec\">\n            <h2>Eskluzywne spotkanie dla senior executive directors.<\/h2>\n            <p>Wyj\u0105tkowa okazja dla MP z rang\u0105 Senior Executive Director do wzi\u0119cia udzia\u0142u w sympozjum, podczas kt\u00f3rego b\u0119d\u0105 bezpo\u015brednio wsp\u00f3\u0142pracowa\u0107 z dyrektorami firmy MONAT i&nbsp;uzyskaj\u0105 konkretne spostrze\u017cenia, jak strategicznie nawigowa\u0107 zmianami i wdra\u017ca\u0107 nowe&nbsp;programy.<\/p>\n        <img decoding=\"async\" id=\"SED_img_absolute\" src=\"https:\/\/monatglobal.com\/wp-content\/uploads\/2023\/08\/circle-grey-directors.svg\" alt=\"\"\/> \n    <img decoding=\"async\" src=\"https:\/\/monatglobal.com\/wp-content\/uploads\/2023\/08\/EJR05068-scaled.jpg\" alt=\"\"\/>\n<\/section>\n<section id=\"sec3\">\n    <img decoding=\"async\" id=\"seashell\" src=\"https:\/\/monatglobal.com\/wp-content\/uploads\/2023\/08\/seashell-2-directors.svg\" alt=\"\"\/>\n    <img decoding=\"async\" id=\"jellyfish\" src=\"https:\/\/monatglobal.com\/wp-content\/uploads\/2023\/08\/jellyfish-directors.svg\" alt=\"\"\/>\n            <img decoding=\"async\" id=\"qualification_icon\" src=\"https:\/\/monatglobal.com\/wp-content\/uploads\/2023\/08\/fish.svg\" alt=\"\"\/>\n            <h2 id=\"qualification_title\">OKRES KWALIFIKACJI 1 wrze\u015bnia &#8211; 31 grudnia 2023<\/h2>\n            <p>Wszyscy MP z rang\u0105 w karierze AED, ED i SED w dniu 1 wrze\u015bnia 2023 r. oraz Market Partnerzy, kt\u00f3rzy osi\u0105gn\u0105 rang\u0119 AED lub wy\u017csz\u0105 do 31 grudnia 2023 r., mog\u0105 si\u0119&nbsp;zakwalifikowa\u0107.<\/p>\n            <h2>KRYTERIA KWALIFIKACJI<\/h2> \n                <p>POZIOM 1<\/p>\n                <p>(obejmuje zakwaterowanie w hotelu na 3 noce)<\/p>\n                <hr \/>\n                <p>MP z rang\u0105 w karierze Director w dniu 1 wrze\u015bnia 2023 r. lub Market Partnerzy, kt\u00f3rzy wcze\u015bniej mieli rang\u0119 w karierze&nbsp;Director:<\/p>\n                    <p>MP musi osi\u0105gn\u0105\u0107 rang\u0119 do wyp\u0142aty na poziomie AED lub wy\u017csz\u0105 w 1 z 4 miesi\u0119cy okresu kwalifikacyjnego oraz zbudowa\u0107&nbsp;Block.<\/p>\n                    <p>POZIOM 2<\/p>\n                    <p>(obejmuje zakwaterowanie w hotelu na 3 noce + lot w dwie strony)<\/p>\n                    <hr \/>\n                    <p>MP z rang\u0105 w karierze Director w dniu 1 wrze\u015bnia 2023 r. lub Market Partnerzy, kt\u00f3rzy wcze\u015bniej mieli rang\u0119 w karierze&nbsp;Director:<\/p>\n                    <p>MP osi\u0105gn\u0105\u0107 rang\u0119 do wyp\u0142aty na poziomie AED lub wy\u017csz\u0105 w 1 z 4 miesi\u0119cy okresu kwalifikacyjnego oraz zbudowa\u0107 Block PLUS wypromowa\u0107 2 osobi\u015bcie sponsorowanych NOWYCH&nbsp;MMB.<\/p>\n                    <p>Nowi MP z rang\u0105 Director do 31 grudnia&nbsp;2023<\/p>\n                    <p>Osoba musi by\u0107 nowym MP z rang\u0105 Director lub awansowa\u0107 do nowej rangi Director po raz pierwszy w ramach czasowych kwalifikacji oraz zbudowa\u0107&nbsp;Block.<\/p>\n                <p>*Klienci VIP zarejestrowani w ramach Blocku musz\u0105 mie\u0107 aktywne zam\u00f3wienie Flexship do 15. dnia miesi\u0105ca nast\u0119puj\u0105cego po miesi\u0105cu&nbsp;rejestracji.<\/p>\n                <p>*Market Partnerzy zarejestrowani w ramach Blocku musz\u0105 zarejestrowa\u0107 si\u0119 Zestawem Produkt\u00f3w lub je\u015bli zostan\u0105 zarejestrowani w ramach programu Zero Enrloment w Kanadzie, musz\u0105 osi\u0105gn\u0105\u0107 200 PV w ci\u0105gu 30 dni od rejestracji i zmie\u015bci\u0107 si\u0119 w ramach czasowych kwalifikacji do wycieczki Directors&#8217;&nbsp;Circle.<\/p>\n        <img decoding=\"async\" src=\"https:\/\/monatglobal.com\/wp-content\/uploads\/2023\/08\/coral.svg\" alt=\"\"\/>\n        <h2>Co obejmuje wycieczka<br \/> Monat Directors&#8217; Circle 2024?<\/h2>\n                <p>POZIOM 1<\/p>\n                <ul>\n                    <li>Czas na rozmowy i nawi\u0105zanie znajomo\u015bci z najlepszymi<br \/> Liderami&nbsp;MONAT.<\/li>\n                    <li>Specjalne nagrody i&nbsp;wyr\u00f3\u017cnienia.<\/li>\n                    <li>Ekskluzywne zapowiedzi plan\u00f3w na rok&nbsp;2024.<\/li>\n                    <li>Zakwaterowanie na 3 noce w&nbsp;hotelu.<\/li> \n                    <li>Mo\u017cliwo\u015b\u0107 zabrania wsp\u00f3\u0142ma\u0142\u017conka<br \/>  (obowi\u0105zuj\u0105 dodatkowe op\u0142aty i&nbsp;regulamin).<\/li>\n                <\/ul>\n                <p>POZIOM 2<\/p>\n                <ul>\n                    <li>Czas na rozmowy i nawi\u0105zanie znajomo\u015bci<br \/> z najlepszymi Liderami&nbsp;MONAT.<\/li>\n                    <li>Specjalne nagrody i&nbsp;wyr\u00f3\u017cnienia.<\/li>\n                    <li>Ekskluzywne zapowiedzi plan\u00f3w na rok&nbsp;2024.<\/li>\n                    <li>Zakwaterowanie na 3 noce w&nbsp;hotelu.<\/li> \n                    <li>Lot w dwie strony na lotnisko Miami International&nbsp;Airport.<\/li>\n                    <li>Mo\u017cliwo\u015b\u0107 zabrania wsp\u00f3\u0142ma\u0142\u017conka<br \/>  (obowi\u0105zuj\u0105 dodatkowe op\u0142aty i&nbsp;regulamin).<\/li>\n                <\/ul>\n            <a id=\"faq_btn\" href=\"https:\/\/monatglobal.com\/pl\/wp-content\/uploads\/sites\/9\/2023\/09\/PL_Directors-Circle-2024-FAQs_092023_v2.pdf\" target=\"_blank\" rel=\"noopener\">FAQ<\/a>\n            <a id=\"termsAndC\" href=\"https:\/\/monatglobal.com\/pl\/wp-content\/uploads\/sites\/9\/2023\/09\/PL_Directors-Circle-2024_Terms-and-Conditions_090723_v2.pdf\" target=\"_blank\" rel=\"noopener\">\n                <p>Warunki uczestnictwa<\/p>\n            <\/a>\n        <h2 id=\"hashtag_text\">#monatdirectors<\/h2>\n<\/section>\n\n","protected":false},"excerpt":{"rendered":"<p>TAM, GDZIE WIZJA STAJE SI\u0118 DZIA\u0141ANIEM EDEN ROC AND NOBU HOTEL Miami, Floryda 8 &#8211; 11 stycznia 2024 OSI\u0104GNIJ POZYCJ\u0118 LIDERA MONAT We\u017a udzia\u0142 w ekskluzywnych szkoleniach z najlepszymi Market&nbsp;Partnerami i liderami firmy&nbsp;MONAT. Zdob\u0105d\u017a cenne wskaz\u00f3wki jak okre\u015bli\u0107 swoje cele i wykorzysta\u0107 pe\u0142ny potencja\u0142 swojego biznesu&nbsp;MONAT. Directors&#8217; Circle 2024 to wydarzenie przeznaczone wy\u0142\u0105cznie dla Market&nbsp;Partner\u00f3w&hellip;<\/p>\n","protected":false},"author":33,"featured_media":83713,"parent":0,"menu_order":0,"comment_status":"closed","ping_status":"closed","template":"","meta":{"inline_featured_image":false,"om_disable_all_campaigns":false,"_monsterinsights_skip_tracking":false,"_monsterinsights_sitenote_active":false,"_monsterinsights_sitenote_note":"","_monsterinsights_sitenote_category":0,"footnotes":""},"categories":[25],"tags":[],"class_list":["post-83681","page","type-page","status-publish","has-post-thumbnail","hentry","category-bez-kategorii"],"aioseo_notices":[],"aioseo_head":"\n\t\t<!-- All in One SEO Pro 4.9.6 - aioseo.com -->\n\t<meta name=\"description\" content=\"TAM, GDZIE WIZJA STAJE SI\u0118 DZIA\u0141ANIEM EDEN ROC AND NOBU HOTEL Miami, Floryda 8 - 11 stycznia 2024 OSI\u0104GNIJ POZYCJ\u0118 LIDERA MONAT We\u017a udzia\u0142 w ekskluzywnych szkoleniach z najlepszymi Market Partnerami i liderami firmy MONAT. Zdob\u0105d\u017a cenne wskaz\u00f3wki jak okre\u015bli\u0107 swoje cele i wykorzysta\u0107 pe\u0142ny potencja\u0142 swojego biznesu MONAT. Directors&#039; Circle 2024 to wydarzenie przeznaczone wy\u0142\u0105cznie dla Market Partner\u00f3w\" \/>\n\t<meta name=\"robots\" content=\"max-image-preview:large\" \/>\n\t<link rel=\"canonical\" href=\"https:\/\/monatglobal.com\/pl\/directors-circle\/\" \/>\n\t<meta name=\"generator\" content=\"All in One SEO Pro (AIOSEO) 4.9.6\" \/>\n\t\t<meta property=\"og:locale\" content=\"pl_PL\" \/>\n\t\t<meta property=\"og:site_name\" content=\"MONAT POLAND - MONAT GLOBAL\" \/>\n\t\t<meta property=\"og:type\" content=\"article\" \/>\n\t\t<meta property=\"og:title\" content=\"Directors\u2019 Circle 2024 - MONAT POLAND\" \/>\n\t\t<meta property=\"og:description\" content=\"TAM, GDZIE WIZJA STAJE SI\u0118 DZIA\u0141ANIEM EDEN ROC AND NOBU HOTEL Miami, Floryda 8 - 11 stycznia 2024 OSI\u0104GNIJ POZYCJ\u0118 LIDERA MONAT We\u017a udzia\u0142 w ekskluzywnych szkoleniach z najlepszymi Market Partnerami i liderami firmy MONAT. Zdob\u0105d\u017a cenne wskaz\u00f3wki jak okre\u015bli\u0107 swoje cele i wykorzysta\u0107 pe\u0142ny potencja\u0142 swojego biznesu MONAT. Directors&#039; Circle 2024 to wydarzenie przeznaczone wy\u0142\u0105cznie dla Market Partner\u00f3w\" \/>\n\t\t<meta property=\"og:url\" content=\"https:\/\/monatglobal.com\/pl\/directors-circle\/\" \/>\n\t\t<meta property=\"article:published_time\" content=\"2023-09-08T07:45:00+00:00\" \/>\n\t\t<meta property=\"article:modified_time\" content=\"2023-11-02T20:09:33+00:00\" \/>\n\t\t<meta name=\"twitter:card\" content=\"summary_large_image\" \/>\n\t\t<meta name=\"twitter:title\" content=\"Directors\u2019 Circle 2024 - MONAT POLAND\" \/>\n\t\t<meta name=\"twitter:description\" content=\"TAM, GDZIE WIZJA STAJE SI\u0118 DZIA\u0141ANIEM EDEN ROC AND NOBU HOTEL Miami, Floryda 8 - 11 stycznia 2024 OSI\u0104GNIJ POZYCJ\u0118 LIDERA MONAT We\u017a udzia\u0142 w ekskluzywnych szkoleniach z najlepszymi Market Partnerami i liderami firmy MONAT. Zdob\u0105d\u017a cenne wskaz\u00f3wki jak okre\u015bli\u0107 swoje cele i wykorzysta\u0107 pe\u0142ny potencja\u0142 swojego biznesu MONAT. Directors&#039; Circle 2024 to wydarzenie przeznaczone wy\u0142\u0105cznie dla Market Partner\u00f3w\" \/>\n\t\t<script type=\"application\/ld+json\" class=\"aioseo-schema\">\n\t\t\t{\"@context\":\"https:\\\/\\\/schema.org\",\"@graph\":[{\"@type\":\"BreadcrumbList\",\"@id\":\"https:\\\/\\\/monatglobal.com\\\/pl\\\/directors-circle\\\/#breadcrumblist\",\"itemListElement\":[{\"@type\":\"ListItem\",\"@id\":\"https:\\\/\\\/monatglobal.com\\\/pl#listItem\",\"position\":1,\"name\":\"Home\",\"item\":\"https:\\\/\\\/monatglobal.com\\\/pl\",\"nextItem\":{\"@type\":\"ListItem\",\"@id\":\"https:\\\/\\\/monatglobal.com\\\/pl\\\/directors-circle\\\/#listItem\",\"name\":\"Directors\\u2019 Circle 2024\"}},{\"@type\":\"ListItem\",\"@id\":\"https:\\\/\\\/monatglobal.com\\\/pl\\\/directors-circle\\\/#listItem\",\"position\":2,\"name\":\"Directors\\u2019 Circle 2024\",\"previousItem\":{\"@type\":\"ListItem\",\"@id\":\"https:\\\/\\\/monatglobal.com\\\/pl#listItem\",\"name\":\"Home\"}}]},{\"@type\":\"Organization\",\"@id\":\"https:\\\/\\\/monatglobal.com\\\/pl\\\/#organization\",\"name\":\"MONAT POLAND\",\"description\":\"MONAT GLOBAL\",\"url\":\"https:\\\/\\\/monatglobal.com\\\/pl\\\/\"},{\"@type\":\"WebPage\",\"@id\":\"https:\\\/\\\/monatglobal.com\\\/pl\\\/directors-circle\\\/#webpage\",\"url\":\"https:\\\/\\\/monatglobal.com\\\/pl\\\/directors-circle\\\/\",\"name\":\"Directors\\u2019 Circle 2024 - MONAT POLAND\",\"description\":\"TAM, GDZIE WIZJA STAJE SI\\u0118 DZIA\\u0141ANIEM EDEN ROC AND NOBU HOTEL Miami, Floryda 8 - 11 stycznia 2024 OSI\\u0104GNIJ POZYCJ\\u0118 LIDERA MONAT We\\u017a udzia\\u0142 w ekskluzywnych szkoleniach z najlepszymi Market Partnerami i liderami firmy MONAT. Zdob\\u0105d\\u017a cenne wskaz\\u00f3wki jak okre\\u015bli\\u0107 swoje cele i wykorzysta\\u0107 pe\\u0142ny potencja\\u0142 swojego biznesu MONAT. Directors' Circle 2024 to wydarzenie przeznaczone wy\\u0142\\u0105cznie dla Market Partner\\u00f3w\",\"inLanguage\":\"pl-PL\",\"isPartOf\":{\"@id\":\"https:\\\/\\\/monatglobal.com\\\/pl\\\/#website\"},\"breadcrumb\":{\"@id\":\"https:\\\/\\\/monatglobal.com\\\/pl\\\/directors-circle\\\/#breadcrumblist\"},\"image\":{\"@type\":\"ImageObject\",\"url\":\"https:\\\/\\\/monatglobal.com\\\/pl\\\/wp-content\\\/uploads\\\/sites\\\/9\\\/2023\\\/09\\\/dcircle-thumb.jpg\",\"@id\":\"https:\\\/\\\/monatglobal.com\\\/pl\\\/directors-circle\\\/#mainImage\",\"width\":600,\"height\":400},\"primaryImageOfPage\":{\"@id\":\"https:\\\/\\\/monatglobal.com\\\/pl\\\/directors-circle\\\/#mainImage\"},\"datePublished\":\"2023-09-08T08:45:00+01:00\",\"dateModified\":\"2023-11-02T20:09:33+00:00\"},{\"@type\":\"WebSite\",\"@id\":\"https:\\\/\\\/monatglobal.com\\\/pl\\\/#website\",\"url\":\"https:\\\/\\\/monatglobal.com\\\/pl\\\/\",\"name\":\"MONAT POLAND\",\"description\":\"MONAT GLOBAL\",\"inLanguage\":\"pl-PL\",\"publisher\":{\"@id\":\"https:\\\/\\\/monatglobal.com\\\/pl\\\/#organization\"}}]}\n\t\t<\/script>\n\t\t<!-- All in One SEO Pro -->\r\n\t\t<title>Directors\u2019 Circle 2024 - MONAT POLAND<\/title>\n\n","aioseo_head_json":{"title":"Directors\u2019 Circle 2024 - MONAT POLAND","description":"TAM, GDZIE WIZJA STAJE SI\u0118 DZIA\u0141ANIEM EDEN ROC AND NOBU HOTEL Miami, Floryda 8 - 11 stycznia 2024 OSI\u0104GNIJ POZYCJ\u0118 LIDERA MONAT We\u017a udzia\u0142 w ekskluzywnych szkoleniach z najlepszymi Market Partnerami i liderami firmy MONAT. Zdob\u0105d\u017a cenne wskaz\u00f3wki jak okre\u015bli\u0107 swoje cele i wykorzysta\u0107 pe\u0142ny potencja\u0142 swojego biznesu MONAT. Directors' Circle 2024 to wydarzenie przeznaczone wy\u0142\u0105cznie dla Market Partner\u00f3w","canonical_url":"https:\/\/monatglobal.com\/pl\/directors-circle\/","robots":"max-image-preview:large","keywords":"","webmasterTools":{"miscellaneous":""},"schema":{"@context":"https:\/\/schema.org","@graph":[{"@type":"BreadcrumbList","@id":"https:\/\/monatglobal.com\/pl\/directors-circle\/#breadcrumblist","itemListElement":[{"@type":"ListItem","@id":"https:\/\/monatglobal.com\/pl#listItem","position":1,"name":"Home","item":"https:\/\/monatglobal.com\/pl","nextItem":{"@type":"ListItem","@id":"https:\/\/monatglobal.com\/pl\/directors-circle\/#listItem","name":"Directors\u2019 Circle 2024"}},{"@type":"ListItem","@id":"https:\/\/monatglobal.com\/pl\/directors-circle\/#listItem","position":2,"name":"Directors\u2019 Circle 2024","previousItem":{"@type":"ListItem","@id":"https:\/\/monatglobal.com\/pl#listItem","name":"Home"}}]},{"@type":"Organization","@id":"https:\/\/monatglobal.com\/pl\/#organization","name":"MONAT POLAND","description":"MONAT GLOBAL","url":"https:\/\/monatglobal.com\/pl\/"},{"@type":"WebPage","@id":"https:\/\/monatglobal.com\/pl\/directors-circle\/#webpage","url":"https:\/\/monatglobal.com\/pl\/directors-circle\/","name":"Directors\u2019 Circle 2024 - MONAT POLAND","description":"TAM, GDZIE WIZJA STAJE SI\u0118 DZIA\u0141ANIEM EDEN ROC AND NOBU HOTEL Miami, Floryda 8 - 11 stycznia 2024 OSI\u0104GNIJ POZYCJ\u0118 LIDERA MONAT We\u017a udzia\u0142 w ekskluzywnych szkoleniach z najlepszymi Market Partnerami i liderami firmy MONAT. Zdob\u0105d\u017a cenne wskaz\u00f3wki jak okre\u015bli\u0107 swoje cele i wykorzysta\u0107 pe\u0142ny potencja\u0142 swojego biznesu MONAT. Directors' Circle 2024 to wydarzenie przeznaczone wy\u0142\u0105cznie dla Market Partner\u00f3w","inLanguage":"pl-PL","isPartOf":{"@id":"https:\/\/monatglobal.com\/pl\/#website"},"breadcrumb":{"@id":"https:\/\/monatglobal.com\/pl\/directors-circle\/#breadcrumblist"},"image":{"@type":"ImageObject","url":"https:\/\/monatglobal.com\/pl\/wp-content\/uploads\/sites\/9\/2023\/09\/dcircle-thumb.jpg","@id":"https:\/\/monatglobal.com\/pl\/directors-circle\/#mainImage","width":600,"height":400},"primaryImageOfPage":{"@id":"https:\/\/monatglobal.com\/pl\/directors-circle\/#mainImage"},"datePublished":"2023-09-08T08:45:00+01:00","dateModified":"2023-11-02T20:09:33+00:00"},{"@type":"WebSite","@id":"https:\/\/monatglobal.com\/pl\/#website","url":"https:\/\/monatglobal.com\/pl\/","name":"MONAT POLAND","description":"MONAT GLOBAL","inLanguage":"pl-PL","publisher":{"@id":"https:\/\/monatglobal.com\/pl\/#organization"}}]},"og:locale":"pl_PL","og:site_name":"MONAT POLAND - MONAT GLOBAL","og:type":"article","og:title":"Directors\u2019 Circle 2024 - MONAT POLAND","og:description":"TAM, GDZIE WIZJA STAJE SI\u0118 DZIA\u0141ANIEM EDEN ROC AND NOBU HOTEL Miami, Floryda 8 - 11 stycznia 2024 OSI\u0104GNIJ POZYCJ\u0118 LIDERA MONAT We\u017a udzia\u0142 w ekskluzywnych szkoleniach z najlepszymi Market Partnerami i liderami firmy MONAT. Zdob\u0105d\u017a cenne wskaz\u00f3wki jak okre\u015bli\u0107 swoje cele i wykorzysta\u0107 pe\u0142ny potencja\u0142 swojego biznesu MONAT. Directors' Circle 2024 to wydarzenie przeznaczone wy\u0142\u0105cznie dla Market Partner\u00f3w","og:url":"https:\/\/monatglobal.com\/pl\/directors-circle\/","article:published_time":"2023-09-08T07:45:00+00:00","article:modified_time":"2023-11-02T20:09:33+00:00","twitter:card":"summary_large_image","twitter:title":"Directors\u2019 Circle 2024 - MONAT POLAND","twitter:description":"TAM, GDZIE WIZJA STAJE SI\u0118 DZIA\u0141ANIEM EDEN ROC AND NOBU HOTEL Miami, Floryda 8 - 11 stycznia 2024 OSI\u0104GNIJ POZYCJ\u0118 LIDERA MONAT We\u017a udzia\u0142 w ekskluzywnych szkoleniach z najlepszymi Market Partnerami i liderami firmy MONAT. Zdob\u0105d\u017a cenne wskaz\u00f3wki jak okre\u015bli\u0107 swoje cele i wykorzysta\u0107 pe\u0142ny potencja\u0142 swojego biznesu MONAT. Directors' Circle 2024 to wydarzenie przeznaczone wy\u0142\u0105cznie dla Market Partner\u00f3w"},"aioseo_meta_data":{"post_id":"83681","title":null,"description":null,"keywords":[],"keyphrases":{"focus":{"keyphrase":"","score":0,"analysis":{"keyphraseInTitle":{"score":0,"maxScore":9,"error":1}}},"additional":[]},"primary_term":null,"canonical_url":null,"og_title":null,"og_description":null,"og_object_type":"default","og_image_type":"default","og_image_url":null,"og_image_width":null,"og_image_height":null,"og_image_custom_url":null,"og_image_custom_fields":null,"og_video":"","og_custom_url":null,"og_article_section":null,"og_article_tags":[],"twitter_use_og":false,"twitter_card":"default","twitter_image_type":"default","twitter_image_url":null,"twitter_image_custom_url":null,"twitter_image_custom_fields":null,"twitter_title":null,"twitter_description":null,"schema":{"blockGraphs":[],"customGraphs":[],"default":{"data":{"Article":[],"Course":[],"Dataset":[],"FAQPage":[],"Movie":[],"Person":[],"Product":[],"ProductReview":[],"Car":[],"Recipe":[],"Service":[],"SoftwareApplication":[],"WebPage":[]},"graphName":"WebPage","isEnabled":true},"graphs":[]},"schema_type":"default","schema_type_options":null,"pillar_content":false,"robots_default":true,"robots_noindex":false,"robots_noarchive":false,"robots_nosnippet":false,"robots_nofollow":false,"robots_noimageindex":false,"robots_noodp":false,"robots_notranslate":false,"robots_max_snippet":"-1","robots_max_videopreview":"-1","robots_max_imagepreview":"large","priority":null,"frequency":"default","local_seo":null,"seo_analyzer_scan_date":"2025-08-15 05:52:36","limit_modified_date":false,"reviewed_by":null,"open_ai":null,"ai":null,"created":"2023-09-04 06:18:28","updated":"2025-08-15 05:52:36"},"aioseo_breadcrumb":"<div class=\"aioseo-breadcrumbs\"><span class=\"aioseo-breadcrumb\">\n\t<a href=\"https:\/\/monatglobal.com\/pl\" title=\"Home\">Home<\/a>\n<\/span><span class=\"aioseo-breadcrumb-separator\">&raquo;<\/span><span class=\"aioseo-breadcrumb\">\n\tDirectors\u2019 Circle 2024\n<\/span><\/div>","aioseo_breadcrumb_json":[{"label":"Home","link":"https:\/\/monatglobal.com\/pl"},{"label":"Directors\u2019 Circle 2024","link":"https:\/\/monatglobal.com\/pl\/directors-circle\/"}],"_links":{"self":[{"href":"https:\/\/monatglobal.com\/pl\/wp-json\/wp\/v2\/pages\/83681","targetHints":{"allow":["GET"]}}],"collection":[{"href":"https:\/\/monatglobal.com\/pl\/wp-json\/wp\/v2\/pages"}],"about":[{"href":"https:\/\/monatglobal.com\/pl\/wp-json\/wp\/v2\/types\/page"}],"author":[{"embeddable":true,"href":"https:\/\/monatglobal.com\/pl\/wp-json\/wp\/v2\/users\/33"}],"replies":[{"embeddable":true,"href":"https:\/\/monatglobal.com\/pl\/wp-json\/wp\/v2\/comments?post=83681"}],"version-history":[{"count":11,"href":"https:\/\/monatglobal.com\/pl\/wp-json\/wp\/v2\/pages\/83681\/revisions"}],"predecessor-version":[{"id":83942,"href":"https:\/\/monatglobal.com\/pl\/wp-json\/wp\/v2\/pages\/83681\/revisions\/83942"}],"wp:featuredmedia":[{"embeddable":true,"href":"https:\/\/monatglobal.com\/pl\/wp-json\/wp\/v2\/media\/83713"}],"wp:attachment":[{"href":"https:\/\/monatglobal.com\/pl\/wp-json\/wp\/v2\/media?parent=83681"}],"wp:term":[{"taxonomy":"category","embeddable":true,"href":"https:\/\/monatglobal.com\/pl\/wp-json\/wp\/v2\/categories?post=83681"},{"taxonomy":"post_tag","embeddable":true,"href":"https:\/\/monatglobal.com\/pl\/wp-json\/wp\/v2\/tags?post=83681"}],"curies":[{"name":"wp","href":"https:\/\/api.w.org\/{rel}","templated":true}]}}