{"id":83663,"date":"2023-09-10T00:08:25","date_gmt":"2023-09-09T23:08:25","guid":{"rendered":"https:\/\/monatglobal.com\/pl\/?page_id=83663"},"modified":"2023-09-20T22:53:57","modified_gmt":"2023-09-20T21:53:57","slug":"skincare-makeup-launch-party","status":"publish","type":"page","link":"https:\/\/monatglobal.com\/pl\/skincare-makeup-launch-party\/","title":{"rendered":"Skincare Makeup Launch Party"},"content":{"rendered":"\n<!-- HERO SECTION -->\n        <img decoding=\"async\" src=\"https:\/\/monatglobal.com\/wp-content\/uploads\/2023\/08\/logoSkincareMakeup.svg\" alt=\"logo Skincare Make up\">\n        <h2>ODLICZANIE DO OFICJALNEJ PREMIERY:<\/h2>\n  <!-- COUNTDOWN -->\n            <h2 id=\"day\">0<\/h2>\n            DNI\n            <h2 id=\"hour\">0<\/h2>\n            GODZINY\n            <h2 id=\"minute\">0<\/h2>\n            MINUTY\n            <h2 id=\"second\">0<\/h2>\n            SEKUNDY\n    <!-- END OF COUNTDOWN -->\n  <!-- END OF HERO SECTION -->\n  <!-- IFRAME video -->\n          <!-- PL 21-09-23  -->\n          <iframe src=\"https:\/\/www.youtube.com\/embed\/7IIwd7L6l2E\" frameborder=\"0\" allow=\"fullscreen; accelerometer; autoplay; clipboard-write; encrypted-media; gyroscope; picture-in-picture; web-share\"><\/iframe>\n  <!-- LAUNCH PARTY SECTION -->\n           <!--<img decoding=\"async\" src=\"images\/logo-ae.gif\" alt=\"logo_launch_party\"\/> -->\n             <img decoding=\"async\" src=\"https:\/\/monatglobal.com\/wp-content\/uploads\/2023\/09\/logo-ae_PL.gif\" alt=\"Logo MONAT Skincare MakeUp Party Launch\">\n           <h2>21.09.23 | 20:00 CET<\/h2>\n        <h2>Do\u0142\u0105cz. Dowiedz si\u0119. Kup.<\/h2>\n        <p>Pragniesz dowiedzie\u0107 si\u0119 wi\u0119cej o NOWEJ kolekcji MONAT Skincare Makeup?<\/p>\n        <br>\n        <p>Nie mo\u017cesz si\u0119 doczeka\u0107, \u017ceby ZOBACZY\u0106, KUPI\u0106 I ZAKOCHA\u0106 SI\u0118?<\/p>\n        <br>\n        ZAREJESTRUJ SIE JU\u017b TERAZ<br>\n  a to pozwoli Ci wzi\u0105\u0107 udzia\u0142 w LOSOWANIU NA \u017bYWO PE\u0141NOWYMIAROWYCH<br>\n  PRODUKT\u00d3W Z KOLEKCJI MONAT Skincare Makeup!\n  \n          <a href=\"https:\/\/forms.office.com\/pages\/responsepage.aspx?id=khlLHBrq_UuAR8p4_ZmdfYOCUVV12ZZHnJlDxaRdbrJUQTVISkVVRERVMzA0STFPSENUNjdOS0lZSC4u\">ZAREJESTRUJ SI\u0118<\/a>\n  <!-- END OF LAUNCH PARTY SECTION -->\n  <!-- EXPERTS SECTION -->\n          <img decoding=\"async\" src=\"https:\/\/monatglobal.com\/wp-content\/uploads\/2023\/08\/Beth-Balsdon-headshot.jpg\" alt=\"Bethany Balsdon\">\n        <h3>Bethany Balsdon<\/h3>\n        <p>Senior Director<br>Market Partner Experience &amp; Recognition<\/p>\n          <img decoding=\"async\" src=\"https:\/\/monatglobal.com\/wp-content\/uploads\/2023\/08\/Zulima-Garcia-headshot.jpg\" alt=\"Zulima Garcia\">\n        <h3>Zulima Garcia<\/h3>\n        <p>Senior Director<br>Global Product Development<\/p>\n          <img decoding=\"async\" src=\"https:\/\/monatglobal.com\/wp-content\/uploads\/2023\/08\/Sara-Lininger-headshot.jpeg\" alt=\"Sara Lininger\">\n        <h3>Sara Lininger<\/h3>\n        <p>Associate Executive Director<\/p>\n    <h2>Do\u0142\u0105cz do naszych ekspertek podczas spotkania produktowego, aby dowiedzie\u0107 si\u0119 o w\u0142a\u015bciwo\u015bciach i korzy\u015bciach produkt\u00f3w oraz obejrzyj prezentacj\u0119 ca\u0142ej kolekcji na \u017cywo:<\/h2>\n  <!-- END OF EXPERTS SECTION -->\n      <img decoding=\"async\" src=\"https:\/\/monatglobal.com\/wp-content\/uploads\/2023\/09\/MONAT_2023_Makeup-Skin-Care_Product-Group_EU.jpg\" usemap=\"#image_map\">\n  <!-- products grid -->\n          <img decoding=\"async\" src=\"https:\/\/monatglobal.com\/wp-content\/uploads\/2023\/08\/MONAT_2023_Makeup-Skin-Care_Model_Brighten-Correct-Concealer.jpg\" alt=\"MONAT Brighten + Correct Concealer\">\n          <p>MONAT Brighten + Correct Concealer<sup>TM<\/sup><\/p>\n          <img decoding=\"async\" src=\"https:\/\/monatglobal.com\/wp-content\/uploads\/2023\/08\/MONAT_2023_SKINCARE-MAKEUP_Hydrating-Liquid-Gel-Cream-Blush.jpg\" alt=\"MONAT Hydrating Liquid-Gel Cream Blush\">\n            <p>MONAT Hydrating Liquid-Gel Cream Blush<sup>TM<\/sup><\/p>\n          <img decoding=\"async\" src=\"https:\/\/monatglobal.com\/wp-content\/uploads\/2023\/08\/MONAT_2023_Makeup-Skin-Care_Product_Liquid-Lipstick.jpg\" alt=\"MONAT Liquid Lipstick\">\n            <p>MONAT Liquid Lipstick<sup>TM<\/sup><\/p>\n          <img decoding=\"async\" src=\"https:\/\/monatglobal.com\/wp-content\/uploads\/2023\/08\/MONAT_2023_SKINCARE-MAKEUP_IR-Clinical-Mascara.jpg\" alt=\"\">\n            <p>MONAT IR Clinical<sup>TM<\/sup> Tusz do rz\u0119s<\/p>\n          <img decoding=\"async\" src=\"https:\/\/monatglobal.com\/wp-content\/uploads\/2023\/08\/MONAT_2023_SKINCARE-MAKEUP_IR-Clear-Brow-Gel.jpg\" alt=\"\">\n            <p>MONAT IR Clinical<sup>TM<\/sup> Bezbarwny \u017cel do brwi<\/p>\n  <!-- end of products grid -->\n  <!-- party quote -->\n    <h2>Kiedy ko\u0144czy si\u0119 impreza, <br>zaczynaj\u0105 si\u0119 zakupy.<\/h2>\n    Sama przetestuj produkty z nowej kolekcji MONAT!\nSzczeg\u00f3\u0142y zostan\u0105 og\u0142oszone podczas LIVE&#8217;a!\n\n  <!-- end of party quote -->\n  <!-- future section -->\n        <h2>Nadchodzi przysz\u0142o\u015b\u0107<br>w dziedzinie makija\u017cu.<\/h2>\n          <a href=\"https:\/\/forms.office.com\/pages\/responsepage.aspx?id=khlLHBrq_UuAR8p4_ZmdfYOCUVV12ZZHnJlDxaRdbrJUQTVISkVVRERVMzA0STFPSENUNjdOS0lZSC4u\">ZAREJESTRUJ SI\u0118<\/a>\n      <video src=\"https:\/\/monatglobal.com\/wp-content\/uploads\/2023\/08\/Models-Gif_I.mp4\" alt=\"\" muted=\"\" autoplay=\"\" loop=\"\"><\/video>\n  <!-- end of future section -->\n","protected":false},"excerpt":{"rendered":"<p>ODLICZANIE DO OFICJALNEJ PREMIERY: 0 DNI 0 GODZINY 0 MINUTY 0 SEKUNDY 21.09.23 | 20:00 CET Do\u0142\u0105cz. Dowiedz si\u0119. Kup. Pragniesz dowiedzie\u0107 si\u0119 wi\u0119cej o NOWEJ kolekcji MONAT Skincare Makeup? Nie mo\u017cesz si\u0119 doczeka\u0107, \u017ceby ZOBACZY\u0106, KUPI\u0106 I ZAKOCHA\u0106 SI\u0118? ZAREJESTRUJ SIE JU\u017b TERAZ a to pozwoli Ci wzi\u0105\u0107 udzia\u0142 w LOSOWANIU NA \u017bYWO PE\u0141NOWYMIAROWYCH&hellip;<\/p>\n","protected":false},"author":34,"featured_media":0,"parent":0,"menu_order":0,"comment_status":"closed","ping_status":"closed","template":"","meta":{"inline_featured_image":false,"om_disable_all_campaigns":false,"_monsterinsights_skip_tracking":false,"_monsterinsights_sitenote_active":false,"_monsterinsights_sitenote_note":"","_monsterinsights_sitenote_category":0,"footnotes":""},"categories":[],"tags":[],"class_list":["post-83663","page","type-page","status-publish","hentry"],"aioseo_notices":[],"aioseo_head":"\n\t\t<!-- All in One SEO Pro 4.9.5.2 - aioseo.com -->\n\t<meta name=\"description\" content=\"--&gt; 21.09.23 | 20:00 CET Do\u0142\u0105cz. Dowiedz si\u0119. Kup. Pragniesz dowiedzie\u0107 si\u0119 wi\u0119cej o NOWEJ kolekcji MONAT Skincare Makeup? Nie mo\u017cesz si\u0119 doczeka\u0107, \u017ceby ZOBACZY\u0106, KUPI\u0106 I ZAKOCHA\u0106 SI\u0118? ZAREJESTRUJ SIE JU\u017b TERAZ a to pozwoli Ci wzi\u0105\u0107 udzia\u0142 w LOSOWANIU NA \u017bYWO PE\u0141NOWYMIAROWYCH PRODUKT\u00d3W Z KOLEKCJI MONAT Skincare Makeup! ZAREJESTRUJ SI\u0118 Bethany Balsdon Senior\" \/>\n\t<meta name=\"robots\" content=\"max-image-preview:large\" \/>\n\t<link rel=\"canonical\" href=\"https:\/\/monatglobal.com\/pl\/skincare-makeup-launch-party\/\" \/>\n\t<meta name=\"generator\" content=\"All in One SEO Pro (AIOSEO) 4.9.5.2\" \/>\n\t\t<meta property=\"og:locale\" content=\"pl_PL\" \/>\n\t\t<meta property=\"og:site_name\" content=\"MONAT POLAND - MONAT GLOBAL\" \/>\n\t\t<meta property=\"og:type\" content=\"article\" \/>\n\t\t<meta property=\"og:title\" content=\"Skincare Makeup Launch Party - MONAT POLAND\" \/>\n\t\t<meta property=\"og:description\" content=\"--&gt; 21.09.23 | 20:00 CET Do\u0142\u0105cz. Dowiedz si\u0119. Kup. Pragniesz dowiedzie\u0107 si\u0119 wi\u0119cej o NOWEJ kolekcji MONAT Skincare Makeup? Nie mo\u017cesz si\u0119 doczeka\u0107, \u017ceby ZOBACZY\u0106, KUPI\u0106 I ZAKOCHA\u0106 SI\u0118? ZAREJESTRUJ SIE JU\u017b TERAZ a to pozwoli Ci wzi\u0105\u0107 udzia\u0142 w LOSOWANIU NA \u017bYWO PE\u0141NOWYMIAROWYCH PRODUKT\u00d3W Z KOLEKCJI MONAT Skincare Makeup! ZAREJESTRUJ SI\u0118 Bethany Balsdon Senior\" \/>\n\t\t<meta property=\"og:url\" content=\"https:\/\/monatglobal.com\/pl\/skincare-makeup-launch-party\/\" \/>\n\t\t<meta property=\"article:published_time\" content=\"2023-09-09T23:08:25+00:00\" \/>\n\t\t<meta property=\"article:modified_time\" content=\"2023-09-20T21:53:57+00:00\" \/>\n\t\t<meta name=\"twitter:card\" content=\"summary_large_image\" \/>\n\t\t<meta name=\"twitter:title\" content=\"Skincare Makeup Launch Party - MONAT POLAND\" \/>\n\t\t<meta name=\"twitter:description\" content=\"--&gt; 21.09.23 | 20:00 CET Do\u0142\u0105cz. Dowiedz si\u0119. Kup. Pragniesz dowiedzie\u0107 si\u0119 wi\u0119cej o NOWEJ kolekcji MONAT Skincare Makeup? Nie mo\u017cesz si\u0119 doczeka\u0107, \u017ceby ZOBACZY\u0106, KUPI\u0106 I ZAKOCHA\u0106 SI\u0118? ZAREJESTRUJ SIE JU\u017b TERAZ a to pozwoli Ci wzi\u0105\u0107 udzia\u0142 w LOSOWANIU NA \u017bYWO PE\u0141NOWYMIAROWYCH PRODUKT\u00d3W Z KOLEKCJI MONAT Skincare Makeup! ZAREJESTRUJ SI\u0118 Bethany Balsdon Senior\" \/>\n\t\t<script type=\"application\/ld+json\" class=\"aioseo-schema\">\n\t\t\t{\"@context\":\"https:\\\/\\\/schema.org\",\"@graph\":[{\"@type\":\"BreadcrumbList\",\"@id\":\"https:\\\/\\\/monatglobal.com\\\/pl\\\/skincare-makeup-launch-party\\\/#breadcrumblist\",\"itemListElement\":[{\"@type\":\"ListItem\",\"@id\":\"https:\\\/\\\/monatglobal.com\\\/pl#listItem\",\"position\":1,\"name\":\"Home\",\"item\":\"https:\\\/\\\/monatglobal.com\\\/pl\",\"nextItem\":{\"@type\":\"ListItem\",\"@id\":\"https:\\\/\\\/monatglobal.com\\\/pl\\\/skincare-makeup-launch-party\\\/#listItem\",\"name\":\"Skincare Makeup Launch Party\"}},{\"@type\":\"ListItem\",\"@id\":\"https:\\\/\\\/monatglobal.com\\\/pl\\\/skincare-makeup-launch-party\\\/#listItem\",\"position\":2,\"name\":\"Skincare Makeup Launch Party\",\"previousItem\":{\"@type\":\"ListItem\",\"@id\":\"https:\\\/\\\/monatglobal.com\\\/pl#listItem\",\"name\":\"Home\"}}]},{\"@type\":\"Organization\",\"@id\":\"https:\\\/\\\/monatglobal.com\\\/pl\\\/#organization\",\"name\":\"MONAT POLAND\",\"description\":\"MONAT GLOBAL\",\"url\":\"https:\\\/\\\/monatglobal.com\\\/pl\\\/\"},{\"@type\":\"WebPage\",\"@id\":\"https:\\\/\\\/monatglobal.com\\\/pl\\\/skincare-makeup-launch-party\\\/#webpage\",\"url\":\"https:\\\/\\\/monatglobal.com\\\/pl\\\/skincare-makeup-launch-party\\\/\",\"name\":\"Skincare Makeup Launch Party - MONAT POLAND\",\"description\":\"--> 21.09.23 | 20:00 CET Do\\u0142\\u0105cz. Dowiedz si\\u0119. Kup. Pragniesz dowiedzie\\u0107 si\\u0119 wi\\u0119cej o NOWEJ kolekcji MONAT Skincare Makeup? Nie mo\\u017cesz si\\u0119 doczeka\\u0107, \\u017ceby ZOBACZY\\u0106, KUPI\\u0106 I ZAKOCHA\\u0106 SI\\u0118? ZAREJESTRUJ SIE JU\\u017b TERAZ a to pozwoli Ci wzi\\u0105\\u0107 udzia\\u0142 w LOSOWANIU NA \\u017bYWO PE\\u0141NOWYMIAROWYCH PRODUKT\\u00d3W Z KOLEKCJI MONAT Skincare Makeup! ZAREJESTRUJ SI\\u0118 Bethany Balsdon Senior\",\"inLanguage\":\"pl-PL\",\"isPartOf\":{\"@id\":\"https:\\\/\\\/monatglobal.com\\\/pl\\\/#website\"},\"breadcrumb\":{\"@id\":\"https:\\\/\\\/monatglobal.com\\\/pl\\\/skincare-makeup-launch-party\\\/#breadcrumblist\"},\"datePublished\":\"2023-09-10T00:08:25+01:00\",\"dateModified\":\"2023-09-20T22:53:57+01:00\"},{\"@type\":\"WebSite\",\"@id\":\"https:\\\/\\\/monatglobal.com\\\/pl\\\/#website\",\"url\":\"https:\\\/\\\/monatglobal.com\\\/pl\\\/\",\"name\":\"MONAT POLAND\",\"description\":\"MONAT GLOBAL\",\"inLanguage\":\"pl-PL\",\"publisher\":{\"@id\":\"https:\\\/\\\/monatglobal.com\\\/pl\\\/#organization\"}}]}\n\t\t<\/script>\n\t\t<!-- All in One SEO Pro -->\r\n\t\t<title>Skincare Makeup Launch Party - MONAT POLAND<\/title>\n\n","aioseo_head_json":{"title":"Skincare Makeup Launch Party - MONAT POLAND","description":"--> 21.09.23 | 20:00 CET Do\u0142\u0105cz. Dowiedz si\u0119. Kup. Pragniesz dowiedzie\u0107 si\u0119 wi\u0119cej o NOWEJ kolekcji MONAT Skincare Makeup? Nie mo\u017cesz si\u0119 doczeka\u0107, \u017ceby ZOBACZY\u0106, KUPI\u0106 I ZAKOCHA\u0106 SI\u0118? ZAREJESTRUJ SIE JU\u017b TERAZ a to pozwoli Ci wzi\u0105\u0107 udzia\u0142 w LOSOWANIU NA \u017bYWO PE\u0141NOWYMIAROWYCH PRODUKT\u00d3W Z KOLEKCJI MONAT Skincare Makeup! ZAREJESTRUJ SI\u0118 Bethany Balsdon Senior","canonical_url":"https:\/\/monatglobal.com\/pl\/skincare-makeup-launch-party\/","robots":"max-image-preview:large","keywords":"","webmasterTools":{"miscellaneous":""},"schema":{"@context":"https:\/\/schema.org","@graph":[{"@type":"BreadcrumbList","@id":"https:\/\/monatglobal.com\/pl\/skincare-makeup-launch-party\/#breadcrumblist","itemListElement":[{"@type":"ListItem","@id":"https:\/\/monatglobal.com\/pl#listItem","position":1,"name":"Home","item":"https:\/\/monatglobal.com\/pl","nextItem":{"@type":"ListItem","@id":"https:\/\/monatglobal.com\/pl\/skincare-makeup-launch-party\/#listItem","name":"Skincare Makeup Launch Party"}},{"@type":"ListItem","@id":"https:\/\/monatglobal.com\/pl\/skincare-makeup-launch-party\/#listItem","position":2,"name":"Skincare Makeup Launch Party","previousItem":{"@type":"ListItem","@id":"https:\/\/monatglobal.com\/pl#listItem","name":"Home"}}]},{"@type":"Organization","@id":"https:\/\/monatglobal.com\/pl\/#organization","name":"MONAT POLAND","description":"MONAT GLOBAL","url":"https:\/\/monatglobal.com\/pl\/"},{"@type":"WebPage","@id":"https:\/\/monatglobal.com\/pl\/skincare-makeup-launch-party\/#webpage","url":"https:\/\/monatglobal.com\/pl\/skincare-makeup-launch-party\/","name":"Skincare Makeup Launch Party - MONAT POLAND","description":"--> 21.09.23 | 20:00 CET Do\u0142\u0105cz. Dowiedz si\u0119. Kup. Pragniesz dowiedzie\u0107 si\u0119 wi\u0119cej o NOWEJ kolekcji MONAT Skincare Makeup? Nie mo\u017cesz si\u0119 doczeka\u0107, \u017ceby ZOBACZY\u0106, KUPI\u0106 I ZAKOCHA\u0106 SI\u0118? ZAREJESTRUJ SIE JU\u017b TERAZ a to pozwoli Ci wzi\u0105\u0107 udzia\u0142 w LOSOWANIU NA \u017bYWO PE\u0141NOWYMIAROWYCH PRODUKT\u00d3W Z KOLEKCJI MONAT Skincare Makeup! ZAREJESTRUJ SI\u0118 Bethany Balsdon Senior","inLanguage":"pl-PL","isPartOf":{"@id":"https:\/\/monatglobal.com\/pl\/#website"},"breadcrumb":{"@id":"https:\/\/monatglobal.com\/pl\/skincare-makeup-launch-party\/#breadcrumblist"},"datePublished":"2023-09-10T00:08:25+01:00","dateModified":"2023-09-20T22:53:57+01:00"},{"@type":"WebSite","@id":"https:\/\/monatglobal.com\/pl\/#website","url":"https:\/\/monatglobal.com\/pl\/","name":"MONAT POLAND","description":"MONAT GLOBAL","inLanguage":"pl-PL","publisher":{"@id":"https:\/\/monatglobal.com\/pl\/#organization"}}]},"og:locale":"pl_PL","og:site_name":"MONAT POLAND - MONAT GLOBAL","og:type":"article","og:title":"Skincare Makeup Launch Party - MONAT POLAND","og:description":"--&gt; 21.09.23 | 20:00 CET Do\u0142\u0105cz. Dowiedz si\u0119. Kup. Pragniesz dowiedzie\u0107 si\u0119 wi\u0119cej o NOWEJ kolekcji MONAT Skincare Makeup? Nie mo\u017cesz si\u0119 doczeka\u0107, \u017ceby ZOBACZY\u0106, KUPI\u0106 I ZAKOCHA\u0106 SI\u0118? ZAREJESTRUJ SIE JU\u017b TERAZ a to pozwoli Ci wzi\u0105\u0107 udzia\u0142 w LOSOWANIU NA \u017bYWO PE\u0141NOWYMIAROWYCH PRODUKT\u00d3W Z KOLEKCJI MONAT Skincare Makeup! ZAREJESTRUJ SI\u0118 Bethany Balsdon Senior","og:url":"https:\/\/monatglobal.com\/pl\/skincare-makeup-launch-party\/","article:published_time":"2023-09-09T23:08:25+00:00","article:modified_time":"2023-09-20T21:53:57+00:00","twitter:card":"summary_large_image","twitter:title":"Skincare Makeup Launch Party - MONAT POLAND","twitter:description":"--&gt; 21.09.23 | 20:00 CET Do\u0142\u0105cz. Dowiedz si\u0119. Kup. Pragniesz dowiedzie\u0107 si\u0119 wi\u0119cej o NOWEJ kolekcji MONAT Skincare Makeup? Nie mo\u017cesz si\u0119 doczeka\u0107, \u017ceby ZOBACZY\u0106, KUPI\u0106 I ZAKOCHA\u0106 SI\u0118? ZAREJESTRUJ SIE JU\u017b TERAZ a to pozwoli Ci wzi\u0105\u0107 udzia\u0142 w LOSOWANIU NA \u017bYWO PE\u0141NOWYMIAROWYCH PRODUKT\u00d3W Z KOLEKCJI MONAT Skincare Makeup! ZAREJESTRUJ SI\u0118 Bethany Balsdon Senior"},"aioseo_meta_data":{"post_id":"83663","title":null,"description":null,"keywords":[],"keyphrases":{"focus":{"keyphrase":"","score":0,"analysis":{"keyphraseInTitle":{"score":0,"maxScore":9,"error":1}}},"additional":[]},"primary_term":null,"canonical_url":null,"og_title":null,"og_description":null,"og_object_type":"default","og_image_type":"default","og_image_url":null,"og_image_width":null,"og_image_height":null,"og_image_custom_url":null,"og_image_custom_fields":null,"og_video":"","og_custom_url":null,"og_article_section":null,"og_article_tags":[],"twitter_use_og":false,"twitter_card":"default","twitter_image_type":"default","twitter_image_url":null,"twitter_image_custom_url":null,"twitter_image_custom_fields":null,"twitter_title":null,"twitter_description":null,"schema":{"blockGraphs":[],"customGraphs":[],"default":{"data":{"Article":[],"Course":[],"Dataset":[],"FAQPage":[],"Movie":[],"Person":[],"Product":[],"ProductReview":[],"Car":[],"Recipe":[],"Service":[],"SoftwareApplication":[],"WebPage":[]},"graphName":"WebPage","isEnabled":true},"graphs":[]},"schema_type":"default","schema_type_options":null,"pillar_content":false,"robots_default":true,"robots_noindex":false,"robots_noarchive":false,"robots_nosnippet":false,"robots_nofollow":false,"robots_noimageindex":false,"robots_noodp":false,"robots_notranslate":false,"robots_max_snippet":"-1","robots_max_videopreview":"-1","robots_max_imagepreview":"large","priority":null,"frequency":"default","local_seo":null,"seo_analyzer_scan_date":"2025-08-15 05:54:19","limit_modified_date":false,"reviewed_by":null,"open_ai":null,"ai":null,"created":"2023-09-01 20:12:25","updated":"2025-08-15 05:54:19"},"aioseo_breadcrumb":"<div class=\"aioseo-breadcrumbs\"><span class=\"aioseo-breadcrumb\">\n\t<a href=\"https:\/\/monatglobal.com\/pl\" title=\"Home\">Home<\/a>\n<\/span><span class=\"aioseo-breadcrumb-separator\">&raquo;<\/span><span class=\"aioseo-breadcrumb\">\n\tSkincare Makeup Launch Party\n<\/span><\/div>","aioseo_breadcrumb_json":[{"label":"Home","link":"https:\/\/monatglobal.com\/pl"},{"label":"Skincare Makeup Launch Party","link":"https:\/\/monatglobal.com\/pl\/skincare-makeup-launch-party\/"}],"_links":{"self":[{"href":"https:\/\/monatglobal.com\/pl\/wp-json\/wp\/v2\/pages\/83663","targetHints":{"allow":["GET"]}}],"collection":[{"href":"https:\/\/monatglobal.com\/pl\/wp-json\/wp\/v2\/pages"}],"about":[{"href":"https:\/\/monatglobal.com\/pl\/wp-json\/wp\/v2\/types\/page"}],"author":[{"embeddable":true,"href":"https:\/\/monatglobal.com\/pl\/wp-json\/wp\/v2\/users\/34"}],"replies":[{"embeddable":true,"href":"https:\/\/monatglobal.com\/pl\/wp-json\/wp\/v2\/comments?post=83663"}],"version-history":[{"count":13,"href":"https:\/\/monatglobal.com\/pl\/wp-json\/wp\/v2\/pages\/83663\/revisions"}],"predecessor-version":[{"id":83785,"href":"https:\/\/monatglobal.com\/pl\/wp-json\/wp\/v2\/pages\/83663\/revisions\/83785"}],"wp:attachment":[{"href":"https:\/\/monatglobal.com\/pl\/wp-json\/wp\/v2\/media?parent=83663"}],"wp:term":[{"taxonomy":"category","embeddable":true,"href":"https:\/\/monatglobal.com\/pl\/wp-json\/wp\/v2\/categories?post=83663"},{"taxonomy":"post_tag","embeddable":true,"href":"https:\/\/monatglobal.com\/pl\/wp-json\/wp\/v2\/tags?post=83663"}],"curies":[{"name":"wp","href":"https:\/\/api.w.org\/{rel}","templated":true}]}}