{"id":83592,"date":"2023-08-17T10:49:24","date_gmt":"2023-08-17T14:49:24","guid":{"rendered":"https:\/\/monatglobal.com\/?page_id=83592"},"modified":"2026-02-12T21:07:42","modified_gmt":"2026-02-12T21:07:42","slug":"makeup-liquid-lipstick","status":"publish","type":"page","link":"https:\/\/monatglobal.com\/pl\/makeup-liquid-lipstick\/","title":{"rendered":"Szminka w p\u0142ynie | Makija\u017c MONAT | D\u0142ugotrwa\u0142e nawil\u017cenie ust"},"content":{"rendered":"\n<link rel=\"stylesheet\" href=\"https:\/\/monatglobal.com\/wp-content\/creative_css\/product_styles_sheet.css\">\n    <!--==================================================== ECOMM SECTION ====================================================-->\n        <!--==================================================== Ecomm image ====================================================-->\n            NOWO\u015a\u0106\n                    <img decoding=\"async\" alt=\"\" src=\"\" loading=\"lazy\">\n                    <img decoding=\"async\" alt=\"\" src=\"\" loading=\"lazy\">\n                    <!---->\n                        <img decoding=\"async\" alt=\"\" src=\"\" data-lbxp=\"\" loading=\"lazy\">\n                        <img decoding=\"async\" alt=\"\" src=\"\" loading=\"lazy\">\n                        <!---->\n        <!--==================================================== Ecomm information  ====================================================-->\n            NOWO\u015a\u0106\n            <p>MONAT<\/p>\n            <h1>Liquid Lipstick\u2122\ufe0f<\/h1>\n            <p>hialuronian sodu i olejki ro\u015blinne<\/p>\n            <p>Zapewnia natychmiastowe nawil\u017cenie i&nbsp;intensywny kolor z&nbsp;d\u0142ugotrwa\u0142ym, satynowym wyko\u0144czeniem.<\/p>\n            <p>6 ml \u212e 0.20 fl. oz.<\/p>\n            \n                <label><input type=\"radio\" name=\"toneLiquidLipstick\"><\/label>\n                <label><input type=\"radio\" name=\"toneLiquidLipstick\"><\/label>\n                <label><input type=\"radio\" name=\"toneLiquidLipstick\"><\/label>\n                <label><input type=\"radio\" name=\"toneLiquidLipstick\"><\/label>\n                <label><input type=\"radio\" name=\"toneLiquidLipstick\"><\/label>\n                <label><input type=\"radio\" name=\"toneLiquidLipstick\"><\/label>\n          <!--==================================================== pricing box ====================================================-->     \n          <p>Cena detaliczna<br>000.00 z\u0142<\/p>\n          <p>Klient VIP<br>000.00 z\u0142<\/p>\n          <!--==================================================== pricing box ====================================================-->    \n            <!--==================================================== pricing ====================================================-->       \n            <p>Aby dowiedzie\u0107 si\u0119 wi\u0119cej na temat produktu MONAT Liquid Lipstick\u2122\ufe0f, prosimy skontaktowa\u0107 si\u0119 ze swoim Market Partnere&nbsp;MONAT.<\/p>\n      <a href=\"\" target=\"_blank\" role=\"button\" aria-label=\"\" rel=\"noopener\"><\/a>\n    <!--==================================================== \/ECOMM SECTION  ====================================================-->\n    <!--==================================================== Benefits image ====================================================-->\n    \n        <source id=\"benefitsMobImg\" media=\"(max-width: 700px)\" srcset=\"\">\n        <img decoding=\"async\" id=\"benefitsImg\" src=\"\" alt=\"\" loading=\"lazy\">\n    \n    <!--==================================================== Benefits text ====================================================-->\n            <h2>ZALETY<\/h2>\n            <h3>Po\u0142\u0105czenie odwa\u017cnego koloru ze sk\u0142adnikami, kt\u00f3re pokocha Twoja sk\u00f3ra.<\/h3>\n            <p>Ta lekka szminka w&nbsp;p\u0142ynie zawiera olejki ro\u015blinne i&nbsp;hialuronian sodu, aby zapewni\u0107 ustom od\u017cywienie i&nbsp;nawil\u017cenie do 12 godzin* oraz odwa\u017cny, przebojowy kolor.<\/p>\n            <!--==================================================== features image slide  ====================================================-->\n                    <img decoding=\"async\" src=\"\" alt=\"\" loading=\"lazy\">\n                    <img decoding=\"async\" src=\"\" alt=\"\" loading=\"lazy\">\n                    <img decoding=\"async\" src=\"\" alt=\"\" loading=\"lazy\">\n                    <img decoding=\"async\" src=\"\" alt=\"\" loading=\"lazy\">\n        <!--==================================================== features text ====================================================-->\n                <h3>Cechy<\/h3>\n                    <p>\/ Dost\u0119pna w&nbsp;sze\u015bciu modnych odcieniach o d\u0142ugotrwa\u0142ym, satynowym&nbsp;wyko\u0144czeniu<\/p>\n                    <p>\/ Zapewnia ustom od\u017cywienie i&nbsp;nawil\u017cenie do 12&nbsp;godzin*<\/p> \n                    <p>\/ Kremowa, lekka formu\u0142a nadaje ustom ukojenie i&nbsp;mi\u0119kko\u015b\u0107*<\/p>  \n                    <p>\/ Pomaga wyg\u0142adzi\u0107 drobne linie w&nbsp;okolicach&nbsp;ust*<\/p> \n                    <p>\/ Zapewnia uczucie aksamitnej mi\u0119kko\u015bci na&nbsp;ustach*<\/p>\n                    <p>\/ Precyzyjny aplikator g\u0142adko rozprowadza&nbsp;kolor<\/p>\n                    <br>\n                <p>Zapach \/ Bezzapachowy  <\/p>\n                <p>Tekstura \/ Kremowa, p\u0142ynna.<\/p>\n                <p>*Na podstawie badania konsumenckiego z&nbsp;udzia\u0142em 34 kobiet w wieku 18-60 lat, kt\u00f3re obecnie stosuj\u0105 szmink\u0119 w&nbsp;p\u0142ynie. Przetestowano przez niezale\u017cne&nbsp;laboratorium.<\/p>\n    <!--==================================================== composition image mobile ====================================================-->\n    <img decoding=\"async\" src=\"\" alt=\"\" loading=\"lazy\">\n    <!--==================================================== Why it works text ====================================================-->\n        <h3>Zapewnij ustom nawil\u017cenie. B\u0142yszcz odwa\u017cnym kolorem.<\/h3>\n        <p>Ta aksamitnie g\u0142adka formu\u0142a zawiera hialuronian sodu oraz mieszank\u0119 olejk\u00f3w i&nbsp;humektant\u00f3w ro\u015blinnych, w&nbsp;tym wosk z&nbsp;mimozy i&nbsp;wosk s\u0142onecznikowy, aby zapewni\u0107 trwa\u0142e nawil\u017cenie, kolor i&nbsp;po\u0142ysk, jednocze\u015bnie zmniejszaj\u0105c widoczno\u015b\u0107 drobnych linii w&nbsp;okolicach&nbsp;ust.<\/p>\n<!--==================================================== Composition section ====================================================-->\n        <img decoding=\"async\" src=\"\" alt=\"\" loading=\"lazy\">\n        <img decoding=\"async\" id=\"compImg_2\" src=\"\" alt=\"\" loading=\"lazy\">\n                <!--==================================================== Directions text ====================================================--> \n                    <h3>Spos\u00f3b u\u017cycia<\/h3>\n                        <p>\/ Nak\u0142adaj na czyste, suche&nbsp;usta.<\/p> \n                        <p>\/ Obrysuj usta i wype\u0142nij je precyzyjnym&nbsp;aplikatorem.<\/p>\n                <!--==================================================== Directions video ====================================================-->\n    <p>MONAT Liquid Lipstick\u2122\ufe0f <br>5:39<\/p>\n  <a href=\"\" target=\"_blank\" role=\"button\" aria-label=\"\" rel=\"noopener\"><\/a>\n    <!--==================================================== Ingredients section  ====================================================-->\n        <h2>KLUCZOWE SK\u0141ADNIKI AKTYWNE<\/h2>\n                    <img decoding=\"async\" alt=\"rejuveniqe icon\" src=\"https:\/\/monatglobal.com\/wp-content\/uploads\/2022\/11\/REJUVENIQES.svg\" loading=\"lazy\"> \n                    <p>REJUVENIQE S\u2122<\/p>\n                    <img decoding=\"async\" alt=\"Vitamin E icon\" src=\"https:\/\/monatglobal.com\/wp-content\/uploads\/2022\/09\/Vitamin-E.svg\" loading=\"lazy\"> \n                    <p>Witamina E<\/p>\n                    <img decoding=\"async\" alt=\"Vitamin E icon\" src=\"https:\/\/monatglobal.com\/wp-content\/uploads\/2023\/03\/Sodium-Hyaluronate.svg\" loading=\"lazy\"> \n                    <p>Hialuronianu sodu<\/p>\n        <button id=\"myBtn\" type=\"button\">ZOBACZ PE\u0141N\u0104 LIST\u0118 SK\u0141ADNIK\u00d3W<\/button>\n        <!--==================================================== Modal content  ====================================================-->\n            \u00d7\n            <p>Aqua\/Water\/Eau, Pentaerythrityl Tetraisostearate, Coconut Alkanes, Capryloyl Glycerin\/Sebacic Acid Copolymer, Hydrolyzed Corn Starch, Dodecane, Butylene Glycol, Bis-Diglyceryl Polyacyladipate-2, Lauroyl Lysine, Jojoba Esters, Cellulose, Stearalkonium Bentonite, Polyglyceryl-6 Polyricinoleate, Polyglyceryl-6 Polyhydroxystearate, Helianthus Annuus (Sunflower) Seed Wax, Silica, Sodium Hyaluronate, Tocopheryl Acetate, Tocopherol, Ricinus Communis (Castor) Seed Oil, Limnanthes Alba (Meadowfoam) Seed Oil, Coco-Caprylate\/Caprate, Gardenia Taitensis Flower Extract, Simmondsia Chinensis (Jojoba) Seed Extract, Crambe Abyssinica Seed Oil, Camellia Oleifera Seed Oil, Daucus Carota Sativa (Carrot) Seed Oil, Mauritia Flexuosa Fruit Oil, Cocos Nucifera (Coconut) Oil, Olea Europaea (Olive) Fruit Oil, Solanum Lycopersicum (Tomato) Seed Oil, Acacia Decurrens Flower Wax, Glycerin, Helianthus Annuus (Sunflower) Seed Oil, Glyceryl Rosinate, Moringa Oleifera Seed Oil, Caryocar Brasiliense Fruit Oil, Dilinoleic Acid\/Butanediol Copolymer, Castor Oil\/IPDI Copolymer, Citrus Limon (Lemon) Peel Oil, Citrus Aurantifolia (Lime) Oil, Citrus Aurantium Bergamia (Bergamot) Fruit Oil, Polyglycerin-3, Triethyl Citrate, Adansonia Digitata Oil, Polyhydroxystearic Acid, Polyglycerin-6, Disodium Stearoyl Glutamate, Barium Sulfate, Polyglyceryl-3 Diisostearate, Polyglyceryl-3 Polyricinoleate, Mica, Magnesium Sulfate, Hydrogenated Castor Oil, Benzyl Alcohol, Ethylhexylglycerin, Citric Acid. May Contain (+\/-) Iron Oxides (CI 77491), Iron Oxides (CI 77492), Iron Oxides (CI 77499), Red 7 (CI 15850), Titanium Dioxide (CI 77891), Blue 1 Lake (CI 42090), Red 6 Lake (CI 15850), Red 27 (CI 45410), Red 28 Lake (CI 45410), Red 33 Lake (CL 17200), Ultramarines (CI 77007), Yellow 5 Lake (CI 19140), Yellow 6 Lake (CI&nbsp;15985).<\/p>\n    <!--==================================================== You might also like section ====================================================-->\n        <h2>INNE PRODUKTY, KT\u00d3RE MOG\u0104 CI\u0118 ZAINTERESOWA\u0106<\/h2>\n        <!--==================================================== Slider YOU MIGHT ALSO LIKE ====================================================-->\n        <!---->\n        <!--    -->\n                <!-- Slides products-->\n        <!--        -->\n        <!--            <a href=\"https:\/\/monatglobal.com\/pl\/makeup-concealer\/\" aria-label=\"Go to MONAT Brighten + Correct Concealer\u2122 page\">-->\n        <!--                <img decoding=\"async\" src=\"https:\/\/monatglobal.com\/wp-content\/uploads\/2023\/08\/brighten_correct_concealer_medium-ecomm.png\" alt=\"MONAT Brighten + Correct Concealer\u2122\" loading=\"lazy\"\/>-->\n        <!--                <p>MONAT Brighten + Correct&nbsp;Concealer\u2122<\/p>-->\n        <!--            <\/a>-->\n        <!--        -->\n        <!--        -->\n        <!--            <a href=\"https:\/\/monatglobal.com\/pl\/makeup-liquid-blush\/\" aria-label=\"Go to MONAT Hydrating Liquid-Gel Cream Blush\u2122 page\">-->\n        <!--                <img decoding=\"async\" src=\"https:\/\/monatglobal.com\/wp-content\/uploads\/2023\/08\/hydrating_liquid_gel_cream_blush_peach-ecomm.png\" alt=\"MONAT Hydrating Liquid-Gel Cream Blush\u2122\" loading=\"lazy\"\/>-->\n        <!--                <p>MONAT Hydrating Liquid-Gel <br \/>Cream Blush\u2122<\/p>-->\n        <!--            <\/a>-->\n        <!--        -->\n        <!--        -->\n        <!--            <a href=\"https:\/\/monatglobal.com\/pl\/makeup-mascara\/\" aria-label=\"Go to MONAT IR Clinical\u2122 Mascara page\">-->\n        <!--                <img decoding=\"async\" src=\"https:\/\/monatglobal.com\/wp-content\/uploads\/2023\/08\/ir_clinical_mascara_jetsetter_black-ecomm.png\" alt=\"MONAT IR Clinical\u2122 Mascara\" loading=\"lazy\"\/>-->\n        <!--                <p>MONAT IR Clinical\u2122 <br \/> Mascara<\/p>-->\n        <!--            <\/a>-->\n        <!--        -->\n        <!--    -->\n            <!-- If we need navigation buttons -->\n        <!--    -->\n        <!--    -->\n            <!-- If we need paginations -->\n        <!--    -->\n        <!---->\n         <!--==================================================== If we need navigation buttons  ====================================================-->\n         <!--==================================================== If we need paginations  ====================================================-->\n    <a href=\"\" aria-label=\"\"><\/a>\n<!--==================================================== this link has to go last for it to work   ====================================================-->\n","protected":false},"excerpt":{"rendered":"<p>NOWO\u015a\u0106 NOWO\u015a\u0106 MONAT Liquid Lipstick\u2122\ufe0f hialuronian sodu i olejki ro\u015blinne Zapewnia natychmiastowe nawil\u017cenie i&nbsp;intensywny kolor z&nbsp;d\u0142ugotrwa\u0142ym, satynowym wyko\u0144czeniem. 6 ml \u212e 0.20 fl. oz. Cena detaliczna000.00 z\u0142 Klient VIP000.00 z\u0142 Aby dowiedzie\u0107 si\u0119 wi\u0119cej na temat produktu MONAT Liquid Lipstick\u2122\ufe0f, prosimy skontaktowa\u0107 si\u0119 ze swoim Market Partnere&nbsp;MONAT. ZALETY Po\u0142\u0105czenie odwa\u017cnego koloru ze sk\u0142adnikami, kt\u00f3re pokocha&hellip;<\/p>\n","protected":false},"author":31,"featured_media":83640,"parent":0,"menu_order":0,"comment_status":"closed","ping_status":"closed","template":"","meta":{"inline_featured_image":false,"om_disable_all_campaigns":false,"_monsterinsights_skip_tracking":false,"_monsterinsights_sitenote_active":false,"_monsterinsights_sitenote_note":"","_monsterinsights_sitenote_category":0,"footnotes":""},"categories":[39],"tags":[],"class_list":["post-83592","page","type-page","status-publish","has-post-thumbnail","hentry","category-product-pl"],"aioseo_notices":[],"aioseo_head":"\n\t\t<!-- All in One SEO Pro 4.9.5.2 - aioseo.com -->\n\t<meta name=\"description\" content=\"NOWO\u015a\u0106 --&gt;\" \/>\n\t<meta name=\"robots\" content=\"max-image-preview:large\" \/>\n\t<link rel=\"canonical\" href=\"https:\/\/monatglobal.com\/pl\/makeup-liquid-lipstick\/\" \/>\n\t<meta name=\"generator\" content=\"All in One SEO Pro (AIOSEO) 4.9.5.2\" \/>\n\t\t<meta property=\"og:locale\" content=\"pl_PL\" \/>\n\t\t<meta property=\"og:site_name\" content=\"MONAT POLAND - MONAT GLOBAL\" \/>\n\t\t<meta property=\"og:type\" content=\"article\" \/>\n\t\t<meta property=\"og:title\" content=\"Szminka w p\u0142ynie | Makija\u017c MONAT | D\u0142ugotrwa\u0142e nawil\u017cenie ust - MONAT POLAND\" \/>\n\t\t<meta property=\"og:description\" content=\"NOWO\u015a\u0106 --&gt;\" \/>\n\t\t<meta property=\"og:url\" content=\"https:\/\/monatglobal.com\/pl\/makeup-liquid-lipstick\/\" \/>\n\t\t<meta property=\"article:published_time\" content=\"2023-08-17T14:49:24+00:00\" \/>\n\t\t<meta property=\"article:modified_time\" content=\"2026-02-12T21:07:42+00:00\" \/>\n\t\t<meta name=\"twitter:card\" content=\"summary_large_image\" \/>\n\t\t<meta name=\"twitter:title\" content=\"Szminka w p\u0142ynie | Makija\u017c MONAT | D\u0142ugotrwa\u0142e nawil\u017cenie ust - MONAT POLAND\" \/>\n\t\t<meta name=\"twitter:description\" content=\"NOWO\u015a\u0106 --&gt;\" \/>\n\t\t<script type=\"application\/ld+json\" class=\"aioseo-schema\">\n\t\t\t{\"@context\":\"https:\\\/\\\/schema.org\",\"@graph\":[{\"@type\":\"BreadcrumbList\",\"@id\":\"https:\\\/\\\/monatglobal.com\\\/pl\\\/makeup-liquid-lipstick\\\/#breadcrumblist\",\"itemListElement\":[{\"@type\":\"ListItem\",\"@id\":\"https:\\\/\\\/monatglobal.com\\\/pl#listItem\",\"position\":1,\"name\":\"Home\",\"item\":\"https:\\\/\\\/monatglobal.com\\\/pl\",\"nextItem\":{\"@type\":\"ListItem\",\"@id\":\"https:\\\/\\\/monatglobal.com\\\/pl\\\/makeup-liquid-lipstick\\\/#listItem\",\"name\":\"Szminka w p\\u0142ynie | Makija\\u017c MONAT | D\\u0142ugotrwa\\u0142e nawil\\u017cenie ust\"}},{\"@type\":\"ListItem\",\"@id\":\"https:\\\/\\\/monatglobal.com\\\/pl\\\/makeup-liquid-lipstick\\\/#listItem\",\"position\":2,\"name\":\"Szminka w p\\u0142ynie | Makija\\u017c MONAT | D\\u0142ugotrwa\\u0142e nawil\\u017cenie ust\",\"previousItem\":{\"@type\":\"ListItem\",\"@id\":\"https:\\\/\\\/monatglobal.com\\\/pl#listItem\",\"name\":\"Home\"}}]},{\"@type\":\"Organization\",\"@id\":\"https:\\\/\\\/monatglobal.com\\\/pl\\\/#organization\",\"name\":\"MONAT POLAND\",\"description\":\"MONAT GLOBAL\",\"url\":\"https:\\\/\\\/monatglobal.com\\\/pl\\\/\"},{\"@type\":\"WebPage\",\"@id\":\"https:\\\/\\\/monatglobal.com\\\/pl\\\/makeup-liquid-lipstick\\\/#webpage\",\"url\":\"https:\\\/\\\/monatglobal.com\\\/pl\\\/makeup-liquid-lipstick\\\/\",\"name\":\"Szminka w p\\u0142ynie | Makija\\u017c MONAT | D\\u0142ugotrwa\\u0142e nawil\\u017cenie ust - MONAT POLAND\",\"description\":\"NOWO\\u015a\\u0106 -->\",\"inLanguage\":\"pl-PL\",\"isPartOf\":{\"@id\":\"https:\\\/\\\/monatglobal.com\\\/pl\\\/#website\"},\"breadcrumb\":{\"@id\":\"https:\\\/\\\/monatglobal.com\\\/pl\\\/makeup-liquid-lipstick\\\/#breadcrumblist\"},\"image\":{\"@type\":\"ImageObject\",\"url\":\"https:\\\/\\\/monatglobal.com\\\/pl\\\/wp-content\\\/uploads\\\/sites\\\/9\\\/2023\\\/08\\\/liquid_lipstick_goddess-ecomm-1.png\",\"@id\":\"https:\\\/\\\/monatglobal.com\\\/pl\\\/makeup-liquid-lipstick\\\/#mainImage\",\"width\":641,\"height\":800},\"primaryImageOfPage\":{\"@id\":\"https:\\\/\\\/monatglobal.com\\\/pl\\\/makeup-liquid-lipstick\\\/#mainImage\"},\"datePublished\":\"2023-08-17T10:49:24+01:00\",\"dateModified\":\"2026-02-12T21:07:42+00:00\"},{\"@type\":\"WebSite\",\"@id\":\"https:\\\/\\\/monatglobal.com\\\/pl\\\/#website\",\"url\":\"https:\\\/\\\/monatglobal.com\\\/pl\\\/\",\"name\":\"MONAT POLAND\",\"description\":\"MONAT GLOBAL\",\"inLanguage\":\"pl-PL\",\"publisher\":{\"@id\":\"https:\\\/\\\/monatglobal.com\\\/pl\\\/#organization\"}}]}\n\t\t<\/script>\n\t\t<!-- All in One SEO Pro -->\r\n\t\t<title>Szminka w p\u0142ynie | Makija\u017c MONAT | D\u0142ugotrwa\u0142e nawil\u017cenie ust - MONAT POLAND<\/title>\n\n","aioseo_head_json":{"title":"Szminka w p\u0142ynie | Makija\u017c MONAT | D\u0142ugotrwa\u0142e nawil\u017cenie ust - MONAT POLAND","description":"NOWO\u015a\u0106 -->","canonical_url":"https:\/\/monatglobal.com\/pl\/makeup-liquid-lipstick\/","robots":"max-image-preview:large","keywords":"","webmasterTools":{"miscellaneous":""},"schema":{"@context":"https:\/\/schema.org","@graph":[{"@type":"BreadcrumbList","@id":"https:\/\/monatglobal.com\/pl\/makeup-liquid-lipstick\/#breadcrumblist","itemListElement":[{"@type":"ListItem","@id":"https:\/\/monatglobal.com\/pl#listItem","position":1,"name":"Home","item":"https:\/\/monatglobal.com\/pl","nextItem":{"@type":"ListItem","@id":"https:\/\/monatglobal.com\/pl\/makeup-liquid-lipstick\/#listItem","name":"Szminka w p\u0142ynie | Makija\u017c MONAT | D\u0142ugotrwa\u0142e nawil\u017cenie ust"}},{"@type":"ListItem","@id":"https:\/\/monatglobal.com\/pl\/makeup-liquid-lipstick\/#listItem","position":2,"name":"Szminka w p\u0142ynie | Makija\u017c MONAT | D\u0142ugotrwa\u0142e nawil\u017cenie ust","previousItem":{"@type":"ListItem","@id":"https:\/\/monatglobal.com\/pl#listItem","name":"Home"}}]},{"@type":"Organization","@id":"https:\/\/monatglobal.com\/pl\/#organization","name":"MONAT POLAND","description":"MONAT GLOBAL","url":"https:\/\/monatglobal.com\/pl\/"},{"@type":"WebPage","@id":"https:\/\/monatglobal.com\/pl\/makeup-liquid-lipstick\/#webpage","url":"https:\/\/monatglobal.com\/pl\/makeup-liquid-lipstick\/","name":"Szminka w p\u0142ynie | Makija\u017c MONAT | D\u0142ugotrwa\u0142e nawil\u017cenie ust - MONAT POLAND","description":"NOWO\u015a\u0106 -->","inLanguage":"pl-PL","isPartOf":{"@id":"https:\/\/monatglobal.com\/pl\/#website"},"breadcrumb":{"@id":"https:\/\/monatglobal.com\/pl\/makeup-liquid-lipstick\/#breadcrumblist"},"image":{"@type":"ImageObject","url":"https:\/\/monatglobal.com\/pl\/wp-content\/uploads\/sites\/9\/2023\/08\/liquid_lipstick_goddess-ecomm-1.png","@id":"https:\/\/monatglobal.com\/pl\/makeup-liquid-lipstick\/#mainImage","width":641,"height":800},"primaryImageOfPage":{"@id":"https:\/\/monatglobal.com\/pl\/makeup-liquid-lipstick\/#mainImage"},"datePublished":"2023-08-17T10:49:24+01:00","dateModified":"2026-02-12T21:07:42+00:00"},{"@type":"WebSite","@id":"https:\/\/monatglobal.com\/pl\/#website","url":"https:\/\/monatglobal.com\/pl\/","name":"MONAT POLAND","description":"MONAT GLOBAL","inLanguage":"pl-PL","publisher":{"@id":"https:\/\/monatglobal.com\/pl\/#organization"}}]},"og:locale":"pl_PL","og:site_name":"MONAT POLAND - MONAT GLOBAL","og:type":"article","og:title":"Szminka w p\u0142ynie | Makija\u017c MONAT | D\u0142ugotrwa\u0142e nawil\u017cenie ust - MONAT POLAND","og:description":"NOWO\u015a\u0106 --&gt;","og:url":"https:\/\/monatglobal.com\/pl\/makeup-liquid-lipstick\/","article:published_time":"2023-08-17T14:49:24+00:00","article:modified_time":"2026-02-12T21:07:42+00:00","twitter:card":"summary_large_image","twitter:title":"Szminka w p\u0142ynie | Makija\u017c MONAT | D\u0142ugotrwa\u0142e nawil\u017cenie ust - MONAT POLAND","twitter:description":"NOWO\u015a\u0106 --&gt;"},"aioseo_meta_data":{"post_id":"83592","title":null,"description":null,"keywords":null,"keyphrases":{"focus":{"keyphrase":"","score":0,"analysis":{"keyphraseInTitle":{"score":0,"maxScore":9,"error":1}}},"additional":[]},"primary_term":null,"canonical_url":null,"og_title":null,"og_description":null,"og_object_type":"default","og_image_type":"default","og_image_url":null,"og_image_width":null,"og_image_height":null,"og_image_custom_url":null,"og_image_custom_fields":null,"og_video":"","og_custom_url":null,"og_article_section":null,"og_article_tags":null,"twitter_use_og":false,"twitter_card":"default","twitter_image_type":"default","twitter_image_url":null,"twitter_image_custom_url":null,"twitter_image_custom_fields":null,"twitter_title":null,"twitter_description":null,"schema":{"blockGraphs":[],"customGraphs":[],"default":{"data":{"Article":[],"Course":[],"Dataset":[],"FAQPage":[],"Movie":[],"Person":[],"Product":[],"ProductReview":[],"Car":[],"Recipe":[],"Service":[],"SoftwareApplication":[],"WebPage":[]},"graphName":"WebPage","isEnabled":true},"graphs":[]},"schema_type":"default","schema_type_options":null,"pillar_content":false,"robots_default":true,"robots_noindex":false,"robots_noarchive":false,"robots_nosnippet":false,"robots_nofollow":false,"robots_noimageindex":false,"robots_noodp":false,"robots_notranslate":false,"robots_max_snippet":"-1","robots_max_videopreview":"-1","robots_max_imagepreview":"large","priority":null,"frequency":"default","local_seo":null,"seo_analyzer_scan_date":"2026-02-12 21:11:20","limit_modified_date":false,"reviewed_by":"0","open_ai":null,"ai":{"faqs":[],"keyPoints":[],"titles":[],"descriptions":[],"socialPosts":{"email":[],"linkedin":[],"twitter":[],"facebook":[],"instagram":[]}},"created":"2023-08-28 03:41:04","updated":"2026-02-12 21:11:20"},"aioseo_breadcrumb":"<div class=\"aioseo-breadcrumbs\"><span class=\"aioseo-breadcrumb\">\n\t<a href=\"https:\/\/monatglobal.com\/pl\" title=\"Home\">Home<\/a>\n<\/span><span class=\"aioseo-breadcrumb-separator\">&raquo;<\/span><span class=\"aioseo-breadcrumb\">\n\tSzminka w p\u0142ynie | Makija\u017c MONAT | D\u0142ugotrwa\u0142e nawil\u017cenie ust\n<\/span><\/div>","aioseo_breadcrumb_json":[{"label":"Home","link":"https:\/\/monatglobal.com\/pl"},{"label":"Szminka w p\u0142ynie | Makija\u017c MONAT | D\u0142ugotrwa\u0142e nawil\u017cenie ust","link":"https:\/\/monatglobal.com\/pl\/makeup-liquid-lipstick\/"}],"_links":{"self":[{"href":"https:\/\/monatglobal.com\/pl\/wp-json\/wp\/v2\/pages\/83592","targetHints":{"allow":["GET"]}}],"collection":[{"href":"https:\/\/monatglobal.com\/pl\/wp-json\/wp\/v2\/pages"}],"about":[{"href":"https:\/\/monatglobal.com\/pl\/wp-json\/wp\/v2\/types\/page"}],"author":[{"embeddable":true,"href":"https:\/\/monatglobal.com\/pl\/wp-json\/wp\/v2\/users\/31"}],"replies":[{"embeddable":true,"href":"https:\/\/monatglobal.com\/pl\/wp-json\/wp\/v2\/comments?post=83592"}],"version-history":[{"count":34,"href":"https:\/\/monatglobal.com\/pl\/wp-json\/wp\/v2\/pages\/83592\/revisions"}],"predecessor-version":[{"id":109202,"href":"https:\/\/monatglobal.com\/pl\/wp-json\/wp\/v2\/pages\/83592\/revisions\/109202"}],"wp:featuredmedia":[{"embeddable":true,"href":"https:\/\/monatglobal.com\/pl\/wp-json\/wp\/v2\/media\/83640"}],"wp:attachment":[{"href":"https:\/\/monatglobal.com\/pl\/wp-json\/wp\/v2\/media?parent=83592"}],"wp:term":[{"taxonomy":"category","embeddable":true,"href":"https:\/\/monatglobal.com\/pl\/wp-json\/wp\/v2\/categories?post=83592"},{"taxonomy":"post_tag","embeddable":true,"href":"https:\/\/monatglobal.com\/pl\/wp-json\/wp\/v2\/tags?post=83592"}],"curies":[{"name":"wp","href":"https:\/\/api.w.org\/{rel}","templated":true}]}}