{"id":73055,"date":"2023-08-26T05:38:16","date_gmt":"2023-08-26T04:38:16","guid":{"rendered":"https:\/\/monatglobal.com\/pl\/?page_id=73055"},"modified":"2026-02-20T15:35:15","modified_gmt":"2026-02-20T15:35:15","slug":"makeup-brow-gel","status":"publish","type":"page","link":"https:\/\/monatglobal.com\/pl\/makeup-brow-gel\/","title":{"rendered":"\u017bel do brwi | Makija\u017c MONAT | Bezbarwny \u017cel do brwi"},"content":{"rendered":"\n<link rel=\"stylesheet\" href=\"https:\/\/monatglobal.com\/wp-content\/creative_css\/product_styles_sheet.css\">\n   <!--==================================================== ECOMM SECTION ====================================================-->\n      <!--==================================================== Ecomm image ====================================================-->\n         NOWO\u015a\u0106\n               <img decoding=\"async\" alt=\"Product shot of the MONAT IR Clinical\u2122 Clear Brow Gel\" src=\"https:\/\/monatglobal.com\/wp-content\/uploads\/2023\/08\/ir_clinical_clear_brown_gel_clear-ecomm.png\" loading=\"lazy\">\n               <img decoding=\"async\" alt=\"Female holding the brush of the MONAT IR Clinical\u2122 Clear Brow Gel infront of her brows.\" src=\"https:\/\/monatglobal.com\/wp-content\/uploads\/2023\/08\/clear-brow-gel-clear-ecomm-closeup-min.jpg\" loading=\"lazy\">\n                  <img decoding=\"async\" alt=\"Product shot of the MONAT IR Clinical\u2122 Clear Brow Gel\" src=\"https:\/\/monatglobal.com\/wp-content\/uploads\/2023\/08\/ir_clinical_clear_brown_gel_clear-ecomm.png\" data-lbxp=\"\" loading=\"lazy\">\n                  <img decoding=\"async\" alt=\"Female holding the brush of the MONAT IR Clinical\u2122 Clear Brow Gel infront of her brows.\" src=\"https:\/\/monatglobal.com\/wp-content\/uploads\/2023\/08\/clear-brow-gel-clear-ecomm-closeup-min.jpg\" loading=\"lazy\">\n      <!--==================================================== Ecomm information  ====================================================-->\n         NOWO\u015a\u0106\n         <p>MONAT <\/p>\n         <h1>IR Clinical\u2122 <br>Bezbarwny \u017cel do brwi <\/h1>\n         <p>melatonina, kofeina i&nbsp;REJUVENIQE<sup>\u00ae<\/sup><\/p>\n         <p>Unosi brwi oraz nadaje im obj\u0119to\u015b\u0107 i&nbsp;utrwalenie przez ca\u0142y dzie\u0144. <\/p>\n         <p>4 ml e 0,13 fl. oz.<\/p>\n      <!--==================================================== pricing box ====================================================--> \n          <p>Cena detaliczna<br>000.00 z\u0142<\/p>\n          <p>Klient VIP<br>000.00 z\u0142<\/p>\n       <!--==================================================== pricing box ====================================================-->  \n         <p>Je\u015bli chcesz dowiedzie\u0107 si\u0119 wi\u0119cej na temat preparatu MONAT IR Clinical\u2122 Bezbarwny \u017cel do brwi, skontaktuj si\u0119 ze swoim Market Partnerem&nbsp;MONAT.<\/p>\n      <a href=\"\" target=\"_blank\" role=\"button\" aria-label=\"\" rel=\"noopener\"><\/a>\n   <!--==================================================== \/ECOMM SECTION  ====================================================-->\n   <!--==================================================== Benefits image ====================================================-->\n   \n      <source media=\"(max-width: 700px)\" srcset=\"https:\/\/monatglobal.com\/wp-content\/uploads\/2023\/08\/clear-brow-gel-clear-benefits-mobile-min.jpg\">\n      <img decoding=\"async\" src=\"https:\/\/monatglobal.com\/wp-content\/uploads\/2023\/08\/clear-brow-gel-clear-benefits-desktop-min.jpg\" alt=\"Female holding the brush of the MONAT IR Clinical\u2122 Clear Brow Gel infront of her brows.\" loading=\"lazy\">\n   \n   <!--==================================================== Benefits text ====================================================-->\n         <h2>ZALETY<\/h2>\n         <h3>Po\u0142\u0105czenie efektu laminowanych brwi ze sk\u0142adnikami, kt\u00f3re pokocha Twoja sk\u00f3ra.<\/h3>\n         <p> Ten \u017cel do brwi zawiera formu\u0142\u0119, kt\u00f3ra nie kruszy si\u0119, podkre\u015bla i&nbsp;ujarzmia brwi oraz nadaje im po\u0142ysk. Idealnie sprawdzi si\u0119 do stworzenia naturalnego makija\u017cu i&nbsp;nada Twoim brwiom pi\u0119kny kszta\u0142t!<\/p>\n         <!--==================================================== features image  ====================================================-->\n         <img decoding=\"async\" alt=\"The brush of the MONAT IR Clinical\u2122 Clear Brow Gel on a flat surface, on top of clear gel.\" src=\"https:\/\/monatglobal.com\/wp-content\/uploads\/2023\/08\/clear-brow-gel-clear-features-min.jpg\" loading=\"lazy\">\n      <!--==================================================== features text ====================================================-->\n            <h3>Cechy<\/h3> \n               <p>\/ Formu\u0142a nie kruszy si\u0119 i&nbsp;pozwala uzyska\u0107 efekt laminowanych brwi* <\/p>\n               <p>\/ Utrwala brwi przez 8 godzin*<\/p>\n               <p>\/ Pomaga wzmocni\u0107 brwi*<\/p>\n               <p>\/ Sprawia, \u017ce brwi wygl\u0105daj\u0105 na g\u0119strze i&nbsp;pe\u0142niejsze*<\/p>\n               <p>\/ Piel\u0119gnuje, podkre\u015bla i&nbsp;wyg\u0142adza*<\/p>\n               <p>\/ Produkt jest odpowiedni dla wra\u017cliwych oczu i&nbsp;os\u00f3b nosz\u0105cych szk\u0142a kontaktowe<\/p>\n               <br>\n            <p>Zapach \/ Bezzapachowy  <\/p>\n            <p>Tekstura \/ Lekki \u017cel <\/p>\n            <p>*Na podstawie badania konsumenckiego z udzia\u0142em 34 kobiet w wieku 18-60 lat, kt\u00f3re obecnie stosuj\u0105 \u017cel do brwi. Przetestowano przez niezale\u017cne laboratorium.<\/p>\n   <!--==================================================== composition image mobile ====================================================-->\n   <img decoding=\"async\" alt=\"An opened MONAT IR Clinical\u2122 Clear Brow Gel on a flat surface, on top of clear gel.\" src=\"https:\/\/monatglobal.com\/wp-content\/uploads\/2023\/08\/clear-brow-gel-clear-standalone-min.jpg\" loading=\"lazy\">\n   <!--==================================================== Why it works text ====================================================-->\n      <h3>Wzmocnione brwi. Pi\u0119knie podkre\u015blone oczy.<\/h3>\n      <p>Ten bezbarwny \u017cel do brwi zawiera nasz\u0105 rewolucyjn\u0105 technologi\u0119 IR Clinical\u2122 z kofein\u0105, melatonin\u0105 i&nbsp;REJUVENIQE<sup>\u00ae<\/sup>, kt\u00f3ra od\u017cywia i&nbsp;wzmacnia brwi oraz sprawia \u017ce wygl\u0105daj\u0105 na g\u0119strze i&nbsp;pe\u0142niejsze*.<\/p>\n<!--==================================================== Composition section ====================================================-->\n      <img decoding=\"async\" alt=\"An opened MONAT IR Clinical\u2122 Clear Brow Gel on a flat surface, on top of clear gel.\" src=\"https:\/\/monatglobal.com\/wp-content\/uploads\/2023\/08\/clear-brow-gel-clear-standalone-min.jpg\" loading=\"lazy\">\n      <img decoding=\"async\" alt=\"Female holding the brush of the MONAT IR Clinical\u2122 Clear Brow Gel infront of her brows.\" src=\"https:\/\/monatglobal.com\/wp-content\/uploads\/2023\/08\/clear-brow-gel-clear-composition-min.jpg\" loading=\"lazy\">\n            <!--==================================================== Directions text ====================================================--> \n               <h3>Spos\u00f3b u\u017cycia<\/h3>\n                  <p>\/ Przeczesz czyste brwi, wykonuj\u0105c ruchy w g\u00f3r\u0119, aby je unie\u015b\u0107 i&nbsp;utrwali\u0107. <\/p>\n                  <p>\/ Nak\u0142adaj wi\u0119ksz\u0105 ilo\u015b\u0107 warstw wed\u0142ug potrzeby, aby uzyska\u0107 bardziej intensywny, laminowany efekt. <\/p>\n            <!--==================================================== Directions video ====================================================-->\n      <p>MONAT IR Clinical\u2122 <br>Bezbarwny \u017cel do brwi  <br>5:39<\/p>\n  <a href=\"\" target=\"_blank\" role=\"button\" aria-label=\"\" rel=\"noopener\"><\/a>\n   <!--==================================================== Ingredients section  ====================================================-->\n      <h2>NAJWA\u017bNIEJSZE SK\u0141ADNIKI<\/h2>\n               <img decoding=\"async\" alt=\"IR Clinical\u2122 Technology icon\" src=\"https:\/\/monatglobal.com\/wp-content\/uploads\/2023\/08\/IR-Clinical-Technology.svg\"> \n               <p>Technologia <br>IR Clinical\u2122<\/p>\n               <img decoding=\"async\" alt=\"rejuveniqe icon\" src=\"https:\/\/monatglobal.com\/wp-content\/uploads\/2022\/09\/rejuveniqe-icon.svg\"> \n               <p>REJUVENIQE<sup>\u00ae<\/sup><\/p>\n      <button id=\"myBtn\" type=\"button\">PE\u0141NA LISTA SK\u0141ADNIK\u00d3W<\/button>\n      <!--==================================================== Modal content  ====================================================-->\n         \u00d7\n         <p>Aqua\/Water\/Eau, Alcohol Denat., Propanediol, Acrylates Copolymer, Pentylene Glycol, Melatonin, Caffeine, Adansonia Digitata Oil, Caryocar Brasiliense Fruit Oil, Citrus Aurantifolia (Lime) Oil, Citrus Aurantium Bergamia (Bergamot) Fruit Oil, Citrus Limon (Lemon) Peel Oil, Cocos Nucifera (Coconut) Oil, Gardenia Taitensis Flower Extract, Helianthus Annuus (Sunflower) Seed Oil, Mauritia Flexuosa Fruit Oil, Moringa Oleifera Seed Oil, Daucus Carota Sativa (Carrot) Seed Oil, Solanum Lycopersicum (Tomato) Seed Oil, Camellia Oleifera Seed Oil, Crambe Abyssinica Seed Oil, Limnanthes Alba (Meadowfoam) Seed Oil, Sodium Phosphate, Disodium Phosphate, Polysorbate 60, Sorbic Acid, Sodium Gluconate, Hydroxyacetophenone, Hydroxyethylcellulose, Aminomethyl Propanol, Citric Acid.\u202c\u202c\u202c\u202c\u202c\u202c\u202c\u202c\u202c\u202c\u202c\u202c\u202c\u202c\u202c\u202c\u202c\u202c\u202c\u202c\u202c\u202c\u202c\u202c\u202c\u202c\u202c\u202c\u202c\u202c\u202c\u202c\u202c\u202c\u202c\u202c\u202c\u202c\u202c\u202c\u202c\u202c\u202c\u202c\u202c\u202c\u202c\u202c\u202c\u202c\u202c\u202c\u202c\u202c\u202c\u202c\u202c\u202c\u202c\u202c\u202c\u202c\u202c\u202c\u202c\u202c\u202c\u202c\u202c\u202c\u202c\u202c\u202c\u202c\u202c\u202c\u202c\u202c\u202c\u202c\u202c\u202c\u202c\u202c\u202c\u202c\u202c\u202c\u202c\u202c\u202c\u202c\u202c\u202c\u202c\u202c\u202c\u202c\u202c\u202c\u202c\u202c\u202c\u202c\u202c\u202c\u202c\u202c\u202c\u202c\u202c\u202c\u202c\u202c\u202c\u202c<\/p>\n   <!--==================================================== You might also like section ====================================================-->\n      <h2>INNE PRODUKTY, KT\u00d3RE MOG\u0104 CI SI\u0118 SPODOBA\u0106<\/h2>\n      <!--==================================================== Slider YOU MIGHT ALSO LIKE ====================================================-->\n      <!---->\n      <!--   -->\n            <!-- Slides products-->\n      <!--      -->\n      <!--         <a href=\"https:\/\/monatglobal.com\/pl\/bb-creme\/\" aria-label=\"Go to MONAT BB Cream SPF 40\u2122 page\">-->\n      <!--            <img decoding=\"async\" src=\"https:\/\/monatglobal.com\/wp-content\/uploads\/2022\/08\/bb-cream-porcelain-ecomm.png\" alt=\"MONAT BB Cream SPF 40\u2122\" loading=\"lazy\"\/>-->\n      <!--            <p>MONAT BB Cream SPF 30\u2122<\/p>-->\n      <!--         <\/a>-->\n      <!--      -->\n      <!--      -->\n      <!--         <a href=\"https:\/\/monatglobal.com\/pl\/makeup-mascara\/\" aria-label=\"Go to MONAT IR Clinical\u2122 Mascara page\">-->\n      <!--            <img decoding=\"async\" src=\"https:\/\/monatglobal.com\/wp-content\/uploads\/2023\/08\/ir_clinical_mascara_jetsetter_black-ecomm.png\" alt=\"MONAT IR Clinical\u2122 Mascara\" loading=\"lazy\"\/>-->\n      <!--            <p>MONAT IR Clinical\u2122 <br \/>Tusz do rz\u0119s<\/p>-->\n      <!--         <\/a>-->\n      <!--      -->\n      <!--      -->\n      <!--         <a href=\"https:\/\/monatglobal.com\/pl\/makeup-liquid-lipstick\/\" aria-label=\"Go to MONAT Liquid Lipstick\u2122 page\">-->\n      <!--            <img decoding=\"async\" src=\"https:\/\/monatglobal.com\/wp-content\/uploads\/2023\/08\/liquid_lipstick_goddess-ecomm-1.png\" alt=\"MONAT Liquid Lipstick\u2122\" loading=\"lazy\"\/>-->\n      <!--            <p>MONAT Liquid Lipstick\u2122<\/p>-->\n      <!--         <\/a>-->\n      <!--      -->\n      <!--   -->\n         <!-- If we need navigation buttons -->\n      <!--   -->\n      <!--   -->\n         <!-- If we need paginations -->\n      <!--   -->\n      <!---->\n         <!--==================================================== If we need navigation buttons  ====================================================-->\n         <!--==================================================== If we need paginations  ====================================================-->\n    <a href=\"\" aria-label=\"\"><\/a>\n","protected":false},"excerpt":{"rendered":"<p>NOWO\u015a\u0106 NOWO\u015a\u0106 MONAT IR Clinical\u2122 Bezbarwny \u017cel do brwi melatonina, kofeina i&nbsp;REJUVENIQE\u00ae Unosi brwi oraz nadaje im obj\u0119to\u015b\u0107 i&nbsp;utrwalenie przez ca\u0142y dzie\u0144. 4 ml e 0,13 fl. oz. Cena detaliczna000.00 z\u0142 Klient VIP000.00 z\u0142 Je\u015bli chcesz dowiedzie\u0107 si\u0119 wi\u0119cej na temat preparatu MONAT IR Clinical\u2122 Bezbarwny \u017cel do brwi, skontaktuj si\u0119 ze swoim Market Partnerem&nbsp;MONAT.&hellip;<\/p>\n","protected":false},"author":47,"featured_media":83636,"parent":0,"menu_order":0,"comment_status":"closed","ping_status":"closed","template":"","meta":{"inline_featured_image":false,"om_disable_all_campaigns":false,"_monsterinsights_skip_tracking":false,"_monsterinsights_sitenote_active":false,"_monsterinsights_sitenote_note":"","_monsterinsights_sitenote_category":0,"footnotes":""},"categories":[39],"tags":[],"class_list":["post-73055","page","type-page","status-publish","has-post-thumbnail","hentry","category-product-pl"],"aioseo_notices":[],"aioseo_head":"\n\t\t<!-- All in One SEO Pro 4.9.6 - aioseo.com -->\n\t<meta name=\"description\" content=\"NOWO\u015a\u0106 --&gt;\" \/>\n\t<meta name=\"robots\" content=\"max-image-preview:large\" \/>\n\t<link rel=\"canonical\" href=\"https:\/\/monatglobal.com\/pl\/makeup-brow-gel\/\" \/>\n\t<meta name=\"generator\" content=\"All in One SEO Pro (AIOSEO) 4.9.6\" \/>\n\t\t<meta property=\"og:locale\" content=\"pl_PL\" \/>\n\t\t<meta property=\"og:site_name\" content=\"MONAT POLAND - MONAT GLOBAL\" \/>\n\t\t<meta property=\"og:type\" content=\"article\" \/>\n\t\t<meta property=\"og:title\" content=\"\u017bel do brwi | Makija\u017c MONAT | Bezbarwny \u017cel do brwi\" \/>\n\t\t<meta property=\"og:description\" content=\"NOWO\u015a\u0106 --&gt;\" \/>\n\t\t<meta property=\"og:url\" content=\"https:\/\/monatglobal.com\/pl\/makeup-brow-gel\/\" \/>\n\t\t<meta property=\"article:published_time\" content=\"2023-08-26T04:38:16+00:00\" \/>\n\t\t<meta property=\"article:modified_time\" content=\"2026-02-20T15:35:15+00:00\" \/>\n\t\t<meta name=\"twitter:card\" content=\"summary_large_image\" \/>\n\t\t<meta name=\"twitter:title\" content=\"\u017bel do brwi | Makija\u017c MONAT | Bezbarwny \u017cel do brwi\" \/>\n\t\t<meta name=\"twitter:description\" content=\"NOWO\u015a\u0106 --&gt;\" \/>\n\t\t<script type=\"application\/ld+json\" class=\"aioseo-schema\">\n\t\t\t{\"@context\":\"https:\\\/\\\/schema.org\",\"@graph\":[{\"@type\":\"BreadcrumbList\",\"@id\":\"https:\\\/\\\/monatglobal.com\\\/pl\\\/makeup-brow-gel\\\/#breadcrumblist\",\"itemListElement\":[{\"@type\":\"ListItem\",\"@id\":\"https:\\\/\\\/monatglobal.com\\\/pl#listItem\",\"position\":1,\"name\":\"Home\",\"item\":\"https:\\\/\\\/monatglobal.com\\\/pl\",\"nextItem\":{\"@type\":\"ListItem\",\"@id\":\"https:\\\/\\\/monatglobal.com\\\/pl\\\/makeup-brow-gel\\\/#listItem\",\"name\":\"\\u017bel do brwi | Makija\\u017c MONAT | Bezbarwny \\u017cel do brwi\"}},{\"@type\":\"ListItem\",\"@id\":\"https:\\\/\\\/monatglobal.com\\\/pl\\\/makeup-brow-gel\\\/#listItem\",\"position\":2,\"name\":\"\\u017bel do brwi | Makija\\u017c MONAT | Bezbarwny \\u017cel do brwi\",\"previousItem\":{\"@type\":\"ListItem\",\"@id\":\"https:\\\/\\\/monatglobal.com\\\/pl#listItem\",\"name\":\"Home\"}}]},{\"@type\":\"Organization\",\"@id\":\"https:\\\/\\\/monatglobal.com\\\/pl\\\/#organization\",\"name\":\"MONAT POLAND\",\"description\":\"MONAT GLOBAL\",\"url\":\"https:\\\/\\\/monatglobal.com\\\/pl\\\/\"},{\"@type\":\"WebPage\",\"@id\":\"https:\\\/\\\/monatglobal.com\\\/pl\\\/makeup-brow-gel\\\/#webpage\",\"url\":\"https:\\\/\\\/monatglobal.com\\\/pl\\\/makeup-brow-gel\\\/\",\"name\":\"\\u017bel do brwi | Makija\\u017c MONAT | Bezbarwny \\u017cel do brwi\",\"description\":\"NOWO\\u015a\\u0106 -->\",\"inLanguage\":\"pl-PL\",\"isPartOf\":{\"@id\":\"https:\\\/\\\/monatglobal.com\\\/pl\\\/#website\"},\"breadcrumb\":{\"@id\":\"https:\\\/\\\/monatglobal.com\\\/pl\\\/makeup-brow-gel\\\/#breadcrumblist\"},\"image\":{\"@type\":\"ImageObject\",\"url\":\"https:\\\/\\\/monatglobal.com\\\/pl\\\/wp-content\\\/uploads\\\/sites\\\/9\\\/2023\\\/08\\\/ir_clinical_clear_brown_gel_clear-ecomm.png\",\"@id\":\"https:\\\/\\\/monatglobal.com\\\/pl\\\/makeup-brow-gel\\\/#mainImage\",\"width\":641,\"height\":800},\"primaryImageOfPage\":{\"@id\":\"https:\\\/\\\/monatglobal.com\\\/pl\\\/makeup-brow-gel\\\/#mainImage\"},\"datePublished\":\"2023-08-26T05:38:16+01:00\",\"dateModified\":\"2026-02-20T15:35:15+00:00\"},{\"@type\":\"WebSite\",\"@id\":\"https:\\\/\\\/monatglobal.com\\\/pl\\\/#website\",\"url\":\"https:\\\/\\\/monatglobal.com\\\/pl\\\/\",\"name\":\"MONAT POLAND\",\"description\":\"MONAT GLOBAL\",\"inLanguage\":\"pl-PL\",\"publisher\":{\"@id\":\"https:\\\/\\\/monatglobal.com\\\/pl\\\/#organization\"}}]}\n\t\t<\/script>\n\t\t<!-- All in One SEO Pro -->\r\n\t\t<title>\u017bel do brwi | Makija\u017c MONAT | Bezbarwny \u017cel do brwi<\/title>\n\n","aioseo_head_json":{"title":"\u017bel do brwi | Makija\u017c MONAT | Bezbarwny \u017cel do brwi","description":"NOWO\u015a\u0106 -->","canonical_url":"https:\/\/monatglobal.com\/pl\/makeup-brow-gel\/","robots":"max-image-preview:large","keywords":"","webmasterTools":{"miscellaneous":""},"schema":{"@context":"https:\/\/schema.org","@graph":[{"@type":"BreadcrumbList","@id":"https:\/\/monatglobal.com\/pl\/makeup-brow-gel\/#breadcrumblist","itemListElement":[{"@type":"ListItem","@id":"https:\/\/monatglobal.com\/pl#listItem","position":1,"name":"Home","item":"https:\/\/monatglobal.com\/pl","nextItem":{"@type":"ListItem","@id":"https:\/\/monatglobal.com\/pl\/makeup-brow-gel\/#listItem","name":"\u017bel do brwi | Makija\u017c MONAT | Bezbarwny \u017cel do brwi"}},{"@type":"ListItem","@id":"https:\/\/monatglobal.com\/pl\/makeup-brow-gel\/#listItem","position":2,"name":"\u017bel do brwi | Makija\u017c MONAT | Bezbarwny \u017cel do brwi","previousItem":{"@type":"ListItem","@id":"https:\/\/monatglobal.com\/pl#listItem","name":"Home"}}]},{"@type":"Organization","@id":"https:\/\/monatglobal.com\/pl\/#organization","name":"MONAT POLAND","description":"MONAT GLOBAL","url":"https:\/\/monatglobal.com\/pl\/"},{"@type":"WebPage","@id":"https:\/\/monatglobal.com\/pl\/makeup-brow-gel\/#webpage","url":"https:\/\/monatglobal.com\/pl\/makeup-brow-gel\/","name":"\u017bel do brwi | Makija\u017c MONAT | Bezbarwny \u017cel do brwi","description":"NOWO\u015a\u0106 -->","inLanguage":"pl-PL","isPartOf":{"@id":"https:\/\/monatglobal.com\/pl\/#website"},"breadcrumb":{"@id":"https:\/\/monatglobal.com\/pl\/makeup-brow-gel\/#breadcrumblist"},"image":{"@type":"ImageObject","url":"https:\/\/monatglobal.com\/pl\/wp-content\/uploads\/sites\/9\/2023\/08\/ir_clinical_clear_brown_gel_clear-ecomm.png","@id":"https:\/\/monatglobal.com\/pl\/makeup-brow-gel\/#mainImage","width":641,"height":800},"primaryImageOfPage":{"@id":"https:\/\/monatglobal.com\/pl\/makeup-brow-gel\/#mainImage"},"datePublished":"2023-08-26T05:38:16+01:00","dateModified":"2026-02-20T15:35:15+00:00"},{"@type":"WebSite","@id":"https:\/\/monatglobal.com\/pl\/#website","url":"https:\/\/monatglobal.com\/pl\/","name":"MONAT POLAND","description":"MONAT GLOBAL","inLanguage":"pl-PL","publisher":{"@id":"https:\/\/monatglobal.com\/pl\/#organization"}}]},"og:locale":"pl_PL","og:site_name":"MONAT POLAND - MONAT GLOBAL","og:type":"article","og:title":"\u017bel do brwi | Makija\u017c MONAT | Bezbarwny \u017cel do brwi","og:description":"NOWO\u015a\u0106 --&gt;","og:url":"https:\/\/monatglobal.com\/pl\/makeup-brow-gel\/","article:published_time":"2023-08-26T04:38:16+00:00","article:modified_time":"2026-02-20T15:35:15+00:00","twitter:card":"summary_large_image","twitter:title":"\u017bel do brwi | Makija\u017c MONAT | Bezbarwny \u017cel do brwi","twitter:description":"NOWO\u015a\u0106 --&gt;"},"aioseo_meta_data":{"post_id":"73055","title":"\u017bel do brwi | Makija\u017c MONAT | Bezbarwny \u017cel do brwi","description":null,"keywords":null,"keyphrases":{"focus":{"keyphrase":"","score":0,"analysis":{"keyphraseInTitle":{"score":0,"maxScore":9,"error":1}}},"additional":[]},"primary_term":null,"canonical_url":null,"og_title":null,"og_description":null,"og_object_type":"default","og_image_type":"default","og_image_url":null,"og_image_width":null,"og_image_height":null,"og_image_custom_url":null,"og_image_custom_fields":null,"og_video":"","og_custom_url":null,"og_article_section":null,"og_article_tags":null,"twitter_use_og":false,"twitter_card":"default","twitter_image_type":"default","twitter_image_url":null,"twitter_image_custom_url":null,"twitter_image_custom_fields":null,"twitter_title":null,"twitter_description":null,"schema":{"blockGraphs":[],"customGraphs":[],"default":{"data":{"Article":[],"Course":[],"Dataset":[],"FAQPage":[],"Movie":[],"Person":[],"Product":[],"ProductReview":[],"Car":[],"Recipe":[],"Service":[],"SoftwareApplication":[],"WebPage":[]},"graphName":"WebPage","isEnabled":true},"graphs":[]},"schema_type":"default","schema_type_options":null,"pillar_content":false,"robots_default":true,"robots_noindex":false,"robots_noarchive":false,"robots_nosnippet":false,"robots_nofollow":false,"robots_noimageindex":false,"robots_noodp":false,"robots_notranslate":false,"robots_max_snippet":"-1","robots_max_videopreview":"-1","robots_max_imagepreview":"large","priority":null,"frequency":"default","local_seo":null,"seo_analyzer_scan_date":"2026-02-20 15:38:00","limit_modified_date":false,"reviewed_by":"0","open_ai":null,"ai":{"faqs":[],"keyPoints":[],"titles":[],"descriptions":[],"socialPosts":{"email":[],"linkedin":[],"twitter":[],"facebook":[],"instagram":[]}},"created":"2023-08-26 04:38:17","updated":"2026-02-20 15:42:32"},"aioseo_breadcrumb":"<div class=\"aioseo-breadcrumbs\"><span class=\"aioseo-breadcrumb\">\n\t<a href=\"https:\/\/monatglobal.com\/pl\" title=\"Home\">Home<\/a>\n<\/span><span class=\"aioseo-breadcrumb-separator\">&raquo;<\/span><span class=\"aioseo-breadcrumb\">\n\t\u017bel do brwi | Makija\u017c MONAT | Bezbarwny \u017cel do brwi\n<\/span><\/div>","aioseo_breadcrumb_json":[{"label":"Home","link":"https:\/\/monatglobal.com\/pl"},{"label":"\u017bel do brwi | Makija\u017c MONAT | Bezbarwny \u017cel do brwi","link":"https:\/\/monatglobal.com\/pl\/makeup-brow-gel\/"}],"_links":{"self":[{"href":"https:\/\/monatglobal.com\/pl\/wp-json\/wp\/v2\/pages\/73055","targetHints":{"allow":["GET"]}}],"collection":[{"href":"https:\/\/monatglobal.com\/pl\/wp-json\/wp\/v2\/pages"}],"about":[{"href":"https:\/\/monatglobal.com\/pl\/wp-json\/wp\/v2\/types\/page"}],"author":[{"embeddable":true,"href":"https:\/\/monatglobal.com\/pl\/wp-json\/wp\/v2\/users\/47"}],"replies":[{"embeddable":true,"href":"https:\/\/monatglobal.com\/pl\/wp-json\/wp\/v2\/comments?post=73055"}],"version-history":[{"count":32,"href":"https:\/\/monatglobal.com\/pl\/wp-json\/wp\/v2\/pages\/73055\/revisions"}],"predecessor-version":[{"id":109356,"href":"https:\/\/monatglobal.com\/pl\/wp-json\/wp\/v2\/pages\/73055\/revisions\/109356"}],"wp:featuredmedia":[{"embeddable":true,"href":"https:\/\/monatglobal.com\/pl\/wp-json\/wp\/v2\/media\/83636"}],"wp:attachment":[{"href":"https:\/\/monatglobal.com\/pl\/wp-json\/wp\/v2\/media?parent=73055"}],"wp:term":[{"taxonomy":"category","embeddable":true,"href":"https:\/\/monatglobal.com\/pl\/wp-json\/wp\/v2\/categories?post=73055"},{"taxonomy":"post_tag","embeddable":true,"href":"https:\/\/monatglobal.com\/pl\/wp-json\/wp\/v2\/tags?post=73055"}],"curies":[{"name":"wp","href":"https:\/\/api.w.org\/{rel}","templated":true}]}}