{"id":73052,"date":"2023-08-26T05:36:23","date_gmt":"2023-08-26T04:36:23","guid":{"rendered":"https:\/\/monatglobal.com\/pl\/?page_id=73052"},"modified":"2026-02-20T15:30:39","modified_gmt":"2026-02-20T15:30:39","slug":"makeup-mascara","status":"publish","type":"page","link":"https:\/\/monatglobal.com\/pl\/makeup-mascara\/","title":{"rendered":"Tusz do rz\u0119s Makija\u017c | Makija\u017c MONAT"},"content":{"rendered":"\n<link rel=\"stylesheet\" href=\"https:\/\/monatglobal.com\/wp-content\/creative_css\/product_styles_sheet.css\">\n   <!--==================================================== ECOMM SECTION ====================================================-->\n      <!--==================================================== Ecomm image ====================================================-->\n          <p>BESTSELLERY<\/p>\n               <img decoding=\"async\" alt=\"Product shot of the MONAT IR Clinical\u2122 Mascara Jetsetter Black\" src=\"https:\/\/monatglobal.com\/wp-content\/uploads\/2023\/08\/ir_clinical_mascara_jetsetter_black-ecomm.png\" loading=\"lazy\">\n               <img decoding=\"async\" alt=\"Product shot of the MONAT IR Clinical\u2122 Mascara Jetsetter Black\" src=\"https:\/\/monatglobal.com\/wp-content\/uploads\/2023\/08\/mascara-jetsetter-black-ecomm-closeup-min.jpg\" loading=\"lazy\">\n                  <img decoding=\"async\" alt=\"\" src=\"https:\/\/monatglobal.com\/wp-content\/uploads\/2023\/08\/ir_clinical_mascara_jetsetter_black-ecomm.png\" data-lbxp=\"\" loading=\"lazy\">\n                  <img decoding=\"async\" alt=\"Female holding the MONAT IR Clinical\u2122 Mascara Jetsetter Black brush and applying it to her lashes.\" src=\"https:\/\/monatglobal.com\/wp-content\/uploads\/2023\/08\/mascara-jetsetter-black-ecomm-closeup-min.jpg\" loading=\"lazy\">\n      <!--==================================================== Ecomm information  ====================================================-->\n         <p>BESTSELLERY<\/p>\n         <p>MONAT <\/p>\n         <h1>IR Clinical\u2122 <br>Tusz do rz\u0119s <\/h1>\n         <p>melatonina, kofeina i REJUVENIQE<sup>\u00ae<\/sup><\/p>\n         <p>Natychmiastowo wyd\u0142u\u017ca i&nbsp;zwi\u0119ksza obj\u0119to\u015b\u0107 rz\u0119s, nadaj\u0105c im pe\u0142niejszy wygl\u0105d.<\/p>\n         <p>Net Wt. 0,29 oz. (8,5 g)<\/p>\n      <!--==================================================== pricing box ====================================================-->     \n          <p>Cena detaliczna<br>000.00 z\u0142<\/p>\n          <p>Klient VIP<br>000.00 z\u0142<\/p>\n      <!--==================================================== pricing box ====================================================-->  \n         <p>Je\u015bli chcesz dowiedzie\u0107 si\u0119 wi\u0119cej na temat preparatu MONAT IR Clinical\u2122 Tusz do rz\u0119s, skontaktuj si\u0119 ze swoim Market Partnerem MONAT.<\/p> \n      <a href=\"\" target=\"_blank\" role=\"button\" aria-label=\"\" rel=\"noopener\"><\/a>\n   <!--==================================================== \/ECOMM SECTION  ====================================================-->\n   <!--==================================================== Benefits image ====================================================-->\n   \n      <source media=\"(max-width: 700px)\" srcset=\"https:\/\/monatglobal.com\/wp-content\/uploads\/2023\/08\/mascara-jetsetter-black-benefits-mobile-min.jpg\">\n      <img decoding=\"async\" src=\"https:\/\/monatglobal.com\/wp-content\/uploads\/2023\/08\/Mascara-jetsetter-black-benefits-desktop-min.jpg\" alt=\"Female holding the MONAT IR Clinical\u2122 Mascara Jetsetter Black brush and applying it to her lashes.\" loading=\"lazy\">\n   \n   <!--==================================================== Benefits text ====================================================-->\n         <h2>ZALETY<\/h2>\n         <h3>Po\u0142\u0105czenie natychmiastowej obj\u0119to\u015bci ze sk\u0142adnikami, kt\u00f3re pokocha Twoja sk\u00f3ra.<\/h3>\n         <p> Ten wielofunkcyjny tusz do rz\u0119s oferuje korzy\u015bci serum do rz\u0119s i&nbsp;tradycyjnego tuszu w&nbsp;jednym produkcie! Formu\u0142a natychmiast wyd\u0142u\u017ca rz\u0119sy, jednocze\u015bnie od\u017cywiaj\u0105c je i&nbsp;wzmacniaj\u0105c, zapewniaj\u0105c pi\u0119kne i&nbsp;pe\u0142ne obj\u0119to\u015bci wyko\u0144czenie.<\/p>\n         <!--==================================================== features image  ====================================================-->\n         <img decoding=\"async\" alt=\"MONAT IR Clinical\u2122 Mascara Jetsetter Black on a flat surface, with streaks of black mascara.\" src=\"https:\/\/monatglobal.com\/wp-content\/uploads\/2023\/08\/mascara-jetsetter-black-features-min.jpg\" loading=\"lazy\">\n      <!--==================================================== features text ====================================================-->\n            <h3>Cechy<\/h3>\n               <p>\/ Natychmiast podkre\u015bla, wyd\u0142u\u017ca i&nbsp;zwi\u0119ksza obj\u0119to\u015b\u0107 rz\u0119s*<\/p> \n               <p>\/ Zapewnia od\u017cywienie i mi\u0119kko\u015b\u0107* <\/p>\n               <p>\/ Formu\u0142a utrzymuje si\u0119 do 12 godzin* <\/p>\n               <p>\/ Zmniejsza wypadanie rz\u0119s*<\/p>\n               <p>\/ \u0141atwo si\u0119 zmywa<\/p>\n               <p>\/ Produkt jest odpowiedni dla wra\u017cliwych oczu i&nbsp;os\u00f3b nosz\u0105cych szk\u0142a kontaktowe  <\/p>\n               <br>\n            <p>Zapach \/ Bezzapachowy <\/p>\n            <p>Tekstura \/ Kremowa, p\u0142ynna.<\/p>\n                <p>*Na podstawie badania konsumenckiego z&nbsp;udzia\u0142em 43 kobiet w&nbsp;wieku 19-54 lat, kt\u00f3re stosuj\u0105 tusz do rz\u0119s zwi\u0119kszaj\u0105cy obj\u0119to\u015b\u0107. Przetestowano przez niezale\u017cne laboratorium.<\/p>\n   <!--==================================================== composition image mobile ====================================================-->\n   <img decoding=\"async\" alt=\"4 bottles of MONAT IR Clinical\u2122 Mascara Jetsetter Black. \" src=\"https:\/\/monatglobal.com\/wp-content\/uploads\/2023\/08\/mascara-jetsetter-black-standalone-min.jpg\" loading=\"lazy\">\n   <!--==================================================== Why it works text ====================================================-->\n      <h3>Wzmocnione rz\u0119sy. Pi\u0119knie podkre\u015blone oczy.<\/h3>\n      <p>Ten tusz do rz\u0119s o czarnym odcieniu zawiera nasz\u0105 rewolucyjn\u0105 technologi\u0119 IR Clinical\u2122 z&nbsp;kofein\u0105, melatonin\u0105 i&nbsp;REJUVENIQE<sup>\u00ae<\/sup>, kt\u00f3ra od\u017cywia i&nbsp;wzmacnia rz\u0119sy, zmniejszaj\u0105c ich \u0142amliwo\u015b\u0107 i&nbsp;wypadanie. Trwa\u0142a formu\u0142a jest odporna na rozmazywanie i&nbsp;kruszenie. <\/p>\n<!--==================================================== Composition section ====================================================-->\n      <img decoding=\"async\" alt=\"4 bottles of MONAT IR Clinical\u2122 Mascara Jetsetter Black. \" src=\"https:\/\/monatglobal.com\/wp-content\/uploads\/2023\/08\/mascara-jetsetter-black-standalone-min.jpg\" loading=\"lazy\">\n      <img decoding=\"async\" alt=\"A female holding the MONAT IR Clinical\u2122 Mascara Jetsetter black infront of her face, overlaying a photo of black mascara streaks.\" src=\"https:\/\/monatglobal.com\/wp-content\/uploads\/2023\/08\/mascara-jetsetter-black-composition-min.jpg\" loading=\"lazy\">\n            <!--==================================================== Directions text ====================================================--> \n               <h3>Spos\u00f3b u\u017cycia<\/h3>\n                  <p>\/ Nak\u0142adaj tusz, wykonuj\u0105c p\u0142ynne ruchy w&nbsp;g\u00f3r\u0119. <\/p>\n                  <p>\/ Zacznij od nasady rz\u0119s, przeci\u0105gnij maskar\u0119 od nasady a\u017c po ko\u0144ce, aby doda\u0107 im obj\u0119to\u015bci. <\/p>\n                  <p>\/ Na\u0142\u00f3\u017c tak\u0105 ilo\u015b\u0107 warstw, jaka Ci odpowiada, aby uzyska\u0107 bardziej spektakularny efekt.<\/p>\n            <!--==================================================== Directions video ====================================================-->\n      <p>MONAT IR Clinical\u2122 <br>Tusz do rz\u0119s <br>5:39<\/p>\n  <a href=\"\" target=\"_blank\" role=\"button\" aria-label=\"\" rel=\"noopener\"><\/a>\n   <!--==================================================== Ingredients section  ====================================================-->\n      <h2>NAJWA\u017bNIEJSZE SK\u0141ADNIKI<\/h2>\n               <img decoding=\"async\" alt=\"Vitamin E icon\" src=\"https:\/\/monatglobal.com\/wp-content\/uploads\/2023\/08\/IR-Clinical-Technology.svg\"> \n               <p>Technologia <br>IR Clinical\u2122<\/p>\n               <img decoding=\"async\" alt=\"rejuveniqe icon\" src=\"https:\/\/monatglobal.com\/wp-content\/uploads\/2022\/09\/rejuveniqe-icon.svg\"> \n               <p>REJUVENIQE<sup>\u00ae<\/sup><\/p>\n               <img decoding=\"async\" alt=\"Vitamin E icon\" src=\"https:\/\/monatglobal.com\/wp-content\/uploads\/2022\/09\/Vitamin-E.svg\"> \n               <p>witamina E<\/p>\n               <img decoding=\"async\" alt=\"rejuveniqe icon\" src=\"https:\/\/monatglobal.com\/wp-content\/uploads\/2022\/11\/capixyl.svg\"> \n               <p>CAPIXYL<sup>\u00ae<\/sup><\/p>\n      <button id=\"myBtn\" type=\"button\">PE\u0141NA LISTA SK\u0141ADNIK\u00d3W<\/button>\n      <!--==================================================== Modal content  ====================================================-->\n         \u00d7\n         Aqua\/Water\/Eau, Hydrolyzed Corn Starch, Copernicia Cerifera (Carnauba) Wax\/Cire de Carnauba, Euphorbia Cerifera (Candelilla) Wax\/Cire de Candelilla, Behenyl Behenate, Capryloyl Glycerin\/Sebacic Acid Copolymer, Glycerin, Candelilla\/Jojoba\/Rice Bran Polyglyceryl-3 Esters, Glyceryl Stearate, Jojoba Esters, Glyceryl Rosinate, Polyhydroxystearic Acid, Helianthus Annuus (Sunflower) Seed Wax, Pentylene Glycol, Polyglyceryl-10 Oleate, Propanediol, Arginine, Caffeine, Melatonin, Adansonia Digitata Oil, Caryocar Brasiliense Fruit Oil, Cocos Nucifera (Coconut) Oil, Gardenia Taitensis Flower Extract, Helianthus Annuus (Sunflower) Seed Oil, Mauritia Flexuosa Fruit Oil, Moringa Oleifera Seed Oil, Trifolium Pratense (Clover) Flower Extract, Acetyl Tetrapeptide-3, Citrus Aurantifolia (Lime) Oil, Citrus Aurantium Bergamia (Bergamot) Fruit Oil, Dextran, Citrus Limon (Lemon) Peel Oil, Daucus Carota Sativa (Carrot) Seed Oil, Solanum Lycopersicum (Tomato) Seed Oil, Camellia Oleifera Seed Oil, Crambe Abyssinica Seed Oil, Lauric Acid, Myristic Acid, Limnanthes Alba (Meadowfoam) Seed Oil, Tocopherol, Butylene Glycol, Silica, Acacia Decurrens Flower Wax, Polyglycerin-3, Ethylhexylglycerin, Panthenol, Stearic Acid, Palmitic Acid, Galactoarbinan, Xanthan Gum, Tocopheryl Acetate, Acacia Senegal Gum, Cetearyl Alcohol, Sodium Stearoyl Lactylate, Phenoxyethanol, Iron Oxide (CI 77499).\n   <!--==================================================== You might also like section ====================================================-->\n      <h2>INNE PRODUKTY, KT\u00d3RE MOG\u0104 CI SI\u0118 SPODOBA\u0106<\/h2>\n      <!--==================================================== Slider YOU MIGHT ALSO LIKE ====================================================-->\n      <!---->\n      <!--   -->\n             <!--Slides products-->\n      <!--      -->\n      <!--         <a href=\"https:\/\/monatglobal.com\/pl\/bb-creme\/\" aria-label=\"Go to MONAT BB Cream SPF 40\u2122 page\">-->\n      <!--            <img decoding=\"async\" src=\"https:\/\/monatglobal.com\/wp-content\/uploads\/2022\/08\/bb-cream-porcelain-ecomm.png\" alt=\"MONAT BB Cream SPF 40\u2122\" loading=\"lazy\"\/>-->\n      <!--            <p>MONAT BB Cream SPF 30\u2122<\/p>-->\n      <!--         <\/a>-->\n      <!--      -->\n      <!--      -->\n      <!--         <a href=\"https:\/\/monatglobal.com\/pl\/makeup-brow-gel\/\" aria-label=\"Go to MONAT IR Clinical\u2122 Clear Brow Gel  page\">-->\n      <!--            <img decoding=\"async\" src=\"https:\/\/monatglobal.com\/wp-content\/uploads\/2023\/08\/ir_clinical_clear_brown_gel_clear-ecomm.png\" alt=\"MONAT IR Clinical\u2122 Clear Brow Gel\" loading=\"lazy\"\/>-->\n      <!--            <p>MONAT IR Clinical\u2122 <br \/>Bezbarwny \u017cel do brwi <\/p>-->\n      <!--         <\/a>-->\n      <!--      -->\n      <!--      -->\n      <!--         <a href=\"https:\/\/monatglobal.com\/pl\/makeup-liquid-lipstick\/\" aria-label=\"Go to MONAT Liquid Lipstick\u2122 page\">-->\n      <!--            <img decoding=\"async\" src=\"https:\/\/monatglobal.com\/wp-content\/uploads\/2023\/08\/liquid_lipstick_goddess-ecomm-1.png\" alt=\"MONAT Liquid Lipstick\u2122\" loading=\"lazy\"\/>-->\n      <!--            <p>MONAT Liquid Lipstick\u2122<\/p>-->\n      <!--         <\/a>-->\n      <!--       -->\n      <!--   -->\n         <!-- If we need navigation buttons -->\n      <!--   -->\n      <!--   -->\n         <!-- If we need paginations -->\n      <!--   -->\n      <!---->\n         <!--==================================================== If we need navigation buttons  ====================================================-->\n         <!--==================================================== If we need paginations  ====================================================-->\n    <a href=\"\" aria-label=\"\"><\/a>\n","protected":false},"excerpt":{"rendered":"<p>BESTSELLERY BESTSELLERY MONAT IR Clinical\u2122 Tusz do rz\u0119s melatonina, kofeina i REJUVENIQE\u00ae Natychmiastowo wyd\u0142u\u017ca i&nbsp;zwi\u0119ksza obj\u0119to\u015b\u0107 rz\u0119s, nadaj\u0105c im pe\u0142niejszy wygl\u0105d. Net Wt. 0,29 oz. (8,5 g) Cena detaliczna000.00 z\u0142 Klient VIP000.00 z\u0142 Je\u015bli chcesz dowiedzie\u0107 si\u0119 wi\u0119cej na temat preparatu MONAT IR Clinical\u2122 Tusz do rz\u0119s, skontaktuj si\u0119 ze swoim Market Partnerem MONAT. ZALETY&hellip;<\/p>\n","protected":false},"author":47,"featured_media":83630,"parent":0,"menu_order":0,"comment_status":"closed","ping_status":"closed","template":"","meta":{"inline_featured_image":false,"om_disable_all_campaigns":false,"_monsterinsights_skip_tracking":false,"_monsterinsights_sitenote_active":false,"_monsterinsights_sitenote_note":"","_monsterinsights_sitenote_category":0,"footnotes":""},"categories":[39],"tags":[],"class_list":["post-73052","page","type-page","status-publish","has-post-thumbnail","hentry","category-product-pl"],"aioseo_notices":[],"aioseo_head":"\n\t\t<!-- All in One SEO Pro 4.9.6 - aioseo.com -->\n\t<meta name=\"description\" content=\"BESTSELLERY --&gt;\" \/>\n\t<meta name=\"robots\" content=\"max-image-preview:large\" \/>\n\t<link rel=\"canonical\" href=\"https:\/\/monatglobal.com\/pl\/makeup-mascara\/\" \/>\n\t<meta name=\"generator\" content=\"All in One SEO Pro (AIOSEO) 4.9.6\" \/>\n\t\t<meta property=\"og:locale\" content=\"pl_PL\" \/>\n\t\t<meta property=\"og:site_name\" content=\"MONAT POLAND - MONAT GLOBAL\" \/>\n\t\t<meta property=\"og:type\" content=\"article\" \/>\n\t\t<meta property=\"og:title\" content=\"Tusz do rz\u0119s Makija\u017c | Makija\u017c MONAT\" \/>\n\t\t<meta property=\"og:description\" content=\"BESTSELLERY --&gt;\" \/>\n\t\t<meta property=\"og:url\" content=\"https:\/\/monatglobal.com\/pl\/makeup-mascara\/\" \/>\n\t\t<meta property=\"article:published_time\" content=\"2023-08-26T04:36:23+00:00\" \/>\n\t\t<meta property=\"article:modified_time\" content=\"2026-02-20T15:30:39+00:00\" \/>\n\t\t<meta name=\"twitter:card\" content=\"summary_large_image\" \/>\n\t\t<meta name=\"twitter:title\" content=\"Tusz do rz\u0119s Makija\u017c | Makija\u017c MONAT\" \/>\n\t\t<meta name=\"twitter:description\" content=\"BESTSELLERY --&gt;\" \/>\n\t\t<script type=\"application\/ld+json\" class=\"aioseo-schema\">\n\t\t\t{\"@context\":\"https:\\\/\\\/schema.org\",\"@graph\":[{\"@type\":\"BreadcrumbList\",\"@id\":\"https:\\\/\\\/monatglobal.com\\\/pl\\\/makeup-mascara\\\/#breadcrumblist\",\"itemListElement\":[{\"@type\":\"ListItem\",\"@id\":\"https:\\\/\\\/monatglobal.com\\\/pl#listItem\",\"position\":1,\"name\":\"Home\",\"item\":\"https:\\\/\\\/monatglobal.com\\\/pl\",\"nextItem\":{\"@type\":\"ListItem\",\"@id\":\"https:\\\/\\\/monatglobal.com\\\/pl\\\/makeup-mascara\\\/#listItem\",\"name\":\"Tusz do rz\\u0119s Makija\\u017c | Makija\\u017c MONAT\"}},{\"@type\":\"ListItem\",\"@id\":\"https:\\\/\\\/monatglobal.com\\\/pl\\\/makeup-mascara\\\/#listItem\",\"position\":2,\"name\":\"Tusz do rz\\u0119s Makija\\u017c | Makija\\u017c MONAT\",\"previousItem\":{\"@type\":\"ListItem\",\"@id\":\"https:\\\/\\\/monatglobal.com\\\/pl#listItem\",\"name\":\"Home\"}}]},{\"@type\":\"Organization\",\"@id\":\"https:\\\/\\\/monatglobal.com\\\/pl\\\/#organization\",\"name\":\"MONAT POLAND\",\"description\":\"MONAT GLOBAL\",\"url\":\"https:\\\/\\\/monatglobal.com\\\/pl\\\/\"},{\"@type\":\"WebPage\",\"@id\":\"https:\\\/\\\/monatglobal.com\\\/pl\\\/makeup-mascara\\\/#webpage\",\"url\":\"https:\\\/\\\/monatglobal.com\\\/pl\\\/makeup-mascara\\\/\",\"name\":\"Tusz do rz\\u0119s Makija\\u017c | Makija\\u017c MONAT\",\"description\":\"BESTSELLERY -->\",\"inLanguage\":\"pl-PL\",\"isPartOf\":{\"@id\":\"https:\\\/\\\/monatglobal.com\\\/pl\\\/#website\"},\"breadcrumb\":{\"@id\":\"https:\\\/\\\/monatglobal.com\\\/pl\\\/makeup-mascara\\\/#breadcrumblist\"},\"image\":{\"@type\":\"ImageObject\",\"url\":\"https:\\\/\\\/monatglobal.com\\\/pl\\\/wp-content\\\/uploads\\\/sites\\\/9\\\/2023\\\/08\\\/ir_clinical_mascara_jetsetter_black-ecomm.png\",\"@id\":\"https:\\\/\\\/monatglobal.com\\\/pl\\\/makeup-mascara\\\/#mainImage\",\"width\":641,\"height\":800},\"primaryImageOfPage\":{\"@id\":\"https:\\\/\\\/monatglobal.com\\\/pl\\\/makeup-mascara\\\/#mainImage\"},\"datePublished\":\"2023-08-26T05:36:23+01:00\",\"dateModified\":\"2026-02-20T15:30:39+00:00\"},{\"@type\":\"WebSite\",\"@id\":\"https:\\\/\\\/monatglobal.com\\\/pl\\\/#website\",\"url\":\"https:\\\/\\\/monatglobal.com\\\/pl\\\/\",\"name\":\"MONAT POLAND\",\"description\":\"MONAT GLOBAL\",\"inLanguage\":\"pl-PL\",\"publisher\":{\"@id\":\"https:\\\/\\\/monatglobal.com\\\/pl\\\/#organization\"}}]}\n\t\t<\/script>\n\t\t<!-- All in One SEO Pro -->\r\n\t\t<title>Tusz do rz\u0119s Makija\u017c | Makija\u017c MONAT<\/title>\n\n","aioseo_head_json":{"title":"Tusz do rz\u0119s Makija\u017c | Makija\u017c MONAT","description":"BESTSELLERY -->","canonical_url":"https:\/\/monatglobal.com\/pl\/makeup-mascara\/","robots":"max-image-preview:large","keywords":"","webmasterTools":{"miscellaneous":""},"schema":{"@context":"https:\/\/schema.org","@graph":[{"@type":"BreadcrumbList","@id":"https:\/\/monatglobal.com\/pl\/makeup-mascara\/#breadcrumblist","itemListElement":[{"@type":"ListItem","@id":"https:\/\/monatglobal.com\/pl#listItem","position":1,"name":"Home","item":"https:\/\/monatglobal.com\/pl","nextItem":{"@type":"ListItem","@id":"https:\/\/monatglobal.com\/pl\/makeup-mascara\/#listItem","name":"Tusz do rz\u0119s Makija\u017c | Makija\u017c MONAT"}},{"@type":"ListItem","@id":"https:\/\/monatglobal.com\/pl\/makeup-mascara\/#listItem","position":2,"name":"Tusz do rz\u0119s Makija\u017c | Makija\u017c MONAT","previousItem":{"@type":"ListItem","@id":"https:\/\/monatglobal.com\/pl#listItem","name":"Home"}}]},{"@type":"Organization","@id":"https:\/\/monatglobal.com\/pl\/#organization","name":"MONAT POLAND","description":"MONAT GLOBAL","url":"https:\/\/monatglobal.com\/pl\/"},{"@type":"WebPage","@id":"https:\/\/monatglobal.com\/pl\/makeup-mascara\/#webpage","url":"https:\/\/monatglobal.com\/pl\/makeup-mascara\/","name":"Tusz do rz\u0119s Makija\u017c | Makija\u017c MONAT","description":"BESTSELLERY -->","inLanguage":"pl-PL","isPartOf":{"@id":"https:\/\/monatglobal.com\/pl\/#website"},"breadcrumb":{"@id":"https:\/\/monatglobal.com\/pl\/makeup-mascara\/#breadcrumblist"},"image":{"@type":"ImageObject","url":"https:\/\/monatglobal.com\/pl\/wp-content\/uploads\/sites\/9\/2023\/08\/ir_clinical_mascara_jetsetter_black-ecomm.png","@id":"https:\/\/monatglobal.com\/pl\/makeup-mascara\/#mainImage","width":641,"height":800},"primaryImageOfPage":{"@id":"https:\/\/monatglobal.com\/pl\/makeup-mascara\/#mainImage"},"datePublished":"2023-08-26T05:36:23+01:00","dateModified":"2026-02-20T15:30:39+00:00"},{"@type":"WebSite","@id":"https:\/\/monatglobal.com\/pl\/#website","url":"https:\/\/monatglobal.com\/pl\/","name":"MONAT POLAND","description":"MONAT GLOBAL","inLanguage":"pl-PL","publisher":{"@id":"https:\/\/monatglobal.com\/pl\/#organization"}}]},"og:locale":"pl_PL","og:site_name":"MONAT POLAND - MONAT GLOBAL","og:type":"article","og:title":"Tusz do rz\u0119s Makija\u017c | Makija\u017c MONAT","og:description":"BESTSELLERY --&gt;","og:url":"https:\/\/monatglobal.com\/pl\/makeup-mascara\/","article:published_time":"2023-08-26T04:36:23+00:00","article:modified_time":"2026-02-20T15:30:39+00:00","twitter:card":"summary_large_image","twitter:title":"Tusz do rz\u0119s Makija\u017c | Makija\u017c MONAT","twitter:description":"BESTSELLERY --&gt;"},"aioseo_meta_data":{"post_id":"73052","title":"Tusz do rz\u0119s Makija\u017c | Makija\u017c MONAT","description":null,"keywords":null,"keyphrases":{"focus":{"keyphrase":"","score":0,"analysis":{"keyphraseInTitle":{"score":0,"maxScore":9,"error":1}}},"additional":[]},"primary_term":null,"canonical_url":null,"og_title":null,"og_description":null,"og_object_type":"default","og_image_type":"default","og_image_url":null,"og_image_width":null,"og_image_height":null,"og_image_custom_url":null,"og_image_custom_fields":null,"og_video":"","og_custom_url":null,"og_article_section":null,"og_article_tags":null,"twitter_use_og":false,"twitter_card":"default","twitter_image_type":"default","twitter_image_url":null,"twitter_image_custom_url":null,"twitter_image_custom_fields":null,"twitter_title":null,"twitter_description":null,"schema":{"blockGraphs":[],"customGraphs":[],"default":{"data":{"Article":[],"Course":[],"Dataset":[],"FAQPage":[],"Movie":[],"Person":[],"Product":[],"ProductReview":[],"Car":[],"Recipe":[],"Service":[],"SoftwareApplication":[],"WebPage":[]},"graphName":"WebPage","isEnabled":true},"graphs":[]},"schema_type":"default","schema_type_options":null,"pillar_content":false,"robots_default":true,"robots_noindex":false,"robots_noarchive":false,"robots_nosnippet":false,"robots_nofollow":false,"robots_noimageindex":false,"robots_noodp":false,"robots_notranslate":false,"robots_max_snippet":"-1","robots_max_videopreview":"-1","robots_max_imagepreview":"large","priority":null,"frequency":"default","local_seo":null,"seo_analyzer_scan_date":"2026-02-20 15:37:58","limit_modified_date":false,"reviewed_by":"0","open_ai":null,"ai":{"faqs":[],"keyPoints":[],"titles":[],"descriptions":[],"socialPosts":{"email":[],"linkedin":[],"twitter":[],"facebook":[],"instagram":[]}},"created":"2023-08-26 04:36:27","updated":"2026-02-20 15:42:32"},"aioseo_breadcrumb":"<div class=\"aioseo-breadcrumbs\"><span class=\"aioseo-breadcrumb\">\n\t<a href=\"https:\/\/monatglobal.com\/pl\" title=\"Home\">Home<\/a>\n<\/span><span class=\"aioseo-breadcrumb-separator\">&raquo;<\/span><span class=\"aioseo-breadcrumb\">\n\tTusz do rz\u0119s Makija\u017c | Makija\u017c MONAT\n<\/span><\/div>","aioseo_breadcrumb_json":[{"label":"Home","link":"https:\/\/monatglobal.com\/pl"},{"label":"Tusz do rz\u0119s Makija\u017c | Makija\u017c MONAT","link":"https:\/\/monatglobal.com\/pl\/makeup-mascara\/"}],"_links":{"self":[{"href":"https:\/\/monatglobal.com\/pl\/wp-json\/wp\/v2\/pages\/73052","targetHints":{"allow":["GET"]}}],"collection":[{"href":"https:\/\/monatglobal.com\/pl\/wp-json\/wp\/v2\/pages"}],"about":[{"href":"https:\/\/monatglobal.com\/pl\/wp-json\/wp\/v2\/types\/page"}],"author":[{"embeddable":true,"href":"https:\/\/monatglobal.com\/pl\/wp-json\/wp\/v2\/users\/47"}],"replies":[{"embeddable":true,"href":"https:\/\/monatglobal.com\/pl\/wp-json\/wp\/v2\/comments?post=73052"}],"version-history":[{"count":44,"href":"https:\/\/monatglobal.com\/pl\/wp-json\/wp\/v2\/pages\/73052\/revisions"}],"predecessor-version":[{"id":109355,"href":"https:\/\/monatglobal.com\/pl\/wp-json\/wp\/v2\/pages\/73052\/revisions\/109355"}],"wp:featuredmedia":[{"embeddable":true,"href":"https:\/\/monatglobal.com\/pl\/wp-json\/wp\/v2\/media\/83630"}],"wp:attachment":[{"href":"https:\/\/monatglobal.com\/pl\/wp-json\/wp\/v2\/media?parent=73052"}],"wp:term":[{"taxonomy":"category","embeddable":true,"href":"https:\/\/monatglobal.com\/pl\/wp-json\/wp\/v2\/categories?post=73052"},{"taxonomy":"post_tag","embeddable":true,"href":"https:\/\/monatglobal.com\/pl\/wp-json\/wp\/v2\/tags?post=73052"}],"curies":[{"name":"wp","href":"https:\/\/api.w.org\/{rel}","templated":true}]}}