{"id":72879,"date":"2023-06-22T22:51:41","date_gmt":"2023-06-22T21:51:41","guid":{"rendered":"https:\/\/monatglobal.com\/pl\/?page_id=72879"},"modified":"2025-06-18T05:18:35","modified_gmt":"2025-06-18T04:18:35","slug":"monathero","status":"publish","type":"page","link":"https:\/\/monatglobal.com\/pl\/monathero\/","title":{"rendered":"The Chairman\u2019s Award 2025"},"content":{"rendered":"\n<!--<a id=\"scrollBtn\">Nominate Your Hero Now<\/a>-->\n<!--<a id=\"scrollBtn\">-->\n<!--    -->\n<!--        <input id=\"language-toggle\" type=\"checkbox\"\/>-->\n<!--        <label for=\"language-toggle\"><\/label>-->\n<!--        Nominate Your Hero Now-->\n<!--    -->\n<!---->\n            <p>MONAT GRATITUDE prezentuje<\/p>\n            <h1>Nagrod\u0119 Chairman&#8217;s<br> Award 2025 <\/h1>\n            <img decoding=\"async\" width=\"150\" src=\"https:\/\/monatglobal.com\/wp-content\/uploads\/2023\/06\/drop-logo-lines.svg\"> \n      Nasze najwy\u017csze wyr\u00f3\u017cnienie wr\u0119czone<br> podczas MONATions UnitedNominacje trwaj\u0105 od <br>18 czerwca do 3 lipca\n            <h2>Kim jest Bohater MONAT?<\/h2>\n            <h3>Jest Liderem, kt\u00f3ry wk\u0142ada serce w s\u0142u\u017cb\u0119 innym, a tak\u017ce podejmuje dzia\u0142ania, kt\u00f3re maj\u0105 pozytywny wp\u0142yw na swoj\u0105&nbsp;spo\u0142eczno\u015b\u0107. <\/h3>\n         <img decoding=\"async\" src=\"https:\/\/monatglobal.com\/wp-content\/uploads\/2025\/05\/chairman-award_2025-min-1.png\" loading=\"lazy\"> \n               Oto cechy, kt\u00f3re charakteryzuj\u0105 Bohatera MONAT:<br>\n               \n            <ul>\n               <li>\u017byje, s\u0142u\u017c\u0105c innym.\n               <\/li>\n               <li> \n                  Ma serce wype\u0142nione wdzi\u0119czno\u015bci\u0105. \n               <\/li>\n               <li> \n                  Jest inspiracj\u0105 dla nas wszystkich.\n               <\/li>\n            <\/ul>\n      <br>\n      Nasze najwy\u017csze wyr\u00f3\u017cnienie, nagroda The Chairman&#8217;s Award jest przyznawane corocznie osobie wybranej przez Market Partner\u00f3w.  \n      <p> Na \u017cywo 23 sierpnia 2025 na Gali Dream Bigger podczas MONATions United 2025 z dum\u0105 uhonorujemy tegorocznego Bohatera MONAT, a nagrod\u0119 wr\u0119czy osobi\u015bcie na scenie Luis Urdaneta &#8211; MONAT Chairman.<\/p>\n   <img decoding=\"async\" src=\"https:\/\/monatglobal.com\/wp-content\/uploads\/2025\/05\/chairman-award_2025-min-1.png\" loading=\"lazy\"> \n      <a target=\"_blank\" href=\"https:\/\/form.jotform.com\/251325880627157\" aria-label=\"Go to nomination form\" rel=\"noopener\">Nominuj Twojego Bohatera<\/a>\n         <img decoding=\"async\" src=\"https:\/\/monatglobal.com\/wp-content\/uploads\/2025\/05\/chairman-awards-NOMINATIONS-OPEN_2025-min.jpg\" loading=\"lazy\">\n            W dniach 18 czerwca &#8211; 3 lipca nominuj Lidera MONAT, kt\u00f3ry wed\u0142ug Ciebie powinien zosta\u0107 uhonorowany t\u0105 ekskluzywn\u0105 nagrod\u0105. Niech ta osoba zostanie wyr\u00f3\u017cniona w spektakularny&nbsp;spos\u00f3b.\n            <br>\n            <img decoding=\"async\" src=\"https:\/\/monatglobal.com\/wp-content\/uploads\/2025\/05\/monathero-stage-2024-min.jpg\" loading=\"lazy\">\n         <img decoding=\"async\" src=\"https:\/\/monatglobal.com\/wp-content\/uploads\/2025\/05\/chairman-award-2025-min.jpg\" loading=\"lazy\"> \n            <h2>Kto kwalifikuje si\u0119 do nagrody?<\/h2>\n            <p>Mo\u017cesz nominowa\u0107 ka\u017cdego aktywnego Market Partnera o nieposzlakowanej opinii, kt\u00f3ry osi\u0105gn\u0105\u0142 rang\u0119 w karierze na poziomie Market Mentor lub&nbsp;wy\u017cszym.<\/p>\n            <a target=\"_blank\" href=\"https:\/\/form.jotform.com\/251325880627157\" aria-label=\"Go to nomination form\" rel=\"noopener\">Nominuj Twojego Bohatera<\/a>\n   <h2>Kim jest <br>Bohater MONAT?<\/h2>\n         <p>To kto\u015b wi\u0119cej ni\u017c Market Partner odnosz\u0105cy sukcesy. Bohater MONAT to osoba, kt\u00f3ra wywiera pozytywne zmiany w swojej spo\u0142eczno\u015bci. <br>Po\u015bwi\u0119ca sw\u00f3j czas, talent i zasoby na wywieranie pozytywnego wp\u0142ywu oraz pomaganie innym. Ta osoba nie tylko przewodzi zespo\u0142em, ale r\u00f3wnie\u017c prowad\u017a z&nbsp;wdzi\u0119czno\u015bci\u0105.<\/p>\n         <p>Bohater MONAT powinien:<\/p>\n         <ul>\n            <li>S\u0142u\u017cy\u0107 innym<\/li>\n            <li>By\u0107 zaanga\u017cowany w swoj\u0105 spo\u0142eczno\u015b\u0107<\/li>\n            <li>Dzia\u0142a\u0107 wolontaryjnie<\/li>\n            <li>Anga\u017cowa\u0107 si\u0119 w akcje charytatywne<\/li>\n            <li>Reprezentowa\u0107 ducha Gratitude<\/li>\n            <li>By\u0107 liderem<\/li>\n            <li>Cechowa\u0107 si\u0119 pokor\u0105 i \u017cyczliwo\u015bci\u0105<\/li>\n            <!--<li>Kindness<\/li>-->\n         <\/ul>\n   <h2>Nominuj Twojego  <br>Bohatera ju\u017c dzi\u015b.<\/h2>\n   <p>Wype\u0142nij formularz, klikaj\u0105c poni\u017cej. Prosimy o zawarcie jak najwi\u0119kszej ilo\u015bci informacji o tym, w jaki spos\u00f3b Tw\u00f3j nominowany Market Partner przewodzi w duchu wdzi\u0119czno\u015bci ORAZ wywiera pozytywny wp\u0142yw w swojej spo\u0142eczno\u015bci. Market Partner mo\u017ce r\u00f3wnie\u017c nominowa\u0107 samego&nbsp;siebie.<\/p>\n      <a target=\"_blank\" href=\"https:\/\/form.jotform.com\/251325880627157\" aria-label=\"Go to nomination form\" rel=\"noopener\">Nominuj Twojego Bohatera<\/a>\n   <img decoding=\"async\" src=\"https:\/\/monatglobal.com\/wp-content\/uploads\/2024\/05\/Brittany-Sauer-Chairmans-Award-USA_2023.jpg\" loading=\"lazy\">\n      <h2><a target=\"_blank\" href=\"https:\/\/monatgratitude.com\/pages\/chairmans-award\" rel=\"noopener\">Dowiedz si\u0119 wi\u0119cej<\/a><br> o zwyci\u0119zcach <br> Chairman&#8217;s Award z poprzednich lat<\/h2>\n","protected":false},"excerpt":{"rendered":"<p>MONAT GRATITUDE prezentuje Nagrod\u0119 Chairman&#8217;s Award 2025 Nasze najwy\u017csze wyr\u00f3\u017cnienie wr\u0119czone podczas MONATions UnitedNominacje trwaj\u0105 od 18 czerwca do 3 lipca Kim jest Bohater MONAT? Jest Liderem, kt\u00f3ry wk\u0142ada serce w s\u0142u\u017cb\u0119 innym, a tak\u017ce podejmuje dzia\u0142ania, kt\u00f3re maj\u0105 pozytywny wp\u0142yw na swoj\u0105&nbsp;spo\u0142eczno\u015b\u0107. Oto cechy, kt\u00f3re charakteryzuj\u0105 Bohatera MONAT: \u017byje, s\u0142u\u017c\u0105c innym. Ma serce wype\u0142nione&hellip;<\/p>\n","protected":false},"author":47,"featured_media":86707,"parent":0,"menu_order":0,"comment_status":"closed","ping_status":"closed","template":"","meta":{"inline_featured_image":false,"om_disable_all_campaigns":false,"_monsterinsights_skip_tracking":false,"_monsterinsights_sitenote_active":false,"_monsterinsights_sitenote_note":"","_monsterinsights_sitenote_category":0,"footnotes":""},"categories":[],"tags":[],"class_list":["post-72879","page","type-page","status-publish","has-post-thumbnail","hentry"],"aioseo_notices":[],"aioseo_head":"\n\t\t<!-- All in One SEO Pro 4.9.5.2 - aioseo.com -->\n\t<meta name=\"description\" content=\"Nominuj Market Partnera MONAT do Nagrody Chairman\u2019s Award 2025! Nominacje trwaj\u0105 od 18 czerwca do 3 lipca. Razem celebrujmy przyw\u00f3dztwo i wp\u0142yw na spo\u0142eczno\u015b\u0107.\" \/>\n\t<meta name=\"robots\" content=\"max-image-preview:large\" \/>\n\t<link rel=\"canonical\" href=\"https:\/\/monatglobal.com\/pl\/monathero\/\" \/>\n\t<meta name=\"generator\" content=\"All in One SEO Pro (AIOSEO) 4.9.5.2\" \/>\n\t\t<meta property=\"og:locale\" content=\"pl_PL\" \/>\n\t\t<meta property=\"og:site_name\" content=\"MONAT POLAND - MONAT GLOBAL\" \/>\n\t\t<meta property=\"og:type\" content=\"article\" \/>\n\t\t<meta property=\"og:title\" content=\"Bohater MONAT | The Chairman\u2019s Award 2025 | MONATions\" \/>\n\t\t<meta property=\"og:description\" content=\"Nominuj Market Partnera MONAT do Nagrody Chairman\u2019s Award 2025! Nominacje trwaj\u0105 od 18 czerwca do 3 lipca. Razem celebrujmy przyw\u00f3dztwo i wp\u0142yw na spo\u0142eczno\u015b\u0107.\" \/>\n\t\t<meta property=\"og:url\" content=\"https:\/\/monatglobal.com\/pl\/monathero\/\" \/>\n\t\t<meta property=\"article:published_time\" content=\"2023-06-22T21:51:41+00:00\" \/>\n\t\t<meta property=\"article:modified_time\" content=\"2025-06-18T04:18:35+00:00\" \/>\n\t\t<meta name=\"twitter:card\" content=\"summary_large_image\" \/>\n\t\t<meta name=\"twitter:title\" content=\"Bohater MONAT | The Chairman\u2019s Award 2025 | MONATions\" \/>\n\t\t<meta name=\"twitter:description\" content=\"Nominuj Market Partnera MONAT do Nagrody Chairman\u2019s Award 2025! Nominacje trwaj\u0105 od 18 czerwca do 3 lipca. Razem celebrujmy przyw\u00f3dztwo i wp\u0142yw na spo\u0142eczno\u015b\u0107.\" \/>\n\t\t<script type=\"application\/ld+json\" class=\"aioseo-schema\">\n\t\t\t{\"@context\":\"https:\\\/\\\/schema.org\",\"@graph\":[{\"@type\":\"BreadcrumbList\",\"@id\":\"https:\\\/\\\/monatglobal.com\\\/pl\\\/monathero\\\/#breadcrumblist\",\"itemListElement\":[{\"@type\":\"ListItem\",\"@id\":\"https:\\\/\\\/monatglobal.com\\\/pl#listItem\",\"position\":1,\"name\":\"Home\",\"item\":\"https:\\\/\\\/monatglobal.com\\\/pl\",\"nextItem\":{\"@type\":\"ListItem\",\"@id\":\"https:\\\/\\\/monatglobal.com\\\/pl\\\/monathero\\\/#listItem\",\"name\":\"The Chairman\\u2019s Award 2025\"}},{\"@type\":\"ListItem\",\"@id\":\"https:\\\/\\\/monatglobal.com\\\/pl\\\/monathero\\\/#listItem\",\"position\":2,\"name\":\"The Chairman\\u2019s Award 2025\",\"previousItem\":{\"@type\":\"ListItem\",\"@id\":\"https:\\\/\\\/monatglobal.com\\\/pl#listItem\",\"name\":\"Home\"}}]},{\"@type\":\"Organization\",\"@id\":\"https:\\\/\\\/monatglobal.com\\\/pl\\\/#organization\",\"name\":\"MONAT POLAND\",\"description\":\"MONAT GLOBAL\",\"url\":\"https:\\\/\\\/monatglobal.com\\\/pl\\\/\"},{\"@type\":\"WebPage\",\"@id\":\"https:\\\/\\\/monatglobal.com\\\/pl\\\/monathero\\\/#webpage\",\"url\":\"https:\\\/\\\/monatglobal.com\\\/pl\\\/monathero\\\/\",\"name\":\"Bohater MONAT | The Chairman\\u2019s Award 2025 | MONATions\",\"description\":\"Nominuj Market Partnera MONAT do Nagrody Chairman\\u2019s Award 2025! Nominacje trwaj\\u0105 od 18 czerwca do 3 lipca. Razem celebrujmy przyw\\u00f3dztwo i wp\\u0142yw na spo\\u0142eczno\\u015b\\u0107.\",\"inLanguage\":\"pl-PL\",\"isPartOf\":{\"@id\":\"https:\\\/\\\/monatglobal.com\\\/pl\\\/#website\"},\"breadcrumb\":{\"@id\":\"https:\\\/\\\/monatglobal.com\\\/pl\\\/monathero\\\/#breadcrumblist\"},\"image\":{\"@type\":\"ImageObject\",\"url\":\"https:\\\/\\\/monatglobal.com\\\/pl\\\/wp-content\\\/uploads\\\/sites\\\/9\\\/2025\\\/06\\\/monathero-2025-ft-img-pl-min.jpg\",\"@id\":\"https:\\\/\\\/monatglobal.com\\\/pl\\\/monathero\\\/#mainImage\",\"width\":1200,\"height\":628},\"primaryImageOfPage\":{\"@id\":\"https:\\\/\\\/monatglobal.com\\\/pl\\\/monathero\\\/#mainImage\"},\"datePublished\":\"2023-06-22T22:51:41+01:00\",\"dateModified\":\"2025-06-18T05:18:35+01:00\"},{\"@type\":\"WebSite\",\"@id\":\"https:\\\/\\\/monatglobal.com\\\/pl\\\/#website\",\"url\":\"https:\\\/\\\/monatglobal.com\\\/pl\\\/\",\"name\":\"MONAT POLAND\",\"description\":\"MONAT GLOBAL\",\"inLanguage\":\"pl-PL\",\"publisher\":{\"@id\":\"https:\\\/\\\/monatglobal.com\\\/pl\\\/#organization\"}}]}\n\t\t<\/script>\n\t\t<!-- All in One SEO Pro -->\r\n\t\t<title>Bohater MONAT | The Chairman\u2019s Award 2025 | MONATions<\/title>\n\n","aioseo_head_json":{"title":"Bohater MONAT | The Chairman\u2019s Award 2025 | MONATions","description":"Nominuj Market Partnera MONAT do Nagrody Chairman\u2019s Award 2025! Nominacje trwaj\u0105 od 18 czerwca do 3 lipca. Razem celebrujmy przyw\u00f3dztwo i wp\u0142yw na spo\u0142eczno\u015b\u0107.","canonical_url":"https:\/\/monatglobal.com\/pl\/monathero\/","robots":"max-image-preview:large","keywords":"","webmasterTools":{"miscellaneous":""},"schema":{"@context":"https:\/\/schema.org","@graph":[{"@type":"BreadcrumbList","@id":"https:\/\/monatglobal.com\/pl\/monathero\/#breadcrumblist","itemListElement":[{"@type":"ListItem","@id":"https:\/\/monatglobal.com\/pl#listItem","position":1,"name":"Home","item":"https:\/\/monatglobal.com\/pl","nextItem":{"@type":"ListItem","@id":"https:\/\/monatglobal.com\/pl\/monathero\/#listItem","name":"The Chairman\u2019s Award 2025"}},{"@type":"ListItem","@id":"https:\/\/monatglobal.com\/pl\/monathero\/#listItem","position":2,"name":"The Chairman\u2019s Award 2025","previousItem":{"@type":"ListItem","@id":"https:\/\/monatglobal.com\/pl#listItem","name":"Home"}}]},{"@type":"Organization","@id":"https:\/\/monatglobal.com\/pl\/#organization","name":"MONAT POLAND","description":"MONAT GLOBAL","url":"https:\/\/monatglobal.com\/pl\/"},{"@type":"WebPage","@id":"https:\/\/monatglobal.com\/pl\/monathero\/#webpage","url":"https:\/\/monatglobal.com\/pl\/monathero\/","name":"Bohater MONAT | The Chairman\u2019s Award 2025 | MONATions","description":"Nominuj Market Partnera MONAT do Nagrody Chairman\u2019s Award 2025! Nominacje trwaj\u0105 od 18 czerwca do 3 lipca. Razem celebrujmy przyw\u00f3dztwo i wp\u0142yw na spo\u0142eczno\u015b\u0107.","inLanguage":"pl-PL","isPartOf":{"@id":"https:\/\/monatglobal.com\/pl\/#website"},"breadcrumb":{"@id":"https:\/\/monatglobal.com\/pl\/monathero\/#breadcrumblist"},"image":{"@type":"ImageObject","url":"https:\/\/monatglobal.com\/pl\/wp-content\/uploads\/sites\/9\/2025\/06\/monathero-2025-ft-img-pl-min.jpg","@id":"https:\/\/monatglobal.com\/pl\/monathero\/#mainImage","width":1200,"height":628},"primaryImageOfPage":{"@id":"https:\/\/monatglobal.com\/pl\/monathero\/#mainImage"},"datePublished":"2023-06-22T22:51:41+01:00","dateModified":"2025-06-18T05:18:35+01:00"},{"@type":"WebSite","@id":"https:\/\/monatglobal.com\/pl\/#website","url":"https:\/\/monatglobal.com\/pl\/","name":"MONAT POLAND","description":"MONAT GLOBAL","inLanguage":"pl-PL","publisher":{"@id":"https:\/\/monatglobal.com\/pl\/#organization"}}]},"og:locale":"pl_PL","og:site_name":"MONAT POLAND - MONAT GLOBAL","og:type":"article","og:title":"Bohater MONAT | The Chairman\u2019s Award 2025 | MONATions","og:description":"Nominuj Market Partnera MONAT do Nagrody Chairman\u2019s Award 2025! Nominacje trwaj\u0105 od 18 czerwca do 3 lipca. Razem celebrujmy przyw\u00f3dztwo i wp\u0142yw na spo\u0142eczno\u015b\u0107.","og:url":"https:\/\/monatglobal.com\/pl\/monathero\/","article:published_time":"2023-06-22T21:51:41+00:00","article:modified_time":"2025-06-18T04:18:35+00:00","twitter:card":"summary_large_image","twitter:title":"Bohater MONAT | The Chairman\u2019s Award 2025 | MONATions","twitter:description":"Nominuj Market Partnera MONAT do Nagrody Chairman\u2019s Award 2025! Nominacje trwaj\u0105 od 18 czerwca do 3 lipca. Razem celebrujmy przyw\u00f3dztwo i wp\u0142yw na spo\u0142eczno\u015b\u0107."},"aioseo_meta_data":{"post_id":"72879","title":"Bohater MONAT | The Chairman\u2019s Award 2025 | MONATions","description":"Nominuj Market Partnera MONAT do Nagrody Chairman\u2019s Award 2025! Nominacje trwaj\u0105 od 18 czerwca do 3 lipca. Razem celebrujmy przyw\u00f3dztwo i wp\u0142yw na spo\u0142eczno\u015b\u0107.","keywords":null,"keyphrases":{"focus":{"keyphrase":"","score":0,"analysis":{"keyphraseInTitle":{"score":0,"maxScore":9,"error":1}}},"additional":[]},"primary_term":null,"canonical_url":null,"og_title":null,"og_description":null,"og_object_type":"default","og_image_type":"default","og_image_url":null,"og_image_width":null,"og_image_height":null,"og_image_custom_url":null,"og_image_custom_fields":null,"og_video":"","og_custom_url":null,"og_article_section":null,"og_article_tags":null,"twitter_use_og":false,"twitter_card":"default","twitter_image_type":"default","twitter_image_url":null,"twitter_image_custom_url":null,"twitter_image_custom_fields":null,"twitter_title":null,"twitter_description":null,"schema":{"blockGraphs":[],"customGraphs":[],"default":{"data":{"Article":[],"Course":[],"Dataset":[],"FAQPage":[],"Movie":[],"Person":[],"Product":[],"ProductReview":[],"Car":[],"Recipe":[],"Service":[],"SoftwareApplication":[],"WebPage":[]},"graphName":"WebPage","isEnabled":true},"graphs":[]},"schema_type":"default","schema_type_options":null,"pillar_content":false,"robots_default":true,"robots_noindex":false,"robots_noarchive":false,"robots_nosnippet":false,"robots_nofollow":false,"robots_noimageindex":false,"robots_noodp":false,"robots_notranslate":false,"robots_max_snippet":"-1","robots_max_videopreview":"-1","robots_max_imagepreview":"large","priority":null,"frequency":"default","local_seo":null,"seo_analyzer_scan_date":"2025-08-15 05:49:21","limit_modified_date":false,"reviewed_by":"0","open_ai":"{\"title\":{\"suggestions\":[],\"usage\":0},\"description\":{\"suggestions\":[],\"usage\":0}}","ai":null,"created":"2023-07-26 10:10:25","updated":"2025-08-15 05:49:21"},"aioseo_breadcrumb":"<div class=\"aioseo-breadcrumbs\"><span class=\"aioseo-breadcrumb\">\n\t<a href=\"https:\/\/monatglobal.com\/pl\" title=\"Home\">Home<\/a>\n<\/span><span class=\"aioseo-breadcrumb-separator\">&raquo;<\/span><span class=\"aioseo-breadcrumb\">\n\tThe Chairman\u2019s Award 2025\n<\/span><\/div>","aioseo_breadcrumb_json":[{"label":"Home","link":"https:\/\/monatglobal.com\/pl"},{"label":"The Chairman\u2019s Award 2025","link":"https:\/\/monatglobal.com\/pl\/monathero\/"}],"_links":{"self":[{"href":"https:\/\/monatglobal.com\/pl\/wp-json\/wp\/v2\/pages\/72879","targetHints":{"allow":["GET"]}}],"collection":[{"href":"https:\/\/monatglobal.com\/pl\/wp-json\/wp\/v2\/pages"}],"about":[{"href":"https:\/\/monatglobal.com\/pl\/wp-json\/wp\/v2\/types\/page"}],"author":[{"embeddable":true,"href":"https:\/\/monatglobal.com\/pl\/wp-json\/wp\/v2\/users\/47"}],"replies":[{"embeddable":true,"href":"https:\/\/monatglobal.com\/pl\/wp-json\/wp\/v2\/comments?post=72879"}],"version-history":[{"count":18,"href":"https:\/\/monatglobal.com\/pl\/wp-json\/wp\/v2\/pages\/72879\/revisions"}],"predecessor-version":[{"id":86714,"href":"https:\/\/monatglobal.com\/pl\/wp-json\/wp\/v2\/pages\/72879\/revisions\/86714"}],"wp:featuredmedia":[{"embeddable":true,"href":"https:\/\/monatglobal.com\/pl\/wp-json\/wp\/v2\/media\/86707"}],"wp:attachment":[{"href":"https:\/\/monatglobal.com\/pl\/wp-json\/wp\/v2\/media?parent=72879"}],"wp:term":[{"taxonomy":"category","embeddable":true,"href":"https:\/\/monatglobal.com\/pl\/wp-json\/wp\/v2\/categories?post=72879"},{"taxonomy":"post_tag","embeddable":true,"href":"https:\/\/monatglobal.com\/pl\/wp-json\/wp\/v2\/tags?post=72879"}],"curies":[{"name":"wp","href":"https:\/\/api.w.org\/{rel}","templated":true}]}}