{"id":72644,"date":"2023-04-27T09:30:00","date_gmt":"2023-04-27T08:30:00","guid":{"rendered":"https:\/\/monatglobal.com\/pl\/?page_id=72644"},"modified":"2023-06-23T13:43:39","modified_gmt":"2023-06-23T12:43:39","slug":"body-butter","status":"publish","type":"page","link":"https:\/\/monatglobal.com\/pl\/body-butter\/","title":{"rendered":"MONAT BODY CARE\u2122 Mas\u0142o do cia\u0142a z bakuchiolem &#8211; LTO"},"content":{"rendered":"\n\n\t<link rel=\"stylesheet\" href=\"https:\/\/unpkg.com\/swiper\/swiper-bundle.min.css\" \/>\n<link rel=\"stylesheet\" href=\"\/wp-content\/creative_css\/product_styles_sheet.css\" \/>\n    <!--==================================================== ECOMM SECTION ====================================================-->\n        <!--==================================================== Ecomm image ====================================================-->\n        NEW\n             \n                <img decoding=\"async\" src=\"\/wp-content\/uploads\/2023\/04\/bakuchiol-body-butter-e-comm-1.png\" alt=\"Product shot of a MONAT BODY CARE\u2122 Bakuchiol Body butter\"\/>\n            \n        <!--==================================================== Ecomm information  ====================================================-->\n            NOWO\u015a\u0106\n            <img decoding=\"async\" src=\"\/uk\/wp-content\/uploads\/sites\/6\/2023\/04\/MONAT-Gratitude-Foundation-Logo-Horizontal.svg\"\/>\n            <h1>MONAT BODY CARE\u2122<br \/>Mas\u0142o do cia\u0142a z&nbsp;bakuchiolem<\/h1> \n            \n            <p>150 ml e 5 fl. oz.<\/p>\n            <p>Promocyjna cena detaliczna:<br \/>130 z\u0142<\/p>\n                    <p>Warto\u015b\u0107 detaliczna: <br \/>130 z\u0142<\/p>\n                    <p>Klient VIP: <br \/>130 z\u0142<\/p>\n\t\t    <p>To learn more about MONAT BODY CARE\u2122 Bakuchiol Body Butter, please contact your MONAT Market&nbsp;Partner. <\/p>\n\t\t\t<p>WYPRZEDANE<\/p>\n\t\t\t<!--\n\t\t\t    <a href=\"https:\/\/corp.mymonat.com\/shop\/t\/categories\/gratitude-promotion\" target=\"_blank\" aria-label=\"Go to Bakuchiol body butter shop\" rel=\"noopener\">KUP TERAZ<\/a> \n\t\t\t-->\n   <!--==================================================== \/ECOMM SECTION  ====================================================-->\n    <img decoding=\"async\" id=\"benefits_label\" src=\"\/uk\/wp-content\/uploads\/sites\/6\/2023\/04\/monatgratitude-foundation-logo.svg\"\/>\n    <!--==================================================== Benefits image ====================================================-->\n    \n        <source media=\"(max-width: 700px)\" srcset=\"\/uk\/wp-content\/uploads\/sites\/6\/2023\/04\/bakuchiol-body-butter-benefits-mobile_ecomm-min.jpg\"\/>\n        <img decoding=\"async\" alt=\"Two jars of a MONAT BODY CARE\u2122 Bakuchiol Body Butter, one of this open showing its content, surrounded of a hair brush and a band of towel.\" src=\"\/uk\/wp-content\/uploads\/sites\/6\/2023\/04\/bakuchiol-body-butter-benefits-desktop_ecomm-min.jpg\"\/>\n   \n   <!--==================================================== Benefits text ====================================================-->\n            <h2>BENEFICIOS<\/h2> \n            <h3>Ciesz si\u0119 promienn\u0105 sk\u00f3r\u0105 i&nbsp;pomagaj innym z&nbsp;Mas\u0142em do cia\u0142a z&nbsp;bakuchiolem MONAT BODY&nbsp;CARE\u2122.<\/h3>\n            <p>To kremowe mas\u0142o do cia\u0142a g\u0142\u0119boko nawil\u017ca i&nbsp;nadaje sk\u00f3rze blask dzi\u0119ki skutecznej formule z&nbsp;mas\u0142em shea, olejkiem kokosowym oraz bakuchiolem, kt\u00f3ry jest wega\u0144sk\u0105 alternatyw\u0105 dla retinolu. Bakuchiol jest cz\u0119sto okre\u015blany jako naturalny retinol. Posiada wszystkie w\u0142a\u015bciwo\u015bci retinolu, ale nie ma uczulaj\u0105cego dzia\u0142ania na sk\u00f3r\u0119; jest delikatny i&nbsp;skuteczny dla wszystkich rodzaj\u00f3w sk\u00f3ry, w&nbsp;tym dla sk\u00f3ry wra\u017cliwej.<\/p>\n        <!--==================================================== features image  ====================================================-->\n        <img decoding=\"async\" alt=\"A product shot of MONAT BODY CARE\u2122 Bakuchiol Body Butter on top of a marble stone in front of bunch of white flowers.\" src=\"\/uk\/wp-content\/uploads\/sites\/6\/2023\/04\/bakuchiol-body-butter-features-min.jpg\"\/>\n        <!--==================================================== features text ====================================================-->\n                <h3>Zalety: <\/h3>\n                        <p>\/ Dostarcza sk\u00f3rze g\u0142\u0119bokie od\u017cywienie oraz nadaje blask.<\/p>\n                        <p>\/ Formu\u0142a zosta\u0142a wzbogacona o&nbsp;skuteczne substancje nawil\u017caj\u0105ce.<\/p>\n                        <p>\/ Szybko si\u0119 wch\u0142ania, nie pozostawiaj\u0105c t\u0142ustej warstwy na sk\u00f3rze.<\/p>\n                        <p>\/ Produkt ma konsystencj\u0119 musu i&nbsp;zapewnia od\u017cywienie jak krem.<\/p>\n                        <p>\/ \u0141atwo si\u0119 aplikuje, zapewniaj\u0105c sk\u00f3rze komfort.<\/p>\n            <h3>Infused with REJUVENIQE S<sup>\u2122<\/sup> and shea butter, More than a Balm by MONAT\u2122 features an exotic scent of vivid fruits and flowers transitioning to lingering notes of velvety woods and musk that delivers an extra touch of hydration to skin and hair anytime, any&nbsp;place.<\/h3>\n               <p> Infused with shea butter, this luxurious body bar cleans, conditions, and refreshes for maximum smoothness and&nbsp;softness.<\/p>\n               <br \/>\n         <!--==================================================== features image  ====================================================-->\n         <img decoding=\"async\" alt=\"A product shot of MONAT BODY CARE\u2122 Bakuchiol Body Butter on top of a marble stone in front of bunch of white flowers.\" src=\"\/uk\/wp-content\/uploads\/sites\/6\/2023\/04\/bakuchiol-body-butter-features-min.jpg\"\/>\n   <!--==================================================== composition image mobile ====================================================-->\n   <img decoding=\"async\" alt=\"Two jars of MONAT BODY CARE\u2122 Bakuchiol Body Butter over a mirror surrounded by magazines.\" src=\"\/uk\/wp-content\/uploads\/sites\/6\/2023\/04\/Bakuchiol-body-butter-stand-alone.jpg\"\/>\n        <h2>Kluczowe sk\u0142adniki: <\/h2>\n                    <img decoding=\"async\" src=\"\/wp-content\/uploads\/2022\/11\/Shea-Butter.svg\" alt=\"Shea Butter\"\/>\n                <p>Mas\u0142o shea<\/p>\n                    <img decoding=\"async\" src=\"\/wp-content\/uploads\/2022\/11\/Mango-Seed-Butter.svg\" alt=\"Mango Seed Butter\"\/>\n                <p>Mas\u0142o z pestek mango<\/p>\n                <p>Bakuchiol<\/p>\n                    <img decoding=\"async\" src=\"\/wp-content\/uploads\/2022\/11\/Coconut-Oil.svg\" alt=\"Olejek kokosowy\"\/> \n                <p>Olejek kokosowy<\/p>\n                    <img decoding=\"async\" src=\"\/wp-content\/uploads\/2022\/11\/Ceramides.svg\" alt=\"Ceramidy\"\/>\n                <p>Ceramidy<\/p>\n                    <img decoding=\"async\" src=\"\/wp-content\/uploads\/2022\/11\/Niacinamide-Vitamin-B3.svg\" alt=\"Niacynamid\"\/>\n                <p>Niacynamid<\/p>\n<!--==================================================== Composition section ====================================================-->\n        <img decoding=\"async\" alt=\"Two jars of MONAT BODY CARE\u2122 Bakuchiol Body Butter over a mirror surrounded by magazines.\" src=\"\/uk\/wp-content\/uploads\/sites\/6\/2023\/04\/Bakuchiol-body-butter-stand-alone.jpg\"\/>\n        <img decoding=\"async\" alt=\"Two jars of MONAT BODY CARE\u2122 Bakuchiol Body Butter on a White background overlying a texture product image.\" src=\"\/uk\/wp-content\/uploads\/sites\/6\/2023\/04\/bakuchiol-body-butter-comp2-min.jpg\"\/>\n<img decoding=\"async\" src=\"\/uk\/wp-content\/uploads\/sites\/6\/2023\/04\/gratitude-fundation.svg\"\/>\n            <h2>WSP\u00d3LNIE INWESTUJEMY W&nbsp;NAST\u0118PNE POKOLENIE LIDER\u00d3W I&nbsp;LIDEREK ORAZ ODKRYWAMY POTENCJA\u0141 M\u0141ODEGO POKOLENIA<\/h2> \n            <h3>MONAT Gratitude to nieustannie rosn\u0105cy ruch ludzi, kt\u00f3rzy chc\u0105 wywiera\u0107 pozytywne zmiany na \u015bwiecie i&nbsp;pomaga\u0107 innym. Fundacja MONAT Gratitude to organizacja non-profit, za\u0142o\u017cona w&nbsp;2019 roku, kt\u00f3ra wspiera dzia\u0142ania na ca\u0142ym \u015bwiecie, przyczynia si\u0119 do pozytywnych zmian i&nbsp;inspiruje przysz\u0142ych lider\u00f3w i&nbsp;liderki! <\/h3>\n            <p>Wdzi\u0119czno\u015b\u0107 jest zawsze w&nbsp;centrum naszej misji. To ona prowadzi i&nbsp;inspiruje nasz\u0105 spo\u0142eczno\u015b\u0107 do dzia\u0142a\u0144, kt\u00f3re daj\u0105 dzieciom, rodzinom i&nbsp;spo\u0142eczno\u015bciom szans\u0119 na rozw\u00f3j &#8211; bez wzgl\u0119du na ras\u0119, narodowo\u015b\u0107 czy dochody. <\/p>\n            <p>Niewa\u017cne, czy przekazujesz darowizn\u0119, dzia\u0142asz jako wolontariusz czy po prostu okazujesz mi\u0142o\u015b\u0107 i&nbsp;wsparcie &#8211; nawet najskromniejszy uczynek nigdy nie jest za ma\u0142y, a&nbsp;\u017caden gest zbyt wielki.<\/p>\n            <p>100% dochod\u00f3w netto ze sprzeda\u017cy produktu MONAT BODY CARE\u2122 Mas\u0142o do cia\u0142a z&nbsp;bakuchiolem zostanie przekazane na programy i&nbsp;partner\u00f3w Fundacji MONAT Gratitude, kt\u00f3ra inwestuje w&nbsp;inicjatywy edukacyjne dla m\u0142odzie\u017cy.<\/p> \n            <p>Aby uzyska\u0107 dodatkowe informacje, skontaktuj si\u0119 z&nbsp;zespo\u0142em Gratitude pod adresem <a href=\"mailto:gratitude@monatglobal.com.\" target=\"_blank\" rel=\"noopener\"> gratitude@monatglobal.com.<\/a><\/p> \n   <!---->\n   <!--<ahref=\"https:\/\/corp.mymonat.com\/shop\/products\/more-than-a-mist-usa-sept-22-6000003557?taxon_id=143\" target=\"_blank\" aria-label=\"Go to Bakuchiol body butter shop\">SHOP NOW-->\n   <!---->\n    <!--\n  \t    <a href=\"https:\/\/corp.mymonat.com\/shop\/t\/categories\/gratitude-promotion\" target=\"_blank\" aria-label=\"Go to Bakuchiol body butter shop\" rel=\"noopener\">KUP TERAZ<\/a> \n    -->\n\t\t\t<p>WYPRZEDANE<\/p>\n   <!--==================================================== Ingredients section  ====================================================-->\n   <!--==================================================== You might also like section ====================================================-->\n      <h2>YOU MIGHT ALSO LIKE<\/h2>\n      <!--==================================================== Slider YOU MIGHT ALSO LIKE ====================================================-->\n            <!--==================================================== Slides products ====================================================-->\n               <a href=\"\/pl?page_id=65464\" aria-label=\"Go to MONAT FOR MEN\u2122 Essential face Wash page\">\n                  <img decoding=\"async\" src=\"\/pl\/wp-content\/uploads\/2022\/01\/essential-face-wash-ecomm-2022.png\" alt=\"MONAT FOR MEN\u2122 face Wash\"\/>\n                  <p>Gel corporal esencial <br \/> MONAT FOR MEN\u2122<\/p>\n               <\/a>\n               <a href=\"\/pl?page_id=65480\" aria-label=\"Go to MONAT FOR MEN\u2122 Essential Face Scrub page\">\n                  <img decoding=\"async\" src=\"\/pl\/wp-content\/uploads\/2022\/01\/essential-face-scrub-ecomm-2022.png\" alt=\"MONAT FOR MEN\u2122 Essential Face Scrub\"\/>\n                  <p>Exfoliante facial esencial <br \/> MONAT FOR MEN\u2122<\/p>\n               <\/a>\n               <a href=\"\/pl?page_id=65493\" aria-label=\"Go to MONAT FOR MEN\u2122 Essential Face Moisturizer page\">\n                  <img decoding=\"async\" src=\"\/pl\/wp-content\/uploads\/2022\/01\/essential-face-moisturizer-ecomm-2022.png\" alt=\"MONAT FOR MEN\u2122 Essential Face Moisturizer\"\/>\n                  <p>Hidratante facial esencial<br \/>MONAT FOR MEN\u2122<\/p>\n               <\/a>\n         <!--==================================================== If we need navigation buttons  ====================================================-->\n         <!--==================================================== If we need paginations  ====================================================-->\n     <a href=\"https:\/\/monatgratitude.com\/\" aria-label=\"Go to all Skincare Products\"><p>Learn more about Gratitude<\/p><\/a>\n<!--==================================================== this link has to go last for it to work   ====================================================-->\n\n","protected":false},"excerpt":{"rendered":"<p>NEW NOWO\u015a\u0106 MONAT BODY CARE\u2122Mas\u0142o do cia\u0142a z&nbsp;bakuchiolem 150 ml e 5 fl. oz. Promocyjna cena detaliczna:130 z\u0142 Warto\u015b\u0107 detaliczna: 130 z\u0142 Klient VIP: 130 z\u0142 To learn more about MONAT BODY CARE\u2122 Bakuchiol Body Butter, please contact your MONAT Market&nbsp;Partner. WYPRZEDANE BENEFICIOS Ciesz si\u0119 promienn\u0105 sk\u00f3r\u0105 i&nbsp;pomagaj innym z&nbsp;Mas\u0142em do cia\u0142a z&nbsp;bakuchiolem MONAT BODY&nbsp;CARE\u2122.&hellip;<\/p>\n","protected":false},"author":39,"featured_media":0,"parent":0,"menu_order":0,"comment_status":"closed","ping_status":"closed","template":"","meta":{"inline_featured_image":false,"om_disable_all_campaigns":false,"_monsterinsights_skip_tracking":false,"_monsterinsights_sitenote_active":false,"_monsterinsights_sitenote_note":"","_monsterinsights_sitenote_category":0,"footnotes":""},"categories":[25],"tags":[],"class_list":["post-72644","page","type-page","status-publish","hentry","category-bez-kategorii"],"aioseo_notices":[],"aioseo_head":"\n\t\t<!-- All in One SEO Pro 4.9.5.2 - aioseo.com -->\n\t<meta name=\"description\" content=\"NEW NOWO\u015a\u0106 MONAT BODY CARE\u2122Mas\u0142o do cia\u0142a z bakuchiolem 150 ml e 5 fl. oz. Promocyjna cena detaliczna:130 z\u0142 Warto\u015b\u0107 detaliczna: 130 z\u0142 Klient VIP: 130 z\u0142 To learn more about MONAT BODY CARE\u2122 Bakuchiol Body Butter, please contact your MONAT Market Partner. WYPRZEDANE BENEFICIOS Ciesz si\u0119 promienn\u0105 sk\u00f3r\u0105 i pomagaj innym z Mas\u0142em do cia\u0142a z bakuchiolem MONAT BODY CARE\u2122.\" \/>\n\t<meta name=\"robots\" content=\"max-image-preview:large\" \/>\n\t<link rel=\"canonical\" href=\"https:\/\/monatglobal.com\/pl\/body-butter\/\" \/>\n\t<meta name=\"generator\" content=\"All in One SEO Pro (AIOSEO) 4.9.5.2\" \/>\n\t\t<meta property=\"og:locale\" content=\"pl_PL\" \/>\n\t\t<meta property=\"og:site_name\" content=\"MONAT POLAND - MONAT GLOBAL\" \/>\n\t\t<meta property=\"og:type\" content=\"article\" \/>\n\t\t<meta property=\"og:title\" content=\"MONAT BODY CARE\u2122 Mas\u0142o do cia\u0142a z bakuchiolem \u2013 LTO - MONAT POLAND\" \/>\n\t\t<meta property=\"og:description\" content=\"NEW NOWO\u015a\u0106 MONAT BODY CARE\u2122Mas\u0142o do cia\u0142a z bakuchiolem 150 ml e 5 fl. oz. Promocyjna cena detaliczna:130 z\u0142 Warto\u015b\u0107 detaliczna: 130 z\u0142 Klient VIP: 130 z\u0142 To learn more about MONAT BODY CARE\u2122 Bakuchiol Body Butter, please contact your MONAT Market Partner. WYPRZEDANE BENEFICIOS Ciesz si\u0119 promienn\u0105 sk\u00f3r\u0105 i pomagaj innym z Mas\u0142em do cia\u0142a z bakuchiolem MONAT BODY CARE\u2122.\" \/>\n\t\t<meta property=\"og:url\" content=\"https:\/\/monatglobal.com\/pl\/body-butter\/\" \/>\n\t\t<meta property=\"article:published_time\" content=\"2023-04-27T08:30:00+00:00\" \/>\n\t\t<meta property=\"article:modified_time\" content=\"2023-06-23T12:43:39+00:00\" \/>\n\t\t<meta name=\"twitter:card\" content=\"summary_large_image\" \/>\n\t\t<meta name=\"twitter:title\" content=\"MONAT BODY CARE\u2122 Mas\u0142o do cia\u0142a z bakuchiolem \u2013 LTO - MONAT POLAND\" \/>\n\t\t<meta name=\"twitter:description\" content=\"NEW NOWO\u015a\u0106 MONAT BODY CARE\u2122Mas\u0142o do cia\u0142a z bakuchiolem 150 ml e 5 fl. oz. Promocyjna cena detaliczna:130 z\u0142 Warto\u015b\u0107 detaliczna: 130 z\u0142 Klient VIP: 130 z\u0142 To learn more about MONAT BODY CARE\u2122 Bakuchiol Body Butter, please contact your MONAT Market Partner. WYPRZEDANE BENEFICIOS Ciesz si\u0119 promienn\u0105 sk\u00f3r\u0105 i pomagaj innym z Mas\u0142em do cia\u0142a z bakuchiolem MONAT BODY CARE\u2122.\" \/>\n\t\t<script type=\"application\/ld+json\" class=\"aioseo-schema\">\n\t\t\t{\"@context\":\"https:\\\/\\\/schema.org\",\"@graph\":[{\"@type\":\"BreadcrumbList\",\"@id\":\"https:\\\/\\\/monatglobal.com\\\/pl\\\/body-butter\\\/#breadcrumblist\",\"itemListElement\":[{\"@type\":\"ListItem\",\"@id\":\"https:\\\/\\\/monatglobal.com\\\/pl#listItem\",\"position\":1,\"name\":\"Home\",\"item\":\"https:\\\/\\\/monatglobal.com\\\/pl\",\"nextItem\":{\"@type\":\"ListItem\",\"@id\":\"https:\\\/\\\/monatglobal.com\\\/pl\\\/body-butter\\\/#listItem\",\"name\":\"MONAT BODY CARE\\u2122 Mas\\u0142o do cia\\u0142a z bakuchiolem &#8211; LTO\"}},{\"@type\":\"ListItem\",\"@id\":\"https:\\\/\\\/monatglobal.com\\\/pl\\\/body-butter\\\/#listItem\",\"position\":2,\"name\":\"MONAT BODY CARE\\u2122 Mas\\u0142o do cia\\u0142a z bakuchiolem &#8211; LTO\",\"previousItem\":{\"@type\":\"ListItem\",\"@id\":\"https:\\\/\\\/monatglobal.com\\\/pl#listItem\",\"name\":\"Home\"}}]},{\"@type\":\"Organization\",\"@id\":\"https:\\\/\\\/monatglobal.com\\\/pl\\\/#organization\",\"name\":\"MONAT POLAND\",\"description\":\"MONAT GLOBAL\",\"url\":\"https:\\\/\\\/monatglobal.com\\\/pl\\\/\"},{\"@type\":\"WebPage\",\"@id\":\"https:\\\/\\\/monatglobal.com\\\/pl\\\/body-butter\\\/#webpage\",\"url\":\"https:\\\/\\\/monatglobal.com\\\/pl\\\/body-butter\\\/\",\"name\":\"MONAT BODY CARE\\u2122 Mas\\u0142o do cia\\u0142a z bakuchiolem \\u2013 LTO - MONAT POLAND\",\"description\":\"NEW NOWO\\u015a\\u0106 MONAT BODY CARE\\u2122Mas\\u0142o do cia\\u0142a z bakuchiolem 150 ml e 5 fl. oz. Promocyjna cena detaliczna:130 z\\u0142 Warto\\u015b\\u0107 detaliczna: 130 z\\u0142 Klient VIP: 130 z\\u0142 To learn more about MONAT BODY CARE\\u2122 Bakuchiol Body Butter, please contact your MONAT Market Partner. WYPRZEDANE BENEFICIOS Ciesz si\\u0119 promienn\\u0105 sk\\u00f3r\\u0105 i pomagaj innym z Mas\\u0142em do cia\\u0142a z bakuchiolem MONAT BODY CARE\\u2122.\",\"inLanguage\":\"pl-PL\",\"isPartOf\":{\"@id\":\"https:\\\/\\\/monatglobal.com\\\/pl\\\/#website\"},\"breadcrumb\":{\"@id\":\"https:\\\/\\\/monatglobal.com\\\/pl\\\/body-butter\\\/#breadcrumblist\"},\"datePublished\":\"2023-04-27T09:30:00+01:00\",\"dateModified\":\"2023-06-23T13:43:39+01:00\"},{\"@type\":\"WebSite\",\"@id\":\"https:\\\/\\\/monatglobal.com\\\/pl\\\/#website\",\"url\":\"https:\\\/\\\/monatglobal.com\\\/pl\\\/\",\"name\":\"MONAT POLAND\",\"description\":\"MONAT GLOBAL\",\"inLanguage\":\"pl-PL\",\"publisher\":{\"@id\":\"https:\\\/\\\/monatglobal.com\\\/pl\\\/#organization\"}}]}\n\t\t<\/script>\n\t\t<!-- All in One SEO Pro -->\r\n\t\t<title>MONAT BODY CARE\u2122 Mas\u0142o do cia\u0142a z bakuchiolem \u2013 LTO - MONAT POLAND<\/title>\n\n","aioseo_head_json":{"title":"MONAT BODY CARE\u2122 Mas\u0142o do cia\u0142a z bakuchiolem \u2013 LTO - MONAT POLAND","description":"NEW NOWO\u015a\u0106 MONAT BODY CARE\u2122Mas\u0142o do cia\u0142a z bakuchiolem 150 ml e 5 fl. oz. Promocyjna cena detaliczna:130 z\u0142 Warto\u015b\u0107 detaliczna: 130 z\u0142 Klient VIP: 130 z\u0142 To learn more about MONAT BODY CARE\u2122 Bakuchiol Body Butter, please contact your MONAT Market Partner. WYPRZEDANE BENEFICIOS Ciesz si\u0119 promienn\u0105 sk\u00f3r\u0105 i pomagaj innym z Mas\u0142em do cia\u0142a z bakuchiolem MONAT BODY CARE\u2122.","canonical_url":"https:\/\/monatglobal.com\/pl\/body-butter\/","robots":"max-image-preview:large","keywords":"","webmasterTools":{"miscellaneous":""},"schema":{"@context":"https:\/\/schema.org","@graph":[{"@type":"BreadcrumbList","@id":"https:\/\/monatglobal.com\/pl\/body-butter\/#breadcrumblist","itemListElement":[{"@type":"ListItem","@id":"https:\/\/monatglobal.com\/pl#listItem","position":1,"name":"Home","item":"https:\/\/monatglobal.com\/pl","nextItem":{"@type":"ListItem","@id":"https:\/\/monatglobal.com\/pl\/body-butter\/#listItem","name":"MONAT BODY CARE\u2122 Mas\u0142o do cia\u0142a z bakuchiolem &#8211; LTO"}},{"@type":"ListItem","@id":"https:\/\/monatglobal.com\/pl\/body-butter\/#listItem","position":2,"name":"MONAT BODY CARE\u2122 Mas\u0142o do cia\u0142a z bakuchiolem &#8211; LTO","previousItem":{"@type":"ListItem","@id":"https:\/\/monatglobal.com\/pl#listItem","name":"Home"}}]},{"@type":"Organization","@id":"https:\/\/monatglobal.com\/pl\/#organization","name":"MONAT POLAND","description":"MONAT GLOBAL","url":"https:\/\/monatglobal.com\/pl\/"},{"@type":"WebPage","@id":"https:\/\/monatglobal.com\/pl\/body-butter\/#webpage","url":"https:\/\/monatglobal.com\/pl\/body-butter\/","name":"MONAT BODY CARE\u2122 Mas\u0142o do cia\u0142a z bakuchiolem \u2013 LTO - MONAT POLAND","description":"NEW NOWO\u015a\u0106 MONAT BODY CARE\u2122Mas\u0142o do cia\u0142a z bakuchiolem 150 ml e 5 fl. oz. Promocyjna cena detaliczna:130 z\u0142 Warto\u015b\u0107 detaliczna: 130 z\u0142 Klient VIP: 130 z\u0142 To learn more about MONAT BODY CARE\u2122 Bakuchiol Body Butter, please contact your MONAT Market Partner. WYPRZEDANE BENEFICIOS Ciesz si\u0119 promienn\u0105 sk\u00f3r\u0105 i pomagaj innym z Mas\u0142em do cia\u0142a z bakuchiolem MONAT BODY CARE\u2122.","inLanguage":"pl-PL","isPartOf":{"@id":"https:\/\/monatglobal.com\/pl\/#website"},"breadcrumb":{"@id":"https:\/\/monatglobal.com\/pl\/body-butter\/#breadcrumblist"},"datePublished":"2023-04-27T09:30:00+01:00","dateModified":"2023-06-23T13:43:39+01:00"},{"@type":"WebSite","@id":"https:\/\/monatglobal.com\/pl\/#website","url":"https:\/\/monatglobal.com\/pl\/","name":"MONAT POLAND","description":"MONAT GLOBAL","inLanguage":"pl-PL","publisher":{"@id":"https:\/\/monatglobal.com\/pl\/#organization"}}]},"og:locale":"pl_PL","og:site_name":"MONAT POLAND - MONAT GLOBAL","og:type":"article","og:title":"MONAT BODY CARE\u2122 Mas\u0142o do cia\u0142a z bakuchiolem \u2013 LTO - MONAT POLAND","og:description":"NEW NOWO\u015a\u0106 MONAT BODY CARE\u2122Mas\u0142o do cia\u0142a z bakuchiolem 150 ml e 5 fl. oz. Promocyjna cena detaliczna:130 z\u0142 Warto\u015b\u0107 detaliczna: 130 z\u0142 Klient VIP: 130 z\u0142 To learn more about MONAT BODY CARE\u2122 Bakuchiol Body Butter, please contact your MONAT Market Partner. WYPRZEDANE BENEFICIOS Ciesz si\u0119 promienn\u0105 sk\u00f3r\u0105 i pomagaj innym z Mas\u0142em do cia\u0142a z bakuchiolem MONAT BODY CARE\u2122.","og:url":"https:\/\/monatglobal.com\/pl\/body-butter\/","article:published_time":"2023-04-27T08:30:00+00:00","article:modified_time":"2023-06-23T12:43:39+00:00","twitter:card":"summary_large_image","twitter:title":"MONAT BODY CARE\u2122 Mas\u0142o do cia\u0142a z bakuchiolem \u2013 LTO - MONAT POLAND","twitter:description":"NEW NOWO\u015a\u0106 MONAT BODY CARE\u2122Mas\u0142o do cia\u0142a z bakuchiolem 150 ml e 5 fl. oz. Promocyjna cena detaliczna:130 z\u0142 Warto\u015b\u0107 detaliczna: 130 z\u0142 Klient VIP: 130 z\u0142 To learn more about MONAT BODY CARE\u2122 Bakuchiol Body Butter, please contact your MONAT Market Partner. WYPRZEDANE BENEFICIOS Ciesz si\u0119 promienn\u0105 sk\u00f3r\u0105 i pomagaj innym z Mas\u0142em do cia\u0142a z bakuchiolem MONAT BODY CARE\u2122."},"aioseo_meta_data":{"post_id":"72644","title":null,"description":null,"keywords":null,"keyphrases":null,"primary_term":null,"canonical_url":null,"og_title":null,"og_description":null,"og_object_type":"default","og_image_type":"default","og_image_url":null,"og_image_width":null,"og_image_height":null,"og_image_custom_url":null,"og_image_custom_fields":null,"og_video":null,"og_custom_url":null,"og_article_section":null,"og_article_tags":null,"twitter_use_og":false,"twitter_card":"default","twitter_image_type":"default","twitter_image_url":null,"twitter_image_custom_url":null,"twitter_image_custom_fields":null,"twitter_title":null,"twitter_description":null,"schema":{"blockGraphs":[],"customGraphs":[],"default":{"data":{"Article":[],"Course":[],"Dataset":[],"FAQPage":[],"Movie":[],"Person":[],"Product":[],"ProductReview":[],"Car":[],"Recipe":[],"Service":[],"SoftwareApplication":[],"WebPage":[]},"graphName":"","isEnabled":true},"graphs":[]},"schema_type":"default","schema_type_options":null,"pillar_content":false,"robots_default":true,"robots_noindex":false,"robots_noarchive":false,"robots_nosnippet":false,"robots_nofollow":false,"robots_noimageindex":false,"robots_noodp":false,"robots_notranslate":false,"robots_max_snippet":null,"robots_max_videopreview":null,"robots_max_imagepreview":"large","priority":null,"frequency":null,"local_seo":null,"seo_analyzer_scan_date":"2025-08-15 05:44:23","limit_modified_date":false,"reviewed_by":null,"open_ai":null,"ai":null,"created":"2023-07-26 10:10:24","updated":"2025-08-15 05:44:23"},"aioseo_breadcrumb":"<div class=\"aioseo-breadcrumbs\"><span class=\"aioseo-breadcrumb\">\n\t<a href=\"https:\/\/monatglobal.com\/pl\" title=\"Home\">Home<\/a>\n<\/span><span class=\"aioseo-breadcrumb-separator\">&raquo;<\/span><span class=\"aioseo-breadcrumb\">\n\tMONAT BODY CARE\u2122 Mas\u0142o do cia\u0142a z bakuchiolem \u2013 LTO\n<\/span><\/div>","aioseo_breadcrumb_json":[{"label":"Home","link":"https:\/\/monatglobal.com\/pl"},{"label":"MONAT BODY CARE\u2122 Mas\u0142o do cia\u0142a z bakuchiolem &#8211; LTO","link":"https:\/\/monatglobal.com\/pl\/body-butter\/"}],"_links":{"self":[{"href":"https:\/\/monatglobal.com\/pl\/wp-json\/wp\/v2\/pages\/72644","targetHints":{"allow":["GET"]}}],"collection":[{"href":"https:\/\/monatglobal.com\/pl\/wp-json\/wp\/v2\/pages"}],"about":[{"href":"https:\/\/monatglobal.com\/pl\/wp-json\/wp\/v2\/types\/page"}],"author":[{"embeddable":true,"href":"https:\/\/monatglobal.com\/pl\/wp-json\/wp\/v2\/users\/39"}],"replies":[{"embeddable":true,"href":"https:\/\/monatglobal.com\/pl\/wp-json\/wp\/v2\/comments?post=72644"}],"version-history":[{"count":7,"href":"https:\/\/monatglobal.com\/pl\/wp-json\/wp\/v2\/pages\/72644\/revisions"}],"predecessor-version":[{"id":72884,"href":"https:\/\/monatglobal.com\/pl\/wp-json\/wp\/v2\/pages\/72644\/revisions\/72884"}],"wp:attachment":[{"href":"https:\/\/monatglobal.com\/pl\/wp-json\/wp\/v2\/media?parent=72644"}],"wp:term":[{"taxonomy":"category","embeddable":true,"href":"https:\/\/monatglobal.com\/pl\/wp-json\/wp\/v2\/categories?post=72644"},{"taxonomy":"post_tag","embeddable":true,"href":"https:\/\/monatglobal.com\/pl\/wp-json\/wp\/v2\/tags?post=72644"}],"curies":[{"name":"wp","href":"https:\/\/api.w.org\/{rel}","templated":true}]}}