{"id":72589,"date":"2023-09-27T15:20:02","date_gmt":"2023-09-27T14:20:02","guid":{"rendered":"https:\/\/monatglobal.com\/pl\/?page_id=72589"},"modified":"2026-03-19T20:40:09","modified_gmt":"2026-03-19T20:40:09","slug":"join","status":"publish","type":"page","link":"https:\/\/monatglobal.com\/pl\/join\/","title":{"rendered":"Do\u0142\u0105cz do MONAT | Odkryj MONAT"},"content":{"rendered":"\n\n\t<section id=\"joinSec\">\n        <img decoding=\"async\" src=\"https:\/\/monatglobal.com\/de\/wp-content\/uploads\/sites\/22\/2025\/01\/oil-drop-MONAT-logo-black-.png\" alt=\"MONAT oild drop logo\" loading=\"lazy\"\/>\n        <p>Witamy w MONAT<\/p>\n        <h1>Co chcesz<br \/>dzisiaj zrobi\u0107?<\/h1> \n                <a href=\"https:\/\/corp.mymonat.com\/pyr_core\/v2_enrollments\/select_market?sponsor_id=&#038;enroll_params=profile_form_type%3Dexpress&#038;market=pl&#038;lang_code=pl\" target=\"_blank\">\n                    <img decoding=\"async\" src=\"https:\/\/monatglobal.com\/wp-content\/uploads\/2025\/02\/maket-partner-min.jpg\" loading=\"lazy\"\/>\n                        <p>Zarabiaj na swojej rutynie piel\u0119gnacyjnej! <br \/> Za\u0142\u00f3\u017c ma\u0142\u0105 dzia\u0142alno\u015b\u0107 <br \/> + Buduj zesp\u00f3\u0142 <\/p>\n                            <p>DO\u0141\u0104CZ JAKO<\/p>\n                            <button>MARKET PARTNER MONAT <\/button> \n                <\/a>\n                <p>Wi\u0119cej informacji znajdziesz na stronie <br \/> <a href=\"https:\/\/monatglobal.com\/pl\/the-monat-opportunity\/\">https:\/\/monatglobal.com\/pl\/the-monat-opportunity\/<\/a><\/p>\n                <a href=\"https:\/\/corp.mymonat.com\/pyr_core\/v2_enrollments\/select_market?enroll_params=profile_form_type%3Dvip_for_life&#038;lang_code=pl&#038;market=PL\" target=\"_blank\">\n                    <img decoding=\"async\" src=\"https:\/\/monatglobal.com\/wp-content\/uploads\/2025\/02\/join-as-a-VIP-min.jpg\" loading=\"lazy\"\/>\n                        <p>Kupuj produkty premium ze&nbsp;zni\u017ck\u0105&nbsp;15% <br \/>+ Otrzymuj nagrody pozwalaj\u0105ce zaoszcz\u0119dzi\u0107 pieni\u0105dze<\/p>\n                            <p>DO\u0141\u0104CZ JAKO<\/p>\n                            <button>Klient MONAT VIP <\/button>\n                <\/a>\n                <p>Wi\u0119cej informacji znajdziesz na stronie <br \/> <a href=\"https:\/\/monatglobal.com\/pl\/vip\/\">https:\/\/monatglobal.com\/pl\/vip\/<\/a><\/p>\n                <a href=\"https:\/\/corp.mymonat.com\/pyr_core\/v2_enrollments\/select_market?sponsor_id=&#038;enroll_params=profile_form_type%3Dcustomer&#038;market=pl&#038;lang_code=pl\" target=\"_blank\">\n                    <img decoding=\"async\" src=\"https:\/\/monatglobal.com\/wp-content\/uploads\/2025\/02\/shop-retail-price-min.jpg\" loading=\"lazy\"\/>\n                        <p>Kupuj produkty w cenie&nbsp;detalicznej <\/p>\n                            <button>KUP TERAZ<\/button>\n                <\/a>\n                <p>Wi\u0119cej informacji znajdziesz na stronie <br \/> <a href=\"https:\/\/monatglobal.com\/pl\/products\/\">https:\/\/monatglobal.com\/pl\/products\/<\/a><\/p>\n<!-- TrustBox widget - Mini -->\n  <a href=\"https:\/\/pl.trustpilot.com\/review\/monatglobal.com\" target=\"_blank\" rel=\"noopener\">Trustpilot<\/a>\n<!-- End TrustBox widget -->\n        <!---->\n        <!---->\n        <!---->\n<\/section>\n\n","protected":false},"excerpt":{"rendered":"<p>Witamy w MONAT Co chceszdzisiaj zrobi\u0107? Zarabiaj na swojej rutynie piel\u0119gnacyjnej! Za\u0142\u00f3\u017c ma\u0142\u0105 dzia\u0142alno\u015b\u0107 + Buduj zesp\u00f3\u0142 DO\u0141\u0104CZ JAKO MARKET PARTNER MONAT Wi\u0119cej informacji znajdziesz na stronie https:\/\/monatglobal.com\/pl\/the-monat-opportunity\/ Kupuj produkty premium ze&nbsp;zni\u017ck\u0105&nbsp;15% + Otrzymuj nagrody pozwalaj\u0105ce zaoszcz\u0119dzi\u0107 pieni\u0105dze DO\u0141\u0104CZ JAKO Klient MONAT VIP Wi\u0119cej informacji znajdziesz na stronie https:\/\/monatglobal.com\/pl\/vip\/ Kupuj produkty w cenie&nbsp;detalicznej KUP TERAZ&hellip;<\/p>\n","protected":false},"author":39,"featured_media":86351,"parent":0,"menu_order":0,"comment_status":"closed","ping_status":"closed","template":"","meta":{"inline_featured_image":false,"om_disable_all_campaigns":false,"_monsterinsights_skip_tracking":false,"_monsterinsights_sitenote_active":false,"_monsterinsights_sitenote_note":"","_monsterinsights_sitenote_category":0,"footnotes":""},"categories":[],"tags":[],"class_list":["post-72589","page","type-page","status-publish","has-post-thumbnail","hentry"],"aioseo_notices":[],"aioseo_head":"\n\t\t<!-- All in One SEO Pro 4.9.6 - aioseo.com -->\n\t<meta name=\"description\" content=\"Odkryj MONAT i rozpocznij swoj\u0105 podr\u00f3\u017c ju\u017c dzi\u015b! Niezale\u017cnie od tego, czy chcesz zarabia\u0107 na swojej rutynie piel\u0119gnacyjnej jako Market Partner, cieszy\u0107 si\u0119 ekskluzywnymi nagrodami jako Klient VIP, czy robi\u0107 zakupy jako Klient Detaliczny, rozpocz\u0119cie jest proste.\" \/>\n\t<meta name=\"robots\" content=\"max-image-preview:large\" \/>\n\t<link rel=\"canonical\" href=\"https:\/\/monatglobal.com\/pl\/join\/\" \/>\n\t<meta name=\"generator\" content=\"All in One SEO Pro (AIOSEO) 4.9.6\" \/>\n\t\t<meta property=\"og:locale\" content=\"pl_PL\" \/>\n\t\t<meta property=\"og:site_name\" content=\"MONAT POLAND - MONAT GLOBAL\" \/>\n\t\t<meta property=\"og:type\" content=\"article\" \/>\n\t\t<meta property=\"og:title\" content=\"Do\u0142\u0105cz do MONAT | Odkryj MONAT\" \/>\n\t\t<meta property=\"og:description\" content=\"Odkryj MONAT i rozpocznij swoj\u0105 podr\u00f3\u017c ju\u017c dzi\u015b! Niezale\u017cnie od tego, czy chcesz zarabia\u0107 na swojej rutynie piel\u0119gnacyjnej jako Market Partner, cieszy\u0107 si\u0119 ekskluzywnymi nagrodami jako Klient VIP, czy robi\u0107 zakupy jako Klient Detaliczny, rozpocz\u0119cie jest proste.\" \/>\n\t\t<meta property=\"og:url\" content=\"https:\/\/monatglobal.com\/pl\/join\/\" \/>\n\t\t<meta property=\"article:published_time\" content=\"2023-09-27T14:20:02+00:00\" \/>\n\t\t<meta property=\"article:modified_time\" content=\"2026-03-19T20:40:09+00:00\" \/>\n\t\t<meta name=\"twitter:card\" content=\"summary_large_image\" \/>\n\t\t<meta name=\"twitter:title\" content=\"Do\u0142\u0105cz do MONAT | Odkryj MONAT\" \/>\n\t\t<meta name=\"twitter:description\" content=\"Odkryj MONAT i rozpocznij swoj\u0105 podr\u00f3\u017c ju\u017c dzi\u015b! Niezale\u017cnie od tego, czy chcesz zarabia\u0107 na swojej rutynie piel\u0119gnacyjnej jako Market Partner, cieszy\u0107 si\u0119 ekskluzywnymi nagrodami jako Klient VIP, czy robi\u0107 zakupy jako Klient Detaliczny, rozpocz\u0119cie jest proste.\" \/>\n\t\t<script type=\"application\/ld+json\" class=\"aioseo-schema\">\n\t\t\t{\"@context\":\"https:\\\/\\\/schema.org\",\"@graph\":[{\"@type\":\"BreadcrumbList\",\"@id\":\"https:\\\/\\\/monatglobal.com\\\/pl\\\/join\\\/#breadcrumblist\",\"itemListElement\":[{\"@type\":\"ListItem\",\"@id\":\"https:\\\/\\\/monatglobal.com\\\/pl#listItem\",\"position\":1,\"name\":\"Home\",\"item\":\"https:\\\/\\\/monatglobal.com\\\/pl\",\"nextItem\":{\"@type\":\"ListItem\",\"@id\":\"https:\\\/\\\/monatglobal.com\\\/pl\\\/join\\\/#listItem\",\"name\":\"Do\\u0142\\u0105cz do MONAT | Odkryj MONAT\"}},{\"@type\":\"ListItem\",\"@id\":\"https:\\\/\\\/monatglobal.com\\\/pl\\\/join\\\/#listItem\",\"position\":2,\"name\":\"Do\\u0142\\u0105cz do MONAT | Odkryj MONAT\",\"previousItem\":{\"@type\":\"ListItem\",\"@id\":\"https:\\\/\\\/monatglobal.com\\\/pl#listItem\",\"name\":\"Home\"}}]},{\"@type\":\"Organization\",\"@id\":\"https:\\\/\\\/monatglobal.com\\\/pl\\\/#organization\",\"name\":\"MONAT POLAND\",\"description\":\"MONAT GLOBAL\",\"url\":\"https:\\\/\\\/monatglobal.com\\\/pl\\\/\"},{\"@type\":\"WebPage\",\"@id\":\"https:\\\/\\\/monatglobal.com\\\/pl\\\/join\\\/#webpage\",\"url\":\"https:\\\/\\\/monatglobal.com\\\/pl\\\/join\\\/\",\"name\":\"Do\\u0142\\u0105cz do MONAT | Odkryj MONAT\",\"description\":\"Odkryj MONAT i rozpocznij swoj\\u0105 podr\\u00f3\\u017c ju\\u017c dzi\\u015b! Niezale\\u017cnie od tego, czy chcesz zarabia\\u0107 na swojej rutynie piel\\u0119gnacyjnej jako Market Partner, cieszy\\u0107 si\\u0119 ekskluzywnymi nagrodami jako Klient VIP, czy robi\\u0107 zakupy jako Klient Detaliczny, rozpocz\\u0119cie jest proste.\",\"inLanguage\":\"pl-PL\",\"isPartOf\":{\"@id\":\"https:\\\/\\\/monatglobal.com\\\/pl\\\/#website\"},\"breadcrumb\":{\"@id\":\"https:\\\/\\\/monatglobal.com\\\/pl\\\/join\\\/#breadcrumblist\"},\"image\":{\"@type\":\"ImageObject\",\"url\":\"https:\\\/\\\/monatglobal.com\\\/pl\\\/wp-content\\\/uploads\\\/sites\\\/9\\\/2025\\\/02\\\/PL_FT_IMG-min.jpg\",\"@id\":\"https:\\\/\\\/monatglobal.com\\\/pl\\\/join\\\/#mainImage\",\"width\":1200,\"height\":628},\"primaryImageOfPage\":{\"@id\":\"https:\\\/\\\/monatglobal.com\\\/pl\\\/join\\\/#mainImage\"},\"datePublished\":\"2023-09-27T15:20:02+01:00\",\"dateModified\":\"2026-03-19T20:40:09+00:00\"},{\"@type\":\"WebSite\",\"@id\":\"https:\\\/\\\/monatglobal.com\\\/pl\\\/#website\",\"url\":\"https:\\\/\\\/monatglobal.com\\\/pl\\\/\",\"name\":\"MONAT POLAND\",\"description\":\"MONAT GLOBAL\",\"inLanguage\":\"pl-PL\",\"publisher\":{\"@id\":\"https:\\\/\\\/monatglobal.com\\\/pl\\\/#organization\"}}]}\n\t\t<\/script>\n\t\t<!-- All in One SEO Pro -->\r\n\t\t<title>Do\u0142\u0105cz do MONAT | Odkryj MONAT<\/title>\n\n","aioseo_head_json":{"title":"Do\u0142\u0105cz do MONAT | Odkryj MONAT","description":"Odkryj MONAT i rozpocznij swoj\u0105 podr\u00f3\u017c ju\u017c dzi\u015b! Niezale\u017cnie od tego, czy chcesz zarabia\u0107 na swojej rutynie piel\u0119gnacyjnej jako Market Partner, cieszy\u0107 si\u0119 ekskluzywnymi nagrodami jako Klient VIP, czy robi\u0107 zakupy jako Klient Detaliczny, rozpocz\u0119cie jest proste.","canonical_url":"https:\/\/monatglobal.com\/pl\/join\/","robots":"max-image-preview:large","keywords":"","webmasterTools":{"miscellaneous":""},"schema":{"@context":"https:\/\/schema.org","@graph":[{"@type":"BreadcrumbList","@id":"https:\/\/monatglobal.com\/pl\/join\/#breadcrumblist","itemListElement":[{"@type":"ListItem","@id":"https:\/\/monatglobal.com\/pl#listItem","position":1,"name":"Home","item":"https:\/\/monatglobal.com\/pl","nextItem":{"@type":"ListItem","@id":"https:\/\/monatglobal.com\/pl\/join\/#listItem","name":"Do\u0142\u0105cz do MONAT | Odkryj MONAT"}},{"@type":"ListItem","@id":"https:\/\/monatglobal.com\/pl\/join\/#listItem","position":2,"name":"Do\u0142\u0105cz do MONAT | Odkryj MONAT","previousItem":{"@type":"ListItem","@id":"https:\/\/monatglobal.com\/pl#listItem","name":"Home"}}]},{"@type":"Organization","@id":"https:\/\/monatglobal.com\/pl\/#organization","name":"MONAT POLAND","description":"MONAT GLOBAL","url":"https:\/\/monatglobal.com\/pl\/"},{"@type":"WebPage","@id":"https:\/\/monatglobal.com\/pl\/join\/#webpage","url":"https:\/\/monatglobal.com\/pl\/join\/","name":"Do\u0142\u0105cz do MONAT | Odkryj MONAT","description":"Odkryj MONAT i rozpocznij swoj\u0105 podr\u00f3\u017c ju\u017c dzi\u015b! Niezale\u017cnie od tego, czy chcesz zarabia\u0107 na swojej rutynie piel\u0119gnacyjnej jako Market Partner, cieszy\u0107 si\u0119 ekskluzywnymi nagrodami jako Klient VIP, czy robi\u0107 zakupy jako Klient Detaliczny, rozpocz\u0119cie jest proste.","inLanguage":"pl-PL","isPartOf":{"@id":"https:\/\/monatglobal.com\/pl\/#website"},"breadcrumb":{"@id":"https:\/\/monatglobal.com\/pl\/join\/#breadcrumblist"},"image":{"@type":"ImageObject","url":"https:\/\/monatglobal.com\/pl\/wp-content\/uploads\/sites\/9\/2025\/02\/PL_FT_IMG-min.jpg","@id":"https:\/\/monatglobal.com\/pl\/join\/#mainImage","width":1200,"height":628},"primaryImageOfPage":{"@id":"https:\/\/monatglobal.com\/pl\/join\/#mainImage"},"datePublished":"2023-09-27T15:20:02+01:00","dateModified":"2026-03-19T20:40:09+00:00"},{"@type":"WebSite","@id":"https:\/\/monatglobal.com\/pl\/#website","url":"https:\/\/monatglobal.com\/pl\/","name":"MONAT POLAND","description":"MONAT GLOBAL","inLanguage":"pl-PL","publisher":{"@id":"https:\/\/monatglobal.com\/pl\/#organization"}}]},"og:locale":"pl_PL","og:site_name":"MONAT POLAND - MONAT GLOBAL","og:type":"article","og:title":"Do\u0142\u0105cz do MONAT | Odkryj MONAT","og:description":"Odkryj MONAT i rozpocznij swoj\u0105 podr\u00f3\u017c ju\u017c dzi\u015b! Niezale\u017cnie od tego, czy chcesz zarabia\u0107 na swojej rutynie piel\u0119gnacyjnej jako Market Partner, cieszy\u0107 si\u0119 ekskluzywnymi nagrodami jako Klient VIP, czy robi\u0107 zakupy jako Klient Detaliczny, rozpocz\u0119cie jest proste.","og:url":"https:\/\/monatglobal.com\/pl\/join\/","article:published_time":"2023-09-27T14:20:02+00:00","article:modified_time":"2026-03-19T20:40:09+00:00","twitter:card":"summary_large_image","twitter:title":"Do\u0142\u0105cz do MONAT | Odkryj MONAT","twitter:description":"Odkryj MONAT i rozpocznij swoj\u0105 podr\u00f3\u017c ju\u017c dzi\u015b! Niezale\u017cnie od tego, czy chcesz zarabia\u0107 na swojej rutynie piel\u0119gnacyjnej jako Market Partner, cieszy\u0107 si\u0119 ekskluzywnymi nagrodami jako Klient VIP, czy robi\u0107 zakupy jako Klient Detaliczny, rozpocz\u0119cie jest proste."},"aioseo_meta_data":{"post_id":"72589","title":"Do\u0142\u0105cz do MONAT | Odkryj MONAT","description":"Odkryj MONAT i rozpocznij swoj\u0105 podr\u00f3\u017c ju\u017c dzi\u015b! Niezale\u017cnie od tego, czy chcesz zarabia\u0107 na swojej rutynie piel\u0119gnacyjnej jako Market Partner, cieszy\u0107 si\u0119 ekskluzywnymi nagrodami jako Klient VIP, czy robi\u0107 zakupy jako Klient Detaliczny, rozpocz\u0119cie jest proste.","keywords":null,"keyphrases":{"focus":{"keyphrase":"","score":0,"analysis":{"keyphraseInTitle":{"score":0,"maxScore":9,"error":1}}},"additional":[]},"primary_term":null,"canonical_url":null,"og_title":null,"og_description":null,"og_object_type":"default","og_image_type":"default","og_image_url":null,"og_image_width":null,"og_image_height":null,"og_image_custom_url":null,"og_image_custom_fields":null,"og_video":"","og_custom_url":null,"og_article_section":null,"og_article_tags":null,"twitter_use_og":false,"twitter_card":"default","twitter_image_type":"default","twitter_image_url":null,"twitter_image_custom_url":null,"twitter_image_custom_fields":null,"twitter_title":null,"twitter_description":null,"schema":{"blockGraphs":[],"customGraphs":[],"default":{"data":{"Article":[],"Course":[],"Dataset":[],"FAQPage":[],"Movie":[],"Person":[],"Product":[],"ProductReview":[],"Car":[],"Recipe":[],"Service":[],"SoftwareApplication":[],"WebPage":[]},"graphName":"WebPage","isEnabled":true},"graphs":[]},"schema_type":"default","schema_type_options":null,"pillar_content":false,"robots_default":true,"robots_noindex":false,"robots_noarchive":false,"robots_nosnippet":false,"robots_nofollow":false,"robots_noimageindex":false,"robots_noodp":false,"robots_notranslate":false,"robots_max_snippet":"-1","robots_max_videopreview":"-1","robots_max_imagepreview":"large","priority":null,"frequency":"default","local_seo":null,"seo_analyzer_scan_date":"2026-03-20 20:23:17","limit_modified_date":false,"reviewed_by":null,"open_ai":null,"ai":null,"created":"2023-09-27 14:25:48","updated":"2026-03-20 20:23:24"},"aioseo_breadcrumb":"<div class=\"aioseo-breadcrumbs\"><span class=\"aioseo-breadcrumb\">\n\t<a href=\"https:\/\/monatglobal.com\/pl\" title=\"Home\">Home<\/a>\n<\/span><span class=\"aioseo-breadcrumb-separator\">&raquo;<\/span><span class=\"aioseo-breadcrumb\">\n\tDo\u0142\u0105cz do MONAT | Odkryj MONAT\n<\/span><\/div>","aioseo_breadcrumb_json":[{"label":"Home","link":"https:\/\/monatglobal.com\/pl"},{"label":"Do\u0142\u0105cz do MONAT | Odkryj MONAT","link":"https:\/\/monatglobal.com\/pl\/join\/"}],"_links":{"self":[{"href":"https:\/\/monatglobal.com\/pl\/wp-json\/wp\/v2\/pages\/72589","targetHints":{"allow":["GET"]}}],"collection":[{"href":"https:\/\/monatglobal.com\/pl\/wp-json\/wp\/v2\/pages"}],"about":[{"href":"https:\/\/monatglobal.com\/pl\/wp-json\/wp\/v2\/types\/page"}],"author":[{"embeddable":true,"href":"https:\/\/monatglobal.com\/pl\/wp-json\/wp\/v2\/users\/39"}],"replies":[{"embeddable":true,"href":"https:\/\/monatglobal.com\/pl\/wp-json\/wp\/v2\/comments?post=72589"}],"version-history":[{"count":11,"href":"https:\/\/monatglobal.com\/pl\/wp-json\/wp\/v2\/pages\/72589\/revisions"}],"predecessor-version":[{"id":109376,"href":"https:\/\/monatglobal.com\/pl\/wp-json\/wp\/v2\/pages\/72589\/revisions\/109376"}],"wp:featuredmedia":[{"embeddable":true,"href":"https:\/\/monatglobal.com\/pl\/wp-json\/wp\/v2\/media\/86351"}],"wp:attachment":[{"href":"https:\/\/monatglobal.com\/pl\/wp-json\/wp\/v2\/media?parent=72589"}],"wp:term":[{"taxonomy":"category","embeddable":true,"href":"https:\/\/monatglobal.com\/pl\/wp-json\/wp\/v2\/categories?post=72589"},{"taxonomy":"post_tag","embeddable":true,"href":"https:\/\/monatglobal.com\/pl\/wp-json\/wp\/v2\/tags?post=72589"}],"curies":[{"name":"wp","href":"https:\/\/api.w.org\/{rel}","templated":true}]}}