{"id":72441,"date":"2023-02-10T16:55:10","date_gmt":"2023-02-10T16:55:10","guid":{"rendered":"https:\/\/monatglobal.com\/pl\/?page_id=72441"},"modified":"2026-02-19T20:29:03","modified_gmt":"2026-02-19T20:29:03","slug":"peel-pads","status":"publish","type":"page","link":"https:\/\/monatglobal.com\/pl\/peel-pads\/","title":{"rendered":"MONAT Exfoliating Peel Pads\u2122 Codzienna kuracja rozja\u015bniaj\u0105ca w p\u0142atkach"},"content":{"rendered":"\n<link rel=\"stylesheet\" href=\"https:\/\/unpkg.com\/swiper\/swiper-bundle.min.css\">\n<link rel=\"stylesheet\" href=\"https:\/\/monatglobal.com\/wp-content\/creative_css\/product_styles_sheet.css\">\n   <!--==================================================== ECOMM SECTION ====================================================-->\n      <!--==================================================== Ecomm image ====================================================-->\n       \n      <img decoding=\"async\" src=\"https:\/\/monatglobal.com\/wp-content\/uploads\/2023\/01\/EXFOLIATING-PEEL-PADSBOX_Ecomm-JAN-2023-ecomm_-min.png\" alt=\"Berry Refined Scrub\u2122\" loading=\"lazy\">\n         \n      <!--==================================================== Ecomm information  ====================================================-->\n         \n            <p>MONAT<\/p>\n         <h1>Exfoliating<br>Peel Pads\u2122<\/h1> \n         <p>Codzienna kuracja rozja\u015bniaj\u0105ca w&nbsp;p\u0142atkach<\/p>  \n         <p>Delikatnie z\u0142uszcza, zmniejszaj\u0105c widoczno\u015b\u0107 ciemnych plam, drobnych linii oraz zmarszczek.<\/p>\n         <p>30 p\u0142atk\u00f3w (2,5 ml e 0,08 fl. oz.)<\/p>\n      <!--==================================================== pricing box ====================================================-->   \n         <p>Cena detaliczna<br>000.00 z\u0142<\/p>\n         <p>Cena dla Klient\u00f3w VIP<br>000.00 z\u0142<\/p>\n      <!--==================================================== pricing box ====================================================-->   \n         <p>Je\u015bli chcesz dowiedzie\u0107 si\u0119 wi\u0119cej na temat preparatu MONAT Exfoliating Peel Pads\u2122 Codzienna kuracja rozja\u015bniaj\u0105ca w p\u0142atkach, skontaktuj si\u0119 ze swoim Market Partnerem MONAT.<\/p>\n          <a href=\"\" target=\"_blank\" role=\"button\" aria-label=\"\" rel=\"noopener\"><\/a>\n   <!--==================================================== \/ECOMM SECTION  ====================================================-->\n   <!--==================================================== Benefits image ====================================================-->\n  \n    <source media=\"(max-width: 700px)\" srcset=\"https:\/\/monatglobal.com\/wp-content\/uploads\/2023\/01\/Benefits-mobile-peel-pads-min.jpg\" loading=\"lazy\">\n      <img decoding=\"async\" src=\"https:\/\/monatglobal.com\/wp-content\/uploads\/2023\/01\/benefits-desk-peel-pads.jpg\" alt=\"picture of a brunette female holding her hair with both hands, smiling and lookin at the camera on a pink background.\" loading=\"lazy\">\n    \n   <!--==================================================== Benefits text ====================================================-->\n         <h2>ZALETY<\/h2>\n         <h3>Te rozja\u015bniaj\u0105ce p\u0142atki dzia\u0142aj\u0105 na najbardziej zewn\u0119trzn\u0105 warstw\u0119 sk\u00f3ry, przyczyniaj\u0105c si\u0119 do og\u00f3lnej poprawy kolorytu oraz struktury sk\u00f3ry, zwi\u0119kszonego blasku, redukcji ciemnych plam, drobnych linii i zmarszczek.<\/h3>\n         <!--==================================================== features image  ====================================================-->\n         <img decoding=\"async\" alt=\"female holding monat exfoliating peel pads sachet.\" src=\"https:\/\/monatglobal.com\/wp-content\/uploads\/2023\/01\/Features-peel-pads-min.jpg\" loading=\"lazy\">\n      <!--==================================================== features text ====================================================-->\n            <h3>Twoja dzienna dawka blasku!<\/h3>  \n               <p>\/ Formu\u0142a zawiera nasz autorski 8% kwas glikolowy stworzony z trzciny cukrowej, odpowiedni dla sk\u00f3ry wra\u017cliwej<\/p>\n               <p>\/ U 100% uczestnik\u00f3w badania zauwa\u017cono, \u017ce ciemne plamy, drobne linie i zmarszczki s\u0105 mniej widoczne po 28 dniach stosowania produktu*<\/p>\n               <p>\/ Produkt delikatnie z\u0142uszcza martwy nask\u00f3rek, daj\u0105c promienn\u0105 i bardziej roz\u015bwietlon\u0105 sk\u00f3r\u0119<\/p>\n               <p>\/ Poprawia koloryt oraz struktur\u0119 sk\u00f3ry, pozostawiaj\u0105c j\u0105 mi\u0119kk\u0105 i promienn\u0105<\/p>\n               <p>\/ Produkt ma delikatn\u0105 formu\u0142\u0119, dzi\u0119ki czemu jest przeznaczony do codziennego u\u017cycia bez ryzyka wysuszenia i uszkodzenia sk\u00f3ry<\/p> <br>\n            <p>* Na podstawie testu instrumentalnego przeprowadzonego przez niezale\u017cne laboratorium.<\/p> \n            <p>Fragrance \/ Fragrance-free <\/p>\n            <p> Texture \/ Cream <\/p>\n   <!--==================================================== composition image mobile ====================================================-->\n   <img decoding=\"async\" alt=\"two MONAT exfoliating peel pads sachets over a pink satin fabric\" src=\"https:\/\/monatglobal.com\/wp-content\/uploads\/2023\/01\/comp1-peel-pads-min.jpg\" loading=\"lazy\">\n   <!--==================================================== Why it works text ====================================================-->\n      <h2>Delikatne sk\u0142adniki. Skuteczne efekty.<\/h2>\n      <h3>Jednorazowe saszetki zawieraj\u0105 mieszank\u0119 kwasu glikolowego, aminokwas\u00f3w, oczaru wirginijskiego oraz od\u015bwie\u017caj\u0105cej wody og\u00f3rkowej, kt\u00f3re delikatnie z\u0142uszczaj\u0105 martwy nask\u00f3rek, daj\u0105c promienn\u0105 i bardziej roz\u015bwietlon\u0105 sk\u00f3r\u0119.<\/h3>\n      \n<!--==================================================== Composition section ====================================================-->\n      <img decoding=\"async\" alt=\"two MONAT exfoliating peel pads sachets over a pink satin fabric \" src=\"https:\/\/monatglobal.com\/wp-content\/uploads\/2023\/01\/comp1-peel-pads-min.jpg\" loading=\"lazy\">\n      <img decoding=\"async\" alt=\"female using monat exfoliating peel pads on her cheek on top of cucumber slices into submerged in water background\" src=\"https:\/\/monatglobal.com\/wp-content\/uploads\/2023\/01\/comp2-peel-pads-min.jpg\" loading=\"lazy\">\n            <!--==================================================== Directions text ====================================================--> \n               <h3>Spos\u00f3b u\u017cycia:<\/h3>\n                    <p>\/ Po oczyszczeniu sk\u00f3ry zastosuj p\u0142atek na twarz, szyj\u0119 i dekolt, omijaj\u0105c okolice oczu.  <\/p>\n                    <p>\/ Stosuj dwa lub trzy razy w pierwszym tygodniu, aby sk\u00f3ra przyzwyczai\u0142a si\u0119 do produktu.<\/p>\n                    <p>\/ U\u017cywaj codziennie, gdy sk\u00f3ra nabierze tolerancji do produktu.<\/p>\n                    <p>\/ Nast\u0119pnie zastosuj Skin Revitalizing Essence\u2122, serum, krem nawil\u017caj\u0105cy i krem z filtrem.<\/p>\n            <!--==================================================== Directions video ====================================================-->\n      <p>MONAT Exfoliating Peel Pads\u2122<br>0:49<\/p>\n         <!--==================================================== Suggestions image  ====================================================-->\n         <img decoding=\"async\" alt=\"\" src=\"https:\/\/monatglobal.com\/au\/wp-content\/uploads\/sites\/12\/2021\/12\/berry-refined-scrub-features-SUGGESTIONS.jpg\" loading=\"lazy\">\n      <!--==================================================== Suggestions text ====================================================-->\n            <h3>Suggestions<\/h3>\n               <p>\/ Customise your level of exfoliation by using less water for a stronger exfoliation, or more water for a gentler exfoliation&nbsp;experience.<\/p>\n               <p>\/ Apply sunscreen 15 minutes before heading&nbsp;outside.<\/p>\n      <a href=\"\" target=\"_blank\" role=\"button\" aria-label=\"\" rel=\"noopener\"><\/a>\n   <!--==================================================== Ingredients section  ====================================================-->\n      <h2>NAJWA\u017bNIEJSZE SK\u0141ADNIKI<\/h2>\n              <img decoding=\"async\" src=\"https:\/\/monatglobal.com\/wp-content\/uploads\/2022\/11\/Glycolic-Acid-Lactic-Acid.svg\" alt=\"Kwas glikolowy\">\n      <p>Kwas glikolowy<\/p>\n          <img decoding=\"async\" src=\"https:\/\/monatglobal.com\/wp-content\/uploads\/2023\/01\/Hyaluronic-Acid.svg\" alt=\"kwas hialuronowy\"> \n      <p>Kwas hialuronowy<\/p>\n           <img decoding=\"async\" src=\"https:\/\/monatglobal.com\/wp-content\/uploads\/2023\/01\/cucumber-water.svg\" alt=\"Woda og\u00f3rkowa r\">\n      <p>Woda og\u00f3rkowa <\/p>\n            <img decoding=\"async\" src=\"https:\/\/monatglobal.com\/wp-content\/uploads\/2023\/01\/Witch-Hazel-Water.svg\" alt=\"Woda z oczaru wirginijskiego\"> \n      <p>Woda z oczaru wirginijskiego <\/p>\n             <img decoding=\"async\" src=\"https:\/\/monatglobal.com\/wp-content\/uploads\/2023\/01\/Licorice-Root-Extract.svg\" alt=\"Wyci\u0105g z korzenia lukrecji \"> \n      <p>Wyci\u0105g z korzenia lukrecji <\/p>\n        <button id=\"myBtn\" type=\"button\">LISTA SK\u0141ADNIK\u00d3W<\/button>\n      <!--==================================================== Modal content  ====================================================-->\n         \u00d7\n         <p>Aqua\/Water\/Eau, Alcohol Denat., Potassium Hydroxide, Glycolic Acid, Hamamelis Virginiana (Witch Hazel) Water, Arginine, Glycerin, Propanediol, Chamomilla Recutita (Matricaria) Flower Extract, Sodium Hyaluronate, Glycyrrhiza Glabra (Licorice) Root Extract, Terminalia Ferdinandiana Fruit Extract, Lactococcus Ferment Lysate, Cucumis Sativus (Cucumber) Fruit Water, Sodium Phytate, Benzoic Acid, Lactic Acid, Sodium Chloride, Phenylpropanol, Levulinic Acid, Sodium Levulinate, Caprylhydroxamic Acid, 1,2-Hexanediol, Citric Acid, Potassium Sorbate, Sodium Benzoate.<\/p>\n   <!--==================================================== You might also like section ====================================================-->\n      <h2>INNE PRODUKTY, KT\u00d3RE MOG\u0104 CI\u0118 ZAINTERESOWA\u0106<\/h2>\n      <!--==================================================== Slider YOU MIGHT ALSO LIKE ====================================================-->\n          <!---->\n          <!--   -->\n                <!-- Slides products-->\n          <!--      -->\n          <!--         <a href=\"\/pl\/skincare-night-age-control-cream\/\" aria-label=\"Go to Night Haven\u2122 Krem Na Noc Przeciw Oznakom Starzenia page\">-->\n          <!--            <img decoding=\"async\" src=\"https:\/\/monatglobal.com\/wp-content\/uploads\/2022\/12\/Night-Haven-Age-control_Ecomm-min.png\" alt=\"Night Haven\u2122 Krem Na Noc Przeciw Oznakom Starzenia\" loading=\"lazy\"\/>-->\n          <!--            <p>Night Haven\u2122<br \/>Krem Na Noc Przeciw<br \/>Oznakom Starzenia<\/p>-->\n          <!--         <\/a>-->\n          <!--      -->\n          <!--   -->\n             <!-- If we need navigation buttons -->\n          <!--   -->\n          <!--   -->\n             <!-- If we need paginations -->\n          <!--   -->\n          <!---->\n         <!--==================================================== If we need navigation buttons  ====================================================-->\n         <!--==================================================== If we need paginations  ====================================================-->\n    <a href=\"\" aria-label=\"\"><\/a>\n<!--==================================================== this link has to go last for it to work   ====================================================-->\n","protected":false},"excerpt":{"rendered":"<p>MONAT ExfoliatingPeel Pads\u2122 Codzienna kuracja rozja\u015bniaj\u0105ca w&nbsp;p\u0142atkach Delikatnie z\u0142uszcza, zmniejszaj\u0105c widoczno\u015b\u0107 ciemnych plam, drobnych linii oraz zmarszczek. 30 p\u0142atk\u00f3w (2,5 ml e 0,08 fl. oz.) Cena detaliczna000.00 z\u0142 Cena dla Klient\u00f3w VIP000.00 z\u0142 Je\u015bli chcesz dowiedzie\u0107 si\u0119 wi\u0119cej na temat preparatu MONAT Exfoliating Peel Pads\u2122 Codzienna kuracja rozja\u015bniaj\u0105ca w p\u0142atkach, skontaktuj si\u0119 ze swoim Market&hellip;<\/p>\n","protected":false},"author":39,"featured_media":72473,"parent":0,"menu_order":0,"comment_status":"closed","ping_status":"closed","template":"","meta":{"inline_featured_image":false,"om_disable_all_campaigns":false,"_monsterinsights_skip_tracking":false,"_monsterinsights_sitenote_active":false,"_monsterinsights_sitenote_note":"","_monsterinsights_sitenote_category":0,"footnotes":""},"categories":[39],"tags":[],"class_list":["post-72441","page","type-page","status-publish","has-post-thumbnail","hentry","category-product-pl"],"aioseo_notices":[],"aioseo_head":"\n\t\t<!-- All in One SEO Pro 4.9.6 - aioseo.com -->\n\t<meta name=\"description\" content=\"--&gt;\" \/>\n\t<meta name=\"robots\" content=\"max-image-preview:large\" \/>\n\t<link rel=\"canonical\" href=\"https:\/\/monatglobal.com\/pl\/peel-pads\/\" \/>\n\t<meta name=\"generator\" content=\"All in One SEO Pro (AIOSEO) 4.9.6\" \/>\n\t\t<meta property=\"og:locale\" content=\"pl_PL\" \/>\n\t\t<meta property=\"og:site_name\" content=\"MONAT POLAND - MONAT GLOBAL\" \/>\n\t\t<meta property=\"og:type\" content=\"article\" \/>\n\t\t<meta property=\"og:title\" content=\"MONAT Exfoliating Peel Pads\u2122 Codzienna kuracja rozja\u015bniaj\u0105ca w p\u0142atkach\" \/>\n\t\t<meta property=\"og:description\" content=\"--&gt;\" \/>\n\t\t<meta property=\"og:url\" content=\"https:\/\/monatglobal.com\/pl\/peel-pads\/\" \/>\n\t\t<meta property=\"article:published_time\" content=\"2023-02-10T16:55:10+00:00\" \/>\n\t\t<meta property=\"article:modified_time\" content=\"2026-02-19T20:29:03+00:00\" \/>\n\t\t<meta name=\"twitter:card\" content=\"summary_large_image\" \/>\n\t\t<meta name=\"twitter:title\" content=\"MONAT Exfoliating Peel Pads\u2122 Codzienna kuracja rozja\u015bniaj\u0105ca w p\u0142atkach\" \/>\n\t\t<meta name=\"twitter:description\" content=\"--&gt;\" \/>\n\t\t<script type=\"application\/ld+json\" class=\"aioseo-schema\">\n\t\t\t{\"@context\":\"https:\\\/\\\/schema.org\",\"@graph\":[{\"@type\":\"BreadcrumbList\",\"@id\":\"https:\\\/\\\/monatglobal.com\\\/pl\\\/peel-pads\\\/#breadcrumblist\",\"itemListElement\":[{\"@type\":\"ListItem\",\"@id\":\"https:\\\/\\\/monatglobal.com\\\/pl#listItem\",\"position\":1,\"name\":\"Home\",\"item\":\"https:\\\/\\\/monatglobal.com\\\/pl\",\"nextItem\":{\"@type\":\"ListItem\",\"@id\":\"https:\\\/\\\/monatglobal.com\\\/pl\\\/peel-pads\\\/#listItem\",\"name\":\"MONAT Exfoliating Peel Pads\\u2122 Codzienna kuracja rozja\\u015bniaj\\u0105ca w p\\u0142atkach\"}},{\"@type\":\"ListItem\",\"@id\":\"https:\\\/\\\/monatglobal.com\\\/pl\\\/peel-pads\\\/#listItem\",\"position\":2,\"name\":\"MONAT Exfoliating Peel Pads\\u2122 Codzienna kuracja rozja\\u015bniaj\\u0105ca w p\\u0142atkach\",\"previousItem\":{\"@type\":\"ListItem\",\"@id\":\"https:\\\/\\\/monatglobal.com\\\/pl#listItem\",\"name\":\"Home\"}}]},{\"@type\":\"Organization\",\"@id\":\"https:\\\/\\\/monatglobal.com\\\/pl\\\/#organization\",\"name\":\"MONAT POLAND\",\"description\":\"MONAT GLOBAL\",\"url\":\"https:\\\/\\\/monatglobal.com\\\/pl\\\/\"},{\"@type\":\"WebPage\",\"@id\":\"https:\\\/\\\/monatglobal.com\\\/pl\\\/peel-pads\\\/#webpage\",\"url\":\"https:\\\/\\\/monatglobal.com\\\/pl\\\/peel-pads\\\/\",\"name\":\"MONAT Exfoliating Peel Pads\\u2122 Codzienna kuracja rozja\\u015bniaj\\u0105ca w p\\u0142atkach\",\"description\":\"-->\",\"inLanguage\":\"pl-PL\",\"isPartOf\":{\"@id\":\"https:\\\/\\\/monatglobal.com\\\/pl\\\/#website\"},\"breadcrumb\":{\"@id\":\"https:\\\/\\\/monatglobal.com\\\/pl\\\/peel-pads\\\/#breadcrumblist\"},\"image\":{\"@type\":\"ImageObject\",\"url\":\"https:\\\/\\\/monatglobal.com\\\/pl\\\/wp-content\\\/uploads\\\/sites\\\/9\\\/2023\\\/02\\\/EXFOLIATING-PEEL-PADSBOX_Ecomm-JAN-2023-ecomm_-min.png\",\"@id\":\"https:\\\/\\\/monatglobal.com\\\/pl\\\/peel-pads\\\/#mainImage\",\"width\":641,\"height\":800},\"primaryImageOfPage\":{\"@id\":\"https:\\\/\\\/monatglobal.com\\\/pl\\\/peel-pads\\\/#mainImage\"},\"datePublished\":\"2023-02-10T16:55:10+00:00\",\"dateModified\":\"2026-02-19T20:29:03+00:00\"},{\"@type\":\"WebSite\",\"@id\":\"https:\\\/\\\/monatglobal.com\\\/pl\\\/#website\",\"url\":\"https:\\\/\\\/monatglobal.com\\\/pl\\\/\",\"name\":\"MONAT POLAND\",\"description\":\"MONAT GLOBAL\",\"inLanguage\":\"pl-PL\",\"publisher\":{\"@id\":\"https:\\\/\\\/monatglobal.com\\\/pl\\\/#organization\"}}]}\n\t\t<\/script>\n\t\t<!-- All in One SEO Pro -->\r\n\t\t<title>MONAT Exfoliating Peel Pads\u2122 Codzienna kuracja rozja\u015bniaj\u0105ca w p\u0142atkach<\/title>\n\n","aioseo_head_json":{"title":"MONAT Exfoliating Peel Pads\u2122 Codzienna kuracja rozja\u015bniaj\u0105ca w p\u0142atkach","description":"-->","canonical_url":"https:\/\/monatglobal.com\/pl\/peel-pads\/","robots":"max-image-preview:large","keywords":"","webmasterTools":{"miscellaneous":""},"schema":{"@context":"https:\/\/schema.org","@graph":[{"@type":"BreadcrumbList","@id":"https:\/\/monatglobal.com\/pl\/peel-pads\/#breadcrumblist","itemListElement":[{"@type":"ListItem","@id":"https:\/\/monatglobal.com\/pl#listItem","position":1,"name":"Home","item":"https:\/\/monatglobal.com\/pl","nextItem":{"@type":"ListItem","@id":"https:\/\/monatglobal.com\/pl\/peel-pads\/#listItem","name":"MONAT Exfoliating Peel Pads\u2122 Codzienna kuracja rozja\u015bniaj\u0105ca w p\u0142atkach"}},{"@type":"ListItem","@id":"https:\/\/monatglobal.com\/pl\/peel-pads\/#listItem","position":2,"name":"MONAT Exfoliating Peel Pads\u2122 Codzienna kuracja rozja\u015bniaj\u0105ca w p\u0142atkach","previousItem":{"@type":"ListItem","@id":"https:\/\/monatglobal.com\/pl#listItem","name":"Home"}}]},{"@type":"Organization","@id":"https:\/\/monatglobal.com\/pl\/#organization","name":"MONAT POLAND","description":"MONAT GLOBAL","url":"https:\/\/monatglobal.com\/pl\/"},{"@type":"WebPage","@id":"https:\/\/monatglobal.com\/pl\/peel-pads\/#webpage","url":"https:\/\/monatglobal.com\/pl\/peel-pads\/","name":"MONAT Exfoliating Peel Pads\u2122 Codzienna kuracja rozja\u015bniaj\u0105ca w p\u0142atkach","description":"-->","inLanguage":"pl-PL","isPartOf":{"@id":"https:\/\/monatglobal.com\/pl\/#website"},"breadcrumb":{"@id":"https:\/\/monatglobal.com\/pl\/peel-pads\/#breadcrumblist"},"image":{"@type":"ImageObject","url":"https:\/\/monatglobal.com\/pl\/wp-content\/uploads\/sites\/9\/2023\/02\/EXFOLIATING-PEEL-PADSBOX_Ecomm-JAN-2023-ecomm_-min.png","@id":"https:\/\/monatglobal.com\/pl\/peel-pads\/#mainImage","width":641,"height":800},"primaryImageOfPage":{"@id":"https:\/\/monatglobal.com\/pl\/peel-pads\/#mainImage"},"datePublished":"2023-02-10T16:55:10+00:00","dateModified":"2026-02-19T20:29:03+00:00"},{"@type":"WebSite","@id":"https:\/\/monatglobal.com\/pl\/#website","url":"https:\/\/monatglobal.com\/pl\/","name":"MONAT POLAND","description":"MONAT GLOBAL","inLanguage":"pl-PL","publisher":{"@id":"https:\/\/monatglobal.com\/pl\/#organization"}}]},"og:locale":"pl_PL","og:site_name":"MONAT POLAND - MONAT GLOBAL","og:type":"article","og:title":"MONAT Exfoliating Peel Pads\u2122 Codzienna kuracja rozja\u015bniaj\u0105ca w p\u0142atkach","og:description":"--&gt;","og:url":"https:\/\/monatglobal.com\/pl\/peel-pads\/","article:published_time":"2023-02-10T16:55:10+00:00","article:modified_time":"2026-02-19T20:29:03+00:00","twitter:card":"summary_large_image","twitter:title":"MONAT Exfoliating Peel Pads\u2122 Codzienna kuracja rozja\u015bniaj\u0105ca w p\u0142atkach","twitter:description":"--&gt;"},"aioseo_meta_data":{"post_id":"72441","title":"MONAT Exfoliating Peel Pads\u2122 Codzienna kuracja rozja\u015bniaj\u0105ca w p\u0142atkach","description":null,"keywords":null,"keyphrases":{"focus":{"keyphrase":"","score":0,"analysis":{"keyphraseInTitle":{"score":0,"maxScore":9,"error":1}}},"additional":[]},"primary_term":null,"canonical_url":null,"og_title":null,"og_description":null,"og_object_type":"default","og_image_type":"default","og_image_url":null,"og_image_width":null,"og_image_height":null,"og_image_custom_url":null,"og_image_custom_fields":null,"og_video":"","og_custom_url":null,"og_article_section":null,"og_article_tags":null,"twitter_use_og":false,"twitter_card":"default","twitter_image_type":"default","twitter_image_url":null,"twitter_image_custom_url":null,"twitter_image_custom_fields":null,"twitter_title":null,"twitter_description":null,"schema":{"blockGraphs":[],"customGraphs":[],"default":{"data":{"Article":[],"Course":[],"Dataset":[],"FAQPage":[],"Movie":[],"Person":[],"Product":[],"ProductReview":[],"Car":[],"Recipe":[],"Service":[],"SoftwareApplication":[],"WebPage":[]},"graphName":"WebPage","isEnabled":true},"graphs":[]},"schema_type":"default","schema_type_options":null,"pillar_content":false,"robots_default":true,"robots_noindex":false,"robots_noarchive":false,"robots_nosnippet":false,"robots_nofollow":false,"robots_noimageindex":false,"robots_noodp":false,"robots_notranslate":false,"robots_max_snippet":"-1","robots_max_videopreview":"-1","robots_max_imagepreview":"large","priority":null,"frequency":"default","local_seo":null,"seo_analyzer_scan_date":"2026-02-19 20:43:35","limit_modified_date":false,"reviewed_by":"0","open_ai":null,"ai":{"faqs":[],"keyPoints":[],"titles":[],"descriptions":[],"socialPosts":{"email":[],"linkedin":[],"twitter":[],"facebook":[],"instagram":[]}},"created":"2023-07-26 10:10:24","updated":"2026-02-19 20:43:35"},"aioseo_breadcrumb":"<div class=\"aioseo-breadcrumbs\"><span class=\"aioseo-breadcrumb\">\n\t<a href=\"https:\/\/monatglobal.com\/pl\" title=\"Home\">Home<\/a>\n<\/span><span class=\"aioseo-breadcrumb-separator\">&raquo;<\/span><span class=\"aioseo-breadcrumb\">\n\tMONAT Exfoliating Peel Pads\u2122 Codzienna kuracja rozja\u015bniaj\u0105ca w p\u0142atkach\n<\/span><\/div>","aioseo_breadcrumb_json":[{"label":"Home","link":"https:\/\/monatglobal.com\/pl"},{"label":"MONAT Exfoliating Peel Pads\u2122 Codzienna kuracja rozja\u015bniaj\u0105ca w p\u0142atkach","link":"https:\/\/monatglobal.com\/pl\/peel-pads\/"}],"_links":{"self":[{"href":"https:\/\/monatglobal.com\/pl\/wp-json\/wp\/v2\/pages\/72441","targetHints":{"allow":["GET"]}}],"collection":[{"href":"https:\/\/monatglobal.com\/pl\/wp-json\/wp\/v2\/pages"}],"about":[{"href":"https:\/\/monatglobal.com\/pl\/wp-json\/wp\/v2\/types\/page"}],"author":[{"embeddable":true,"href":"https:\/\/monatglobal.com\/pl\/wp-json\/wp\/v2\/users\/39"}],"replies":[{"embeddable":true,"href":"https:\/\/monatglobal.com\/pl\/wp-json\/wp\/v2\/comments?post=72441"}],"version-history":[{"count":27,"href":"https:\/\/monatglobal.com\/pl\/wp-json\/wp\/v2\/pages\/72441\/revisions"}],"predecessor-version":[{"id":109323,"href":"https:\/\/monatglobal.com\/pl\/wp-json\/wp\/v2\/pages\/72441\/revisions\/109323"}],"wp:featuredmedia":[{"embeddable":true,"href":"https:\/\/monatglobal.com\/pl\/wp-json\/wp\/v2\/media\/72473"}],"wp:attachment":[{"href":"https:\/\/monatglobal.com\/pl\/wp-json\/wp\/v2\/media?parent=72441"}],"wp:term":[{"taxonomy":"category","embeddable":true,"href":"https:\/\/monatglobal.com\/pl\/wp-json\/wp\/v2\/categories?post=72441"},{"taxonomy":"post_tag","embeddable":true,"href":"https:\/\/monatglobal.com\/pl\/wp-json\/wp\/v2\/tags?post=72441"}],"curies":[{"name":"wp","href":"https:\/\/api.w.org\/{rel}","templated":true}]}}