{"id":72296,"date":"2023-01-12T16:38:17","date_gmt":"2023-01-12T16:38:17","guid":{"rendered":"https:\/\/monatglobal.com\/pl\/?page_id=72296"},"modified":"2023-02-10T13:24:35","modified_gmt":"2023-02-10T13:24:35","slug":"masterclass","status":"publish","type":"page","link":"https:\/\/monatglobal.com\/pl\/masterclass\/","title":{"rendered":"MONAT Masterclass"},"content":{"rendered":"\n<img decoding=\"async\" src=\"https:\/\/monatglobal.com\/wp-content\/uploads\/2023\/01\/the-phd-Masterclass_logo.svg\" alt=\"Masterclass logo\">\n            <a href=\"\/pl?page_id=72296#masterclass_form\">Zasubskrybuj ju\u017c TERAZ<\/a>\n                <h2>Ucz si\u0119 od najlepszych w MONAT! <\/h2>\n                <h3>Ucz si\u0119 od ekspert\u00f3w! Nasi najlepsi Market Partnerzy podziel\u0105 si\u0119 wiedz\u0105 i profesjonalnymi\numiej\u0119tno\u015bciami podczas nowej serii szkole\u0144 Masterclass. <\/h3>\n                <p>Podczas tego wyj\u0105tkowego szkolenia, zdob\u0119dziesz wiedz\u0119 eksperck\u0105, kt\u00f3ra pomo\u017ce Ci wynie\u015b\u0107 sw\u00f3j biznes na wy\u017cszy poziom.<\/p>\n                <img decoding=\"async\" src=\"https:\/\/monatglobal.com\/wp-content\/uploads\/2023\/01\/mp-enrollments.svg\">\n                <p>\tZwi\u0119ksz rejestracj\u0119 Market Partner\u00f3w<\/p>\n                <img decoding=\"async\" src=\"https:\/\/monatglobal.com\/wp-content\/uploads\/2023\/01\/vip-enrollments.svg\">\n                \tPoszerz baz\u0119 Klient\u00f3w VIP\n\n                <img decoding=\"async\" src=\"https:\/\/monatglobal.com\/wp-content\/uploads\/2023\/01\/ticket.svg\">\n                \tOdmie\u0144 swoje wydarzenia MONAT\n\n                <img decoding=\"async\" src=\"https:\/\/monatglobal.com\/wp-content\/uploads\/2023\/01\/strategy.svg\">\n                \tOkre\u015bl cele i stw\u00f3rz strategiczny plan dzia\u0142ania \n\n                <img decoding=\"async\" src=\"https:\/\/monatglobal.com\/wp-content\/uploads\/2023\/01\/empower.svg\">\n                \tZwi\u0119ksz pewno\u015b\u0107 siebie\n\n            <p>Nowe szkolenie Masterclass b\u0119dzie dost\u0119pne co miesi\u0105c w Market Partner Academy.<\/p>\n                <h2>Zasubskrybuj ju\u017c TERAZ, aby otrzymywa\u0107 specjalistyczne rady na temat zdobywania bonus\u00f3w.\n<\/h2>\n    <h2>Zasubskrybuj!<\/h2>\n    <script type=\"text\/javascript\">var gform;gform||(document.addEventListener(\"gform_main_scripts_loaded\",function(){gform.scriptsLoaded=!0}),window.addEventListener(\"DOMContentLoaded\",function(){gform.domLoaded=!0}),gform={domLoaded:!1,scriptsLoaded:!1,initializeOnLoaded:function(o){gform.domLoaded&&gform.scriptsLoaded?o():!gform.domLoaded&&gform.scriptsLoaded?window.addEventListener(\"DOMContentLoaded\",o):document.addEventListener(\"gform_main_scripts_loaded\",o)},hooks:{action:{},filter:{}},addAction:function(o,n,r,t){gform.addHook(\"action\",o,n,r,t)},addFilter:function(o,n,r,t){gform.addHook(\"filter\",o,n,r,t)},doAction:function(o){gform.doHook(\"action\",o,arguments)},applyFilters:function(o){return gform.doHook(\"filter\",o,arguments)},removeAction:function(o,n){gform.removeHook(\"action\",o,n)},removeFilter:function(o,n,r){gform.removeHook(\"filter\",o,n,r)},addHook:function(o,n,r,t,i){null==gform.hooks[o][n]&&(gform.hooks[o][n]=[]);var e=gform.hooks[o][n];null==i&&(i=n+\"_\"+e.length),gform.hooks[o][n].push({tag:i,callable:r,priority:t=null==t?10:t})},doHook:function(n,o,r){var t;if(r=Array.prototype.slice.call(r,1),null!=gform.hooks[n][o]&&((o=gform.hooks[n][o]).sort(function(o,n){return o.priority-n.priority}),o.forEach(function(o){\"function\"!=typeof(t=o.callable)&&(t=window[t]),\"action\"==n?t.apply(null,r):r[0]=t.apply(null,r)})),\"filter\"==n)return r[0]},removeHook:function(o,n,t,i){var r;null!=gform.hooks[o][n]&&(r=(r=gform.hooks[o][n]).filter(function(o,n,r){return!!(null!=i&&i!=o.tag||null!=t&&t!=o.priority)}),gform.hooks[o][n]=r)}});<\/script>\n                <div class='gf_browser_gecko gform_wrapper gravity-theme' id='gform_wrapper_3' >\n                        <div class='gform_heading'>\n                            <span class='gform_description'><\/span>\n                        <\/div><form method='post' enctype='multipart\/form-data'  id='gform_3'  action='\/pl\/wp-json\/wp\/v2\/pages\/72296' novalidate>\n                        <div class='gform_body gform-body'><div id='gform_fields_3' class='gform_fields top_label form_sublabel_below description_below'><fieldset id=\"field_3_1\"  class=\"gfield field_sublabel_hidden_label field_description_below gfield_visibility_visible\"  data-js-reload=\"field_3_1\"><legend class='gfield_label gfield_label_before_complex'  >Imi\u0119 i nazwisko<\/legend><div class='ginput_complex ginput_container no_prefix has_first_name no_middle_name has_last_name no_suffix gf_name_has_2 ginput_container_name' id='input_3_1'>\n                            \n                            <span id='input_3_1_3_container' class='name_first' >\n                                                    <input type='text' name='input_1.3' id='input_3_1_3' value=''   aria-required='false'   placeholder='Imi\u0119'  \/>\n                                                    <label for='input_3_1_3' class='hidden_sub_label screen-reader-text'>Imi\u0119<\/label>\n                                                <\/span>\n                            \n                            <span id='input_3_1_6_container' class='name_last' >\n                                                    <input type='text' name='input_1.6' id='input_3_1_6' value=''   aria-required='false'   placeholder='Nazwisko'  \/>\n                                                    <label for='input_3_1_6' class='hidden_sub_label screen-reader-text'>Nazwisko<\/label>\n                                                <\/span>\n                            \n                        <\/div><\/fieldset><div id=\"field_3_3\"  class=\"gfield gfield--width-half gfield_contains_required field_sublabel_below field_description_below gfield_visibility_visible\"  data-js-reload=\"field_3_3\"><label class='gfield_label' for='input_3_3' >Numer<span class=\"gfield_required\"><span class=\"gfield_required gfield_required_text\">(wymagane)<\/span><\/span><\/label><div class='ginput_container ginput_container_number'><input name='input_3' id='input_3_3' type='number' step='any'   value='' class='large'    placeholder='Nr MP' aria-required=\"true\" aria-invalid=\"false\"  \/><\/div><\/div><div id=\"field_3_5\"  class=\"gfield gfield--width-half gfield_contains_required field_sublabel_below field_description_below gfield_visibility_visible\"  data-js-reload=\"field_3_5\"><label class='gfield_label' for='input_3_5' >Email<span class=\"gfield_required\"><span class=\"gfield_required gfield_required_text\">(wymagane)<\/span><\/span><\/label><div class='ginput_container ginput_container_email'>\n                            <input name='input_5' id='input_3_5' type='email' value='' class='large'   placeholder='Adres e-mail MP' aria-required=\"true\" aria-invalid=\"false\"  \/>\n                        <\/div><\/div><\/div><\/div>\n        <div class='gform_footer top_label'> <input type='submit' id='gform_submit_button_3' class='gform_button button' value='Zatwierd\u017a'  onclick='if(window[\"gf_submitting_3\"]){return false;}  if( !jQuery(\"#gform_3\")[0].checkValidity || jQuery(\"#gform_3\")[0].checkValidity()){window[\"gf_submitting_3\"]=true;}  ' onkeypress='if( event.keyCode == 13 ){ if(window[\"gf_submitting_3\"]){return false;} if( !jQuery(\"#gform_3\")[0].checkValidity || jQuery(\"#gform_3\")[0].checkValidity()){window[\"gf_submitting_3\"]=true;}  jQuery(\"#gform_3\").trigger(\"submit\",[true]); }' \/> \n            <input type='hidden' class='gform_hidden' name='is_submit_3' value='1' \/>\n            <input type='hidden' class='gform_hidden' name='gform_submit' value='3' \/>\n            \n            <input type='hidden' class='gform_hidden' name='gform_unique_id' value='' \/>\n            <input type='hidden' class='gform_hidden' name='state_3' value='WyJbXSIsImNhMjEwMGY5ZWZmOGM1MzhmNDJlZGNlODkwOGRmYzEwIl0=' \/>\n            <input type='hidden' class='gform_hidden' name='gform_target_page_number_3' id='gform_target_page_number_3' value='0' \/>\n            <input type='hidden' class='gform_hidden' name='gform_source_page_number_3' id='gform_source_page_number_3' value='1' \/>\n            <input type='hidden' name='gform_field_values' value='' \/>\n            \n        <\/div>\n                        <\/form>\n                        <\/div>\n    <!--botar aqui la forma-->\n    <img decoding=\"async\" alt=\"Masterclass logo\" src=\"https:\/\/monatglobal.com\/wp-content\/uploads\/2023\/01\/phd-masterclass-dark-logo.svg\">\n","protected":false},"excerpt":{"rendered":"<p>Zasubskrybuj ju\u017c TERAZ Ucz si\u0119 od najlepszych w MONAT! Ucz si\u0119 od ekspert\u00f3w! Nasi najlepsi Market Partnerzy podziel\u0105 si\u0119 wiedz\u0105 i profesjonalnymi umiej\u0119tno\u015bciami podczas nowej serii szkole\u0144 Masterclass. Podczas tego wyj\u0105tkowego szkolenia, zdob\u0119dziesz wiedz\u0119 eksperck\u0105, kt\u00f3ra pomo\u017ce Ci wynie\u015b\u0107 sw\u00f3j biznes na wy\u017cszy poziom. Zwi\u0119ksz rejestracj\u0119 Market Partner\u00f3w Poszerz baz\u0119 Klient\u00f3w VIP Odmie\u0144 swoje wydarzenia&hellip;<\/p>\n","protected":false},"author":31,"featured_media":72418,"parent":0,"menu_order":0,"comment_status":"closed","ping_status":"closed","template":"","meta":{"inline_featured_image":false,"om_disable_all_campaigns":false,"_monsterinsights_skip_tracking":false,"_monsterinsights_sitenote_active":false,"_monsterinsights_sitenote_note":"","_monsterinsights_sitenote_category":0,"footnotes":""},"categories":[],"tags":[],"class_list":["post-72296","page","type-page","status-publish","has-post-thumbnail","hentry"],"aioseo_notices":[],"aioseo_head":"\n\t\t<!-- All in One SEO Pro 4.9.5.2 - aioseo.com -->\n\t<meta name=\"description\" content=\"Zasubskrybuj ju\u017c TERAZ Ucz si\u0119 od najlepszych w MONAT! Ucz si\u0119 od ekspert\u00f3w! Nasi najlepsi Market Partnerzy podziel\u0105 si\u0119 wiedz\u0105 i profesjonalnymi umiej\u0119tno\u015bciami podczas nowej serii szkole\u0144 Masterclass. Podczas tego wyj\u0105tkowego szkolenia, zdob\u0119dziesz wiedz\u0119 eksperck\u0105, kt\u00f3ra pomo\u017ce Ci wynie\u015b\u0107 sw\u00f3j biznes na wy\u017cszy poziom. Zwi\u0119ksz rejestracj\u0119 Market Partner\u00f3w Poszerz baz\u0119 Klient\u00f3w VIP Odmie\u0144 swoje wydarzenia\" \/>\n\t<meta name=\"robots\" content=\"max-image-preview:large\" \/>\n\t<link rel=\"canonical\" href=\"https:\/\/monatglobal.com\/pl\/masterclass\/\" \/>\n\t<meta name=\"generator\" content=\"All in One SEO Pro (AIOSEO) 4.9.5.2\" \/>\n\t\t<meta property=\"og:locale\" content=\"pl_PL\" \/>\n\t\t<meta property=\"og:site_name\" content=\"MONAT POLAND - MONAT GLOBAL\" \/>\n\t\t<meta property=\"og:type\" content=\"article\" \/>\n\t\t<meta property=\"og:title\" content=\"MONAT Masterclass - MONAT POLAND\" \/>\n\t\t<meta property=\"og:description\" content=\"Zasubskrybuj ju\u017c TERAZ Ucz si\u0119 od najlepszych w MONAT! Ucz si\u0119 od ekspert\u00f3w! Nasi najlepsi Market Partnerzy podziel\u0105 si\u0119 wiedz\u0105 i profesjonalnymi umiej\u0119tno\u015bciami podczas nowej serii szkole\u0144 Masterclass. Podczas tego wyj\u0105tkowego szkolenia, zdob\u0119dziesz wiedz\u0119 eksperck\u0105, kt\u00f3ra pomo\u017ce Ci wynie\u015b\u0107 sw\u00f3j biznes na wy\u017cszy poziom. Zwi\u0119ksz rejestracj\u0119 Market Partner\u00f3w Poszerz baz\u0119 Klient\u00f3w VIP Odmie\u0144 swoje wydarzenia\" \/>\n\t\t<meta property=\"og:url\" content=\"https:\/\/monatglobal.com\/pl\/masterclass\/\" \/>\n\t\t<meta property=\"article:published_time\" content=\"2023-01-12T16:38:17+00:00\" \/>\n\t\t<meta property=\"article:modified_time\" content=\"2023-02-10T13:24:35+00:00\" \/>\n\t\t<meta name=\"twitter:card\" content=\"summary_large_image\" \/>\n\t\t<meta name=\"twitter:title\" content=\"MONAT Masterclass - MONAT POLAND\" \/>\n\t\t<meta name=\"twitter:description\" content=\"Zasubskrybuj ju\u017c TERAZ Ucz si\u0119 od najlepszych w MONAT! Ucz si\u0119 od ekspert\u00f3w! Nasi najlepsi Market Partnerzy podziel\u0105 si\u0119 wiedz\u0105 i profesjonalnymi umiej\u0119tno\u015bciami podczas nowej serii szkole\u0144 Masterclass. Podczas tego wyj\u0105tkowego szkolenia, zdob\u0119dziesz wiedz\u0119 eksperck\u0105, kt\u00f3ra pomo\u017ce Ci wynie\u015b\u0107 sw\u00f3j biznes na wy\u017cszy poziom. Zwi\u0119ksz rejestracj\u0119 Market Partner\u00f3w Poszerz baz\u0119 Klient\u00f3w VIP Odmie\u0144 swoje wydarzenia\" \/>\n\t\t<script type=\"application\/ld+json\" class=\"aioseo-schema\">\n\t\t\t{\"@context\":\"https:\\\/\\\/schema.org\",\"@graph\":[{\"@type\":\"BreadcrumbList\",\"@id\":\"https:\\\/\\\/monatglobal.com\\\/pl\\\/masterclass\\\/#breadcrumblist\",\"itemListElement\":[{\"@type\":\"ListItem\",\"@id\":\"https:\\\/\\\/monatglobal.com\\\/pl#listItem\",\"position\":1,\"name\":\"Home\",\"item\":\"https:\\\/\\\/monatglobal.com\\\/pl\",\"nextItem\":{\"@type\":\"ListItem\",\"@id\":\"https:\\\/\\\/monatglobal.com\\\/pl\\\/masterclass\\\/#listItem\",\"name\":\"MONAT Masterclass\"}},{\"@type\":\"ListItem\",\"@id\":\"https:\\\/\\\/monatglobal.com\\\/pl\\\/masterclass\\\/#listItem\",\"position\":2,\"name\":\"MONAT Masterclass\",\"previousItem\":{\"@type\":\"ListItem\",\"@id\":\"https:\\\/\\\/monatglobal.com\\\/pl#listItem\",\"name\":\"Home\"}}]},{\"@type\":\"Organization\",\"@id\":\"https:\\\/\\\/monatglobal.com\\\/pl\\\/#organization\",\"name\":\"MONAT POLAND\",\"description\":\"MONAT GLOBAL\",\"url\":\"https:\\\/\\\/monatglobal.com\\\/pl\\\/\"},{\"@type\":\"WebPage\",\"@id\":\"https:\\\/\\\/monatglobal.com\\\/pl\\\/masterclass\\\/#webpage\",\"url\":\"https:\\\/\\\/monatglobal.com\\\/pl\\\/masterclass\\\/\",\"name\":\"MONAT Masterclass - MONAT POLAND\",\"description\":\"Zasubskrybuj ju\\u017c TERAZ Ucz si\\u0119 od najlepszych w MONAT! Ucz si\\u0119 od ekspert\\u00f3w! Nasi najlepsi Market Partnerzy podziel\\u0105 si\\u0119 wiedz\\u0105 i profesjonalnymi umiej\\u0119tno\\u015bciami podczas nowej serii szkole\\u0144 Masterclass. Podczas tego wyj\\u0105tkowego szkolenia, zdob\\u0119dziesz wiedz\\u0119 eksperck\\u0105, kt\\u00f3ra pomo\\u017ce Ci wynie\\u015b\\u0107 sw\\u00f3j biznes na wy\\u017cszy poziom. Zwi\\u0119ksz rejestracj\\u0119 Market Partner\\u00f3w Poszerz baz\\u0119 Klient\\u00f3w VIP Odmie\\u0144 swoje wydarzenia\",\"inLanguage\":\"pl-PL\",\"isPartOf\":{\"@id\":\"https:\\\/\\\/monatglobal.com\\\/pl\\\/#website\"},\"breadcrumb\":{\"@id\":\"https:\\\/\\\/monatglobal.com\\\/pl\\\/masterclass\\\/#breadcrumblist\"},\"image\":{\"@type\":\"ImageObject\",\"url\":\"https:\\\/\\\/monatglobal.com\\\/pl\\\/wp-content\\\/uploads\\\/sites\\\/9\\\/2023\\\/01\\\/masterclass-banner-mobile-min.jpg\",\"@id\":\"https:\\\/\\\/monatglobal.com\\\/pl\\\/masterclass\\\/#mainImage\",\"width\":800,\"height\":602},\"primaryImageOfPage\":{\"@id\":\"https:\\\/\\\/monatglobal.com\\\/pl\\\/masterclass\\\/#mainImage\"},\"datePublished\":\"2023-01-12T16:38:17+00:00\",\"dateModified\":\"2023-02-10T13:24:35+00:00\"},{\"@type\":\"WebSite\",\"@id\":\"https:\\\/\\\/monatglobal.com\\\/pl\\\/#website\",\"url\":\"https:\\\/\\\/monatglobal.com\\\/pl\\\/\",\"name\":\"MONAT POLAND\",\"description\":\"MONAT GLOBAL\",\"inLanguage\":\"pl-PL\",\"publisher\":{\"@id\":\"https:\\\/\\\/monatglobal.com\\\/pl\\\/#organization\"}}]}\n\t\t<\/script>\n\t\t<!-- All in One SEO Pro -->\r\n\t\t<title>MONAT Masterclass - MONAT POLAND<\/title>\n\n","aioseo_head_json":{"title":"MONAT Masterclass - MONAT POLAND","description":"Zasubskrybuj ju\u017c TERAZ Ucz si\u0119 od najlepszych w MONAT! Ucz si\u0119 od ekspert\u00f3w! Nasi najlepsi Market Partnerzy podziel\u0105 si\u0119 wiedz\u0105 i profesjonalnymi umiej\u0119tno\u015bciami podczas nowej serii szkole\u0144 Masterclass. Podczas tego wyj\u0105tkowego szkolenia, zdob\u0119dziesz wiedz\u0119 eksperck\u0105, kt\u00f3ra pomo\u017ce Ci wynie\u015b\u0107 sw\u00f3j biznes na wy\u017cszy poziom. Zwi\u0119ksz rejestracj\u0119 Market Partner\u00f3w Poszerz baz\u0119 Klient\u00f3w VIP Odmie\u0144 swoje wydarzenia","canonical_url":"https:\/\/monatglobal.com\/pl\/masterclass\/","robots":"max-image-preview:large","keywords":"","webmasterTools":{"miscellaneous":""},"schema":{"@context":"https:\/\/schema.org","@graph":[{"@type":"BreadcrumbList","@id":"https:\/\/monatglobal.com\/pl\/masterclass\/#breadcrumblist","itemListElement":[{"@type":"ListItem","@id":"https:\/\/monatglobal.com\/pl#listItem","position":1,"name":"Home","item":"https:\/\/monatglobal.com\/pl","nextItem":{"@type":"ListItem","@id":"https:\/\/monatglobal.com\/pl\/masterclass\/#listItem","name":"MONAT Masterclass"}},{"@type":"ListItem","@id":"https:\/\/monatglobal.com\/pl\/masterclass\/#listItem","position":2,"name":"MONAT Masterclass","previousItem":{"@type":"ListItem","@id":"https:\/\/monatglobal.com\/pl#listItem","name":"Home"}}]},{"@type":"Organization","@id":"https:\/\/monatglobal.com\/pl\/#organization","name":"MONAT POLAND","description":"MONAT GLOBAL","url":"https:\/\/monatglobal.com\/pl\/"},{"@type":"WebPage","@id":"https:\/\/monatglobal.com\/pl\/masterclass\/#webpage","url":"https:\/\/monatglobal.com\/pl\/masterclass\/","name":"MONAT Masterclass - MONAT POLAND","description":"Zasubskrybuj ju\u017c TERAZ Ucz si\u0119 od najlepszych w MONAT! Ucz si\u0119 od ekspert\u00f3w! Nasi najlepsi Market Partnerzy podziel\u0105 si\u0119 wiedz\u0105 i profesjonalnymi umiej\u0119tno\u015bciami podczas nowej serii szkole\u0144 Masterclass. Podczas tego wyj\u0105tkowego szkolenia, zdob\u0119dziesz wiedz\u0119 eksperck\u0105, kt\u00f3ra pomo\u017ce Ci wynie\u015b\u0107 sw\u00f3j biznes na wy\u017cszy poziom. Zwi\u0119ksz rejestracj\u0119 Market Partner\u00f3w Poszerz baz\u0119 Klient\u00f3w VIP Odmie\u0144 swoje wydarzenia","inLanguage":"pl-PL","isPartOf":{"@id":"https:\/\/monatglobal.com\/pl\/#website"},"breadcrumb":{"@id":"https:\/\/monatglobal.com\/pl\/masterclass\/#breadcrumblist"},"image":{"@type":"ImageObject","url":"https:\/\/monatglobal.com\/pl\/wp-content\/uploads\/sites\/9\/2023\/01\/masterclass-banner-mobile-min.jpg","@id":"https:\/\/monatglobal.com\/pl\/masterclass\/#mainImage","width":800,"height":602},"primaryImageOfPage":{"@id":"https:\/\/monatglobal.com\/pl\/masterclass\/#mainImage"},"datePublished":"2023-01-12T16:38:17+00:00","dateModified":"2023-02-10T13:24:35+00:00"},{"@type":"WebSite","@id":"https:\/\/monatglobal.com\/pl\/#website","url":"https:\/\/monatglobal.com\/pl\/","name":"MONAT POLAND","description":"MONAT GLOBAL","inLanguage":"pl-PL","publisher":{"@id":"https:\/\/monatglobal.com\/pl\/#organization"}}]},"og:locale":"pl_PL","og:site_name":"MONAT POLAND - MONAT GLOBAL","og:type":"article","og:title":"MONAT Masterclass - MONAT POLAND","og:description":"Zasubskrybuj ju\u017c TERAZ Ucz si\u0119 od najlepszych w MONAT! Ucz si\u0119 od ekspert\u00f3w! Nasi najlepsi Market Partnerzy podziel\u0105 si\u0119 wiedz\u0105 i profesjonalnymi umiej\u0119tno\u015bciami podczas nowej serii szkole\u0144 Masterclass. Podczas tego wyj\u0105tkowego szkolenia, zdob\u0119dziesz wiedz\u0119 eksperck\u0105, kt\u00f3ra pomo\u017ce Ci wynie\u015b\u0107 sw\u00f3j biznes na wy\u017cszy poziom. Zwi\u0119ksz rejestracj\u0119 Market Partner\u00f3w Poszerz baz\u0119 Klient\u00f3w VIP Odmie\u0144 swoje wydarzenia","og:url":"https:\/\/monatglobal.com\/pl\/masterclass\/","article:published_time":"2023-01-12T16:38:17+00:00","article:modified_time":"2023-02-10T13:24:35+00:00","twitter:card":"summary_large_image","twitter:title":"MONAT Masterclass - MONAT POLAND","twitter:description":"Zasubskrybuj ju\u017c TERAZ Ucz si\u0119 od najlepszych w MONAT! Ucz si\u0119 od ekspert\u00f3w! Nasi najlepsi Market Partnerzy podziel\u0105 si\u0119 wiedz\u0105 i profesjonalnymi umiej\u0119tno\u015bciami podczas nowej serii szkole\u0144 Masterclass. Podczas tego wyj\u0105tkowego szkolenia, zdob\u0119dziesz wiedz\u0119 eksperck\u0105, kt\u00f3ra pomo\u017ce Ci wynie\u015b\u0107 sw\u00f3j biznes na wy\u017cszy poziom. Zwi\u0119ksz rejestracj\u0119 Market Partner\u00f3w Poszerz baz\u0119 Klient\u00f3w VIP Odmie\u0144 swoje wydarzenia"},"aioseo_meta_data":{"post_id":"72296","title":null,"description":null,"keywords":null,"keyphrases":null,"primary_term":null,"canonical_url":null,"og_title":null,"og_description":null,"og_object_type":"default","og_image_type":"default","og_image_url":null,"og_image_width":null,"og_image_height":null,"og_image_custom_url":null,"og_image_custom_fields":null,"og_video":null,"og_custom_url":null,"og_article_section":null,"og_article_tags":null,"twitter_use_og":false,"twitter_card":"default","twitter_image_type":"default","twitter_image_url":null,"twitter_image_custom_url":null,"twitter_image_custom_fields":null,"twitter_title":null,"twitter_description":null,"schema":{"blockGraphs":[],"customGraphs":[],"default":{"data":{"Article":[],"Course":[],"Dataset":[],"FAQPage":[],"Movie":[],"Person":[],"Product":[],"ProductReview":[],"Car":[],"Recipe":[],"Service":[],"SoftwareApplication":[],"WebPage":[]},"graphName":"","isEnabled":true},"graphs":[]},"schema_type":"default","schema_type_options":null,"pillar_content":false,"robots_default":true,"robots_noindex":false,"robots_noarchive":false,"robots_nosnippet":false,"robots_nofollow":false,"robots_noimageindex":false,"robots_noodp":false,"robots_notranslate":false,"robots_max_snippet":null,"robots_max_videopreview":null,"robots_max_imagepreview":"large","priority":null,"frequency":null,"local_seo":null,"seo_analyzer_scan_date":"2025-08-15 05:40:01","limit_modified_date":false,"reviewed_by":null,"open_ai":null,"ai":null,"created":"2023-07-26 10:09:01","updated":"2025-08-15 05:40:01"},"aioseo_breadcrumb":"<div class=\"aioseo-breadcrumbs\"><span class=\"aioseo-breadcrumb\">\n\t<a href=\"https:\/\/monatglobal.com\/pl\" title=\"Home\">Home<\/a>\n<\/span><span class=\"aioseo-breadcrumb-separator\">&raquo;<\/span><span class=\"aioseo-breadcrumb\">\n\tMONAT Masterclass\n<\/span><\/div>","aioseo_breadcrumb_json":[{"label":"Home","link":"https:\/\/monatglobal.com\/pl"},{"label":"MONAT Masterclass","link":"https:\/\/monatglobal.com\/pl\/masterclass\/"}],"_links":{"self":[{"href":"https:\/\/monatglobal.com\/pl\/wp-json\/wp\/v2\/pages\/72296","targetHints":{"allow":["GET"]}}],"collection":[{"href":"https:\/\/monatglobal.com\/pl\/wp-json\/wp\/v2\/pages"}],"about":[{"href":"https:\/\/monatglobal.com\/pl\/wp-json\/wp\/v2\/types\/page"}],"author":[{"embeddable":true,"href":"https:\/\/monatglobal.com\/pl\/wp-json\/wp\/v2\/users\/31"}],"replies":[{"embeddable":true,"href":"https:\/\/monatglobal.com\/pl\/wp-json\/wp\/v2\/comments?post=72296"}],"version-history":[{"count":14,"href":"https:\/\/monatglobal.com\/pl\/wp-json\/wp\/v2\/pages\/72296\/revisions"}],"predecessor-version":[{"id":72472,"href":"https:\/\/monatglobal.com\/pl\/wp-json\/wp\/v2\/pages\/72296\/revisions\/72472"}],"wp:featuredmedia":[{"embeddable":true,"href":"https:\/\/monatglobal.com\/pl\/wp-json\/wp\/v2\/media\/72418"}],"wp:attachment":[{"href":"https:\/\/monatglobal.com\/pl\/wp-json\/wp\/v2\/media?parent=72296"}],"wp:term":[{"taxonomy":"category","embeddable":true,"href":"https:\/\/monatglobal.com\/pl\/wp-json\/wp\/v2\/categories?post=72296"},{"taxonomy":"post_tag","embeddable":true,"href":"https:\/\/monatglobal.com\/pl\/wp-json\/wp\/v2\/tags?post=72296"}],"curies":[{"name":"wp","href":"https:\/\/api.w.org\/{rel}","templated":true}]}}