{"id":72042,"date":"2022-12-16T20:15:21","date_gmt":"2022-12-16T20:15:21","guid":{"rendered":"https:\/\/monatglobal.com\/pl\/?page_id=72042"},"modified":"2026-02-19T15:34:22","modified_gmt":"2026-02-19T15:34:22","slug":"violet-shampoo","status":"publish","type":"page","link":"https:\/\/monatglobal.com\/pl\/violet-shampoo\/","title":{"rendered":"Violet Lights\u2122 Anti-Brass Shampoo"},"content":{"rendered":"\n<link rel=\"stylesheet\" href=\"https:\/\/unpkg.com\/swiper\/swiper-bundle.min.css\">\n<link rel=\"stylesheet\" href=\"https:\/\/monatglobal.com\/wp-content\/creative_css\/product_styles_sheet.css\">\n\t<!--==================================================== ECOMM SECTION ====================================================-->\n\t\t<!--==================================================== Ecomm image ===odcieni i roz\u015bwietlaj\u0105 w\u0142osy=================================================-->\n\t\t<img decoding=\"async\" src=\"https:\/\/monatglobal.com\/wp-content\/uploads\/2022\/11\/Violet-Lights-Anti-Brass-Shampoo-ecomm-2022.png\" alt=\"Product shot of Violet Lights\u2122 Anti-Brass Shampoo.\" loading=\"lazy\">\n\t\t<!--==================================================== Ecomm information  ====================================================-->\n\t\t\t\n\t\t\t<h1>Violet Lights\u2122<br>Szampon Neutralizuj\u0105cy<br> \u017b\u00f3\u0142te Odcienie <\/h1> \n\t\t\t\n\t\t\t<p>Oczyszcza i neutralizuje \u017c\u00f3\u0142te odcienie w\u0142os\u00f3w rozja\u015bnionych, blond lub siwych.<\/p>\n\t\t\t<p>237 ml \u212e 8 fl. oz.<\/p>\n         <!--==================================================== pricing box  ====================================================-->   \n         <p>Cena detaliczna<br>000.00 z\u0142<\/p>\n         <p>Klient VIP<br>000.00 z\u0142<\/p>\n\t\t <!--==================================================== pricing box  ====================================================-->   \t\n\t\t\t<p>Aby dowiedzie\u0107 si\u0119 wi\u0119cej na temat produktu   Violet Lights\u2122 Szampon Neutralizuj\u0105cy, prosimy skontaktowa\u0107 si\u0119 ze swoim Market Partnerem MONAT.<\/p>\n          <a href=\"\" target=\"_blank\" role=\"button\" aria-label=\"\" rel=\"noopener\"><\/a>\n\t<!--==================================================== \/ECOMM SECTION  ====================================================-->\n\t<!--==================================================== Benefits image ====================================================-->\n\t\n\t\t<source media=\"(max-width: 700px)\" srcset=\"https:\/\/monatglobal.com\/wp-content\/uploads\/2022\/11\/Violet-Lights-Anti-Brass-shampoo-benefits-mobile.jpg\" loading=\"lazy\">\n\t\t\t<img decoding=\"async\" alt=\"Blonde female smiling while holding Violet Lights\u2122 Anti-Brass Shampoo in front of her face.\" src=\"https:\/\/monatglobal.com\/wp-content\/uploads\/2022\/11\/Violet-Lights-Anti-Brass-Shampoo-Benefits-desktop.jpg\" loading=\"lazy\">\n\t\t\n\t\t<!--==================================================== Benefits text ====================================================-->\n\t\t\t\t<h2>ZALETY<\/h2>\n\t\t\t\t<h3>Oczyszcza i neutralizuje ciep\u0142e, \u017c\u00f3\u0142te odcienie, daj\u0105c bardziej l\u015bni\u0105ce w\u0142osy. <\/h3>\n<p>Ten wielofunkcyjny szampon zawiera skuteczn\u0105 mieszank\u0119 fioletowych pigment\u00f3w i ekstrakt\u00f3w kwiatowych, kt\u00f3re w jednym kroku roz\u015bwietlaj\u0105 i tonuj\u0105 w\u0142osy.<\/p>\n\t\t\t\t<!--==================================================== features image  ====================================================-->\n\t\t\t\t<img decoding=\"async\" alt=\"Violet Lights\u2122 Anti-Brass Shampoo on a purple background with white orchids.\" src=\"https:\/\/monatglobal.com\/wp-content\/uploads\/2022\/11\/VIOLET-LIGHT-SHAMPOO-features.jpg\" loading=\"lazy\">\n\t\t\t<!--==================================================== features text ====================================================-->\n\t\t\t\t\t<h3> Roz\u015bwietlone w\u0142osy ju\u017c po pierwszym myciu<\/h3><br>\n\t\t\t\t\t\t<p>\/ Oczekuj\u0105ca na opatentowanie Technologia IlluMONAT\u2122 zawiera sk\u0142adniki koloryzuj\u0105ce oraz ekstrakty z lawendy, rozmarynu i fio\u0142ka, kt\u00f3re pomagaj\u0105 pozby\u0107 si\u0119 \u017c\u00f3\u0142tych odcieni i roz\u015bwietlaj\u0105 w\u0142osy<\/p>\n\t\t\t\t\t\t<p>\/ REJUVENIQE<sup>\u00ae<\/sup> dostarcza fioletowy pigment g\u0142\u0119boko do wn\u0119trza w\u0142osa, reaktywuj\u0105c kolor od wewn\u0105trz<\/p>\n\t\t\t\t\t\t<p>\/ 94% kobiet zauwa\u017cy\u0142o mniej \u017c\u00f3\u0142tych odcieni ju\u017c po pierwszym u\u017cyciu*<\/p>\n\t\t\t\t\t\t<p>\/ O 97% bardziej roz\u015bwietlone w\u0142osy blond<\/p>\n\t\t\t\t\t\t<p>\/ Oczyszcza i wzmacnia w\u0142osy**<\/p>\n\t\t\t\t\t\t<p>\/ Kolekcja jest odpowiednia dla ka\u017cdego rodzaju w\u0142os\u00f3w rozja\u015bnionych, od jasnych do ciemnych blond oraz siwych<\/p>\n\t\t\t\t\t\t<br>\n\t\t\t\t\t<p>Zapach \/ Lekkie, kwiatowe nuty r\u00f3\u017cy i fio\u0142ka egipskiego po\u0142\u0105czone z wyrazistymi zapachami ja\u0142owca i kolendry oraz subteln\u0105 nut\u0105 wanilii.<\/p>\n\t\t\t\t\t<p> Konsystencja \/ G\u0119sta, nawil\u017caj\u0105ca formu\u0142a.<\/p>\n\t\t\t\t\t\t*Badanie przeprowadzone pod kontrol\u0105 dermatologa, w kt\u00f3rym wzi\u0119\u0142o udzia\u0142 35 kobiet w wieku od 18 do 60 lat.<br>\n                             **Na podstawie oceny 35 uczestnik\u00f3w w ramach 14-dniowego badania przeprowadzonego przez niezale\u017cne laboratorium.\n\t\t<!--==================================================== composition image mobile ====================================================-->\n\t\t<img decoding=\"async\" alt=\"A hand holding Violet Lights\u2122 Anti-Brass Shampoo in the shower.\" src=\"https:\/\/monatglobal.com\/wp-content\/uploads\/2022\/11\/VIOLET-LIGHT-SHAMPOO-stand_alone.jpg\" loading=\"lazy\">\n\t\t<!--==================================================== Why it works text ====================================================-->\n\t\t\t\n\t\t\t<h3>Technologia zwalczaj\u0105ca \u017c\u00f3\u0142te odcienie, zawieraj\u0105ca skuteczn\u0105 mieszank\u0119 fioletowych pigment\u00f3w <\/h3>\n\t\t\t<p>Oczekuj\u0105ca na opatentowanie Technologia IlluMONAT\u2122   oraz  REJUVENIQE<sup>\u00ae<\/sup>, nasza unikalna mieszanka olejk\u00f3w, dostarczaj\u0105 fioletowy pigment g\u0142\u0119boko do wn\u0119trza w\u0142osa, reaktywuj\u0105c kolor od wewn\u0105trz. Rezultaty? Roz\u015bwietlone w\u0142osy ju\u017c po pierwszym myciu!<\/p>\n\t<!--==================================================== Composition section ====================================================-->\n\t\t\t<img decoding=\"async\" alt=\"Brunette female washing her hair in the shower with Violet Lights\u2122 Anti-Brass Shampoo, while overlaying a texture shot of Violet Lights\u2122 Anti-Brass Shampoo.\" src=\"https:\/\/monatglobal.com\/wp-content\/uploads\/2022\/11\/VIOLET-LIGHT-SHAMPOO-stand_alone.jpg\" loading=\"lazy\">\n\t\t\t<img decoding=\"async\" alt=\"Closeup of a woman's brunette hair being combed. Depicts smooth results. Subject poses in front of a solid, \n\t\t\tlavender color background.\" src=\"https:\/\/monatglobal.com\/wp-content\/uploads\/2022\/11\/VIOLET-LIGHT-SHAMPOO-comp3.jpg\" loading=\"lazy\">\n\t\t\t\t\t<!--==================================================== Directions text ====================================================--> \n\t\t\t\t\t\t<h3>Spos\u00f3b u\u017cycia<\/h3>\n\t\t\t\t\t\t\t<p>\/ Na\u0142\u00f3\u017c na mokre w\u0142osy.<\/p> \n\t\t\t\t\t\t\t<p>\/ Wmasuj we w\u0142osy i sk\u00f3r\u0119 g\u0142owy do spienienia przez 1-3 minuty. <\/p>\n\t\t\t\t\t\t\t<p>\/ Sp\u0142ucz i powt\u00f3rz, je\u015bli zachodzi taka potrzeba. <\/p>\n\t\t\t\t\t\t\t<p>\/ Nast\u0119pnie zastosuj Violet Lights\u2122 Mask\u0119 Neutralizuj\u0105c\u0105 \u017b\u00f3\u0142te Odcienie.<\/p>\n                            <p>\/ Stosuj dwa razy w tygodniu lub cz\u0119\u015bciej, aby uzyska\u0107 ch\u0142odniejszy odcie\u0144. Efekty tonuj\u0105ce mog\u0105 si\u0119 r\u00f3\u017cni\u0107.<\/p>\n\t\t\t\t\t<!--==================================================== Directions video ====================================================-->\n\t\tViolet Lights\u2122<br>\nSzampon Neutralizuj\u0105cy\n\u017b\u00f3\u0142te Odcienie <br>0:46\n      <a href=\"\" target=\"_blank\" role=\"button\" aria-label=\"\" rel=\"noopener\"><\/a>\n\t<!--==================================================== Ingredients section  ====================================================-->\n\t\t<h2>LISTA SK\u0141ADNIK\u00d3W<\/h2>\n\t\t<img decoding=\"async\" src=\"https:\/\/monatglobal.com\/wp-content\/uploads\/2022\/11\/REJUVENIQE\u2122.svg\" alt=\"REJUVENIQE Icon\">\n\t\t\t\t<p>REJUVENIQE<sup>\u00ae<\/sup><\/p>\n\t\t\t\t<img decoding=\"async\" src=\"https:\/\/monatglobal.com\/wp-content\/uploads\/2022\/11\/IlluMONAT-Technology.svg \" alt=\"IlluMONAT\u2122 Technology Icon\">\n\t\t\t<p>Technologia IlluMONAT\u2122<\/p> \n\t\t<p>Ekstrakt z kory \u015bwierku czarnego   <\/p>\n\t<p>Gliceryna<\/p>\n<img decoding=\"async\" src=\"https:\/\/monatglobal.com\/wp-content\/uploads\/2022\/11\/Vegan-UV-Protectant.svg\" alt=\"Naturally Derived Emollients \n&amp; Lipids Icon\">\n\t<p>Wega\u0144ska substancja chroni\u0105ca przed promieniowaniem UV<\/p>\n<img decoding=\"async\" src=\"https:\/\/monatglobal.com\/wp-content\/uploads\/2022\/11\/Naturally-Derived-Emollients-Lipids.svg \" alt=\"Naturally Derived Emollients \n&amp; Lipids Icon\">\n\t<p>Emolienty i lipidy pochodzenia naturalnego<\/p>\n\t<button id=\"myBtn\" type=\"button\">LISTA SK\u0141ADNIK\u00d3W<\/button>\n\t<!--==================================================== Modal content  ====================================================-->\n\t\t\u00d7\n\t\t<p>Aqua\/Water\/Eau, Sodium Lauroyl Methyl Isethionate, Glycerin, Sodium Cocoyl Isethionate, Lauramidopropyl Betaine, Acrylates Copolymer, Glycol Distearate, Helianthus Annuus (Sunflower) Seed Oil, Adansonia Digitata Oil, Caryocar Brasiliense Fruit Oil, Gardenia Taitensis Flower Extract, Mauritia Flexuosa Fruit Oil, Moringa Oleifera Seed Oil, Citrus Aurantifolia (Lime) Oil, Citrus Aurantium Bergamia (Bergamot) Fruit Oil, Citrus Limon (Lemon) Peel Oil, Daucus Carota Sativa (Carrot) Seed Oil, Solanum Lycopersicum (Tomato) Seed Oil, Camellia Oleifera Seed Oil, Crambe Abyssinica Seed Oil, Limnanthes Alba (Meadowfoam) Seed Oil, Caprylyl Glycol, Tocopherol, Caprylic Acid, Sodium Phosphate, Xylitol, Alcohol, Triisodecylphosphite, Zingiber Officinale (Ginger) Root Extract, Linum Usitatissimum (Linseed) Seed Oil, Cocos Nucifera (Coconut) Oil, Disodium Phosphate, Polysorbate 60, Viola Odorata Flower\/Leaf Extract, Picea Mariana Bark Extract, Rosmarinus Officinalis (Rosemary) Leaf Extract, Polyquaternium-7, Lavandula Angustifolia (Lavender) Flower\/Leaf\/Stem Extract, Cinnamidopropyltrimonium Chloride, Hydrogenated Soybean Oil, Chamomilla Recutita (Matricaria) Flower Extract, Orbignya Speciosa Kernel Oil, Disodium EDTA-Copper, Sodium Phytate, Bisabolol, Ext. Violet 2 (CI 60730), Ethylhexylglycerin, Trisodium Ethylenediamine Disuccinate, Sodium Isethionate, Hydroxyethyl Cetearamidopropyldimonium Chloride, Sodium Benzoate, Cetearyl Alcohol, Behenyl Alcohol, Hydroxyethylcellulose, Isoamyl Laurate, Sodium Chloride, Coconut Acid, Benzyl Alcohol, Citric Acid, Fragrance\/Parfum.<\/p>\n<!--==================================================== You might also like section ====================================================-->\n\t<h2>INNE PRODUKTY, KT\u00d3RE MOG\u0104 CI\u0118 ZAINTERESOWA\u0106<\/h2>\n\t<!--==================================================== Slider YOU MIGHT ALSO LIKE ====================================================-->\n\t<!---->\n\t<!--\t-->\n\t\t\t<!--==================================================== Slides products ====================================================-->\n\t<!--\t\t-->\n\t<!--\t\t\t<a href=\"https:\/\/monatglobal.com\/pl\/violet-masque\/\" aria-label=\"Go to Violet Lights\u2122 Anti-Brass Toning Masque page\">-->\n\t<!--\t\t\t\t<img decoding=\"async\" src=\"https:\/\/monatglobal.com\/wp-content\/uploads\/2022\/11\/Violet-Lights-Anti-Brass-Toning-Masque-ecomm-2022.png\" alt=\"Violet Lights\u2122 Anti-Brass Shampoo\" loading=\"lazy\"\/>-->\n\t<!--\t\t\t\t<p>Violet Lights\u2122 <br \/>Maska Neutralizuj\u0105ca \u017b\u00f3\u0142te Odcienie <\/p>-->\n\t<!--\t\t\t<\/a>-->\n\t<!--\t\t-->\n\t<!--\t\t-->\n\t<!--\t\t\t<a href=\"https:\/\/monatglobal.com\/pl\/hair-thermal-protectant\/\" aria-label=\"Go to MONAT STUDIO ONE\u2122 HEAT PROTECTANT SPRAY Leave-in Cr\u00e8me page\">-->\n\t<!--\t\t\t\t<img decoding=\"async\" src=\"https:\/\/monatglobal.com\/wp-content\/uploads\/2022\/11\/MONAT-STUDIO-ONE-HEAT-PROTECTANT-SPRAY-ecomm-2022.png\" alt=\"MONAT STUDIO ONE\u2122 HEAT PROTECTANT SPRAY\" loading=\"lazy\"\/>-->\n\t<!--\t\t\t\t<p>MONAT STUDIO ONE\u2122<br \/>Termoochronny Spray Do W\u0142os\u00f3w<\/p>-->\n\t<!--\t\t\t<\/a>-->\n\t<!--\t\t-->\n\t<!--\t-->\n\t\t<!--==================================================== If we need navigation buttons  ====================================================-->\n\t<!--\t-->\n\t<!--\t-->\n\t\t<!--==================================================== If we need paginations  ====================================================-->\n\t<!--\t-->\n\t<!---->\n         <!--==================================================== If we need navigation buttons  ====================================================-->\n         <!--==================================================== If we need paginations  ====================================================-->\n    <a href=\"\" aria-label=\"\"><\/a>\n<!--==================================================== this link has to go last for it to work   ====================================================-->\n","protected":false},"excerpt":{"rendered":"<p>Violet Lights\u2122Szampon Neutralizuj\u0105cy \u017b\u00f3\u0142te Odcienie Oczyszcza i neutralizuje \u017c\u00f3\u0142te odcienie w\u0142os\u00f3w rozja\u015bnionych, blond lub siwych. 237 ml \u212e 8 fl. oz. Cena detaliczna000.00 z\u0142 Klient VIP000.00 z\u0142 Aby dowiedzie\u0107 si\u0119 wi\u0119cej na temat produktu Violet Lights\u2122 Szampon Neutralizuj\u0105cy, prosimy skontaktowa\u0107 si\u0119 ze swoim Market Partnerem MONAT. ZALETY Oczyszcza i neutralizuje ciep\u0142e, \u017c\u00f3\u0142te odcienie, daj\u0105c bardziej&hellip;<\/p>\n","protected":false},"author":31,"featured_media":109245,"parent":0,"menu_order":0,"comment_status":"closed","ping_status":"closed","template":"","meta":{"inline_featured_image":false,"om_disable_all_campaigns":false,"_monsterinsights_skip_tracking":false,"_monsterinsights_sitenote_active":false,"_monsterinsights_sitenote_note":"","_monsterinsights_sitenote_category":0,"footnotes":""},"categories":[39],"tags":[],"class_list":["post-72042","page","type-page","status-publish","has-post-thumbnail","hentry","category-product-pl"],"aioseo_notices":[],"aioseo_head":"\n\t\t<!-- All in One SEO Pro 4.9.6 - aioseo.com -->\n\t<meta name=\"description\" content=\"--&gt;\" \/>\n\t<meta name=\"robots\" content=\"max-image-preview:large\" \/>\n\t<link rel=\"canonical\" href=\"https:\/\/monatglobal.com\/pl\/violet-shampoo\/\" \/>\n\t<meta name=\"generator\" content=\"All in One SEO Pro (AIOSEO) 4.9.6\" \/>\n\t\t<meta property=\"og:locale\" content=\"pl_PL\" \/>\n\t\t<meta property=\"og:site_name\" content=\"MONAT POLAND - MONAT GLOBAL\" \/>\n\t\t<meta property=\"og:type\" content=\"article\" \/>\n\t\t<meta property=\"og:title\" content=\"Violet Lights\u2122 Anti-Brass Shampoo - MONAT POLAND\" \/>\n\t\t<meta property=\"og:description\" content=\"--&gt;\" \/>\n\t\t<meta property=\"og:url\" content=\"https:\/\/monatglobal.com\/pl\/violet-shampoo\/\" \/>\n\t\t<meta property=\"article:published_time\" content=\"2022-12-16T20:15:21+00:00\" \/>\n\t\t<meta property=\"article:modified_time\" content=\"2026-02-19T15:34:22+00:00\" \/>\n\t\t<meta name=\"twitter:card\" content=\"summary_large_image\" \/>\n\t\t<meta name=\"twitter:title\" content=\"Violet Lights\u2122 Anti-Brass Shampoo - MONAT POLAND\" \/>\n\t\t<meta name=\"twitter:description\" content=\"--&gt;\" \/>\n\t\t<script type=\"application\/ld+json\" class=\"aioseo-schema\">\n\t\t\t{\"@context\":\"https:\\\/\\\/schema.org\",\"@graph\":[{\"@type\":\"BreadcrumbList\",\"@id\":\"https:\\\/\\\/monatglobal.com\\\/pl\\\/violet-shampoo\\\/#breadcrumblist\",\"itemListElement\":[{\"@type\":\"ListItem\",\"@id\":\"https:\\\/\\\/monatglobal.com\\\/pl#listItem\",\"position\":1,\"name\":\"Home\",\"item\":\"https:\\\/\\\/monatglobal.com\\\/pl\",\"nextItem\":{\"@type\":\"ListItem\",\"@id\":\"https:\\\/\\\/monatglobal.com\\\/pl\\\/violet-shampoo\\\/#listItem\",\"name\":\"Violet Lights\\u2122 Anti-Brass Shampoo\"}},{\"@type\":\"ListItem\",\"@id\":\"https:\\\/\\\/monatglobal.com\\\/pl\\\/violet-shampoo\\\/#listItem\",\"position\":2,\"name\":\"Violet Lights\\u2122 Anti-Brass Shampoo\",\"previousItem\":{\"@type\":\"ListItem\",\"@id\":\"https:\\\/\\\/monatglobal.com\\\/pl#listItem\",\"name\":\"Home\"}}]},{\"@type\":\"Organization\",\"@id\":\"https:\\\/\\\/monatglobal.com\\\/pl\\\/#organization\",\"name\":\"MONAT POLAND\",\"description\":\"MONAT GLOBAL\",\"url\":\"https:\\\/\\\/monatglobal.com\\\/pl\\\/\"},{\"@type\":\"WebPage\",\"@id\":\"https:\\\/\\\/monatglobal.com\\\/pl\\\/violet-shampoo\\\/#webpage\",\"url\":\"https:\\\/\\\/monatglobal.com\\\/pl\\\/violet-shampoo\\\/\",\"name\":\"Violet Lights\\u2122 Anti-Brass Shampoo - MONAT POLAND\",\"description\":\"-->\",\"inLanguage\":\"pl-PL\",\"isPartOf\":{\"@id\":\"https:\\\/\\\/monatglobal.com\\\/pl\\\/#website\"},\"breadcrumb\":{\"@id\":\"https:\\\/\\\/monatglobal.com\\\/pl\\\/violet-shampoo\\\/#breadcrumblist\"},\"image\":{\"@type\":\"ImageObject\",\"url\":\"https:\\\/\\\/monatglobal.com\\\/pl\\\/wp-content\\\/uploads\\\/sites\\\/9\\\/2026\\\/02\\\/Violet-Lights-Anti-Brass-Shampoo-ecomm-2022.png\",\"@id\":\"https:\\\/\\\/monatglobal.com\\\/pl\\\/violet-shampoo\\\/#mainImage\",\"width\":641,\"height\":800},\"primaryImageOfPage\":{\"@id\":\"https:\\\/\\\/monatglobal.com\\\/pl\\\/violet-shampoo\\\/#mainImage\"},\"datePublished\":\"2022-12-16T20:15:21+00:00\",\"dateModified\":\"2026-02-19T15:34:22+00:00\"},{\"@type\":\"WebSite\",\"@id\":\"https:\\\/\\\/monatglobal.com\\\/pl\\\/#website\",\"url\":\"https:\\\/\\\/monatglobal.com\\\/pl\\\/\",\"name\":\"MONAT POLAND\",\"description\":\"MONAT GLOBAL\",\"inLanguage\":\"pl-PL\",\"publisher\":{\"@id\":\"https:\\\/\\\/monatglobal.com\\\/pl\\\/#organization\"}}]}\n\t\t<\/script>\n\t\t<!-- All in One SEO Pro -->\r\n\t\t<title>Violet Lights\u2122 Anti-Brass Shampoo - MONAT POLAND<\/title>\n\n","aioseo_head_json":{"title":"Violet Lights\u2122 Anti-Brass Shampoo - MONAT POLAND","description":"-->","canonical_url":"https:\/\/monatglobal.com\/pl\/violet-shampoo\/","robots":"max-image-preview:large","keywords":"","webmasterTools":{"miscellaneous":""},"schema":{"@context":"https:\/\/schema.org","@graph":[{"@type":"BreadcrumbList","@id":"https:\/\/monatglobal.com\/pl\/violet-shampoo\/#breadcrumblist","itemListElement":[{"@type":"ListItem","@id":"https:\/\/monatglobal.com\/pl#listItem","position":1,"name":"Home","item":"https:\/\/monatglobal.com\/pl","nextItem":{"@type":"ListItem","@id":"https:\/\/monatglobal.com\/pl\/violet-shampoo\/#listItem","name":"Violet Lights\u2122 Anti-Brass Shampoo"}},{"@type":"ListItem","@id":"https:\/\/monatglobal.com\/pl\/violet-shampoo\/#listItem","position":2,"name":"Violet Lights\u2122 Anti-Brass Shampoo","previousItem":{"@type":"ListItem","@id":"https:\/\/monatglobal.com\/pl#listItem","name":"Home"}}]},{"@type":"Organization","@id":"https:\/\/monatglobal.com\/pl\/#organization","name":"MONAT POLAND","description":"MONAT GLOBAL","url":"https:\/\/monatglobal.com\/pl\/"},{"@type":"WebPage","@id":"https:\/\/monatglobal.com\/pl\/violet-shampoo\/#webpage","url":"https:\/\/monatglobal.com\/pl\/violet-shampoo\/","name":"Violet Lights\u2122 Anti-Brass Shampoo - MONAT POLAND","description":"-->","inLanguage":"pl-PL","isPartOf":{"@id":"https:\/\/monatglobal.com\/pl\/#website"},"breadcrumb":{"@id":"https:\/\/monatglobal.com\/pl\/violet-shampoo\/#breadcrumblist"},"image":{"@type":"ImageObject","url":"https:\/\/monatglobal.com\/pl\/wp-content\/uploads\/sites\/9\/2026\/02\/Violet-Lights-Anti-Brass-Shampoo-ecomm-2022.png","@id":"https:\/\/monatglobal.com\/pl\/violet-shampoo\/#mainImage","width":641,"height":800},"primaryImageOfPage":{"@id":"https:\/\/monatglobal.com\/pl\/violet-shampoo\/#mainImage"},"datePublished":"2022-12-16T20:15:21+00:00","dateModified":"2026-02-19T15:34:22+00:00"},{"@type":"WebSite","@id":"https:\/\/monatglobal.com\/pl\/#website","url":"https:\/\/monatglobal.com\/pl\/","name":"MONAT POLAND","description":"MONAT GLOBAL","inLanguage":"pl-PL","publisher":{"@id":"https:\/\/monatglobal.com\/pl\/#organization"}}]},"og:locale":"pl_PL","og:site_name":"MONAT POLAND - MONAT GLOBAL","og:type":"article","og:title":"Violet Lights\u2122 Anti-Brass Shampoo - MONAT POLAND","og:description":"--&gt;","og:url":"https:\/\/monatglobal.com\/pl\/violet-shampoo\/","article:published_time":"2022-12-16T20:15:21+00:00","article:modified_time":"2026-02-19T15:34:22+00:00","twitter:card":"summary_large_image","twitter:title":"Violet Lights\u2122 Anti-Brass Shampoo - MONAT POLAND","twitter:description":"--&gt;"},"aioseo_meta_data":{"post_id":"72042","title":null,"description":null,"keywords":null,"keyphrases":{"focus":{"keyphrase":"","score":0,"analysis":{"keyphraseInTitle":{"score":0,"maxScore":9,"error":1}}},"additional":[]},"primary_term":null,"canonical_url":null,"og_title":null,"og_description":null,"og_object_type":"default","og_image_type":"default","og_image_url":null,"og_image_width":null,"og_image_height":null,"og_image_custom_url":null,"og_image_custom_fields":null,"og_video":"","og_custom_url":null,"og_article_section":null,"og_article_tags":null,"twitter_use_og":false,"twitter_card":"default","twitter_image_type":"default","twitter_image_url":null,"twitter_image_custom_url":null,"twitter_image_custom_fields":null,"twitter_title":null,"twitter_description":null,"schema":{"blockGraphs":[],"customGraphs":[],"default":{"data":{"Article":[],"Course":[],"Dataset":[],"FAQPage":[],"Movie":[],"Person":[],"Product":[],"ProductReview":[],"Car":[],"Recipe":[],"Service":[],"SoftwareApplication":[],"WebPage":[]},"graphName":"WebPage","isEnabled":true},"graphs":[]},"schema_type":"default","schema_type_options":null,"pillar_content":false,"robots_default":true,"robots_noindex":false,"robots_noarchive":false,"robots_nosnippet":false,"robots_nofollow":false,"robots_noimageindex":false,"robots_noodp":false,"robots_notranslate":false,"robots_max_snippet":"-1","robots_max_videopreview":"-1","robots_max_imagepreview":"large","priority":null,"frequency":"default","local_seo":null,"seo_analyzer_scan_date":"2026-02-19 15:37:23","limit_modified_date":false,"reviewed_by":"0","open_ai":null,"ai":{"faqs":[],"keyPoints":[],"titles":[],"descriptions":[],"socialPosts":{"email":[],"linkedin":[],"twitter":[],"facebook":[],"instagram":[]}},"created":"2023-07-26 10:09:01","updated":"2026-02-19 15:37:23"},"aioseo_breadcrumb":"<div class=\"aioseo-breadcrumbs\"><span class=\"aioseo-breadcrumb\">\n\t<a href=\"https:\/\/monatglobal.com\/pl\" title=\"Home\">Home<\/a>\n<\/span><span class=\"aioseo-breadcrumb-separator\">&raquo;<\/span><span class=\"aioseo-breadcrumb\">\n\tViolet Lights\u2122 Anti-Brass Shampoo\n<\/span><\/div>","aioseo_breadcrumb_json":[{"label":"Home","link":"https:\/\/monatglobal.com\/pl"},{"label":"Violet Lights\u2122 Anti-Brass Shampoo","link":"https:\/\/monatglobal.com\/pl\/violet-shampoo\/"}],"_links":{"self":[{"href":"https:\/\/monatglobal.com\/pl\/wp-json\/wp\/v2\/pages\/72042","targetHints":{"allow":["GET"]}}],"collection":[{"href":"https:\/\/monatglobal.com\/pl\/wp-json\/wp\/v2\/pages"}],"about":[{"href":"https:\/\/monatglobal.com\/pl\/wp-json\/wp\/v2\/types\/page"}],"author":[{"embeddable":true,"href":"https:\/\/monatglobal.com\/pl\/wp-json\/wp\/v2\/users\/31"}],"replies":[{"embeddable":true,"href":"https:\/\/monatglobal.com\/pl\/wp-json\/wp\/v2\/comments?post=72042"}],"version-history":[{"count":40,"href":"https:\/\/monatglobal.com\/pl\/wp-json\/wp\/v2\/pages\/72042\/revisions"}],"predecessor-version":[{"id":109247,"href":"https:\/\/monatglobal.com\/pl\/wp-json\/wp\/v2\/pages\/72042\/revisions\/109247"}],"wp:featuredmedia":[{"embeddable":true,"href":"https:\/\/monatglobal.com\/pl\/wp-json\/wp\/v2\/media\/109245"}],"wp:attachment":[{"href":"https:\/\/monatglobal.com\/pl\/wp-json\/wp\/v2\/media?parent=72042"}],"wp:term":[{"taxonomy":"category","embeddable":true,"href":"https:\/\/monatglobal.com\/pl\/wp-json\/wp\/v2\/categories?post=72042"},{"taxonomy":"post_tag","embeddable":true,"href":"https:\/\/monatglobal.com\/pl\/wp-json\/wp\/v2\/tags?post=72042"}],"curies":[{"name":"wp","href":"https:\/\/api.w.org\/{rel}","templated":true}]}}