{"id":71922,"date":"2022-12-12T14:37:53","date_gmt":"2022-12-12T14:37:53","guid":{"rendered":"https:\/\/monatglobal.com\/pl\/?page_id=71922"},"modified":"2026-02-19T19:41:51","modified_gmt":"2026-02-19T19:41:51","slug":"volumizing-revive-shampoo","status":"publish","type":"page","link":"https:\/\/monatglobal.com\/pl\/volumizing-revive-shampoo\/","title":{"rendered":"Szampon Zwi\u0119kszaj\u0105cy Obj\u0119to\u015b\u0107 Revive\u2122"},"content":{"rendered":"\n<link rel=\"stylesheet\" href=\"https:\/\/unpkg.com\/swiper\/swiper-bundle.min.css\">\n<link rel=\"stylesheet\" href=\"https:\/\/monatglobal.com\/wp-content\/creative_css\/product_styles_sheet.css\"> \n    <!--==================================================== ECOMM SECTION ====================================================-->\n    <p>BESTSELLERY<\/p>\n        <!--==================================================== Ecomm image ====================================================-->\n        <img decoding=\"async\" src=\"https:\/\/monatglobal.com\/nz\/wp-content\/uploads\/sites\/15\/2022\/10\/volumizing-revive-shampoo-ecomm.jpg\" alt=\"Product shot of Volumizing Revive Shampoo.\" loading=\"lazy\">\n        <!--==================================================== Ecomm information  ====================================================-->\n            \n            <p>BESTSELLERY<\/p>\n            <h1>Szampon Zwi\u0119kszaj\u0105cy<br>Obj\u0119to\u015b\u0107 Revive\u2122<\/h1>\n            <p>Zawiera REJUVENIQE<sup>\u00ae<\/sup><\/p>\n            <p>Nieobci\u0105\u017caj\u0105ca formu\u0142a, kt\u00f3ra pogrubia cienkie, p\u0142askie&nbsp;kosmyki.<\/p>\n            <p>237 ml \u212e 8.0 fl. oz.<\/p>\n         <!--==================================================== pricing box ====================================================-->   \n         <p>Cena detaliczna<br>000.00 z\u0142<\/p>\n         <p>Cena dla Klient\u00f3w VIP<br>000.00 z\u0142<\/p>\n        <!--==================================================== pricing box ====================================================-->    \n            <p>Aby dowiedzie\u0107 si\u0119 wi\u0119cej na temat Szamponu Zwi\u0119kszaj\u0105cego Obj\u0119to\u015b\u0107 Revive\u2122, prosimy skontaktowa\u0107 si\u0119 ze swoim Market Partnerem&nbsp;MONAT.<\/p>\n          <a href=\"\" target=\"_blank\" role=\"button\" aria-label=\"\" rel=\"noopener\"><\/a>\n    <!--==================================================== \/ECOMM SECTION  ====================================================-->\n   <!--==================================================== Benefits image ====================================================-->\n   \n      <source media=\"(max-width: 700px)\" srcset=\"https:\/\/monatglobal.com\/nz\/wp-content\/uploads\/sites\/15\/2022\/10\/volumizing-revive-shampoo-benefits-mobile.jpg\" loading=\"lazy\">\n      <img decoding=\"async\" alt=\"Brunette female smiling and holding the Volumizing Revive Shampoo against her face.\" src=\"https:\/\/monatglobal.com\/nz\/wp-content\/uploads\/sites\/15\/2022\/10\/volumizing-revive-shampoo-benefits.jpg\" loading=\"lazy\">\n   \n   <!--==================================================== Benefits text ====================================================-->\n         <h2>ZALETY<\/h2>\n         <h3>Usuwa zanieczyszczenia, sebum i&nbsp;pozosta\u0142o\u015bci produkt\u00f3w oraz nadaje cienkim, p\u0142askim w\u0142osom obj\u0119to\u015b\u0107, mi\u0119kko\u015b\u0107 i&nbsp;l\u015bni\u0105cy&nbsp;po\u0142ysk.<\/h3>\n         <p>Utrzymuje odpowiednie nawil\u017cenie w\u0142os\u00f3w, jednocze\u015bnie wzmacnia je i&nbsp;zapobiega z\u0142amaniom podczas czesania. Odpowiedni dla wszystkich rodzaj\u00f3w w\u0142os\u00f3w o cienkiej i&nbsp;\u015bredniej teksturze, kt\u00f3re potrzebuj\u0105 uniesienia i&nbsp;zwi\u0119kszonej obj\u0119to\u015bci.<\/p>\n         <!--==================================================== features image  ====================================================-->\n         <img decoding=\"async\" alt=\"Volumizing Revive Shampoo laying on a flat surface, along with ingredients such as emon slices, coconut pieces, tomatoes, carrots and oil.\" src=\"https:\/\/monatglobal.com\/nz\/wp-content\/uploads\/sites\/15\/2022\/10\/volumizing-revive-shampoo-features.jpg\" loading=\"lazy\">\n      <!--==================================================== features text ====================================================-->\n            <h3>Cechy<\/h3>\n               <p>\/ Zawiera REJUVENIQE<sup>\u00ae<\/sup><\/p>\n               <p>\/ Formu\u0142a zwi\u0119kszaj\u0105ca obj\u0119to\u015b\u0107, wzbogacona o&nbsp;CAPIXYL\u2122<\/p>\n               <p>*Based on instrumental tests by a third-party&nbsp;laboratory. <\/p>\n               <br>\n            <p>Zapach \/ Po\u0142\u0105czenie zio\u0142owo-kwiatowego zapachu z&nbsp;nutami ja\u015bminu, cytryny, olejku neroli i&nbsp;zielonej&nbsp;herbaty.<\/p>\n            <p> Konsystencja \/ Kremowa<\/p>\n   <!--==================================================== composition image mobile ====================================================-->\n   <img decoding=\"async\" alt=\"Volumizing Revive Shampoo and Volumizing Revitalize Conditioner laying on a flat marble surface.\" src=\"https:\/\/monatglobal.com\/nz\/wp-content\/uploads\/sites\/15\/2022\/10\/Volumizing-Revive-Shampoo-standalone.jpg\" loading=\"lazy\">\n   <!--==================================================== Why it works text ====================================================-->\n      <h2>Nadaje w\u0142osom niesamowitom obj\u0119to\u015b\u0107, mi\u0119kko\u015b\u0107 i&nbsp;blask.<\/h2>\n      <h3>Zawiera mieszank\u0119 olejku REJUVENIQE<sup>\u00ae<\/sup>, ekstraktu z&nbsp;grochu i&nbsp;wega\u0144skiej substancji chroni\u0105cej przed promieniowaniem UV, kt\u00f3ra przekszta\u0142ca cienkie, p\u0142askie kosmyki w&nbsp;uniesione i&nbsp;pe\u0142ne obj\u0119to\u015bci&nbsp;w\u0142osy.<\/h3>\n<!--==================================================== Composition section ====================================================-->\n      <img decoding=\"async\" alt=\"Volumizing Revive Shampoo and Volumizing Revitalize Conditioner laying on a flat marble surface.\" src=\"https:\/\/monatglobal.com\/nz\/wp-content\/uploads\/sites\/15\/2022\/10\/Volumizing-Revive-Shampoo-standalone.jpg\" loading=\"lazy\">\n      <img decoding=\"async\" alt=\"Brunette female washing her hair in the shower with Volumizing Revive Shampoo.\" src=\"https:\/\/monatglobal.com\/nz\/wp-content\/uploads\/sites\/15\/2022\/10\/volumizing-revive-shampoo-comp2.jpg\" loading=\"lazy\">\n            <!--==================================================== Directions text ====================================================--> \n               <h3>Spos\u00f3b u\u017cycia<\/h3>\n               <p>\/ Rozprowad\u017a szampon w&nbsp;d\u0142oniach i&nbsp;na\u0142\u00f3\u017c na mokre&nbsp;w\u0142osy.<\/p>\n               <p>\/ Pozostaw na 2-3 minuty.<\/p>\n               <p>\/ Sp\u0142ucz i&nbsp;powt\u00f3rz.<\/p>\n               <p>\/ Dla uzyskania optymalnych rezultat\u00f3w stosuj w&nbsp;po\u0142\u0105czeniu z&nbsp;Od\u017cywk\u0105 Zwi\u0119kszaj\u0105c\u0105 Obj\u0119to\u015b\u0107&nbsp;Revitalize\u2122.<\/p>\n            <!--==================================================== Directions video ====================================================-->\n      <p>Damage Repair <br>Bond-Fortifying Hair Leave-In Cr\u00e8me  <br>1:28<\/p>\n      <a href=\"\" target=\"_blank\" role=\"button\" aria-label=\"\" rel=\"noopener\"><\/a>\n   <!--==================================================== Ingredients section  ====================================================-->\n      <h2>NAJWA\u017bNIEJSZE SK\u0141ADNIKI<\/h2>\n               <p>REJUVENIQE<sup>\u00ae<\/sup><\/p>\n               <p>CAPIXYL<sup>\u2122<\/sup><\/p>\n               <p>Ekstrakt z&nbsp;grochu<\/p>\n               <p>Wega\u0144ska ochrona UV<\/p>\n        <button id=\"myBtn\" type=\"button\">LISTA SK\u0141ADNIK\u00d3W<\/button>\n      <!--==================================================== Modal content  ====================================================-->\n         \u00d7\n         <p>Aqua\/Water\/Eau, Sodium C14-16 Olefin Sulfonate, Sodium Methyl Cocoyl Taurate, Lauramidopropyl Betaine, Sodium Cocoamphoacetate, Acrylates Copolymer, Cinnamidopropyltrimonium Chloride, Sodium Chloride, Hydrolyzed Rice Protein, Polyquaternium-11, Pisum Sativum (Pea) Extract, Acetyl Tetrapeptide-3, Trifolium Pratense (Clover) Flower Extract, Limnanthes Alba (Meadowfoam) Seed Oil, Crambe Abyssinica Seed Oil, Camellia Oleifera Seed Oil, Solanum Lycopersicum (Tomato) Seed Oil, Daucus Carota Sativa (Carrot) Seed Oil, Citrus Limon (Lemon) Peel Oil, Citrus Aurantifolia (Lime) Oil, Citrus Aurantium Bergamia (Bergamot) Fruit Oil, Adansonia Digitata Oil, Mauritia Flexuosa Fruit Oil, Cocos Nucifera (Coconut) Oil, Gardenia Taitensis Flower Extract, Moringa Oleifera Seed Oil, Caryocar Brasiliense Fruit Oil, Helianthus Annuus (Sunflower) Seed Oil, Glycerin, Guar Hydroxypropyltrimonium Chloride, Dextran, Glycol Distearate, Cocamidopropyl Hydroxysultaine, Sodium  Hydroxypropylphosphate Decylglucoside Crosspolymer, Sodium Hydroxypropylphosphate Laurylglucoside Crosspolymer, Lauramide MIPA, Cocamidopropyl Betaine, Propanediol, Stearyldimoniumhydroxypropyl Laurylglucosides Chloride, Propylene Glycol, Butylene Glycol, Coconut Acid, Benzoic Acid, Dehydroacetic Acid, Sodium Benzoate, Caprylhydroxamic Acid, Ethylhexylglycerin, Fragrance\/Parfum, Benzyl Alcohol, Phenoxyethanol, Glyceryl Caprylate, Citric Acid, Potassium Sorbate, Aminomethyl Propanol,  Citronellol, Limonene, Hexyl Cinnamal, Linalool.<\/p>\n   <!--==================================================== You might also like section ====================================================-->\n      <h2>INNE PRODUKTY, KT\u00d3RE MOG\u0104 CI\u0118&nbsp;ZAINTERESOWA\u0106<\/h2>\n      <!--==================================================== Slider YOU MIGHT ALSO LIKE ====================================================-->\n      <!---->\n      <!--   -->\n            <!--==================================================== Slides products ====================================================-->\n      <!--      -->\n      <!--         <a href=\"\/pl\/volumizing-revitalize-conditioner\/\" target=\"_blank\" aria-label=\"Go to Od\u017cywka Zwi\u0119kszaj\u0105ca Obj\u0119to\u015b\u0107 Revitalize\u2122 page\" rel=\"noopener\">-->\n      <!--            <img decoding=\"async\" src=\"https:\/\/monatglobal.com\/wp-content\/uploads\/2022\/12\/IR-CLINICAL-THICKENING-CONDITIONER_E_comm-min.png\" alt=\"Od\u017cywka Zwi\u0119kszaj\u0105ca Obj\u0119to\u015b\u0107 Revitalize\u2122\" loading=\"lazy\" loading=\"lazy\"\/>-->\n      <!--            <p>Od\u017cywka Zwi\u0119kszaj\u0105ca<br \/>Obj\u0119to\u015b\u0107<br \/>Revitalize\u2122<\/p>-->\n      <!--         <\/a>-->\n      <!--      -->\n      <!--      -->\n      <!--         <a href=\"https:\/\/corp.mymonat.com\/shop\/products\/monat-studio-one-volume-lift-spray-6000002083\/?globallanguage=pl&globalmarket=pl&_gl=1*aozy4m*_ga*NjgzMTgwODE4LjE2NjA5NDMxMzU.*_ga_NEVL8VM1F8*MTY3MDYwODAyOC4zMjcuMS4xNjcwNjA4NDc3LjAuMC4w\" target=\"_blank\" aria-label=\"Go to MONAT STUDIO ONE\u2122 Spray Nadaj\u0105cy Obj\u0119to\u015b\u0107 I Unosz\u0105cy W\u0142osy U Nasady page\" rel=\"noopener\">-->\n      <!--            <img decoding=\"async\" src=\"https:\/\/monatglobal.com\/wp-content\/uploads\/2022\/12\/STUDIO-ONE-VOLUME-LIFT-SPRAY_-ecomm-min.png\" alt=\"MONAT STUDIO ONE\u2122 Spray Nadaj\u0105cy Obj\u0119to\u015b\u0107 I Unosz\u0105cy W\u0142osy U Nasady\" loading=\"lazy\"\/>-->\n      <!--            <p>MONAT STUDIO ONE\u2122<br \/>Spray Nadaj\u0105cy Obj\u0119to\u015b\u0107<br \/>I Unosz\u0105cy W\u0142osy<br \/>U Nasady<\/p>-->\n      <!--         <\/a>-->\n      <!--      -->\n      <!--   -->\n         <!--==================================================== If we need navigation buttons  ====================================================-->\n      <!--   -->\n      <!--   -->\n         <!--==================================================== If we need paginations  ====================================================-->\n      <!--   -->\n      <!---->\n         <!--==================================================== If we need navigation buttons  ====================================================-->\n         <!--==================================================== If we need paginations  ====================================================-->\n    <a href=\"\" aria-label=\"\"><\/a>\n<!--==================================================== this link has to go last for it to work   ====================================================-->\n","protected":false},"excerpt":{"rendered":"<p>BESTSELLERY BESTSELLERY Szampon Zwi\u0119kszaj\u0105cyObj\u0119to\u015b\u0107 Revive\u2122 Zawiera REJUVENIQE\u00ae Nieobci\u0105\u017caj\u0105ca formu\u0142a, kt\u00f3ra pogrubia cienkie, p\u0142askie&nbsp;kosmyki. 237 ml \u212e 8.0 fl. oz. Cena detaliczna000.00 z\u0142 Cena dla Klient\u00f3w VIP000.00 z\u0142 Aby dowiedzie\u0107 si\u0119 wi\u0119cej na temat Szamponu Zwi\u0119kszaj\u0105cego Obj\u0119to\u015b\u0107 Revive\u2122, prosimy skontaktowa\u0107 si\u0119 ze swoim Market Partnerem&nbsp;MONAT. ZALETY Usuwa zanieczyszczenia, sebum i&nbsp;pozosta\u0142o\u015bci produkt\u00f3w oraz nadaje cienkim, p\u0142askim w\u0142osom&hellip;<\/p>\n","protected":false},"author":39,"featured_media":70005,"parent":0,"menu_order":0,"comment_status":"closed","ping_status":"closed","template":"","meta":{"inline_featured_image":false,"om_disable_all_campaigns":false,"_monsterinsights_skip_tracking":false,"_monsterinsights_sitenote_active":false,"_monsterinsights_sitenote_note":"","_monsterinsights_sitenote_category":0,"footnotes":""},"categories":[39],"tags":[],"class_list":["post-71922","page","type-page","status-publish","has-post-thumbnail","hentry","category-product-pl"],"aioseo_notices":[],"aioseo_head":"\n\t\t<!-- All in One SEO Pro 4.9.6 - aioseo.com -->\n\t<meta name=\"description\" content=\"BESTSELLERY --&gt;\" \/>\n\t<meta name=\"robots\" content=\"max-image-preview:large\" \/>\n\t<link rel=\"canonical\" href=\"https:\/\/monatglobal.com\/pl\/volumizing-revive-shampoo\/\" \/>\n\t<meta name=\"generator\" content=\"All in One SEO Pro (AIOSEO) 4.9.6\" \/>\n\t\t<meta property=\"og:locale\" content=\"pl_PL\" \/>\n\t\t<meta property=\"og:site_name\" content=\"MONAT POLAND - MONAT GLOBAL\" \/>\n\t\t<meta property=\"og:type\" content=\"article\" \/>\n\t\t<meta property=\"og:title\" content=\"Szampon Zwi\u0119kszaj\u0105cy Obj\u0119to\u015b\u0107 Revive\u2122\" \/>\n\t\t<meta property=\"og:description\" content=\"BESTSELLERY --&gt;\" \/>\n\t\t<meta property=\"og:url\" content=\"https:\/\/monatglobal.com\/pl\/volumizing-revive-shampoo\/\" \/>\n\t\t<meta property=\"article:published_time\" content=\"2022-12-12T14:37:53+00:00\" \/>\n\t\t<meta property=\"article:modified_time\" content=\"2026-02-19T19:41:51+00:00\" \/>\n\t\t<meta name=\"twitter:card\" content=\"summary_large_image\" \/>\n\t\t<meta name=\"twitter:title\" content=\"Szampon Zwi\u0119kszaj\u0105cy Obj\u0119to\u015b\u0107 Revive\u2122\" \/>\n\t\t<meta name=\"twitter:description\" content=\"BESTSELLERY --&gt;\" \/>\n\t\t<script type=\"application\/ld+json\" class=\"aioseo-schema\">\n\t\t\t{\"@context\":\"https:\\\/\\\/schema.org\",\"@graph\":[{\"@type\":\"BreadcrumbList\",\"@id\":\"https:\\\/\\\/monatglobal.com\\\/pl\\\/volumizing-revive-shampoo\\\/#breadcrumblist\",\"itemListElement\":[{\"@type\":\"ListItem\",\"@id\":\"https:\\\/\\\/monatglobal.com\\\/pl#listItem\",\"position\":1,\"name\":\"Home\",\"item\":\"https:\\\/\\\/monatglobal.com\\\/pl\",\"nextItem\":{\"@type\":\"ListItem\",\"@id\":\"https:\\\/\\\/monatglobal.com\\\/pl\\\/volumizing-revive-shampoo\\\/#listItem\",\"name\":\"Szampon Zwi\\u0119kszaj\\u0105cy Obj\\u0119to\\u015b\\u0107 Revive\\u2122\"}},{\"@type\":\"ListItem\",\"@id\":\"https:\\\/\\\/monatglobal.com\\\/pl\\\/volumizing-revive-shampoo\\\/#listItem\",\"position\":2,\"name\":\"Szampon Zwi\\u0119kszaj\\u0105cy Obj\\u0119to\\u015b\\u0107 Revive\\u2122\",\"previousItem\":{\"@type\":\"ListItem\",\"@id\":\"https:\\\/\\\/monatglobal.com\\\/pl#listItem\",\"name\":\"Home\"}}]},{\"@type\":\"Organization\",\"@id\":\"https:\\\/\\\/monatglobal.com\\\/pl\\\/#organization\",\"name\":\"MONAT POLAND\",\"description\":\"MONAT GLOBAL\",\"url\":\"https:\\\/\\\/monatglobal.com\\\/pl\\\/\"},{\"@type\":\"WebPage\",\"@id\":\"https:\\\/\\\/monatglobal.com\\\/pl\\\/volumizing-revive-shampoo\\\/#webpage\",\"url\":\"https:\\\/\\\/monatglobal.com\\\/pl\\\/volumizing-revive-shampoo\\\/\",\"name\":\"Szampon Zwi\\u0119kszaj\\u0105cy Obj\\u0119to\\u015b\\u0107 Revive\\u2122\",\"description\":\"BESTSELLERY -->\",\"inLanguage\":\"pl-PL\",\"isPartOf\":{\"@id\":\"https:\\\/\\\/monatglobal.com\\\/pl\\\/#website\"},\"breadcrumb\":{\"@id\":\"https:\\\/\\\/monatglobal.com\\\/pl\\\/volumizing-revive-shampoo\\\/#breadcrumblist\"},\"image\":{\"@type\":\"ImageObject\",\"url\":\"https:\\\/\\\/monatglobal.com\\\/pl\\\/wp-content\\\/uploads\\\/sites\\\/9\\\/2020\\\/06\\\/VOLUMIZING-REVIVE-SHAMPOO-500x438-1.png\",\"@id\":\"https:\\\/\\\/monatglobal.com\\\/pl\\\/volumizing-revive-shampoo\\\/#mainImage\",\"width\":438,\"height\":500},\"primaryImageOfPage\":{\"@id\":\"https:\\\/\\\/monatglobal.com\\\/pl\\\/volumizing-revive-shampoo\\\/#mainImage\"},\"datePublished\":\"2022-12-12T14:37:53+00:00\",\"dateModified\":\"2026-02-19T19:41:51+00:00\"},{\"@type\":\"WebSite\",\"@id\":\"https:\\\/\\\/monatglobal.com\\\/pl\\\/#website\",\"url\":\"https:\\\/\\\/monatglobal.com\\\/pl\\\/\",\"name\":\"MONAT POLAND\",\"description\":\"MONAT GLOBAL\",\"inLanguage\":\"pl-PL\",\"publisher\":{\"@id\":\"https:\\\/\\\/monatglobal.com\\\/pl\\\/#organization\"}}]}\n\t\t<\/script>\n\t\t<!-- All in One SEO Pro -->\r\n\t\t<title>Szampon Zwi\u0119kszaj\u0105cy Obj\u0119to\u015b\u0107 Revive\u2122<\/title>\n\n","aioseo_head_json":{"title":"Szampon Zwi\u0119kszaj\u0105cy Obj\u0119to\u015b\u0107 Revive\u2122","description":"BESTSELLERY -->","canonical_url":"https:\/\/monatglobal.com\/pl\/volumizing-revive-shampoo\/","robots":"max-image-preview:large","keywords":"","webmasterTools":{"miscellaneous":""},"schema":{"@context":"https:\/\/schema.org","@graph":[{"@type":"BreadcrumbList","@id":"https:\/\/monatglobal.com\/pl\/volumizing-revive-shampoo\/#breadcrumblist","itemListElement":[{"@type":"ListItem","@id":"https:\/\/monatglobal.com\/pl#listItem","position":1,"name":"Home","item":"https:\/\/monatglobal.com\/pl","nextItem":{"@type":"ListItem","@id":"https:\/\/monatglobal.com\/pl\/volumizing-revive-shampoo\/#listItem","name":"Szampon Zwi\u0119kszaj\u0105cy Obj\u0119to\u015b\u0107 Revive\u2122"}},{"@type":"ListItem","@id":"https:\/\/monatglobal.com\/pl\/volumizing-revive-shampoo\/#listItem","position":2,"name":"Szampon Zwi\u0119kszaj\u0105cy Obj\u0119to\u015b\u0107 Revive\u2122","previousItem":{"@type":"ListItem","@id":"https:\/\/monatglobal.com\/pl#listItem","name":"Home"}}]},{"@type":"Organization","@id":"https:\/\/monatglobal.com\/pl\/#organization","name":"MONAT POLAND","description":"MONAT GLOBAL","url":"https:\/\/monatglobal.com\/pl\/"},{"@type":"WebPage","@id":"https:\/\/monatglobal.com\/pl\/volumizing-revive-shampoo\/#webpage","url":"https:\/\/monatglobal.com\/pl\/volumizing-revive-shampoo\/","name":"Szampon Zwi\u0119kszaj\u0105cy Obj\u0119to\u015b\u0107 Revive\u2122","description":"BESTSELLERY -->","inLanguage":"pl-PL","isPartOf":{"@id":"https:\/\/monatglobal.com\/pl\/#website"},"breadcrumb":{"@id":"https:\/\/monatglobal.com\/pl\/volumizing-revive-shampoo\/#breadcrumblist"},"image":{"@type":"ImageObject","url":"https:\/\/monatglobal.com\/pl\/wp-content\/uploads\/sites\/9\/2020\/06\/VOLUMIZING-REVIVE-SHAMPOO-500x438-1.png","@id":"https:\/\/monatglobal.com\/pl\/volumizing-revive-shampoo\/#mainImage","width":438,"height":500},"primaryImageOfPage":{"@id":"https:\/\/monatglobal.com\/pl\/volumizing-revive-shampoo\/#mainImage"},"datePublished":"2022-12-12T14:37:53+00:00","dateModified":"2026-02-19T19:41:51+00:00"},{"@type":"WebSite","@id":"https:\/\/monatglobal.com\/pl\/#website","url":"https:\/\/monatglobal.com\/pl\/","name":"MONAT POLAND","description":"MONAT GLOBAL","inLanguage":"pl-PL","publisher":{"@id":"https:\/\/monatglobal.com\/pl\/#organization"}}]},"og:locale":"pl_PL","og:site_name":"MONAT POLAND - MONAT GLOBAL","og:type":"article","og:title":"Szampon Zwi\u0119kszaj\u0105cy Obj\u0119to\u015b\u0107 Revive\u2122","og:description":"BESTSELLERY --&gt;","og:url":"https:\/\/monatglobal.com\/pl\/volumizing-revive-shampoo\/","article:published_time":"2022-12-12T14:37:53+00:00","article:modified_time":"2026-02-19T19:41:51+00:00","twitter:card":"summary_large_image","twitter:title":"Szampon Zwi\u0119kszaj\u0105cy Obj\u0119to\u015b\u0107 Revive\u2122","twitter:description":"BESTSELLERY --&gt;"},"aioseo_meta_data":{"post_id":"71922","title":"Szampon Zwi\u0119kszaj\u0105cy Obj\u0119to\u015b\u0107 Revive\u2122","description":null,"keywords":null,"keyphrases":{"focus":{"keyphrase":"","score":0,"analysis":{"keyphraseInTitle":{"score":0,"maxScore":9,"error":1}}},"additional":[]},"primary_term":null,"canonical_url":null,"og_title":null,"og_description":null,"og_object_type":"default","og_image_type":"default","og_image_url":null,"og_image_width":null,"og_image_height":null,"og_image_custom_url":null,"og_image_custom_fields":null,"og_video":"","og_custom_url":null,"og_article_section":null,"og_article_tags":null,"twitter_use_og":false,"twitter_card":"default","twitter_image_type":"default","twitter_image_url":null,"twitter_image_custom_url":null,"twitter_image_custom_fields":null,"twitter_title":null,"twitter_description":null,"schema":{"blockGraphs":[],"customGraphs":[],"default":{"data":{"Article":[],"Course":[],"Dataset":[],"FAQPage":[],"Movie":[],"Person":[],"Product":[],"ProductReview":[],"Car":[],"Recipe":[],"Service":[],"SoftwareApplication":[],"WebPage":[]},"graphName":"WebPage","isEnabled":true},"graphs":[]},"schema_type":"default","schema_type_options":null,"pillar_content":false,"robots_default":true,"robots_noindex":false,"robots_noarchive":false,"robots_nosnippet":false,"robots_nofollow":false,"robots_noimageindex":false,"robots_noodp":false,"robots_notranslate":false,"robots_max_snippet":"-1","robots_max_videopreview":"-1","robots_max_imagepreview":"large","priority":null,"frequency":"default","local_seo":null,"seo_analyzer_scan_date":"2026-02-19 19:42:38","limit_modified_date":false,"reviewed_by":"0","open_ai":null,"ai":{"faqs":[],"keyPoints":[],"titles":[],"descriptions":[],"socialPosts":{"email":[],"linkedin":[],"twitter":[],"facebook":[],"instagram":[]}},"created":"2023-07-26 10:09:01","updated":"2026-02-19 19:43:48"},"aioseo_breadcrumb":"<div class=\"aioseo-breadcrumbs\"><span class=\"aioseo-breadcrumb\">\n\t<a href=\"https:\/\/monatglobal.com\/pl\" title=\"Home\">Home<\/a>\n<\/span><span class=\"aioseo-breadcrumb-separator\">&raquo;<\/span><span class=\"aioseo-breadcrumb\">\n\tSzampon Zwi\u0119kszaj\u0105cy Obj\u0119to\u015b\u0107 Revive\u2122\n<\/span><\/div>","aioseo_breadcrumb_json":[{"label":"Home","link":"https:\/\/monatglobal.com\/pl"},{"label":"Szampon Zwi\u0119kszaj\u0105cy Obj\u0119to\u015b\u0107 Revive\u2122","link":"https:\/\/monatglobal.com\/pl\/volumizing-revive-shampoo\/"}],"_links":{"self":[{"href":"https:\/\/monatglobal.com\/pl\/wp-json\/wp\/v2\/pages\/71922","targetHints":{"allow":["GET"]}}],"collection":[{"href":"https:\/\/monatglobal.com\/pl\/wp-json\/wp\/v2\/pages"}],"about":[{"href":"https:\/\/monatglobal.com\/pl\/wp-json\/wp\/v2\/types\/page"}],"author":[{"embeddable":true,"href":"https:\/\/monatglobal.com\/pl\/wp-json\/wp\/v2\/users\/39"}],"replies":[{"embeddable":true,"href":"https:\/\/monatglobal.com\/pl\/wp-json\/wp\/v2\/comments?post=71922"}],"version-history":[{"count":26,"href":"https:\/\/monatglobal.com\/pl\/wp-json\/wp\/v2\/pages\/71922\/revisions"}],"predecessor-version":[{"id":109308,"href":"https:\/\/monatglobal.com\/pl\/wp-json\/wp\/v2\/pages\/71922\/revisions\/109308"}],"wp:featuredmedia":[{"embeddable":true,"href":"https:\/\/monatglobal.com\/pl\/wp-json\/wp\/v2\/media\/70005"}],"wp:attachment":[{"href":"https:\/\/monatglobal.com\/pl\/wp-json\/wp\/v2\/media?parent=71922"}],"wp:term":[{"taxonomy":"category","embeddable":true,"href":"https:\/\/monatglobal.com\/pl\/wp-json\/wp\/v2\/categories?post=71922"},{"taxonomy":"post_tag","embeddable":true,"href":"https:\/\/monatglobal.com\/pl\/wp-json\/wp\/v2\/tags?post=71922"}],"curies":[{"name":"wp","href":"https:\/\/api.w.org\/{rel}","templated":true}]}}