{"id":71824,"date":"2022-12-01T16:20:19","date_gmt":"2022-12-01T16:20:19","guid":{"rendered":"https:\/\/monatglobal.com\/pl\/?page_id=71824"},"modified":"2025-01-24T19:44:23","modified_gmt":"2025-01-24T19:44:23","slug":"special-annual-awards","status":"publish","type":"page","link":"https:\/\/monatglobal.com\/pl\/special-annual-awards\/","title":{"rendered":"Special Annual Awards 2022"},"content":{"rendered":"\n\n            <img decoding=\"async\" src=\"https:\/\/monatglobal.com\/wp-content\/uploads\/2018\/05\/01.-Managing-market-partner.png\" loading=\"lazy\"\/>\n            <h1>Zwyci\u0119zcy corocznych<br \/> nagr\u00f3d specjalnych<br \/> w 2023 r.<\/h1>\n            <p>WATCH VIDEO<\/p>\n        <p>Coroczne nagrody Chairman&#8217;s Award, CEO&#8217;s Award i&nbsp;President&#8217;s Award s\u0105 przyznawane Market Partnerom, kt\u00f3rzy osi\u0105gn\u0119li wielki sukces i&nbsp;uosabiaj\u0105 kultur\u0119 MONAT oraz s\u0105 przyk\u0142adem dla innych. <\/p>\n         Nagrody te s\u0105 wr\u0119czane podczas corocznej ceremonii Dream Bigger podczas MONATions.\n\n                <h2>Chairman&#8217;s <br \/>Award<\/h2>\n                <hr \/>\n                <p>Presti\u017cowa nagroda Chairman&#8217;s Award jest przyznawana osobie z&nbsp;tytu\u0142em co najmniej Market Mentor, nominowanej przez innych Market Partner\u00f3w. Zwyci\u0119zca to osoba odzwierciedlaj\u0105ca idea\u0142y MONAT: dobro, \u017cyczliwo\u015b\u0107, prac\u0119 na rzecz spo\u0142ecze\u0144stwa, pokor\u0119, filantropi\u0119 i&nbsp;przyw\u00f3dztwo.<\/p>\n                <img decoding=\"async\" src=\"https:\/\/monatglobal.com\/wp-content\/uploads\/2023\/12\/chairman-award_2023-min.png\" loading=\"lazy\"\/>\n            <p>Zdobywca tej nagrody to osoba podziwiana przez innych Market Partner\u00f3w oraz b\u0119d\u0105ca dla nich wzorem; to r\u00f3wnie\u017c kto\u015b, kto wywiera pozytywny wp\u0142yw poprzez prace na rzecz swojej spo\u0142eczno\u015bci.<\/p>\n        <hr \/>\n                    <img decoding=\"async\" src=\"https:\/\/monatglobal.com\/wp-content\/uploads\/2021\/07\/USA-flag.png\" loading=\"lazy\"\/>\n                    <p>Brittany<br \/>Sauer<\/p>\n                    <h2> Chairman&#8217;s Award:<\/h2>\n                    <p>Spo\u015br\u00f3d sze\u015bciu MONATions, w kt\u00f3rych uczestniczy\u0142a Brittany &#8211; ka\u017cdego roku od rozpocz\u0119cia wsp\u00f3\u0142pracy&nbsp;z MONAT&nbsp;w 2017 r. &#8211; ostatnie wydarzenie w 2023 r. prawdopodobnie by\u0142o najbardziej wyj\u0105tkowe. <\/p>\n                    <br \/>\n                    <hr \/>\n                    <br \/>\n                    <p>To w\u0142a\u015bnie wtedy otrzyma\u0142a najwy\u017csze wyr\u00f3\u017cnienie MONAT: Chairman&#8217;s Award &#8211; nagrod\u0119 przyznawan\u0105 osobie wybranej przez innych Market Partner\u00f3w jako Bohater MONAT w&nbsp;danym roku.<\/p>\n                    <br \/>\n                    <hr \/>\n                    <br \/>\n                    <p>Brittany, Senior Executive Director, mieszka wraz z m\u0119\u017cem w Miami Beach na Florydzie i&nbsp;jest dumnym cz\u0142onkiem Million Dollar Club oraz MONAT Motor Club.<\/p>\n            <p>To w\u0142a\u015bnie wtedy otrzyma\u0142a najwy\u017csze wyr\u00f3\u017cnienie MONAT: Chairman&#8217;s Award &#8211; nagrod\u0119 przyznawan\u0105 osobie wybranej przez innych Market Partner\u00f3w jako Bohater MONAT w&nbsp;danym roku.<\/p>\n            <hr \/>\n            <p>Brittany, Senior Executive Director, mieszka wraz z m\u0119\u017cem w Miami Beach na Florydzie i&nbsp;jest dumnym cz\u0142onkiem Million Dollar Club oraz MONAT Motor Club.<\/p>\n        <hr \/>\n                <h2>CEO&#8217;s <br \/>Award<\/h2>\n                <hr \/>\n                <p>Zwyci\u0119zca tej nagrody to osoba z tytu\u0142em co najmniej Associate Executive Director, kt\u00f3ra pracuje dla MONAT od ponad roku. Osoba ta stale wykazuje zaanga\u017cowanie w rozw\u00f3j swojej dzia\u0142alno\u015bci MONAT, pokonuje przeszkody i&nbsp;pokazuje innym drog\u0119 do sukcesu.<\/p>\n                <img decoding=\"async\" src=\"https:\/\/monatglobal.com\/wp-content\/uploads\/2023\/12\/ceo-award_2023-min.png\" loading=\"lazy\"\/>\n            <p>Punkty s\u0105 przyznawane za 1., 2. lub 3. miejsce w ka\u017cdej kategorii uwzgl\u0119dnianej na corocznym wydarzeniu Dream Bigger Spectacular.<\/p>\n        <hr \/>\n                    <img decoding=\"async\" src=\"https:\/\/monatglobal.com\/wp-content\/uploads\/2021\/07\/USA-flag.png\" loading=\"lazy\"\/>\n                      <p>Jade<br \/>Free<\/p>\n                      <h2> CEO&#8217;s Award:<\/h2>\n                    \u017bona i matka mieszkaj\u0105ca w Kalifornii, Jade Free prze\u017cy\u0142a ekscytuj\u0105c\u0105 i&nbsp;pe\u0142n\u0105 sukces\u00f3w przygod\u0119 z&nbsp;MONAT od swojego rozpocz\u0119cia w&nbsp;2019 roku.\n\n                    <br \/>\n                    <hr \/>\n                    <br \/>\n                    Zdoby\u0142a cz\u0142onkostwo zar\u00f3wno w&nbsp;MONAT Motor Club, jak i&nbsp;100K Club oraz awansowa\u0142a na rang\u0119 Associate Executive Director w&nbsp;lipcu 2022&nbsp;r.\n\n<br \/>\n                    <hr \/>\n                    <br \/>\n                    Jade wzi\u0119\u0142a udzia\u0142 w&nbsp;czterech MONATions, z&nbsp;kt\u00f3rych ostatnie wydarzenie zaowocowa\u0142o nagrod\u0105 CEO&#8217;s Award 2023.\n\n            <p>Zdoby\u0142a cz\u0142onkostwo zar\u00f3wno w&nbsp;MONAT Motor Club, jak i&nbsp;100K Club oraz awansowa\u0142a na rang\u0119 Associate Executive Director w&nbsp;lipcu 2022&nbsp;r.<\/p>\n            <hr \/>\n            Jade wzi\u0119\u0142a udzia\u0142 w&nbsp;czterech MONATions, z&nbsp;kt\u00f3rych ostatnie wydarzenie zaowocowa\u0142o nagrod\u0105 CEO&#8217;s Award 2023.\n\n        <hr \/>\n                <h2>President&#8217;s <br \/>Award<\/h2>\n                <hr \/>\n                <p>President&#8217;s Award to nagroda MONAT dla \u201enowicjusza&#8221; roku, z&nbsp;tytu\u0142em co najmniej Market Mentor pracuj\u0105cego dla MONAT kr\u00f3cej ni\u017c rok. Zwyci\u0119zca lub zwyci\u0119\u017cczyni s\u0105 nagradzani za bycie przyk\u0142adem, s\u0142u\u017cenie organizacji, nastawienie na sukces i&nbsp;wspieranie&nbsp;innych.<\/p>\n                <img decoding=\"async\" src=\"https:\/\/monatglobal.com\/wp-content\/uploads\/2023\/12\/president-award_2023-min.png\" loading=\"lazy\"\/>\n            <p>Ten Market Partner jest uciele\u015bnieniem tego, do czego powinien d\u0105\u017cy\u0107 ka\u017cdy Market Partner MONAT. Zwyci\u0119zca to osoba, kt\u00f3ra osi\u0105gn\u0119\u0142a najwy\u017cszy wynik wed\u0142ug systemu punktowego. Punkty s\u0105 przyznawane za 1., 2. lub 3. miejsce w ka\u017cdej kategorii uwzgl\u0119dnianej na corocznym wydarzeniu Dream Bigger Spectacular.<\/p>\n        <hr \/>\n                    <img decoding=\"async\" src=\"https:\/\/monatglobal.com\/wp-content\/uploads\/2021\/09\/Australia-flag.png\" loading=\"lazy\"\/>\n                    <p>Malaahi <br \/>Davis<\/p>\n                        <h2>President&#8217;s Award<\/h2>\n                    <p>Wielka gwiazda w\u015br\u00f3d naszej australijskiej rodziny MONAT, Malaahi Davis rozpocz\u0119\u0142a swoj\u0105 podr\u00f3\u017c MONAT w&nbsp;grudniu 2022 roku i&nbsp;awansowa\u0142a a\u017c do rangi Managing Market Mentor w&nbsp;maju 2023 roku.<\/p>\n                    <br \/>\n                    <hr \/>\n                    <br \/>\n                    <p>Imponuj\u0105ce osi\u0105gni\u0119cie dla tej zapracowanej mamy!<\/p>\n                    <br \/>\n                    <hr \/>\n                    <br \/>\n                    <p>Zaanga\u017cowanie i&nbsp;pasja Malaahi do MONAT zainspirowa\u0142y j\u0105 do podr\u00f3\u017cy do USA na wydarzenie MONATions United 2023, gdzie zosta\u0142a uhonorowana presti\u017cow\u0105 nagrod\u0105 President&#8217;s Award.<\/p>\n            <p>Imponuj\u0105ce osi\u0105gni\u0119cie dla tej zapracowanej mamy!<\/p>\n            <hr \/>\n            <p>Zaanga\u017cowanie i&nbsp;pasja Malaahi do MONAT zainspirowa\u0142y j\u0105 do podr\u00f3\u017cy do USA na wydarzenie MONATions United 2023, gdzie zosta\u0142a uhonorowana presti\u017cow\u0105 nagrod\u0105 President&#8217;s Award.<\/p>\n            <h2>Gratulujemy wszystkim laureatkom ich niesamowitych osi\u0105gni\u0119\u0107. <\/h2>\n            <p>To dopiero pocz\u0105tek!<\/p>\n            <p>SEE OUR 2020<br \/> DREAM BIGGER<br \/> WINNERS<\/p>\n\n","protected":false},"excerpt":{"rendered":"<p>Zwyci\u0119zcy corocznych nagr\u00f3d specjalnych w 2023 r. WATCH VIDEO Coroczne nagrody Chairman&#8217;s Award, CEO&#8217;s Award i&nbsp;President&#8217;s Award s\u0105 przyznawane Market Partnerom, kt\u00f3rzy osi\u0105gn\u0119li wielki sukces i&nbsp;uosabiaj\u0105 kultur\u0119 MONAT oraz s\u0105 przyk\u0142adem dla innych. Nagrody te s\u0105 wr\u0119czane podczas corocznej ceremonii Dream Bigger podczas MONATions. Chairman&#8217;s Award Presti\u017cowa nagroda Chairman&#8217;s Award jest przyznawana osobie z&nbsp;tytu\u0142em co&hellip;<\/p>\n","protected":false},"author":33,"featured_media":0,"parent":0,"menu_order":0,"comment_status":"closed","ping_status":"closed","template":"","meta":{"inline_featured_image":false,"om_disable_all_campaigns":false,"_monsterinsights_skip_tracking":false,"_monsterinsights_sitenote_active":false,"_monsterinsights_sitenote_note":"","_monsterinsights_sitenote_category":0,"footnotes":""},"categories":[],"tags":[],"class_list":["post-71824","page","type-page","status-publish","hentry"],"aioseo_notices":[],"aioseo_head":"\n\t\t<!-- All in One SEO Pro 4.9.6 - aioseo.com -->\n\t<meta name=\"description\" content=\"Zwyci\u0119zcy corocznych nagr\u00f3d specjalnych w 2023 r. WATCH VIDEO Coroczne nagrody Chairman&#039;s Award, CEO&#039;s Award i President&#039;s Award s\u0105 przyznawane Market Partnerom, kt\u00f3rzy osi\u0105gn\u0119li wielki sukces i uosabiaj\u0105 kultur\u0119 MONAT oraz s\u0105 przyk\u0142adem dla innych. Nagrody te s\u0105 wr\u0119czane podczas corocznej ceremonii Dream Bigger podczas MONATions. Chairman&#039;s Award Presti\u017cowa nagroda Chairman&#039;s Award jest przyznawana osobie z tytu\u0142em co\" \/>\n\t<meta name=\"robots\" content=\"max-image-preview:large\" \/>\n\t<link rel=\"canonical\" href=\"https:\/\/monatglobal.com\/pl\/special-annual-awards\/\" \/>\n\t<meta name=\"generator\" content=\"All in One SEO Pro (AIOSEO) 4.9.6\" \/>\n\t\t<meta property=\"og:locale\" content=\"pl_PL\" \/>\n\t\t<meta property=\"og:site_name\" content=\"MONAT POLAND - MONAT GLOBAL\" \/>\n\t\t<meta property=\"og:type\" content=\"article\" \/>\n\t\t<meta property=\"og:title\" content=\"Special Annual Awards 2022 - MONAT POLAND\" \/>\n\t\t<meta property=\"og:description\" content=\"Zwyci\u0119zcy corocznych nagr\u00f3d specjalnych w 2023 r. WATCH VIDEO Coroczne nagrody Chairman&#039;s Award, CEO&#039;s Award i President&#039;s Award s\u0105 przyznawane Market Partnerom, kt\u00f3rzy osi\u0105gn\u0119li wielki sukces i uosabiaj\u0105 kultur\u0119 MONAT oraz s\u0105 przyk\u0142adem dla innych. Nagrody te s\u0105 wr\u0119czane podczas corocznej ceremonii Dream Bigger podczas MONATions. Chairman&#039;s Award Presti\u017cowa nagroda Chairman&#039;s Award jest przyznawana osobie z tytu\u0142em co\" \/>\n\t\t<meta property=\"og:url\" content=\"https:\/\/monatglobal.com\/pl\/special-annual-awards\/\" \/>\n\t\t<meta property=\"article:published_time\" content=\"2022-12-01T16:20:19+00:00\" \/>\n\t\t<meta property=\"article:modified_time\" content=\"2025-01-24T19:44:23+00:00\" \/>\n\t\t<meta name=\"twitter:card\" content=\"summary_large_image\" \/>\n\t\t<meta name=\"twitter:title\" content=\"Special Annual Awards 2022 - MONAT POLAND\" \/>\n\t\t<meta name=\"twitter:description\" content=\"Zwyci\u0119zcy corocznych nagr\u00f3d specjalnych w 2023 r. WATCH VIDEO Coroczne nagrody Chairman&#039;s Award, CEO&#039;s Award i President&#039;s Award s\u0105 przyznawane Market Partnerom, kt\u00f3rzy osi\u0105gn\u0119li wielki sukces i uosabiaj\u0105 kultur\u0119 MONAT oraz s\u0105 przyk\u0142adem dla innych. Nagrody te s\u0105 wr\u0119czane podczas corocznej ceremonii Dream Bigger podczas MONATions. Chairman&#039;s Award Presti\u017cowa nagroda Chairman&#039;s Award jest przyznawana osobie z tytu\u0142em co\" \/>\n\t\t<script type=\"application\/ld+json\" class=\"aioseo-schema\">\n\t\t\t{\"@context\":\"https:\\\/\\\/schema.org\",\"@graph\":[{\"@type\":\"BreadcrumbList\",\"@id\":\"https:\\\/\\\/monatglobal.com\\\/pl\\\/special-annual-awards\\\/#breadcrumblist\",\"itemListElement\":[{\"@type\":\"ListItem\",\"@id\":\"https:\\\/\\\/monatglobal.com\\\/pl#listItem\",\"position\":1,\"name\":\"Home\",\"item\":\"https:\\\/\\\/monatglobal.com\\\/pl\",\"nextItem\":{\"@type\":\"ListItem\",\"@id\":\"https:\\\/\\\/monatglobal.com\\\/pl\\\/special-annual-awards\\\/#listItem\",\"name\":\"Special Annual Awards 2022\"}},{\"@type\":\"ListItem\",\"@id\":\"https:\\\/\\\/monatglobal.com\\\/pl\\\/special-annual-awards\\\/#listItem\",\"position\":2,\"name\":\"Special Annual Awards 2022\",\"previousItem\":{\"@type\":\"ListItem\",\"@id\":\"https:\\\/\\\/monatglobal.com\\\/pl#listItem\",\"name\":\"Home\"}}]},{\"@type\":\"Organization\",\"@id\":\"https:\\\/\\\/monatglobal.com\\\/pl\\\/#organization\",\"name\":\"MONAT POLAND\",\"description\":\"MONAT GLOBAL\",\"url\":\"https:\\\/\\\/monatglobal.com\\\/pl\\\/\"},{\"@type\":\"WebPage\",\"@id\":\"https:\\\/\\\/monatglobal.com\\\/pl\\\/special-annual-awards\\\/#webpage\",\"url\":\"https:\\\/\\\/monatglobal.com\\\/pl\\\/special-annual-awards\\\/\",\"name\":\"Special Annual Awards 2022 - MONAT POLAND\",\"description\":\"Zwyci\\u0119zcy corocznych nagr\\u00f3d specjalnych w 2023 r. WATCH VIDEO Coroczne nagrody Chairman's Award, CEO's Award i President's Award s\\u0105 przyznawane Market Partnerom, kt\\u00f3rzy osi\\u0105gn\\u0119li wielki sukces i uosabiaj\\u0105 kultur\\u0119 MONAT oraz s\\u0105 przyk\\u0142adem dla innych. Nagrody te s\\u0105 wr\\u0119czane podczas corocznej ceremonii Dream Bigger podczas MONATions. Chairman's Award Presti\\u017cowa nagroda Chairman's Award jest przyznawana osobie z tytu\\u0142em co\",\"inLanguage\":\"pl-PL\",\"isPartOf\":{\"@id\":\"https:\\\/\\\/monatglobal.com\\\/pl\\\/#website\"},\"breadcrumb\":{\"@id\":\"https:\\\/\\\/monatglobal.com\\\/pl\\\/special-annual-awards\\\/#breadcrumblist\"},\"datePublished\":\"2022-12-01T16:20:19+00:00\",\"dateModified\":\"2025-01-24T19:44:23+00:00\"},{\"@type\":\"WebSite\",\"@id\":\"https:\\\/\\\/monatglobal.com\\\/pl\\\/#website\",\"url\":\"https:\\\/\\\/monatglobal.com\\\/pl\\\/\",\"name\":\"MONAT POLAND\",\"description\":\"MONAT GLOBAL\",\"inLanguage\":\"pl-PL\",\"publisher\":{\"@id\":\"https:\\\/\\\/monatglobal.com\\\/pl\\\/#organization\"}}]}\n\t\t<\/script>\n\t\t<!-- All in One SEO Pro -->\r\n\t\t<title>Special Annual Awards 2022 - MONAT POLAND<\/title>\n\n","aioseo_head_json":{"title":"Special Annual Awards 2022 - MONAT POLAND","description":"Zwyci\u0119zcy corocznych nagr\u00f3d specjalnych w 2023 r. WATCH VIDEO Coroczne nagrody Chairman's Award, CEO's Award i President's Award s\u0105 przyznawane Market Partnerom, kt\u00f3rzy osi\u0105gn\u0119li wielki sukces i uosabiaj\u0105 kultur\u0119 MONAT oraz s\u0105 przyk\u0142adem dla innych. Nagrody te s\u0105 wr\u0119czane podczas corocznej ceremonii Dream Bigger podczas MONATions. Chairman's Award Presti\u017cowa nagroda Chairman's Award jest przyznawana osobie z tytu\u0142em co","canonical_url":"https:\/\/monatglobal.com\/pl\/special-annual-awards\/","robots":"max-image-preview:large","keywords":"","webmasterTools":{"miscellaneous":""},"schema":{"@context":"https:\/\/schema.org","@graph":[{"@type":"BreadcrumbList","@id":"https:\/\/monatglobal.com\/pl\/special-annual-awards\/#breadcrumblist","itemListElement":[{"@type":"ListItem","@id":"https:\/\/monatglobal.com\/pl#listItem","position":1,"name":"Home","item":"https:\/\/monatglobal.com\/pl","nextItem":{"@type":"ListItem","@id":"https:\/\/monatglobal.com\/pl\/special-annual-awards\/#listItem","name":"Special Annual Awards 2022"}},{"@type":"ListItem","@id":"https:\/\/monatglobal.com\/pl\/special-annual-awards\/#listItem","position":2,"name":"Special Annual Awards 2022","previousItem":{"@type":"ListItem","@id":"https:\/\/monatglobal.com\/pl#listItem","name":"Home"}}]},{"@type":"Organization","@id":"https:\/\/monatglobal.com\/pl\/#organization","name":"MONAT POLAND","description":"MONAT GLOBAL","url":"https:\/\/monatglobal.com\/pl\/"},{"@type":"WebPage","@id":"https:\/\/monatglobal.com\/pl\/special-annual-awards\/#webpage","url":"https:\/\/monatglobal.com\/pl\/special-annual-awards\/","name":"Special Annual Awards 2022 - MONAT POLAND","description":"Zwyci\u0119zcy corocznych nagr\u00f3d specjalnych w 2023 r. WATCH VIDEO Coroczne nagrody Chairman's Award, CEO's Award i President's Award s\u0105 przyznawane Market Partnerom, kt\u00f3rzy osi\u0105gn\u0119li wielki sukces i uosabiaj\u0105 kultur\u0119 MONAT oraz s\u0105 przyk\u0142adem dla innych. Nagrody te s\u0105 wr\u0119czane podczas corocznej ceremonii Dream Bigger podczas MONATions. Chairman's Award Presti\u017cowa nagroda Chairman's Award jest przyznawana osobie z tytu\u0142em co","inLanguage":"pl-PL","isPartOf":{"@id":"https:\/\/monatglobal.com\/pl\/#website"},"breadcrumb":{"@id":"https:\/\/monatglobal.com\/pl\/special-annual-awards\/#breadcrumblist"},"datePublished":"2022-12-01T16:20:19+00:00","dateModified":"2025-01-24T19:44:23+00:00"},{"@type":"WebSite","@id":"https:\/\/monatglobal.com\/pl\/#website","url":"https:\/\/monatglobal.com\/pl\/","name":"MONAT POLAND","description":"MONAT GLOBAL","inLanguage":"pl-PL","publisher":{"@id":"https:\/\/monatglobal.com\/pl\/#organization"}}]},"og:locale":"pl_PL","og:site_name":"MONAT POLAND - MONAT GLOBAL","og:type":"article","og:title":"Special Annual Awards 2022 - MONAT POLAND","og:description":"Zwyci\u0119zcy corocznych nagr\u00f3d specjalnych w 2023 r. WATCH VIDEO Coroczne nagrody Chairman's Award, CEO's Award i President's Award s\u0105 przyznawane Market Partnerom, kt\u00f3rzy osi\u0105gn\u0119li wielki sukces i uosabiaj\u0105 kultur\u0119 MONAT oraz s\u0105 przyk\u0142adem dla innych. Nagrody te s\u0105 wr\u0119czane podczas corocznej ceremonii Dream Bigger podczas MONATions. Chairman's Award Presti\u017cowa nagroda Chairman's Award jest przyznawana osobie z tytu\u0142em co","og:url":"https:\/\/monatglobal.com\/pl\/special-annual-awards\/","article:published_time":"2022-12-01T16:20:19+00:00","article:modified_time":"2025-01-24T19:44:23+00:00","twitter:card":"summary_large_image","twitter:title":"Special Annual Awards 2022 - MONAT POLAND","twitter:description":"Zwyci\u0119zcy corocznych nagr\u00f3d specjalnych w 2023 r. WATCH VIDEO Coroczne nagrody Chairman's Award, CEO's Award i President's Award s\u0105 przyznawane Market Partnerom, kt\u00f3rzy osi\u0105gn\u0119li wielki sukces i uosabiaj\u0105 kultur\u0119 MONAT oraz s\u0105 przyk\u0142adem dla innych. Nagrody te s\u0105 wr\u0119czane podczas corocznej ceremonii Dream Bigger podczas MONATions. Chairman's Award Presti\u017cowa nagroda Chairman's Award jest przyznawana osobie z tytu\u0142em co"},"aioseo_meta_data":{"post_id":"71824","title":null,"description":null,"keywords":null,"keyphrases":null,"primary_term":null,"canonical_url":null,"og_title":null,"og_description":null,"og_object_type":"default","og_image_type":"default","og_image_url":null,"og_image_width":null,"og_image_height":null,"og_image_custom_url":null,"og_image_custom_fields":null,"og_video":null,"og_custom_url":null,"og_article_section":null,"og_article_tags":null,"twitter_use_og":false,"twitter_card":"default","twitter_image_type":"default","twitter_image_url":null,"twitter_image_custom_url":null,"twitter_image_custom_fields":null,"twitter_title":null,"twitter_description":null,"schema":{"blockGraphs":[],"customGraphs":[],"default":{"data":{"Article":[],"Course":[],"Dataset":[],"FAQPage":[],"Movie":[],"Person":[],"Product":[],"ProductReview":[],"Car":[],"Recipe":[],"Service":[],"SoftwareApplication":[],"WebPage":[]},"graphName":"WebPage","isEnabled":true},"graphs":[]},"schema_type":"default","schema_type_options":null,"pillar_content":false,"robots_default":true,"robots_noindex":false,"robots_noarchive":false,"robots_nosnippet":false,"robots_nofollow":false,"robots_noimageindex":false,"robots_noodp":false,"robots_notranslate":false,"robots_max_snippet":null,"robots_max_videopreview":null,"robots_max_imagepreview":"large","priority":null,"frequency":null,"local_seo":null,"seo_analyzer_scan_date":"2025-08-15 05:36:55","limit_modified_date":false,"reviewed_by":null,"open_ai":null,"ai":null,"created":"2023-07-26 10:08:09","updated":"2026-02-10 05:23:48"},"aioseo_breadcrumb":"<div class=\"aioseo-breadcrumbs\"><span class=\"aioseo-breadcrumb\">\n\t<a href=\"https:\/\/monatglobal.com\/pl\" title=\"Home\">Home<\/a>\n<\/span><span class=\"aioseo-breadcrumb-separator\">&raquo;<\/span><span class=\"aioseo-breadcrumb\">\n\tSpecial Annual Awards 2022\n<\/span><\/div>","aioseo_breadcrumb_json":[{"label":"Home","link":"https:\/\/monatglobal.com\/pl"},{"label":"Special Annual Awards 2022","link":"https:\/\/monatglobal.com\/pl\/special-annual-awards\/"}],"_links":{"self":[{"href":"https:\/\/monatglobal.com\/pl\/wp-json\/wp\/v2\/pages\/71824","targetHints":{"allow":["GET"]}}],"collection":[{"href":"https:\/\/monatglobal.com\/pl\/wp-json\/wp\/v2\/pages"}],"about":[{"href":"https:\/\/monatglobal.com\/pl\/wp-json\/wp\/v2\/types\/page"}],"author":[{"embeddable":true,"href":"https:\/\/monatglobal.com\/pl\/wp-json\/wp\/v2\/users\/33"}],"replies":[{"embeddable":true,"href":"https:\/\/monatglobal.com\/pl\/wp-json\/wp\/v2\/comments?post=71824"}],"version-history":[{"count":9,"href":"https:\/\/monatglobal.com\/pl\/wp-json\/wp\/v2\/pages\/71824\/revisions"}],"predecessor-version":[{"id":86261,"href":"https:\/\/monatglobal.com\/pl\/wp-json\/wp\/v2\/pages\/71824\/revisions\/86261"}],"wp:attachment":[{"href":"https:\/\/monatglobal.com\/pl\/wp-json\/wp\/v2\/media?parent=71824"}],"wp:term":[{"taxonomy":"category","embeddable":true,"href":"https:\/\/monatglobal.com\/pl\/wp-json\/wp\/v2\/categories?post=71824"},{"taxonomy":"post_tag","embeddable":true,"href":"https:\/\/monatglobal.com\/pl\/wp-json\/wp\/v2\/tags?post=71824"}],"curies":[{"name":"wp","href":"https:\/\/api.w.org\/{rel}","templated":true}]}}