{"id":71811,"date":"2022-12-07T13:32:38","date_gmt":"2022-12-07T13:32:38","guid":{"rendered":"https:\/\/monatglobal.com\/pl\/?page_id=71811"},"modified":"2026-03-10T16:31:05","modified_gmt":"2026-03-10T16:31:05","slug":"advanced-hydrating-conditioner","status":"publish","type":"page","link":"https:\/\/monatglobal.com\/pl\/advanced-hydrating-conditioner\/","title":{"rendered":"Od\u017cywka Zaawansowane\u00a0Nawodnienie"},"content":{"rendered":"\n\n\t<link rel=\"stylesheet\" href=\"https:\/\/cdn.jsdelivr.net\/npm\/swiper@8\/swiper-bundle.min.css\" \/>\n<link rel=\"stylesheet\" href=\"\/wp-content\/creative_css\/product_styles_sheet.css\" \/> \n    <!--==================================================== ECOMM SECTION ====================================================-->\n        <!--==================================================== Ecomm image ====================================================-->\n        <img decoding=\"async\" src=\"\/nz\/wp-content\/uploads\/sites\/15\/2022\/10\/Adavance-Hydrating-Conditioner-Ecomm-.png\" alt=\"Product shot of Advanced Hydrating Conditioner.\" loading=\"lazy\"\/>\n        <!--==================================================== Ecomm information  ====================================================-->\n            \n            <h1>Od\u017cywka Zaawansowane<br \/>Nawodnienie<\/h1>\n            <p>Z dodatkiem REJUVENIQE S\u2122<\/p>\n            <p>Lekka od\u017cywka nawil\u017caj\u0105ca dla suchych w\u0142os\u00f3w<\/p> \n            <p>178 ml e \/ 6 fl. oz.<\/p>\n        <!--==================================================== pricing box ====================================================-->  \n         <p>Cena detaliczna<br \/>000.00 z\u0142<\/p>\n         <p>Cena dla Klient\u00f3w VIP<br \/>000.00 z\u0142<\/p>\n        <!--==================================================== pricing box ====================================================-->   \n            <p>Aby dowiedzie\u0107 si\u0119 wi\u0119cej na temat Od\u017cywki Zaawansowane Nawodnienie, prosimy skontaktowa\u0107 si\u0119 ze swoim Market Partnerem MONAT.<\/p>\n          <a href=\"\" target=\"_blank\" role=\"button\" aria-label=\"\"><\/a>\n    <!--==================================================== \/ECOMM SECTION  ====================================================-->\n   <!--==================================================== Benefits image ====================================================-->\n   \n      <source media=\"(max-width: 700px)\" srcset=\"\/nz\/wp-content\/uploads\/sites\/15\/2022\/10\/Advance-Hydrating-Conditioner-Mobile.jpg\" loading=\"lazy\"\/>\n      <img decoding=\"async\" alt=\"Brunette female smiling and holding the Advanced Hydrating Conditioner.\" src=\"\/nz\/wp-content\/uploads\/sites\/15\/2022\/10\/Advance-Conditioner-Benefits-Desk.jpg\" loading=\"lazy\"\/>\n   \n   <!--==================================================== Benefits text ====================================================-->\n         <h2>ZALETY<\/h2>\n         <h3>Lekko nawil\u017ca suche w\u0142osy dzi\u0119ki technologii opartej na kwasie hialuronowym, kt\u00f3ry chroni w\u0142osy przed wysuszeniem i utrat\u0105 wilgoci.<\/h3>\n         <p> Idealna do w\u0142os\u00f3w cienkich i tych o \u015bredniej teksturze, \u015bwietnie sprawdza si\u0119 do wszystkich rodzaj\u00f3w w\u0142os\u00f3w, bezpieczna dla w\u0142os\u00f3w farbowanych, przetestowana okulistycznie i dermatologicznie.<\/p>\n         <!--==================================================== features image  ====================================================-->\n         <img decoding=\"async\" alt=\"Advanced Hydrating Conditioner laying on a flat surface, along with ingredients such as carrots, tomatoes and oil.\" \n         src=\"\/nz\/wp-content\/uploads\/sites\/15\/2022\/10\/Adavance-Hydrating-Conditioner-Features.jpg\" loading=\"lazy\"\/>\n      <!--==================================================== features text ====================================================-->\n            <h3>Cechy<\/h3>\n               <p>\/ Zawiera technologi\u0119 opart\u0105 na kwasie hialuronowym, kt\u00f3ra zapewnia odpowiednie nawil\u017cenie i nawodnienie, daj\u0105c w efekcie g\u0142adkie, mi\u0119kkie i l\u015bni\u0105ce w\u0142osy<\/p>\n               <p>\/ Naturalnie pozyskiwane olejki ro\u015blinne i owocowe dostarczaj\u0105 w\u0142osom nawil\u017cenie<\/p>\n               <p>\/ Sk\u0142adniki bogate w kwasy omega, pomagaj\u0105 nawil\u017cy\u0107 i wyg\u0142adzi\u0107 w\u0142osy oraz u\u0142atwiaj\u0105 ich uk\u0142adanie<\/p>\n               <p>*Based on instrumental tests by a third-party laboratory. <\/p>\n               <br \/>\n            <p>Zapach \/ Zawiera nuty czerwonej pomara\u0144czy, \u0142upiny kokosa, orzecha nerkowca oraz drzewa sanda\u0142owego.<\/p>\n            <p> Konsystencja \/ Kremowa<\/p>\n   <!--==================================================== composition image mobile ====================================================-->\n   <img decoding=\"async\" alt=\"AAdvanced Hydrating Conditioner laying on a flat surface next to a white bath towel and Advanced Hydating Shampoo.\" src=\"\/nz\/wp-content\/uploads\/sites\/15\/2022\/10\/Adavance-Hydrating-Conditioner-Comp1.jpg\" loading=\"lazy\"\/>\n   <!--==================================================== Why it works text ====================================================-->\n      <h2>Unikalna technologia MONAT przywraca r\u00f3wnowag\u0119 oraz mi\u0119kko\u015b\u0107 cienkim w\u0142osom i tym o \u015bredniej g\u0119sto\u015bci.<\/h2>\n      <h3>Nieobci\u0105\u017caj\u0105ca od\u017cywka zawiera unikaln\u0105 technologi\u0119 MONAT, kt\u00f3ra dostarcza w\u0142osom natychmiastowe nawil\u017cenie, dzi\u0119ki czemu staj\u0105 si\u0119 bardziej l\u015bni\u0105ce i mi\u0119kkie w dotyku.<\/h3>\n<!--==================================================== Composition section ====================================================-->\n      <img decoding=\"async\" alt=\"Advanced Hydrating Conditioner laying on a flat surface next to a white bath towel and Advanced Hydating Shampoo.\" src=\"\/nz\/wp-content\/uploads\/sites\/15\/2022\/10\/Adavance-Hydrating-Conditioner-Comp1.jpg\" loading=\"lazy\"\/>\n      <img decoding=\"async\" alt=\"Brunette female washing her hair in the shower with Advanced Hydrating Conditioner, overlaying a texture shot of Advanced Hydrating Conditioner.\" src=\"\/nz\/wp-content\/uploads\/sites\/15\/2022\/10\/Adavance-Conditioner-Comp2.jpg\" loading=\"lazy\"\/>\n            <!--==================================================== Directions text ====================================================--> \n               <h3>Spos\u00f3b u\u017cycia<\/h3>\n               <p>\/ Umyj w\u0142osy Szamponem Zaawansowane Nawodnienie od MONAT.<\/p>\n               <p>\/ Delikatnie wyci\u015bnij nadmiar wody z w\u0142os\u00f3w. <\/p>\n               <p>\/ Nast\u0119pnie zastosuj Od\u017cywk\u0119 Zaawansowane Nawodnienie od MONAT.<\/p>\n               <p>\/ Dobrze sp\u0142ucz.<\/p>\n            <!--==================================================== Directions video ====================================================-->\n      <p>Damage Repair <br \/>Bond-Fortifying Hair Leave-In Cr\u00e8me  <br \/>1:28<\/p>\n      <a href=\"\" target=\"_blank\"  role=\"button\" aria-label=\"\"><\/a>\n   <!--==================================================== Ingredients section  ====================================================-->\n      <h2>NAJWA\u017bNIEJSZE SK\u0141ADNIKI<\/h2>\n                <img decoding=\"async\" src=\"\/wp-content\/uploads\/2022\/11\/REJUVENIQES.svg\" alt=\"REJUVENIQE S\u2122\"\/>\n               <p>REJUVENIQE S\u2122<\/p>\n               <img decoding=\"async\" src=\"\/wp-content\/uploads\/2022\/11\/Hyaluronic-acid.svg\" alt=\"Technologia kwasu hialuronowego\"\/>\n               <p>Technologia kwasu hialuronowego<\/p>\n                <img decoding=\"async\" src=\"\/wp-content\/uploads\/2022\/11\/Vegetable-Derived-Protein.svg\" alt=\"Proteina ro\u015blinna\"\/>\n               <p>Proteina ro\u015blinna<\/p>\n        <button id=\"myBtn\" type=\"button\">LISTA SK\u0141ADNIK\u00d3W<\/button>\n      <!--==================================================== Modal content  ====================================================-->\n         &times;\n         <p>Aqua\/Water\/Eau, Cetearyl Alcohol, Astrocaryum Murumuru Seed Butter, Brassicamidopropyl Dimethylamine, Behentrimonium Chloride, Orbignya Speciosa Kernel Oil, Cetyl Alcohol, Acetyl Tetrapeptide-3, Trifolium Pratense (Clover) Flower Extract, Adansonia Digitata Oil, Mauritia Flexuosa Fruit Oil, Cocos Nucifera (Coconut) Oil, Gardenia Taitensis Flower Extract, Caryocar Brasiliense Fruit Oil, Dextran, Simmondsia Chinensis (Jojoba) Seed Extract, Pisum Sativum (Pea) Extract, Potassium Phosphate, Citrus Aurantifolia (Lime) Oil, Citrus Aurantium Bergamia (Bergamot) Fruit Oil, Sodium Phosphate, Tocopherol, Silica Dimethyl Silylate, Camellia Oleifera Seed Oil, Olea Europaea (Olive) Fruit Oil, Solanum Lycopersicum (Tomato) Seed Oil, Daucus Carota Sativa (Carrot) Seed Oil, Citrus Limon (Lemon) Peel Oil, Glyceryl Polyacrylate, Algin, Caprylyl Glycol, Sodium Hyaluronate, Pullulan, Hydrated Silica, Disodium Phosphate, Crambe Abyssinica Seed Oil, Serine, Pentylene Glycol, Butylene Glycol, Centella Asiatica Extract, Curcuma Longa (Turmeric) Root Extract, Zingiber Officinale (Ginger) Root Oil, Moringa Oleifera Seed Oil, Limnanthes Alba (Meadowfoam) Seed Oil, Cinnamidopropyltrimonium Chloride, Trehalose, Urea, Glycerin, Cetyl Hydroxyethylcellulose, Panthenol, Hydrolyzed Pea Protein, Hydrolyzed Vegetable Protein, Polyquaternium-7, Ethylhexylglycerin, Cetearyl Glucoside, Helianthus Annuus (Sunflower) Seed Oil, Fragrance\/Parfum, Citric Acid, Potassium Sorbate, Benzyl Alcohol, Sodium Benzoate, Limonene.<\/p>\n   <!--==================================================== You might also like section ====================================================-->\n      <h2>INNE PRODUKTY, KT\u00d3RE MOG\u0104 CI\u0118 ZAINTERESOWA\u0106<\/h2>\n      <!--==================================================== Slider YOU MIGHT ALSO LIKE ====================================================-->\n      <!---->\n      <!--   -->\n            <!--==================================================== Slides products ====================================================-->\n      <!--      -->\n      <!--         <a href=\"\/pl\/advanced-hydrating-shampoo\/\" aria-label=\"Go to Szampon Zaawansowane Nawodnienie page\">-->\n      <!--            <img decoding=\"async\" src=\"\/wp-content\/uploads\/2022\/12\/Advance-hydrating-shampoo-ecomm-min.png\" alt=\"Szampon Zaawansowane Nawodnienie\" loading=\"lazy\"\/>-->\n      <!--            <p>Szampon Zaawansowane<br \/>Nawodnienie<\/p>-->\n      <!--         <\/a>-->\n      <!--      -->\n      <!--      -->\n      <!--         <a href=\"https:\/\/corp.mymonat.com\/shop\/products\/monat-studio-one-volume-lift-spray-6000005303?globallanguage=pl&globalmarket=pl\" target=\"_blank\" aria-label=\"Go to MONAT STUDIO ONE\u2122 Spray Nadaj\u0105cy Obj\u0119to\u015b\u0107 I Unosz\u0105cy W\u0142osy U Nasady page\">-->\n      <!--            <img decoding=\"async\" src=\"https:\/\/monatglobal.com\/wp-content\/uploads\/2022\/12\/STUDIO-ONE-VOLUME-LIFT-SPRAY_-ecomm-min.png\" alt=\"MONAT STUDIO ONE\u2122 Spray Nadaj\u0105cy Obj\u0119to\u015b\u0107 I Unosz\u0105cy W\u0142osy U Nasady\" loading=\"lazy\"\/>-->\n      <!--            <p>MONAT STUDIO ONE\u2122<br \/>Spray Nadaj\u0105cy Obj\u0119to\u015b\u0107<br \/>I Unosz\u0105cy W\u0142osy U Nasady<\/p>-->\n      <!--         <\/a>-->\n      <!--      -->\n      <!--   -->\n         <!--==================================================== If we need navigation buttons  ====================================================-->\n      <!--   -->\n      <!--   -->\n         <!--==================================================== If we need paginations  ====================================================-->\n      <!--   -->\n      <!---->\n         <!--==================================================== If we need navigation buttons  ====================================================-->\n         <!--==================================================== If we need paginations  ====================================================-->\n    <a href=\"\" aria-label=\"\"><\/a>\n<!--==================================================== this link has to go last for it to work   ====================================================-->\n\n","protected":false},"excerpt":{"rendered":"<p>Od\u017cywka ZaawansowaneNawodnienie Z dodatkiem REJUVENIQE S\u2122 Lekka od\u017cywka nawil\u017caj\u0105ca dla suchych w\u0142os\u00f3w 178 ml e \/ 6 fl. oz. Cena detaliczna000.00 z\u0142 Cena dla Klient\u00f3w VIP000.00 z\u0142 Aby dowiedzie\u0107 si\u0119 wi\u0119cej na temat Od\u017cywki Zaawansowane Nawodnienie, prosimy skontaktowa\u0107 si\u0119 ze swoim Market Partnerem MONAT. ZALETY Lekko nawil\u017ca suche w\u0142osy dzi\u0119ki technologii opartej na kwasie hialuronowym,&hellip;<\/p>\n","protected":false},"author":39,"featured_media":109277,"parent":0,"menu_order":0,"comment_status":"closed","ping_status":"closed","template":"","meta":{"inline_featured_image":false,"om_disable_all_campaigns":false,"_monsterinsights_skip_tracking":false,"_monsterinsights_sitenote_active":false,"_monsterinsights_sitenote_note":"","_monsterinsights_sitenote_category":0,"footnotes":""},"categories":[39],"tags":[],"class_list":["post-71811","page","type-page","status-publish","has-post-thumbnail","hentry","category-product-pl"],"aioseo_notices":[],"aioseo_head":"\n\t\t<!-- All in One SEO Pro 4.9.6 - aioseo.com -->\n\t<meta name=\"description\" content=\"Od\u017cywka ZaawansowaneNawodnienie Z dodatkiem REJUVENIQE S\u2122 Lekka od\u017cywka nawil\u017caj\u0105ca dla suchych w\u0142os\u00f3w 178 ml e \/ 6 fl. oz. Cena detaliczna000.00 z\u0142 Cena dla Klient\u00f3w VIP000.00 z\u0142 Aby dowiedzie\u0107 si\u0119 wi\u0119cej na temat Od\u017cywki Zaawansowane Nawodnienie, prosimy skontaktowa\u0107 si\u0119 ze swoim Market Partnerem MONAT. ZALETY Lekko nawil\u017ca suche w\u0142osy dzi\u0119ki technologii opartej na kwasie hialuronowym,\" \/>\n\t<meta name=\"robots\" content=\"max-image-preview:large\" \/>\n\t<link rel=\"canonical\" href=\"https:\/\/monatglobal.com\/pl\/advanced-hydrating-conditioner\/\" \/>\n\t<meta name=\"generator\" content=\"All in One SEO Pro (AIOSEO) 4.9.6\" \/>\n\t\t<meta property=\"og:locale\" content=\"pl_PL\" \/>\n\t\t<meta property=\"og:site_name\" content=\"MONAT POLAND - MONAT GLOBAL\" \/>\n\t\t<meta property=\"og:type\" content=\"article\" \/>\n\t\t<meta property=\"og:title\" content=\"Od\u017cywka Zaawansowane Nawodnienie\" \/>\n\t\t<meta property=\"og:description\" content=\"Od\u017cywka ZaawansowaneNawodnienie Z dodatkiem REJUVENIQE S\u2122 Lekka od\u017cywka nawil\u017caj\u0105ca dla suchych w\u0142os\u00f3w 178 ml e \/ 6 fl. oz. Cena detaliczna000.00 z\u0142 Cena dla Klient\u00f3w VIP000.00 z\u0142 Aby dowiedzie\u0107 si\u0119 wi\u0119cej na temat Od\u017cywki Zaawansowane Nawodnienie, prosimy skontaktowa\u0107 si\u0119 ze swoim Market Partnerem MONAT. ZALETY Lekko nawil\u017ca suche w\u0142osy dzi\u0119ki technologii opartej na kwasie hialuronowym,\" \/>\n\t\t<meta property=\"og:url\" content=\"https:\/\/monatglobal.com\/pl\/advanced-hydrating-conditioner\/\" \/>\n\t\t<meta property=\"article:published_time\" content=\"2022-12-07T13:32:38+00:00\" \/>\n\t\t<meta property=\"article:modified_time\" content=\"2026-03-10T16:31:05+00:00\" \/>\n\t\t<meta name=\"twitter:card\" content=\"summary_large_image\" \/>\n\t\t<meta name=\"twitter:title\" content=\"Od\u017cywka Zaawansowane Nawodnienie\" \/>\n\t\t<meta name=\"twitter:description\" content=\"Od\u017cywka ZaawansowaneNawodnienie Z dodatkiem REJUVENIQE S\u2122 Lekka od\u017cywka nawil\u017caj\u0105ca dla suchych w\u0142os\u00f3w 178 ml e \/ 6 fl. oz. Cena detaliczna000.00 z\u0142 Cena dla Klient\u00f3w VIP000.00 z\u0142 Aby dowiedzie\u0107 si\u0119 wi\u0119cej na temat Od\u017cywki Zaawansowane Nawodnienie, prosimy skontaktowa\u0107 si\u0119 ze swoim Market Partnerem MONAT. ZALETY Lekko nawil\u017ca suche w\u0142osy dzi\u0119ki technologii opartej na kwasie hialuronowym,\" \/>\n\t\t<script type=\"application\/ld+json\" class=\"aioseo-schema\">\n\t\t\t{\"@context\":\"https:\\\/\\\/schema.org\",\"@graph\":[{\"@type\":\"BreadcrumbList\",\"@id\":\"https:\\\/\\\/monatglobal.com\\\/pl\\\/advanced-hydrating-conditioner\\\/#breadcrumblist\",\"itemListElement\":[{\"@type\":\"ListItem\",\"@id\":\"https:\\\/\\\/monatglobal.com\\\/pl#listItem\",\"position\":1,\"name\":\"Home\",\"item\":\"https:\\\/\\\/monatglobal.com\\\/pl\",\"nextItem\":{\"@type\":\"ListItem\",\"@id\":\"https:\\\/\\\/monatglobal.com\\\/pl\\\/advanced-hydrating-conditioner\\\/#listItem\",\"name\":\"Od\\u017cywka Zaawansowane\\u00a0Nawodnienie\"}},{\"@type\":\"ListItem\",\"@id\":\"https:\\\/\\\/monatglobal.com\\\/pl\\\/advanced-hydrating-conditioner\\\/#listItem\",\"position\":2,\"name\":\"Od\\u017cywka Zaawansowane\\u00a0Nawodnienie\",\"previousItem\":{\"@type\":\"ListItem\",\"@id\":\"https:\\\/\\\/monatglobal.com\\\/pl#listItem\",\"name\":\"Home\"}}]},{\"@type\":\"Organization\",\"@id\":\"https:\\\/\\\/monatglobal.com\\\/pl\\\/#organization\",\"name\":\"MONAT POLAND\",\"description\":\"MONAT GLOBAL\",\"url\":\"https:\\\/\\\/monatglobal.com\\\/pl\\\/\"},{\"@type\":\"WebPage\",\"@id\":\"https:\\\/\\\/monatglobal.com\\\/pl\\\/advanced-hydrating-conditioner\\\/#webpage\",\"url\":\"https:\\\/\\\/monatglobal.com\\\/pl\\\/advanced-hydrating-conditioner\\\/\",\"name\":\"Od\\u017cywka Zaawansowane Nawodnienie\",\"description\":\"Od\\u017cywka ZaawansowaneNawodnienie Z dodatkiem REJUVENIQE S\\u2122 Lekka od\\u017cywka nawil\\u017caj\\u0105ca dla suchych w\\u0142os\\u00f3w 178 ml e \\\/ 6 fl. oz. Cena detaliczna000.00 z\\u0142 Cena dla Klient\\u00f3w VIP000.00 z\\u0142 Aby dowiedzie\\u0107 si\\u0119 wi\\u0119cej na temat Od\\u017cywki Zaawansowane Nawodnienie, prosimy skontaktowa\\u0107 si\\u0119 ze swoim Market Partnerem MONAT. ZALETY Lekko nawil\\u017ca suche w\\u0142osy dzi\\u0119ki technologii opartej na kwasie hialuronowym,\",\"inLanguage\":\"pl-PL\",\"isPartOf\":{\"@id\":\"https:\\\/\\\/monatglobal.com\\\/pl\\\/#website\"},\"breadcrumb\":{\"@id\":\"https:\\\/\\\/monatglobal.com\\\/pl\\\/advanced-hydrating-conditioner\\\/#breadcrumblist\"},\"image\":{\"@type\":\"ImageObject\",\"url\":\"https:\\\/\\\/monatglobal.com\\\/pl\\\/wp-content\\\/uploads\\\/sites\\\/9\\\/2026\\\/02\\\/ADVANCED-HYDRATING-CONDITIONER-500x438-1.png\",\"@id\":\"https:\\\/\\\/monatglobal.com\\\/pl\\\/advanced-hydrating-conditioner\\\/#mainImage\",\"width\":438,\"height\":500},\"primaryImageOfPage\":{\"@id\":\"https:\\\/\\\/monatglobal.com\\\/pl\\\/advanced-hydrating-conditioner\\\/#mainImage\"},\"datePublished\":\"2022-12-07T13:32:38+00:00\",\"dateModified\":\"2026-03-10T16:31:05+00:00\"},{\"@type\":\"WebSite\",\"@id\":\"https:\\\/\\\/monatglobal.com\\\/pl\\\/#website\",\"url\":\"https:\\\/\\\/monatglobal.com\\\/pl\\\/\",\"name\":\"MONAT POLAND\",\"description\":\"MONAT GLOBAL\",\"inLanguage\":\"pl-PL\",\"publisher\":{\"@id\":\"https:\\\/\\\/monatglobal.com\\\/pl\\\/#organization\"}}]}\n\t\t<\/script>\n\t\t<!-- All in One SEO Pro -->\r\n\t\t<title>Od\u017cywka Zaawansowane Nawodnienie<\/title>\n\n","aioseo_head_json":{"title":"Od\u017cywka Zaawansowane Nawodnienie","description":"Od\u017cywka ZaawansowaneNawodnienie Z dodatkiem REJUVENIQE S\u2122 Lekka od\u017cywka nawil\u017caj\u0105ca dla suchych w\u0142os\u00f3w 178 ml e \/ 6 fl. oz. Cena detaliczna000.00 z\u0142 Cena dla Klient\u00f3w VIP000.00 z\u0142 Aby dowiedzie\u0107 si\u0119 wi\u0119cej na temat Od\u017cywki Zaawansowane Nawodnienie, prosimy skontaktowa\u0107 si\u0119 ze swoim Market Partnerem MONAT. ZALETY Lekko nawil\u017ca suche w\u0142osy dzi\u0119ki technologii opartej na kwasie hialuronowym,","canonical_url":"https:\/\/monatglobal.com\/pl\/advanced-hydrating-conditioner\/","robots":"max-image-preview:large","keywords":"","webmasterTools":{"miscellaneous":""},"schema":{"@context":"https:\/\/schema.org","@graph":[{"@type":"BreadcrumbList","@id":"https:\/\/monatglobal.com\/pl\/advanced-hydrating-conditioner\/#breadcrumblist","itemListElement":[{"@type":"ListItem","@id":"https:\/\/monatglobal.com\/pl#listItem","position":1,"name":"Home","item":"https:\/\/monatglobal.com\/pl","nextItem":{"@type":"ListItem","@id":"https:\/\/monatglobal.com\/pl\/advanced-hydrating-conditioner\/#listItem","name":"Od\u017cywka Zaawansowane\u00a0Nawodnienie"}},{"@type":"ListItem","@id":"https:\/\/monatglobal.com\/pl\/advanced-hydrating-conditioner\/#listItem","position":2,"name":"Od\u017cywka Zaawansowane\u00a0Nawodnienie","previousItem":{"@type":"ListItem","@id":"https:\/\/monatglobal.com\/pl#listItem","name":"Home"}}]},{"@type":"Organization","@id":"https:\/\/monatglobal.com\/pl\/#organization","name":"MONAT POLAND","description":"MONAT GLOBAL","url":"https:\/\/monatglobal.com\/pl\/"},{"@type":"WebPage","@id":"https:\/\/monatglobal.com\/pl\/advanced-hydrating-conditioner\/#webpage","url":"https:\/\/monatglobal.com\/pl\/advanced-hydrating-conditioner\/","name":"Od\u017cywka Zaawansowane Nawodnienie","description":"Od\u017cywka ZaawansowaneNawodnienie Z dodatkiem REJUVENIQE S\u2122 Lekka od\u017cywka nawil\u017caj\u0105ca dla suchych w\u0142os\u00f3w 178 ml e \/ 6 fl. oz. Cena detaliczna000.00 z\u0142 Cena dla Klient\u00f3w VIP000.00 z\u0142 Aby dowiedzie\u0107 si\u0119 wi\u0119cej na temat Od\u017cywki Zaawansowane Nawodnienie, prosimy skontaktowa\u0107 si\u0119 ze swoim Market Partnerem MONAT. ZALETY Lekko nawil\u017ca suche w\u0142osy dzi\u0119ki technologii opartej na kwasie hialuronowym,","inLanguage":"pl-PL","isPartOf":{"@id":"https:\/\/monatglobal.com\/pl\/#website"},"breadcrumb":{"@id":"https:\/\/monatglobal.com\/pl\/advanced-hydrating-conditioner\/#breadcrumblist"},"image":{"@type":"ImageObject","url":"https:\/\/monatglobal.com\/pl\/wp-content\/uploads\/sites\/9\/2026\/02\/ADVANCED-HYDRATING-CONDITIONER-500x438-1.png","@id":"https:\/\/monatglobal.com\/pl\/advanced-hydrating-conditioner\/#mainImage","width":438,"height":500},"primaryImageOfPage":{"@id":"https:\/\/monatglobal.com\/pl\/advanced-hydrating-conditioner\/#mainImage"},"datePublished":"2022-12-07T13:32:38+00:00","dateModified":"2026-03-10T16:31:05+00:00"},{"@type":"WebSite","@id":"https:\/\/monatglobal.com\/pl\/#website","url":"https:\/\/monatglobal.com\/pl\/","name":"MONAT POLAND","description":"MONAT GLOBAL","inLanguage":"pl-PL","publisher":{"@id":"https:\/\/monatglobal.com\/pl\/#organization"}}]},"og:locale":"pl_PL","og:site_name":"MONAT POLAND - MONAT GLOBAL","og:type":"article","og:title":"Od\u017cywka Zaawansowane Nawodnienie","og:description":"Od\u017cywka ZaawansowaneNawodnienie Z dodatkiem REJUVENIQE S\u2122 Lekka od\u017cywka nawil\u017caj\u0105ca dla suchych w\u0142os\u00f3w 178 ml e \/ 6 fl. oz. Cena detaliczna000.00 z\u0142 Cena dla Klient\u00f3w VIP000.00 z\u0142 Aby dowiedzie\u0107 si\u0119 wi\u0119cej na temat Od\u017cywki Zaawansowane Nawodnienie, prosimy skontaktowa\u0107 si\u0119 ze swoim Market Partnerem MONAT. ZALETY Lekko nawil\u017ca suche w\u0142osy dzi\u0119ki technologii opartej na kwasie hialuronowym,","og:url":"https:\/\/monatglobal.com\/pl\/advanced-hydrating-conditioner\/","article:published_time":"2022-12-07T13:32:38+00:00","article:modified_time":"2026-03-10T16:31:05+00:00","twitter:card":"summary_large_image","twitter:title":"Od\u017cywka Zaawansowane Nawodnienie","twitter:description":"Od\u017cywka ZaawansowaneNawodnienie Z dodatkiem REJUVENIQE S\u2122 Lekka od\u017cywka nawil\u017caj\u0105ca dla suchych w\u0142os\u00f3w 178 ml e \/ 6 fl. oz. Cena detaliczna000.00 z\u0142 Cena dla Klient\u00f3w VIP000.00 z\u0142 Aby dowiedzie\u0107 si\u0119 wi\u0119cej na temat Od\u017cywki Zaawansowane Nawodnienie, prosimy skontaktowa\u0107 si\u0119 ze swoim Market Partnerem MONAT. ZALETY Lekko nawil\u017ca suche w\u0142osy dzi\u0119ki technologii opartej na kwasie hialuronowym,"},"aioseo_meta_data":{"post_id":"71811","title":"Od\u017cywka Zaawansowane Nawodnienie","description":null,"keywords":null,"keyphrases":{"focus":{"keyphrase":"","score":0,"analysis":{"keyphraseInTitle":{"score":0,"maxScore":9,"error":1}}},"additional":[]},"primary_term":null,"canonical_url":null,"og_title":null,"og_description":null,"og_object_type":"default","og_image_type":"default","og_image_url":null,"og_image_width":null,"og_image_height":null,"og_image_custom_url":null,"og_image_custom_fields":null,"og_video":"","og_custom_url":null,"og_article_section":null,"og_article_tags":null,"twitter_use_og":false,"twitter_card":"default","twitter_image_type":"default","twitter_image_url":null,"twitter_image_custom_url":null,"twitter_image_custom_fields":null,"twitter_title":null,"twitter_description":null,"schema":{"blockGraphs":[],"customGraphs":[],"default":{"data":{"Article":[],"Course":[],"Dataset":[],"FAQPage":[],"Movie":[],"Person":[],"Product":[],"ProductReview":[],"Car":[],"Recipe":[],"Service":[],"SoftwareApplication":[],"WebPage":[]},"graphName":"WebPage","isEnabled":true},"graphs":[]},"schema_type":"default","schema_type_options":null,"pillar_content":false,"robots_default":true,"robots_noindex":false,"robots_noarchive":false,"robots_nosnippet":false,"robots_nofollow":false,"robots_noimageindex":false,"robots_noodp":false,"robots_notranslate":false,"robots_max_snippet":"-1","robots_max_videopreview":"-1","robots_max_imagepreview":"large","priority":null,"frequency":"default","local_seo":null,"seo_analyzer_scan_date":"2026-03-11 23:57:56","limit_modified_date":false,"reviewed_by":"0","open_ai":null,"ai":{"faqs":[],"keyPoints":[],"titles":[],"descriptions":[],"socialPosts":{"email":[],"linkedin":[],"twitter":[],"facebook":[],"instagram":[]}},"created":"2023-07-26 10:09:01","updated":"2026-03-11 23:57:56"},"aioseo_breadcrumb":"<div class=\"aioseo-breadcrumbs\"><span class=\"aioseo-breadcrumb\">\n\t<a href=\"https:\/\/monatglobal.com\/pl\" title=\"Home\">Home<\/a>\n<\/span><span class=\"aioseo-breadcrumb-separator\">&raquo;<\/span><span class=\"aioseo-breadcrumb\">\n\tOd\u017cywka Zaawansowane Nawodnienie\n<\/span><\/div>","aioseo_breadcrumb_json":[{"label":"Home","link":"https:\/\/monatglobal.com\/pl"},{"label":"Od\u017cywka Zaawansowane\u00a0Nawodnienie","link":"https:\/\/monatglobal.com\/pl\/advanced-hydrating-conditioner\/"}],"_links":{"self":[{"href":"https:\/\/monatglobal.com\/pl\/wp-json\/wp\/v2\/pages\/71811","targetHints":{"allow":["GET"]}}],"collection":[{"href":"https:\/\/monatglobal.com\/pl\/wp-json\/wp\/v2\/pages"}],"about":[{"href":"https:\/\/monatglobal.com\/pl\/wp-json\/wp\/v2\/types\/page"}],"author":[{"embeddable":true,"href":"https:\/\/monatglobal.com\/pl\/wp-json\/wp\/v2\/users\/39"}],"replies":[{"embeddable":true,"href":"https:\/\/monatglobal.com\/pl\/wp-json\/wp\/v2\/comments?post=71811"}],"version-history":[{"count":39,"href":"https:\/\/monatglobal.com\/pl\/wp-json\/wp\/v2\/pages\/71811\/revisions"}],"predecessor-version":[{"id":109280,"href":"https:\/\/monatglobal.com\/pl\/wp-json\/wp\/v2\/pages\/71811\/revisions\/109280"}],"wp:featuredmedia":[{"embeddable":true,"href":"https:\/\/monatglobal.com\/pl\/wp-json\/wp\/v2\/media\/109277"}],"wp:attachment":[{"href":"https:\/\/monatglobal.com\/pl\/wp-json\/wp\/v2\/media?parent=71811"}],"wp:term":[{"taxonomy":"category","embeddable":true,"href":"https:\/\/monatglobal.com\/pl\/wp-json\/wp\/v2\/categories?post=71811"},{"taxonomy":"post_tag","embeddable":true,"href":"https:\/\/monatglobal.com\/pl\/wp-json\/wp\/v2\/tags?post=71811"}],"curies":[{"name":"wp","href":"https:\/\/api.w.org\/{rel}","templated":true}]}}