{"id":71759,"date":"2022-12-07T17:03:30","date_gmt":"2022-12-07T17:03:30","guid":{"rendered":"https:\/\/monatglobal.com\/pl\/?page_id=71759"},"modified":"2026-02-19T18:29:37","modified_gmt":"2026-02-19T18:29:37","slug":"advanced-hydrating-shampoo","status":"publish","type":"page","link":"https:\/\/monatglobal.com\/pl\/advanced-hydrating-shampoo\/","title":{"rendered":"Szampon Zaawansowane Nawodnienie"},"content":{"rendered":"\n<link rel=\"stylesheet\" href=\"https:\/\/cdn.jsdelivr.net\/npm\/swiper@8\/swiper-bundle.min.css\">\n<link rel=\"stylesheet\" href=\"https:\/\/monatglobal.com\/wp-content\/creative_css\/product_styles_sheet.css\"> \n    <!--==================================================== ECOMM SECTION ====================================================-->\n        <!--==================================================== Ecomm image ====================================================-->\n        <img decoding=\"async\" src=\"https:\/\/monatglobal.com\/nz\/wp-content\/uploads\/sites\/15\/2022\/10\/intense-repair-shampoo-ecomm-.png\" alt=\"Product shot of Advanced Hydrating Shampoo.\" loading=\"lazy\">\n        <!--==================================================== Ecomm information  ====================================================-->\n            \n            <h1>Szampon Zaawansowane<br>Nawodnienie<\/h1>\n            <p>Zawiera REJUVENIQE S\u2122<\/p>\n            <p>Lekki szampon nawil\u017caj\u0105cy, kt\u00f3ry zapewnia od\u017cywienie w\u0142osom cienkim i tym o \u015bredniej g\u0119sto\u015bci.<\/p> \n            <p>237 ml \u212e 8 fl. oz.<\/p>\n         <!--==================================================== pricing box ====================================================-->   \n         <p>Cena detaliczna<br>000.00 z\u0142<\/p>\n         <p>Cena dla Klient\u00f3w VIP<br>000.00 z\u0142<\/p>\n         <!--==================================================== pricing box ====================================================-->   \n            <p>Aby dowiedzie\u0107 si\u0119 wi\u0119cej na temat Szamponu Zaawansowane Nawodnienie,prosimy skontaktowa\u0107 si\u0119 ze swoim Market Partnerem MONAT.<\/p>\n          <a href=\"\" target=\"_blank\" role=\"button\" aria-label=\"\" rel=\"noopener\"><\/a>\n    <!--==================================================== \/ECOMM SECTION  ====================================================-->\n   <!--==================================================== Benefits image ====================================================-->\n   \n      <source media=\"(max-width: 700px)\" srcset=\"https:\/\/monatglobal.com\/nz\/wp-content\/uploads\/sites\/15\/2022\/10\/Advance-Hydrating-Shampoo-Benefits-Mobile.jpg\" loading=\"lazy\">\n      <img decoding=\"async\" alt=\"Brunette female holding the Advanced Hydrating Shampoo in front of her face.\" src=\"https:\/\/monatglobal.com\/nz\/wp-content\/uploads\/sites\/15\/2022\/10\/Advance-hydrating-Shampoo-Benefits-Desk.jpg\" loading=\"lazy\">\n   \n   <!--==================================================== Benefits text ====================================================-->\n         <h2>ZALETY<\/h2>\n         <h3>Zapewnia o 20% wi\u0119cej nawil\u017cenia i pomaga walczy\u0107 z przesuszonymi w\u0142osami dzi\u0119ki technologii z kwasem hialuronowym. <\/h3>\n         <p>Szampon jest bezpieczny dla w\u0142os\u00f3w farbowanych, odpowiednio oczyszcza i od\u017cywia, daj\u0105c l\u015bni\u0105ce i mi\u0119kkie w\u0142osy.<\/p>\n         <!--==================================================== features image  ====================================================-->\n         <img decoding=\"async\" alt=\"Advanced Hydrating Shampoo laying on a flat surface, along with ingredients such as lemon slices, coconut pieces, tomatoes and oil.\" src=\"https:\/\/monatglobal.com\/nz\/wp-content\/uploads\/sites\/15\/2022\/10\/Advance-Hydrating-Shampoo-Features.jpg\" loading=\"lazy\">\n      <!--==================================================== features text ====================================================-->\n            <h3>Cechy<\/h3>\n               <p>\/ Formu\u0142a zawiera naturalne olejki ro\u015blinne i owocowe, kt\u00f3re nadaj\u0105 w\u0142osom pi\u0119kny blask<\/p>\n               <p>\/ REJUVENIQE S\u2122<\/p>\n               <br>\n            <p>Zapach \/ Zawiera nuty czerwonej pomara\u0144czy, \u0142upiny kokosa, orzecha nerkowca i drzewa sanda\u0142owego.<\/p>\n            <p> Konsystencja \/ Kremowa<\/p>\n   <!--==================================================== composition image mobile ====================================================-->\n   <img decoding=\"async\" alt=\"Advanced Hydrating Shampoo and Advanced Hydrating Conditioner on a marble surface.\" src=\"https:\/\/monatglobal.com\/nz\/wp-content\/uploads\/sites\/15\/2022\/10\/Adavance-Hydrating-Conditioner-Comp_1.jpg\" loading=\"lazy\">\n   <!--==================================================== Why it works text ====================================================-->\n      <h2>Przywraca w\u0142osom odpowiedni poziom nawil\u017cenia dzi\u0119ki unikalnej technologii MONAT.<\/h2>\n      <h3>Zapewnij w\u0142osom nawil\u017cenie podczas mycia.<\/h3>\n      <p>Trzy sk\u0142adniki nawil\u017caj\u0105ce, w tym REJUVENIQE S\u2122, kwasy hialuronowe i proteina ro\u015blinna nadaj\u0105 w\u0142osom mi\u0119kko\u015b\u0107 oraz przywracaj\u0105 nawil\u017cenie. <\/p>\n<!--==================================================== Composition section ====================================================-->\n      <img decoding=\"async\" alt=\"Advanced Hydrating Shampoo and Advanced Hydrating Conditioner on a marble surface.\" src=\"https:\/\/monatglobal.com\/nz\/wp-content\/uploads\/sites\/15\/2022\/10\/Adavance-Hydrating-Conditioner-Comp_1.jpg\" loading=\"lazy\">\n      <img decoding=\"async\" alt=\"Brunette female washing her hair in the shower with Advanced Hydrating Shampoo, overlaying a texture shot of Advanced Hydrating Shampoo.\" src=\"https:\/\/monatglobal.com\/nz\/wp-content\/uploads\/sites\/15\/2022\/10\/Advance-Hydrating-shampoo-Comp.jpg\" loading=\"lazy\">\n            <!--==================================================== Directions text ====================================================--> \n               <h3>Spos\u00f3b u\u017cycia<\/h3>\n               <p>\/ Rozprowad\u017a produkt w d\u0142oniach.<\/p>\n               <p>\/ Na\u0142\u00f3\u017c na mokre w\u0142osy.<\/p>\n               <p>\/ Pozostaw na 1-2 minuty.<\/p>\n               <p>\/ Sp\u0142ucz i powt\u00f3rz.<\/p>\n               <p>\/ Nast\u0119pnie zastosuj Od\u017cywk\u0119 Zaawansowane Nawodnienie.<\/p>\n            <!--==================================================== Directions video ====================================================-->\n      <p>Damage Repair <br>Bond-Fortifying Hair Leave-In Cr\u00e8me  <br>1:28<\/p>\n      <a href=\"\" target=\"_blank\" role=\"button\" aria-label=\"\" rel=\"noopener\"><\/a>\n   <!--==================================================== Ingredients section  ====================================================-->\n      <h2>NAJWA\u017bNIEJSZE SK\u0141ADNIKI<\/h2>\n                <img decoding=\"async\" src=\"https:\/\/monatglobal.com\/wp-content\/uploads\/2022\/11\/REJUVENIQES.svg\" alt=\"REJUVENIQE S\u2122\">\n               <p> REJUVENIQE S\u2122<\/p>\n               <img decoding=\"async\" src=\"https:\/\/monatglobal.com\/wp-content\/uploads\/2022\/11\/Hyaluronic-acid.svg\" alt=\"Technologia z kwasem hialuronowym\">\n               <p>Technologia z kwasem hialuronowym<\/p>\n                <img decoding=\"async\" src=\"https:\/\/monatglobal.com\/wp-content\/uploads\/2022\/11\/Vegetable-Derived-Protein.svg\" alt=\"Proteina ro\u015blinna\">\n               <p>Proteina ro\u015blinna<\/p>\n        <button id=\"myBtn\" type=\"button\">LISTA SK\u0141ADNIK\u00d3W<\/button>\n      <!--==================================================== Modal content  ====================================================-->\n         \u00d7\n         <p>  Aqua\/Water\/Eau, Sodium Lauroyl Methyl Isethionate, Glycerin, Sodium Cocoyl Isethionate, Lauramidopropyl Betaine, Glycol Distearate, Hydroxyethyl Diethylenetriamine Dioleamide\/Palmitamide, Acrylates Copolymer, Isoamyl Laurate, Acetyl Tetrapeptide-3, Pisum Sativum (Pea) Extract, Trifolium Pratense (Clover) Flower Extract, Hydrolyzed Pea Protein, Hydrolyzed Vegetable Protein, Limnanthes Alba (Meadowfoam) Seed Oil, Crambe Abyssinica Seed Oil, Camellia Oleifera Seed Oil, Solanum Lycopersicum (Tomato) Seed Oil, Daucus Carota Sativa (Carrot) Seed Oil, Citrus Limon (Lemon) Peel Oil, Citrus Aurantifolia (Lime) Oil, Citrus Aurantium Bergamia (Bergamot) Fruit Oil, Adansonia Digitata Oil, Mauritia Flexuosa Fruit Oil, Cocos Nucifera (Coconut) Oil, Gardenia Taitensis Flower Extract, Moringa Oleifera Seed Oil, Caryocar Brasiliense Fruit Oil, Helianthus Annuus (Sunflower) Seed Oil, Olea Europaea (Olive) Fruit Oil, Simmondsia Chinensis (Jojoba) Seed Extract, Polyquaternium-7, Sodium Hyaluronate, Hydroxyethylcellulose, Disodium Phosphate, Sodium Phosphate, Polysorbate 60, Sodium Phytate, Alcohol, Behenyl Alcohol, Cetearyl Alcohol, Hydroxyethyl Cetearamidopropyldimonium Chloride, Triisodecyl Phosphite, Coconut Acid, Sodium Isethionate, Trisodium Ethylenediamine Disuccinate, Cinnamidopropyltrimonium Chloride, Trehalose, Urea, Serine, Pentylene Glycol, Glyceryl Polyacrylate, Algin, Caprylyl Glycol, Pullulan, Potassium Phosphate, Butylene Glycol, Dextran, Methylchloroisothiazolinone, Methylisothiazolinone, Sodium Chloride, Sodium Benzoate, Potassium Sorbate, Fragrance\/Parfum, Citric Acid.<\/p>\n   <!--==================================================== You might also like section ====================================================-->\n      <h2>INNE PRODUKTY, KT\u00d3RE MOG\u0104 CI\u0118 ZAINTERESOWA\u0106<\/h2>\n      <!--==================================================== Slider YOU MIGHT ALSO LIKE ====================================================-->\n      <!---->\n      <!--   -->\n            <!--==================================================== Slides products ====================================================-->\n      <!--      -->\n      <!--         <a href=\"\/pl\/advanced-hydrating-conditioner\/\" aria-label=\"Go to Od\u017cywka Zaawansowane Nawodnienie page\">-->\n      <!--            <img decoding=\"async\" src=\"https:\/\/monatglobal.com\/wp-content\/uploads\/2022\/12\/Adavance-Hydrating-Conditioner-Ecomm-min.png\" alt=\"Od\u017cywka Zaawansowane Nawodnienie\" loading=\"lazy\"\/>-->\n      <!--            <p>Od\u017cywka Zaawansowane<br \/>Nawodnienie<\/p>-->\n      <!--         <\/a>-->\n      <!--      -->\n      <!--      -->\n      <!--         <a href=\"https:\/\/corp.mymonat.com\/shop\/products\/monat-studio-one-volume-lift-spray-6000005303\/?globallanguage=pl&globalmarket=pl\" target=\"_blank\" aria-label=\"Go to MONAT STUDIO ONE\u2122 Spray Nadaj\u0105cy Obj\u0119to\u015b\u0107 I Unosz\u0105cy W\u0142osy U Nasady page\" rel=\"noopener\">-->\n      <!--            <img decoding=\"async\" src=\"https:\/\/monatglobal.com\/wp-content\/uploads\/2022\/12\/STUDIO-ONE-VOLUME-LIFT-SPRAY_-ecomm-min.png\" alt=\"MONAT STUDIO ONE\u2122 Spray Nadaj\u0105cy Obj\u0119to\u015b\u0107 I Unosz\u0105cy W\u0142osy U Nasady\" loading=\"lazy\"\/>-->\n      <!--            <p>MONAT STUDIO ONE\u2122<br \/>Spray Nadaj\u0105cy Obj\u0119to\u015b\u0107<br \/>I Unosz\u0105cy W\u0142osy U Nasady<\/p>-->\n      <!--         <\/a>-->\n      <!--      -->\n      <!--   -->\n         <!--==================================================== If we need navigation buttons  ====================================================-->\n      <!--   -->\n      <!--   -->\n         <!--==================================================== If we need paginations  ====================================================-->\n      <!--   -->\n      <!---->\n         <!--==================================================== If we need navigation buttons  ====================================================-->\n         <!--==================================================== If we need paginations  ====================================================-->\n    <a href=\"\" aria-label=\"\"><\/a>\n<!--==================================================== this link has to go last for it to work   ====================================================-->\n","protected":false},"excerpt":{"rendered":"<p>Szampon ZaawansowaneNawodnienie Zawiera REJUVENIQE S\u2122 Lekki szampon nawil\u017caj\u0105cy, kt\u00f3ry zapewnia od\u017cywienie w\u0142osom cienkim i tym o \u015bredniej g\u0119sto\u015bci. 237 ml \u212e 8 fl. oz. Cena detaliczna000.00 z\u0142 Cena dla Klient\u00f3w VIP000.00 z\u0142 Aby dowiedzie\u0107 si\u0119 wi\u0119cej na temat Szamponu Zaawansowane Nawodnienie,prosimy skontaktowa\u0107 si\u0119 ze swoim Market Partnerem MONAT. ZALETY Zapewnia o 20% wi\u0119cej nawil\u017cenia i&hellip;<\/p>\n","protected":false},"author":39,"featured_media":109281,"parent":0,"menu_order":0,"comment_status":"closed","ping_status":"closed","template":"","meta":{"inline_featured_image":false,"om_disable_all_campaigns":false,"_monsterinsights_skip_tracking":false,"_monsterinsights_sitenote_active":false,"_monsterinsights_sitenote_note":"","_monsterinsights_sitenote_category":0,"footnotes":""},"categories":[39],"tags":[],"class_list":["post-71759","page","type-page","status-publish","has-post-thumbnail","hentry","category-product-pl"],"aioseo_notices":[],"aioseo_head":"\n\t\t<!-- All in One SEO Pro 4.9.6 - aioseo.com -->\n\t<meta name=\"description\" content=\"--&gt;\" \/>\n\t<meta name=\"robots\" content=\"max-image-preview:large\" \/>\n\t<link rel=\"canonical\" href=\"https:\/\/monatglobal.com\/pl\/advanced-hydrating-shampoo\/\" \/>\n\t<meta name=\"generator\" content=\"All in One SEO Pro (AIOSEO) 4.9.6\" \/>\n\t\t<meta property=\"og:locale\" content=\"pl_PL\" \/>\n\t\t<meta property=\"og:site_name\" content=\"MONAT POLAND - MONAT GLOBAL\" \/>\n\t\t<meta property=\"og:type\" content=\"article\" \/>\n\t\t<meta property=\"og:title\" content=\"Szampon Zaawansowane Nawodnienie\" \/>\n\t\t<meta property=\"og:description\" content=\"--&gt;\" \/>\n\t\t<meta property=\"og:url\" content=\"https:\/\/monatglobal.com\/pl\/advanced-hydrating-shampoo\/\" \/>\n\t\t<meta property=\"article:published_time\" content=\"2022-12-07T17:03:30+00:00\" \/>\n\t\t<meta property=\"article:modified_time\" content=\"2026-02-19T18:29:37+00:00\" \/>\n\t\t<meta name=\"twitter:card\" content=\"summary_large_image\" \/>\n\t\t<meta name=\"twitter:title\" content=\"Szampon Zaawansowane Nawodnienie\" \/>\n\t\t<meta name=\"twitter:description\" content=\"--&gt;\" \/>\n\t\t<script type=\"application\/ld+json\" class=\"aioseo-schema\">\n\t\t\t{\"@context\":\"https:\\\/\\\/schema.org\",\"@graph\":[{\"@type\":\"BreadcrumbList\",\"@id\":\"https:\\\/\\\/monatglobal.com\\\/pl\\\/advanced-hydrating-shampoo\\\/#breadcrumblist\",\"itemListElement\":[{\"@type\":\"ListItem\",\"@id\":\"https:\\\/\\\/monatglobal.com\\\/pl#listItem\",\"position\":1,\"name\":\"Home\",\"item\":\"https:\\\/\\\/monatglobal.com\\\/pl\",\"nextItem\":{\"@type\":\"ListItem\",\"@id\":\"https:\\\/\\\/monatglobal.com\\\/pl\\\/advanced-hydrating-shampoo\\\/#listItem\",\"name\":\"Szampon Zaawansowane Nawodnienie\"}},{\"@type\":\"ListItem\",\"@id\":\"https:\\\/\\\/monatglobal.com\\\/pl\\\/advanced-hydrating-shampoo\\\/#listItem\",\"position\":2,\"name\":\"Szampon Zaawansowane Nawodnienie\",\"previousItem\":{\"@type\":\"ListItem\",\"@id\":\"https:\\\/\\\/monatglobal.com\\\/pl#listItem\",\"name\":\"Home\"}}]},{\"@type\":\"Organization\",\"@id\":\"https:\\\/\\\/monatglobal.com\\\/pl\\\/#organization\",\"name\":\"MONAT POLAND\",\"description\":\"MONAT GLOBAL\",\"url\":\"https:\\\/\\\/monatglobal.com\\\/pl\\\/\"},{\"@type\":\"WebPage\",\"@id\":\"https:\\\/\\\/monatglobal.com\\\/pl\\\/advanced-hydrating-shampoo\\\/#webpage\",\"url\":\"https:\\\/\\\/monatglobal.com\\\/pl\\\/advanced-hydrating-shampoo\\\/\",\"name\":\"Szampon Zaawansowane Nawodnienie\",\"description\":\"-->\",\"inLanguage\":\"pl-PL\",\"isPartOf\":{\"@id\":\"https:\\\/\\\/monatglobal.com\\\/pl\\\/#website\"},\"breadcrumb\":{\"@id\":\"https:\\\/\\\/monatglobal.com\\\/pl\\\/advanced-hydrating-shampoo\\\/#breadcrumblist\"},\"image\":{\"@type\":\"ImageObject\",\"url\":\"https:\\\/\\\/monatglobal.com\\\/pl\\\/wp-content\\\/uploads\\\/sites\\\/9\\\/2026\\\/02\\\/ADVANCED-HYDRATING-SHAMPOO-500x438-1.png\",\"@id\":\"https:\\\/\\\/monatglobal.com\\\/pl\\\/advanced-hydrating-shampoo\\\/#mainImage\",\"width\":438,\"height\":500},\"primaryImageOfPage\":{\"@id\":\"https:\\\/\\\/monatglobal.com\\\/pl\\\/advanced-hydrating-shampoo\\\/#mainImage\"},\"datePublished\":\"2022-12-07T17:03:30+00:00\",\"dateModified\":\"2026-02-19T18:29:37+00:00\"},{\"@type\":\"WebSite\",\"@id\":\"https:\\\/\\\/monatglobal.com\\\/pl\\\/#website\",\"url\":\"https:\\\/\\\/monatglobal.com\\\/pl\\\/\",\"name\":\"MONAT POLAND\",\"description\":\"MONAT GLOBAL\",\"inLanguage\":\"pl-PL\",\"publisher\":{\"@id\":\"https:\\\/\\\/monatglobal.com\\\/pl\\\/#organization\"}}]}\n\t\t<\/script>\n\t\t<!-- All in One SEO Pro -->\r\n\t\t<title>Szampon Zaawansowane Nawodnienie<\/title>\n\n","aioseo_head_json":{"title":"Szampon Zaawansowane Nawodnienie","description":"-->","canonical_url":"https:\/\/monatglobal.com\/pl\/advanced-hydrating-shampoo\/","robots":"max-image-preview:large","keywords":"","webmasterTools":{"miscellaneous":""},"schema":{"@context":"https:\/\/schema.org","@graph":[{"@type":"BreadcrumbList","@id":"https:\/\/monatglobal.com\/pl\/advanced-hydrating-shampoo\/#breadcrumblist","itemListElement":[{"@type":"ListItem","@id":"https:\/\/monatglobal.com\/pl#listItem","position":1,"name":"Home","item":"https:\/\/monatglobal.com\/pl","nextItem":{"@type":"ListItem","@id":"https:\/\/monatglobal.com\/pl\/advanced-hydrating-shampoo\/#listItem","name":"Szampon Zaawansowane Nawodnienie"}},{"@type":"ListItem","@id":"https:\/\/monatglobal.com\/pl\/advanced-hydrating-shampoo\/#listItem","position":2,"name":"Szampon Zaawansowane Nawodnienie","previousItem":{"@type":"ListItem","@id":"https:\/\/monatglobal.com\/pl#listItem","name":"Home"}}]},{"@type":"Organization","@id":"https:\/\/monatglobal.com\/pl\/#organization","name":"MONAT POLAND","description":"MONAT GLOBAL","url":"https:\/\/monatglobal.com\/pl\/"},{"@type":"WebPage","@id":"https:\/\/monatglobal.com\/pl\/advanced-hydrating-shampoo\/#webpage","url":"https:\/\/monatglobal.com\/pl\/advanced-hydrating-shampoo\/","name":"Szampon Zaawansowane Nawodnienie","description":"-->","inLanguage":"pl-PL","isPartOf":{"@id":"https:\/\/monatglobal.com\/pl\/#website"},"breadcrumb":{"@id":"https:\/\/monatglobal.com\/pl\/advanced-hydrating-shampoo\/#breadcrumblist"},"image":{"@type":"ImageObject","url":"https:\/\/monatglobal.com\/pl\/wp-content\/uploads\/sites\/9\/2026\/02\/ADVANCED-HYDRATING-SHAMPOO-500x438-1.png","@id":"https:\/\/monatglobal.com\/pl\/advanced-hydrating-shampoo\/#mainImage","width":438,"height":500},"primaryImageOfPage":{"@id":"https:\/\/monatglobal.com\/pl\/advanced-hydrating-shampoo\/#mainImage"},"datePublished":"2022-12-07T17:03:30+00:00","dateModified":"2026-02-19T18:29:37+00:00"},{"@type":"WebSite","@id":"https:\/\/monatglobal.com\/pl\/#website","url":"https:\/\/monatglobal.com\/pl\/","name":"MONAT POLAND","description":"MONAT GLOBAL","inLanguage":"pl-PL","publisher":{"@id":"https:\/\/monatglobal.com\/pl\/#organization"}}]},"og:locale":"pl_PL","og:site_name":"MONAT POLAND - MONAT GLOBAL","og:type":"article","og:title":"Szampon Zaawansowane Nawodnienie","og:description":"--&gt;","og:url":"https:\/\/monatglobal.com\/pl\/advanced-hydrating-shampoo\/","article:published_time":"2022-12-07T17:03:30+00:00","article:modified_time":"2026-02-19T18:29:37+00:00","twitter:card":"summary_large_image","twitter:title":"Szampon Zaawansowane Nawodnienie","twitter:description":"--&gt;"},"aioseo_meta_data":{"post_id":"71759","title":"Szampon Zaawansowane Nawodnienie","description":null,"keywords":null,"keyphrases":{"focus":{"keyphrase":"","score":0,"analysis":{"keyphraseInTitle":{"score":0,"maxScore":9,"error":1}}},"additional":[]},"primary_term":null,"canonical_url":null,"og_title":null,"og_description":null,"og_object_type":"default","og_image_type":"default","og_image_url":null,"og_image_width":null,"og_image_height":null,"og_image_custom_url":null,"og_image_custom_fields":null,"og_video":"","og_custom_url":null,"og_article_section":null,"og_article_tags":null,"twitter_use_og":false,"twitter_card":"default","twitter_image_type":"default","twitter_image_url":null,"twitter_image_custom_url":null,"twitter_image_custom_fields":null,"twitter_title":null,"twitter_description":null,"schema":{"blockGraphs":[],"customGraphs":[],"default":{"data":{"Article":[],"Course":[],"Dataset":[],"FAQPage":[],"Movie":[],"Person":[],"Product":[],"ProductReview":[],"Car":[],"Recipe":[],"Service":[],"SoftwareApplication":[],"WebPage":[]},"graphName":"WebPage","isEnabled":true},"graphs":[]},"schema_type":"default","schema_type_options":null,"pillar_content":false,"robots_default":true,"robots_noindex":false,"robots_noarchive":false,"robots_nosnippet":false,"robots_nofollow":false,"robots_noimageindex":false,"robots_noodp":false,"robots_notranslate":false,"robots_max_snippet":"-1","robots_max_videopreview":"-1","robots_max_imagepreview":"large","priority":null,"frequency":"default","local_seo":null,"seo_analyzer_scan_date":"2026-02-19 18:39:43","limit_modified_date":false,"reviewed_by":"0","open_ai":null,"ai":{"faqs":[],"keyPoints":[],"titles":[],"descriptions":[],"socialPosts":{"email":[],"linkedin":[],"twitter":[],"facebook":[],"instagram":[]}},"created":"2023-07-26 10:09:01","updated":"2026-02-19 18:39:43"},"aioseo_breadcrumb":"<div class=\"aioseo-breadcrumbs\"><span class=\"aioseo-breadcrumb\">\n\t<a href=\"https:\/\/monatglobal.com\/pl\" title=\"Home\">Home<\/a>\n<\/span><span class=\"aioseo-breadcrumb-separator\">&raquo;<\/span><span class=\"aioseo-breadcrumb\">\n\tSzampon Zaawansowane Nawodnienie\n<\/span><\/div>","aioseo_breadcrumb_json":[{"label":"Home","link":"https:\/\/monatglobal.com\/pl"},{"label":"Szampon Zaawansowane Nawodnienie","link":"https:\/\/monatglobal.com\/pl\/advanced-hydrating-shampoo\/"}],"_links":{"self":[{"href":"https:\/\/monatglobal.com\/pl\/wp-json\/wp\/v2\/pages\/71759","targetHints":{"allow":["GET"]}}],"collection":[{"href":"https:\/\/monatglobal.com\/pl\/wp-json\/wp\/v2\/pages"}],"about":[{"href":"https:\/\/monatglobal.com\/pl\/wp-json\/wp\/v2\/types\/page"}],"author":[{"embeddable":true,"href":"https:\/\/monatglobal.com\/pl\/wp-json\/wp\/v2\/users\/39"}],"replies":[{"embeddable":true,"href":"https:\/\/monatglobal.com\/pl\/wp-json\/wp\/v2\/comments?post=71759"}],"version-history":[{"count":33,"href":"https:\/\/monatglobal.com\/pl\/wp-json\/wp\/v2\/pages\/71759\/revisions"}],"predecessor-version":[{"id":109283,"href":"https:\/\/monatglobal.com\/pl\/wp-json\/wp\/v2\/pages\/71759\/revisions\/109283"}],"wp:featuredmedia":[{"embeddable":true,"href":"https:\/\/monatglobal.com\/pl\/wp-json\/wp\/v2\/media\/109281"}],"wp:attachment":[{"href":"https:\/\/monatglobal.com\/pl\/wp-json\/wp\/v2\/media?parent=71759"}],"wp:term":[{"taxonomy":"category","embeddable":true,"href":"https:\/\/monatglobal.com\/pl\/wp-json\/wp\/v2\/categories?post=71759"},{"taxonomy":"post_tag","embeddable":true,"href":"https:\/\/monatglobal.com\/pl\/wp-json\/wp\/v2\/tags?post=71759"}],"curies":[{"name":"wp","href":"https:\/\/api.w.org\/{rel}","templated":true}]}}