{"id":71738,"date":"2022-11-18T14:19:37","date_gmt":"2022-11-18T14:19:37","guid":{"rendered":"https:\/\/monatglobal.com\/pl\/?page_id=71738"},"modified":"2025-01-24T19:41:18","modified_gmt":"2025-01-24T19:41:18","slug":"history","status":"publish","type":"page","link":"https:\/\/monatglobal.com\/pl\/history\/","title":{"rendered":"Historia MONAT"},"content":{"rendered":"\n\n\t<link rel='stylesheet' href='https:\/\/unpkg.com\/swiper\/swiper-bundle.min.css'\/>\n<section id=\"bannerSec\">\n        <p>Wszystko zacz\u0119\u0142o <\/p>\n        <p>si\u0119 od wizji&#8230;<\/p>\n<\/section> \n<section id=\"dateSec\"> \n            <h1>Historia MONAT<\/h1>\n            <h3>Ruch MONAT zacz\u0105\u0142 si\u0119 od jednej rodziny i&nbsp;jednego du\u017cego marzenia &#8211; uczyni\u0107 \u015bwiat lepszym miejscem dla ka\u017cdego, oferuj\u0105c przy tym produkty premium i&nbsp;hojny plan&nbsp;wynagrodze\u0144.<\/h3>\n            <img decoding=\"async\" alt=\"Blonde female spraying hairspray onto a brunette female's curly hair.\" src=\"https:\/\/monatglobal.com\/wp-content\/uploads\/2022\/10\/our-story-MONAT-LAUNCH-2014.jpg\" loading=\"lazy\"\/> \n                    <h2>Firma MONAT zosta\u0142a za\u0142o\u017cona przez rodzin\u0119 Urdaneta w pa\u017adzierniku 2014 roku.<\/h2>\n                    <p>W ci\u0105gu zaledwie kilku lat za\u0142o\u017cyciele przeprowadzili pe\u0142n\u0105 inspiracji rewolucj\u0119, a&nbsp;wszystko to za spraw\u0105 zaanga\u017cowania Market Partner\u00f3w MONAT, entuzjazmu i&nbsp;wsparcia Klient\u00f3w VIP oraz utalentowanego zespo\u0142u.<\/p>\n<\/section> \n<section id=\"encompassesSec\"> \n    <p>Ruch MONAT to nie tylko innowacyjne produkty do piel\u0119gnacji w\u0142os\u00f3w, sk\u00f3ry  i&nbsp;wellness &#8211; to tak\u017ce szczere zaanga\u017cowanie w&nbsp;to, aby pomaga\u0107 innym w&nbsp;budowaniu lepszego \u017cycia.<\/p>\n        <img decoding=\"async\" id=\"oilImg\" alt=\"Oil texture\" src=\"https:\/\/monatglobal.com\/wp-content\/uploads\/2022\/10\/oil-texture_history.png\" loading=\"lazy\"\/>\n        <img decoding=\"async\" id=\"cremeImg\" alt=\"Texture shot of Sun Veil\u2122.\" src=\"https:\/\/monatglobal.com\/wp-content\/uploads\/2022\/10\/creme-texture_history.png\" loading=\"lazy\"\/>    \n                <p>Ruch MONAT to nie tylko innowacyjne produkty do piel\u0119gnacji w\u0142os\u00f3w, sk\u00f3ry  i&nbsp;wellness &#8211; to tak\u017ce szczere zaanga\u017cowanie w&nbsp;to, aby pomaga\u0107 innym w&nbsp;budowaniu lepszego \u017cycia.<\/p>\n                <img decoding=\"async\" alt=\"A brunette woman applying MONAT Makeup on one of her cheekbones.\" src=\"https:\/\/monatglobal.com\/uk\/wp-content\/uploads\/sites\/6\/2025\/01\/makeup-our-story.jpg\" loading=\"lazy\"\/>\n                <p>MONAT oferuje atrakcyjne warunki wynagrodzenia i&nbsp;wyj\u0105tkowo bogaty system wsparcia, a&nbsp;nasi liderzy z&nbsp;oddaniem zadbaj\u0105 o&nbsp;Ciebie i&nbsp;b\u0119d\u0105 traktowa\u0107 Ci\u0119 jak rodzin\u0119.<\/p>\n                <img decoding=\"async\" alt=\"Brunette female touching her hair while standing outside.\" src=\"https:\/\/monatglobal.com\/wp-content\/uploads\/2022\/10\/haircare-our-story.jpg\" loading=\"lazy\"\/>\n                <img decoding=\"async\" alt=\"Brunette female standing near a pink wall with the shadows of palm trees, while kissing Sun Veil\u2122.\" src=\"https:\/\/monatglobal.com\/wp-content\/uploads\/2022\/10\/skincare-our-story.jpg\" loading=\"lazy\"\/>\n<\/section> \n<section id=\"videoSec\">\n<\/section> \n<section id=\"readySec\"> \n        <h2>Czy jeste\u015bcie gotowi sta\u0107 si\u0119  <br \/>cz\u0119\u015bci\u0105 tej wyj\u0105tkowej spo\u0142eczno\u015bci? <\/h2>\n                <p>Teraz jest najlepszy czas, aby do\u0142\u0105czy\u0107 do rodziny MONAT!<\/p>\n                <a href=\"https:\/\/mymonat.com\/pyr_core\/v2_enrollments\/select_market?enroll_params=profile_form_type%3Dexpress&#038;mp_only=true\">DO\u0141\u0104CZ TERAZ<\/a>\n            <img decoding=\"async\" alt=\"Female sitting inside a shopping cart with MONAT boxes, while another female pushes the cart.\" src=\"https:\/\/monatglobal.com\/wp-content\/uploads\/2022\/10\/monat-family-our-story.jpg\" loading=\"lazy\"\/>\n        <a href=\"https:\/\/mymonat.com\/pyr_core\/v2_enrollments\/select_market?enroll_params=profile_form_type%3Dexpress&#038;mp_only=true\">DO\u0141\u0104CZ TERAZ<\/a>\n<\/section> \n\n","protected":false},"excerpt":{"rendered":"<p>Wszystko zacz\u0119\u0142o si\u0119 od wizji&#8230; Historia MONAT Ruch MONAT zacz\u0105\u0142 si\u0119 od jednej rodziny i&nbsp;jednego du\u017cego marzenia &#8211; uczyni\u0107 \u015bwiat lepszym miejscem dla ka\u017cdego, oferuj\u0105c przy tym produkty premium i&nbsp;hojny plan&nbsp;wynagrodze\u0144. Firma MONAT zosta\u0142a za\u0142o\u017cona przez rodzin\u0119 Urdaneta w pa\u017adzierniku 2014 roku. W ci\u0105gu zaledwie kilku lat za\u0142o\u017cyciele przeprowadzili pe\u0142n\u0105 inspiracji rewolucj\u0119, a&nbsp;wszystko to za&hellip;<\/p>\n","protected":false},"author":47,"featured_media":70985,"parent":0,"menu_order":0,"comment_status":"closed","ping_status":"closed","template":"","meta":{"inline_featured_image":false,"om_disable_all_campaigns":false,"_monsterinsights_skip_tracking":false,"_monsterinsights_sitenote_active":false,"_monsterinsights_sitenote_note":"","_monsterinsights_sitenote_category":0,"footnotes":""},"categories":[],"tags":[],"class_list":["post-71738","page","type-page","status-publish","has-post-thumbnail","hentry"],"aioseo_notices":[],"aioseo_head":"\n\t\t<!-- All in One SEO Pro 4.9.6 - aioseo.com -->\n\t<meta name=\"description\" content=\"Wszystko zacz\u0119\u0142o si\u0119 od wizji\u2026 Historia MONAT Ruch MONAT zacz\u0105\u0142 si\u0119 od jednej rodziny i jednego du\u017cego marzenia - uczyni\u0107 \u015bwiat lepszym miejscem dla ka\u017cdego, oferuj\u0105c przy tym produkty premium i hojny plan wynagrodze\u0144. Firma MONAT zosta\u0142a za\u0142o\u017cona przez rodzin\u0119 Urdaneta w pa\u017adzierniku 2014 roku. W ci\u0105gu zaledwie kilku lat za\u0142o\u017cyciele przeprowadzili pe\u0142n\u0105 inspiracji rewolucj\u0119, a wszystko to za\" \/>\n\t<meta name=\"robots\" content=\"max-image-preview:large\" \/>\n\t<link rel=\"canonical\" href=\"https:\/\/monatglobal.com\/pl\/history\/\" \/>\n\t<meta name=\"generator\" content=\"All in One SEO Pro (AIOSEO) 4.9.6\" \/>\n\t\t<meta property=\"og:locale\" content=\"pl_PL\" \/>\n\t\t<meta property=\"og:site_name\" content=\"MONAT POLAND - MONAT GLOBAL\" \/>\n\t\t<meta property=\"og:type\" content=\"article\" \/>\n\t\t<meta property=\"og:title\" content=\"Historia MONAT - MONAT POLAND\" \/>\n\t\t<meta property=\"og:description\" content=\"Wszystko zacz\u0119\u0142o si\u0119 od wizji\u2026 Historia MONAT Ruch MONAT zacz\u0105\u0142 si\u0119 od jednej rodziny i jednego du\u017cego marzenia - uczyni\u0107 \u015bwiat lepszym miejscem dla ka\u017cdego, oferuj\u0105c przy tym produkty premium i hojny plan wynagrodze\u0144. Firma MONAT zosta\u0142a za\u0142o\u017cona przez rodzin\u0119 Urdaneta w pa\u017adzierniku 2014 roku. W ci\u0105gu zaledwie kilku lat za\u0142o\u017cyciele przeprowadzili pe\u0142n\u0105 inspiracji rewolucj\u0119, a wszystko to za\" \/>\n\t\t<meta property=\"og:url\" content=\"https:\/\/monatglobal.com\/pl\/history\/\" \/>\n\t\t<meta property=\"article:published_time\" content=\"2022-11-18T14:19:37+00:00\" \/>\n\t\t<meta property=\"article:modified_time\" content=\"2025-01-24T19:41:18+00:00\" \/>\n\t\t<meta name=\"twitter:card\" content=\"summary_large_image\" \/>\n\t\t<meta name=\"twitter:title\" content=\"Historia MONAT - MONAT POLAND\" \/>\n\t\t<meta name=\"twitter:description\" content=\"Wszystko zacz\u0119\u0142o si\u0119 od wizji\u2026 Historia MONAT Ruch MONAT zacz\u0105\u0142 si\u0119 od jednej rodziny i jednego du\u017cego marzenia - uczyni\u0107 \u015bwiat lepszym miejscem dla ka\u017cdego, oferuj\u0105c przy tym produkty premium i hojny plan wynagrodze\u0144. Firma MONAT zosta\u0142a za\u0142o\u017cona przez rodzin\u0119 Urdaneta w pa\u017adzierniku 2014 roku. W ci\u0105gu zaledwie kilku lat za\u0142o\u017cyciele przeprowadzili pe\u0142n\u0105 inspiracji rewolucj\u0119, a wszystko to za\" \/>\n\t\t<script type=\"application\/ld+json\" class=\"aioseo-schema\">\n\t\t\t{\"@context\":\"https:\\\/\\\/schema.org\",\"@graph\":[{\"@type\":\"BreadcrumbList\",\"@id\":\"https:\\\/\\\/monatglobal.com\\\/pl\\\/history\\\/#breadcrumblist\",\"itemListElement\":[{\"@type\":\"ListItem\",\"@id\":\"https:\\\/\\\/monatglobal.com\\\/pl#listItem\",\"position\":1,\"name\":\"Home\",\"item\":\"https:\\\/\\\/monatglobal.com\\\/pl\",\"nextItem\":{\"@type\":\"ListItem\",\"@id\":\"https:\\\/\\\/monatglobal.com\\\/pl\\\/history\\\/#listItem\",\"name\":\"Historia MONAT\"}},{\"@type\":\"ListItem\",\"@id\":\"https:\\\/\\\/monatglobal.com\\\/pl\\\/history\\\/#listItem\",\"position\":2,\"name\":\"Historia MONAT\",\"previousItem\":{\"@type\":\"ListItem\",\"@id\":\"https:\\\/\\\/monatglobal.com\\\/pl#listItem\",\"name\":\"Home\"}}]},{\"@type\":\"Organization\",\"@id\":\"https:\\\/\\\/monatglobal.com\\\/pl\\\/#organization\",\"name\":\"MONAT POLAND\",\"description\":\"MONAT GLOBAL\",\"url\":\"https:\\\/\\\/monatglobal.com\\\/pl\\\/\"},{\"@type\":\"WebPage\",\"@id\":\"https:\\\/\\\/monatglobal.com\\\/pl\\\/history\\\/#webpage\",\"url\":\"https:\\\/\\\/monatglobal.com\\\/pl\\\/history\\\/\",\"name\":\"Historia MONAT - MONAT POLAND\",\"description\":\"Wszystko zacz\\u0119\\u0142o si\\u0119 od wizji\\u2026 Historia MONAT Ruch MONAT zacz\\u0105\\u0142 si\\u0119 od jednej rodziny i jednego du\\u017cego marzenia - uczyni\\u0107 \\u015bwiat lepszym miejscem dla ka\\u017cdego, oferuj\\u0105c przy tym produkty premium i hojny plan wynagrodze\\u0144. Firma MONAT zosta\\u0142a za\\u0142o\\u017cona przez rodzin\\u0119 Urdaneta w pa\\u017adzierniku 2014 roku. W ci\\u0105gu zaledwie kilku lat za\\u0142o\\u017cyciele przeprowadzili pe\\u0142n\\u0105 inspiracji rewolucj\\u0119, a wszystko to za\",\"inLanguage\":\"pl-PL\",\"isPartOf\":{\"@id\":\"https:\\\/\\\/monatglobal.com\\\/pl\\\/#website\"},\"breadcrumb\":{\"@id\":\"https:\\\/\\\/monatglobal.com\\\/pl\\\/history\\\/#breadcrumblist\"},\"image\":{\"@type\":\"ImageObject\",\"url\":\"https:\\\/\\\/monatglobal.com\\\/pl\\\/wp-content\\\/uploads\\\/sites\\\/9\\\/2022\\\/08\\\/reunion_23_ue_thumb.jpg\",\"@id\":\"https:\\\/\\\/monatglobal.com\\\/pl\\\/history\\\/#mainImage\",\"width\":450,\"height\":350},\"primaryImageOfPage\":{\"@id\":\"https:\\\/\\\/monatglobal.com\\\/pl\\\/history\\\/#mainImage\"},\"datePublished\":\"2022-11-18T14:19:37+00:00\",\"dateModified\":\"2025-01-24T19:41:18+00:00\"},{\"@type\":\"WebSite\",\"@id\":\"https:\\\/\\\/monatglobal.com\\\/pl\\\/#website\",\"url\":\"https:\\\/\\\/monatglobal.com\\\/pl\\\/\",\"name\":\"MONAT POLAND\",\"description\":\"MONAT GLOBAL\",\"inLanguage\":\"pl-PL\",\"publisher\":{\"@id\":\"https:\\\/\\\/monatglobal.com\\\/pl\\\/#organization\"}}]}\n\t\t<\/script>\n\t\t<!-- All in One SEO Pro -->\r\n\t\t<title>Historia MONAT - MONAT POLAND<\/title>\n\n","aioseo_head_json":{"title":"Historia MONAT - MONAT POLAND","description":"Wszystko zacz\u0119\u0142o si\u0119 od wizji\u2026 Historia MONAT Ruch MONAT zacz\u0105\u0142 si\u0119 od jednej rodziny i jednego du\u017cego marzenia - uczyni\u0107 \u015bwiat lepszym miejscem dla ka\u017cdego, oferuj\u0105c przy tym produkty premium i hojny plan wynagrodze\u0144. Firma MONAT zosta\u0142a za\u0142o\u017cona przez rodzin\u0119 Urdaneta w pa\u017adzierniku 2014 roku. W ci\u0105gu zaledwie kilku lat za\u0142o\u017cyciele przeprowadzili pe\u0142n\u0105 inspiracji rewolucj\u0119, a wszystko to za","canonical_url":"https:\/\/monatglobal.com\/pl\/history\/","robots":"max-image-preview:large","keywords":"","webmasterTools":{"miscellaneous":""},"schema":{"@context":"https:\/\/schema.org","@graph":[{"@type":"BreadcrumbList","@id":"https:\/\/monatglobal.com\/pl\/history\/#breadcrumblist","itemListElement":[{"@type":"ListItem","@id":"https:\/\/monatglobal.com\/pl#listItem","position":1,"name":"Home","item":"https:\/\/monatglobal.com\/pl","nextItem":{"@type":"ListItem","@id":"https:\/\/monatglobal.com\/pl\/history\/#listItem","name":"Historia MONAT"}},{"@type":"ListItem","@id":"https:\/\/monatglobal.com\/pl\/history\/#listItem","position":2,"name":"Historia MONAT","previousItem":{"@type":"ListItem","@id":"https:\/\/monatglobal.com\/pl#listItem","name":"Home"}}]},{"@type":"Organization","@id":"https:\/\/monatglobal.com\/pl\/#organization","name":"MONAT POLAND","description":"MONAT GLOBAL","url":"https:\/\/monatglobal.com\/pl\/"},{"@type":"WebPage","@id":"https:\/\/monatglobal.com\/pl\/history\/#webpage","url":"https:\/\/monatglobal.com\/pl\/history\/","name":"Historia MONAT - MONAT POLAND","description":"Wszystko zacz\u0119\u0142o si\u0119 od wizji\u2026 Historia MONAT Ruch MONAT zacz\u0105\u0142 si\u0119 od jednej rodziny i jednego du\u017cego marzenia - uczyni\u0107 \u015bwiat lepszym miejscem dla ka\u017cdego, oferuj\u0105c przy tym produkty premium i hojny plan wynagrodze\u0144. Firma MONAT zosta\u0142a za\u0142o\u017cona przez rodzin\u0119 Urdaneta w pa\u017adzierniku 2014 roku. W ci\u0105gu zaledwie kilku lat za\u0142o\u017cyciele przeprowadzili pe\u0142n\u0105 inspiracji rewolucj\u0119, a wszystko to za","inLanguage":"pl-PL","isPartOf":{"@id":"https:\/\/monatglobal.com\/pl\/#website"},"breadcrumb":{"@id":"https:\/\/monatglobal.com\/pl\/history\/#breadcrumblist"},"image":{"@type":"ImageObject","url":"https:\/\/monatglobal.com\/pl\/wp-content\/uploads\/sites\/9\/2022\/08\/reunion_23_ue_thumb.jpg","@id":"https:\/\/monatglobal.com\/pl\/history\/#mainImage","width":450,"height":350},"primaryImageOfPage":{"@id":"https:\/\/monatglobal.com\/pl\/history\/#mainImage"},"datePublished":"2022-11-18T14:19:37+00:00","dateModified":"2025-01-24T19:41:18+00:00"},{"@type":"WebSite","@id":"https:\/\/monatglobal.com\/pl\/#website","url":"https:\/\/monatglobal.com\/pl\/","name":"MONAT POLAND","description":"MONAT GLOBAL","inLanguage":"pl-PL","publisher":{"@id":"https:\/\/monatglobal.com\/pl\/#organization"}}]},"og:locale":"pl_PL","og:site_name":"MONAT POLAND - MONAT GLOBAL","og:type":"article","og:title":"Historia MONAT - MONAT POLAND","og:description":"Wszystko zacz\u0119\u0142o si\u0119 od wizji\u2026 Historia MONAT Ruch MONAT zacz\u0105\u0142 si\u0119 od jednej rodziny i jednego du\u017cego marzenia - uczyni\u0107 \u015bwiat lepszym miejscem dla ka\u017cdego, oferuj\u0105c przy tym produkty premium i hojny plan wynagrodze\u0144. Firma MONAT zosta\u0142a za\u0142o\u017cona przez rodzin\u0119 Urdaneta w pa\u017adzierniku 2014 roku. W ci\u0105gu zaledwie kilku lat za\u0142o\u017cyciele przeprowadzili pe\u0142n\u0105 inspiracji rewolucj\u0119, a wszystko to za","og:url":"https:\/\/monatglobal.com\/pl\/history\/","article:published_time":"2022-11-18T14:19:37+00:00","article:modified_time":"2025-01-24T19:41:18+00:00","twitter:card":"summary_large_image","twitter:title":"Historia MONAT - MONAT POLAND","twitter:description":"Wszystko zacz\u0119\u0142o si\u0119 od wizji\u2026 Historia MONAT Ruch MONAT zacz\u0105\u0142 si\u0119 od jednej rodziny i jednego du\u017cego marzenia - uczyni\u0107 \u015bwiat lepszym miejscem dla ka\u017cdego, oferuj\u0105c przy tym produkty premium i hojny plan wynagrodze\u0144. Firma MONAT zosta\u0142a za\u0142o\u017cona przez rodzin\u0119 Urdaneta w pa\u017adzierniku 2014 roku. W ci\u0105gu zaledwie kilku lat za\u0142o\u017cyciele przeprowadzili pe\u0142n\u0105 inspiracji rewolucj\u0119, a wszystko to za"},"aioseo_meta_data":{"post_id":"71738","title":null,"description":null,"keywords":null,"keyphrases":null,"primary_term":null,"canonical_url":null,"og_title":null,"og_description":null,"og_object_type":"default","og_image_type":"default","og_image_url":null,"og_image_width":null,"og_image_height":null,"og_image_custom_url":null,"og_image_custom_fields":null,"og_video":null,"og_custom_url":null,"og_article_section":null,"og_article_tags":null,"twitter_use_og":false,"twitter_card":"default","twitter_image_type":"default","twitter_image_url":null,"twitter_image_custom_url":null,"twitter_image_custom_fields":null,"twitter_title":null,"twitter_description":null,"schema":{"blockGraphs":[],"customGraphs":[],"default":{"data":{"Article":[],"Course":[],"Dataset":[],"FAQPage":[],"Movie":[],"Person":[],"Product":[],"ProductReview":[],"Car":[],"Recipe":[],"Service":[],"SoftwareApplication":[],"WebPage":[]},"graphName":"","isEnabled":true},"graphs":[]},"schema_type":"default","schema_type_options":null,"pillar_content":false,"robots_default":true,"robots_noindex":false,"robots_noarchive":false,"robots_nosnippet":false,"robots_nofollow":false,"robots_noimageindex":false,"robots_noodp":false,"robots_notranslate":false,"robots_max_snippet":null,"robots_max_videopreview":null,"robots_max_imagepreview":"large","priority":null,"frequency":null,"local_seo":null,"seo_analyzer_scan_date":"2025-08-15 05:36:52","limit_modified_date":false,"reviewed_by":null,"open_ai":null,"ai":null,"created":"2023-07-26 10:08:09","updated":"2026-02-10 05:23:47"},"aioseo_breadcrumb":"<div class=\"aioseo-breadcrumbs\"><span class=\"aioseo-breadcrumb\">\n\t<a href=\"https:\/\/monatglobal.com\/pl\" title=\"Home\">Home<\/a>\n<\/span><span class=\"aioseo-breadcrumb-separator\">&raquo;<\/span><span class=\"aioseo-breadcrumb\">\n\tHistoria MONAT\n<\/span><\/div>","aioseo_breadcrumb_json":[{"label":"Home","link":"https:\/\/monatglobal.com\/pl"},{"label":"Historia MONAT","link":"https:\/\/monatglobal.com\/pl\/history\/"}],"_links":{"self":[{"href":"https:\/\/monatglobal.com\/pl\/wp-json\/wp\/v2\/pages\/71738","targetHints":{"allow":["GET"]}}],"collection":[{"href":"https:\/\/monatglobal.com\/pl\/wp-json\/wp\/v2\/pages"}],"about":[{"href":"https:\/\/monatglobal.com\/pl\/wp-json\/wp\/v2\/types\/page"}],"author":[{"embeddable":true,"href":"https:\/\/monatglobal.com\/pl\/wp-json\/wp\/v2\/users\/47"}],"replies":[{"embeddable":true,"href":"https:\/\/monatglobal.com\/pl\/wp-json\/wp\/v2\/comments?post=71738"}],"version-history":[{"count":12,"href":"https:\/\/monatglobal.com\/pl\/wp-json\/wp\/v2\/pages\/71738\/revisions"}],"predecessor-version":[{"id":86258,"href":"https:\/\/monatglobal.com\/pl\/wp-json\/wp\/v2\/pages\/71738\/revisions\/86258"}],"wp:featuredmedia":[{"embeddable":true,"href":"https:\/\/monatglobal.com\/pl\/wp-json\/wp\/v2\/media\/70985"}],"wp:attachment":[{"href":"https:\/\/monatglobal.com\/pl\/wp-json\/wp\/v2\/media?parent=71738"}],"wp:term":[{"taxonomy":"category","embeddable":true,"href":"https:\/\/monatglobal.com\/pl\/wp-json\/wp\/v2\/categories?post=71738"},{"taxonomy":"post_tag","embeddable":true,"href":"https:\/\/monatglobal.com\/pl\/wp-json\/wp\/v2\/tags?post=71738"}],"curies":[{"name":"wp","href":"https:\/\/api.w.org\/{rel}","templated":true}]}}