{"id":71734,"date":"2022-11-18T04:38:56","date_gmt":"2022-11-18T04:38:56","guid":{"rendered":"https:\/\/monatglobal.com\/pl\/?page_id=71734"},"modified":"2025-01-24T19:41:53","modified_gmt":"2025-01-24T19:41:53","slug":"culture","status":"publish","type":"page","link":"https:\/\/monatglobal.com\/pl\/culture\/","title":{"rendered":"Culture"},"content":{"rendered":"\n\n\t<link rel=\"stylesheet\" href=\"https:\/\/unpkg.com\/swiper\/swiper-bundle.min.css\" \/>\n<section id=\"welcomeSec\"> \n            <p>Witaj<\/p>\n            <img decoding=\"async\" src=\"https:\/\/monatglobal.com\/wp-content\/uploads\/2022\/10\/Rectangle-15Imagen1-1.png\" loading=\"lazy\"\/>\n            <img decoding=\"async\" src=\"https:\/\/monatglobal.com\/wp-content\/uploads\/2022\/10\/193168168a50b2ff3e7a2b160179a2b9-min.gif\" loading=\"lazy\"\/>\n            <p>w rodzinie<\/p>\n            <p>MONAT!<\/p>\n            <img decoding=\"async\" src=\"https:\/\/monatglobal.com\/wp-content\/uploads\/2022\/10\/Rectangle-16Imagen3-1.png\" loading=\"lazy\"\/>\n        <p>Kultura MONAT<\/p>\n<\/section>\n<section id=\"aboutSec\">\n        <img decoding=\"async\" src=\"https:\/\/monatglobal.com\/pl\/wp-content\/uploads\/sites\/9\/2022\/12\/circulo-pl.png\" loading=\"lazy\"\/>\n            <h2>W MONAT jeste\u015bmy dumni z tworzonych przez nas produkt\u00f3w na bazie naturalnych sk\u0142adnik\u00f3w, jednak nasze warto\u015bci to co\u015b wi\u0119cej ni\u017c tylko pi\u0119kne w\u0142osy i&nbsp;sk\u00f3ra.<\/h2>\n            <p>Najbardziej jeste\u015bmy dumni z tego, \u017ce zmieniamy na lepsze \u017cycie naszych Klient\u00f3w poprzez niesamowite mo\u017cliwo\u015bci, a to daje nam ogromn\u0105&nbsp;satysfakcj\u0119.<\/p>\n<\/section> \n<section id=\"largeSec\">\n                <h2>Nasz\u0105 misj\u0105 jest to, aby pom\u00f3c ludziom z ca\u0142ego \u015bwiata cieszy\u0107 si\u0119 pi\u0119knym, zdrowym i udanym \u017cyciem dzi\u0119ki naszym wyj\u0105tkowym produktom na bazie naturalnych sk\u0142adnik\u00f3w, ciekawym i anga\u017cuj\u0105cym mo\u017cliwo\u015bciom biznesowym oraz kulturze \u0142\u0105cz\u0105cej rodzin\u0119, pomoc innym oraz&nbsp;wdzi\u0119czno\u015b\u0107.<\/h2>\n                            <img decoding=\"async\" src=\"https:\/\/monatglobal.com\/wp-content\/uploads\/2022\/10\/slider3.jpg\" alt=\"\" loading=\"lazy\"\/>\n                            <img decoding=\"async\" src=\"https:\/\/monatglobal.com\/wp-content\/uploads\/2022\/10\/slider1.jpg\" alt=\"\" loading=\"lazy\"\/>\n                            <img decoding=\"async\" src=\"https:\/\/monatglobal.com\/wp-content\/uploads\/2022\/10\/slider2.jpg\" alt=\"\" loading=\"lazy\"\/>\n                <img decoding=\"async\" src=\"https:\/\/monatglobal.com\/wp-content\/uploads\/2022\/10\/hover1.jpg\" loading=\"lazy\"\/>\n                    <h2>PRODUKTY NA BAZIE NATURALNYCH SK\u0141ADNIK\u00d3W<\/h2>\n                <img decoding=\"async\" src=\"https:\/\/monatglobal.com\/wp-content\/uploads\/2022\/10\/hover2.jpg\" loading=\"lazy\"\/>\n                    <h2>CIEKAWE I ANGA\u017bUJ\u0104CE MO\u017bLIWO\u015aCI BIZNESOWE<\/h2>\n                <img decoding=\"async\" src=\"https:\/\/monatglobal.com\/wp-content\/uploads\/2022\/10\/hover3-1.jpg\" loading=\"lazy\"\/>\n                    <h2>KULTURA \u0141\u0104CZ\u0104CA RODZIN\u0118, POMOC INNYM ORAZ WDZI\u0118CZNO\u015a\u0106.<\/h2>\n            <h2>Jeste\u015bmy ca\u0142kowicie oddani kluczowym warto\u015bciom stanowi\u0105cym cz\u0119\u015b\u0107 ka\u017cdej decyzji, kt\u00f3r\u0105&nbsp;podejmujemy.<\/h2>\n            <img decoding=\"async\" src=\"https:\/\/monatglobal.com\/wp-content\/uploads\/2022\/10\/Rectangle-230familia-con-perrito.jpg\" loading=\"lazy\"\/> \n                <h2>Jeste\u015bmy ca\u0142kowicie oddani kluczowym warto\u015bciom stanowi\u0105cym cz\u0119\u015b\u0107 ka\u017cdej decyzji, kt\u00f3r\u0105&nbsp;podejmujemy.<\/h2>\n                <p>Dzia\u0142amy tak, aby mie\u0107 pewno\u015b\u0107, \u017ce zmieniamy \u017cycie innych w pozytywny i znacz\u0105cy spos\u00f3b. A co najwa\u017cniejsze, wierzymy, \u017ce rodzina powinna zawsze by\u0107 stawiana na pierwszym miejscu, dlatego uwa\u017camy, \u017ce nasi Market Partnerzy oraz ich Klienci powinni by\u0107 przez nas traktowani w\u0142a\u015bnie jak&nbsp;rodzina.<\/p>\n<\/section>\n<section id=\"philosophySec\">\n        <img decoding=\"async\" src=\"https:\/\/monatglobal.com\/wp-content\/uploads\/2022\/10\/EJR09178-1Philosofy2.jpg\" loading=\"lazy\"\/>\n                <h2>Nasza filozofia jest bardzo&nbsp;prosta<\/h2>\n                <h3>Sukcesy odnosimy wtedy, kiedy pomagamy robi\u0107 to&nbsp;innym.<\/h3>\n                <p>W MONAT pomagamy innym cieszy\u0107 si\u0119 w pe\u0142ni swoim \u017cyciem. Oznacza to tak\u017ce bycie wdzi\u0119cznym za wszelkie dobro, kt\u00f3re otrzymujemy oraz odwzajemnianie si\u0119 tym samym spo\u0142eczno\u015bciom, w kt\u00f3rych \u017cyjemy i w kt\u00f3rych si\u0119&nbsp;rozwijamy.<\/p>\n        <img decoding=\"async\" src=\"https:\/\/monatglobal.com\/wp-content\/uploads\/2022\/10\/Component-7Pholosophy.jpg\" loading=\"lazy\"\/>\n        <img decoding=\"async\" src=\"https:\/\/monatglobal.com\/wp-content\/uploads\/2022\/10\/EJR09178-1Philosofy2.jpg\" loading=\"lazy\"\/>\n<\/section>\n\n","protected":false},"excerpt":{"rendered":"<p>Witaj w rodzinie MONAT! Kultura MONAT W MONAT jeste\u015bmy dumni z tworzonych przez nas produkt\u00f3w na bazie naturalnych sk\u0142adnik\u00f3w, jednak nasze warto\u015bci to co\u015b wi\u0119cej ni\u017c tylko pi\u0119kne w\u0142osy i&nbsp;sk\u00f3ra. Najbardziej jeste\u015bmy dumni z tego, \u017ce zmieniamy na lepsze \u017cycie naszych Klient\u00f3w poprzez niesamowite mo\u017cliwo\u015bci, a to daje nam ogromn\u0105&nbsp;satysfakcj\u0119. Nasz\u0105 misj\u0105 jest to, aby&hellip;<\/p>\n","protected":false},"author":33,"featured_media":0,"parent":0,"menu_order":0,"comment_status":"closed","ping_status":"closed","template":"","meta":{"inline_featured_image":false,"om_disable_all_campaigns":false,"_monsterinsights_skip_tracking":false,"_monsterinsights_sitenote_active":false,"_monsterinsights_sitenote_note":"","_monsterinsights_sitenote_category":0,"footnotes":""},"categories":[],"tags":[],"class_list":["post-71734","page","type-page","status-publish","hentry"],"aioseo_notices":[],"aioseo_head":"\n\t\t<!-- All in One SEO Pro 4.9.5.2 - aioseo.com -->\n\t<meta name=\"description\" content=\"Witaj w rodzinie MONAT! Kultura MONAT W MONAT jeste\u015bmy dumni z tworzonych przez nas produkt\u00f3w na bazie naturalnych sk\u0142adnik\u00f3w, jednak nasze warto\u015bci to co\u015b wi\u0119cej ni\u017c tylko pi\u0119kne w\u0142osy i sk\u00f3ra. Najbardziej jeste\u015bmy dumni z tego, \u017ce zmieniamy na lepsze \u017cycie naszych Klient\u00f3w poprzez niesamowite mo\u017cliwo\u015bci, a to daje nam ogromn\u0105 satysfakcj\u0119. Nasz\u0105 misj\u0105 jest to, aby\" \/>\n\t<meta name=\"robots\" content=\"max-image-preview:large\" \/>\n\t<link rel=\"canonical\" href=\"https:\/\/monatglobal.com\/pl\/culture\/\" \/>\n\t<meta name=\"generator\" content=\"All in One SEO Pro (AIOSEO) 4.9.5.2\" \/>\n\t\t<meta property=\"og:locale\" content=\"pl_PL\" \/>\n\t\t<meta property=\"og:site_name\" content=\"MONAT POLAND - MONAT GLOBAL\" \/>\n\t\t<meta property=\"og:type\" content=\"article\" \/>\n\t\t<meta property=\"og:title\" content=\"Culture - MONAT POLAND\" \/>\n\t\t<meta property=\"og:description\" content=\"Witaj w rodzinie MONAT! Kultura MONAT W MONAT jeste\u015bmy dumni z tworzonych przez nas produkt\u00f3w na bazie naturalnych sk\u0142adnik\u00f3w, jednak nasze warto\u015bci to co\u015b wi\u0119cej ni\u017c tylko pi\u0119kne w\u0142osy i sk\u00f3ra. Najbardziej jeste\u015bmy dumni z tego, \u017ce zmieniamy na lepsze \u017cycie naszych Klient\u00f3w poprzez niesamowite mo\u017cliwo\u015bci, a to daje nam ogromn\u0105 satysfakcj\u0119. Nasz\u0105 misj\u0105 jest to, aby\" \/>\n\t\t<meta property=\"og:url\" content=\"https:\/\/monatglobal.com\/pl\/culture\/\" \/>\n\t\t<meta property=\"article:published_time\" content=\"2022-11-18T04:38:56+00:00\" \/>\n\t\t<meta property=\"article:modified_time\" content=\"2025-01-24T19:41:53+00:00\" \/>\n\t\t<meta name=\"twitter:card\" content=\"summary_large_image\" \/>\n\t\t<meta name=\"twitter:title\" content=\"Culture - MONAT POLAND\" \/>\n\t\t<meta name=\"twitter:description\" content=\"Witaj w rodzinie MONAT! Kultura MONAT W MONAT jeste\u015bmy dumni z tworzonych przez nas produkt\u00f3w na bazie naturalnych sk\u0142adnik\u00f3w, jednak nasze warto\u015bci to co\u015b wi\u0119cej ni\u017c tylko pi\u0119kne w\u0142osy i sk\u00f3ra. Najbardziej jeste\u015bmy dumni z tego, \u017ce zmieniamy na lepsze \u017cycie naszych Klient\u00f3w poprzez niesamowite mo\u017cliwo\u015bci, a to daje nam ogromn\u0105 satysfakcj\u0119. Nasz\u0105 misj\u0105 jest to, aby\" \/>\n\t\t<script type=\"application\/ld+json\" class=\"aioseo-schema\">\n\t\t\t{\"@context\":\"https:\\\/\\\/schema.org\",\"@graph\":[{\"@type\":\"BreadcrumbList\",\"@id\":\"https:\\\/\\\/monatglobal.com\\\/pl\\\/culture\\\/#breadcrumblist\",\"itemListElement\":[{\"@type\":\"ListItem\",\"@id\":\"https:\\\/\\\/monatglobal.com\\\/pl#listItem\",\"position\":1,\"name\":\"Home\",\"item\":\"https:\\\/\\\/monatglobal.com\\\/pl\",\"nextItem\":{\"@type\":\"ListItem\",\"@id\":\"https:\\\/\\\/monatglobal.com\\\/pl\\\/culture\\\/#listItem\",\"name\":\"Culture\"}},{\"@type\":\"ListItem\",\"@id\":\"https:\\\/\\\/monatglobal.com\\\/pl\\\/culture\\\/#listItem\",\"position\":2,\"name\":\"Culture\",\"previousItem\":{\"@type\":\"ListItem\",\"@id\":\"https:\\\/\\\/monatglobal.com\\\/pl#listItem\",\"name\":\"Home\"}}]},{\"@type\":\"Organization\",\"@id\":\"https:\\\/\\\/monatglobal.com\\\/pl\\\/#organization\",\"name\":\"MONAT POLAND\",\"description\":\"MONAT GLOBAL\",\"url\":\"https:\\\/\\\/monatglobal.com\\\/pl\\\/\"},{\"@type\":\"WebPage\",\"@id\":\"https:\\\/\\\/monatglobal.com\\\/pl\\\/culture\\\/#webpage\",\"url\":\"https:\\\/\\\/monatglobal.com\\\/pl\\\/culture\\\/\",\"name\":\"Culture - MONAT POLAND\",\"description\":\"Witaj w rodzinie MONAT! Kultura MONAT W MONAT jeste\\u015bmy dumni z tworzonych przez nas produkt\\u00f3w na bazie naturalnych sk\\u0142adnik\\u00f3w, jednak nasze warto\\u015bci to co\\u015b wi\\u0119cej ni\\u017c tylko pi\\u0119kne w\\u0142osy i sk\\u00f3ra. Najbardziej jeste\\u015bmy dumni z tego, \\u017ce zmieniamy na lepsze \\u017cycie naszych Klient\\u00f3w poprzez niesamowite mo\\u017cliwo\\u015bci, a to daje nam ogromn\\u0105 satysfakcj\\u0119. Nasz\\u0105 misj\\u0105 jest to, aby\",\"inLanguage\":\"pl-PL\",\"isPartOf\":{\"@id\":\"https:\\\/\\\/monatglobal.com\\\/pl\\\/#website\"},\"breadcrumb\":{\"@id\":\"https:\\\/\\\/monatglobal.com\\\/pl\\\/culture\\\/#breadcrumblist\"},\"datePublished\":\"2022-11-18T04:38:56+00:00\",\"dateModified\":\"2025-01-24T19:41:53+00:00\"},{\"@type\":\"WebSite\",\"@id\":\"https:\\\/\\\/monatglobal.com\\\/pl\\\/#website\",\"url\":\"https:\\\/\\\/monatglobal.com\\\/pl\\\/\",\"name\":\"MONAT POLAND\",\"description\":\"MONAT GLOBAL\",\"inLanguage\":\"pl-PL\",\"publisher\":{\"@id\":\"https:\\\/\\\/monatglobal.com\\\/pl\\\/#organization\"}}]}\n\t\t<\/script>\n\t\t<!-- All in One SEO Pro -->\r\n\t\t<title>Culture - MONAT POLAND<\/title>\n\n","aioseo_head_json":{"title":"Culture - MONAT POLAND","description":"Witaj w rodzinie MONAT! Kultura MONAT W MONAT jeste\u015bmy dumni z tworzonych przez nas produkt\u00f3w na bazie naturalnych sk\u0142adnik\u00f3w, jednak nasze warto\u015bci to co\u015b wi\u0119cej ni\u017c tylko pi\u0119kne w\u0142osy i sk\u00f3ra. Najbardziej jeste\u015bmy dumni z tego, \u017ce zmieniamy na lepsze \u017cycie naszych Klient\u00f3w poprzez niesamowite mo\u017cliwo\u015bci, a to daje nam ogromn\u0105 satysfakcj\u0119. Nasz\u0105 misj\u0105 jest to, aby","canonical_url":"https:\/\/monatglobal.com\/pl\/culture\/","robots":"max-image-preview:large","keywords":"","webmasterTools":{"miscellaneous":""},"schema":{"@context":"https:\/\/schema.org","@graph":[{"@type":"BreadcrumbList","@id":"https:\/\/monatglobal.com\/pl\/culture\/#breadcrumblist","itemListElement":[{"@type":"ListItem","@id":"https:\/\/monatglobal.com\/pl#listItem","position":1,"name":"Home","item":"https:\/\/monatglobal.com\/pl","nextItem":{"@type":"ListItem","@id":"https:\/\/monatglobal.com\/pl\/culture\/#listItem","name":"Culture"}},{"@type":"ListItem","@id":"https:\/\/monatglobal.com\/pl\/culture\/#listItem","position":2,"name":"Culture","previousItem":{"@type":"ListItem","@id":"https:\/\/monatglobal.com\/pl#listItem","name":"Home"}}]},{"@type":"Organization","@id":"https:\/\/monatglobal.com\/pl\/#organization","name":"MONAT POLAND","description":"MONAT GLOBAL","url":"https:\/\/monatglobal.com\/pl\/"},{"@type":"WebPage","@id":"https:\/\/monatglobal.com\/pl\/culture\/#webpage","url":"https:\/\/monatglobal.com\/pl\/culture\/","name":"Culture - MONAT POLAND","description":"Witaj w rodzinie MONAT! Kultura MONAT W MONAT jeste\u015bmy dumni z tworzonych przez nas produkt\u00f3w na bazie naturalnych sk\u0142adnik\u00f3w, jednak nasze warto\u015bci to co\u015b wi\u0119cej ni\u017c tylko pi\u0119kne w\u0142osy i sk\u00f3ra. Najbardziej jeste\u015bmy dumni z tego, \u017ce zmieniamy na lepsze \u017cycie naszych Klient\u00f3w poprzez niesamowite mo\u017cliwo\u015bci, a to daje nam ogromn\u0105 satysfakcj\u0119. Nasz\u0105 misj\u0105 jest to, aby","inLanguage":"pl-PL","isPartOf":{"@id":"https:\/\/monatglobal.com\/pl\/#website"},"breadcrumb":{"@id":"https:\/\/monatglobal.com\/pl\/culture\/#breadcrumblist"},"datePublished":"2022-11-18T04:38:56+00:00","dateModified":"2025-01-24T19:41:53+00:00"},{"@type":"WebSite","@id":"https:\/\/monatglobal.com\/pl\/#website","url":"https:\/\/monatglobal.com\/pl\/","name":"MONAT POLAND","description":"MONAT GLOBAL","inLanguage":"pl-PL","publisher":{"@id":"https:\/\/monatglobal.com\/pl\/#organization"}}]},"og:locale":"pl_PL","og:site_name":"MONAT POLAND - MONAT GLOBAL","og:type":"article","og:title":"Culture - MONAT POLAND","og:description":"Witaj w rodzinie MONAT! Kultura MONAT W MONAT jeste\u015bmy dumni z tworzonych przez nas produkt\u00f3w na bazie naturalnych sk\u0142adnik\u00f3w, jednak nasze warto\u015bci to co\u015b wi\u0119cej ni\u017c tylko pi\u0119kne w\u0142osy i sk\u00f3ra. Najbardziej jeste\u015bmy dumni z tego, \u017ce zmieniamy na lepsze \u017cycie naszych Klient\u00f3w poprzez niesamowite mo\u017cliwo\u015bci, a to daje nam ogromn\u0105 satysfakcj\u0119. Nasz\u0105 misj\u0105 jest to, aby","og:url":"https:\/\/monatglobal.com\/pl\/culture\/","article:published_time":"2022-11-18T04:38:56+00:00","article:modified_time":"2025-01-24T19:41:53+00:00","twitter:card":"summary_large_image","twitter:title":"Culture - MONAT POLAND","twitter:description":"Witaj w rodzinie MONAT! Kultura MONAT W MONAT jeste\u015bmy dumni z tworzonych przez nas produkt\u00f3w na bazie naturalnych sk\u0142adnik\u00f3w, jednak nasze warto\u015bci to co\u015b wi\u0119cej ni\u017c tylko pi\u0119kne w\u0142osy i sk\u00f3ra. Najbardziej jeste\u015bmy dumni z tego, \u017ce zmieniamy na lepsze \u017cycie naszych Klient\u00f3w poprzez niesamowite mo\u017cliwo\u015bci, a to daje nam ogromn\u0105 satysfakcj\u0119. Nasz\u0105 misj\u0105 jest to, aby"},"aioseo_meta_data":{"post_id":"71734","title":null,"description":null,"keywords":null,"keyphrases":null,"primary_term":null,"canonical_url":null,"og_title":null,"og_description":null,"og_object_type":"default","og_image_type":"default","og_image_url":null,"og_image_width":null,"og_image_height":null,"og_image_custom_url":null,"og_image_custom_fields":null,"og_video":null,"og_custom_url":null,"og_article_section":null,"og_article_tags":null,"twitter_use_og":false,"twitter_card":"default","twitter_image_type":"default","twitter_image_url":null,"twitter_image_custom_url":null,"twitter_image_custom_fields":null,"twitter_title":null,"twitter_description":null,"schema":{"blockGraphs":[],"customGraphs":[],"default":{"data":{"Article":[],"Course":[],"Dataset":[],"FAQPage":[],"Movie":[],"Person":[],"Product":[],"ProductReview":[],"Car":[],"Recipe":[],"Service":[],"SoftwareApplication":[],"WebPage":[]},"graphName":"","isEnabled":true},"graphs":[]},"schema_type":"default","schema_type_options":null,"pillar_content":false,"robots_default":true,"robots_noindex":false,"robots_noarchive":false,"robots_nosnippet":false,"robots_nofollow":false,"robots_noimageindex":false,"robots_noodp":false,"robots_notranslate":false,"robots_max_snippet":null,"robots_max_videopreview":null,"robots_max_imagepreview":"large","priority":null,"frequency":null,"local_seo":null,"seo_analyzer_scan_date":"2025-08-15 05:25:03","limit_modified_date":false,"reviewed_by":null,"open_ai":null,"ai":null,"created":"2023-07-26 10:08:08","updated":"2026-02-10 05:23:46"},"aioseo_breadcrumb":"<div class=\"aioseo-breadcrumbs\"><span class=\"aioseo-breadcrumb\">\n\t<a href=\"https:\/\/monatglobal.com\/pl\" title=\"Home\">Home<\/a>\n<\/span><span class=\"aioseo-breadcrumb-separator\">&raquo;<\/span><span class=\"aioseo-breadcrumb\">\n\tCulture\n<\/span><\/div>","aioseo_breadcrumb_json":[{"label":"Home","link":"https:\/\/monatglobal.com\/pl"},{"label":"Culture","link":"https:\/\/monatglobal.com\/pl\/culture\/"}],"_links":{"self":[{"href":"https:\/\/monatglobal.com\/pl\/wp-json\/wp\/v2\/pages\/71734","targetHints":{"allow":["GET"]}}],"collection":[{"href":"https:\/\/monatglobal.com\/pl\/wp-json\/wp\/v2\/pages"}],"about":[{"href":"https:\/\/monatglobal.com\/pl\/wp-json\/wp\/v2\/types\/page"}],"author":[{"embeddable":true,"href":"https:\/\/monatglobal.com\/pl\/wp-json\/wp\/v2\/users\/33"}],"replies":[{"embeddable":true,"href":"https:\/\/monatglobal.com\/pl\/wp-json\/wp\/v2\/comments?post=71734"}],"version-history":[{"count":11,"href":"https:\/\/monatglobal.com\/pl\/wp-json\/wp\/v2\/pages\/71734\/revisions"}],"predecessor-version":[{"id":86259,"href":"https:\/\/monatglobal.com\/pl\/wp-json\/wp\/v2\/pages\/71734\/revisions\/86259"}],"wp:attachment":[{"href":"https:\/\/monatglobal.com\/pl\/wp-json\/wp\/v2\/media?parent=71734"}],"wp:term":[{"taxonomy":"category","embeddable":true,"href":"https:\/\/monatglobal.com\/pl\/wp-json\/wp\/v2\/categories?post=71734"},{"taxonomy":"post_tag","embeddable":true,"href":"https:\/\/monatglobal.com\/pl\/wp-json\/wp\/v2\/tags?post=71734"}],"curies":[{"name":"wp","href":"https:\/\/api.w.org\/{rel}","templated":true}]}}