{"id":71159,"date":"2022-09-07T17:35:47","date_gmt":"2022-09-07T16:35:47","guid":{"rendered":"https:\/\/monatglobal.com\/pl\/?page_id=71159"},"modified":"2026-02-19T16:56:33","modified_gmt":"2026-02-19T16:56:33","slug":"intense-repair-serum","status":"publish","type":"page","link":"https:\/\/monatglobal.com\/pl\/intense-repair-serum\/","title":{"rendered":"Serum Przeciw Przerzedzeniu W\u0142os\u00f3w"},"content":{"rendered":"\n<link rel=\"stylesheet\" href=\"https:\/\/unpkg.com\/swiper\/swiper-bundle.min.css\">\n<link rel=\"stylesheet\" href=\"https:\/\/monatglobal.com\/wp-content\/creative_css\/product_styles_sheet.css\">\n    <!--==================================================== ECOMM SECTION ====================================================--> \n\t\t<!--==================================================== Ecomm image ====================================================-->\n\t\t<img decoding=\"async\" src=\"https:\/\/monatglobal.com\/wp-content\/uploads\/2026\/01\/IR-CLINICAL-HAIR-THINNING-DEFENSE-SERUM_ecomm-2022_webpage-logo.png\" alt=\"Product shot of IR Clinical\u2122 Hair Thinning Defense.\" loading=\"lazy\">\n\t\t<!--==================================================== Ecomm information  ====================================================-->\n\t\t\t\n\t\t\tNOWO\u015a\u0106\n\t\t\t<p>IR Clinical\u2122<\/p>\n\t\t\t<h1>Serum Przeciw Przerzedzeniu W\u0142os\u00f3w<\/h1>\n\t\t\t<p>Scalp Serum<\/p>\n\t\t\t\n\t\t\t<p>Lekkie, niet\u0142uste serum zmniejsza tendencj\u0119 do \u0142amania si\u0119 w\u0142os\u00f3w, zmniejsza ich wypadanie o 92% i po 60 dniach daje g\u0119stsze w\u0142osy o zwi\u0119kszonej obj\u0119to\u015bci**.<\/p>\n\t\t\t<p>*Na podstawie badania \u0142amliwo\u015bci w\u0142os\u00f3w, kt\u00f3re polega\u0142o na czesaniu w\u0142os\u00f3w grzebieniem i szczotk\u0105. <br>**Na podstawie bada\u0144 instrumentalnych mierz\u0105cych \u015brednic\u0119 w\u0142\u00f3kna w\u0142osa po zastosowaniu IR Clinical\u2122 Serum Przeciw Przerzedzeniu W\u0142os\u00f3w.<\/p>\n\t\t\t<p>50 ml e 1.7 fl. oz<\/p>  \n\t\t<!--==================================================== pricing box ====================================================-->\n         <p>Cena detaliczna<br>000.00 z\u0142<\/p>\n         <p>Klient VIP<br>000.00 z\u0142<\/p>\n\t\t<!--==================================================== pricing box ====================================================-->\t\n\t\t\t<p>Aby dowiedzie\u0107 si\u0119 wi\u0119cej o  IR Clinical\u2122 Serum Przeciw Przerzedzeniu W\u0142os\u00f3w, skontaktuj si\u0119 z Twoim Market&nbsp;Partnerem.<\/p>\n          <a href=\"\" target=\"_blank\" role=\"button\" aria-label=\"\" rel=\"noopener\"><\/a>\n\t<!--==================================================== \/ECOMM SECTION  ====================================================-->\n\t<!--==================================================== Benefits image ====================================================-->\n\t\n\t\t<source media=\"(max-width: 700px)\" srcset=\"https:\/\/monatglobal.com\/wp-content\/uploads\/2022\/08\/benefits-mobile-Ir-clinical-scalp-serum.jpg\" loading=\"lazy\">\n\t\t\t<img decoding=\"async\" alt=\"Female with brown curly hair smiling while holding IR Clinical\u2122 Hair Thinning Defense.\" src=\"https:\/\/monatglobal.com\/wp-content\/uploads\/2022\/08\/IRC-scalp-serum-desktop.jpg\" loading=\"lazy\">\n\t\t\n\t\t<!--==================================================== Benefits text ====================================================-->\n\t\t\t\t<h2>ZALETY<\/h2>\n\t\t\t\t<h3>Innowacyjne serum do sk\u00f3ry g\u0142owy nadaje w\u0142osom si\u0142\u0119, blask oraz&nbsp;g\u0119sto\u015b\u0107!**<\/h3>\n\t\t\t<p>Zawiera energetyzuj\u0105c\u0105 kofein\u0119, melatonin\u0119 oraz antyoksydanty, kt\u00f3re wzmacniaj\u0105 kondycj\u0119 sk\u00f3ry g\u0142owy oraz w\u0142os\u00f3w podczas wielokrotnego u\u017cycia&nbsp;produktu.<\/p>\n                    *Na podstawie badania \u0142amliwo\u015bci w\u0142os\u00f3w, kt\u00f3re polega\u0142o na czesaniu w\u0142os\u00f3w grzebieniem i&nbsp;szczotk\u0105. <br>\n**Na podstawie bada\u0144 instrumentalnych mierz\u0105cych \u015brednic\u0119 w\u0142\u00f3kna w\u0142osa po zastosowaniu IR Clinical\u2122 Serum Przeciw Przerzedzeniu&nbsp;W\u0142os\u00f3w. \n\t\t\t\t<!--==================================================== features image  ====================================================-->\n\t\t\t\t<img decoding=\"async\" alt=\"Petri dishes with different ingredients sitting on a lavendar surface.\" src=\"https:\/\/monatglobal.com\/wp-content\/uploads\/2022\/08\/IR-Clinical-scalp-serum-ingredients-2-.jpg\" loading=\"lazy\">\n\t\t\t<!--==================================================== features text ====================================================-->\n\t\t\t\t\t<h3>Cechy<\/h3> \n\t\t\t\t\t    <p>\/ Melatonina i kofeina maj\u0105 w\u0142a\u015bciwo\u015bci zmniejszaj\u0105ce produkcj\u0119 DHT<\/p>\n\t\t\t\t\t\t<p>\/ CAPIXYL\u2122 pomaga wzmocni\u0107, pogrubi\u0107 oraz zag\u0119\u015bci\u0107 w\u0142osy<\/p>\n\t\t\t\t\t\t<p>\/ Bioaktywna D-biotyna jest niezb\u0119dna dla zdrowych w\u0142os\u00f3w<\/p>\n\t\t\t\t\t\t<p>\/ Resweratrol zapewnia sk\u00f3rze g\u0142owy w\u0142a\u015bciwo\u015bci koj\u0105ce<\/p>\n\t\t\t\t\t\t<br>\n\t\t\t\t\t<p>Zapach \/ Bezzapachowy <\/p>\n\t\t\t\t\t<p> Tekstura \/ Lekka, niet\u0142usta formu\u0142a.<\/p>\n\t\t<!--==================================================== composition image mobile ====================================================-->\n\t\t<img decoding=\"async\" alt=\"IR Clinical\u2122 Hair Thinning Defense sitting on a clear cylinder, next to different clear and white ceramic objects.\" src=\"https:\/\/monatglobal.com\/wp-content\/uploads\/2022\/08\/IR-Clinical-Composition-1-scalp-serum.jpg\" loading=\"lazy\">\n\t\t<!--==================================================== Why it works text ====================================================-->\n\t\t\t\n\t\t\t<h3>8 na 10 konsument\u00f3w uzna\u0142o, \u017ce produkt pom\u00f3g\u0142 poprawi\u0107 wzrost&nbsp;w\u0142os\u00f3w*.<\/h3>\n              <p>Serum, oczekuj\u0105ce na opatentowanie, zawiera unikaln\u0105 technologi\u0119, kt\u00f3ra wnika w sk\u00f3r\u0119 g\u0142owy, zapewniaj\u0105c w\u0142osom&nbsp;wzmocnienie.<\/p>\n\t\t\t<p>*Badanie przeprowadzone pod kontrol\u0105 dermatologa, w kt\u00f3rym wzi\u0119\u0142o udzia\u0142 39 kobiet w wieku od 18 do 70&nbsp;lat.<\/p>\n\t<!--==================================================== Composition section ====================================================-->\n\t\t\t<img decoding=\"async\" alt=\"IR Clinical\u2122 Hair Thinning Defense sitting on a clear cylinder, next to different clear and white ceramic objects.\" src=\"https:\/\/monatglobal.com\/wp-content\/uploads\/2022\/08\/IR-Clinical-Composition-1-scalp-serum.jpg\" loading=\"lazy\">\n\t\t\t<img decoding=\"async\" alt=\"Brunette female smiling while applying IR Clinical\u2122 Hair Thinning Defense to her curly hair, overlaying a photo of bubbles on a purple surface.\" src=\"https:\/\/monatglobal.com\/wp-content\/uploads\/2022\/08\/IR-Clinical-scalp-serum-Composition-2-.jpg\" loading=\"lazy\">\n\t\t\t\t\t<!--==================================================== Directions text ====================================================--> \n\t\t\t\t\t\t<h3>Spos\u00f3b u\u017cycia<\/h3>\n\t\t\t\t\t\t\t<p>\/ Aplikuj serum bezpo\u015brednio na such\u0105 lub wilgotn\u0105 sk\u00f3r\u0119 g\u0142owy, oddzielaj\u0105c pasma zakraplaczem. U\u017cyj 1-3 pe\u0142nych zakraplaczy na ca\u0142\u0105 sk\u00f3r\u0119&nbsp;g\u0142owy.<\/p>\n\t\t\t\t\t\t\t<p>\/ Wmasuj produkt opuszkami palc\u00f3w. Nie sp\u0142ukuj. Serum nale\u017cy stosowa\u0107 raz&nbsp;dziennie.<\/p>\n\t\t\t\t\t\t\t\t<p>\/ Aby uzyska\u0107 najlepsze rezultaty, stosuj w po\u0142\u0105czeniu z <a href=\"https:\/\/monatglobal.com\/pl\/irt-shampoo\/\" aria-label=\"Go to IR Clinical\u2122 Thickening Shampoo web page\">Szamponem<\/a> i <a href=\"https:\/\/monatglobal.com\/pl\/intense-repair-treatment-conditioner\/\" aria-label=\"Go to IR Clinical\u2122 Thickening Conditioner web page\">Od\u017cywk\u0105 Pogrubiaj\u0105cymi W\u0142osy IR Clinical\u2122<\/a>. Aby uzyska\u0107 optymalne rezultaty, IR Clinical\u2122 Serum Przeciw Przerzedzeniu W\u0142os\u00f3w powinno sta\u0107 si\u0119 cz\u0119\u015bci\u0105 codziennej rutyny piel\u0119gnacyjnej w\u0142os\u00f3w.<\/p>\n\t\t\t\t\t<!--==================================================== Directions video ====================================================-->\n\t\t<p>IR Clinical\u2122<br>Serum Przeciw<br>Przerzedzeniu W\u0142os\u00f3w<br>0:53<\/p>\n      <a href=\"\" target=\"_blank\" role=\"button\" aria-label=\"\" rel=\"noopener\"><\/a>\n\t<!--==================================================== Ingredients section  ====================================================-->\n    <h2>PRZEGL\u0104D SK\u0141ADNIK\u00d3W<\/h2>\n                <img decoding=\"async\" src=\"https:\/\/monatglobal.com\/wp-content\/uploads\/2022\/11\/Caffeine.svg\" alt=\"Kofeina\">\n            <p>Kofeina<\/p>\n        <img decoding=\"async\" src=\"https:\/\/monatglobal.com\/wp-content\/uploads\/2022\/11\/Melatonin.svg\" alt=\"Melatonina\">\n        <p>Melatonina<\/p>\n      <img decoding=\"async\" src=\"https:\/\/monatglobal.com\/wp-content\/uploads\/2022\/11\/capixyl.svg\" alt=\"CAPIXYL\u2122\">\n    <p>CAPIXYL\u2122 <\/p>\n    <img decoding=\"async\" src=\"https:\/\/monatglobal.com\/wp-content\/uploads\/2022\/11\/Resveratrol.svg\" alt=\"Resweratrol\">\n<p>Resweratrol<\/p>\n<img decoding=\"async\" src=\"https:\/\/monatglobal.com\/wp-content\/uploads\/2022\/11\/Biotin.svg\" alt=\"D-biotyna\">\n<p>D-biotyna<\/p>\n<img decoding=\"async\" src=\"https:\/\/monatglobal.com\/wp-content\/uploads\/2022\/08\/bakuchiol.svg\" alt=\"Bakuchiol\">\n\t<p>Bakuchiol<\/p>\n<button id=\"myBtn\" type=\"button\">PE\u0141NA LISTA SK\u0141ADNIK\u00d3W<\/button>\n\t<!--==================================================== Modal content  ====================================================-->\n\t\t\u00d7\n\t\tAqua\/Water\/Eau, Propanediol, Glycerin, Butylene Glycol, Acetyl Tetrapeptide-3, Bakuchiol, Trifolium Pratense (Clover) Flower Extract, Pisum Sativum (Pea) Extract, Picea Mariana Bark Extract, Sodium Hyaluronate, Biotin, Caffeine, Dextran, Melatonin, 1,2-Hexanediol, Hydroxyethyl Acrylate\/Sodium Acryloyldimethyl Taurate Copolymer, Polyglyceryl-4 Laurate\/Sebacate, Polyglyceryl-6 Caprylate\/Caprate, Xanthan Gum, Resveratrol, Sodium Ascorbyl Phosphate, Sodium Benzoate, Sodium Gluconate, Sodium Polyglutamate, Citric Acid, Sorbitan Isostearate, Tocopherol, Ethylhexylglycerin, Benzyl Alcohol.\n\n<!--==================================================== You might also like section ====================================================-->\n\t<h2>MO\u017bE CI\u0118 R\u00d3WNIE\u017b ZAINTERESOWA\u0106<\/h2>\n\t<!--==================================================== Slider YOU MIGHT ALSO LIKE ====================================================-->\n\t<!---->\n\t<!--\t-->\n\t\t\t<!--==================================================== Slides products ====================================================-->\n\t<!--\t\t-->\n\t<!--\t\t\t<a href=\"\/pl\/irt-shampoo\/\" aria-label=\"Go to IR Clinical\u2122 Szampon Pogrubiaj\u0105cy W\u0142osy page\">-->\n\t<!--\t\t\t\t<img decoding=\"async\" src=\"https:\/\/monatglobal.com\/wp-content\/uploads\/2022\/12\/IR-CLINICAL-THICKENING-SHAMPOO_Ecomm-min-1.png\" alt=\"IR Clinical\u2122 Szampon Pogrubiaj\u0105cy W\u0142osy\" loading=\"lazy\"\/>-->\n\t<!--\t\t\t\t<p>IR Clinical\u2122 <br \/>Szampon Pogrubiaj\u0105cy W\u0142osy<\/p>-->\n\t<!--\t\t\t<\/a>-->\n\t<!--\t\t-->\n\t<!--\t\t-->\n\t<!--\t\t\t<a href=\"\/pl\/intense-repair-treatment-conditioner\/\" aria-label=\"Go to IR Clinical\u2122 Od\u017cywka Pogrubiaj\u0105ca W\u0142osy page\">-->\n\t<!--\t\t\t\t<img decoding=\"async\" src=\"https:\/\/monatglobal.com\/wp-content\/uploads\/2022\/12\/IR-CLINICAL-THICKENING-CONDITIONER_E_comm-min.png\" alt=\"IR Clinical\u2122 Od\u017cywka Pogrubiaj\u0105ca W\u0142osy\" loading=\"lazy\"\/>-->\n\t<!--\t\t\t\t<p>IR Clinical\u2122 <br \/>Od\u017cywka Pogrubiaj\u0105ca W\u0142osy<\/p>-->\n\t<!--\t\t\t<\/a>-->\n\t<!--\t\t-->\n\t<!--\t\t-->\n\t<!--\t\t\t<a href=\"https:\/\/corp.mymonat.com\/shop\/products\/monat-studio-one-volume-lift-spray-6000002083\/?globallanguage=pl&globalmarket=pl\" target=\"_blank\" aria-label=\"Go to MONAT STUDIO ONE\u2122 Spray Nadaj\u0105cy Obj\u0119to\u015b\u0107 I Unosz\u0105cy W\u0142osy U Nasady page\" rel=\"noopener\">-->\n\t<!--\t\t\t\t<img decoding=\"async\" src=\"https:\/\/monatglobal.com\/wp-content\/uploads\/2022\/12\/STUDIO-ONE-VOLUME-LIFT-SPRAY_-ecomm-min.png\" alt=\"MONAT STUDIO ONE\u2122 Spray Nadaj\u0105cy Obj\u0119to\u015b\u0107 I Unosz\u0105cy W\u0142osy U Nasady\" loading=\"lazy\"\/>-->\n\t<!--\t\t\t\t<p>MONAT STUDIO ONE\u2122 <br \/>Spray Nadaj\u0105cy Obj\u0119to\u015b\u0107 I Unosz\u0105cy W\u0142osy U Nasady<\/p>-->\n\t<!--\t\t\t<\/a>-->\n\t<!--\t\t-->\n\t<!--\t-->\n\t\t<!--==================================================== If we need navigation buttons  ====================================================-->\n\t<!--\t-->\n\t<!--\t-->\n\t\t<!--==================================================== If we need paginations  ====================================================-->\n\t<!--\t-->\n\t<!---->\n         <!--==================================================== If we need navigation buttons  ====================================================-->\n         <!--==================================================== If we need paginations  ====================================================-->\n    <a href=\"\" aria-label=\"\"><\/a>\n<!--==================================================== this link has to go last for it to work   ====================================================-->\n","protected":false},"excerpt":{"rendered":"<p>NOWO\u015a\u0106 IR Clinical\u2122 Serum Przeciw Przerzedzeniu W\u0142os\u00f3w Scalp Serum Lekkie, niet\u0142uste serum zmniejsza tendencj\u0119 do \u0142amania si\u0119 w\u0142os\u00f3w, zmniejsza ich wypadanie o 92% i po 60 dniach daje g\u0119stsze w\u0142osy o zwi\u0119kszonej obj\u0119to\u015bci**. *Na podstawie badania \u0142amliwo\u015bci w\u0142os\u00f3w, kt\u00f3re polega\u0142o na czesaniu w\u0142os\u00f3w grzebieniem i szczotk\u0105. **Na podstawie bada\u0144 instrumentalnych mierz\u0105cych \u015brednic\u0119 w\u0142\u00f3kna w\u0142osa po&hellip;<\/p>\n","protected":false},"author":33,"featured_media":71210,"parent":0,"menu_order":0,"comment_status":"closed","ping_status":"closed","template":"","meta":{"inline_featured_image":false,"om_disable_all_campaigns":false,"_monsterinsights_skip_tracking":false,"_monsterinsights_sitenote_active":false,"_monsterinsights_sitenote_note":"","_monsterinsights_sitenote_category":0,"footnotes":""},"categories":[39],"tags":[],"class_list":["post-71159","page","type-page","status-publish","has-post-thumbnail","hentry","category-product-pl"],"aioseo_notices":[],"aioseo_head":"\n\t\t<!-- All in One SEO Pro 4.9.6 - aioseo.com -->\n\t<meta name=\"description\" content=\"--&gt;\" \/>\n\t<meta name=\"robots\" content=\"max-image-preview:large\" \/>\n\t<link rel=\"canonical\" href=\"https:\/\/monatglobal.com\/pl\/intense-repair-serum\/\" \/>\n\t<meta name=\"generator\" content=\"All in One SEO Pro (AIOSEO) 4.9.6\" \/>\n\t\t<meta property=\"og:locale\" content=\"pl_PL\" \/>\n\t\t<meta property=\"og:site_name\" content=\"MONAT POLAND - MONAT GLOBAL\" \/>\n\t\t<meta property=\"og:type\" content=\"article\" \/>\n\t\t<meta property=\"og:title\" content=\"Serum Przeciw Przerzedzeniu W\u0142os\u00f3w\" \/>\n\t\t<meta property=\"og:description\" content=\"--&gt;\" \/>\n\t\t<meta property=\"og:url\" content=\"https:\/\/monatglobal.com\/pl\/intense-repair-serum\/\" \/>\n\t\t<meta property=\"article:published_time\" content=\"2022-09-07T16:35:47+00:00\" \/>\n\t\t<meta property=\"article:modified_time\" content=\"2026-02-19T16:56:33+00:00\" \/>\n\t\t<meta name=\"twitter:card\" content=\"summary_large_image\" \/>\n\t\t<meta name=\"twitter:title\" content=\"Serum Przeciw Przerzedzeniu W\u0142os\u00f3w\" \/>\n\t\t<meta name=\"twitter:description\" content=\"--&gt;\" \/>\n\t\t<script type=\"application\/ld+json\" class=\"aioseo-schema\">\n\t\t\t{\"@context\":\"https:\\\/\\\/schema.org\",\"@graph\":[{\"@type\":\"BreadcrumbList\",\"@id\":\"https:\\\/\\\/monatglobal.com\\\/pl\\\/intense-repair-serum\\\/#breadcrumblist\",\"itemListElement\":[{\"@type\":\"ListItem\",\"@id\":\"https:\\\/\\\/monatglobal.com\\\/pl#listItem\",\"position\":1,\"name\":\"Home\",\"item\":\"https:\\\/\\\/monatglobal.com\\\/pl\",\"nextItem\":{\"@type\":\"ListItem\",\"@id\":\"https:\\\/\\\/monatglobal.com\\\/pl\\\/intense-repair-serum\\\/#listItem\",\"name\":\"Serum Przeciw Przerzedzeniu W\\u0142os\\u00f3w\"}},{\"@type\":\"ListItem\",\"@id\":\"https:\\\/\\\/monatglobal.com\\\/pl\\\/intense-repair-serum\\\/#listItem\",\"position\":2,\"name\":\"Serum Przeciw Przerzedzeniu W\\u0142os\\u00f3w\",\"previousItem\":{\"@type\":\"ListItem\",\"@id\":\"https:\\\/\\\/monatglobal.com\\\/pl#listItem\",\"name\":\"Home\"}}]},{\"@type\":\"Organization\",\"@id\":\"https:\\\/\\\/monatglobal.com\\\/pl\\\/#organization\",\"name\":\"MONAT POLAND\",\"description\":\"MONAT GLOBAL\",\"url\":\"https:\\\/\\\/monatglobal.com\\\/pl\\\/\"},{\"@type\":\"WebPage\",\"@id\":\"https:\\\/\\\/monatglobal.com\\\/pl\\\/intense-repair-serum\\\/#webpage\",\"url\":\"https:\\\/\\\/monatglobal.com\\\/pl\\\/intense-repair-serum\\\/\",\"name\":\"Serum Przeciw Przerzedzeniu W\\u0142os\\u00f3w\",\"description\":\"-->\",\"inLanguage\":\"pl-PL\",\"isPartOf\":{\"@id\":\"https:\\\/\\\/monatglobal.com\\\/pl\\\/#website\"},\"breadcrumb\":{\"@id\":\"https:\\\/\\\/monatglobal.com\\\/pl\\\/intense-repair-serum\\\/#breadcrumblist\"},\"image\":{\"@type\":\"ImageObject\",\"url\":\"https:\\\/\\\/monatglobal.com\\\/pl\\\/wp-content\\\/uploads\\\/sites\\\/9\\\/2022\\\/09\\\/IR-CLINICAL-HAIR-THINNING-DEFENSE-SERUM_ecomm-2022_webpage-1.png\",\"@id\":\"https:\\\/\\\/monatglobal.com\\\/pl\\\/intense-repair-serum\\\/#mainImage\",\"width\":641,\"height\":800},\"primaryImageOfPage\":{\"@id\":\"https:\\\/\\\/monatglobal.com\\\/pl\\\/intense-repair-serum\\\/#mainImage\"},\"datePublished\":\"2022-09-07T17:35:47+01:00\",\"dateModified\":\"2026-02-19T16:56:33+00:00\"},{\"@type\":\"WebSite\",\"@id\":\"https:\\\/\\\/monatglobal.com\\\/pl\\\/#website\",\"url\":\"https:\\\/\\\/monatglobal.com\\\/pl\\\/\",\"name\":\"MONAT POLAND\",\"description\":\"MONAT GLOBAL\",\"inLanguage\":\"pl-PL\",\"publisher\":{\"@id\":\"https:\\\/\\\/monatglobal.com\\\/pl\\\/#organization\"}}]}\n\t\t<\/script>\n\t\t<!-- All in One SEO Pro -->\r\n\t\t<title>Serum Przeciw Przerzedzeniu W\u0142os\u00f3w<\/title>\n\n","aioseo_head_json":{"title":"Serum Przeciw Przerzedzeniu W\u0142os\u00f3w","description":"-->","canonical_url":"https:\/\/monatglobal.com\/pl\/intense-repair-serum\/","robots":"max-image-preview:large","keywords":"","webmasterTools":{"miscellaneous":""},"schema":{"@context":"https:\/\/schema.org","@graph":[{"@type":"BreadcrumbList","@id":"https:\/\/monatglobal.com\/pl\/intense-repair-serum\/#breadcrumblist","itemListElement":[{"@type":"ListItem","@id":"https:\/\/monatglobal.com\/pl#listItem","position":1,"name":"Home","item":"https:\/\/monatglobal.com\/pl","nextItem":{"@type":"ListItem","@id":"https:\/\/monatglobal.com\/pl\/intense-repair-serum\/#listItem","name":"Serum Przeciw Przerzedzeniu W\u0142os\u00f3w"}},{"@type":"ListItem","@id":"https:\/\/monatglobal.com\/pl\/intense-repair-serum\/#listItem","position":2,"name":"Serum Przeciw Przerzedzeniu W\u0142os\u00f3w","previousItem":{"@type":"ListItem","@id":"https:\/\/monatglobal.com\/pl#listItem","name":"Home"}}]},{"@type":"Organization","@id":"https:\/\/monatglobal.com\/pl\/#organization","name":"MONAT POLAND","description":"MONAT GLOBAL","url":"https:\/\/monatglobal.com\/pl\/"},{"@type":"WebPage","@id":"https:\/\/monatglobal.com\/pl\/intense-repair-serum\/#webpage","url":"https:\/\/monatglobal.com\/pl\/intense-repair-serum\/","name":"Serum Przeciw Przerzedzeniu W\u0142os\u00f3w","description":"-->","inLanguage":"pl-PL","isPartOf":{"@id":"https:\/\/monatglobal.com\/pl\/#website"},"breadcrumb":{"@id":"https:\/\/monatglobal.com\/pl\/intense-repair-serum\/#breadcrumblist"},"image":{"@type":"ImageObject","url":"https:\/\/monatglobal.com\/pl\/wp-content\/uploads\/sites\/9\/2022\/09\/IR-CLINICAL-HAIR-THINNING-DEFENSE-SERUM_ecomm-2022_webpage-1.png","@id":"https:\/\/monatglobal.com\/pl\/intense-repair-serum\/#mainImage","width":641,"height":800},"primaryImageOfPage":{"@id":"https:\/\/monatglobal.com\/pl\/intense-repair-serum\/#mainImage"},"datePublished":"2022-09-07T17:35:47+01:00","dateModified":"2026-02-19T16:56:33+00:00"},{"@type":"WebSite","@id":"https:\/\/monatglobal.com\/pl\/#website","url":"https:\/\/monatglobal.com\/pl\/","name":"MONAT POLAND","description":"MONAT GLOBAL","inLanguage":"pl-PL","publisher":{"@id":"https:\/\/monatglobal.com\/pl\/#organization"}}]},"og:locale":"pl_PL","og:site_name":"MONAT POLAND - MONAT GLOBAL","og:type":"article","og:title":"Serum Przeciw Przerzedzeniu W\u0142os\u00f3w","og:description":"--&gt;","og:url":"https:\/\/monatglobal.com\/pl\/intense-repair-serum\/","article:published_time":"2022-09-07T16:35:47+00:00","article:modified_time":"2026-02-19T16:56:33+00:00","twitter:card":"summary_large_image","twitter:title":"Serum Przeciw Przerzedzeniu W\u0142os\u00f3w","twitter:description":"--&gt;"},"aioseo_meta_data":{"post_id":"71159","title":"Serum Przeciw Przerzedzeniu W\u0142os\u00f3w","description":null,"keywords":null,"keyphrases":{"focus":{"keyphrase":"","score":0,"analysis":{"keyphraseInTitle":{"score":0,"maxScore":9,"error":1}}},"additional":[]},"primary_term":null,"canonical_url":null,"og_title":null,"og_description":null,"og_object_type":"default","og_image_type":"default","og_image_url":null,"og_image_width":null,"og_image_height":null,"og_image_custom_url":null,"og_image_custom_fields":null,"og_video":"","og_custom_url":null,"og_article_section":null,"og_article_tags":null,"twitter_use_og":false,"twitter_card":"default","twitter_image_type":"default","twitter_image_url":null,"twitter_image_custom_url":null,"twitter_image_custom_fields":null,"twitter_title":null,"twitter_description":null,"schema":{"blockGraphs":[],"customGraphs":[],"default":{"data":{"Article":[],"Course":[],"Dataset":[],"FAQPage":[],"Movie":[],"Person":[],"Product":[],"ProductReview":[],"Car":[],"Recipe":[],"Service":[],"SoftwareApplication":[],"WebPage":[]},"graphName":"WebPage","isEnabled":true},"graphs":[]},"schema_type":"default","schema_type_options":null,"pillar_content":false,"robots_default":true,"robots_noindex":false,"robots_noarchive":false,"robots_nosnippet":false,"robots_nofollow":false,"robots_noimageindex":false,"robots_noodp":false,"robots_notranslate":false,"robots_max_snippet":"-1","robots_max_videopreview":"-1","robots_max_imagepreview":"large","priority":null,"frequency":"default","local_seo":null,"seo_analyzer_scan_date":"2026-02-19 17:00:13","limit_modified_date":false,"reviewed_by":"0","open_ai":null,"ai":{"faqs":[],"keyPoints":[],"titles":[],"descriptions":[],"socialPosts":{"email":[],"linkedin":[],"twitter":[],"facebook":[],"instagram":[]}},"created":"2023-07-26 10:08:08","updated":"2026-02-19 17:00:13"},"aioseo_breadcrumb":"<div class=\"aioseo-breadcrumbs\"><span class=\"aioseo-breadcrumb\">\n\t<a href=\"https:\/\/monatglobal.com\/pl\" title=\"Home\">Home<\/a>\n<\/span><span class=\"aioseo-breadcrumb-separator\">&raquo;<\/span><span class=\"aioseo-breadcrumb\">\n\tSerum Przeciw Przerzedzeniu W\u0142os\u00f3w\n<\/span><\/div>","aioseo_breadcrumb_json":[{"label":"Home","link":"https:\/\/monatglobal.com\/pl"},{"label":"Serum Przeciw Przerzedzeniu W\u0142os\u00f3w","link":"https:\/\/monatglobal.com\/pl\/intense-repair-serum\/"}],"_links":{"self":[{"href":"https:\/\/monatglobal.com\/pl\/wp-json\/wp\/v2\/pages\/71159","targetHints":{"allow":["GET"]}}],"collection":[{"href":"https:\/\/monatglobal.com\/pl\/wp-json\/wp\/v2\/pages"}],"about":[{"href":"https:\/\/monatglobal.com\/pl\/wp-json\/wp\/v2\/types\/page"}],"author":[{"embeddable":true,"href":"https:\/\/monatglobal.com\/pl\/wp-json\/wp\/v2\/users\/33"}],"replies":[{"embeddable":true,"href":"https:\/\/monatglobal.com\/pl\/wp-json\/wp\/v2\/comments?post=71159"}],"version-history":[{"count":44,"href":"https:\/\/monatglobal.com\/pl\/wp-json\/wp\/v2\/pages\/71159\/revisions"}],"predecessor-version":[{"id":109269,"href":"https:\/\/monatglobal.com\/pl\/wp-json\/wp\/v2\/pages\/71159\/revisions\/109269"}],"wp:featuredmedia":[{"embeddable":true,"href":"https:\/\/monatglobal.com\/pl\/wp-json\/wp\/v2\/media\/71210"}],"wp:attachment":[{"href":"https:\/\/monatglobal.com\/pl\/wp-json\/wp\/v2\/media?parent=71159"}],"wp:term":[{"taxonomy":"category","embeddable":true,"href":"https:\/\/monatglobal.com\/pl\/wp-json\/wp\/v2\/categories?post=71159"},{"taxonomy":"post_tag","embeddable":true,"href":"https:\/\/monatglobal.com\/pl\/wp-json\/wp\/v2\/tags?post=71159"}],"curies":[{"name":"wp","href":"https:\/\/api.w.org\/{rel}","templated":true}]}}