{"id":71156,"date":"2022-10-04T17:31:51","date_gmt":"2022-10-04T16:31:51","guid":{"rendered":"https:\/\/monatglobal.com\/pl\/?page_id=71156"},"modified":"2026-02-19T16:03:15","modified_gmt":"2026-02-19T16:03:15","slug":"replenish-masque","status":"publish","type":"page","link":"https:\/\/monatglobal.com\/pl\/replenish-masque\/","title":{"rendered":"Maska Replenish\u2122"},"content":{"rendered":"\n<link rel=\"stylesheet\" href=\"https:\/\/unpkg.com\/swiper\/swiper-bundle.min.css\">\n<link rel=\"stylesheet\" href=\"https:\/\/monatglobal.com\/wp-content\/creative_css\/product_styles_sheet.css\">\n    <!--==================================================== ECOMM SECTION ====================================================-->\n    <p>BESTSELLERY<\/p>\n        <!--==================================================== Ecomm image ====================================================-->\n        <img decoding=\"async\" src=\"https:\/\/monatglobal.com\/wp-content\/uploads\/2022\/06\/replenish-masque-e-comm.png\" alt=\"Replenish Masque\" loading=\"lazy\">\n        <!--==================================================== Ecomm information  ====================================================-->\n            \n            <p>BESTSELLERY<\/p>\n            <h1>Maska<br>Replenish\u2122 <\/h1>\n            <p>Z dodatkiem REJUVENIQE<sup>\u00ae<\/sup><\/p>\n            <p>G\u0142\u0119boko od\u017cywcza maska dla w\u0142os\u00f3w g\u0119stych i&nbsp;tych o \u015bredniej&nbsp;g\u0119sto\u015bci.<\/p>\n            <p>148 ml \u212e 5.0 fl. oz.<\/p>\n         <!--==================================================== pricing box  ====================================================-->      \n         <p>Cena detaliczna<br>000.00 z\u0142<\/p>\n         <p>Klient VIP<br>000.00 z\u0142<\/p>\n          <!--==================================================== pricing box  ====================================================-->     \n            <p>Aby dowiedzie\u0107 si\u0119 wi\u0119cej na temat  Maski Replenish\u2122, prosimy skontaktowa\u0107 si\u0119 ze swoim Market Partnere&nbsp; MONAT.<\/p>\n          <a href=\"\" target=\"_blank\" role=\"button\" aria-label=\"\" rel=\"noopener\"><\/a>\n    <!--==================================================== \/ECOMM SECTION  ====================================================-->\n   <!--==================================================== Benefits image ====================================================-->\n   \n      <source media=\"(max-width: 700px)\" srcset=\"https:\/\/monatglobal.com\/wp-content\/uploads\/2022\/06\/replenish-masque-benefits-mobile.jpg\" loading=\"lazy\">\n      <img decoding=\"async\" alt=\"Brunette woman with damp hair wearing a robe and holding Replenish Masque.\" src=\"https:\/\/monatglobal.com\/wp-content\/uploads\/2022\/06\/replenish-masque-benefits.jpg\" loading=\"lazy\">\n   \n   <!--==================================================== Benefits text ====================================================-->\n         <h2>ZALETY<\/h2>\n         <h3>Ta wyj\u0105tkowa maska dostarczy nawil\u017cenie suchym kosmykom ju\u017c po jednym u\u017cyciu oraz przywr\u00f3ci im blask i&nbsp;witalno\u015b\u0107.<\/h3>\n         <p>This richly textured masque will restore your hair&#8217;s look and feel with vitality and lustre.<\/p>\n         <!--==================================================== features image  ====================================================-->\n         <img decoding=\"async\" alt=\"Replenish Masque sitting on slices of lemons, limes, and oranges.\" src=\"https:\/\/monatglobal.com\/wp-content\/uploads\/2022\/06\/replenish-masque-features.jpg\" loading=\"lazy\">\n      <!--==================================================== features text ====================================================-->\n            <h3>CECHY<\/h3>\n               <p>\/ Intesywnie nawil\u017ca dzi\u0119ki&nbsp;REJUVENIQE<sup>\u00ae<\/sup><\/p>\n               <p>\/ Jest bogata w kwasy&nbsp;t\u0142uszczowe<\/p>\n               <p>\/ Ekstrakt z&nbsp;grochu nadaje w\u0142osom zdrowy i&nbsp;m\u0142odzie\u0144czy&nbsp;wygl\u0105d<\/p>\n               <br>\n            <p>Zapach \/ aromaty kwiatowe i&nbsp;zio\u0142owe wzbogacone o&nbsp;nuty ja\u015bminu, cytryny, olejku neroli oraz zielonej&nbsp;herbaty.<\/p>\n            <p> Konsystencja \/ kremowa<\/p>\n   <!--==================================================== composition image mobile ====================================================-->\n   <img decoding=\"async\" alt=\"Replenish Masque on a white bed sheet.\" src=\"https:\/\/monatglobal.com\/wp-content\/uploads\/2022\/06\/replenish-masque-comp1.jpg\" loading=\"lazy\">\n   <!--==================================================== Why it works text ====================================================-->\n      <h2>PRZYWR\u00d3\u0106 ZDROWIE SWOIM W\u0141OSOM Z&nbsp;MASK\u0104&nbsp;REPLENISH.<\/h2>\n      <h3>Zapewnia suchym, matowym w\u0142osom niezb\u0119dne od\u017cywienie, dzi\u0119ki formule zawieraj\u0105cej REJUVENIQE<sup>\u00ae<\/sup>, ekstrakt z&nbsp;grochu oraz wega\u0144sk\u0105 substancj\u0119 chroni\u0105c\u0105 przed promieniowaniem&nbsp;UV.<\/h3>\n      With hints of neroli and orange flower fragrances, it protects hair from heat styling and \n      environmental elements while giving strands radiant shine.\n<!--==================================================== Composition section ====================================================-->\n      <img decoding=\"async\" alt=\"Replenish Masque on a white bed sheet.\" src=\"https:\/\/monatglobal.com\/wp-content\/uploads\/2022\/06\/replenish-masque-comp1.jpg\" loading=\"lazy\">\n      <img decoding=\"async\" alt=\"Brunette woman with damp hair applying Replenish Masque to her hair, while overlapping a texture shot of the Replenish Masque.\" src=\"https:\/\/monatglobal.com\/wp-content\/uploads\/2022\/06\/replenish-masque-comp3.jpg\" loading=\"lazy\">\n            <!--==================================================== Directions text ====================================================--> \n               <h3>Spos\u00f3b u\u017cycia<\/h3>\n               <p>\/ Na\u0142\u00f3\u017c na umyte&nbsp;w\u0142osy.<\/p>\n               <p>\/ Pozostaw na 5-10&nbsp;minut.<\/p>\n               <p>\/ Dobrze sp\u0142ucz.<\/p>\n               <p>\/ U\u017cywaj 1 lub 2 razy w&nbsp;tygodniu.<\/p>\n            <!--==================================================== Directions video ====================================================-->\n      <p>Damage Repair <br>Bond-Fortifying Hair Leave-In Cr\u00e8me  <br>1:28<\/p>\n      <a href=\"\" target=\"_blank\" role=\"button\" aria-label=\"\" rel=\"noopener\"><\/a>\n   <!--==================================================== Ingredients section  ====================================================-->\n      <h2>KLUCZOWE SK\u0141ADNIKI AKTYWNE<\/h2>\n                <img decoding=\"async\" src=\"https:\/\/monatglobal.com\/wp-content\/uploads\/2022\/11\/REJUVENIQE\u2122.svg\" alt=\"REJUVENIQE Icon\">\n               <p>REJUVENIQE<sup>\u00ae<\/sup><\/p>\n\t\t\t\t\t<img decoding=\"async\" src=\"https:\/\/monatglobal.com\/wp-content\/uploads\/2022\/11\/capixyl.svg\" alt=\"Capixyl\u2122 Icon\">\n               <p>CAPIXYL\u2122<\/p>\n\t\t\t\t<img decoding=\"async\" src=\"https:\/\/monatglobal.com\/wp-content\/uploads\/2022\/11\/Pea-extract.svg\" alt=\"Ekstrakt z grochu\">\n               <p>Ekstrakt z grochu<\/p>\n\t\t\t\t<img decoding=\"async\" src=\"https:\/\/monatglobal.com\/wp-content\/uploads\/2022\/11\/Vegan-UV-Protectant.svg\" alt=\"Wega\u0144ska substancja chroni\u0105ca przed promieniowaniem&nbsp;UV\">\n               <p>Wega\u0144ska substancja chroni\u0105ca przed promieniowaniem&nbsp;UV<\/p>\n        <button id=\"myBtn\" type=\"button\">LISTA SK\u0141ADNIK\u00d3W<\/button>\n      <!--==================================================== Modal content  ====================================================-->\n         \u00d7\n         <p>Aqua\/Water\/Eau, Cetearyl Alcohol, Cetyl Esters, Behentrimonium Chloride, Isoamyl Laurate, Cinnamidopropyltrimonium Chloride, Pisum Sativum (Pea) Extract, Acetyl Tetrapeptide-3, Trifolium Pratense (Clover) Flower Extract, Limnanthes Alba (Meadowfoam) Seed Oil, Crambe Abyssinica Seed Oil, Camellia Oleifera Seed Oil, Solanum Lycopersicum (Tomato) Seed Oil, Daucus Carota Sativa (Carrot) Seed Oil, Citrus Limon (Lemon) Peel Oil, Citrus Aurantifolia (Lime) Oil, Citrus Aurantium Bergamia (Bergamot) Fruit Oil, Adansonia Digitata Oil, Mauritia Flexuosa Fruit Oil, Cocos Nucifera (Coconut) Oil, Gardenia Taitensis Flower Extract, Moringa Oleifera Seed Oil, Caryocar Brasiliense Fruit Oil, Helianthus Annuus (Sunflower) Seed Oil, Glycerin, Fragrance\/Parfum, Dextran, Butylene Glycol, Dehydroacetic Acid, Benzyl Alcohol, Sodium Benzoate, Citronellol, Limonene, Hexyl Cinnamal, Linalool.<\/p>\n   <!--==================================================== You might also like section ====================================================-->\n      <h2>INNE PRODUKTY, KT\u00d3RE MOG\u0104 CI\u0118 ZAINTERESOWA\u0106<\/h2>\n      <!--==================================================== Slider YOU MIGHT ALSO LIKE ====================================================-->\n      <!---->\n      <!--   -->\n            <!--==================================================== Slides products ====================================================-->\n      <!--      -->\n      <!--         <a href=\"\/pl\/rejuvabeads-by-monat\/\" aria-label=\"Go to REJUVABEADS\u00ae page\">-->\n      <!--            <img decoding=\"async\" src=\"https:\/\/monatglobal.com\/wp-content\/uploads\/2022\/12\/Rejevabeads-ecomm.png\" alt=\"REJUVABEADS\u00ae\" loading=\"lazy\"\/>-->\n      <!--            <p>REJUVABEADS<sup>\u00ae<\/sup><\/p>-->\n      <!--         <\/a>-->\n      <!--      -->\n      <!--      -->\n      <!--         <a href=\"https:\/\/monatglobal.com\/pl\/advanced-hydrating-shampoo\/\" aria-label=\"Go to SZAMPON ZAAWANSOWANE NAWODNIENIE page\">-->\n      <!--            <img decoding=\"async\" src=\"https:\/\/monatglobal.com\/wp-content\/uploads\/2022\/12\/Advance-hydrating-shampoo-ecomm-min.png\" alt=\"SZAMPON ZAAWANSOWANE NAWODNIENIE SHAMPOO\" loading=\"lazy\"\/>-->\n      <!--            <p>SZAMPON ZAAWANSOWANE<br \/>NAWODNIENIE<\/p>-->\n      <!--         <\/a>-->\n      <!--      -->\n      <!--      -->\n      <!--         <a href=\"\/pl\/lightweight-moisturizer\/\" aria-label=\"Go to BE BALANCED\u2122 Lekki Krem Nawil\u017caj\u0105cy page\">-->\n      <!--            <img decoding=\"async\" src=\"https:\/\/monatglobal.com\/wp-content\/uploads\/2022\/12\/BE-BALANCED-Lightweight-Moisturizer_ecomm-min.png\" alt=\"BE BALANCED\u2122 Lekki Krem Nawil\u017caj\u0105cy\" loading=\"lazy\"\/>-->\n      <!--            <p>BE BALANCED\u2122<br \/>Lekki Krem<br \/>Nawil\u017caj\u0105cy<\/p>-->\n      <!--         <\/a>-->\n      <!--      -->\n      <!--   -->\n         <!--==================================================== If we need navigation buttons  ====================================================-->\n      <!--   -->\n      <!--   -->\n         <!--==================================================== If we need paginations  ====================================================-->\n      <!--   -->\n      <!---->\n         <!--==================================================== If we need navigation buttons  ====================================================-->\n         <!--==================================================== If we need paginations  ====================================================-->\n    <a href=\"\" aria-label=\"\"><\/a>\n<!--==================================================== this link has to go last for it to work   ====================================================-->\n","protected":false},"excerpt":{"rendered":"<p>BESTSELLERY BESTSELLERY MaskaReplenish\u2122 Z dodatkiem REJUVENIQE\u00ae G\u0142\u0119boko od\u017cywcza maska dla w\u0142os\u00f3w g\u0119stych i&nbsp;tych o \u015bredniej&nbsp;g\u0119sto\u015bci. 148 ml \u212e 5.0 fl. oz. Cena detaliczna000.00 z\u0142 Klient VIP000.00 z\u0142 Aby dowiedzie\u0107 si\u0119 wi\u0119cej na temat Maski Replenish\u2122, prosimy skontaktowa\u0107 si\u0119 ze swoim Market Partnere&nbsp; MONAT. ZALETY Ta wyj\u0105tkowa maska dostarczy nawil\u017cenie suchym kosmykom ju\u017c po jednym u\u017cyciu&hellip;<\/p>\n","protected":false},"author":39,"featured_media":109260,"parent":0,"menu_order":0,"comment_status":"closed","ping_status":"closed","template":"","meta":{"inline_featured_image":false,"om_disable_all_campaigns":false,"_monsterinsights_skip_tracking":false,"_monsterinsights_sitenote_active":false,"_monsterinsights_sitenote_note":"","_monsterinsights_sitenote_category":0,"footnotes":""},"categories":[39],"tags":[],"class_list":["post-71156","page","type-page","status-publish","has-post-thumbnail","hentry","category-product-pl"],"aioseo_notices":[],"aioseo_head":"\n\t\t<!-- All in One SEO Pro 4.9.6 - aioseo.com -->\n\t<meta name=\"description\" content=\"BESTSELLERY --&gt;\" \/>\n\t<meta name=\"robots\" content=\"max-image-preview:large\" \/>\n\t<link rel=\"canonical\" href=\"https:\/\/monatglobal.com\/pl\/replenish-masque\/\" \/>\n\t<meta name=\"generator\" content=\"All in One SEO Pro (AIOSEO) 4.9.6\" \/>\n\t\t<meta property=\"og:locale\" content=\"pl_PL\" \/>\n\t\t<meta property=\"og:site_name\" content=\"MONAT POLAND - MONAT GLOBAL\" \/>\n\t\t<meta property=\"og:type\" content=\"article\" \/>\n\t\t<meta property=\"og:title\" content=\"Maska Replenish\u2122 - MONAT POLAND\" \/>\n\t\t<meta property=\"og:description\" content=\"BESTSELLERY --&gt;\" \/>\n\t\t<meta property=\"og:url\" content=\"https:\/\/monatglobal.com\/pl\/replenish-masque\/\" \/>\n\t\t<meta property=\"article:published_time\" content=\"2022-10-04T16:31:51+00:00\" \/>\n\t\t<meta property=\"article:modified_time\" content=\"2026-02-19T16:03:15+00:00\" \/>\n\t\t<meta name=\"twitter:card\" content=\"summary_large_image\" \/>\n\t\t<meta name=\"twitter:title\" content=\"Maska Replenish\u2122 - MONAT POLAND\" \/>\n\t\t<meta name=\"twitter:description\" content=\"BESTSELLERY --&gt;\" \/>\n\t\t<script type=\"application\/ld+json\" class=\"aioseo-schema\">\n\t\t\t{\"@context\":\"https:\\\/\\\/schema.org\",\"@graph\":[{\"@type\":\"BreadcrumbList\",\"@id\":\"https:\\\/\\\/monatglobal.com\\\/pl\\\/replenish-masque\\\/#breadcrumblist\",\"itemListElement\":[{\"@type\":\"ListItem\",\"@id\":\"https:\\\/\\\/monatglobal.com\\\/pl#listItem\",\"position\":1,\"name\":\"Home\",\"item\":\"https:\\\/\\\/monatglobal.com\\\/pl\",\"nextItem\":{\"@type\":\"ListItem\",\"@id\":\"https:\\\/\\\/monatglobal.com\\\/pl\\\/replenish-masque\\\/#listItem\",\"name\":\"Maska Replenish\\u2122\"}},{\"@type\":\"ListItem\",\"@id\":\"https:\\\/\\\/monatglobal.com\\\/pl\\\/replenish-masque\\\/#listItem\",\"position\":2,\"name\":\"Maska Replenish\\u2122\",\"previousItem\":{\"@type\":\"ListItem\",\"@id\":\"https:\\\/\\\/monatglobal.com\\\/pl#listItem\",\"name\":\"Home\"}}]},{\"@type\":\"Organization\",\"@id\":\"https:\\\/\\\/monatglobal.com\\\/pl\\\/#organization\",\"name\":\"MONAT POLAND\",\"description\":\"MONAT GLOBAL\",\"url\":\"https:\\\/\\\/monatglobal.com\\\/pl\\\/\"},{\"@type\":\"WebPage\",\"@id\":\"https:\\\/\\\/monatglobal.com\\\/pl\\\/replenish-masque\\\/#webpage\",\"url\":\"https:\\\/\\\/monatglobal.com\\\/pl\\\/replenish-masque\\\/\",\"name\":\"Maska Replenish\\u2122 - MONAT POLAND\",\"description\":\"BESTSELLERY -->\",\"inLanguage\":\"pl-PL\",\"isPartOf\":{\"@id\":\"https:\\\/\\\/monatglobal.com\\\/pl\\\/#website\"},\"breadcrumb\":{\"@id\":\"https:\\\/\\\/monatglobal.com\\\/pl\\\/replenish-masque\\\/#breadcrumblist\"},\"image\":{\"@type\":\"ImageObject\",\"url\":\"https:\\\/\\\/monatglobal.com\\\/pl\\\/wp-content\\\/uploads\\\/sites\\\/9\\\/2026\\\/02\\\/REPLENISH-MASQUE-500x438-1.png\",\"@id\":\"https:\\\/\\\/monatglobal.com\\\/pl\\\/replenish-masque\\\/#mainImage\",\"width\":438,\"height\":500},\"primaryImageOfPage\":{\"@id\":\"https:\\\/\\\/monatglobal.com\\\/pl\\\/replenish-masque\\\/#mainImage\"},\"datePublished\":\"2022-10-04T17:31:51+01:00\",\"dateModified\":\"2026-02-19T16:03:15+00:00\"},{\"@type\":\"WebSite\",\"@id\":\"https:\\\/\\\/monatglobal.com\\\/pl\\\/#website\",\"url\":\"https:\\\/\\\/monatglobal.com\\\/pl\\\/\",\"name\":\"MONAT POLAND\",\"description\":\"MONAT GLOBAL\",\"inLanguage\":\"pl-PL\",\"publisher\":{\"@id\":\"https:\\\/\\\/monatglobal.com\\\/pl\\\/#organization\"}}]}\n\t\t<\/script>\n\t\t<!-- All in One SEO Pro -->\r\n\t\t<title>Maska Replenish\u2122 - MONAT POLAND<\/title>\n\n","aioseo_head_json":{"title":"Maska Replenish\u2122 - MONAT POLAND","description":"BESTSELLERY -->","canonical_url":"https:\/\/monatglobal.com\/pl\/replenish-masque\/","robots":"max-image-preview:large","keywords":"","webmasterTools":{"miscellaneous":""},"schema":{"@context":"https:\/\/schema.org","@graph":[{"@type":"BreadcrumbList","@id":"https:\/\/monatglobal.com\/pl\/replenish-masque\/#breadcrumblist","itemListElement":[{"@type":"ListItem","@id":"https:\/\/monatglobal.com\/pl#listItem","position":1,"name":"Home","item":"https:\/\/monatglobal.com\/pl","nextItem":{"@type":"ListItem","@id":"https:\/\/monatglobal.com\/pl\/replenish-masque\/#listItem","name":"Maska Replenish\u2122"}},{"@type":"ListItem","@id":"https:\/\/monatglobal.com\/pl\/replenish-masque\/#listItem","position":2,"name":"Maska Replenish\u2122","previousItem":{"@type":"ListItem","@id":"https:\/\/monatglobal.com\/pl#listItem","name":"Home"}}]},{"@type":"Organization","@id":"https:\/\/monatglobal.com\/pl\/#organization","name":"MONAT POLAND","description":"MONAT GLOBAL","url":"https:\/\/monatglobal.com\/pl\/"},{"@type":"WebPage","@id":"https:\/\/monatglobal.com\/pl\/replenish-masque\/#webpage","url":"https:\/\/monatglobal.com\/pl\/replenish-masque\/","name":"Maska Replenish\u2122 - MONAT POLAND","description":"BESTSELLERY -->","inLanguage":"pl-PL","isPartOf":{"@id":"https:\/\/monatglobal.com\/pl\/#website"},"breadcrumb":{"@id":"https:\/\/monatglobal.com\/pl\/replenish-masque\/#breadcrumblist"},"image":{"@type":"ImageObject","url":"https:\/\/monatglobal.com\/pl\/wp-content\/uploads\/sites\/9\/2026\/02\/REPLENISH-MASQUE-500x438-1.png","@id":"https:\/\/monatglobal.com\/pl\/replenish-masque\/#mainImage","width":438,"height":500},"primaryImageOfPage":{"@id":"https:\/\/monatglobal.com\/pl\/replenish-masque\/#mainImage"},"datePublished":"2022-10-04T17:31:51+01:00","dateModified":"2026-02-19T16:03:15+00:00"},{"@type":"WebSite","@id":"https:\/\/monatglobal.com\/pl\/#website","url":"https:\/\/monatglobal.com\/pl\/","name":"MONAT POLAND","description":"MONAT GLOBAL","inLanguage":"pl-PL","publisher":{"@id":"https:\/\/monatglobal.com\/pl\/#organization"}}]},"og:locale":"pl_PL","og:site_name":"MONAT POLAND - MONAT GLOBAL","og:type":"article","og:title":"Maska Replenish\u2122 - MONAT POLAND","og:description":"BESTSELLERY --&gt;","og:url":"https:\/\/monatglobal.com\/pl\/replenish-masque\/","article:published_time":"2022-10-04T16:31:51+00:00","article:modified_time":"2026-02-19T16:03:15+00:00","twitter:card":"summary_large_image","twitter:title":"Maska Replenish\u2122 - MONAT POLAND","twitter:description":"BESTSELLERY --&gt;"},"aioseo_meta_data":{"post_id":"71156","title":null,"description":null,"keywords":null,"keyphrases":{"focus":{"keyphrase":"","score":0,"analysis":{"keyphraseInTitle":{"score":0,"maxScore":9,"error":1}}},"additional":[]},"primary_term":null,"canonical_url":null,"og_title":null,"og_description":null,"og_object_type":"default","og_image_type":"default","og_image_url":null,"og_image_width":null,"og_image_height":null,"og_image_custom_url":null,"og_image_custom_fields":null,"og_video":"","og_custom_url":null,"og_article_section":null,"og_article_tags":null,"twitter_use_og":false,"twitter_card":"default","twitter_image_type":"default","twitter_image_url":null,"twitter_image_custom_url":null,"twitter_image_custom_fields":null,"twitter_title":null,"twitter_description":null,"schema":{"blockGraphs":[],"customGraphs":[],"default":{"data":{"Article":[],"Course":[],"Dataset":[],"FAQPage":[],"Movie":[],"Person":[],"Product":[],"ProductReview":[],"Car":[],"Recipe":[],"Service":[],"SoftwareApplication":[],"WebPage":[]},"graphName":"WebPage","isEnabled":true},"graphs":[]},"schema_type":"default","schema_type_options":null,"pillar_content":false,"robots_default":true,"robots_noindex":false,"robots_noarchive":false,"robots_nosnippet":false,"robots_nofollow":false,"robots_noimageindex":false,"robots_noodp":false,"robots_notranslate":false,"robots_max_snippet":"-1","robots_max_videopreview":"-1","robots_max_imagepreview":"large","priority":null,"frequency":"default","local_seo":null,"seo_analyzer_scan_date":"2026-02-19 16:05:55","limit_modified_date":false,"reviewed_by":"0","open_ai":null,"ai":{"faqs":[],"keyPoints":[],"titles":[],"descriptions":[],"socialPosts":{"email":[],"linkedin":[],"twitter":[],"facebook":[],"instagram":[]}},"created":"2023-07-26 10:08:08","updated":"2026-02-19 16:08:20"},"aioseo_breadcrumb":"<div class=\"aioseo-breadcrumbs\"><span class=\"aioseo-breadcrumb\">\n\t<a href=\"https:\/\/monatglobal.com\/pl\" title=\"Home\">Home<\/a>\n<\/span><span class=\"aioseo-breadcrumb-separator\">&raquo;<\/span><span class=\"aioseo-breadcrumb\">\n\tMaska Replenish\u2122\n<\/span><\/div>","aioseo_breadcrumb_json":[{"label":"Home","link":"https:\/\/monatglobal.com\/pl"},{"label":"Maska Replenish\u2122","link":"https:\/\/monatglobal.com\/pl\/replenish-masque\/"}],"_links":{"self":[{"href":"https:\/\/monatglobal.com\/pl\/wp-json\/wp\/v2\/pages\/71156","targetHints":{"allow":["GET"]}}],"collection":[{"href":"https:\/\/monatglobal.com\/pl\/wp-json\/wp\/v2\/pages"}],"about":[{"href":"https:\/\/monatglobal.com\/pl\/wp-json\/wp\/v2\/types\/page"}],"author":[{"embeddable":true,"href":"https:\/\/monatglobal.com\/pl\/wp-json\/wp\/v2\/users\/39"}],"replies":[{"embeddable":true,"href":"https:\/\/monatglobal.com\/pl\/wp-json\/wp\/v2\/comments?post=71156"}],"version-history":[{"count":37,"href":"https:\/\/monatglobal.com\/pl\/wp-json\/wp\/v2\/pages\/71156\/revisions"}],"predecessor-version":[{"id":109262,"href":"https:\/\/monatglobal.com\/pl\/wp-json\/wp\/v2\/pages\/71156\/revisions\/109262"}],"wp:featuredmedia":[{"embeddable":true,"href":"https:\/\/monatglobal.com\/pl\/wp-json\/wp\/v2\/media\/109260"}],"wp:attachment":[{"href":"https:\/\/monatglobal.com\/pl\/wp-json\/wp\/v2\/media?parent=71156"}],"wp:term":[{"taxonomy":"category","embeddable":true,"href":"https:\/\/monatglobal.com\/pl\/wp-json\/wp\/v2\/categories?post=71156"},{"taxonomy":"post_tag","embeddable":true,"href":"https:\/\/monatglobal.com\/pl\/wp-json\/wp\/v2\/tags?post=71156"}],"curies":[{"name":"wp","href":"https:\/\/api.w.org\/{rel}","templated":true}]}}