{"id":71063,"date":"2022-08-26T18:46:00","date_gmt":"2022-08-26T17:46:00","guid":{"rendered":"https:\/\/monatglobal.com\/pl\/?page_id=71063"},"modified":"2026-02-19T18:35:23","modified_gmt":"2026-02-19T18:35:23","slug":"renew-shampoo","status":"publish","type":"page","link":"https:\/\/monatglobal.com\/pl\/renew-shampoo\/","title":{"rendered":"Szampon Renew\u2122"},"content":{"rendered":"\n<link rel=\"stylesheet\" href=\"https:\/\/unpkg.com\/swiper\/swiper-bundle.min.css\">\n<link rel=\"stylesheet\" href=\"https:\/\/monatglobal.com\/wp-content\/creative_css\/product_styles_sheet.css\"> \n    <!--==================================================== ECOMM SECTION ====================================================-->\n    <p>BESTSELLERY<\/p>\n        <!--==================================================== Ecomm image ====================================================-->\n        <img decoding=\"async\" src=\"https:\/\/monatglobal.com\/wp-content\/uploads\/2022\/06\/renew-shampoo-e-comm.png\" alt=\"Renew Shampoo\">\n        <!--==================================================== Ecomm information  ====================================================-->\n               \n            <p>BESTSELLERY<\/p>\n            <h1>Szampon<br>Renew\u2122 <\/h1>\n            <p>z REJUVENIQE<sup>\u00ae<\/sup><\/p>\n            <p>Ulepszona formu\u0142a delikatnie oczyszcza, jednocze\u015bnie od\u017cywiaj\u0105c i regeneruj\u0105c suche w\u0142osy o du\u017cej i \u015bredniej g\u0119sto\u015bci.<\/p>\n            <p>237 ml e 8 fl. oz.<\/p>\n         <p>Cena detaliczna<br>000.00 z\u0142<\/p>\n         <p>Cena dla Klient\u00f3w VIP<br>000.00 z\u0142<\/p>\n            <p>Aby dowiedzie\u0107 si\u0119 wi\u0119cej na temat Szampon Renew\u2122 , prosimy skontaktowa\u0107 si\u0119 ze swoim Market Partnerem&nbsp;MONAT.<\/p>\n          <a href=\"\" target=\"_blank\" role=\"button\" aria-label=\"\" rel=\"noopener\"><\/a>\n    <!--==================================================== \/ECOMM SECTION  ====================================================-->\n   <!--==================================================== Benefits image ====================================================-->\n   \n      <source media=\"(max-width: 700px)\" srcset=\"https:\/\/monatglobal.com\/wp-content\/uploads\/2022\/06\/renew-shampoo-benefits-mobile.jpg\">\n      <img decoding=\"async\" alt=\"A blonde female smiling and wearing a purple blouse.\" src=\"https:\/\/monatglobal.com\/wp-content\/uploads\/2022\/06\/renew-shampoo-benefits.jpg\">\n   \n   <!--==================================================== Benefits text ====================================================-->\n         <h2>ZALETY<\/h2>\n         <h3>Odmie\u0144 swoje w\u0142osy dzi\u0119ki nowej formule, kt\u00f3ra delikatnie oczyszcza, jednocze\u015bnie nawil\u017caj\u0105c, od\u017cywiaj\u0105c i regeneruj\u0105c spragnione nawil\u017cenia pasma.<\/h3>\n         <p>U\u0142atwia rozczesywanie i zwi\u0119ksza podatno\u015b\u0107 na uk\u0142adanie, zapewniaj\u0105c mi\u0119kkie, l\u015bni\u0105ce i bujne w\u0142osy. <\/p>\n         <!--==================================================== features image  ====================================================-->\n         <img decoding=\"async\" alt=\"Renew Shampoo on a beige surface, sitting next to lemon slices, an orange slice, cranberry seeds, and a white flower.\" src=\"https:\/\/monatglobal.com\/wp-content\/uploads\/2022\/06\/renew-shampoo-features.jpg\">\n      <!--==================================================== features text ====================================================-->\n            <h3>CECHY<\/h3>\n               <p>\/ Delikatnie oczyszcza bez obci\u0105\u017cania w\u0142os\u00f3w*<\/p>\n               <p>\/ Nawil\u017ca i pomaga zwi\u0119kszy\u0107 retencj\u0119 wilgoci*<\/p>\n               <p>\/ Poprawia po\u015blizg, rozczesywanie i podatno\u015b\u0107 na uk\u0142adanie*<\/p>\n               <p>\/ Pozostawia w\u0142osy mi\u0119kkie i l\u015bni\u0105ce*<\/p>\n               <p>*Na podstawie 7-dniowego badania konsumenckiego z udzia\u0142em 51 uczestnik\u00f3w, przeprowadzonego przez zewn\u0119trzne laboratorium.<\/p>\n               <br>\n            <p>Zapach \/ Zio\u0142owo-kwiatowy zapach z nutami ja\u015bminu, cytryny Meyer, neroli i zielonej herbaty.<\/p>\n            <p> Konsystencja \/ Kremowa<\/p>\n   <!--==================================================== composition image mobile ====================================================-->\n   <img decoding=\"async\" alt=\"Renew Shampoo and Restore Leave-In Conditioner on a marble surface, next to a white towel.\" src=\"https:\/\/monatglobal.com\/wp-content\/uploads\/2022\/06\/renew-shampoo-comp1.jpg\">\n   <!--==================================================== Why it works text ====================================================-->\n      <h2>Zaawansowane nawil\u017cenie. Maksymalny blask.<\/h2>\n      <h3>Dzi\u0119ki luksusowemu kompleksowi nawil\u017caj\u0105cemu i wega\u0144skiej mieszance kluczowych sk\u0142adnik\u00f3w, ulepszona formu\u0142a nawil\u017ca zar\u00f3wno w\u0142osy, jak i sk\u00f3r\u0119 g\u0142owy, zwalczaj\u0105c sucho\u015b\u0107 i pozostawiaj\u0105c w\u0142osy mi\u0119kkie, elastyczne, od\u017cywione i zrewitalizowane.<\/h3>\n      <p>Designed for medium to thick hair delivers our exclusive REJUVENIQE\u00ae oil blend, omega-fatty acids, and pea extract for healthier-looking strands. <\/p>\n<!--==================================================== Composition section ====================================================-->\n      <img decoding=\"async\" alt=\"Renew Shampoo and Restore Leave-In Conditioner on a marble surface, next to a white towel.\" src=\"https:\/\/monatglobal.com\/wp-content\/uploads\/2022\/06\/renew-shampoo-comp1.jpg\">\n      <img decoding=\"async\" alt=\"A blonde female smiling, overlapping a photo of a texture shot of Renew Shampoo.\" src=\"https:\/\/monatglobal.com\/wp-content\/uploads\/2022\/06\/renew-shampoo-comp3.jpg\">\n            <!--==================================================== Directions text ====================================================--> \n               <h3>SPOS\u00d3B U\u017bYCIA<\/h3>\n               <p>\/ Na\u0142o\u017cy\u0107 na mokre w\u0142osy.<\/p>\n               <p>\/ Spie\u0144 przez 1-2 minuty. <\/p>\n               <p>\/ Sp\u0142ucz i powt\u00f3rz.<\/p>\n               <p>\/ Nast\u0119pnie zastosuj Od\u017cywk\u0119 Renew\u2122 lub Mask\u0119 Replenish\u2122 i Od\u017cywk\u0119 bez sp\u0142ukiwania Restore\u2122.<\/p>\n            <!--==================================================== Directions video ====================================================--> \n      <p>Damage Repair <br>Bond-Fortifying Hair Leave-In Cr\u00e8me  <br>1:28<\/p>\n      <a href=\"\" target=\"_blank\" role=\"button\" aria-label=\"\" rel=\"noopener\"><\/a>\n   <!--==================================================== Ingredients section  ====================================================-->\n      <h2>NAJWA\u017bNIEJSZE SK\u0141ADNIKI<\/h2>\n               <p>REJUVENIQE<sup>\u00ae<\/sup><\/p>\n               <p>CAPIXYL<sup>\u00ae<\/sup><\/p>\n               <p>Ekstrakt z grochu<\/p>\n                <img decoding=\"async\" alt=\"Vitamin E icon\" src=\"https:\/\/monatglobal.com\/wp-content\/uploads\/2023\/11\/Moisture-Complex.svg\">\n               <p>Kompleks nawil\u017caj\u0105cy<\/p>\n        <button id=\"myBtn\" type=\"button\">LISTA SK\u0141ADNIK\u00d3W<\/button>\n      <!--==================================================== Modal content  ====================================================-->\n         \u00d7\n         <p>Aqua\/Water\/Eau, Sodium C14-16 Olefin Sulfonate, Lauramidopropyl Betaine, Sodium Cocoamphoacetate, Sodium Methyl Cocoyl Taurate, Sodium Chloride, Fragrance\/Parfum, Cocamidopropyl Hydroxysultaine, Guar Hydroxypropyltrimonium Chloride, Stearyldimoniumhydroxypropyl Laurylglucosides Chloride, Pisum Sativum (Pea) Extract, Pisum Sativum (Pea) Seed Extract, Acetyl Tetrapeptide-3, Trifolium Pratense (Clover) Flower Extract, Limnanthes Alba (Meadowfoam) Seed Oil, Crambe Abyssinica Seed Oil, Camellia Oleifera Seed Oil, Solanum Lycopersicum (Tomato) Seed Oil, Daucus Carota Sativa (Carrot) Seed Oil, Citrus Limon (Lemon) Peel Oil, Citrus Aurantifolia (Lime) Oil, Citrus Aurantium Bergamia (Bergamot) Fruit Oil, Adansonia Digitata Oil, Mauritia Flexuosa Fruit Oil, Cocos Nucifera (Coconut) Oil, Gardenia Taitensis Flower Extract, Moringa Oleifera Seed Oil, Caryocar Brasiliense Fruit Oil, Helianthus Annuus (Sunflower) Seed Oil, Glycerin, Hydrolyzed Quinoa, Dextran, Citric Acid, Sodium Hydroxide, Propanediol, Glycol Distearate, Sodium Hydroxypropylphosphate Decylglucoside Crosspolymer, Sodium Stearoyl Lactylate, Butylene Glycol, Propylene Glycol, Amodimethicone, Trideceth-12, Sodium Hyaluronate, Cetrimonium Chloride, Benzoic Acid, Sodium Benzoate, Cinnamidopropyltrimonium Chloride, Caprylyl Glycol, Caprylhydroxamic Acid, Sodium Gluconate, Coconut Acid, Lauramidopropyl Dimethylamine, Panthenol, 1,2-Hexanediol, Methylpropanediol, Ethylhexylglycerin, Benzyl Alcohol, Potassium Sorbate, Citronellol, Hexyl Cinnamal, Limonene.<\/p>\n   <!--==================================================== You might also like section ====================================================-->\n      <h2>INNE PRODUKTY, KT\u00d3RE MOG\u0104 CI SI\u0118&nbsp;SPODOBA\u0106<\/h2>\n      <!--==================================================== Slider YOU MIGHT ALSO LIKE ====================================================-->\n <!--     -->\n <!--        -->\n            <!--==================================================== Slides products ====================================================-->\n <!--          -->\n\t<!--<a href=\"\/pl\/renew-conditioner\/\" aria-label=\"Go to Renew\u2122 Od\u017cywka page\">-->\n\t<!--   <img decoding=\"async\" src=\"https:\/\/monatglobal.com\/wp-content\/uploads\/2023\/11\/renew-conditioner-ecomm-min.png\" alt=\"Renew\u2122 Od\u017cywka\"\/>-->\n\t<!--   <p>Renew\u2122 Od\u017cywka<\/p>-->\n\t<!--<\/a>-->\n <!---->\n <!--            -->\n\t<!--<a href=\"https:\/\/corp.mymonat.com\/shop\/products\/mascarilla-replenish\/?globallanguage=pl&globalmarket=pl\" aria-label=\"Go to Replenish\u2122 Maska page\">-->\n\t<!--   <img decoding=\"async\" src=\"https:\/\/monatglobal.com\/wp-content\/uploads\/2022\/05\/REPLENISH-MASQUE-ecomm-pic.png\" alt=\"Replenish\u2122 Maska\"\/>-->\n\t<!--   <p>Replenish\u2122 Maska<\/p>-->\n\t<!--<\/a>-->\n <!---->\n <!--            -->\n\t<!--<a href=\"https:\/\/corp.mymonat.com\/shop\/products\/acondicionador-sin-aclarado-restore\/?globallanguage=pl&globalmarket=pl\" aria-label=\"Go to Od\u017cywka Bez Sp\u0142ukiwania Restore page\">-->\n\t<!--   <img decoding=\"async\" src=\"https:\/\/monatglobal.com\/wp-content\/uploads\/2022\/12\/RESTORE-LEAVE-IN-CONDITIONER-ecomm-min.png\" alt=\"Od\u017cywka Bez Sp\u0142ukiwania Restore\"\/>-->\n\t<!--   <p>Restore\u2122 Od\u017cywka <br \/> bez sp\u0142ukiwania<\/p>-->\n\t<!--<\/a>-->\n <!---->\n <!--        -->\n         <!--==================================================== If we need navigation buttons  ====================================================-->\n <!--        -->\n <!--        -->\n         <!--==================================================== If we need paginations  ====================================================-->\n <!--        -->\n <!--     -->\n         <!--==================================================== If we need navigation buttons  ====================================================-->\n         <!--==================================================== If we need paginations  ====================================================-->\n    <a href=\"\" aria-label=\"\"><\/a>\n<!--==================================================== this link has to go last for it to work   ====================================================-->\n","protected":false},"excerpt":{"rendered":"<p>BESTSELLERY BESTSELLERY SzamponRenew\u2122 z REJUVENIQE\u00ae Ulepszona formu\u0142a delikatnie oczyszcza, jednocze\u015bnie od\u017cywiaj\u0105c i regeneruj\u0105c suche w\u0142osy o du\u017cej i \u015bredniej g\u0119sto\u015bci. 237 ml e 8 fl. oz. Cena detaliczna000.00 z\u0142 Cena dla Klient\u00f3w VIP000.00 z\u0142 Aby dowiedzie\u0107 si\u0119 wi\u0119cej na temat Szampon Renew\u2122 , prosimy skontaktowa\u0107 si\u0119 ze swoim Market Partnerem&nbsp;MONAT. ZALETY Odmie\u0144 swoje w\u0142osy dzi\u0119ki&hellip;<\/p>\n","protected":false},"author":39,"featured_media":109285,"parent":0,"menu_order":0,"comment_status":"closed","ping_status":"closed","template":"","meta":{"inline_featured_image":false,"om_disable_all_campaigns":false,"_monsterinsights_skip_tracking":false,"_monsterinsights_sitenote_active":false,"_monsterinsights_sitenote_note":"","_monsterinsights_sitenote_category":0,"footnotes":""},"categories":[39],"tags":[],"class_list":["post-71063","page","type-page","status-publish","has-post-thumbnail","hentry","category-product-pl"],"aioseo_notices":[],"aioseo_head":"\n\t\t<!-- All in One SEO Pro 4.9.6 - aioseo.com -->\n\t<meta name=\"description\" content=\"BESTSELLERY --&gt;\" \/>\n\t<meta name=\"robots\" content=\"max-image-preview:large\" \/>\n\t<link rel=\"canonical\" href=\"https:\/\/monatglobal.com\/pl\/renew-shampoo\/\" \/>\n\t<meta name=\"generator\" content=\"All in One SEO Pro (AIOSEO) 4.9.6\" \/>\n\t\t<meta property=\"og:locale\" content=\"pl_PL\" \/>\n\t\t<meta property=\"og:site_name\" content=\"MONAT POLAND - MONAT GLOBAL\" \/>\n\t\t<meta property=\"og:type\" content=\"article\" \/>\n\t\t<meta property=\"og:title\" content=\"Szampon Renew\u2122\" \/>\n\t\t<meta property=\"og:description\" content=\"BESTSELLERY --&gt;\" \/>\n\t\t<meta property=\"og:url\" content=\"https:\/\/monatglobal.com\/pl\/renew-shampoo\/\" \/>\n\t\t<meta property=\"article:published_time\" content=\"2022-08-26T17:46:00+00:00\" \/>\n\t\t<meta property=\"article:modified_time\" content=\"2026-02-19T18:35:23+00:00\" \/>\n\t\t<meta name=\"twitter:card\" content=\"summary_large_image\" \/>\n\t\t<meta name=\"twitter:title\" content=\"Szampon Renew\u2122\" \/>\n\t\t<meta name=\"twitter:description\" content=\"BESTSELLERY --&gt;\" \/>\n\t\t<script type=\"application\/ld+json\" class=\"aioseo-schema\">\n\t\t\t{\"@context\":\"https:\\\/\\\/schema.org\",\"@graph\":[{\"@type\":\"BreadcrumbList\",\"@id\":\"https:\\\/\\\/monatglobal.com\\\/pl\\\/renew-shampoo\\\/#breadcrumblist\",\"itemListElement\":[{\"@type\":\"ListItem\",\"@id\":\"https:\\\/\\\/monatglobal.com\\\/pl#listItem\",\"position\":1,\"name\":\"Home\",\"item\":\"https:\\\/\\\/monatglobal.com\\\/pl\",\"nextItem\":{\"@type\":\"ListItem\",\"@id\":\"https:\\\/\\\/monatglobal.com\\\/pl\\\/renew-shampoo\\\/#listItem\",\"name\":\"Szampon Renew\\u2122\"}},{\"@type\":\"ListItem\",\"@id\":\"https:\\\/\\\/monatglobal.com\\\/pl\\\/renew-shampoo\\\/#listItem\",\"position\":2,\"name\":\"Szampon Renew\\u2122\",\"previousItem\":{\"@type\":\"ListItem\",\"@id\":\"https:\\\/\\\/monatglobal.com\\\/pl#listItem\",\"name\":\"Home\"}}]},{\"@type\":\"Organization\",\"@id\":\"https:\\\/\\\/monatglobal.com\\\/pl\\\/#organization\",\"name\":\"MONAT POLAND\",\"description\":\"MONAT GLOBAL\",\"url\":\"https:\\\/\\\/monatglobal.com\\\/pl\\\/\"},{\"@type\":\"WebPage\",\"@id\":\"https:\\\/\\\/monatglobal.com\\\/pl\\\/renew-shampoo\\\/#webpage\",\"url\":\"https:\\\/\\\/monatglobal.com\\\/pl\\\/renew-shampoo\\\/\",\"name\":\"Szampon Renew\\u2122\",\"description\":\"BESTSELLERY -->\",\"inLanguage\":\"pl-PL\",\"isPartOf\":{\"@id\":\"https:\\\/\\\/monatglobal.com\\\/pl\\\/#website\"},\"breadcrumb\":{\"@id\":\"https:\\\/\\\/monatglobal.com\\\/pl\\\/renew-shampoo\\\/#breadcrumblist\"},\"image\":{\"@type\":\"ImageObject\",\"url\":\"https:\\\/\\\/monatglobal.com\\\/pl\\\/wp-content\\\/uploads\\\/sites\\\/9\\\/2026\\\/02\\\/RENEW-SHAMPOO-500x438-1.png\",\"@id\":\"https:\\\/\\\/monatglobal.com\\\/pl\\\/renew-shampoo\\\/#mainImage\",\"width\":438,\"height\":500},\"primaryImageOfPage\":{\"@id\":\"https:\\\/\\\/monatglobal.com\\\/pl\\\/renew-shampoo\\\/#mainImage\"},\"datePublished\":\"2022-08-26T18:46:00+01:00\",\"dateModified\":\"2026-02-19T18:35:23+00:00\"},{\"@type\":\"WebSite\",\"@id\":\"https:\\\/\\\/monatglobal.com\\\/pl\\\/#website\",\"url\":\"https:\\\/\\\/monatglobal.com\\\/pl\\\/\",\"name\":\"MONAT POLAND\",\"description\":\"MONAT GLOBAL\",\"inLanguage\":\"pl-PL\",\"publisher\":{\"@id\":\"https:\\\/\\\/monatglobal.com\\\/pl\\\/#organization\"}}]}\n\t\t<\/script>\n\t\t<!-- All in One SEO Pro -->\r\n\t\t<title>Szampon Renew\u2122<\/title>\n\n","aioseo_head_json":{"title":"Szampon Renew\u2122","description":"BESTSELLERY -->","canonical_url":"https:\/\/monatglobal.com\/pl\/renew-shampoo\/","robots":"max-image-preview:large","keywords":"","webmasterTools":{"miscellaneous":""},"schema":{"@context":"https:\/\/schema.org","@graph":[{"@type":"BreadcrumbList","@id":"https:\/\/monatglobal.com\/pl\/renew-shampoo\/#breadcrumblist","itemListElement":[{"@type":"ListItem","@id":"https:\/\/monatglobal.com\/pl#listItem","position":1,"name":"Home","item":"https:\/\/monatglobal.com\/pl","nextItem":{"@type":"ListItem","@id":"https:\/\/monatglobal.com\/pl\/renew-shampoo\/#listItem","name":"Szampon Renew\u2122"}},{"@type":"ListItem","@id":"https:\/\/monatglobal.com\/pl\/renew-shampoo\/#listItem","position":2,"name":"Szampon Renew\u2122","previousItem":{"@type":"ListItem","@id":"https:\/\/monatglobal.com\/pl#listItem","name":"Home"}}]},{"@type":"Organization","@id":"https:\/\/monatglobal.com\/pl\/#organization","name":"MONAT POLAND","description":"MONAT GLOBAL","url":"https:\/\/monatglobal.com\/pl\/"},{"@type":"WebPage","@id":"https:\/\/monatglobal.com\/pl\/renew-shampoo\/#webpage","url":"https:\/\/monatglobal.com\/pl\/renew-shampoo\/","name":"Szampon Renew\u2122","description":"BESTSELLERY -->","inLanguage":"pl-PL","isPartOf":{"@id":"https:\/\/monatglobal.com\/pl\/#website"},"breadcrumb":{"@id":"https:\/\/monatglobal.com\/pl\/renew-shampoo\/#breadcrumblist"},"image":{"@type":"ImageObject","url":"https:\/\/monatglobal.com\/pl\/wp-content\/uploads\/sites\/9\/2026\/02\/RENEW-SHAMPOO-500x438-1.png","@id":"https:\/\/monatglobal.com\/pl\/renew-shampoo\/#mainImage","width":438,"height":500},"primaryImageOfPage":{"@id":"https:\/\/monatglobal.com\/pl\/renew-shampoo\/#mainImage"},"datePublished":"2022-08-26T18:46:00+01:00","dateModified":"2026-02-19T18:35:23+00:00"},{"@type":"WebSite","@id":"https:\/\/monatglobal.com\/pl\/#website","url":"https:\/\/monatglobal.com\/pl\/","name":"MONAT POLAND","description":"MONAT GLOBAL","inLanguage":"pl-PL","publisher":{"@id":"https:\/\/monatglobal.com\/pl\/#organization"}}]},"og:locale":"pl_PL","og:site_name":"MONAT POLAND - MONAT GLOBAL","og:type":"article","og:title":"Szampon Renew\u2122","og:description":"BESTSELLERY --&gt;","og:url":"https:\/\/monatglobal.com\/pl\/renew-shampoo\/","article:published_time":"2022-08-26T17:46:00+00:00","article:modified_time":"2026-02-19T18:35:23+00:00","twitter:card":"summary_large_image","twitter:title":"Szampon Renew\u2122","twitter:description":"BESTSELLERY --&gt;"},"aioseo_meta_data":{"post_id":"71063","title":"Szampon Renew\u2122","description":null,"keywords":null,"keyphrases":{"focus":{"keyphrase":"","score":0,"analysis":{"keyphraseInTitle":{"score":0,"maxScore":9,"error":1}}},"additional":[]},"primary_term":null,"canonical_url":null,"og_title":null,"og_description":null,"og_object_type":"default","og_image_type":"default","og_image_url":null,"og_image_width":null,"og_image_height":null,"og_image_custom_url":null,"og_image_custom_fields":null,"og_video":"","og_custom_url":null,"og_article_section":null,"og_article_tags":null,"twitter_use_og":false,"twitter_card":"default","twitter_image_type":"default","twitter_image_url":null,"twitter_image_custom_url":null,"twitter_image_custom_fields":null,"twitter_title":null,"twitter_description":null,"schema":{"blockGraphs":[],"customGraphs":[],"default":{"data":{"Article":[],"Course":[],"Dataset":[],"FAQPage":[],"Movie":[],"Person":[],"Product":[],"ProductReview":[],"Car":[],"Recipe":[],"Service":[],"SoftwareApplication":[],"WebPage":[]},"graphName":"WebPage","isEnabled":true},"graphs":[]},"schema_type":"default","schema_type_options":null,"pillar_content":false,"robots_default":true,"robots_noindex":false,"robots_noarchive":false,"robots_nosnippet":false,"robots_nofollow":false,"robots_noimageindex":false,"robots_noodp":false,"robots_notranslate":false,"robots_max_snippet":"-1","robots_max_videopreview":"-1","robots_max_imagepreview":"large","priority":null,"frequency":"default","local_seo":null,"seo_analyzer_scan_date":"2026-02-19 18:39:41","limit_modified_date":false,"reviewed_by":"0","open_ai":null,"ai":{"faqs":[],"keyPoints":[],"titles":[],"descriptions":[],"socialPosts":{"email":[],"linkedin":[],"twitter":[],"facebook":[],"instagram":[]}},"created":"2023-07-26 10:06:42","updated":"2026-02-19 18:48:42"},"aioseo_breadcrumb":"<div class=\"aioseo-breadcrumbs\"><span class=\"aioseo-breadcrumb\">\n\t<a href=\"https:\/\/monatglobal.com\/pl\" title=\"Home\">Home<\/a>\n<\/span><span class=\"aioseo-breadcrumb-separator\">&raquo;<\/span><span class=\"aioseo-breadcrumb\">\n\tSzampon Renew\u2122\n<\/span><\/div>","aioseo_breadcrumb_json":[{"label":"Home","link":"https:\/\/monatglobal.com\/pl"},{"label":"Szampon Renew\u2122","link":"https:\/\/monatglobal.com\/pl\/renew-shampoo\/"}],"_links":{"self":[{"href":"https:\/\/monatglobal.com\/pl\/wp-json\/wp\/v2\/pages\/71063","targetHints":{"allow":["GET"]}}],"collection":[{"href":"https:\/\/monatglobal.com\/pl\/wp-json\/wp\/v2\/pages"}],"about":[{"href":"https:\/\/monatglobal.com\/pl\/wp-json\/wp\/v2\/types\/page"}],"author":[{"embeddable":true,"href":"https:\/\/monatglobal.com\/pl\/wp-json\/wp\/v2\/users\/39"}],"replies":[{"embeddable":true,"href":"https:\/\/monatglobal.com\/pl\/wp-json\/wp\/v2\/comments?post=71063"}],"version-history":[{"count":38,"href":"https:\/\/monatglobal.com\/pl\/wp-json\/wp\/v2\/pages\/71063\/revisions"}],"predecessor-version":[{"id":109288,"href":"https:\/\/monatglobal.com\/pl\/wp-json\/wp\/v2\/pages\/71063\/revisions\/109288"}],"wp:featuredmedia":[{"embeddable":true,"href":"https:\/\/monatglobal.com\/pl\/wp-json\/wp\/v2\/media\/109285"}],"wp:attachment":[{"href":"https:\/\/monatglobal.com\/pl\/wp-json\/wp\/v2\/media?parent=71063"}],"wp:term":[{"taxonomy":"category","embeddable":true,"href":"https:\/\/monatglobal.com\/pl\/wp-json\/wp\/v2\/categories?post=71063"},{"taxonomy":"post_tag","embeddable":true,"href":"https:\/\/monatglobal.com\/pl\/wp-json\/wp\/v2\/tags?post=71063"}],"curies":[{"name":"wp","href":"https:\/\/api.w.org\/{rel}","templated":true}]}}