{"id":71011,"date":"2022-08-29T19:05:44","date_gmt":"2022-08-29T18:05:44","guid":{"rendered":"https:\/\/monatglobal.com\/pl\/?page_id=71011"},"modified":"2026-02-19T18:46:47","modified_gmt":"2026-02-19T18:46:47","slug":"blow-out-cream","status":"publish","type":"page","link":"https:\/\/monatglobal.com\/pl\/blow-out-cream\/","title":{"rendered":"MONAT STUDIO ONE\u2122 Krem\u00a0Do Suszenia W\u0142os\u00f3w"},"content":{"rendered":"\n<link rel=\"stylesheet\" href=\"https:\/\/unpkg.com\/swiper\/swiper-bundle.min.css\">\n<link rel=\"stylesheet\" href=\"https:\/\/monatglobal.com\/wp-content\/creative_css\/product_styles_sheet.css\">\n    <!--==================================================== ECOMM SECTION ====================================================-->\n        <!--==================================================== Ecomm image ====================================================-->\n        <img decoding=\"async\" src=\"https:\/\/monatglobal.com\/wp-content\/uploads\/2022\/06\/blow-out-cream-e-comm.png\" alt=\"MONAT Studio One\u2122 Blow Out Cream\" loading=\"lazy\">\n        <!--==================================================== Ecomm information  ====================================================-->\n            <p>MONAT STUDIO ONE\u2122<\/p>\n            <h1>Krem Do<br>Suszenia W\u0142os\u00f3w<\/h1>\n            <p> Z dodatkiem REJUVENIQE\u2122<\/p>\n            <p>Produkt, kt\u00f3ry redukuje puszenie, pomaga wyg\u0142adzi\u0107 w\u0142osy oraz zapewnia ochron\u0119 podczas stylizacji&nbsp;termicznej.<\/p>\n            <p>118 ml \u212e 4 fl. oz.<\/p>\n         <!--==================================================== pricing box ====================================================-->   \n         <p>Cena detaliczna<br>000.00 z\u0142<\/p>\n         <p>Cena dla Klient\u00f3w VIP<br>000.00 z\u0142<\/p>\n         <!--==================================================== pricing box ====================================================-->  \n            <p>Aby dowiedzie\u0107 si\u0119 wi\u0119cej na temat produktu MONAT STUDIO ONE\u2122 Krem Do Suszenia W\u0142os\u00f3w, prosimy skontaktowa\u0107 si\u0119 ze swoim Market Partnerem&nbsp;MONAT.<\/p>\n          <a href=\"\" target=\"_blank\" role=\"button\" aria-label=\"\" rel=\"noopener\"><\/a>\n    <!--==================================================== \/ECOMM SECTION  ====================================================-->\n   <!--==================================================== Benefits image ====================================================-->\n   \n      <source media=\"(max-width: 700px)\" srcset=\"https:\/\/monatglobal.com\/wp-content\/uploads\/2022\/06\/blow-out-cream-benefits-mobile.jpg\" loading=\"lazy\">\n      <img decoding=\"async\" alt=\"A brunette woman smiling and holding a piece of her hair.\" src=\"https:\/\/monatglobal.com\/wp-content\/uploads\/2022\/06\/blow-out-cream-benefits.jpg\" loading=\"lazy\">\n   \n   <!--==================================================== Benefits text ====================================================-->\n         <h2>ZALETY<\/h2>\n         <h3>Eliminuje puszenie i&nbsp;elektryzowanie si\u0119 w\u0142os\u00f3w a\u017c do 60%, zapewniaj\u0105c wyg\u0142adzon\u0105 fryzur\u0119 przez ca\u0142y dzie\u0144 oraz ochron\u0119 przed wilgoci\u0105 i&nbsp;uszkodzeniami spowodowanymi stylizacj\u0105 termiczn\u0105.<\/h3>\n         <p>This richly textured leave-in cr\u00e8me reduces breakage and protects hair from future&nbsp;damage.<\/p>\n         <!--==================================================== features image  ====================================================-->\n         <img decoding=\"async\" alt=\"MONAT STUDIO ONE\u2122 Blow Out Cream laying on marble tile surrounded by ingredients such as tomatos, limes, carrots and pomegranates.\" src=\"https:\/\/monatglobal.com\/wp-content\/uploads\/2022\/06\/blow-out-cream-features.jpg\" loading=\"lazy\">\n      <!--==================================================== features text ====================================================-->\n            <h3>Cechy<\/h3>\n               <p>\/ Formu\u0142a na bazie naturalnych sk\u0142adnik\u00f3w ro\u015blinnych, kt\u00f3re zapewniaj\u0105 efekt satynowych&nbsp;w\u0142os\u00f3w<\/p>\n               <p>\/ Ekstrakt z&nbsp;grochu nadaje w\u0142osom zdrowy&nbsp;wygl\u0105d<\/p>\n               <p>*Based on instrumental tests by a third-party laboratory. <\/p>\n               <br>\n            Zapach \/ Inspirowany owocowymi nutami brzoskwini, mango, pomara\u0144czy, granatu, kt\u00f3re dope\u0142niaj\u0105 zapachy sza\u0142wi, ja\u015bminu i&nbsp;wanilii. \n             Konsystencja \/ Kremowa  \n   <!--==================================================== composition image mobile ====================================================-->\n   <img decoding=\"async\" alt=\"MONAT STUDIO ONE\u2122 Blow Out Cream on top of a beige surface, next to dispersed product.\" src=\"https:\/\/monatglobal.com\/wp-content\/uploads\/2022\/06\/blow-out-cream-comp1.jpg\" loading=\"lazy\">\n   <!--==================================================== Why it works text ====================================================-->\n      <h2>SKRACA CZAS STYLIZACJI I&nbsp;CHRONI W\u0141OSY PRZED USZKODZENIEM.<\/h2>\n      <h3>Formu\u0142a na bazie naturalnych sk\u0142adnik\u00f3w z&nbsp;dodatkiem olejku REJUVENIQE<sup>\u00ae<\/sup> pomaga zmniejszy\u0107 puszenie i&nbsp;wyg\u0142adzi\u0107 w\u0142osy w&nbsp;ci\u0105gu jednej stylizacji suszark\u0105, zapewniaj\u0105c przy tym utrwalenie koloru oraz ochron\u0119 przed wilgotno\u015bci\u0105 i&nbsp;wysok\u0105 temperatur\u0105.<\/h3>\n      With hints of neroli and orange flower fragrances, it protects hair from heat styling and \n      environmental elements while giving strands radiant shine.\n<!--==================================================== Composition section ====================================================-->\n      <img decoding=\"async\" alt=\"MONAT STUDIO ONE\u2122 Blow Out Cream on top of a beige surface, next to dispersed product.\" src=\"https:\/\/monatglobal.com\/wp-content\/uploads\/2022\/06\/blow-out-cream-comp1.jpg\" loading=\"lazy\">\n      <img decoding=\"async\" alt=\"Brunette woman with damp hair, running her fingers through her hair while overlapping a texture shot of MONAT STUDIO ONE\u2122 Blow Out Cream.\" src=\"https:\/\/monatglobal.com\/wp-content\/uploads\/2022\/06\/blow-out-cream-comp3.jpg\" loading=\"lazy\">\n            <!--==================================================== Directions text ====================================================--> \n               <h3>Spos\u00f3b u\u017cycia<\/h3>\n               <p>\/ Nak\u0142adaj produkt na wysuszone r\u0119cznikiem w\u0142osy, od sk\u00f3ry g\u0142owy a\u017c po&nbsp;ko\u0144c\u00f3wki.<\/p>\n               <p>\/ Wysusz w\u0142osy suszark\u0105 i&nbsp;u\u0142\u00f3\u017c jak&nbsp;zwykle<\/p>\n            <!--==================================================== Directions video ====================================================-->\n      <p>Damage Repair <br>Bond-Fortifying Hair Leave-In Cr\u00e8me  <br>1:28<\/p>\n      <a href=\"\" target=\"_blank\" role=\"button\" aria-label=\"\" rel=\"noopener\"><\/a>\n   <!--==================================================== Ingredients section  ====================================================-->\n      <h2>NAJWA\u017bNIEJSZE SK\u0141ADNIKI<\/h2>\n                <img decoding=\"async\" src=\"https:\/\/monatglobal.com\/wp-content\/uploads\/2022\/11\/REJUVENIQE\u2122.svg\" alt=\"REJUVENIQE\u2122\">\n               <p>REJUVENIQE<sup>\u00ae<\/sup><\/p>\n\t\t\t<img decoding=\"async\" src=\"https:\/\/monatglobal.com\/wp-content\/uploads\/2022\/12\/Vegetable-Emollients.svg\" alt=\"Emolienty ro\u015blinne\">\n               <p>Emolienty ro\u015blinne<\/p>\n\t\t\t\t<img decoding=\"async\" src=\"https:\/\/monatglobal.com\/wp-content\/uploads\/2022\/11\/Pea-extract.svg\" alt=\"Ekstrakt z&nbsp;grochu\">\n               <p>Ekstrakt z&nbsp;grochu<\/p>\n\t\t\t\t<img decoding=\"async\" src=\"https:\/\/monatglobal.com\/wp-content\/uploads\/2022\/08\/Vegan-uv-protect.svg\" alt=\"Wega\u0144ska substancja chroni\u0105ca przed promieniowaniem&nbsp;UV\">\n               <p>Wega\u0144ska substancja chroni\u0105ca przed promieniowaniem&nbsp;UV<\/p>\n        <button id=\"myBtn\" type=\"button\">LISTA SK\u0141ADNIK\u00d3W<\/button>\n      <!--==================================================== Modal content  ====================================================-->\n         \u00d7\n         <p>Aqua\/Water\/Eau, Cetearyl Alcohol, Isoamyl Laurate, Behentrimonium Chloride, Linum Usitatissimum (Linseed) Seed Extract, Glycerin, Salvia Hispanica Seed Extract, Trifolium Pratense (Clover) Flower Extract, Pisum Sativum (Pea) Extract, Limnanthes Alba (Meadowfoam) Seed Oil, Crambe Abyssinica Seed Oil, Camellia Oleifera Seed Oil, Solanum Lycopersicum (Tomato) Seed Oil, Daucus Carota Sativa (Carrot) Seed Oil, Citrus Limon (Lemon) Peel Oil, Citrus Aurantifolia (Lime) Oil, Citrus Aurantium Bergamia (Bergamot) Fruit Oil, Adansonia Digitata Oil, Mauritia Flexuosa Fruit Oil, Cocos Nucifera (Coconut) Oil, Gardenia Taitensis Flower Extract, Moringa Oleifera Seed Oil, Caryocar Brasiliense Fruit Oil, Helianthus Annuus (Sunflower) Seed Oil, Stearamidopropyl Dimethylamine, Dextran, Acetyl Tetrapeptide-3, Cinnamidopropyltrimonium Chloride, Butylene Glycol, Tocopherol, Fragrance\/Parfum, Benzyl Alcohol, Ethylhexylglycerin, Limonene.<\/p>\n   <!--==================================================== You might also like section ====================================================-->\n      <h2>INNE PRODUKTY, KT\u00d3RE MOG\u0104 CI SI\u0118&nbsp;SPODOBA\u0106<\/h2>\n      <!--==================================================== Slider YOU MIGHT ALSO LIKE ====================================================-->\n      <!---->\n      <!--   -->\n            <!--==================================================== Slides products ====================================================-->\n      <!--      -->\n      <!--         <a href=\"https:\/\/corp.mymonat.com\/shop\/products\/monat-studio-one-frizz-fix-smoothing-hair-primer-6000003942?taxon_id=30\" aria-label=\"Go to MONAT STUDIO ONE\u2122 Frizz-Fix Smoothing Hair Primer    page\">-->\n      <!--            <img decoding=\"async\" src=\"https:\/\/monatglobal.com\/wp-content\/uploads\/2023\/01\/Frizz-fix-smoothing-hair-primer-e_comm-min.png\" alt=\"MONAT STUDIO ONE\u2122 Frizz-Fix Smoothing Hair Primer\" loading=\"lazy\"\/>-->\n      <!--            <p>MONAT STUDIO ONE\u2122<br \/>Wyg\u0142adzaj\u0105ca Baza Przeciw<br \/>Puszeniu Si\u0119 W\u0142os\u00f3w<\/p>-->\n      <!--         <\/a>-->\n      <!--      -->\n      <!--      -->\n      <!--         <a href=\"\/pl\/smoothing-shampoo\/\" aria-label=\"Go to Smoothing Anti-Frizz\u2122 Shampoo page\">-->\n      <!--            <img decoding=\"async\" src=\"https:\/\/monatglobal.com\/wp-content\/uploads\/2022\/12\/anti-frizz-shampoo-ecomm-min.png\" alt=\"Smoothing Anti-Frizz\u2122 Shampoo\" loading=\"lazy\"\/>-->\n      <!--            <p>Smoothing Anti-Frizz\u2122<br \/>Szampon<\/p>-->\n      <!--         <\/a>-->\n      <!--      -->\n      <!--      -->\n      <!--         <a href=\"\/pl\/smoothing-deep-conditioner\/\" aria-label=\"Go to Smoothing Anti-Frizz\u2122 Deep Conditioner page\">-->\n      <!--            <img decoding=\"async\" src=\"https:\/\/monatglobal.com\/wp-content\/uploads\/2022\/12\/anti-frizz-deep-conditioner-ecomm-min.png\" alt=\"Smoothing Anti-Frizz\u2122 Deep Conditioner\" loading=\"lazy\"\/>-->\n      <!--            <p>Smoothing Anti-Frizz\u2122<br \/>Od\u017cywka O<br \/>G\u0142\u0119bokim Dzia\u0142aniu<\/p>-->\n      <!--         <\/a>-->\n      <!--      -->\n      <!--   -->\n         <!--==================================================== If we need navigation buttons  ====================================================-->\n      <!--   -->\n      <!--   -->\n         <!--==================================================== If we need paginations  ====================================================-->\n      <!--   -->\n      <!---->\n         <!--==================================================== If we need navigation buttons  ====================================================-->\n         <!--==================================================== If we need paginations  ====================================================-->\n    <a href=\"\" aria-label=\"\"><\/a>\n<!--==================================================== this link has to go last for it to work   ====================================================-->\n","protected":false},"excerpt":{"rendered":"<p>MONAT STUDIO ONE\u2122 Krem DoSuszenia W\u0142os\u00f3w Z dodatkiem REJUVENIQE\u2122 Produkt, kt\u00f3ry redukuje puszenie, pomaga wyg\u0142adzi\u0107 w\u0142osy oraz zapewnia ochron\u0119 podczas stylizacji&nbsp;termicznej. 118 ml \u212e 4 fl. oz. Cena detaliczna000.00 z\u0142 Cena dla Klient\u00f3w VIP000.00 z\u0142 Aby dowiedzie\u0107 si\u0119 wi\u0119cej na temat produktu MONAT STUDIO ONE\u2122 Krem Do Suszenia W\u0142os\u00f3w, prosimy skontaktowa\u0107 si\u0119 ze swoim Market&hellip;<\/p>\n","protected":false},"author":39,"featured_media":69993,"parent":0,"menu_order":0,"comment_status":"closed","ping_status":"closed","template":"","meta":{"inline_featured_image":false,"om_disable_all_campaigns":false,"_monsterinsights_skip_tracking":false,"_monsterinsights_sitenote_active":false,"_monsterinsights_sitenote_note":"","_monsterinsights_sitenote_category":0,"footnotes":""},"categories":[39],"tags":[],"class_list":["post-71011","page","type-page","status-publish","has-post-thumbnail","hentry","category-product-pl"],"aioseo_notices":[],"aioseo_head":"\n\t\t<!-- All in One SEO Pro 4.9.5.2 - aioseo.com -->\n\t<meta name=\"description\" content=\"--&gt;\" \/>\n\t<meta name=\"robots\" content=\"max-image-preview:large\" \/>\n\t<link rel=\"canonical\" href=\"https:\/\/monatglobal.com\/pl\/blow-out-cream\/\" \/>\n\t<meta name=\"generator\" content=\"All in One SEO Pro (AIOSEO) 4.9.5.2\" \/>\n\t\t<meta property=\"og:locale\" content=\"pl_PL\" \/>\n\t\t<meta property=\"og:site_name\" content=\"MONAT POLAND - MONAT GLOBAL\" \/>\n\t\t<meta property=\"og:type\" content=\"article\" \/>\n\t\t<meta property=\"og:title\" content=\"MONAT STUDIO ONE\u2122 Krem Do Suszenia W\u0142os\u00f3w\" \/>\n\t\t<meta property=\"og:description\" content=\"--&gt;\" \/>\n\t\t<meta property=\"og:url\" content=\"https:\/\/monatglobal.com\/pl\/blow-out-cream\/\" \/>\n\t\t<meta property=\"article:published_time\" content=\"2022-08-29T18:05:44+00:00\" \/>\n\t\t<meta property=\"article:modified_time\" content=\"2026-02-19T18:46:47+00:00\" \/>\n\t\t<meta name=\"twitter:card\" content=\"summary_large_image\" \/>\n\t\t<meta name=\"twitter:title\" content=\"MONAT STUDIO ONE\u2122 Krem Do Suszenia W\u0142os\u00f3w\" \/>\n\t\t<meta name=\"twitter:description\" content=\"--&gt;\" \/>\n\t\t<script type=\"application\/ld+json\" class=\"aioseo-schema\">\n\t\t\t{\"@context\":\"https:\\\/\\\/schema.org\",\"@graph\":[{\"@type\":\"BreadcrumbList\",\"@id\":\"https:\\\/\\\/monatglobal.com\\\/pl\\\/blow-out-cream\\\/#breadcrumblist\",\"itemListElement\":[{\"@type\":\"ListItem\",\"@id\":\"https:\\\/\\\/monatglobal.com\\\/pl#listItem\",\"position\":1,\"name\":\"Home\",\"item\":\"https:\\\/\\\/monatglobal.com\\\/pl\",\"nextItem\":{\"@type\":\"ListItem\",\"@id\":\"https:\\\/\\\/monatglobal.com\\\/pl\\\/blow-out-cream\\\/#listItem\",\"name\":\"MONAT STUDIO ONE\\u2122 Krem\\u00a0Do Suszenia W\\u0142os\\u00f3w\"}},{\"@type\":\"ListItem\",\"@id\":\"https:\\\/\\\/monatglobal.com\\\/pl\\\/blow-out-cream\\\/#listItem\",\"position\":2,\"name\":\"MONAT STUDIO ONE\\u2122 Krem\\u00a0Do Suszenia W\\u0142os\\u00f3w\",\"previousItem\":{\"@type\":\"ListItem\",\"@id\":\"https:\\\/\\\/monatglobal.com\\\/pl#listItem\",\"name\":\"Home\"}}]},{\"@type\":\"Organization\",\"@id\":\"https:\\\/\\\/monatglobal.com\\\/pl\\\/#organization\",\"name\":\"MONAT POLAND\",\"description\":\"MONAT GLOBAL\",\"url\":\"https:\\\/\\\/monatglobal.com\\\/pl\\\/\"},{\"@type\":\"WebPage\",\"@id\":\"https:\\\/\\\/monatglobal.com\\\/pl\\\/blow-out-cream\\\/#webpage\",\"url\":\"https:\\\/\\\/monatglobal.com\\\/pl\\\/blow-out-cream\\\/\",\"name\":\"MONAT STUDIO ONE\\u2122 Krem Do Suszenia W\\u0142os\\u00f3w\",\"description\":\"-->\",\"inLanguage\":\"pl-PL\",\"isPartOf\":{\"@id\":\"https:\\\/\\\/monatglobal.com\\\/pl\\\/#website\"},\"breadcrumb\":{\"@id\":\"https:\\\/\\\/monatglobal.com\\\/pl\\\/blow-out-cream\\\/#breadcrumblist\"},\"image\":{\"@type\":\"ImageObject\",\"url\":\"https:\\\/\\\/monatglobal.com\\\/pl\\\/wp-content\\\/uploads\\\/sites\\\/9\\\/2020\\\/02\\\/STUDIO-ONE-BLOW-OUT-CREAM-500x438-1.png\",\"@id\":\"https:\\\/\\\/monatglobal.com\\\/pl\\\/blow-out-cream\\\/#mainImage\",\"width\":438,\"height\":500},\"primaryImageOfPage\":{\"@id\":\"https:\\\/\\\/monatglobal.com\\\/pl\\\/blow-out-cream\\\/#mainImage\"},\"datePublished\":\"2022-08-29T19:05:44+01:00\",\"dateModified\":\"2026-02-19T18:46:47+00:00\"},{\"@type\":\"WebSite\",\"@id\":\"https:\\\/\\\/monatglobal.com\\\/pl\\\/#website\",\"url\":\"https:\\\/\\\/monatglobal.com\\\/pl\\\/\",\"name\":\"MONAT POLAND\",\"description\":\"MONAT GLOBAL\",\"inLanguage\":\"pl-PL\",\"publisher\":{\"@id\":\"https:\\\/\\\/monatglobal.com\\\/pl\\\/#organization\"}}]}\n\t\t<\/script>\n\t\t<!-- All in One SEO Pro -->\r\n\t\t<title>MONAT STUDIO ONE\u2122 Krem Do Suszenia W\u0142os\u00f3w<\/title>\n\n","aioseo_head_json":{"title":"MONAT STUDIO ONE\u2122 Krem Do Suszenia W\u0142os\u00f3w","description":"-->","canonical_url":"https:\/\/monatglobal.com\/pl\/blow-out-cream\/","robots":"max-image-preview:large","keywords":"","webmasterTools":{"miscellaneous":""},"schema":{"@context":"https:\/\/schema.org","@graph":[{"@type":"BreadcrumbList","@id":"https:\/\/monatglobal.com\/pl\/blow-out-cream\/#breadcrumblist","itemListElement":[{"@type":"ListItem","@id":"https:\/\/monatglobal.com\/pl#listItem","position":1,"name":"Home","item":"https:\/\/monatglobal.com\/pl","nextItem":{"@type":"ListItem","@id":"https:\/\/monatglobal.com\/pl\/blow-out-cream\/#listItem","name":"MONAT STUDIO ONE\u2122 Krem\u00a0Do Suszenia W\u0142os\u00f3w"}},{"@type":"ListItem","@id":"https:\/\/monatglobal.com\/pl\/blow-out-cream\/#listItem","position":2,"name":"MONAT STUDIO ONE\u2122 Krem\u00a0Do Suszenia W\u0142os\u00f3w","previousItem":{"@type":"ListItem","@id":"https:\/\/monatglobal.com\/pl#listItem","name":"Home"}}]},{"@type":"Organization","@id":"https:\/\/monatglobal.com\/pl\/#organization","name":"MONAT POLAND","description":"MONAT GLOBAL","url":"https:\/\/monatglobal.com\/pl\/"},{"@type":"WebPage","@id":"https:\/\/monatglobal.com\/pl\/blow-out-cream\/#webpage","url":"https:\/\/monatglobal.com\/pl\/blow-out-cream\/","name":"MONAT STUDIO ONE\u2122 Krem Do Suszenia W\u0142os\u00f3w","description":"-->","inLanguage":"pl-PL","isPartOf":{"@id":"https:\/\/monatglobal.com\/pl\/#website"},"breadcrumb":{"@id":"https:\/\/monatglobal.com\/pl\/blow-out-cream\/#breadcrumblist"},"image":{"@type":"ImageObject","url":"https:\/\/monatglobal.com\/pl\/wp-content\/uploads\/sites\/9\/2020\/02\/STUDIO-ONE-BLOW-OUT-CREAM-500x438-1.png","@id":"https:\/\/monatglobal.com\/pl\/blow-out-cream\/#mainImage","width":438,"height":500},"primaryImageOfPage":{"@id":"https:\/\/monatglobal.com\/pl\/blow-out-cream\/#mainImage"},"datePublished":"2022-08-29T19:05:44+01:00","dateModified":"2026-02-19T18:46:47+00:00"},{"@type":"WebSite","@id":"https:\/\/monatglobal.com\/pl\/#website","url":"https:\/\/monatglobal.com\/pl\/","name":"MONAT POLAND","description":"MONAT GLOBAL","inLanguage":"pl-PL","publisher":{"@id":"https:\/\/monatglobal.com\/pl\/#organization"}}]},"og:locale":"pl_PL","og:site_name":"MONAT POLAND - MONAT GLOBAL","og:type":"article","og:title":"MONAT STUDIO ONE\u2122 Krem Do Suszenia W\u0142os\u00f3w","og:description":"--&gt;","og:url":"https:\/\/monatglobal.com\/pl\/blow-out-cream\/","article:published_time":"2022-08-29T18:05:44+00:00","article:modified_time":"2026-02-19T18:46:47+00:00","twitter:card":"summary_large_image","twitter:title":"MONAT STUDIO ONE\u2122 Krem Do Suszenia W\u0142os\u00f3w","twitter:description":"--&gt;"},"aioseo_meta_data":{"post_id":"71011","title":"MONAT STUDIO ONE\u2122 Krem Do Suszenia W\u0142os\u00f3w","description":null,"keywords":null,"keyphrases":{"focus":{"keyphrase":"","score":0,"analysis":{"keyphraseInTitle":{"score":0,"maxScore":9,"error":1}}},"additional":[]},"primary_term":null,"canonical_url":null,"og_title":null,"og_description":null,"og_object_type":"default","og_image_type":"default","og_image_url":null,"og_image_width":null,"og_image_height":null,"og_image_custom_url":null,"og_image_custom_fields":null,"og_video":"","og_custom_url":null,"og_article_section":null,"og_article_tags":null,"twitter_use_og":false,"twitter_card":"default","twitter_image_type":"default","twitter_image_url":null,"twitter_image_custom_url":null,"twitter_image_custom_fields":null,"twitter_title":null,"twitter_description":null,"schema":{"blockGraphs":[],"customGraphs":[],"default":{"data":{"Article":[],"Course":[],"Dataset":[],"FAQPage":[],"Movie":[],"Person":[],"Product":[],"ProductReview":[],"Car":[],"Recipe":[],"Service":[],"SoftwareApplication":[],"WebPage":[]},"graphName":"WebPage","isEnabled":true},"graphs":[]},"schema_type":"default","schema_type_options":null,"pillar_content":false,"robots_default":true,"robots_noindex":false,"robots_noarchive":false,"robots_nosnippet":false,"robots_nofollow":false,"robots_noimageindex":false,"robots_noodp":false,"robots_notranslate":false,"robots_max_snippet":"-1","robots_max_videopreview":"-1","robots_max_imagepreview":"large","priority":null,"frequency":"default","local_seo":null,"seo_analyzer_scan_date":"2026-02-19 18:59:45","limit_modified_date":false,"reviewed_by":"0","open_ai":null,"ai":{"faqs":[],"keyPoints":[],"titles":[],"descriptions":[],"socialPosts":{"email":[],"linkedin":[],"twitter":[],"facebook":[],"instagram":[]}},"created":"2023-07-26 10:06:42","updated":"2026-02-19 18:59:45"},"aioseo_breadcrumb":"<div class=\"aioseo-breadcrumbs\"><span class=\"aioseo-breadcrumb\">\n\t<a href=\"https:\/\/monatglobal.com\/pl\" title=\"Home\">Home<\/a>\n<\/span><span class=\"aioseo-breadcrumb-separator\">&raquo;<\/span><span class=\"aioseo-breadcrumb\">\n\tMONAT STUDIO ONE\u2122 Krem Do Suszenia W\u0142os\u00f3w\n<\/span><\/div>","aioseo_breadcrumb_json":[{"label":"Home","link":"https:\/\/monatglobal.com\/pl"},{"label":"MONAT STUDIO ONE\u2122 Krem\u00a0Do Suszenia W\u0142os\u00f3w","link":"https:\/\/monatglobal.com\/pl\/blow-out-cream\/"}],"_links":{"self":[{"href":"https:\/\/monatglobal.com\/pl\/wp-json\/wp\/v2\/pages\/71011","targetHints":{"allow":["GET"]}}],"collection":[{"href":"https:\/\/monatglobal.com\/pl\/wp-json\/wp\/v2\/pages"}],"about":[{"href":"https:\/\/monatglobal.com\/pl\/wp-json\/wp\/v2\/types\/page"}],"author":[{"embeddable":true,"href":"https:\/\/monatglobal.com\/pl\/wp-json\/wp\/v2\/users\/39"}],"replies":[{"embeddable":true,"href":"https:\/\/monatglobal.com\/pl\/wp-json\/wp\/v2\/comments?post=71011"}],"version-history":[{"count":37,"href":"https:\/\/monatglobal.com\/pl\/wp-json\/wp\/v2\/pages\/71011\/revisions"}],"predecessor-version":[{"id":109294,"href":"https:\/\/monatglobal.com\/pl\/wp-json\/wp\/v2\/pages\/71011\/revisions\/109294"}],"wp:featuredmedia":[{"embeddable":true,"href":"https:\/\/monatglobal.com\/pl\/wp-json\/wp\/v2\/media\/69993"}],"wp:attachment":[{"href":"https:\/\/monatglobal.com\/pl\/wp-json\/wp\/v2\/media?parent=71011"}],"wp:term":[{"taxonomy":"category","embeddable":true,"href":"https:\/\/monatglobal.com\/pl\/wp-json\/wp\/v2\/categories?post=71011"},{"taxonomy":"post_tag","embeddable":true,"href":"https:\/\/monatglobal.com\/pl\/wp-json\/wp\/v2\/tags?post=71011"}],"curies":[{"name":"wp","href":"https:\/\/api.w.org\/{rel}","templated":true}]}}