{"id":69601,"date":"2022-06-08T15:56:55","date_gmt":"2022-06-08T14:56:55","guid":{"rendered":"https:\/\/monatglobal.com\/pl\/?page_id=69601"},"modified":"2022-10-17T02:14:35","modified_gmt":"2022-10-17T01:14:35","slug":"gratitude-balm","status":"publish","type":"page","link":"https:\/\/monatglobal.com\/pl\/gratitude-balm\/","title":{"rendered":"More than a Balm"},"content":{"rendered":"\n<link rel=\"stylesheet\" href=\"https:\/\/unpkg.com\/swiper\/swiper-bundle.min.css\">\n<link rel=\"stylesheet\" href=\"https:\/\/monatglobal.com\/wp-content\/creative_css\/product_styles_sheet.css\">\n   <!--==================================================== ECOMM SECTION ====================================================-->\n      <!--==================================================== Ecomm image ====================================================-->\n           \n      <source media=\"(max-width: 700px)\" srcset=\"https:\/\/monatglobal.com\/wp-content\/uploads\/2022\/06\/balm-ecomm-2022.jpg\">\n      <img decoding=\"async\" src=\"https:\/\/monatglobal.com\/wp-content\/uploads\/2022\/06\/balm-ecomm-2022.jpg\" alt=\"More Than a Balm\">\n         \n      <!--==================================================== Ecomm information  ====================================================-->\n NOWO\u015a\u0106\n \t\t\t<h1>More than <br>a Balm <\/h1>\n\t\t\t\n\t\t<p> by MONAT\u2122<\/p>\n\t\t\t<p> 1 fl. oz. \/ 30 ml <\/p>\n<p>Promocyjna cena detaliczna<br>48 z\u0142<\/p>\n\t\t\t\t\t<p>Warto\u015b\u0107 detaliczna<br>48 z\u0142<\/p>\n\t\t\t\t\t<p>Klient VIP<br>48 z\u0142<\/p>\n\t\t\t\t\t<p>Retail Price<br>$42.00 (USD)<\/p>\n\t\t\t\t\t<p>VIP Customer Price<br>$36.00 (USD)<\/p>\n\t\t\t<p>To learn more about Damage Repair Bond Support Shampoo, please contact your MONAT Market&nbsp;Partner. <\/p>\n\t\t\t\t<a target=\"_blank\" href=\"https:\/\/corp.mymonat.com\/shop\/products\/more-than-a-balm-by-monat?taxon_id=143\" rel=\"noopener\">a Balm shop&#8221;&gt;KUP TERAZ<\/a>\n   <!--==================================================== \/ECOMM SECTION  ====================================================-->\n   <!--==================================================== Benefits image ====================================================-->\n   \n      <source media=\"(max-width: 700px)\" srcset=\"https:\/\/monatglobal.com\/wp-content\/uploads\/2022\/06\/balm-benefits_mobile.jpg\">\n      <img decoding=\"async\" alt=\"More Than A Balm laying on top of a tote bag, next to a phone and sunglasses.\" src=\"https:\/\/monatglobal.com\/wp-content\/uploads\/2022\/06\/balm-benefits.jpg\">\n   \n   <!--==================================================== Benefits text ====================================================-->\n         <h2>BENEFICIOS<\/h2>\n         <h3>Przedstawiamy More than a Balm by MONAT\u2122! Jeden wspania\u0142y produkt przeznaczony do niezliczonych zastosowa\u0144 i&nbsp;stworzony z&nbsp;my\u015bl\u0105 o&nbsp;pomaganiu&nbsp;innym! <\/h3>\n         <p>Infused with REJUVENIQE<sup>\u00ae<\/sup>, More than a Mist by MONAT\u2122, with its beautifully delicate scent, adds glowing shine to hair and refreshes and nourishes hair and skin.  <\/p>\n         <!--==================================================== features image  ====================================================-->\n         <img decoding=\"async\" alt=\"Three More Than A Balms standing near oranges.\" src=\"https:\/\/monatglobal.com\/wp-content\/uploads\/2022\/06\/balm-features.jpg\">\n      <!--==================================================== features text ====================================================-->\n            <h3>Ten wielofunkcyjny produkt do sk\u00f3ry i&nbsp;w\u0142os\u00f3w to idealne rozwi\u0105zanie w&nbsp;podr\u00f3\u017cy,&nbsp;kt\u00f3re:<\/h3>\n               <p>\/ natychmiastowo nawil\u017ca suche okolice, takie jak kolana i&nbsp;\u0142okcie<\/p>\n               <p>\/ zapewnia nawil\u017cenie i&nbsp;mi\u0119kko\u015b\u0107 suchym sk\u00f3rkom u&nbsp;r\u0105k<\/p>\n               <p>\/ ujarzmia niepos\u0142uszne&nbsp;kosmyki<\/p>\n               <p>\/ uk\u0142ada niesforne&nbsp;brwi<\/p>\n               <p>\/ wyr\u00f3wnuje nier\u00f3wn\u0105 struktur\u0119&nbsp;sk\u00f3ry<\/p>\n               <br>\n               <br>\n            <h3>Infused with REJUVENIQE S\u2122 and shea butter, More than a Balm by MONAT\u2122 features an exotic scent of vivid fruits and flowers transitioning to lingering notes of velvety woods and musk that delivers an extra touch of hydration to skin and hair anytime, any place.  <\/h3>\n               <p> Infused with shea butter, this luxurious body bar cleans, conditions, and refreshes for maximum smoothness and&nbsp;softness.<\/p>\n               <br>\n         <!--==================================================== features image  ====================================================-->\n         <img decoding=\"async\" alt=\"MONAT's Silky &amp; Soothing Hand Cream lays centered over a solid peach color background exhibiting its main ingredients such \n         as coconut &amp; oils ornamenting the main product. \" src=\"https:\/\/monatglobal.com\/wp-content\/uploads\/2022\/06\/balm-features.jpg\">\n   <!--==================================================== composition image mobile ====================================================-->\n   <img decoding=\"async\" alt=\"A hand holding More Than A Balm and applying it to their legs.\" src=\"https:\/\/monatglobal.com\/wp-content\/uploads\/2022\/06\/balm-composition-1.jpg\">\n         \n         <h3>Wzbogacony o&nbsp;REJUVENIQE S\u2122 i&nbsp;mas\u0142o shea, More than a Balm by MONAT\u2122 o&nbsp;zapachu egzotycznych owoc\u00f3w i&nbsp;kwiat\u00f3w po\u0142\u0105czonych z&nbsp;nutami drzewnymi oraz pi\u017cmowymi zapewnia dodatkowe nawil\u017cenie sk\u00f3rze i&nbsp;w\u0142osom.<\/h3>\n         <p>Infused with shea butter, this luxurious body bar cleans, conditions, and refreshes for maximum smoothness and&nbsp;softness.<\/p>\n<!--==================================================== Composition section ====================================================-->\n      <img decoding=\"async\" alt=\"A hand holding More Than A Balm and applying it to their legs.\" src=\"https:\/\/monatglobal.com\/wp-content\/uploads\/2022\/06\/balm-composition-1.jpg\">\n      <img decoding=\"async\" alt=\"A hand putting More Than A Balm in their jean pocket, and overlaying a texture shot of More Than A Balm. \" src=\"https:\/\/monatglobal.com\/wp-content\/uploads\/2022\/06\/balm-composition-3.jpg\">\n         <h2>BENEFICIOS<\/h2>\n         <h3>Dodaj ten podr\u00f3\u017cny must have do swojego zam\u00f3wienia i&nbsp;pom\u00f3\u017c nam wywiera\u0107 pozytywny&nbsp;wp\u0142yw!<\/h3>\n         <p>MONAT przeka\u017ce 100% dochod\u00f3w netto ze sprzeda\u017cy tego produktu na inicjatywy edukacyjne dla m\u0142odzie\u017cy w&nbsp;ramach Programu Grantowego MONAT Gratitude.<\/p>\n   <a href=\"https:\/\/corp.mymonat.com\/shop\/products\/more-than-a-balm-by-monat?taxon_id=143\" target=\"_blank\" aria-label=\"Go more than a balm shop\" rel=\"noopener\">KUP TERAZ<\/a>\n   <!--==================================================== Ingredients section  ====================================================-->\n   <!--==================================================== You might also like section ====================================================-->\n      <h2>YOU MIGHT ALSO LIKE<\/h2>\n      <!--==================================================== Slider YOU MIGHT ALSO LIKE ====================================================-->\n            <!--==================================================== Slides products ====================================================-->\n               <a href=\"\/pl?page_id=65464\" aria-label=\"Go to MONAT FOR MEN\u2122 Essential Body Wash page\">\n                  <img decoding=\"async\" src=\"https:\/\/monatglobal.com\/pl\/wp-content\/uploads\/2022\/01\/essential-face-wash-ecomm-2022.png\" alt=\"MONAT FOR MEN\u2122 Essential Body Wash\">\n                  <p>Gel corporal esencial <br> MONAT FOR MEN\u2122<\/p>\n               <\/a>\n               <a href=\"\/pl?page_id=65480\" aria-label=\"Go to MONAT FOR MEN\u2122 Essential Face Scrub page\">\n                  <img decoding=\"async\" src=\"https:\/\/monatglobal.com\/pl\/wp-content\/uploads\/2022\/01\/essential-face-scrub-ecomm-2022.png\" alt=\"MONAT FOR MEN\u2122 Essential Face Scrub\">\n                  <p>Exfoliante facial esencial <br> MONAT FOR MEN\u2122<\/p>\n               <\/a>\n               <a href=\"\/pl?page_id=65493\" aria-label=\"Go to MONAT FOR MEN\u2122 Essential Face Moisturizer page\">\n                  <img decoding=\"async\" src=\"https:\/\/monatglobal.com\/pl\/wp-content\/uploads\/2022\/01\/essential-face-moisturizer-ecomm-2022.png\" alt=\"MONAT FOR MEN\u2122 Essential Face Moisturizer\">\n                  <p>Hidratante facial esencial<br>MONAT FOR MEN\u2122<\/p>\n               <\/a>\n         <!--==================================================== If we need navigation buttons  ====================================================-->\n         <!--==================================================== If we need paginations  ====================================================-->\n     <a href=\"https:\/\/monatgratitude.com\/\" aria-label=\"Go to all Skincare Products\"><p>Learn more about Gratitude<\/p><\/a>\n<!--==================================================== this link has to go last for it to work   ====================================================-->\n","protected":false},"excerpt":{"rendered":"<p>NOWO\u015a\u0106 More than a Balm by MONAT\u2122 1 fl. oz. \/ 30 ml Promocyjna cena detaliczna48 z\u0142 Warto\u015b\u0107 detaliczna48 z\u0142 Klient VIP48 z\u0142 Retail Price$42.00 (USD) VIP Customer Price$36.00 (USD) To learn more about Damage Repair Bond Support Shampoo, please contact your MONAT Market&nbsp;Partner. a Balm shop&#8221;&gt;KUP TERAZ BENEFICIOS Przedstawiamy More than a Balm by&hellip;<\/p>\n","protected":false},"author":39,"featured_media":71528,"parent":0,"menu_order":0,"comment_status":"closed","ping_status":"closed","template":"","meta":{"inline_featured_image":false,"om_disable_all_campaigns":false,"_monsterinsights_skip_tracking":false,"_monsterinsights_sitenote_active":false,"_monsterinsights_sitenote_note":"","_monsterinsights_sitenote_category":0,"footnotes":""},"categories":[],"tags":[],"class_list":["post-69601","page","type-page","status-publish","has-post-thumbnail","hentry"],"aioseo_notices":[],"aioseo_head":"\n\t\t<!-- All in One SEO Pro 4.9.5.2 - aioseo.com -->\n\t<meta name=\"description\" content=\"NOWO\u015a\u0106 More than a Balm by MONAT\u2122 1 fl. oz. \/ 30 ml Promocyjna cena detaliczna48 z\u0142 Warto\u015b\u0107 detaliczna48 z\u0142 Klient VIP48 z\u0142 Retail Price$42.00 (USD) VIP Customer Price$36.00 (USD) To learn more about Damage Repair Bond Support Shampoo, please contact your MONAT Market Partner. a Balm shop&quot;&gt;KUP TERAZ BENEFICIOS Przedstawiamy More than a Balm by\" \/>\n\t<meta name=\"robots\" content=\"max-image-preview:large\" \/>\n\t<link rel=\"canonical\" href=\"https:\/\/monatglobal.com\/pl\/gratitude-balm\/\" \/>\n\t<meta name=\"generator\" content=\"All in One SEO Pro (AIOSEO) 4.9.5.2\" \/>\n\t\t<meta property=\"og:locale\" content=\"pl_PL\" \/>\n\t\t<meta property=\"og:site_name\" content=\"MONAT POLAND - MONAT GLOBAL\" \/>\n\t\t<meta property=\"og:type\" content=\"article\" \/>\n\t\t<meta property=\"og:title\" content=\"More than a Balm - MONAT POLAND\" \/>\n\t\t<meta property=\"og:description\" content=\"NOWO\u015a\u0106 More than a Balm by MONAT\u2122 1 fl. oz. \/ 30 ml Promocyjna cena detaliczna48 z\u0142 Warto\u015b\u0107 detaliczna48 z\u0142 Klient VIP48 z\u0142 Retail Price$42.00 (USD) VIP Customer Price$36.00 (USD) To learn more about Damage Repair Bond Support Shampoo, please contact your MONAT Market Partner. a Balm shop&quot;&gt;KUP TERAZ BENEFICIOS Przedstawiamy More than a Balm by\" \/>\n\t\t<meta property=\"og:url\" content=\"https:\/\/monatglobal.com\/pl\/gratitude-balm\/\" \/>\n\t\t<meta property=\"article:published_time\" content=\"2022-06-08T14:56:55+00:00\" \/>\n\t\t<meta property=\"article:modified_time\" content=\"2022-10-17T01:14:35+00:00\" \/>\n\t\t<meta name=\"twitter:card\" content=\"summary_large_image\" \/>\n\t\t<meta name=\"twitter:title\" content=\"More than a Balm - MONAT POLAND\" \/>\n\t\t<meta name=\"twitter:description\" content=\"NOWO\u015a\u0106 More than a Balm by MONAT\u2122 1 fl. oz. \/ 30 ml Promocyjna cena detaliczna48 z\u0142 Warto\u015b\u0107 detaliczna48 z\u0142 Klient VIP48 z\u0142 Retail Price$42.00 (USD) VIP Customer Price$36.00 (USD) To learn more about Damage Repair Bond Support Shampoo, please contact your MONAT Market Partner. a Balm shop&quot;&gt;KUP TERAZ BENEFICIOS Przedstawiamy More than a Balm by\" \/>\n\t\t<script type=\"application\/ld+json\" class=\"aioseo-schema\">\n\t\t\t{\"@context\":\"https:\\\/\\\/schema.org\",\"@graph\":[{\"@type\":\"BreadcrumbList\",\"@id\":\"https:\\\/\\\/monatglobal.com\\\/pl\\\/gratitude-balm\\\/#breadcrumblist\",\"itemListElement\":[{\"@type\":\"ListItem\",\"@id\":\"https:\\\/\\\/monatglobal.com\\\/pl#listItem\",\"position\":1,\"name\":\"Home\",\"item\":\"https:\\\/\\\/monatglobal.com\\\/pl\",\"nextItem\":{\"@type\":\"ListItem\",\"@id\":\"https:\\\/\\\/monatglobal.com\\\/pl\\\/gratitude-balm\\\/#listItem\",\"name\":\"More than a Balm\"}},{\"@type\":\"ListItem\",\"@id\":\"https:\\\/\\\/monatglobal.com\\\/pl\\\/gratitude-balm\\\/#listItem\",\"position\":2,\"name\":\"More than a Balm\",\"previousItem\":{\"@type\":\"ListItem\",\"@id\":\"https:\\\/\\\/monatglobal.com\\\/pl#listItem\",\"name\":\"Home\"}}]},{\"@type\":\"Organization\",\"@id\":\"https:\\\/\\\/monatglobal.com\\\/pl\\\/#organization\",\"name\":\"MONAT POLAND\",\"description\":\"MONAT GLOBAL\",\"url\":\"https:\\\/\\\/monatglobal.com\\\/pl\\\/\"},{\"@type\":\"WebPage\",\"@id\":\"https:\\\/\\\/monatglobal.com\\\/pl\\\/gratitude-balm\\\/#webpage\",\"url\":\"https:\\\/\\\/monatglobal.com\\\/pl\\\/gratitude-balm\\\/\",\"name\":\"More than a Balm - MONAT POLAND\",\"description\":\"NOWO\\u015a\\u0106 More than a Balm by MONAT\\u2122 1 fl. oz. \\\/ 30 ml Promocyjna cena detaliczna48 z\\u0142 Warto\\u015b\\u0107 detaliczna48 z\\u0142 Klient VIP48 z\\u0142 Retail Price$42.00 (USD) VIP Customer Price$36.00 (USD) To learn more about Damage Repair Bond Support Shampoo, please contact your MONAT Market Partner. a Balm shop\\\">KUP TERAZ BENEFICIOS Przedstawiamy More than a Balm by\",\"inLanguage\":\"pl-PL\",\"isPartOf\":{\"@id\":\"https:\\\/\\\/monatglobal.com\\\/pl\\\/#website\"},\"breadcrumb\":{\"@id\":\"https:\\\/\\\/monatglobal.com\\\/pl\\\/gratitude-balm\\\/#breadcrumblist\"},\"image\":{\"@type\":\"ImageObject\",\"url\":\"https:\\\/\\\/monatglobal.com\\\/pl\\\/wp-content\\\/uploads\\\/sites\\\/9\\\/2022\\\/10\\\/balm-ecomm-2022.jpg\",\"@id\":\"https:\\\/\\\/monatglobal.com\\\/pl\\\/gratitude-balm\\\/#mainImage\",\"width\":641,\"height\":800},\"primaryImageOfPage\":{\"@id\":\"https:\\\/\\\/monatglobal.com\\\/pl\\\/gratitude-balm\\\/#mainImage\"},\"datePublished\":\"2022-06-08T15:56:55+01:00\",\"dateModified\":\"2022-10-17T02:14:35+01:00\"},{\"@type\":\"WebSite\",\"@id\":\"https:\\\/\\\/monatglobal.com\\\/pl\\\/#website\",\"url\":\"https:\\\/\\\/monatglobal.com\\\/pl\\\/\",\"name\":\"MONAT POLAND\",\"description\":\"MONAT GLOBAL\",\"inLanguage\":\"pl-PL\",\"publisher\":{\"@id\":\"https:\\\/\\\/monatglobal.com\\\/pl\\\/#organization\"}}]}\n\t\t<\/script>\n\t\t<!-- All in One SEO Pro -->\r\n\t\t<title>More than a Balm - MONAT POLAND<\/title>\n\n","aioseo_head_json":{"title":"More than a Balm - MONAT POLAND","description":"NOWO\u015a\u0106 More than a Balm by MONAT\u2122 1 fl. oz. \/ 30 ml Promocyjna cena detaliczna48 z\u0142 Warto\u015b\u0107 detaliczna48 z\u0142 Klient VIP48 z\u0142 Retail Price$42.00 (USD) VIP Customer Price$36.00 (USD) To learn more about Damage Repair Bond Support Shampoo, please contact your MONAT Market Partner. a Balm shop\">KUP TERAZ BENEFICIOS Przedstawiamy More than a Balm by","canonical_url":"https:\/\/monatglobal.com\/pl\/gratitude-balm\/","robots":"max-image-preview:large","keywords":"","webmasterTools":{"miscellaneous":""},"schema":{"@context":"https:\/\/schema.org","@graph":[{"@type":"BreadcrumbList","@id":"https:\/\/monatglobal.com\/pl\/gratitude-balm\/#breadcrumblist","itemListElement":[{"@type":"ListItem","@id":"https:\/\/monatglobal.com\/pl#listItem","position":1,"name":"Home","item":"https:\/\/monatglobal.com\/pl","nextItem":{"@type":"ListItem","@id":"https:\/\/monatglobal.com\/pl\/gratitude-balm\/#listItem","name":"More than a Balm"}},{"@type":"ListItem","@id":"https:\/\/monatglobal.com\/pl\/gratitude-balm\/#listItem","position":2,"name":"More than a Balm","previousItem":{"@type":"ListItem","@id":"https:\/\/monatglobal.com\/pl#listItem","name":"Home"}}]},{"@type":"Organization","@id":"https:\/\/monatglobal.com\/pl\/#organization","name":"MONAT POLAND","description":"MONAT GLOBAL","url":"https:\/\/monatglobal.com\/pl\/"},{"@type":"WebPage","@id":"https:\/\/monatglobal.com\/pl\/gratitude-balm\/#webpage","url":"https:\/\/monatglobal.com\/pl\/gratitude-balm\/","name":"More than a Balm - MONAT POLAND","description":"NOWO\u015a\u0106 More than a Balm by MONAT\u2122 1 fl. oz. \/ 30 ml Promocyjna cena detaliczna48 z\u0142 Warto\u015b\u0107 detaliczna48 z\u0142 Klient VIP48 z\u0142 Retail Price$42.00 (USD) VIP Customer Price$36.00 (USD) To learn more about Damage Repair Bond Support Shampoo, please contact your MONAT Market Partner. a Balm shop\">KUP TERAZ BENEFICIOS Przedstawiamy More than a Balm by","inLanguage":"pl-PL","isPartOf":{"@id":"https:\/\/monatglobal.com\/pl\/#website"},"breadcrumb":{"@id":"https:\/\/monatglobal.com\/pl\/gratitude-balm\/#breadcrumblist"},"image":{"@type":"ImageObject","url":"https:\/\/monatglobal.com\/pl\/wp-content\/uploads\/sites\/9\/2022\/10\/balm-ecomm-2022.jpg","@id":"https:\/\/monatglobal.com\/pl\/gratitude-balm\/#mainImage","width":641,"height":800},"primaryImageOfPage":{"@id":"https:\/\/monatglobal.com\/pl\/gratitude-balm\/#mainImage"},"datePublished":"2022-06-08T15:56:55+01:00","dateModified":"2022-10-17T02:14:35+01:00"},{"@type":"WebSite","@id":"https:\/\/monatglobal.com\/pl\/#website","url":"https:\/\/monatglobal.com\/pl\/","name":"MONAT POLAND","description":"MONAT GLOBAL","inLanguage":"pl-PL","publisher":{"@id":"https:\/\/monatglobal.com\/pl\/#organization"}}]},"og:locale":"pl_PL","og:site_name":"MONAT POLAND - MONAT GLOBAL","og:type":"article","og:title":"More than a Balm - MONAT POLAND","og:description":"NOWO\u015a\u0106 More than a Balm by MONAT\u2122 1 fl. oz. \/ 30 ml Promocyjna cena detaliczna48 z\u0142 Warto\u015b\u0107 detaliczna48 z\u0142 Klient VIP48 z\u0142 Retail Price$42.00 (USD) VIP Customer Price$36.00 (USD) To learn more about Damage Repair Bond Support Shampoo, please contact your MONAT Market Partner. a Balm shop&quot;&gt;KUP TERAZ BENEFICIOS Przedstawiamy More than a Balm by","og:url":"https:\/\/monatglobal.com\/pl\/gratitude-balm\/","article:published_time":"2022-06-08T14:56:55+00:00","article:modified_time":"2022-10-17T01:14:35+00:00","twitter:card":"summary_large_image","twitter:title":"More than a Balm - MONAT POLAND","twitter:description":"NOWO\u015a\u0106 More than a Balm by MONAT\u2122 1 fl. oz. \/ 30 ml Promocyjna cena detaliczna48 z\u0142 Warto\u015b\u0107 detaliczna48 z\u0142 Klient VIP48 z\u0142 Retail Price$42.00 (USD) VIP Customer Price$36.00 (USD) To learn more about Damage Repair Bond Support Shampoo, please contact your MONAT Market Partner. a Balm shop&quot;&gt;KUP TERAZ BENEFICIOS Przedstawiamy More than a Balm by"},"aioseo_meta_data":{"post_id":"69601","title":null,"description":null,"keywords":null,"keyphrases":null,"primary_term":null,"canonical_url":null,"og_title":null,"og_description":null,"og_object_type":"default","og_image_type":"default","og_image_url":null,"og_image_width":null,"og_image_height":null,"og_image_custom_url":null,"og_image_custom_fields":null,"og_video":null,"og_custom_url":null,"og_article_section":null,"og_article_tags":null,"twitter_use_og":false,"twitter_card":"default","twitter_image_type":"default","twitter_image_url":null,"twitter_image_custom_url":null,"twitter_image_custom_fields":null,"twitter_title":null,"twitter_description":null,"schema":{"blockGraphs":[],"customGraphs":[],"default":{"data":{"Article":[],"Course":[],"Dataset":[],"FAQPage":[],"Movie":[],"Person":[],"Product":[],"ProductReview":[],"Car":[],"Recipe":[],"Service":[],"SoftwareApplication":[],"WebPage":[]},"graphName":"","isEnabled":true},"graphs":[]},"schema_type":"default","schema_type_options":null,"pillar_content":false,"robots_default":true,"robots_noindex":false,"robots_noarchive":false,"robots_nosnippet":false,"robots_nofollow":false,"robots_noimageindex":false,"robots_noodp":false,"robots_notranslate":false,"robots_max_snippet":null,"robots_max_videopreview":null,"robots_max_imagepreview":"large","priority":null,"frequency":null,"local_seo":null,"seo_analyzer_scan_date":"2025-08-15 05:16:58","limit_modified_date":false,"reviewed_by":null,"open_ai":null,"ai":null,"created":"2023-07-26 10:06:42","updated":"2025-08-15 05:16:58"},"aioseo_breadcrumb":"<div class=\"aioseo-breadcrumbs\"><span class=\"aioseo-breadcrumb\">\n\t<a href=\"https:\/\/monatglobal.com\/pl\" title=\"Home\">Home<\/a>\n<\/span><span class=\"aioseo-breadcrumb-separator\">&raquo;<\/span><span class=\"aioseo-breadcrumb\">\n\tMore than a Balm\n<\/span><\/div>","aioseo_breadcrumb_json":[{"label":"Home","link":"https:\/\/monatglobal.com\/pl"},{"label":"More than a Balm","link":"https:\/\/monatglobal.com\/pl\/gratitude-balm\/"}],"_links":{"self":[{"href":"https:\/\/monatglobal.com\/pl\/wp-json\/wp\/v2\/pages\/69601","targetHints":{"allow":["GET"]}}],"collection":[{"href":"https:\/\/monatglobal.com\/pl\/wp-json\/wp\/v2\/pages"}],"about":[{"href":"https:\/\/monatglobal.com\/pl\/wp-json\/wp\/v2\/types\/page"}],"author":[{"embeddable":true,"href":"https:\/\/monatglobal.com\/pl\/wp-json\/wp\/v2\/users\/39"}],"replies":[{"embeddable":true,"href":"https:\/\/monatglobal.com\/pl\/wp-json\/wp\/v2\/comments?post=69601"}],"version-history":[{"count":11,"href":"https:\/\/monatglobal.com\/pl\/wp-json\/wp\/v2\/pages\/69601\/revisions"}],"predecessor-version":[{"id":71531,"href":"https:\/\/monatglobal.com\/pl\/wp-json\/wp\/v2\/pages\/69601\/revisions\/71531"}],"wp:featuredmedia":[{"embeddable":true,"href":"https:\/\/monatglobal.com\/pl\/wp-json\/wp\/v2\/media\/71528"}],"wp:attachment":[{"href":"https:\/\/monatglobal.com\/pl\/wp-json\/wp\/v2\/media?parent=69601"}],"wp:term":[{"taxonomy":"category","embeddable":true,"href":"https:\/\/monatglobal.com\/pl\/wp-json\/wp\/v2\/categories?post=69601"},{"taxonomy":"post_tag","embeddable":true,"href":"https:\/\/monatglobal.com\/pl\/wp-json\/wp\/v2\/tags?post=69601"}],"curies":[{"name":"wp","href":"https:\/\/api.w.org\/{rel}","templated":true}]}}