{"id":69305,"date":"2022-06-13T09:00:00","date_gmt":"2022-06-13T08:00:00","guid":{"rendered":"https:\/\/monatglobal.com\/?page_id=69305"},"modified":"2026-02-19T19:20:02","modified_gmt":"2026-02-19T19:20:02","slug":"smoothing-shampoo","status":"publish","type":"page","link":"https:\/\/monatglobal.com\/pl\/smoothing-shampoo\/","title":{"rendered":"Smoothing Anti-Frizz\u2122 Szampon"},"content":{"rendered":"\n<link rel=\"stylesheet\" href=\"https:\/\/unpkg.com\/swiper\/swiper-bundle.min.css\">\n<link rel=\"stylesheet\" href=\"https:\/\/monatglobal.com\/wp-content\/creative_css\/product_styles_sheet.css\">\n   <!--==================================================== ECOMM SECTION ====================================================-->\n      <!--==================================================== Ecomm image ====================================================-->\n      <img decoding=\"async\" src=\"https:\/\/monatglobal.com\/wp-content\/uploads\/2022\/05\/anti-frizz-shampoo-ecomm.png\" alt=\"Smoothing Anti-Frizz\u2122 Szampon\" loading=\"lazy\">\n      <!--==================================================== Ecomm information  ====================================================-->\n         <p>Smoothing Anti-Frizz\u2122<\/p>\n         <h1>Szampon<\/h1>\n         \n         <p>Delikatnie oczyszcza, zapewniaj\u0105c jedwabi\u015bcie g\u0142adkie&nbsp;w\u0142osy.<\/p>\n         <p>237 ml \u212e 8 fl. oz.<\/p>\n     <!--==================================================== pricing box ====================================================-->  \n         <p>Cena detaliczna<br>000.00 z\u0142<\/p>\n         <p>Klient VIP<br>000.00 z\u0142<\/p>\n     <!--==================================================== pricing box ====================================================-->   \n         <p>Aby dowiedzie\u0107 si\u0119 wi\u0119cej na temat produktu Smoothing Anti-Frizz\u2122 Szampon , prosimy skontaktowa\u0107 si\u0119 ze swoim Market Partnerem&nbsp;MONAT.<\/p>\n          <a href=\"\" target=\"_blank\" role=\"button\" aria-label=\"\" rel=\"noopener\"><\/a>\n   <!--==================================================== \/ECOMM SECTION  ====================================================-->\n   <!--==================================================== Benefits image ====================================================-->\n   \n      <source media=\"(max-width: 700px)\" srcset=\"https:\/\/monatglobal.com\/wp-content\/uploads\/2022\/05\/anti-frizz-shampoo-benefits-mobilw.jpg\" loading=\"lazy\">\n      <img decoding=\"async\" alt=\"A brunette woman with curly hair holding Smoothing Anti-Frizz\u2122 Shampoo.\" src=\"https:\/\/monatglobal.com\/wp-content\/uploads\/2022\/05\/Smooth-Renew-Body-Lotion-benefits.jpg\" loading=\"lazy\">\n   \n   <!--==================================================== Benefits text ====================================================-->\n         <h2>ZALETY<\/h2>\n         <h3>Po\u0142\u0105czenie wyj\u0105tkowych nut kwiatowych i owocowych, takich jak rabarbar, gruszka, fio\u0142ek, gardenia, wanilia i drzewo cedrowe. <sup>1<\/sup><\/h3>\n         <!--==================================================== features image  ====================================================-->\n         <img decoding=\"async\" alt=\"Smoothing Anti-Frizz\u2122 Shampoo laying on a tan surface, next to greenery and leaves.\" src=\"https:\/\/monatglobal.com\/wp-content\/uploads\/2022\/05\/anti-frizz-shampoo-features.jpg\" loading=\"lazy\">\n      <!--==================================================== features text ====================================================-->\n            <h3>Nowa, ulepszona formu\u0142a pozwala uzyska\u0107 trwa\u0142\u0105 kontrol\u0119 nad pusz\u0105c\u0105 si\u0119&nbsp;fryzur\u0105. <\/h3>\n                <p>\/ W\u0142osy s\u0105 o pi\u0119\u0107 razy&nbsp;g\u0142adsze<sup>1<\/sup><\/p>\n                <p>\/ W\u0142osy s\u0105 trzy razy \u0142atwiejsze w&nbsp;uk\u0142adaniu i&nbsp;mniej \u0142amliwe<sup>1, 3<\/sup><\/p>\n                <p>\/ Zmniejsza puszenie oraz elektryzowanie si\u0119 w\u0142os\u00f3w nawet do 72&nbsp;godzin<sup>1, 2<\/sup><\/p>\n                <p>\/ Kompleks lipid\u00f3w zwalczaj\u0105cych wilgo\u0107 z&nbsp;REJUVENIQE<sup>\u00ae<\/sup> oraz tropikalnymi mas\u0142ami i&nbsp;olejkami<\/p>\n               <br>\n            <p>Zapach  \/ Po\u0142\u0105czenie wyj\u0105tkowych nut kwiatowych i&nbsp;owocowych, takich jak rabarbar, gruszka, fio\u0142ek, gardenia, wanilia i&nbsp;drzewo cedrowe. <\/p>\n            <p> Konsystencja  \/ Kremowa<\/p>\n   <!--==================================================== composition image mobile ====================================================-->\n   <img decoding=\"async\" alt=\"Smoothing Anti-Frizz\u2122 Shampoo laying on a ceramic plate, next to drops of REJUVENIQE\u00ae and Smoothing Anti-Frizz\u2122 Shampoo.\" src=\"https:\/\/monatglobal.com\/wp-content\/uploads\/2022\/05\/comp1-anti-frizz-shampoo-.jpg\" loading=\"lazy\">\n   <!--==================================================== Why it works text ====================================================-->\n        <h2>Szampon ma delikatn\u0105 formu\u0142\u0119 i&nbsp;jest odpowiedni do w\u0142os\u00f3w&nbsp;farbowanych.<\/h2>\n        <h3>Pomaga ujarzmi\u0107 pusz\u0105c\u0105 si\u0119 fryzur\u0119 oraz zmniejsza obj\u0119to\u015b\u0107, daj\u0105c w&nbsp;efekcie jedwabiste, mocne w\u0142osy, kt\u00f3re s\u0105 \u0142atwiejsze w&nbsp;uk\u0142adaniu. <\/h3>\n        <p>Formu\u0142a o skutecznym dzia\u0142aniu zawiera mieszank\u0119 ro\u015blinnych sk\u0142adnik\u00f3w aktywnych, naturalnych surfaktant\u00f3w oraz bio sk\u0142adnik\u00f3w&nbsp;od\u017cywczych. <\/p>\n<!--==================================================== Composition section ====================================================-->\n      <img decoding=\"async\" alt=\"Smoothing Anti-Frizz\u2122 Shampoo laying on a ceramic plate, next to drops of REJUVENIQE\u00ae and Smoothing Anti-Frizz\u2122 Shampoo.\" src=\"https:\/\/monatglobal.com\/wp-content\/uploads\/2022\/05\/comp1-anti-frizz-shampoo-.jpg\" loading=\"lazy\">\n      <img decoding=\"async\" alt=\"Brunette woman with curly hair holding Smoothing Anti-Frizz\u2122 Shampoo.\" src=\"https:\/\/monatglobal.com\/wp-content\/uploads\/2022\/05\/comp3-anti-frizz-shampoo-.jpg\" loading=\"lazy\">\n            <!--==================================================== Directions text ====================================================--> \n               <h3>Spos\u00f3b u\u017cycia<\/h3>\n               <p>\/ Na\u0142\u00f3\u017c na mokre w\u0142osy. <\/p>\n               <p>\/ Wmasuj produkt we w\u0142osy i&nbsp;sk\u00f3r\u0119 g\u0142owy do spienienia przez 1- 2&nbsp;minuty. <\/p>\n               <p>\/ Sp\u0142ucz i powt\u00f3rz. <\/p>\n               <p>\/ Nast\u0119pnie zastosuj Od\u017cywk\u0119 O G\u0142\u0119bokim Dzia\u0142aniu lub Intensywn\u0105 Kuracj\u0119 z&nbsp;serii Smoothing&nbsp;Anti-Frizz\u2122.<\/p>\n            <!--==================================================== Directions video ====================================================-->\n      <p>Smoothing Anti-Frizz\u2122 <br>Szampon <br> 0:57 <\/p>\n      <a href=\"\" target=\"_blank\" role=\"button\" aria-label=\"\" rel=\"noopener\"><\/a>\n   <!--==================================================== Ingredients section  ====================================================-->\n      <h2>PRZEGL\u0104D SK\u0141ADNIK\u00d3W<\/h2>\n               <p>REJUVATERIC AMS<sup>\u00ae<\/sup><\/p>\n               <p>Olejek z&nbsp;daktylowca pustynnego <\/p>\n               <p>Mieszanka ro\u015blinnych olejk\u00f3w i mase\u0142 <\/p>\n               <p>Ekstrakt z&nbsp;czerwonych alg <\/p>\n               <p>Ekstrakt z kory \u015bwierku&nbsp;czarnego <\/p>\n               <p>Ro\u015blinny sk\u0142adnik nawil\u017caj\u0105cy<\/p>\n        <button id=\"myBtn\" type=\"button\">LISTA SK\u0141ADNIK\u00d3W<\/button>\n      <!--==================================================== Modal content  ====================================================-->\n         \u00d7\n         <p>Aqua\/Water\/Eau, Glycerin, Sodium Lauroyl Methyl Isethionate, Lauramidopropyl Betaine, Sodium Cocoyl Isethionate, Isoamyl Laurate, Adansonia Digitata Oil, Caryocar Brasiliense Fruit Oil, Gardenia Taitensis Flower Extract, Mauritia Flexuosa Fruit Oil, Moringa Oleifera Seed Oil, Tocopherol, Citrus Aurantifolia (Lime) Oil, Citrus Aurantium Bergamia (Bergamot) Fruit Oil, Caprylic Acid, Xylitol, Citrus Limon (Lemon) Peel Oil, Daucus Carota Sativa (Carrot) Seed Oil, Triisodecyl Phosphite, Behentrimonium Chloride, Alcohol, Glyceryl Caprylate, Glyceryl Undecylenate, Hypnea Musciformis Extract, Polyglyceryl-10 Dipalmitate, Pouteria Sapota Seed Oil, Sodium Lignosulfonate, Magnesium Aluminum Silicate, Polyquaternium-37, Cocos Nucifera (Coconut) Oil, Glycolic Acid, Polyglyceryl-10 Laurate, Picea Mariana Bark Extract, Solanum Lycopersicum (Tomato) Seed Oil, Ethyl Linoleate, Ethyl Oleate, Trehalose, Lactic Acid, Helianthus Annuus (Sunflower) Seed Oil, Camellia Oleifera Seed Oil, Opuntia ficus-indica Seed Extract, Propanediol, Sodium Hydroxide, Polyglyceryl-10 Dioleate, Brassica Napus Extract, Butylene Glycol, Olea Europaea (olive) Oil Unsaponifiables, Crambe Abyssinica Seed Oil, Butyrospermum Parkii (Shea) Butter, Cocamidopropyl Hydroxysultaine, Glyceryl Rosinate, Garcinia Indica Seed Butter, Shorea Stenoptera Seed Butter, Balanites Roxburghii Seed Oil, Abyssinian\/Meadowfoamamidopropyl Hydroxysultaine, Limnanthes Alba (Meadowfoam) Seed Oil, Sodium Phytate, Brassicamidopropyl Dimethylamine, Trisodium Ethylenediamine Disuccinate, Sodium Isethionate, Polysorbate 20, Ethylhexylglycerin, Glycol Distearate, Hydroxyethyl Cetearamidopropyldimonium Chloride, PEG-120 Methyl Glucose Dioleate, Cetearyl Alcohol, Behenyl Alcohol, Polyquaternium-7, Polyquaternium-10, Sodium Chloride, Coconut Acid, Benzyl Alcohol, Acrylates Copolymer, Citric Acid, Potassium Sorbate, Sodium Levulinate, Sodium Benzoate, Fragrance (Parfum),&nbsp;Hydroxycitronellal.<\/p>\n        <p><sup>1<\/sup> Na podstawie test\u00f3w instrumentalnych przeprowadzonych przez niezale\u017cne&nbsp;laboratorium.<\/p>\n        <p><sup>2<\/sup> Podczas stosowania rutyny: Szampon Smoothing Anti-Frizz\u2122 + Od\u017cywka O&nbsp;G\u0142\u0119bokim Dzia\u0142aniu + Spray Do Suszenia W\u0142os\u00f3w albo Szampon Smoothing Anti-Frizz\u2122 + Intensywna Kuracja + Spray Do Suszenia W\u0142os\u00f3w w&nbsp;por\u00f3wnaniu z&nbsp;szamponem bez&nbsp;od\u017cywki.<\/p>\n        <p><sup>3<\/sup> Na podstawie badania \u0142amliwo\u015bci w\u0142os\u00f3w, kt\u00f3re polega\u0142o na ocenie zmniejszenia z\u0142amanych w\u0142\u00f3kien w\u0142os\u00f3w spowodowanych powtarzalnym czesaniem grzebieniem i&nbsp;szczotk\u0105.<\/p>\n   <!--==================================================== You might also like section ====================================================-->\n      <h2>INNE PRODUKTY, KT\u00d3RE MOG\u0104 CI\u0118 ZAINTERESOWA\u0106<\/h2>\n      <!--==================================================== Slider YOU MIGHT ALSO LIKE ====================================================-->\n      <!---->\n      <!--   -->\n            <!--==================================================== Slides products ====================================================-->\n      <!--      -->\n      <!--         <a href=\"https:\/\/monatglobal.com\/pl\/smoothing-deep-conditioner\" aria-label=\"Go to Smoothing Anti-Frizz\u2122 Od\u017cywka O G\u0142\u0119bokim Dzia\u0142aniu page\">-->\n      <!--            <img decoding=\"async\" src=\"https:\/\/monatglobal.com\/wp-content\/uploads\/2022\/12\/anti-frizz-deep-conditioner-ecomm-min.png\" alt=\"Smoothing Anti-Frizz\u2122 Od\u017cywka O G\u0142\u0119bokim Dzia\u0142aniu\" loading=\"lazy\"\/>-->\n      <!--            <p>Smoothing Anti-Frizz\u2122 <br \/>Od\u017cywka O G\u0142\u0119bokim Dzia\u0142aniu<\/p>-->\n      <!--         <\/a>-->\n      <!--      -->\n      <!--      -->\n      <!--         <a href=\"https:\/\/monatglobal.com\/pl\/smoothing-anti-frizz-treatment\" aria-label=\"Go to Smoothing Anti-Frizz\u2122 Intensywna Kuracja page\">-->\n      <!--            <img decoding=\"async\" src=\"https:\/\/monatglobal.com\/wp-content\/uploads\/2022\/12\/anti-frizz-deep-treatment-ecomm-min.png\" alt=\"Smoothing Anti-Frizz\u2122 Intensywna Kuracja\" loading=\"lazy\"\/>-->\n      <!--            <p>Smoothing Anti-Frizz\u2122 <br \/>Intensywna Kuracja<\/p>-->\n      <!--         <\/a>-->\n      <!--      -->\n      <!--      -->\n      <!--         <a href=\"https:\/\/monatglobal.com\/pl\/smoothing-anti-frizz-spray\" aria-label=\"Go to Smoothing Anti-Frizz\u2122 Spray Do Suszenia W\u0142os\u00f3w page\">-->\n      <!--            <img decoding=\"async\" src=\"https:\/\/monatglobal.com\/wp-content\/uploads\/2022\/12\/anti-frizz-blow-out-spray-ecomm-min.png\" alt=\"Smoothing Anti-Frizz\u2122 Spray Do Suszenia W\u0142os\u00f3w\" loading=\"lazy\"\/>-->\n      <!--            <p>Smoothing Anti-Frizz\u2122 <br \/>Spray Do Suszenia W\u0142os\u00f3w<\/p>-->\n      <!--         <\/a>-->\n      <!--      -->\n      <!--   -->\n         <!--==================================================== If we need navigation buttons  ====================================================-->\n      <!--   -->\n      <!--   -->\n         <!--==================================================== If we need paginations  ====================================================-->\n      <!--   -->\n      <!---->\n         <!--==================================================== If we need navigation buttons  ====================================================-->\n         <!--==================================================== If we need paginations  ====================================================-->\n    <a href=\"\" aria-label=\"\"><\/a>\n<!--==================================================== this link has to go last for it to work   ====================================================-->\n","protected":false},"excerpt":{"rendered":"<p>Smoothing Anti-Frizz\u2122 Szampon Delikatnie oczyszcza, zapewniaj\u0105c jedwabi\u015bcie g\u0142adkie&nbsp;w\u0142osy. 237 ml \u212e 8 fl. oz. Cena detaliczna000.00 z\u0142 Klient VIP000.00 z\u0142 Aby dowiedzie\u0107 si\u0119 wi\u0119cej na temat produktu Smoothing Anti-Frizz\u2122 Szampon , prosimy skontaktowa\u0107 si\u0119 ze swoim Market Partnerem&nbsp;MONAT. ZALETY Po\u0142\u0105czenie wyj\u0105tkowych nut kwiatowych i owocowych, takich jak rabarbar, gruszka, fio\u0142ek, gardenia, wanilia i drzewo cedrowe.&hellip;<\/p>\n","protected":false},"author":31,"featured_media":69555,"parent":0,"menu_order":0,"comment_status":"closed","ping_status":"closed","template":"","meta":{"inline_featured_image":false,"om_disable_all_campaigns":false,"_monsterinsights_skip_tracking":false,"_monsterinsights_sitenote_active":false,"_monsterinsights_sitenote_note":"","_monsterinsights_sitenote_category":0,"footnotes":""},"categories":[39],"tags":[],"class_list":["post-69305","page","type-page","status-publish","has-post-thumbnail","hentry","category-product-pl"],"aioseo_notices":[],"aioseo_head":"\n\t\t<!-- All in One SEO Pro 4.9.6 - aioseo.com -->\n\t<meta name=\"description\" content=\"--&gt;\" \/>\n\t<meta name=\"robots\" content=\"max-image-preview:large\" \/>\n\t<link rel=\"canonical\" href=\"https:\/\/monatglobal.com\/pl\/smoothing-shampoo\/\" \/>\n\t<meta name=\"generator\" content=\"All in One SEO Pro (AIOSEO) 4.9.6\" \/>\n\t\t<meta property=\"og:locale\" content=\"pl_PL\" \/>\n\t\t<meta property=\"og:site_name\" content=\"MONAT POLAND - MONAT GLOBAL\" \/>\n\t\t<meta property=\"og:type\" content=\"article\" \/>\n\t\t<meta property=\"og:title\" content=\"Smoothing Anti-Frizz\u2122 Szampon\" \/>\n\t\t<meta property=\"og:description\" content=\"--&gt;\" \/>\n\t\t<meta property=\"og:url\" content=\"https:\/\/monatglobal.com\/pl\/smoothing-shampoo\/\" \/>\n\t\t<meta property=\"article:published_time\" content=\"2022-06-13T08:00:00+00:00\" \/>\n\t\t<meta property=\"article:modified_time\" content=\"2026-02-19T19:20:02+00:00\" \/>\n\t\t<meta name=\"twitter:card\" content=\"summary_large_image\" \/>\n\t\t<meta name=\"twitter:title\" content=\"Smoothing Anti-Frizz\u2122 Szampon\" \/>\n\t\t<meta name=\"twitter:description\" content=\"--&gt;\" \/>\n\t\t<script type=\"application\/ld+json\" class=\"aioseo-schema\">\n\t\t\t{\"@context\":\"https:\\\/\\\/schema.org\",\"@graph\":[{\"@type\":\"BreadcrumbList\",\"@id\":\"https:\\\/\\\/monatglobal.com\\\/pl\\\/smoothing-shampoo\\\/#breadcrumblist\",\"itemListElement\":[{\"@type\":\"ListItem\",\"@id\":\"https:\\\/\\\/monatglobal.com\\\/pl#listItem\",\"position\":1,\"name\":\"Home\",\"item\":\"https:\\\/\\\/monatglobal.com\\\/pl\",\"nextItem\":{\"@type\":\"ListItem\",\"@id\":\"https:\\\/\\\/monatglobal.com\\\/pl\\\/smoothing-shampoo\\\/#listItem\",\"name\":\"Smoothing Anti-Frizz\\u2122 Szampon\"}},{\"@type\":\"ListItem\",\"@id\":\"https:\\\/\\\/monatglobal.com\\\/pl\\\/smoothing-shampoo\\\/#listItem\",\"position\":2,\"name\":\"Smoothing Anti-Frizz\\u2122 Szampon\",\"previousItem\":{\"@type\":\"ListItem\",\"@id\":\"https:\\\/\\\/monatglobal.com\\\/pl#listItem\",\"name\":\"Home\"}}]},{\"@type\":\"Organization\",\"@id\":\"https:\\\/\\\/monatglobal.com\\\/pl\\\/#organization\",\"name\":\"MONAT POLAND\",\"description\":\"MONAT GLOBAL\",\"url\":\"https:\\\/\\\/monatglobal.com\\\/pl\\\/\"},{\"@type\":\"WebPage\",\"@id\":\"https:\\\/\\\/monatglobal.com\\\/pl\\\/smoothing-shampoo\\\/#webpage\",\"url\":\"https:\\\/\\\/monatglobal.com\\\/pl\\\/smoothing-shampoo\\\/\",\"name\":\"Smoothing Anti-Frizz\\u2122 Szampon\",\"description\":\"-->\",\"inLanguage\":\"pl-PL\",\"isPartOf\":{\"@id\":\"https:\\\/\\\/monatglobal.com\\\/pl\\\/#website\"},\"breadcrumb\":{\"@id\":\"https:\\\/\\\/monatglobal.com\\\/pl\\\/smoothing-shampoo\\\/#breadcrumblist\"},\"image\":{\"@type\":\"ImageObject\",\"url\":\"https:\\\/\\\/monatglobal.com\\\/pl\\\/wp-content\\\/uploads\\\/sites\\\/9\\\/2022\\\/06\\\/anti-frizz-shampoo-ecomm-2.png\",\"@id\":\"https:\\\/\\\/monatglobal.com\\\/pl\\\/smoothing-shampoo\\\/#mainImage\",\"width\":641,\"height\":800},\"primaryImageOfPage\":{\"@id\":\"https:\\\/\\\/monatglobal.com\\\/pl\\\/smoothing-shampoo\\\/#mainImage\"},\"datePublished\":\"2022-06-13T09:00:00+01:00\",\"dateModified\":\"2026-02-19T19:20:02+00:00\"},{\"@type\":\"WebSite\",\"@id\":\"https:\\\/\\\/monatglobal.com\\\/pl\\\/#website\",\"url\":\"https:\\\/\\\/monatglobal.com\\\/pl\\\/\",\"name\":\"MONAT POLAND\",\"description\":\"MONAT GLOBAL\",\"inLanguage\":\"pl-PL\",\"publisher\":{\"@id\":\"https:\\\/\\\/monatglobal.com\\\/pl\\\/#organization\"}}]}\n\t\t<\/script>\n\t\t<!-- All in One SEO Pro -->\r\n\t\t<title>Smoothing Anti-Frizz\u2122 Szampon<\/title>\n\n","aioseo_head_json":{"title":"Smoothing Anti-Frizz\u2122 Szampon","description":"-->","canonical_url":"https:\/\/monatglobal.com\/pl\/smoothing-shampoo\/","robots":"max-image-preview:large","keywords":"","webmasterTools":{"miscellaneous":""},"schema":{"@context":"https:\/\/schema.org","@graph":[{"@type":"BreadcrumbList","@id":"https:\/\/monatglobal.com\/pl\/smoothing-shampoo\/#breadcrumblist","itemListElement":[{"@type":"ListItem","@id":"https:\/\/monatglobal.com\/pl#listItem","position":1,"name":"Home","item":"https:\/\/monatglobal.com\/pl","nextItem":{"@type":"ListItem","@id":"https:\/\/monatglobal.com\/pl\/smoothing-shampoo\/#listItem","name":"Smoothing Anti-Frizz\u2122 Szampon"}},{"@type":"ListItem","@id":"https:\/\/monatglobal.com\/pl\/smoothing-shampoo\/#listItem","position":2,"name":"Smoothing Anti-Frizz\u2122 Szampon","previousItem":{"@type":"ListItem","@id":"https:\/\/monatglobal.com\/pl#listItem","name":"Home"}}]},{"@type":"Organization","@id":"https:\/\/monatglobal.com\/pl\/#organization","name":"MONAT POLAND","description":"MONAT GLOBAL","url":"https:\/\/monatglobal.com\/pl\/"},{"@type":"WebPage","@id":"https:\/\/monatglobal.com\/pl\/smoothing-shampoo\/#webpage","url":"https:\/\/monatglobal.com\/pl\/smoothing-shampoo\/","name":"Smoothing Anti-Frizz\u2122 Szampon","description":"-->","inLanguage":"pl-PL","isPartOf":{"@id":"https:\/\/monatglobal.com\/pl\/#website"},"breadcrumb":{"@id":"https:\/\/monatglobal.com\/pl\/smoothing-shampoo\/#breadcrumblist"},"image":{"@type":"ImageObject","url":"https:\/\/monatglobal.com\/pl\/wp-content\/uploads\/sites\/9\/2022\/06\/anti-frizz-shampoo-ecomm-2.png","@id":"https:\/\/monatglobal.com\/pl\/smoothing-shampoo\/#mainImage","width":641,"height":800},"primaryImageOfPage":{"@id":"https:\/\/monatglobal.com\/pl\/smoothing-shampoo\/#mainImage"},"datePublished":"2022-06-13T09:00:00+01:00","dateModified":"2026-02-19T19:20:02+00:00"},{"@type":"WebSite","@id":"https:\/\/monatglobal.com\/pl\/#website","url":"https:\/\/monatglobal.com\/pl\/","name":"MONAT POLAND","description":"MONAT GLOBAL","inLanguage":"pl-PL","publisher":{"@id":"https:\/\/monatglobal.com\/pl\/#organization"}}]},"og:locale":"pl_PL","og:site_name":"MONAT POLAND - MONAT GLOBAL","og:type":"article","og:title":"Smoothing Anti-Frizz\u2122 Szampon","og:description":"--&gt;","og:url":"https:\/\/monatglobal.com\/pl\/smoothing-shampoo\/","article:published_time":"2022-06-13T08:00:00+00:00","article:modified_time":"2026-02-19T19:20:02+00:00","twitter:card":"summary_large_image","twitter:title":"Smoothing Anti-Frizz\u2122 Szampon","twitter:description":"--&gt;"},"aioseo_meta_data":{"post_id":"69305","title":"Smoothing Anti-Frizz\u2122 Szampon","description":null,"keywords":null,"keyphrases":{"focus":{"keyphrase":"","score":0,"analysis":{"keyphraseInTitle":{"score":0,"maxScore":9,"error":1}}},"additional":[]},"primary_term":null,"canonical_url":null,"og_title":null,"og_description":null,"og_object_type":"default","og_image_type":"default","og_image_url":null,"og_image_width":null,"og_image_height":null,"og_image_custom_url":null,"og_image_custom_fields":null,"og_video":"","og_custom_url":null,"og_article_section":null,"og_article_tags":null,"twitter_use_og":false,"twitter_card":"default","twitter_image_type":"default","twitter_image_url":null,"twitter_image_custom_url":null,"twitter_image_custom_fields":null,"twitter_title":null,"twitter_description":null,"schema":{"blockGraphs":[],"customGraphs":[],"default":{"data":{"Article":[],"Course":[],"Dataset":[],"FAQPage":[],"Movie":[],"Person":[],"Product":[],"ProductReview":[],"Car":[],"Recipe":[],"Service":[],"SoftwareApplication":[],"WebPage":[]},"graphName":"WebPage","isEnabled":true},"graphs":[]},"schema_type":"default","schema_type_options":null,"pillar_content":false,"robots_default":true,"robots_noindex":false,"robots_noarchive":false,"robots_nosnippet":false,"robots_nofollow":false,"robots_noimageindex":false,"robots_noodp":false,"robots_notranslate":false,"robots_max_snippet":"-1","robots_max_videopreview":"-1","robots_max_imagepreview":"large","priority":null,"frequency":"default","local_seo":null,"seo_analyzer_scan_date":"2026-02-19 19:22:05","limit_modified_date":false,"reviewed_by":"0","open_ai":null,"ai":{"faqs":[],"keyPoints":[],"titles":[],"descriptions":[],"socialPosts":{"email":[],"linkedin":[],"twitter":[],"facebook":[],"instagram":[]}},"created":"2023-07-26 10:06:42","updated":"2026-02-19 19:22:05"},"aioseo_breadcrumb":"<div class=\"aioseo-breadcrumbs\"><span class=\"aioseo-breadcrumb\">\n\t<a href=\"https:\/\/monatglobal.com\/pl\" title=\"Home\">Home<\/a>\n<\/span><span class=\"aioseo-breadcrumb-separator\">&raquo;<\/span><span class=\"aioseo-breadcrumb\">\n\tSmoothing Anti-Frizz\u2122 Szampon\n<\/span><\/div>","aioseo_breadcrumb_json":[{"label":"Home","link":"https:\/\/monatglobal.com\/pl"},{"label":"Smoothing Anti-Frizz\u2122 Szampon","link":"https:\/\/monatglobal.com\/pl\/smoothing-shampoo\/"}],"_links":{"self":[{"href":"https:\/\/monatglobal.com\/pl\/wp-json\/wp\/v2\/pages\/69305","targetHints":{"allow":["GET"]}}],"collection":[{"href":"https:\/\/monatglobal.com\/pl\/wp-json\/wp\/v2\/pages"}],"about":[{"href":"https:\/\/monatglobal.com\/pl\/wp-json\/wp\/v2\/types\/page"}],"author":[{"embeddable":true,"href":"https:\/\/monatglobal.com\/pl\/wp-json\/wp\/v2\/users\/31"}],"replies":[{"embeddable":true,"href":"https:\/\/monatglobal.com\/pl\/wp-json\/wp\/v2\/comments?post=69305"}],"version-history":[{"count":26,"href":"https:\/\/monatglobal.com\/pl\/wp-json\/wp\/v2\/pages\/69305\/revisions"}],"predecessor-version":[{"id":109302,"href":"https:\/\/monatglobal.com\/pl\/wp-json\/wp\/v2\/pages\/69305\/revisions\/109302"}],"wp:featuredmedia":[{"embeddable":true,"href":"https:\/\/monatglobal.com\/pl\/wp-json\/wp\/v2\/media\/69555"}],"wp:attachment":[{"href":"https:\/\/monatglobal.com\/pl\/wp-json\/wp\/v2\/media?parent=69305"}],"wp:term":[{"taxonomy":"category","embeddable":true,"href":"https:\/\/monatglobal.com\/pl\/wp-json\/wp\/v2\/categories?post=69305"},{"taxonomy":"post_tag","embeddable":true,"href":"https:\/\/monatglobal.com\/pl\/wp-json\/wp\/v2\/tags?post=69305"}],"curies":[{"name":"wp","href":"https:\/\/api.w.org\/{rel}","templated":true}]}}