{"id":69256,"date":"2022-06-13T09:00:00","date_gmt":"2022-06-13T08:00:00","guid":{"rendered":"https:\/\/monatglobal.com\/?page_id=69256"},"modified":"2026-02-19T19:09:05","modified_gmt":"2026-02-19T19:09:05","slug":"smoothing-anti-frizz-treatment","status":"publish","type":"page","link":"https:\/\/monatglobal.com\/pl\/smoothing-anti-frizz-treatment\/","title":{"rendered":"Smoothing Anti-Frizz\u2122 Intensywna Kuracja"},"content":{"rendered":"\n<link rel=\"stylesheet\" href=\"https:\/\/unpkg.com\/swiper\/swiper-bundle.min.css\">\n<link rel=\"stylesheet\" href=\"https:\/\/monatglobal.com\/wp-content\/creative_css\/product_styles_sheet.css\">\n   <!--==================================================== ECOMM SECTION ====================================================-->\n      <!--==================================================== Ecomm image ====================================================-->\n      <img decoding=\"async\" src=\"https:\/\/monatglobal.com\/wp-content\/uploads\/2022\/05\/anti-frizz-deep-treatment-ecomm.png\" alt=\"Smoothing Anti-Frizz\u2122 Intensywna Kuracja\" loading=\"lazy\">\n      <!--==================================================== Ecomm information  ====================================================-->\n         <p>Smoothing Anti-Frizz\u2122<\/p>\n         <h1>Intensywna Kuracja<\/h1>\n         \n         <p>Kuracja do codziennego stosowania o bogatej konsystencji jest przeznaczona dla w\u0142os\u00f3w g\u0119stych i o \u015bredniej g\u0119sto\u015bci, w tym r\u00f3wnie\u017c dla w\u0142os\u00f3w&nbsp;kr\u0119conych.<\/p>\n         <p>178 ml \u212e 6 fl. oz.<\/p>\n     <!--==================================================== pricing box ====================================================-->   \n         <p>Cena detaliczna<br>000.00 z\u0142<\/p>\n         <p>Klient VIP<br>000.00 z\u0142<\/p>\n     <!--==================================================== pricing box ====================================================-->    \n         <p>Aby dowiedzie\u0107 si\u0119 wi\u0119cej na temat produktu Smoothing Anti-Frizz\u2122 Intensywna Kuracja, prosimy skontaktowa\u0107 si\u0119 ze swoim Market Partnerem&nbsp;MONAT.<\/p>\n          <a href=\"\" target=\"_blank\" role=\"button\" aria-label=\"\" rel=\"noopener\"><\/a>\n   <!--==================================================== \/ECOMM SECTION  ====================================================-->\n   <!--==================================================== Benefits image ====================================================-->\n   \n      <source media=\"(max-width: 700px)\" srcset=\"https:\/\/monatglobal.com\/wp-content\/uploads\/2022\/05\/anti-frizz-Deep-Intensive-Treatment-benefits-mobile.jpg\" loading=\"lazy\">\n      <img decoding=\"async\" alt=\"Brunette woman with curly hair smiling while holding Smoothing Anti-Frizz\u2122 Deep Intensive Treatment.\" src=\"https:\/\/monatglobal.com\/wp-content\/uploads\/2022\/05\/anti-frizz-Deep-Intensive-Treatment-benefits.jpg\" loading=\"lazy\">\n   \n   <!--==================================================== Benefits text ====================================================-->\n         <h2>ZALETY<\/h2>\n         <h3>Produkt stworzony do codziennego stosowania, aby zapewni\u0107 g\u0142adsze, bardziej mi\u0119kkie w\u0142osy, kt\u00f3re mniej si\u0119 pusz\u0105 i&nbsp;elektryzuj\u0105.<\/h3>\n         <p>Formu\u0142a zawiera nasz autorski kompleks zwalczaj\u0105cy wilgo\u0107 z&nbsp;REJUVENIQE<sup>\u00ae<\/sup> oraz tropikalne olejki i&nbsp;mas\u0142a.<\/p>\n         <!--==================================================== features image  ====================================================-->\n         <img decoding=\"async\" alt=\"Smoothing Anti-Frizz\u2122 Deep Intensive Treatment laying on a piece of lettuce, next to raspberries and a green tomato.\" src=\"https:\/\/monatglobal.com\/wp-content\/uploads\/2022\/05\/featutes-Deep-Intensive-Treatment.jpg\" loading=\"lazy\">\n      <!--==================================================== features text ====================================================-->\n            <h3>Wyj\u0105tkowa formu\u0142a o bogatej konsystencji zapewnia kontrol\u0119 nad pusz\u0105c\u0105 si\u0119 fryzur\u0105 oraz redukuje \u0142amliwo\u015b\u0107&nbsp;w\u0142os\u00f3w.<\/h3>\n                <p>\/ W\u0142osy s\u0105 6 razy g\u0142adsze, mi\u0119ksze oraz mniej si\u0119 pusz\u0105 i&nbsp;elektryzuj\u0105<sup> 1, 2<\/sup><\/p>\n                <p>\/ Zmniejsza \u0142amliwo\u015b\u0107 o 91% i&nbsp;u\u0142atwia stylizacj\u0119<sup> 1, 3<\/sup><\/p>\n                <p>\/ Zmniejsza puszenie si\u0119 w\u0142os\u00f3w o po\u0142ow\u0119, nawet przy w\u0142osach kr\u0119conych<sup> 1, 2<\/sup><\/p>\n                <p>\/ Eliminuje puszenie oraz elektryzowanie si\u0119 w\u0142os\u00f3w nawet do 72 godzin<sup> 1, 2<\/sup><\/p>\n               <br>\n            <p>Zapach  \/ Po\u0142\u0105czenie wyj\u0105tkowych nut kwiatowych i owocowych, takich jak rabarbar, gruszka, fio\u0142ek, gardenia, wanilia i drzewo cedrowe.<\/p>\n            <p> Konsystencja  \/ G\u0119sta, kremowa. <\/p>\n   <!--==================================================== composition image mobile ====================================================-->\n   <img decoding=\"async\" alt=\"Smoothing Anti-Frizz\u2122 Deep Intensive Treatment laying on a ceramic plate, next to drops of REJUVENIQE\u00ae and Smoothing Anti-Frizz\u2122 Deep Intensive Treatment.\" src=\"https:\/\/monatglobal.com\/wp-content\/uploads\/2022\/05\/comp1-anti-frizz-Deep-Intensive-Treatment.jpg\" loading=\"lazy\">\n   <!--==================================================== Why it works text ====================================================-->\n      <h2>Kuracja zosta\u0142a zaprojektowana, aby wyg\u0142adzi\u0107 w\u0142osy g\u0119ste i&nbsp;o&nbsp;\u015bredniej&nbsp;g\u0119sto\u015bci.<\/h2>\n      <h3>Kuracja o g\u0119stej konsystencji, kt\u00f3ra zapewnia w\u0142osom g\u0142adko\u015b\u0107 oraz&nbsp;mi\u0119kko\u015b\u0107. <\/h3>\n         Formu\u0142a zawiera skuteczne lipidy ro\u015blinne pochodzenia naturalnego, w&nbsp;tym mas\u0142a Illipe i&nbsp;Kokum, kt\u00f3re zmniejszaj\u0105 \n        puszenie oraz elektryzowanie si\u0119&nbsp;w\u0142os\u00f3w. \n<!--==================================================== Composition section ====================================================-->\n      <img decoding=\"async\" alt=\"Smoothing Anti-Frizz\u2122 Deep Intensive Treatment laying on a ceramic plate, next to drops of REJUVENIQE\u00ae and Smoothing Anti-Frizz\u2122 Deep Intensive Treatment.\" src=\"https:\/\/monatglobal.com\/wp-content\/uploads\/2022\/05\/comp1-anti-frizz-Deep-Intensive-Treatment.jpg\" loading=\"lazy\">\n      <img decoding=\"async\" alt=\"A brunette woman with curly hair holding Smoothing Anti-Frizz\u2122 Deep Intensive Treatment.\" src=\"https:\/\/monatglobal.com\/wp-content\/uploads\/2022\/05\/comp3-anti-frizz-Deep-Intensive-Treatment.jpg\" loading=\"lazy\">\n            <!--==================================================== Directions text ====================================================--> \n               <h3>Spos\u00f3b u\u017cycia<\/h3>\n               <p>\/ Rozprowad\u017a w&nbsp;d\u0142oniach i&nbsp;na\u0142\u00f3\u017c na w\u0142osy. <\/p>\n               <p>\/ Pozostaw na 3-5 minut. <\/p>\n               <p>\/ Sp\u0142ucz. <\/p>\n               <p>\/ Nast\u0119pnie zastosuj Spray Do Suszenia Smoothing Anti-Frizz\u2122 lub Tw\u00f3j ulubiony produkt z&nbsp;serii MONAT STUDIO ONE\u2122. <\/p>\n            <!--==================================================== Directions video ====================================================-->\n      <p>Smoothing Anti-Frizz\u2122 <br>Intensywna Kuracja <br> 0:57 <\/p>\n      <a href=\"\" target=\"_blank\" role=\"button\" aria-label=\"\" rel=\"noopener\"><\/a>\n   <!--==================================================== Ingredients section  ====================================================-->\n      <h2>PRZEGL\u0104D SK\u0141ADNIK\u00d3W<\/h2>\n               <p>REJUVENIQE<sup>\u00ae<\/sup><\/p>\n               <p>Mas\u0142o Illipe <\/p>\n               <p>Mas\u0142o Kokum <\/p>\n        <button id=\"myBtn\" type=\"button\">LISTA SK\u0141ADNIK\u00d3W<\/button>\n      <!--==================================================== Modal content  ====================================================-->\n         \u00d7\n         <p>Aqua\/Water\/Eau, Cetyl Alcohol, Cetearyl Alcohol, Cetrimonium Methosulfate, Quaternium 91, Brassicamidopropyl Dimethylamine, Isoamyl Laurate, Fragrance\/Parfum, Cocos Nucifera (Coconut) Oil, Adansonia Digitata Oil, Caryocar Brasiliense Fruit Oil, Gardenia Taitensis Flower Extract, Mauritia Flexuosa Fruit Oil, Moringa Oleifera Seed Oil, Sodium Phosphate, Citrus Aurantifolia (Lime) Oil, Citrus Aurantium Bergamia (Bergamot) Fruit Oil, Tocopherol, Citrus Limon (Lemon) Peel Oil, Picea Mariana Bark Extract, Daucus Carota Sativa (Carrot) Seed Oil, Disodium Phosphate, Polysorbate 60, Pouteria Sapota Seed Oil, Solanum Lycopersicum (Tomato) Seed Oil, Caprylic Acid, Xylitol, Glycerin, Camellia Oleifera Seed Oil, Glyceryl Caprylate, Glyceryl Undecylenate, Hypnea Musciformis Extract, Polyglyceryl-10 Dipalmitate, Behentrimonium Chloride, Polyquaternium-37, Sodium Lignosulfonate, Crambe Abyssinica Seed Oil, Magnesium Aluminum Silicate, Glycolic Acid, Polyglyceryl-10 Laurate, Ethyl Linoleate, Ethyl Oleate, Polyglyceryl-10 Dioleate, Trehalose, Limnanthes Alba (Meadowfoam) Seed Oil, Brassica Napus Extract, Butylene Glycol, Lactic Acid, Helianthus Annuus (Sunflower) Seed Oil, Opuntia Ficus-Indica Seed Oil, Tocopheryl Acetate, Ethylhexylglycerin, Olea Europaea (Olive) Oil Unsaponifiables, Citric Acid, Cetearyl Glucoside, Hydroxyethylcellulose, Butyrospermum Parkii (Shea) Butter, Glyceryl Rosinate, Garcinia Indica Seed Butter, Shorea Stenoptera Seed Butter, Balanites Roxburghii Seed Oil, Benzyl Alcohol, Sodium Hydroxide,&nbsp;Linalool.<\/p>\n        <p><sup>1<\/sup> Na podstawie test\u00f3w instrumentalnych przeprowadzonych przez niezale\u017cne&nbsp;laboratorium.<\/p>\n        <p><sup>2<\/sup> Smoothing Anti-Frizz\u2122 Intensywna Kuracja w&nbsp;por\u00f3wnaniu z&nbsp;szamponem bez&nbsp;od\u017cywki.<\/p>\n        <p><sup>3<\/sup> Na podstawie badania \u0142amliwo\u015bci w\u0142os\u00f3w, kt\u00f3re polega\u0142o na ocenie zmniejszenia z\u0142amanych w\u0142\u00f3kien w\u0142os\u00f3w spowodowanych powtarzalnym czesaniem grzebieniem i&nbsp;szczotk\u0105.<\/p>\n   <!--==================================================== You might also like section ====================================================-->\n      <h2>INNE PRODUKTY, KT\u00d3RE MOG\u0104 CI\u0118&nbsp;ZAINTERESOWA\u0106<\/h2>\n      <!--==================================================== Slider YOU MIGHT ALSO LIKE ====================================================-->\n      <!---->\n      <!--   -->\n            <!--==================================================== Slides products ====================================================-->\n      <!--      -->\n      <!--         <a href=\"\/pl\/smoothing-shampoo\" aria-label=\"Go to Smoothing Anti-Frizz\u2122 Szampon page\">-->\n      <!--            <img decoding=\"async\" src=\"https:\/\/monatglobal.com\/wp-content\/uploads\/2022\/12\/anti-frizz-shampoo-ecomm-min.png\" alt=\"Smoothing Anti-Frizz\u2122 Szampon\" loading=\"lazy\"\/>-->\n      <!--            <p>Smoothing Anti-Frizz\u2122 <br \/>Szampon<\/p>-->\n      <!--         <\/a>-->\n      <!--      -->\n      <!--      -->\n      <!--         <a href=\"\/pl\/smoothing-anti-frizz-spray\" aria-label=\"Go to Smoothing Anti-Frizz\u2122 Spray Do Suszenia W\u0142os\u00f3w page\">-->\n      <!--            <img decoding=\"async\" src=\"https:\/\/monatglobal.com\/wp-content\/uploads\/2022\/12\/anti-frizz-blow-out-spray-ecomm-min.png\" alt=\"Smoothing Anti-Frizz\u2122 Spray Do Suszenia W\u0142os\u00f3w\" loading=\"lazy\"\/>-->\n      <!--            <p>Smoothing Anti-Frizz\u2122 <br \/>Spray Do Suszenia W\u0142os\u00f3w <\/p>-->\n      <!--         <\/a>-->\n      <!--      -->\n      <!--      -->\n      <!--         <a href=\"\/pl\/blow-out-cream\" aria-label=\"Go to MONAT STUDIO ONE\u2122 Krem Do Suszenia W\u0142os\u00f3w page\">-->\n      <!--            <img decoding=\"async\" src=\"https:\/\/monatglobal.com\/wp-content\/uploads\/2022\/12\/blow-out-cream-e-comm-min.png\" alt=\"MONAT STUDIO ONE\u2122 Krem Do Suszenia W\u0142os\u00f3w\" loading=\"lazy\"\/>-->\n      <!--            <p>MONAT STUDIO ONE\u2122<br \/> Krem Do Suszenia W\u0142os\u00f3w<\/p>-->\n      <!--         <\/a>-->\n      <!--      -->\n      <!--   -->\n         <!--==================================================== If we need navigation buttons  ====================================================-->\n      <!--   -->\n      <!--   -->\n         <!--==================================================== If we need paginations  ====================================================-->\n      <!--   -->\n      <!---->\n         <!--==================================================== If we need navigation buttons  ====================================================-->\n         <!--==================================================== If we need paginations  ====================================================-->\n    <a href=\"\" aria-label=\"\"><\/a>\n<!--==================================================== this link has to go last for it to work   ====================================================-->\n","protected":false},"excerpt":{"rendered":"<p>Smoothing Anti-Frizz\u2122 Intensywna Kuracja Kuracja do codziennego stosowania o bogatej konsystencji jest przeznaczona dla w\u0142os\u00f3w g\u0119stych i o \u015bredniej g\u0119sto\u015bci, w tym r\u00f3wnie\u017c dla w\u0142os\u00f3w&nbsp;kr\u0119conych. 178 ml \u212e 6 fl. oz. Cena detaliczna000.00 z\u0142 Klient VIP000.00 z\u0142 Aby dowiedzie\u0107 si\u0119 wi\u0119cej na temat produktu Smoothing Anti-Frizz\u2122 Intensywna Kuracja, prosimy skontaktowa\u0107 si\u0119 ze swoim Market Partnerem&nbsp;MONAT.&hellip;<\/p>\n","protected":false},"author":31,"featured_media":69559,"parent":0,"menu_order":0,"comment_status":"closed","ping_status":"closed","template":"","meta":{"inline_featured_image":false,"om_disable_all_campaigns":false,"_monsterinsights_skip_tracking":false,"_monsterinsights_sitenote_active":false,"_monsterinsights_sitenote_note":"","_monsterinsights_sitenote_category":0,"footnotes":""},"categories":[39],"tags":[],"class_list":["post-69256","page","type-page","status-publish","has-post-thumbnail","hentry","category-product-pl"],"aioseo_notices":[],"aioseo_head":"\n\t\t<!-- All in One SEO Pro 4.9.6 - aioseo.com -->\n\t<meta name=\"description\" content=\"--&gt;\" \/>\n\t<meta name=\"robots\" content=\"max-image-preview:large\" \/>\n\t<link rel=\"canonical\" href=\"https:\/\/monatglobal.com\/pl\/smoothing-anti-frizz-treatment\/\" \/>\n\t<meta name=\"generator\" content=\"All in One SEO Pro (AIOSEO) 4.9.6\" \/>\n\t\t<meta property=\"og:locale\" content=\"pl_PL\" \/>\n\t\t<meta property=\"og:site_name\" content=\"MONAT POLAND - MONAT GLOBAL\" \/>\n\t\t<meta property=\"og:type\" content=\"article\" \/>\n\t\t<meta property=\"og:title\" content=\"Smoothing Anti-Frizz\u2122 Intensywna Kuracja\" \/>\n\t\t<meta property=\"og:description\" content=\"--&gt;\" \/>\n\t\t<meta property=\"og:url\" content=\"https:\/\/monatglobal.com\/pl\/smoothing-anti-frizz-treatment\/\" \/>\n\t\t<meta property=\"article:published_time\" content=\"2022-06-13T08:00:00+00:00\" \/>\n\t\t<meta property=\"article:modified_time\" content=\"2026-02-19T19:09:05+00:00\" \/>\n\t\t<meta name=\"twitter:card\" content=\"summary_large_image\" \/>\n\t\t<meta name=\"twitter:title\" content=\"Smoothing Anti-Frizz\u2122 Intensywna Kuracja\" \/>\n\t\t<meta name=\"twitter:description\" content=\"--&gt;\" \/>\n\t\t<script type=\"application\/ld+json\" class=\"aioseo-schema\">\n\t\t\t{\"@context\":\"https:\\\/\\\/schema.org\",\"@graph\":[{\"@type\":\"BreadcrumbList\",\"@id\":\"https:\\\/\\\/monatglobal.com\\\/pl\\\/smoothing-anti-frizz-treatment\\\/#breadcrumblist\",\"itemListElement\":[{\"@type\":\"ListItem\",\"@id\":\"https:\\\/\\\/monatglobal.com\\\/pl#listItem\",\"position\":1,\"name\":\"Home\",\"item\":\"https:\\\/\\\/monatglobal.com\\\/pl\",\"nextItem\":{\"@type\":\"ListItem\",\"@id\":\"https:\\\/\\\/monatglobal.com\\\/pl\\\/smoothing-anti-frizz-treatment\\\/#listItem\",\"name\":\"Smoothing Anti-Frizz\\u2122 Intensywna Kuracja\"}},{\"@type\":\"ListItem\",\"@id\":\"https:\\\/\\\/monatglobal.com\\\/pl\\\/smoothing-anti-frizz-treatment\\\/#listItem\",\"position\":2,\"name\":\"Smoothing Anti-Frizz\\u2122 Intensywna Kuracja\",\"previousItem\":{\"@type\":\"ListItem\",\"@id\":\"https:\\\/\\\/monatglobal.com\\\/pl#listItem\",\"name\":\"Home\"}}]},{\"@type\":\"Organization\",\"@id\":\"https:\\\/\\\/monatglobal.com\\\/pl\\\/#organization\",\"name\":\"MONAT POLAND\",\"description\":\"MONAT GLOBAL\",\"url\":\"https:\\\/\\\/monatglobal.com\\\/pl\\\/\"},{\"@type\":\"WebPage\",\"@id\":\"https:\\\/\\\/monatglobal.com\\\/pl\\\/smoothing-anti-frizz-treatment\\\/#webpage\",\"url\":\"https:\\\/\\\/monatglobal.com\\\/pl\\\/smoothing-anti-frizz-treatment\\\/\",\"name\":\"Smoothing Anti-Frizz\\u2122 Intensywna Kuracja\",\"description\":\"-->\",\"inLanguage\":\"pl-PL\",\"isPartOf\":{\"@id\":\"https:\\\/\\\/monatglobal.com\\\/pl\\\/#website\"},\"breadcrumb\":{\"@id\":\"https:\\\/\\\/monatglobal.com\\\/pl\\\/smoothing-anti-frizz-treatment\\\/#breadcrumblist\"},\"image\":{\"@type\":\"ImageObject\",\"url\":\"https:\\\/\\\/monatglobal.com\\\/pl\\\/wp-content\\\/uploads\\\/sites\\\/9\\\/2022\\\/06\\\/anti-frizz-deep-treatment-ecomm-2.png\",\"@id\":\"https:\\\/\\\/monatglobal.com\\\/pl\\\/smoothing-anti-frizz-treatment\\\/#mainImage\",\"width\":641,\"height\":800},\"primaryImageOfPage\":{\"@id\":\"https:\\\/\\\/monatglobal.com\\\/pl\\\/smoothing-anti-frizz-treatment\\\/#mainImage\"},\"datePublished\":\"2022-06-13T09:00:00+01:00\",\"dateModified\":\"2026-02-19T19:09:05+00:00\"},{\"@type\":\"WebSite\",\"@id\":\"https:\\\/\\\/monatglobal.com\\\/pl\\\/#website\",\"url\":\"https:\\\/\\\/monatglobal.com\\\/pl\\\/\",\"name\":\"MONAT POLAND\",\"description\":\"MONAT GLOBAL\",\"inLanguage\":\"pl-PL\",\"publisher\":{\"@id\":\"https:\\\/\\\/monatglobal.com\\\/pl\\\/#organization\"}}]}\n\t\t<\/script>\n\t\t<!-- All in One SEO Pro -->\r\n\t\t<title>Smoothing Anti-Frizz\u2122 Intensywna Kuracja<\/title>\n\n","aioseo_head_json":{"title":"Smoothing Anti-Frizz\u2122 Intensywna Kuracja","description":"-->","canonical_url":"https:\/\/monatglobal.com\/pl\/smoothing-anti-frizz-treatment\/","robots":"max-image-preview:large","keywords":"","webmasterTools":{"miscellaneous":""},"schema":{"@context":"https:\/\/schema.org","@graph":[{"@type":"BreadcrumbList","@id":"https:\/\/monatglobal.com\/pl\/smoothing-anti-frizz-treatment\/#breadcrumblist","itemListElement":[{"@type":"ListItem","@id":"https:\/\/monatglobal.com\/pl#listItem","position":1,"name":"Home","item":"https:\/\/monatglobal.com\/pl","nextItem":{"@type":"ListItem","@id":"https:\/\/monatglobal.com\/pl\/smoothing-anti-frizz-treatment\/#listItem","name":"Smoothing Anti-Frizz\u2122 Intensywna Kuracja"}},{"@type":"ListItem","@id":"https:\/\/monatglobal.com\/pl\/smoothing-anti-frizz-treatment\/#listItem","position":2,"name":"Smoothing Anti-Frizz\u2122 Intensywna Kuracja","previousItem":{"@type":"ListItem","@id":"https:\/\/monatglobal.com\/pl#listItem","name":"Home"}}]},{"@type":"Organization","@id":"https:\/\/monatglobal.com\/pl\/#organization","name":"MONAT POLAND","description":"MONAT GLOBAL","url":"https:\/\/monatglobal.com\/pl\/"},{"@type":"WebPage","@id":"https:\/\/monatglobal.com\/pl\/smoothing-anti-frizz-treatment\/#webpage","url":"https:\/\/monatglobal.com\/pl\/smoothing-anti-frizz-treatment\/","name":"Smoothing Anti-Frizz\u2122 Intensywna Kuracja","description":"-->","inLanguage":"pl-PL","isPartOf":{"@id":"https:\/\/monatglobal.com\/pl\/#website"},"breadcrumb":{"@id":"https:\/\/monatglobal.com\/pl\/smoothing-anti-frizz-treatment\/#breadcrumblist"},"image":{"@type":"ImageObject","url":"https:\/\/monatglobal.com\/pl\/wp-content\/uploads\/sites\/9\/2022\/06\/anti-frizz-deep-treatment-ecomm-2.png","@id":"https:\/\/monatglobal.com\/pl\/smoothing-anti-frizz-treatment\/#mainImage","width":641,"height":800},"primaryImageOfPage":{"@id":"https:\/\/monatglobal.com\/pl\/smoothing-anti-frizz-treatment\/#mainImage"},"datePublished":"2022-06-13T09:00:00+01:00","dateModified":"2026-02-19T19:09:05+00:00"},{"@type":"WebSite","@id":"https:\/\/monatglobal.com\/pl\/#website","url":"https:\/\/monatglobal.com\/pl\/","name":"MONAT POLAND","description":"MONAT GLOBAL","inLanguage":"pl-PL","publisher":{"@id":"https:\/\/monatglobal.com\/pl\/#organization"}}]},"og:locale":"pl_PL","og:site_name":"MONAT POLAND - MONAT GLOBAL","og:type":"article","og:title":"Smoothing Anti-Frizz\u2122 Intensywna Kuracja","og:description":"--&gt;","og:url":"https:\/\/monatglobal.com\/pl\/smoothing-anti-frizz-treatment\/","article:published_time":"2022-06-13T08:00:00+00:00","article:modified_time":"2026-02-19T19:09:05+00:00","twitter:card":"summary_large_image","twitter:title":"Smoothing Anti-Frizz\u2122 Intensywna Kuracja","twitter:description":"--&gt;"},"aioseo_meta_data":{"post_id":"69256","title":"Smoothing Anti-Frizz\u2122 Intensywna Kuracja","description":null,"keywords":null,"keyphrases":{"focus":{"keyphrase":"","score":0,"analysis":{"keyphraseInTitle":{"score":0,"maxScore":9,"error":1}}},"additional":[]},"primary_term":null,"canonical_url":null,"og_title":null,"og_description":null,"og_object_type":"default","og_image_type":"default","og_image_url":null,"og_image_width":null,"og_image_height":null,"og_image_custom_url":null,"og_image_custom_fields":null,"og_video":"","og_custom_url":null,"og_article_section":null,"og_article_tags":null,"twitter_use_og":false,"twitter_card":"default","twitter_image_type":"default","twitter_image_url":null,"twitter_image_custom_url":null,"twitter_image_custom_fields":null,"twitter_title":null,"twitter_description":null,"schema":{"blockGraphs":[],"customGraphs":[],"default":{"data":{"Article":[],"Course":[],"Dataset":[],"FAQPage":[],"Movie":[],"Person":[],"Product":[],"ProductReview":[],"Car":[],"Recipe":[],"Service":[],"SoftwareApplication":[],"WebPage":[]},"graphName":"WebPage","isEnabled":true},"graphs":[]},"schema_type":"default","schema_type_options":null,"pillar_content":false,"robots_default":true,"robots_noindex":false,"robots_noarchive":false,"robots_nosnippet":false,"robots_nofollow":false,"robots_noimageindex":false,"robots_noodp":false,"robots_notranslate":false,"robots_max_snippet":"-1","robots_max_videopreview":"-1","robots_max_imagepreview":"large","priority":null,"frequency":"default","local_seo":null,"seo_analyzer_scan_date":"2026-02-19 19:17:54","limit_modified_date":false,"reviewed_by":"0","open_ai":null,"ai":{"faqs":[],"keyPoints":[],"titles":[],"descriptions":[],"socialPosts":{"email":[],"linkedin":[],"twitter":[],"facebook":[],"instagram":[]}},"created":"2023-07-26 10:06:42","updated":"2026-02-19 19:22:05"},"aioseo_breadcrumb":"<div class=\"aioseo-breadcrumbs\"><span class=\"aioseo-breadcrumb\">\n\t<a href=\"https:\/\/monatglobal.com\/pl\" title=\"Home\">Home<\/a>\n<\/span><span class=\"aioseo-breadcrumb-separator\">&raquo;<\/span><span class=\"aioseo-breadcrumb\">\n\tSmoothing Anti-Frizz\u2122 Intensywna Kuracja\n<\/span><\/div>","aioseo_breadcrumb_json":[{"label":"Home","link":"https:\/\/monatglobal.com\/pl"},{"label":"Smoothing Anti-Frizz\u2122 Intensywna Kuracja","link":"https:\/\/monatglobal.com\/pl\/smoothing-anti-frizz-treatment\/"}],"_links":{"self":[{"href":"https:\/\/monatglobal.com\/pl\/wp-json\/wp\/v2\/pages\/69256","targetHints":{"allow":["GET"]}}],"collection":[{"href":"https:\/\/monatglobal.com\/pl\/wp-json\/wp\/v2\/pages"}],"about":[{"href":"https:\/\/monatglobal.com\/pl\/wp-json\/wp\/v2\/types\/page"}],"author":[{"embeddable":true,"href":"https:\/\/monatglobal.com\/pl\/wp-json\/wp\/v2\/users\/31"}],"replies":[{"embeddable":true,"href":"https:\/\/monatglobal.com\/pl\/wp-json\/wp\/v2\/comments?post=69256"}],"version-history":[{"count":27,"href":"https:\/\/monatglobal.com\/pl\/wp-json\/wp\/v2\/pages\/69256\/revisions"}],"predecessor-version":[{"id":109300,"href":"https:\/\/monatglobal.com\/pl\/wp-json\/wp\/v2\/pages\/69256\/revisions\/109300"}],"wp:featuredmedia":[{"embeddable":true,"href":"https:\/\/monatglobal.com\/pl\/wp-json\/wp\/v2\/media\/69559"}],"wp:attachment":[{"href":"https:\/\/monatglobal.com\/pl\/wp-json\/wp\/v2\/media?parent=69256"}],"wp:term":[{"taxonomy":"category","embeddable":true,"href":"https:\/\/monatglobal.com\/pl\/wp-json\/wp\/v2\/categories?post=69256"},{"taxonomy":"post_tag","embeddable":true,"href":"https:\/\/monatglobal.com\/pl\/wp-json\/wp\/v2\/tags?post=69256"}],"curies":[{"name":"wp","href":"https:\/\/api.w.org\/{rel}","templated":true}]}}