{"id":68768,"date":"2022-05-19T23:02:02","date_gmt":"2022-05-19T22:02:02","guid":{"rendered":"http:\/\/monatglobal.com\/pl\/?page_id=68768"},"modified":"2025-02-27T18:03:50","modified_gmt":"2025-02-27T18:03:50","slug":"contact","status":"publish","type":"page","link":"https:\/\/monatglobal.com\/pl\/contact\/","title":{"rendered":"Contact"},"content":{"rendered":"\n<p>WA\u017bNA INFORMACJA: Dla swojego bezpiecze\u0144stwa nie nale\u017cy przesy\u0142a\u0107 danych karty kredytowej ani innych poufnych informacji za po\u015brednictwem poczty elektronicznej lub&nbsp;czatu.<\/p>\n    <h1>Kontakt<\/h1>\n    <h2>E-mail<\/h2>\n            <a href=\"mailto:productquestions@monatglobal.com \">productquestions@monatglobal.com \u2197<\/a>\n            <p>For questions regarding product ingredients and usage<\/p>\n            <a href=\"mailto:PLMONATWsparcie@monatglobal.com \">PLMONATWsparcie@monatglobal.com  \u2197<\/a>\n            <p>Market Partnerzy w Polsce<\/p>\n                <p>Godziny otwarcia Dzia\u0142u Wsparcia<\/p>\n                <p>od poniedzia\u0142ku do pi\u0105tku &#8211;<br>godz. 10:00 &#8211; 18:30 czasu&nbsp;CET<\/p>\n                <p>sobota, niedziela oraz \u015bwi\u0119ta: zamkni\u0119te<\/p>\n    <h2>Godziny otwarcia Dzia\u0142u Wsparcia<\/h2>\n                <p>Od poniedzia\u0142ku do pi\u0105tku &#8211;<br>godz. 10:00 &#8211; 18:30 czasu&nbsp;CET<br> sobota, niedziela oraz \u015bwi\u0119ta: zamkni\u0119te<\/p> \n    <!--<h2>Telefon<\/h2>-->\n    <!---->\n    <!--    -->\n    <!--        -->\n    <!--            <p>008001 211 102<\/p>-->\n    <!--            <p>Wsparcie dla Klient\u00f3w Detalicznych, Klient\u00f3w VIP oraz Market Partner\u00f3w&nbsp;(Polska)<\/p>-->\n    <!--        -->\n    <!--        -->\n    <!--            <p>(855) 450-0055<\/p>-->\n    <!--            <p>Retail, VIP Customer & Market Partner Care (Puerto Rico)<\/p>-->\n    <!--        -->\n    <!--    -->\n    <!--    -->\n    <!--        -->\n    <!--            <p>Godziny otwarcia Dzia\u0142u Wsparcia<\/p>-->\n    <!--            <p>od poniedzia\u0142ku do pi\u0105tku -<br \/>godz. 10:00 - 18:30 czasu&nbsp;CET<\/p>-->\n    <!--            <p>sobota, niedziela oraz \u015bwi\u0119ta: zamkni\u0119te<\/p>-->\n    <!--        -->\n    <!--    -->\n    <!---->\n","protected":false},"excerpt":{"rendered":"<p>WA\u017bNA INFORMACJA: Dla swojego bezpiecze\u0144stwa nie nale\u017cy przesy\u0142a\u0107 danych karty kredytowej ani innych poufnych informacji za po\u015brednictwem poczty elektronicznej lub&nbsp;czatu. Kontakt E-mail productquestions@monatglobal.com \u2197 For questions regarding product ingredients and usage PLMONATWsparcie@monatglobal.com \u2197 Market Partnerzy w Polsce Godziny otwarcia Dzia\u0142u Wsparcia od poniedzia\u0142ku do pi\u0105tku &#8211;godz. 10:00 &#8211; 18:30 czasu&nbsp;CET sobota, niedziela oraz \u015bwi\u0119ta: zamkni\u0119te&hellip;<\/p>\n","protected":false},"author":31,"featured_media":0,"parent":0,"menu_order":0,"comment_status":"closed","ping_status":"closed","template":"","meta":{"inline_featured_image":false,"om_disable_all_campaigns":false,"_monsterinsights_skip_tracking":false,"_monsterinsights_sitenote_active":false,"_monsterinsights_sitenote_note":"","_monsterinsights_sitenote_category":0,"footnotes":""},"categories":[],"tags":[],"class_list":["post-68768","page","type-page","status-publish","hentry"],"aioseo_notices":[],"aioseo_head":"\n\t\t<!-- All in One SEO Pro 4.9.6 - aioseo.com -->\n\t<meta name=\"description\" content=\"WA\u017bNA INFORMACJA: Dla swojego bezpiecze\u0144stwa nie nale\u017cy przesy\u0142a\u0107 danych karty kredytowej ani innych poufnych informacji za po\u015brednictwem poczty elektronicznej lub czatu. Kontakt E-mail productquestions@monatglobal.com \u2197 For questions regarding product ingredients and usage PLMONATWsparcie@monatglobal.com \u2197 Market Partnerzy w Polsce Godziny otwarcia Dzia\u0142u Wsparcia od poniedzia\u0142ku do pi\u0105tku -godz. 10:00 - 18:30 czasu CET sobota, niedziela oraz \u015bwi\u0119ta: zamkni\u0119te\" \/>\n\t<meta name=\"robots\" content=\"max-image-preview:large\" \/>\n\t<link rel=\"canonical\" href=\"https:\/\/monatglobal.com\/pl\/contact\/\" \/>\n\t<meta name=\"generator\" content=\"All in One SEO Pro (AIOSEO) 4.9.6\" \/>\n\t\t<meta property=\"og:locale\" content=\"pl_PL\" \/>\n\t\t<meta property=\"og:site_name\" content=\"MONAT POLAND - MONAT GLOBAL\" \/>\n\t\t<meta property=\"og:type\" content=\"article\" \/>\n\t\t<meta property=\"og:title\" content=\"Contact - MONAT POLAND\" \/>\n\t\t<meta property=\"og:description\" content=\"WA\u017bNA INFORMACJA: Dla swojego bezpiecze\u0144stwa nie nale\u017cy przesy\u0142a\u0107 danych karty kredytowej ani innych poufnych informacji za po\u015brednictwem poczty elektronicznej lub czatu. Kontakt E-mail productquestions@monatglobal.com \u2197 For questions regarding product ingredients and usage PLMONATWsparcie@monatglobal.com \u2197 Market Partnerzy w Polsce Godziny otwarcia Dzia\u0142u Wsparcia od poniedzia\u0142ku do pi\u0105tku -godz. 10:00 - 18:30 czasu CET sobota, niedziela oraz \u015bwi\u0119ta: zamkni\u0119te\" \/>\n\t\t<meta property=\"og:url\" content=\"https:\/\/monatglobal.com\/pl\/contact\/\" \/>\n\t\t<meta property=\"article:published_time\" content=\"2022-05-19T22:02:02+00:00\" \/>\n\t\t<meta property=\"article:modified_time\" content=\"2025-02-27T18:03:50+00:00\" \/>\n\t\t<meta name=\"twitter:card\" content=\"summary_large_image\" \/>\n\t\t<meta name=\"twitter:title\" content=\"Contact - MONAT POLAND\" \/>\n\t\t<meta name=\"twitter:description\" content=\"WA\u017bNA INFORMACJA: Dla swojego bezpiecze\u0144stwa nie nale\u017cy przesy\u0142a\u0107 danych karty kredytowej ani innych poufnych informacji za po\u015brednictwem poczty elektronicznej lub czatu. Kontakt E-mail productquestions@monatglobal.com \u2197 For questions regarding product ingredients and usage PLMONATWsparcie@monatglobal.com \u2197 Market Partnerzy w Polsce Godziny otwarcia Dzia\u0142u Wsparcia od poniedzia\u0142ku do pi\u0105tku -godz. 10:00 - 18:30 czasu CET sobota, niedziela oraz \u015bwi\u0119ta: zamkni\u0119te\" \/>\n\t\t<script type=\"application\/ld+json\" class=\"aioseo-schema\">\n\t\t\t{\"@context\":\"https:\\\/\\\/schema.org\",\"@graph\":[{\"@type\":\"BreadcrumbList\",\"@id\":\"https:\\\/\\\/monatglobal.com\\\/pl\\\/contact\\\/#breadcrumblist\",\"itemListElement\":[{\"@type\":\"ListItem\",\"@id\":\"https:\\\/\\\/monatglobal.com\\\/pl#listItem\",\"position\":1,\"name\":\"Home\",\"item\":\"https:\\\/\\\/monatglobal.com\\\/pl\",\"nextItem\":{\"@type\":\"ListItem\",\"@id\":\"https:\\\/\\\/monatglobal.com\\\/pl\\\/contact\\\/#listItem\",\"name\":\"Contact\"}},{\"@type\":\"ListItem\",\"@id\":\"https:\\\/\\\/monatglobal.com\\\/pl\\\/contact\\\/#listItem\",\"position\":2,\"name\":\"Contact\",\"previousItem\":{\"@type\":\"ListItem\",\"@id\":\"https:\\\/\\\/monatglobal.com\\\/pl#listItem\",\"name\":\"Home\"}}]},{\"@type\":\"Organization\",\"@id\":\"https:\\\/\\\/monatglobal.com\\\/pl\\\/#organization\",\"name\":\"MONAT POLAND\",\"description\":\"MONAT GLOBAL\",\"url\":\"https:\\\/\\\/monatglobal.com\\\/pl\\\/\"},{\"@type\":\"WebPage\",\"@id\":\"https:\\\/\\\/monatglobal.com\\\/pl\\\/contact\\\/#webpage\",\"url\":\"https:\\\/\\\/monatglobal.com\\\/pl\\\/contact\\\/\",\"name\":\"Contact - MONAT POLAND\",\"description\":\"WA\\u017bNA INFORMACJA: Dla swojego bezpiecze\\u0144stwa nie nale\\u017cy przesy\\u0142a\\u0107 danych karty kredytowej ani innych poufnych informacji za po\\u015brednictwem poczty elektronicznej lub czatu. Kontakt E-mail productquestions@monatglobal.com \\u2197 For questions regarding product ingredients and usage PLMONATWsparcie@monatglobal.com \\u2197 Market Partnerzy w Polsce Godziny otwarcia Dzia\\u0142u Wsparcia od poniedzia\\u0142ku do pi\\u0105tku -godz. 10:00 - 18:30 czasu CET sobota, niedziela oraz \\u015bwi\\u0119ta: zamkni\\u0119te\",\"inLanguage\":\"pl-PL\",\"isPartOf\":{\"@id\":\"https:\\\/\\\/monatglobal.com\\\/pl\\\/#website\"},\"breadcrumb\":{\"@id\":\"https:\\\/\\\/monatglobal.com\\\/pl\\\/contact\\\/#breadcrumblist\"},\"datePublished\":\"2022-05-19T23:02:02+01:00\",\"dateModified\":\"2025-02-27T18:03:50+00:00\"},{\"@type\":\"WebSite\",\"@id\":\"https:\\\/\\\/monatglobal.com\\\/pl\\\/#website\",\"url\":\"https:\\\/\\\/monatglobal.com\\\/pl\\\/\",\"name\":\"MONAT POLAND\",\"description\":\"MONAT GLOBAL\",\"inLanguage\":\"pl-PL\",\"publisher\":{\"@id\":\"https:\\\/\\\/monatglobal.com\\\/pl\\\/#organization\"}}]}\n\t\t<\/script>\n\t\t<!-- All in One SEO Pro -->\r\n\t\t<title>Contact - MONAT POLAND<\/title>\n\n","aioseo_head_json":{"title":"Contact - MONAT POLAND","description":"WA\u017bNA INFORMACJA: Dla swojego bezpiecze\u0144stwa nie nale\u017cy przesy\u0142a\u0107 danych karty kredytowej ani innych poufnych informacji za po\u015brednictwem poczty elektronicznej lub czatu. Kontakt E-mail productquestions@monatglobal.com \u2197 For questions regarding product ingredients and usage PLMONATWsparcie@monatglobal.com \u2197 Market Partnerzy w Polsce Godziny otwarcia Dzia\u0142u Wsparcia od poniedzia\u0142ku do pi\u0105tku -godz. 10:00 - 18:30 czasu CET sobota, niedziela oraz \u015bwi\u0119ta: zamkni\u0119te","canonical_url":"https:\/\/monatglobal.com\/pl\/contact\/","robots":"max-image-preview:large","keywords":"","webmasterTools":{"miscellaneous":""},"schema":{"@context":"https:\/\/schema.org","@graph":[{"@type":"BreadcrumbList","@id":"https:\/\/monatglobal.com\/pl\/contact\/#breadcrumblist","itemListElement":[{"@type":"ListItem","@id":"https:\/\/monatglobal.com\/pl#listItem","position":1,"name":"Home","item":"https:\/\/monatglobal.com\/pl","nextItem":{"@type":"ListItem","@id":"https:\/\/monatglobal.com\/pl\/contact\/#listItem","name":"Contact"}},{"@type":"ListItem","@id":"https:\/\/monatglobal.com\/pl\/contact\/#listItem","position":2,"name":"Contact","previousItem":{"@type":"ListItem","@id":"https:\/\/monatglobal.com\/pl#listItem","name":"Home"}}]},{"@type":"Organization","@id":"https:\/\/monatglobal.com\/pl\/#organization","name":"MONAT POLAND","description":"MONAT GLOBAL","url":"https:\/\/monatglobal.com\/pl\/"},{"@type":"WebPage","@id":"https:\/\/monatglobal.com\/pl\/contact\/#webpage","url":"https:\/\/monatglobal.com\/pl\/contact\/","name":"Contact - MONAT POLAND","description":"WA\u017bNA INFORMACJA: Dla swojego bezpiecze\u0144stwa nie nale\u017cy przesy\u0142a\u0107 danych karty kredytowej ani innych poufnych informacji za po\u015brednictwem poczty elektronicznej lub czatu. Kontakt E-mail productquestions@monatglobal.com \u2197 For questions regarding product ingredients and usage PLMONATWsparcie@monatglobal.com \u2197 Market Partnerzy w Polsce Godziny otwarcia Dzia\u0142u Wsparcia od poniedzia\u0142ku do pi\u0105tku -godz. 10:00 - 18:30 czasu CET sobota, niedziela oraz \u015bwi\u0119ta: zamkni\u0119te","inLanguage":"pl-PL","isPartOf":{"@id":"https:\/\/monatglobal.com\/pl\/#website"},"breadcrumb":{"@id":"https:\/\/monatglobal.com\/pl\/contact\/#breadcrumblist"},"datePublished":"2022-05-19T23:02:02+01:00","dateModified":"2025-02-27T18:03:50+00:00"},{"@type":"WebSite","@id":"https:\/\/monatglobal.com\/pl\/#website","url":"https:\/\/monatglobal.com\/pl\/","name":"MONAT POLAND","description":"MONAT GLOBAL","inLanguage":"pl-PL","publisher":{"@id":"https:\/\/monatglobal.com\/pl\/#organization"}}]},"og:locale":"pl_PL","og:site_name":"MONAT POLAND - MONAT GLOBAL","og:type":"article","og:title":"Contact - MONAT POLAND","og:description":"WA\u017bNA INFORMACJA: Dla swojego bezpiecze\u0144stwa nie nale\u017cy przesy\u0142a\u0107 danych karty kredytowej ani innych poufnych informacji za po\u015brednictwem poczty elektronicznej lub czatu. Kontakt E-mail productquestions@monatglobal.com \u2197 For questions regarding product ingredients and usage PLMONATWsparcie@monatglobal.com \u2197 Market Partnerzy w Polsce Godziny otwarcia Dzia\u0142u Wsparcia od poniedzia\u0142ku do pi\u0105tku -godz. 10:00 - 18:30 czasu CET sobota, niedziela oraz \u015bwi\u0119ta: zamkni\u0119te","og:url":"https:\/\/monatglobal.com\/pl\/contact\/","article:published_time":"2022-05-19T22:02:02+00:00","article:modified_time":"2025-02-27T18:03:50+00:00","twitter:card":"summary_large_image","twitter:title":"Contact - MONAT POLAND","twitter:description":"WA\u017bNA INFORMACJA: Dla swojego bezpiecze\u0144stwa nie nale\u017cy przesy\u0142a\u0107 danych karty kredytowej ani innych poufnych informacji za po\u015brednictwem poczty elektronicznej lub czatu. Kontakt E-mail productquestions@monatglobal.com \u2197 For questions regarding product ingredients and usage PLMONATWsparcie@monatglobal.com \u2197 Market Partnerzy w Polsce Godziny otwarcia Dzia\u0142u Wsparcia od poniedzia\u0142ku do pi\u0105tku -godz. 10:00 - 18:30 czasu CET sobota, niedziela oraz \u015bwi\u0119ta: zamkni\u0119te"},"aioseo_meta_data":{"post_id":"68768","title":null,"description":null,"keywords":null,"keyphrases":{"focus":{"keyphrase":"","score":0,"analysis":{"keyphraseInTitle":{"score":0,"maxScore":9,"error":1}}},"additional":[]},"primary_term":null,"canonical_url":null,"og_title":null,"og_description":null,"og_object_type":"default","og_image_type":"default","og_image_url":null,"og_image_width":null,"og_image_height":null,"og_image_custom_url":null,"og_image_custom_fields":null,"og_video":"","og_custom_url":null,"og_article_section":null,"og_article_tags":null,"twitter_use_og":false,"twitter_card":"default","twitter_image_type":"default","twitter_image_url":null,"twitter_image_custom_url":null,"twitter_image_custom_fields":null,"twitter_title":null,"twitter_description":null,"schema":{"blockGraphs":[],"customGraphs":[],"default":{"data":{"Article":[],"Course":[],"Dataset":[],"FAQPage":[],"Movie":[],"Person":[],"Product":[],"ProductReview":[],"Car":[],"Recipe":[],"Service":[],"SoftwareApplication":[],"WebPage":[]},"graphName":"WebPage","isEnabled":true},"graphs":[]},"schema_type":"default","schema_type_options":null,"pillar_content":false,"robots_default":true,"robots_noindex":false,"robots_noarchive":false,"robots_nosnippet":false,"robots_nofollow":false,"robots_noimageindex":false,"robots_noodp":false,"robots_notranslate":false,"robots_max_snippet":"-1","robots_max_videopreview":"-1","robots_max_imagepreview":"large","priority":null,"frequency":"default","local_seo":null,"seo_analyzer_scan_date":"2025-08-15 05:16:54","limit_modified_date":false,"reviewed_by":null,"open_ai":null,"ai":null,"created":"2023-07-26 10:05:30","updated":"2026-02-10 05:22:22"},"aioseo_breadcrumb":"<div class=\"aioseo-breadcrumbs\"><span class=\"aioseo-breadcrumb\">\n\t<a href=\"https:\/\/monatglobal.com\/pl\" title=\"Home\">Home<\/a>\n<\/span><span class=\"aioseo-breadcrumb-separator\">&raquo;<\/span><span class=\"aioseo-breadcrumb\">\n\tContact\n<\/span><\/div>","aioseo_breadcrumb_json":[{"label":"Home","link":"https:\/\/monatglobal.com\/pl"},{"label":"Contact","link":"https:\/\/monatglobal.com\/pl\/contact\/"}],"_links":{"self":[{"href":"https:\/\/monatglobal.com\/pl\/wp-json\/wp\/v2\/pages\/68768","targetHints":{"allow":["GET"]}}],"collection":[{"href":"https:\/\/monatglobal.com\/pl\/wp-json\/wp\/v2\/pages"}],"about":[{"href":"https:\/\/monatglobal.com\/pl\/wp-json\/wp\/v2\/types\/page"}],"author":[{"embeddable":true,"href":"https:\/\/monatglobal.com\/pl\/wp-json\/wp\/v2\/users\/31"}],"replies":[{"embeddable":true,"href":"https:\/\/monatglobal.com\/pl\/wp-json\/wp\/v2\/comments?post=68768"}],"version-history":[{"count":6,"href":"https:\/\/monatglobal.com\/pl\/wp-json\/wp\/v2\/pages\/68768\/revisions"}],"predecessor-version":[{"id":86352,"href":"https:\/\/monatglobal.com\/pl\/wp-json\/wp\/v2\/pages\/68768\/revisions\/86352"}],"wp:attachment":[{"href":"https:\/\/monatglobal.com\/pl\/wp-json\/wp\/v2\/media?parent=68768"}],"wp:term":[{"taxonomy":"category","embeddable":true,"href":"https:\/\/monatglobal.com\/pl\/wp-json\/wp\/v2\/categories?post=68768"},{"taxonomy":"post_tag","embeddable":true,"href":"https:\/\/monatglobal.com\/pl\/wp-json\/wp\/v2\/tags?post=68768"}],"curies":[{"name":"wp","href":"https:\/\/api.w.org\/{rel}","templated":true}]}}