{"id":68525,"date":"2022-04-10T19:46:39","date_gmt":"2022-04-10T18:46:39","guid":{"rendered":"https:\/\/monatglobal.com\/pl\/?page_id=68525"},"modified":"2023-10-03T18:36:10","modified_gmt":"2023-10-03T17:36:10","slug":"new-home","status":"publish","type":"page","link":"https:\/\/monatglobal.com\/pl\/new-home\/","title":{"rendered":""},"content":{"rendered":"\n\n\t<!-- \/Banner -->\n        <!-- \/Slide PL -->\n        <a href=\"\/pl?page_id=71712#color\" aria-label=\"goes to MONAT Skincare Makeup\">\n            \n                <source media=\"(max-width: 700px)\" srcset=\"https:\/\/monatglobal.com\/wp-content\/uploads\/2023\/08\/gel-cream-blush-peach-directions-desktop-mobile-min.jpg\"\/>\n                <img decoding=\"async\" src=\"https:\/\/monatglobal.com\/wp-content\/uploads\/2023\/08\/liquid-gel-cream-blush-shade-berry-benefits-desktop-min.jpg\" alt=\" \"\/>\n            \n            <video src=\"https:\/\/monatglobal.com\/uk\/wp-content\/uploads\/sites\/6\/2023\/08\/Makeup-eu.mp4\" loop muted autoplay><\/video>\n                    NOWO\u015a\u0106\n                    <img decoding=\"async\" src=\"https:\/\/monatglobal.com\/wp-content\/uploads\/2023\/08\/monat-logo-white-1.svg\" alt=\"Monat logo\"\/>\n                <h2>Skincare <br \/> Makeup<\/h2>\n                <!--<p>Przysz\u0142o\u015b\u0107 w dziedzinie makija\u017cu jest ju\u017c blisko<\/p>-->\n                <p>Nadchodzi przysz\u0142o\u015b\u0107 w dziedzinie makija\u017cu.<\/p>\n        <\/a>\n        <!-- Slide PL\/-->\n        <!-- \/slide Hot Tools -->\n        <a href=\"\/pl?page_id=49956#tools\" aria-label=\"Goes to Hot Tools page\">\n            \n                <source media=\"(max-width: 700px)\" srcset=\"https:\/\/monatglobal.com\/wp-content\/uploads\/2023\/09\/hot-tools-eu-banner-ph-mobile.jpg\"\/>\n                <img decoding=\"async\" src=\"https:\/\/monatglobal.com\/wp-content\/uploads\/2023\/09\/hot-tools-eu-banner-ph-desk.jpg\" alt=\" \"\/>\n            \n                <h2>GOR\u0104CA<br \/> OFERTA.<\/h2>\n                <p>URZ\u0104DZENIA DO STYLIZACJI W\u0141OS\u00d3W MONAT <\/p>\n                <p>Ju\u017c w sprzeda\u017cy!<\/p>\n        <\/a>\n        <!-- slide Hot Tools\/ -->\n        <!-- \/Slide 00 -->\n        <a href=\"\/pl?page_id=71712#acne-and-blemishes\" aria-label=\"goes to BE CLARIFIED\u2122 Collection\">\n            \n                <source media=\"(max-width: 700px)\" srcset=\"https:\/\/monatglobal.com\/uk\/wp-content\/uploads\/sites\/6\/2023\/07\/be-clarified-banner-mobile-ph-ue.jpg\"\/>\n                <img decoding=\"async\" src=\"https:\/\/monatglobal.com\/uk\/wp-content\/uploads\/sites\/6\/2023\/07\/be-clarified-banner-desk-ph-ue.jpg\" alt=\"A brunette female with curly hair smiling while holding BE CLARIFIED\u2122 GEL-CREAM CLEANSER\"\/>\n             \n            <video src=\"https:\/\/monatglobal.com\/ca\/wp-content\/uploads\/sites\/5\/2023\/03\/clarified-video-banner-canada.mp4\" loop muted autoplay><\/video>\n                <h2>Wygraj z&nbsp;niedoskona\u0142o\u015bciami sk\u00f3ry<\/h2>\n                NOWO\u015a\u0106<br \/>\n                <img decoding=\"async\" alt=\"monat logo \" width=\"150px\" src=\"https:\/\/monatglobal.com\/wp-content\/uploads\/2023\/02\/logoMonatW.svg\"\/>\n                <h3>BE CLARIFIED<sup>\u2122<\/sup><\/h3>\n                <p>Ju\u017c w sprzeda\u017cy!<\/p>\n                <p>WKR\u00d3TCE W SPRZEDA\u017bY<\/p>\n        <\/a>\n        <!--Slide 00\/-->\n        <!-- \/Slide Energy UE-->\n        <a href=\"\/pl?page_id=72840\" aria-label=\"goes to Energy Page\">\n            \n                <source media=\"(max-width: 700px)\" srcset=\"https:\/\/monatglobal.com\/uk\/wp-content\/uploads\/sites\/6\/2023\/06\/energy-eu-banner-mobile-ph-2.jpg\"\/>\n                <img decoding=\"async\" src=\"https:\/\/monatglobal.com\/uk\/wp-content\/uploads\/sites\/6\/2023\/06\/energy-eu-banner-desk-ph-2.jpg\" alt=\" \"\/>\n            \n                <h3>Pobudzi Ci\u0119 do dzia\u0142ania.<\/h3>\n                <h2>Energy\u2122<\/h2>\n                <p>Moc na ca\u0142y&nbsp;dzie\u0144.<\/p>\n                <p>Ju\u017c dost\u0119pny w Polsce!<\/p>\n        <\/a>\n        <!--Slide Energy UE\/-->\n        <!-- \/Slide 01-->\n        <a href=\"\/pl?page_id=63888\" aria-label=\"goes to REJUVABEADS\u2122 by MONAT\">\n            \n                <source media=\"(max-width: 700px)\" srcset=\"https:\/\/monatglobal.com\/wp-content\/uploads\/2023\/08\/august-banner-rejuvabeads-mobile.jpg\"\/>\n                <img decoding=\"async\" src=\"https:\/\/monatglobal.com\/wp-content\/uploads\/2023\/08\/august-banner-rejuvabeads-desk.jpg\" alt=\" \"\/>\n            \n                <h2>REJUVABEADS\u2122<br \/>by MONAT<\/h2>\n                <p>Naprawia rozdwojone ko\u0144c\u00f3wki* oraz inne uszkodzenia, dzi\u0119ki czemu w\u0142osy s\u0105 wzmocnione i maj\u0105 zdrowszy&nbsp;wygl\u0105d.<\/p>\n        <\/a>\n        <!--Slide 01\/-->\n        <!-- \/Slide 02 -->\n        <a href=\"\/pl?page_id=71243#sand\" aria-label=\"Goes to MONAT BB Cream SPF 30 page\">\n            \n                <source media=\"(max-width: 700px)\" srcset=\"https:\/\/monatglobal.com\/uk\/wp-content\/uploads\/sites\/6\/2023\/08\/august-banner-bbcream-mobile-eu.jpg\"\/>\n                <img decoding=\"async\" src=\"https:\/\/monatglobal.com\/uk\/wp-content\/uploads\/sites\/6\/2023\/08\/august-banner-bbcream-desk-eu.jpg\" alt=\" \"\/>\n            \n                <h3>MONAT<\/h3>\n                <h2>BB Cream<br \/>SPF 30\u2122<\/h2>\n                <p>Nasz krem BB pe\u0142ni funkcj\u0119 lekkiego podk\u0142adu oraz zapewnia ochron\u0119 przeciws\u0142oneczn\u0105 w jednym prostym&nbsp;kroku!<\/p>\n        <\/a>\n        <!--Slide 02\/-->\n     <!--Progressbar -->\n<!-- Banner\/ -->\n<!-- \/Newest slider -->\n    <h2>Najnowsze produkty<\/h2>\n<!-- Newest slider\/ -->\n<!-- \/Links to product lines -->\n    <a href=\"\/pl?page_id=49956\">\n        <p>PIEL\u0118GNACJA W\u0141OS\u00d3W<\/p>\n        <img decoding=\"async\" src=\"https:\/\/monatglobal.com\/wp-content\/uploads\/2023\/07\/haircare_home-min.jpg\" alt=\"brunette woman smiling with her hand on her hair\"\/>\n        <img decoding=\"async\" src=\"https:\/\/monatglobal.com\/wp-content\/uploads\/2023\/08\/fw-arrow.svg\" alt=\"Arrow\"\/>\n    <\/a>\n    <a href=\"\/pl?page_id=71712\">\n        <p>PIEL\u0118GNACJA SK\u00d3RY<\/p>\n        <img decoding=\"async\" src=\"https:\/\/monatglobal.com\/wp-content\/uploads\/2023\/08\/skincare_homepage-min-1-min.jpg\" alt=\"a woman posing with beared back with and hand on her shoulder\"\/>\n        <img decoding=\"async\" src=\"https:\/\/monatglobal.com\/wp-content\/uploads\/2023\/08\/fw-arrow.svg\" alt=\"Arrow\"\/>\n    <\/a>\n    <a href=\"\/pl?page_id=71728\">\n        <p>WELLNESS<\/p>\n        <img decoding=\"async\" src=\"https:\/\/monatglobal.com\/wp-content\/uploads\/2023\/07\/wellness_home-.jpg\" alt=\"woman holding a green smoothie next to a glass and a container of Total Greens \"\/>\n        <img decoding=\"async\" src=\"https:\/\/monatglobal.com\/wp-content\/uploads\/2023\/08\/fw-arrow.svg\" alt=\"Arrow\"\/>\n    <\/a>\n<!-- Links to product lines\/ -->\n<!-- \/Best sellers slider -->\n    <h2>Bestsellery<\/h2>\n<!-- Best sellers slider\/ -->\n<!-- \/Discover Monat -->\n            <h2>Odkryj <br \/> MONAT<\/h2>\n            <a href=\"https:\/\/mymonat.com\/pyr_core\/v2_enrollments\/select_market?sponsor_id=&amp;enroll_params=profile_form_type%3Dexpress&amp;market=pl&amp;lang_code=pl\" aria-label=\"go to Retail market Partner enrollment flow page\" target=\"_blank\" rel=\"noopener\"><p>MARKET PARTNER<\/p><\/a>\n            <a href=\"https:\/\/mymonat.com\/pyr_core\/v2_enrollments\/select_market?sponsor_id=&amp;enroll_params=profile_form_type%3Dvip_for_life&amp;market=pl&amp;lang_code=pl\" aria-label=\"go to VIP Customer enrollment flow\" target=\"_blank\" rel=\"noopener\"><p>KLIENT VIP <\/p><\/a>\n            <a href=\"https:\/\/mymonat.com\/pyr_core\/v2_enrollments\/select_market?sponsor_id=&amp;enroll_params=profile_form_type%3Dcustomer&amp;market=pl&amp;lang_code=pl\" aria-label=\"go to Retail Customer enrollment flow\" target=\"_blank\" rel=\"noopener\"><p>KLIENT DETALICZNY<\/p><\/a> \n<!-- Discover Monat\/ -->\n<!-- \/Monat awards slider -->\n    <h2>Zostali\u015bmy wyr\u00f3\u017cnieni przez<\/h2> \n                <img decoding=\"async\" src=\"https:\/\/monatglobal.com\/au\/wp-content\/uploads\/sites\/12\/2021\/09\/Think_Global_Awards_Logo.jpg\" alt=\"logo of Think Global Awards\"\/>\n                <p>Think Global&nbsp;Awards<\/p>\n                <p>&#8211; Marka roku<\/p>\n                <img decoding=\"async\" src=\"https:\/\/monatglobal.com\/au\/wp-content\/uploads\/sites\/12\/2021\/09\/G100_GlobeLogo_OneHundred-1.jpg\" alt=\"logo of Direct Selling News Global 100\"\/>\n                <p>Direct Selling News Global 100&nbsp;list<\/p>\n                <p>&#8211; Nr 24 w rankingu<\/p>\n                <img decoding=\"async\" src=\"https:\/\/monatglobal.com\/au\/wp-content\/uploads\/sites\/12\/2021\/09\/business-journal.jpg\" alt=\"logo of South Florida Business Journal\"\/>\n                <p>South Florida Business Journal list of Power Leaders&nbsp;2020<\/p>\n                <p>&#8211; Ray Urdaneta<\/p>\n                <img decoding=\"async\" src=\"https:\/\/monatglobal.com\/au\/wp-content\/uploads\/sites\/12\/2021\/09\/inc5000-blog_award.jpg\" alt=\"logo of Inc. 5000 List of America's Fastest-Growing Private Companies\"\/>\n                <p>Inc. 5000 List of America&#8217;s Fastest-Growing Private&nbsp;Companies<\/p>\n                <p>&#8211; Nr 653 w rankingu<\/p>\n                <img decoding=\"async\" src=\"https:\/\/monatglobal.com\/au\/wp-content\/uploads\/sites\/12\/2021\/09\/stevie-gold.jpg\" alt=\"logo of Gold Stevie Winner\"\/>\n                <p>MONAT Global: Gold Stevie&nbsp;Winner<\/p>\n                <p>Kategoria: <br \/>Firma roku &#8211; handel detaliczny &#8211; du\u017ca<\/p>\n                <img decoding=\"async\" src=\"https:\/\/monatglobal.com\/au\/wp-content\/uploads\/sites\/12\/2021\/09\/stevie-bronze.jpg\" alt=\"logo of Bronze Stevie Winner\"\/>\n                <p>MONAT International Expansion: Bronze Stevie&nbsp;Winner<\/p>\n                <p>Kategoria: <br \/>Osi\u0105gni\u0119cia w ekspansji mi\u0119dzynarodowej<\/p>\n        <!-- If we need paginations -->\n<!-- Monat awards slider\/ -->\n\n","protected":false},"excerpt":{"rendered":"<p>NOWO\u015a\u0106 Skincare Makeup Nadchodzi przysz\u0142o\u015b\u0107 w dziedzinie makija\u017cu. GOR\u0104CA OFERTA. URZ\u0104DZENIA DO STYLIZACJI W\u0141OS\u00d3W MONAT Ju\u017c w sprzeda\u017cy! Wygraj z&nbsp;niedoskona\u0142o\u015bciami sk\u00f3ry NOWO\u015a\u0106 BE CLARIFIED\u2122 Ju\u017c w sprzeda\u017cy! WKR\u00d3TCE W SPRZEDA\u017bY Pobudzi Ci\u0119 do dzia\u0142ania. Energy\u2122 Moc na ca\u0142y&nbsp;dzie\u0144. Ju\u017c dost\u0119pny w Polsce! REJUVABEADS\u2122by MONAT Naprawia rozdwojone ko\u0144c\u00f3wki* oraz inne uszkodzenia, dzi\u0119ki czemu w\u0142osy s\u0105 wzmocnione&hellip;<\/p>\n","protected":false},"author":31,"featured_media":50143,"parent":0,"menu_order":0,"comment_status":"closed","ping_status":"closed","template":"","meta":{"inline_featured_image":false,"om_disable_all_campaigns":false,"_monsterinsights_skip_tracking":false,"_monsterinsights_sitenote_active":false,"_monsterinsights_sitenote_note":"","_monsterinsights_sitenote_category":0,"footnotes":""},"categories":[],"tags":[],"class_list":["post-68525","page","type-page","status-publish","has-post-thumbnail","hentry"],"aioseo_notices":[],"aioseo_head":"\n\t\t<!-- All in One SEO Pro 4.9.6 - aioseo.com -->\n\t<meta name=\"description\" content=\"NOWO\u015a\u0106 Skincare Makeup Nadchodzi przysz\u0142o\u015b\u0107 w dziedzinie makija\u017cu. GOR\u0104CA OFERTA. URZ\u0104DZENIA DO STYLIZACJI W\u0141OS\u00d3W MONAT Ju\u017c w sprzeda\u017cy! Wygraj z niedoskona\u0142o\u015bciami sk\u00f3ry NOWO\u015a\u0106 BE CLARIFIED\u2122 Ju\u017c w sprzeda\u017cy! WKR\u00d3TCE W SPRZEDA\u017bY Pobudzi Ci\u0119 do dzia\u0142ania. Energy\u2122 Moc na ca\u0142y dzie\u0144. Ju\u017c dost\u0119pny w Polsce! REJUVABEADS\u2122by MONAT Naprawia rozdwojone ko\u0144c\u00f3wki* oraz inne uszkodzenia, dzi\u0119ki czemu w\u0142osy s\u0105 wzmocnione\" \/>\n\t<meta name=\"robots\" content=\"max-image-preview:large\" \/>\n\t<link rel=\"canonical\" href=\"https:\/\/monatglobal.com\/pl\/new-home\/\" \/>\n\t<meta name=\"generator\" content=\"All in One SEO Pro (AIOSEO) 4.9.6\" \/>\n\t\t<meta property=\"og:locale\" content=\"pl_PL\" \/>\n\t\t<meta property=\"og:site_name\" content=\"MONAT POLAND - MONAT GLOBAL\" \/>\n\t\t<meta property=\"og:type\" content=\"article\" \/>\n\t\t<meta property=\"og:title\" content=\"- MONAT POLAND\" \/>\n\t\t<meta property=\"og:description\" content=\"NOWO\u015a\u0106 Skincare Makeup Nadchodzi przysz\u0142o\u015b\u0107 w dziedzinie makija\u017cu. GOR\u0104CA OFERTA. URZ\u0104DZENIA DO STYLIZACJI W\u0141OS\u00d3W MONAT Ju\u017c w sprzeda\u017cy! Wygraj z niedoskona\u0142o\u015bciami sk\u00f3ry NOWO\u015a\u0106 BE CLARIFIED\u2122 Ju\u017c w sprzeda\u017cy! WKR\u00d3TCE W SPRZEDA\u017bY Pobudzi Ci\u0119 do dzia\u0142ania. Energy\u2122 Moc na ca\u0142y dzie\u0144. Ju\u017c dost\u0119pny w Polsce! REJUVABEADS\u2122by MONAT Naprawia rozdwojone ko\u0144c\u00f3wki* oraz inne uszkodzenia, dzi\u0119ki czemu w\u0142osy s\u0105 wzmocnione\" \/>\n\t\t<meta property=\"og:url\" content=\"https:\/\/monatglobal.com\/pl\/new-home\/\" \/>\n\t\t<meta property=\"article:published_time\" content=\"2022-04-10T18:46:39+00:00\" \/>\n\t\t<meta property=\"article:modified_time\" content=\"2023-10-03T17:36:10+00:00\" \/>\n\t\t<meta name=\"twitter:card\" content=\"summary_large_image\" \/>\n\t\t<meta name=\"twitter:title\" content=\"- MONAT POLAND\" \/>\n\t\t<meta name=\"twitter:description\" content=\"NOWO\u015a\u0106 Skincare Makeup Nadchodzi przysz\u0142o\u015b\u0107 w dziedzinie makija\u017cu. GOR\u0104CA OFERTA. URZ\u0104DZENIA DO STYLIZACJI W\u0141OS\u00d3W MONAT Ju\u017c w sprzeda\u017cy! Wygraj z niedoskona\u0142o\u015bciami sk\u00f3ry NOWO\u015a\u0106 BE CLARIFIED\u2122 Ju\u017c w sprzeda\u017cy! WKR\u00d3TCE W SPRZEDA\u017bY Pobudzi Ci\u0119 do dzia\u0142ania. Energy\u2122 Moc na ca\u0142y dzie\u0144. Ju\u017c dost\u0119pny w Polsce! REJUVABEADS\u2122by MONAT Naprawia rozdwojone ko\u0144c\u00f3wki* oraz inne uszkodzenia, dzi\u0119ki czemu w\u0142osy s\u0105 wzmocnione\" \/>\n\t\t<script type=\"application\/ld+json\" class=\"aioseo-schema\">\n\t\t\t{\"@context\":\"https:\\\/\\\/schema.org\",\"@graph\":[{\"@type\":\"BreadcrumbList\",\"@id\":\"https:\\\/\\\/monatglobal.com\\\/pl\\\/new-home\\\/#breadcrumblist\",\"itemListElement\":[{\"@type\":\"ListItem\",\"@id\":\"https:\\\/\\\/monatglobal.com\\\/pl#listItem\",\"position\":1,\"name\":\"Home\",\"item\":\"https:\\\/\\\/monatglobal.com\\\/pl\"},{\"@type\":\"ListItem\",\"@id\":\"https:\\\/\\\/monatglobal.com\\\/pl\\\/new-home\\\/#listItem\",\"position\":2,\"previousItem\":{\"@type\":\"ListItem\",\"@id\":\"https:\\\/\\\/monatglobal.com\\\/pl#listItem\",\"name\":\"Home\"}}]},{\"@type\":\"Organization\",\"@id\":\"https:\\\/\\\/monatglobal.com\\\/pl\\\/#organization\",\"name\":\"MONAT POLAND\",\"description\":\"MONAT GLOBAL\",\"url\":\"https:\\\/\\\/monatglobal.com\\\/pl\\\/\"},{\"@type\":\"WebPage\",\"@id\":\"https:\\\/\\\/monatglobal.com\\\/pl\\\/new-home\\\/#webpage\",\"url\":\"https:\\\/\\\/monatglobal.com\\\/pl\\\/new-home\\\/\",\"name\":\"- MONAT POLAND\",\"description\":\"NOWO\\u015a\\u0106 Skincare Makeup Nadchodzi przysz\\u0142o\\u015b\\u0107 w dziedzinie makija\\u017cu. GOR\\u0104CA OFERTA. URZ\\u0104DZENIA DO STYLIZACJI W\\u0141OS\\u00d3W MONAT Ju\\u017c w sprzeda\\u017cy! Wygraj z niedoskona\\u0142o\\u015bciami sk\\u00f3ry NOWO\\u015a\\u0106 BE CLARIFIED\\u2122 Ju\\u017c w sprzeda\\u017cy! WKR\\u00d3TCE W SPRZEDA\\u017bY Pobudzi Ci\\u0119 do dzia\\u0142ania. Energy\\u2122 Moc na ca\\u0142y dzie\\u0144. Ju\\u017c dost\\u0119pny w Polsce! REJUVABEADS\\u2122by MONAT Naprawia rozdwojone ko\\u0144c\\u00f3wki* oraz inne uszkodzenia, dzi\\u0119ki czemu w\\u0142osy s\\u0105 wzmocnione\",\"inLanguage\":\"pl-PL\",\"isPartOf\":{\"@id\":\"https:\\\/\\\/monatglobal.com\\\/pl\\\/#website\"},\"breadcrumb\":{\"@id\":\"https:\\\/\\\/monatglobal.com\\\/pl\\\/new-home\\\/#breadcrumblist\"},\"image\":{\"@type\":\"ImageObject\",\"url\":\"https:\\\/\\\/monatglobal.com\\\/pl\\\/wp-content\\\/uploads\\\/sites\\\/9\\\/2020\\\/01\\\/poland-products.png\",\"@id\":\"https:\\\/\\\/monatglobal.com\\\/pl\\\/new-home\\\/#mainImage\",\"width\":1057,\"height\":502},\"primaryImageOfPage\":{\"@id\":\"https:\\\/\\\/monatglobal.com\\\/pl\\\/new-home\\\/#mainImage\"},\"datePublished\":\"2022-04-10T19:46:39+01:00\",\"dateModified\":\"2023-10-03T18:36:10+01:00\"},{\"@type\":\"WebSite\",\"@id\":\"https:\\\/\\\/monatglobal.com\\\/pl\\\/#website\",\"url\":\"https:\\\/\\\/monatglobal.com\\\/pl\\\/\",\"name\":\"MONAT POLAND\",\"description\":\"MONAT GLOBAL\",\"inLanguage\":\"pl-PL\",\"publisher\":{\"@id\":\"https:\\\/\\\/monatglobal.com\\\/pl\\\/#organization\"}}]}\n\t\t<\/script>\n\t\t<!-- All in One SEO Pro -->\r\n\t\t<title>- MONAT POLAND<\/title>\n\n","aioseo_head_json":{"title":"- MONAT POLAND","description":"NOWO\u015a\u0106 Skincare Makeup Nadchodzi przysz\u0142o\u015b\u0107 w dziedzinie makija\u017cu. GOR\u0104CA OFERTA. URZ\u0104DZENIA DO STYLIZACJI W\u0141OS\u00d3W MONAT Ju\u017c w sprzeda\u017cy! Wygraj z niedoskona\u0142o\u015bciami sk\u00f3ry NOWO\u015a\u0106 BE CLARIFIED\u2122 Ju\u017c w sprzeda\u017cy! WKR\u00d3TCE W SPRZEDA\u017bY Pobudzi Ci\u0119 do dzia\u0142ania. Energy\u2122 Moc na ca\u0142y dzie\u0144. Ju\u017c dost\u0119pny w Polsce! REJUVABEADS\u2122by MONAT Naprawia rozdwojone ko\u0144c\u00f3wki* oraz inne uszkodzenia, dzi\u0119ki czemu w\u0142osy s\u0105 wzmocnione","canonical_url":"https:\/\/monatglobal.com\/pl\/new-home\/","robots":"max-image-preview:large","keywords":"","webmasterTools":{"miscellaneous":""},"schema":{"@context":"https:\/\/schema.org","@graph":[{"@type":"BreadcrumbList","@id":"https:\/\/monatglobal.com\/pl\/new-home\/#breadcrumblist","itemListElement":[{"@type":"ListItem","@id":"https:\/\/monatglobal.com\/pl#listItem","position":1,"name":"Home","item":"https:\/\/monatglobal.com\/pl"},{"@type":"ListItem","@id":"https:\/\/monatglobal.com\/pl\/new-home\/#listItem","position":2,"previousItem":{"@type":"ListItem","@id":"https:\/\/monatglobal.com\/pl#listItem","name":"Home"}}]},{"@type":"Organization","@id":"https:\/\/monatglobal.com\/pl\/#organization","name":"MONAT POLAND","description":"MONAT GLOBAL","url":"https:\/\/monatglobal.com\/pl\/"},{"@type":"WebPage","@id":"https:\/\/monatglobal.com\/pl\/new-home\/#webpage","url":"https:\/\/monatglobal.com\/pl\/new-home\/","name":"- MONAT POLAND","description":"NOWO\u015a\u0106 Skincare Makeup Nadchodzi przysz\u0142o\u015b\u0107 w dziedzinie makija\u017cu. GOR\u0104CA OFERTA. URZ\u0104DZENIA DO STYLIZACJI W\u0141OS\u00d3W MONAT Ju\u017c w sprzeda\u017cy! Wygraj z niedoskona\u0142o\u015bciami sk\u00f3ry NOWO\u015a\u0106 BE CLARIFIED\u2122 Ju\u017c w sprzeda\u017cy! WKR\u00d3TCE W SPRZEDA\u017bY Pobudzi Ci\u0119 do dzia\u0142ania. Energy\u2122 Moc na ca\u0142y dzie\u0144. Ju\u017c dost\u0119pny w Polsce! REJUVABEADS\u2122by MONAT Naprawia rozdwojone ko\u0144c\u00f3wki* oraz inne uszkodzenia, dzi\u0119ki czemu w\u0142osy s\u0105 wzmocnione","inLanguage":"pl-PL","isPartOf":{"@id":"https:\/\/monatglobal.com\/pl\/#website"},"breadcrumb":{"@id":"https:\/\/monatglobal.com\/pl\/new-home\/#breadcrumblist"},"image":{"@type":"ImageObject","url":"https:\/\/monatglobal.com\/pl\/wp-content\/uploads\/sites\/9\/2020\/01\/poland-products.png","@id":"https:\/\/monatglobal.com\/pl\/new-home\/#mainImage","width":1057,"height":502},"primaryImageOfPage":{"@id":"https:\/\/monatglobal.com\/pl\/new-home\/#mainImage"},"datePublished":"2022-04-10T19:46:39+01:00","dateModified":"2023-10-03T18:36:10+01:00"},{"@type":"WebSite","@id":"https:\/\/monatglobal.com\/pl\/#website","url":"https:\/\/monatglobal.com\/pl\/","name":"MONAT POLAND","description":"MONAT GLOBAL","inLanguage":"pl-PL","publisher":{"@id":"https:\/\/monatglobal.com\/pl\/#organization"}}]},"og:locale":"pl_PL","og:site_name":"MONAT POLAND - MONAT GLOBAL","og:type":"article","og:title":"- MONAT POLAND","og:description":"NOWO\u015a\u0106 Skincare Makeup Nadchodzi przysz\u0142o\u015b\u0107 w dziedzinie makija\u017cu. GOR\u0104CA OFERTA. URZ\u0104DZENIA DO STYLIZACJI W\u0141OS\u00d3W MONAT Ju\u017c w sprzeda\u017cy! Wygraj z niedoskona\u0142o\u015bciami sk\u00f3ry NOWO\u015a\u0106 BE CLARIFIED\u2122 Ju\u017c w sprzeda\u017cy! WKR\u00d3TCE W SPRZEDA\u017bY Pobudzi Ci\u0119 do dzia\u0142ania. Energy\u2122 Moc na ca\u0142y dzie\u0144. Ju\u017c dost\u0119pny w Polsce! REJUVABEADS\u2122by MONAT Naprawia rozdwojone ko\u0144c\u00f3wki* oraz inne uszkodzenia, dzi\u0119ki czemu w\u0142osy s\u0105 wzmocnione","og:url":"https:\/\/monatglobal.com\/pl\/new-home\/","article:published_time":"2022-04-10T18:46:39+00:00","article:modified_time":"2023-10-03T17:36:10+00:00","twitter:card":"summary_large_image","twitter:title":"- MONAT POLAND","twitter:description":"NOWO\u015a\u0106 Skincare Makeup Nadchodzi przysz\u0142o\u015b\u0107 w dziedzinie makija\u017cu. GOR\u0104CA OFERTA. URZ\u0104DZENIA DO STYLIZACJI W\u0141OS\u00d3W MONAT Ju\u017c w sprzeda\u017cy! Wygraj z niedoskona\u0142o\u015bciami sk\u00f3ry NOWO\u015a\u0106 BE CLARIFIED\u2122 Ju\u017c w sprzeda\u017cy! WKR\u00d3TCE W SPRZEDA\u017bY Pobudzi Ci\u0119 do dzia\u0142ania. Energy\u2122 Moc na ca\u0142y dzie\u0144. Ju\u017c dost\u0119pny w Polsce! REJUVABEADS\u2122by MONAT Naprawia rozdwojone ko\u0144c\u00f3wki* oraz inne uszkodzenia, dzi\u0119ki czemu w\u0142osy s\u0105 wzmocnione"},"aioseo_meta_data":{"post_id":"68525","title":null,"description":null,"keywords":[],"keyphrases":{"focus":{"keyphrase":"","score":0,"analysis":{"keyphraseInTitle":{"score":0,"maxScore":9,"error":1}}},"additional":[]},"primary_term":null,"canonical_url":null,"og_title":null,"og_description":null,"og_object_type":"default","og_image_type":"default","og_image_url":null,"og_image_width":null,"og_image_height":null,"og_image_custom_url":null,"og_image_custom_fields":null,"og_video":"","og_custom_url":null,"og_article_section":null,"og_article_tags":[],"twitter_use_og":false,"twitter_card":"default","twitter_image_type":"default","twitter_image_url":null,"twitter_image_custom_url":null,"twitter_image_custom_fields":null,"twitter_title":null,"twitter_description":null,"schema":{"blockGraphs":[],"customGraphs":[],"default":{"data":{"Article":[],"Course":[],"Dataset":[],"FAQPage":[],"Movie":[],"Person":[],"Product":[],"ProductReview":[],"Car":[],"Recipe":[],"Service":[],"SoftwareApplication":[],"WebPage":[]},"graphName":"WebPage","isEnabled":true},"graphs":[]},"schema_type":"default","schema_type_options":null,"pillar_content":false,"robots_default":true,"robots_noindex":false,"robots_noarchive":false,"robots_nosnippet":false,"robots_nofollow":false,"robots_noimageindex":false,"robots_noodp":false,"robots_notranslate":false,"robots_max_snippet":"-1","robots_max_videopreview":"-1","robots_max_imagepreview":"large","priority":null,"frequency":"default","local_seo":null,"seo_analyzer_scan_date":"2025-08-15 05:15:06","limit_modified_date":false,"reviewed_by":null,"open_ai":null,"ai":null,"created":"2023-09-27 18:39:34","updated":"2025-08-15 05:15:06"},"aioseo_breadcrumb":"<div class=\"aioseo-breadcrumbs\"><span class=\"aioseo-breadcrumb\">\n\t<a href=\"https:\/\/monatglobal.com\/pl\" title=\"Home\">Home<\/a>\n<\/span><span class=\"aioseo-breadcrumb-separator\">&raquo;<\/span><span class=\"aioseo-breadcrumb\">\n\t\n<\/span><\/div>","aioseo_breadcrumb_json":[{"label":"Home","link":"https:\/\/monatglobal.com\/pl"},{"label":"","link":"https:\/\/monatglobal.com\/pl\/new-home\/"}],"_links":{"self":[{"href":"https:\/\/monatglobal.com\/pl\/wp-json\/wp\/v2\/pages\/68525","targetHints":{"allow":["GET"]}}],"collection":[{"href":"https:\/\/monatglobal.com\/pl\/wp-json\/wp\/v2\/pages"}],"about":[{"href":"https:\/\/monatglobal.com\/pl\/wp-json\/wp\/v2\/types\/page"}],"author":[{"embeddable":true,"href":"https:\/\/monatglobal.com\/pl\/wp-json\/wp\/v2\/users\/31"}],"replies":[{"embeddable":true,"href":"https:\/\/monatglobal.com\/pl\/wp-json\/wp\/v2\/comments?post=68525"}],"version-history":[{"count":15,"href":"https:\/\/monatglobal.com\/pl\/wp-json\/wp\/v2\/pages\/68525\/revisions"}],"predecessor-version":[{"id":83846,"href":"https:\/\/monatglobal.com\/pl\/wp-json\/wp\/v2\/pages\/68525\/revisions\/83846"}],"wp:featuredmedia":[{"embeddable":true,"href":"https:\/\/monatglobal.com\/pl\/wp-json\/wp\/v2\/media\/50143"}],"wp:attachment":[{"href":"https:\/\/monatglobal.com\/pl\/wp-json\/wp\/v2\/media?parent=68525"}],"wp:term":[{"taxonomy":"category","embeddable":true,"href":"https:\/\/monatglobal.com\/pl\/wp-json\/wp\/v2\/categories?post=68525"},{"taxonomy":"post_tag","embeddable":true,"href":"https:\/\/monatglobal.com\/pl\/wp-json\/wp\/v2\/tags?post=68525"}],"curies":[{"name":"wp","href":"https:\/\/api.w.org\/{rel}","templated":true}]}}