{"id":68491,"date":"2022-04-06T20:25:03","date_gmt":"2022-04-06T19:25:03","guid":{"rendered":"http:\/\/monatglobal.com\/pl\/?page_id=68491"},"modified":"2026-02-19T19:27:39","modified_gmt":"2026-02-19T19:27:39","slug":"vinegar-rinse","status":"publish","type":"page","link":"https:\/\/monatglobal.com\/pl\/vinegar-rinse\/","title":{"rendered":"Oczyszczaj\u0105cy P\u0142yn Octowy Do P\u0142ukania W\u0142os\u00f3w"},"content":{"rendered":"\n<link rel=\"stylesheet\" href=\"https:\/\/unpkg.com\/swiper\/swiper-bundle.min.css\">\n<link rel=\"stylesheet\" href=\"\/wp-content\/creative_css\/product_styles_sheet.css\">\n    <!--==================================================== ECOMM SECTION ====================================================-->\n        <!--==================================================== Ecomm image ====================================================-->\n        <img decoding=\"async\" src=\"\/wp-content\/uploads\/2022\/04\/Purifying-Vinegar-Rinse-ecomm.png\" alt=\"Purifying Vinegar Rinse\" loading=\"lazy\">\n        <!--==================================================== Ecomm information  ====================================================-->\n            \n            <h1>Oczyszczaj\u0105cy P\u0142yn Octowy Do P\u0142ukania W\u0142os\u00f3w  <\/h1>\n            \n            <p>Lekki p\u0142yn, kt\u00f3ry oczyszcza oraz zwi\u0119ksza blask.  <\/p>\n            <p>237 ml \u212e 8 fl. oz.<\/p>\n         <!--==================================================== pricing box ====================================================-->\n         <p>Cena detaliczna<br>000.00 z\u0142<\/p>\n         <p>Klient VIP<br>000.00 z\u0142<\/p>\n         <!--==================================================== pricing box ====================================================-->   \n            <p>By dowiedzie\u0107 si\u0119 wi\u0119cej o produkcie Oczyszczaj\u0105cy P\u0142yn Octowy Do P\u0142ukania W\u0142os\u00f3w, skontaktuj si\u0119 z Twoim Market Partnerem <\/p>\n          <a href=\"\" target=\"_blank\" role=\"button\" aria-label=\"\" rel=\"noopener\"><\/a>\n    <!--==================================================== \/ECOMM SECTION  ====================================================-->\n   <!--==================================================== Benefits image ====================================================-->\n   \n      <source media=\"(max-width: 700px)\" srcset=\"\/wp-content\/uploads\/2022\/04\/benefits-mobile-Purifying-Vinegar-rinse.jpg\" loading=\"lazy\">\n      <img decoding=\"async\" alt=\"A brunette woman with curly hair smiling and looking to the side.\" src=\"\/wp-content\/uploads\/2022\/04\/Purifying-Vinegar-rinse-benefits.jpg\" loading=\"lazy\">\n   \n   <!--==================================================== Benefits text ====================================================-->\n         <h2>KORZY\u015aCI<\/h2>\n         <h3>\u0141atwy w u\u017cyciu preparat, kt\u00f3ry g\u0142\u0119boko oczyszcza w\u0142osy oraz sk\u00f3r\u0119 g\u0142owy. <\/h3>\n          Zawarte w nim naturalne emolienty utrzymuj\u0105 nawil\u017cenie w\u0142os\u00f3w i sk\u00f3ry g\u0142owy, a ekstrakty owocowe poprawiaj\u0105 po\u0142ysk. Produkt stanowi \u015bwietn\u0105 alternatyw\u0119 dla szamponu, zapewniaj\u0105c w\u0142osom od\u015bwie\u017cenie!\n\n         <!--==================================================== features image  ====================================================-->\n         <img decoding=\"async\" alt=\"Purifying Vinegar Rinse sitting on a wood block next to apples, aloe vera, ginger, \n         apple cider vinegar, a vase with pampas, and a wood muddler.\" src=\"\/wp-content\/uploads\/2022\/04\/Purifying-Vinegar-rinse-features.jpg\" loading=\"lazy\">\n      <!--==================================================== features text ====================================================-->\n            <h3>Wzbogacony o aminokwasy, ekstrakty owocowe oraz ocet cydrowy<\/h3>\n                <p>\/ Oczyszcza w\u0142osy i sk\u00f3r\u0119 g\u0142owy oraz pozwala usun\u0105\u0107 wszelkie nabudowania, zanieczyszczenia oraz sebum** <\/p>\n                <p>\/ W\u0142osy s\u0105 g\u0142adsze i bardziej mi\u0119kkie o 83%*<\/p>\n                <p>\/ 80% uczestnik\u00f3w badania przyzna\u0142o, \u017ce sk\u00f3ra g\u0142owy jest nawil\u017cona ju\u017c po pierwszym u\u017cyciu produktu<\/p>\n                <p>\/ Poprawia blask o 64%*  <\/p>\n                <p>\/  Utrwala kolor<\/p>\n            *Na podstawie test\u00f3w instrumentalnych przeprowadzonych przez niezale\u017cne laboratorium.   <br>\n         **Badanie przeprowadzone pod kontrol\u0105 dermatologa w kt\u00f3rym wzi\u0119\u0142o udzia\u0142 35 kobiet w wieku od 25 do 55 lat. \n            <br>\n            <p>Zapach \/ Inspirowany tropikami, wzbogacony o owocowe nuty figi, delikatnych bia\u0142ych kwiat\u00f3w oraz fio\u0142k\u00f3w po\u0142\u0105czonych z nutami wetiwerii, cedru i mchu.<\/p>\n            <p> Konsystencja \/ P\u0142yn   <\/p>\n   <!--==================================================== composition image mobile ====================================================-->\n   <img decoding=\"async\" alt=\"A bottle of Purifying Vinegar Rinse sitting on marble title, resting on a purple wall.\" src=\"\/wp-content\/uploads\/2022\/04\/Purifying-Vinegar-rinse-features.jpg\" loading=\"lazy\">\n   <!--==================================================== Why it works text ====================================================-->\n      \n      <h3>Po\u0142\u0105czenie octu cydrowego z REJUVENIQE S\u2122 oraz innymi cennymi sk\u0142adnikami aktywnymi w p\u0142ynie, kt\u00f3ry g\u0142\u0119boko oczyszcza w\u0142osy i sk\u00f3r\u0119 g\u0142owy, pomaga utrzyma\u0107 ich nawil\u017cenie oraz utrwala kolor i zwi\u0119ksza blask&nbsp;w\u0142os\u00f3w. <\/h3>\n<!--==================================================== Composition section ====================================================-->\n      <img decoding=\"async\" alt=\"A bottle of Purifying Vinegar Rinse sitting on marble title, resting on a purple wall.\" src=\"\/wp-content\/uploads\/2022\/04\/Purifying-Vinegar-rinse-comp1.jpg\" loading=\"lazy\">\n      <img decoding=\"async\" alt=\"A brunette woman with wet hair smiling and holding Purifying Vinegar Rinse, overlayed \n      on an image with different ingredients that are in Purifying Vinegar Rinse.\" src=\"\/wp-content\/uploads\/2022\/04\/Purifying-Vinegar-rinse-comp3.jpg\" loading=\"lazy\">\n            <!--==================================================== Directions text ====================================================--> \n               <h3>Spos\u00f3b u\u017cycia<\/h3>\n                    <p>\/ Odkr\u0119\u0107 dozownik.   <\/p>\n                    <p>\/ Na\u0142\u00f3\u017c na wilgotne w\u0142osy i sk\u00f3r\u0119 g\u0142owy.   <\/p>\n                    <p>\/ Masuj do spienienia przez 1- 3 minuty.<\/p>\n                    <p>\/ Sp\u0142ucz. <\/p>\n                    <p>\/ Nast\u0119pnie zastosuj swoj\u0105 ulubion\u0105 od\u017cywk\u0119 lub mask\u0119 MONAT.  <\/p>\n            <!--==================================================== Directions video ====================================================-->\n      <p>Purifying Vinegar Rinse <br>0:00<\/p>\n      <a href=\"\" target=\"_blank\" role=\"button\" aria-label=\"\" rel=\"noopener\"><\/a>\n   <!--==================================================== Ingredients section  ====================================================-->\n      <h2>PRZEGL\u0104D SK\u0141ADNIK\u00d3W<\/h2>\n               <p>Ocet cydrowy     <\/p>\n               <p>REJUVENIQE S\u2122 <\/p>\n               <p>Sok z aloesu<\/p>\n               <p>Ekstrakt z korzenia imbiru <\/p>\n               <p>Ekstrakt z kory \u015bwierku czarnego  <\/p>\n               <p> Skwalan pochodzenia ro\u015blinnego  <\/p>\n        <button id=\"myBtn\" type=\"button\">PE\u0141NA LISTA SK\u0141ADNIK\u00d3W\n<\/button>\n      <!--==================================================== Modal content  ====================================================-->\n         \u00d7\n         Aqua\/Water\/Eau, Propanediol, Glycerin, Vinegar\/Acetum\/Vinaigre, Cetrimonium\n            Chloride, Pentylene Glycol, Sodium Cocoyl Glutamate, Adansonia Digitata Oil,\n            Caryocar Brasiliense Fruit Oil, Cocos Nucifera (Coconut) Oil, Gardenia Taitensis Flower\n            Extract, Helianthus Annuus (Sunflower) Seed Oil, Mauritia Flexuosa Fruit Oil, Moringa\n            Oleifera Seed Oil, Simmondsia Chinensis (Jojoba) Seed Extract, Citrus Aurantifolia\n            (Lime) Oil, Citrus Aurantium Bergamia (Bergamot) Fruit Oil, Zingiber Officinale (Ginger)\n            Root Extract, Camellia Oleifera Seed Oil, Olea Europaea (Olive) Fruit Oil, Citrus Limon\n            (Lemon) Peel Oil, Daucus Carota Sativa (Carrot) Seed Oil, Solanum Lycopersicum\n            (Tomato) Seed Oil, Picea Mariana Bark Extract, Crambe Abyssinica Seed Oil,\n            Hydrogenated Lecithin, Limnanthes Alba (Meadowfoam) Seed Oil, Bisabolol, Squalane,\n            Aloe Barbadensis Leaf Juice, Polyglyceryl-10 Oleate, Panthenol, Phenethyl Alcohol,\n            Polyquaternium-7, Fragrance\/Parfum, Polyglyceryl-10 Laurate, Citric Acid, Sodium\n            Benzoate, Potassium Sorbate, Caprylyl\/Capryl Glucoside.\n   <!--==================================================== You might also like section ====================================================-->\n      <h2>MO\u017bE CI\u0118 R\u00d3WNIE\u017b ZAINTERESOWA\u0106\n<\/h2>\n      <!--==================================================== Slider YOU MIGHT ALSO LIKE ====================================================-->\n      <!---->\n      <!--   -->\n            <!--==================================================== Slides products ====================================================-->\n      <!--      -->\n      <!--         <a href=\"https:\/\/corp.mymonat.com\/shop\/products\/szampon-purifying-vinegar\/\" aria-label=\"Go to Purifying Vinegar Shampoo  page\">-->\n      <!--            <img decoding=\"async\" src=\"\/wp-content\/uploads\/2022\/12\/Purifying-vinegar-shampoo-ecomm-2022.png\" alt=\"Purifying Vinegar Shampoo\" loading=\"lazy\"\/>-->\n      <!--            <p>Oczyszczaj\u0105cy Szampon na Bazie Octu Cydrowego   <\/p>-->\n      <!--         <\/a>-->\n      <!--      -->\n      <!--      -->\n      <!--         <a href=\"https:\/\/corp.mymonat.com\/shop\/products\/scalp-purifying-scrub-6000002036\" aria-label=\"Go to Scalp Purifying Scrub page\">-->\n      <!--            <img decoding=\"async\" src=\"\/wp-content\/uploads\/2022\/12\/Scalp-purifying-scrub_Ecomm-min.png\" alt=\"Scalp Purifying Scrub\" loading=\"lazy\"\/>-->\n      <!--            <p>Oczyszczaj\u0105cy Peeling Do Sk\u00f3ry G\u0142owy   <\/p>-->\n      <!--         <\/a>-->\n      <!--      -->\n      <!--      -->\n      <!--         <a href=\"\/pl\/monat-black-shampoo-conditioner\/\" aria-label=\"Go to MONAT BLACK SHAMPOO + CONDITIONER page\">-->\n      <!--            <img decoding=\"async\" src=\"\/wp-content\/uploads\/2022\/12\/Monat-Black-shampoo-conditioner-Ecomm.png\" alt=\"MONAT FOR MEN\u2122 Essential Body Wash\" loading=\"lazy\"\/>-->\n      <!--            <p>MONAT BLACK\u2122 SZAMPON + OD\u017bYWKA 2W1<\/p>-->\n      <!--         <\/a>-->\n      <!--      -->\n      <!--   -->\n         <!--==================================================== If we need navigation buttons  ====================================================-->\n      <!--   -->\n      <!--   -->\n         <!--==================================================== If we need paginations  ====================================================-->\n      <!--   -->\n      <!---->\n         <!--==================================================== If we need navigation buttons  ====================================================-->\n         <!--==================================================== If we need paginations  ====================================================-->\n    <a href=\"\" aria-label=\"\"><\/a>\n<!--==================================================== this link has to go last for it to work   ====================================================-->\n","protected":false},"excerpt":{"rendered":"<p>Oczyszczaj\u0105cy P\u0142yn Octowy Do P\u0142ukania W\u0142os\u00f3w Lekki p\u0142yn, kt\u00f3ry oczyszcza oraz zwi\u0119ksza blask. 237 ml \u212e 8 fl. oz. Cena detaliczna000.00 z\u0142 Klient VIP000.00 z\u0142 By dowiedzie\u0107 si\u0119 wi\u0119cej o produkcie Oczyszczaj\u0105cy P\u0142yn Octowy Do P\u0142ukania W\u0142os\u00f3w, skontaktuj si\u0119 z Twoim Market Partnerem KORZY\u015aCI \u0141atwy w u\u017cyciu preparat, kt\u00f3ry g\u0142\u0119boko oczyszcza w\u0142osy oraz sk\u00f3r\u0119 g\u0142owy.&hellip;<\/p>\n","protected":false},"author":31,"featured_media":68493,"parent":0,"menu_order":0,"comment_status":"closed","ping_status":"closed","template":"","meta":{"inline_featured_image":false,"om_disable_all_campaigns":false,"_monsterinsights_skip_tracking":false,"_monsterinsights_sitenote_active":false,"_monsterinsights_sitenote_note":"","_monsterinsights_sitenote_category":0,"footnotes":""},"categories":[39],"tags":[],"class_list":["post-68491","page","type-page","status-publish","has-post-thumbnail","hentry","category-product-pl"],"aioseo_notices":[],"aioseo_head":"\n\t\t<!-- All in One SEO Pro 4.9.5.2 - aioseo.com -->\n\t<meta name=\"description\" content=\"--&gt;\" \/>\n\t<meta name=\"robots\" content=\"max-image-preview:large\" \/>\n\t<link rel=\"canonical\" href=\"https:\/\/monatglobal.com\/pl\/vinegar-rinse\/\" \/>\n\t<meta name=\"generator\" content=\"All in One SEO Pro (AIOSEO) 4.9.5.2\" \/>\n\t\t<meta property=\"og:locale\" content=\"pl_PL\" \/>\n\t\t<meta property=\"og:site_name\" content=\"MONAT POLAND - MONAT GLOBAL\" \/>\n\t\t<meta property=\"og:type\" content=\"article\" \/>\n\t\t<meta property=\"og:title\" content=\"Oczyszczaj\u0105cy P\u0142yn Octowy Do P\u0142ukania W\u0142os\u00f3w\" \/>\n\t\t<meta property=\"og:description\" content=\"--&gt;\" \/>\n\t\t<meta property=\"og:url\" content=\"https:\/\/monatglobal.com\/pl\/vinegar-rinse\/\" \/>\n\t\t<meta property=\"article:published_time\" content=\"2022-04-06T19:25:03+00:00\" \/>\n\t\t<meta property=\"article:modified_time\" content=\"2026-02-19T19:27:39+00:00\" \/>\n\t\t<meta name=\"twitter:card\" content=\"summary_large_image\" \/>\n\t\t<meta name=\"twitter:title\" content=\"Oczyszczaj\u0105cy P\u0142yn Octowy Do P\u0142ukania W\u0142os\u00f3w\" \/>\n\t\t<meta name=\"twitter:description\" content=\"--&gt;\" \/>\n\t\t<script type=\"application\/ld+json\" class=\"aioseo-schema\">\n\t\t\t{\"@context\":\"https:\\\/\\\/schema.org\",\"@graph\":[{\"@type\":\"BreadcrumbList\",\"@id\":\"https:\\\/\\\/monatglobal.com\\\/pl\\\/vinegar-rinse\\\/#breadcrumblist\",\"itemListElement\":[{\"@type\":\"ListItem\",\"@id\":\"https:\\\/\\\/monatglobal.com\\\/pl#listItem\",\"position\":1,\"name\":\"Home\",\"item\":\"https:\\\/\\\/monatglobal.com\\\/pl\",\"nextItem\":{\"@type\":\"ListItem\",\"@id\":\"https:\\\/\\\/monatglobal.com\\\/pl\\\/vinegar-rinse\\\/#listItem\",\"name\":\"Oczyszczaj\\u0105cy P\\u0142yn Octowy Do P\\u0142ukania W\\u0142os\\u00f3w\"}},{\"@type\":\"ListItem\",\"@id\":\"https:\\\/\\\/monatglobal.com\\\/pl\\\/vinegar-rinse\\\/#listItem\",\"position\":2,\"name\":\"Oczyszczaj\\u0105cy P\\u0142yn Octowy Do P\\u0142ukania W\\u0142os\\u00f3w\",\"previousItem\":{\"@type\":\"ListItem\",\"@id\":\"https:\\\/\\\/monatglobal.com\\\/pl#listItem\",\"name\":\"Home\"}}]},{\"@type\":\"Organization\",\"@id\":\"https:\\\/\\\/monatglobal.com\\\/pl\\\/#organization\",\"name\":\"MONAT POLAND\",\"description\":\"MONAT GLOBAL\",\"url\":\"https:\\\/\\\/monatglobal.com\\\/pl\\\/\"},{\"@type\":\"WebPage\",\"@id\":\"https:\\\/\\\/monatglobal.com\\\/pl\\\/vinegar-rinse\\\/#webpage\",\"url\":\"https:\\\/\\\/monatglobal.com\\\/pl\\\/vinegar-rinse\\\/\",\"name\":\"Oczyszczaj\\u0105cy P\\u0142yn Octowy Do P\\u0142ukania W\\u0142os\\u00f3w\",\"description\":\"-->\",\"inLanguage\":\"pl-PL\",\"isPartOf\":{\"@id\":\"https:\\\/\\\/monatglobal.com\\\/pl\\\/#website\"},\"breadcrumb\":{\"@id\":\"https:\\\/\\\/monatglobal.com\\\/pl\\\/vinegar-rinse\\\/#breadcrumblist\"},\"image\":{\"@type\":\"ImageObject\",\"url\":\"https:\\\/\\\/monatglobal.com\\\/pl\\\/wp-content\\\/uploads\\\/sites\\\/9\\\/2022\\\/04\\\/Purifying-Vinegar-Rinse-ecomm.png\",\"@id\":\"https:\\\/\\\/monatglobal.com\\\/pl\\\/vinegar-rinse\\\/#mainImage\",\"width\":641,\"height\":800},\"primaryImageOfPage\":{\"@id\":\"https:\\\/\\\/monatglobal.com\\\/pl\\\/vinegar-rinse\\\/#mainImage\"},\"datePublished\":\"2022-04-06T20:25:03+01:00\",\"dateModified\":\"2026-02-19T19:27:39+00:00\"},{\"@type\":\"WebSite\",\"@id\":\"https:\\\/\\\/monatglobal.com\\\/pl\\\/#website\",\"url\":\"https:\\\/\\\/monatglobal.com\\\/pl\\\/\",\"name\":\"MONAT POLAND\",\"description\":\"MONAT GLOBAL\",\"inLanguage\":\"pl-PL\",\"publisher\":{\"@id\":\"https:\\\/\\\/monatglobal.com\\\/pl\\\/#organization\"}}]}\n\t\t<\/script>\n\t\t<!-- All in One SEO Pro -->\r\n\t\t<title>Oczyszczaj\u0105cy P\u0142yn Octowy Do P\u0142ukania W\u0142os\u00f3w<\/title>\n\n","aioseo_head_json":{"title":"Oczyszczaj\u0105cy P\u0142yn Octowy Do P\u0142ukania W\u0142os\u00f3w","description":"-->","canonical_url":"https:\/\/monatglobal.com\/pl\/vinegar-rinse\/","robots":"max-image-preview:large","keywords":"","webmasterTools":{"miscellaneous":""},"schema":{"@context":"https:\/\/schema.org","@graph":[{"@type":"BreadcrumbList","@id":"https:\/\/monatglobal.com\/pl\/vinegar-rinse\/#breadcrumblist","itemListElement":[{"@type":"ListItem","@id":"https:\/\/monatglobal.com\/pl#listItem","position":1,"name":"Home","item":"https:\/\/monatglobal.com\/pl","nextItem":{"@type":"ListItem","@id":"https:\/\/monatglobal.com\/pl\/vinegar-rinse\/#listItem","name":"Oczyszczaj\u0105cy P\u0142yn Octowy Do P\u0142ukania W\u0142os\u00f3w"}},{"@type":"ListItem","@id":"https:\/\/monatglobal.com\/pl\/vinegar-rinse\/#listItem","position":2,"name":"Oczyszczaj\u0105cy P\u0142yn Octowy Do P\u0142ukania W\u0142os\u00f3w","previousItem":{"@type":"ListItem","@id":"https:\/\/monatglobal.com\/pl#listItem","name":"Home"}}]},{"@type":"Organization","@id":"https:\/\/monatglobal.com\/pl\/#organization","name":"MONAT POLAND","description":"MONAT GLOBAL","url":"https:\/\/monatglobal.com\/pl\/"},{"@type":"WebPage","@id":"https:\/\/monatglobal.com\/pl\/vinegar-rinse\/#webpage","url":"https:\/\/monatglobal.com\/pl\/vinegar-rinse\/","name":"Oczyszczaj\u0105cy P\u0142yn Octowy Do P\u0142ukania W\u0142os\u00f3w","description":"-->","inLanguage":"pl-PL","isPartOf":{"@id":"https:\/\/monatglobal.com\/pl\/#website"},"breadcrumb":{"@id":"https:\/\/monatglobal.com\/pl\/vinegar-rinse\/#breadcrumblist"},"image":{"@type":"ImageObject","url":"https:\/\/monatglobal.com\/pl\/wp-content\/uploads\/sites\/9\/2022\/04\/Purifying-Vinegar-Rinse-ecomm.png","@id":"https:\/\/monatglobal.com\/pl\/vinegar-rinse\/#mainImage","width":641,"height":800},"primaryImageOfPage":{"@id":"https:\/\/monatglobal.com\/pl\/vinegar-rinse\/#mainImage"},"datePublished":"2022-04-06T20:25:03+01:00","dateModified":"2026-02-19T19:27:39+00:00"},{"@type":"WebSite","@id":"https:\/\/monatglobal.com\/pl\/#website","url":"https:\/\/monatglobal.com\/pl\/","name":"MONAT POLAND","description":"MONAT GLOBAL","inLanguage":"pl-PL","publisher":{"@id":"https:\/\/monatglobal.com\/pl\/#organization"}}]},"og:locale":"pl_PL","og:site_name":"MONAT POLAND - MONAT GLOBAL","og:type":"article","og:title":"Oczyszczaj\u0105cy P\u0142yn Octowy Do P\u0142ukania W\u0142os\u00f3w","og:description":"--&gt;","og:url":"https:\/\/monatglobal.com\/pl\/vinegar-rinse\/","article:published_time":"2022-04-06T19:25:03+00:00","article:modified_time":"2026-02-19T19:27:39+00:00","twitter:card":"summary_large_image","twitter:title":"Oczyszczaj\u0105cy P\u0142yn Octowy Do P\u0142ukania W\u0142os\u00f3w","twitter:description":"--&gt;"},"aioseo_meta_data":{"post_id":"68491","title":"Oczyszczaj\u0105cy P\u0142yn Octowy Do P\u0142ukania W\u0142os\u00f3w","description":null,"keywords":null,"keyphrases":{"focus":{"keyphrase":"","score":0,"analysis":{"keyphraseInTitle":{"score":0,"maxScore":9,"error":1}}},"additional":[]},"primary_term":null,"canonical_url":null,"og_title":null,"og_description":null,"og_object_type":"default","og_image_type":"default","og_image_url":null,"og_image_width":null,"og_image_height":null,"og_image_custom_url":null,"og_image_custom_fields":null,"og_video":"","og_custom_url":null,"og_article_section":null,"og_article_tags":null,"twitter_use_og":false,"twitter_card":"default","twitter_image_type":"default","twitter_image_url":null,"twitter_image_custom_url":null,"twitter_image_custom_fields":null,"twitter_title":null,"twitter_description":null,"schema":{"blockGraphs":[],"customGraphs":[],"default":{"data":{"Article":[],"Course":[],"Dataset":[],"FAQPage":[],"Movie":[],"Person":[],"Product":[],"ProductReview":[],"Car":[],"Recipe":[],"Service":[],"SoftwareApplication":[],"WebPage":[]},"graphName":"WebPage","isEnabled":true},"graphs":[]},"schema_type":"default","schema_type_options":null,"pillar_content":false,"robots_default":true,"robots_noindex":false,"robots_noarchive":false,"robots_nosnippet":false,"robots_nofollow":false,"robots_noimageindex":false,"robots_noodp":false,"robots_notranslate":false,"robots_max_snippet":"-1","robots_max_videopreview":"-1","robots_max_imagepreview":"large","priority":null,"frequency":"default","local_seo":null,"seo_analyzer_scan_date":"2026-02-19 19:40:07","limit_modified_date":false,"reviewed_by":"0","open_ai":null,"ai":{"faqs":[],"keyPoints":[],"titles":[],"descriptions":[],"socialPosts":{"email":[],"linkedin":[],"twitter":[],"facebook":[],"instagram":[]}},"created":"2023-07-26 10:05:30","updated":"2026-02-19 19:40:07"},"aioseo_breadcrumb":"<div class=\"aioseo-breadcrumbs\"><span class=\"aioseo-breadcrumb\">\n\t<a href=\"https:\/\/monatglobal.com\/pl\" title=\"Home\">Home<\/a>\n<\/span><span class=\"aioseo-breadcrumb-separator\">&raquo;<\/span><span class=\"aioseo-breadcrumb\">\n\tOczyszczaj\u0105cy P\u0142yn Octowy Do P\u0142ukania W\u0142os\u00f3w\n<\/span><\/div>","aioseo_breadcrumb_json":[{"label":"Home","link":"https:\/\/monatglobal.com\/pl"},{"label":"Oczyszczaj\u0105cy P\u0142yn Octowy Do P\u0142ukania W\u0142os\u00f3w","link":"https:\/\/monatglobal.com\/pl\/vinegar-rinse\/"}],"_links":{"self":[{"href":"https:\/\/monatglobal.com\/pl\/wp-json\/wp\/v2\/pages\/68491","targetHints":{"allow":["GET"]}}],"collection":[{"href":"https:\/\/monatglobal.com\/pl\/wp-json\/wp\/v2\/pages"}],"about":[{"href":"https:\/\/monatglobal.com\/pl\/wp-json\/wp\/v2\/types\/page"}],"author":[{"embeddable":true,"href":"https:\/\/monatglobal.com\/pl\/wp-json\/wp\/v2\/users\/31"}],"replies":[{"embeddable":true,"href":"https:\/\/monatglobal.com\/pl\/wp-json\/wp\/v2\/comments?post=68491"}],"version-history":[{"count":25,"href":"https:\/\/monatglobal.com\/pl\/wp-json\/wp\/v2\/pages\/68491\/revisions"}],"predecessor-version":[{"id":109304,"href":"https:\/\/monatglobal.com\/pl\/wp-json\/wp\/v2\/pages\/68491\/revisions\/109304"}],"wp:featuredmedia":[{"embeddable":true,"href":"https:\/\/monatglobal.com\/pl\/wp-json\/wp\/v2\/media\/68493"}],"wp:attachment":[{"href":"https:\/\/monatglobal.com\/pl\/wp-json\/wp\/v2\/media?parent=68491"}],"wp:term":[{"taxonomy":"category","embeddable":true,"href":"https:\/\/monatglobal.com\/pl\/wp-json\/wp\/v2\/categories?post=68491"},{"taxonomy":"post_tag","embeddable":true,"href":"https:\/\/monatglobal.com\/pl\/wp-json\/wp\/v2\/tags?post=68491"}],"curies":[{"name":"wp","href":"https:\/\/api.w.org\/{rel}","templated":true}]}}