{"id":68449,"date":"2022-03-21T16:00:01","date_gmt":"2022-03-21T16:00:01","guid":{"rendered":"https:\/\/monatglobal.com\/pl\/?page_id=68449"},"modified":"2026-02-19T21:35:30","modified_gmt":"2026-02-19T21:35:30","slug":"skincare-duo","status":"publish","type":"page","link":"https:\/\/monatglobal.com\/pl\/skincare-duo\/","title":{"rendered":"Duet roz\u015bwietlaj\u0105co-regeneracyjny"},"content":{"rendered":"\n<link rel=\"stylesheet\" href=\"https:\/\/unpkg.com\/swiper\/swiper-bundle.min.css\">\n<link rel=\"stylesheet\" href=\"https:\/\/monatglobal.com\/wp-content\/creative_css\/product_styles_sheet.css\">\n    <!--==================================================== ECOMM SECTION ====================================================-->\n        <!--==================================================== Ecomm image ====================================================-->\n        <img decoding=\"async\" src=\"https:\/\/monatglobal.com\/lt\/wp-content\/uploads\/sites\/11\/2021\/12\/skincare-duo-ecomm-2022.png\" alt=\"Duet roz\u015bwietlaj\u0105co-regeneracyjny\" loading=\"lazy\">\n        <!--==================================================== Ecomm information  ====================================================-->\n            \n            <h1>Duet roz\u015bwietlaj\u0105coregeneracyjny<\/h1>\n            \n            <p>Roz\u015bwietlenie i&nbsp;od\u017cywienie dla wszystkich rodzaj\u00f3w sk\u00f3ry<\/p>\n            \n          <!--==================================================== pricing box ====================================================-->  \n         <p>Cena detaliczna<br>000.00 z\u0142<\/p>\n         <p>Cena dla Klient\u00f3w VIP<br>000.00 z\u0142<\/p>\n          <!--==================================================== pricing box ====================================================-->  \n            <p>Aby dowiedzie\u0107 si\u0119 wi\u0119cej na temat Duetu roz\u015bwietlaj\u0105co-regeneracyjnego, prosimy skontaktowa\u0107 si\u0119 ze swoim Market Partnerem&nbsp;MONAT.<\/p>\n          <a href=\"\" target=\"_blank\" role=\"button\" aria-label=\"\" rel=\"noopener\"><\/a>\n    <!--==================================================== \/ECOMM SECTION  ====================================================-->\n   <!--==================================================== Benefits image ====================================================-->\n  \n    <source media=\"(max-width: 700px)\" srcset=\"https:\/\/monatglobal.com\/lt\/wp-content\/uploads\/sites\/11\/2021\/12\/brighten-recover-duo-benefits_mobile.jpg\" loading=\"lazy\">\n      <img decoding=\"async\" src=\"https:\/\/monatglobal.com\/lt\/wp-content\/uploads\/sites\/11\/2021\/12\/skincare-brughten-recover-duo-benefits-.jpg\" alt=\"\" loading=\"lazy\">\n    \n   <!--==================================================== Benefits text ====================================================-->\n         <h2>ZALETY<\/h2>\n         <h3>Wynie\u015b swoj\u0105 piel\u0119gnacj\u0119 sk\u00f3ry z MONAT na zupe\u0142nie nowy poziom, witaj\u0105c dw\u00f3ch NOWYCH \n         uczestnik\u00f3w Rewolucji Zdrowej&nbsp;Sk\u00f3ry.<\/h3>\n         Przedstawiamy C. Radiance\u2122 Serum Roz\u015bwietlaj\u0105ce, kt\u00f3re zawiera a\u017c 15% witaminy C, oraz Night Haven\u2122 \n         Krem Na Noc Przeciw Oznakom Starzenia, kt\u00f3rego formu\u0142a obejmuje mieszank\u0119 intensywnie nawadniaj\u0105cego REJUVENIQE&nbsp;S\u2122 oraz g\u0142\u0119boko \n         nawil\u017caj\u0105cego olejku z&nbsp;awokado.\n        <!--==================================================== features image  ====================================================-->\n        <img decoding=\"async\" src=\"https:\/\/monatglobal.com\/lt\/wp-content\/uploads\/sites\/11\/2021\/12\/Brighten-Recover-Duo-features.jpg\" alt=\"\" loading=\"lazy\">\n      <!--==================================================== features text ====================================================-->\n          <h3>Cechy<\/h3>\n            <p>\/ Sk\u00f3ra natychmiast nabiera \u015bwie\u017cszego, ja\u015bniejszego i&nbsp;bardziej promiennego wygl\u0105du<\/p>\n            <p>\/ Redukuje widoczne fotouszkodzenia, ciemne plamy i&nbsp;przebarwienia<\/p>\n            <p>\/ Zapewnia nocn\u0105 regeneracj\u0119 i&nbsp;od\u017cywienie<\/p>\n            <p>\/ Redukuje widoczno\u015b\u0107 drobnych linii i&nbsp;zmarszczek<\/p>\n            <p>\/ Sk\u00f3ra jest g\u0142adsza i&nbsp;bardziej mi\u0119kka w&nbsp;dotyku, a&nbsp;przy tym j\u0119drna i&nbsp;bardziej elastyczna<\/p>\n      <h2>DUET ROZ\u015aWIETLAJ\u0104CO-REGENERACYJNY:<\/h2>\n            <!--==================================================== Slides products ====================================================-->\n                   <a href=\"\/pl\/skincare-c-radiance\/\" aria-label=\"Go to C. Radiance\u2122 Serum Roz\u015bwietlaj\u0105ce page\">\n                    <img decoding=\"async\" src=\"https:\/\/monatglobal.com\/au\/wp-content\/uploads\/sites\/12\/2021\/12\/C-Radiance-Illuminating-Serum-ecomm-2022.png\" alt=\"C. Radiance\u2122 Serum Roz\u015bwietlaj\u0105ce\" loading=\"lazy\">\n                    <p>C. Radiance\u2122 Serum Roz\u015bwietlaj\u0105ce<\/p>\n                  <\/a>\n                   <a href=\"\/pl\/skincare-night-age-control-cream\/\" aria-label=\"Go to Night Haven\u2122 Krem Na Noc Przeciw Oznakom Starzenia page\">\n                    <img decoding=\"async\" src=\"https:\/\/monatglobal.com\/au\/wp-content\/uploads\/sites\/12\/2021\/12\/night-heaven-ecomm-2022.png\" alt=\"Night Haven\u2122 Krem Na Noc Przeciw Oznakom Starzenia\" loading=\"lazy\">\n                    <p>Night Haven\u2122 Krem Na Noc Przeciw Oznakom Starzenia<\/p>\n                  <\/a>\n         <!--==================================================== If we need navigation buttons  ====================================================-->\n         <!--==================================================== If we need paginations  ====================================================-->\n   <!--==================================================== composition image mobile ====================================================-->\n   <img decoding=\"async\" alt=\"\" src=\"https:\/\/monatglobal.com\/au\/wp-content\/uploads\/sites\/12\/2021\/12\/C_Radiance_illuminating-serum-.jpg\" loading=\"lazy\">\n   <!--==================================================== Why it works text ====================================================-->\n<!--==================================================== Composition section ====================================================-->\n      <img decoding=\"async\" alt=\"\" src=\"https:\/\/monatglobal.com\/au\/wp-content\/uploads\/sites\/12\/2021\/12\/C_Radiance_illuminating-serum-.jpg\" loading=\"lazy\">\n      <img decoding=\"async\" alt=\"\" src=\"https:\/\/monatglobal.com\/wp-content\/uploads\/2021\/08\/grey-image-placeholder.jpg\" loading=\"lazy\">\n      \n      <h3>Ten wspania\u0142y duet zosta\u0142 zaprojektowany tak, aby zapewni\u0107 jeszcze lepsze efekty piel\u0119gnacji, \n      dzia\u0142aj\u0105c zar\u00f3wno w&nbsp;dzie\u0144, jak i&nbsp;w&nbsp;nocy, dzi\u0119ki czemu mo\u017cesz czarowa\u0107 swoim blaskiem ju\u017c po&nbsp;przebudzeniu.<\/h3>\n  <h3>Spos\u00f3b u\u017cycia:<\/h3>\n        <p>DZIA\u0141ANIE<\/p>\n        <p>Stosowanie na dzie\u0144<\/p>\n        <p>Stosuj C.&nbsp;Radiance\u2122 Serum Roz\u015bwietlaj\u0105ce ka\u017cdego dnia, aby rozja\u015bni\u0107 cer\u0119 i&nbsp;poprawi\u0107 jej&nbsp;wygl\u0105d.<\/p>\n            <p>\/ Stosuj codziennie po etapie przygotowania&nbsp;sk\u00f3ry.<\/p>\n            <p>\/ Nanie\u015b za pomoc\u0105 pompki jedn\u0105 dawk\u0119 na palce i&nbsp;rozetrzyj&nbsp;r\u00f3wnomiernie.<\/p>\n            <p>\/ Przyk\u0142adaj delikatnie palce do czo\u0142a, policzk\u00f3w, brody, szyi i&nbsp;dekoltu.<\/p>\n            <p>\/ Aby osi\u0105gn\u0105\u0107 najlepsze rezultaty, wklepuj delikatnie preparat, kieruj\u0105c si\u0119 od \u015brodka na zewn\u0105trz i&nbsp;w&nbsp;g\u00f3r\u0119&nbsp;szyi.<\/p>\n            <p>\/ Poczekaj do pe\u0142nego wch\u0142oni\u0119cia przed zastosowaniem preparatu nawil\u017caj\u0105cego&nbsp;MONAT.<\/p>\n        <p>OD\u017bYWIENIE <\/p>\n        <p>Stosowanie na noc<\/p>\n        <p>Stosuj Night Haven\u2122 Krem Na Noc Przeciw Oznakom Starzenia przed p\u00f3j\u015bciem spa\u0107, aby uj\u0119drni\u0107 i&nbsp;wyg\u0142adzi\u0107 swoj\u0105&nbsp;sk\u00f3r\u0119.<\/p>\n            <p>\/ U\u017cywaj na noc.<\/p>\n            <p>\/ Stosuj dopiero po ca\u0142kowitym wch\u0142oni\u0119ciu produktu Rewind\u2122 Nektar Kontroluj\u0105cy Wiek i&nbsp;kremu pod oczy Eye&nbsp;Smooth\u2122.<\/p>\n            <p>\/ Nabierz niewielk\u0105 ilo\u015b\u0107 preparatu ze s\u0142oika za pomoc\u0105 do\u0142\u0105czonej szpatu\u0142ki. <\/p>\n            <p>\/ Na\u0142\u00f3\u017c r\u00f3wnomiernie na czubki palc\u00f3w.<\/p>\n            <p>\/ Wmasuj w&nbsp;twarz, szyj\u0119 i&nbsp;dekolt, wykonuj\u0105c ruchy w&nbsp;g\u00f3r\u0119, w&nbsp;celu zregenerowania sk\u00f3ry.<\/p>\n      <p>Be Balanced\u2122 <br>Lightweight Moisturizer <br>0:35<\/p>\n         <!--==================================================== features image  ====================================================-->\n         <img decoding=\"async\" alt=\"\" src=\"https:\/\/monatglobal.com\/lt\/wp-content\/uploads\/sites\/11\/2021\/12\/Brighten-Recover-Duo-suggestions.png\" loading=\"lazy\">\n      <!--==================================================== features text ====================================================-->\n            <h3>Wskaz\u00f3wki<\/h3>\n               \/ Czujesz nadmiern\u0105 sucho\u015b\u0107? Zaaplikuj 1 lub 2 krople REJUVENIQE Light by MONAT\u2122 na d\u0142onie i&nbsp;wymieszaj z&nbsp;Night Haven\u2122 \n               Kremem Na Noc Przeciw Oznakom&nbsp;Starzenia.\n      <a href=\"\" target=\"_blank\" role=\"button\" aria-label=\"\" rel=\"noopener\"><\/a>\n   <!--==================================================== Ingredients section  ====================================================-->\n      <h2>NAJWA\u017bNIEJSZE SK\u0141ADNIKI AKTYWNE<\/h2>\n      <p>C. RADIANCE\u2122 SERUM ROZ\u015aWIETLAJ\u0104CE<\/p>\n      <p>Kompleks ze \u015bliwki&nbsp;kakadu<\/p>\n      <p>Antyoksydanty<\/p>\n      <p>Kwas hialuronowy<\/p>\n      <p>Kwas ferulowy<\/p>\n      <p>Ekstrakt z&nbsp;korzenia lukrecji<\/p>\n      <p>Niacynamid<\/p>\n      <p>NIGHT HAVEN\u2122 KREM NA NOC PRZECIW OZNAKOM&nbsp;STARZENIA<\/p>\n      <p>REJUVENIQE&nbsp;S\u2122<\/p>\n      <p>Ceramidy<\/p>\n      <p>Kwas hialuronowy<\/p>\n      <p>Olej z&nbsp;awokado<\/p>\n      <p>Mas\u0142o shea<\/p>\n        <button id=\"myBtn\" type=\"button\">ZOBACZ PE\u0141N\u0104 LIST\u0118&nbsp;SK\u0141ADNIK\u00d3W<\/button>\n      <!--==================================================== Modal content  ====================================================-->\n         \u00d7\n         <p>C. RADIANCE\u2122 SERUM ROZ\u015aWIETLAJ\u0104CE<\/p>\n         Aqua\/Water\/Eau, Sodium Ascorbyl Phosphate, Glycerin, PEG-8 Dimethicone, Citric Acid, Terminalia Ferdinandiana Fruit \n         Extract, Tetrahexyldecyl Ascorbate, Sodium Hyaluronate, Ferulic Acid, Vaccinium Angustifolium (Blueberry) Fruit Extract, \n         Vaccinium Macrocarpon (Cranberry) Fruit Extract, Lycium Barbarum Fruit Extract, Euterpe Oleracea Fruit Extract, Glycyrrhiza \n         Glabra (Licorice) Root Extract, Niacinamide, Squalane, Tocopheryl Acetate, Betaine, Proline, Serine, Inositol, Tocopherol, \n         Propanediol, Xanthan Gum, Lecithin, Sclerotium Gum, Pullulan, Hydrogenated Lecithin, Polysorbate 20, Dimethicone, Dimethiconol, \n         Fragrance\/Parfum, Benzyl Alcohol,&nbsp;Ethylhexylglycerin.\n         <p>NIGHT HAVEN\u2122 KREM NA NOC PRZECIW OZNAKOM STARZENIA<\/p>\n         Aqua\/Water\/Eau, Trimethylolpropane Triisostearate, Ethyl Macadamiate, Hydrogenated Sunflower Seed Oil Polyglyceryl-3 Esters, \n         Persea Gratissima (Avocado) Oil, Dimethicone, Helianthus Annuus (Sunflower) Seed Oil, Butyrospermum Parkii (Shea) Butter, \n         Ceramide NP, Ceramide AP, Ceramide EOP, Sodium Hyaluronate, Bidens Pilosa Extract, Phytosphingosine, Glycyrrhiza Glabra \n         (Licorice) Root Extract, Physalis Angulata Extract, Limnanthes Alba (Meadowfoam) Seed Oil, Crambe Abyssinica Seed Oil, \n         Camellia Oleifera Seed Oil, Solanum Lycopersicum (Tomato) Seed Oil, Daucus Carota Sativa (Carrot) Seed Oil, Citrus Limon \n         (Lemon) Peel Oil, Citrus Aurantifolia (Lime) Oil, Citrus Aurantium Bergamia (Bergamot) Fruit Oil, Adansonia Digitata Oil, \n         Mauritia Flexuosa Fruit Oil, Cocos Nucifera (Coconut) Oil, Gardenia Taitensis Flower Extract, Moringa Oleifera Seed Oil, \n         Caryocar Brasiliense Fruit Oil, Olea Europaea (Olive) Fruit Oil, Simmondsia Chinensis (Jojoba) Seed Extract, Gossypium \n         Herbaceum (Cotton) Seed Oil, Linum Usitatissimum (Linseed) Seed Oil, Elaeis Guineensis (Palm) Oil, Glycerin, Tocopherol, \n         Xanthan Gum, Sodium Polyacrylate, Xylitol, Caprylic Acid, Glyceryl Stearate, Caprylic\/Capric Triglyceride, Hydrogenated \n         Sunflower Seed Oil Glyceryl Esters, Cetearyl Alcohol, Sodium Stearoyl Lactylate, Sodium Lauroyl Lactylate, Dimethiconol, \n         Cholesterol, Carbomer, Fragrance\/Parfum, Ethylhexylglycerin, Benzyl&nbsp;Alcohol.\n   <!--==================================================== You might also like section ====================================================-->\n      <h2>INNE PRODUKTY, KT\u00d3RE MOG\u0104 CI\u0118&nbsp;ZAINTERESOWA\u0106<\/h2>\n      <!--==================================================== Slider YOU MIGHT ALSO LIKE ====================================================-->\n      <!---->\n      <!--   -->\n            <!--==================================================== Slides products ====================================================-->\n      <!--      -->\n      <!--         <a href=\"\/pl\/be-gentle-routine\/\" aria-label=\"Go to PIEL\u0118GNACJA BE GENTLE\u2122 page\">-->\n      <!--            <img decoding=\"async\" src=\"https:\/\/monatglobal.com\/wp-content\/uploads\/2022\/12\/Be-Gentle-Routine-E_comm-min.png\" alt=\"PIEL\u0118GNACJA BE GENTLE\u2122\u2122\" loading=\"lazy\"\/>-->\n      <!--            <p>PIEL\u0118GNACJA BE&nbsp;GENTLE\u2122<\/p>-->\n      <!--         <\/a>-->\n      <!--      -->\n      <!--      -->\n      <!--         <a href=\"\/pl\/be-balanced-routine\/\" aria-label=\"Go to PIEL\u0118GNACJA BE BALANCED\u2122 page\">-->\n      <!--            <img decoding=\"async\" src=\"https:\/\/monatglobal.com\/wp-content\/uploads\/2022\/12\/Be-Balanced-Routine-Skincare-E_comm-min.png\" alt=\"PIEL\u0118GNACJA BE BALANCED\u2122\" loading=\"lazy\"\/>-->\n      <!--            <p>PIEL\u0118GNACJA BE&nbsp;BALANCED\u2122<\/p>-->\n      <!--         <\/a>-->\n      <!--      -->\n      <!--   -->\n         <!--==================================================== If we need navigation buttons  ====================================================-->\n      <!--   -->\n      <!--   -->\n         <!--==================================================== If we need paginations  ====================================================-->\n      <!--   -->\n      <!---->\n         <!--==================================================== If we need navigation buttons  ====================================================-->\n         <!--==================================================== If we need paginations  ====================================================-->\n    <a href=\"\" aria-label=\"\"><\/a>\n<!--==================================================== this link has to go last for it to work   ====================================================-->\n","protected":false},"excerpt":{"rendered":"<p>Duet roz\u015bwietlaj\u0105coregeneracyjny Roz\u015bwietlenie i&nbsp;od\u017cywienie dla wszystkich rodzaj\u00f3w sk\u00f3ry Cena detaliczna000.00 z\u0142 Cena dla Klient\u00f3w VIP000.00 z\u0142 Aby dowiedzie\u0107 si\u0119 wi\u0119cej na temat Duetu roz\u015bwietlaj\u0105co-regeneracyjnego, prosimy skontaktowa\u0107 si\u0119 ze swoim Market Partnerem&nbsp;MONAT. ZALETY Wynie\u015b swoj\u0105 piel\u0119gnacj\u0119 sk\u00f3ry z MONAT na zupe\u0142nie nowy poziom, witaj\u0105c dw\u00f3ch NOWYCH uczestnik\u00f3w Rewolucji Zdrowej&nbsp;Sk\u00f3ry. Przedstawiamy C. Radiance\u2122 Serum Roz\u015bwietlaj\u0105ce, kt\u00f3re zawiera&hellip;<\/p>\n","protected":false},"author":31,"featured_media":68450,"parent":0,"menu_order":0,"comment_status":"closed","ping_status":"closed","template":"","meta":{"inline_featured_image":false,"om_disable_all_campaigns":false,"_monsterinsights_skip_tracking":false,"_monsterinsights_sitenote_active":false,"_monsterinsights_sitenote_note":"","_monsterinsights_sitenote_category":0,"footnotes":""},"categories":[39],"tags":[],"class_list":["post-68449","page","type-page","status-publish","has-post-thumbnail","hentry","category-product-pl"],"aioseo_notices":[],"aioseo_head":"\n\t\t<!-- All in One SEO Pro 4.9.5.2 - aioseo.com -->\n\t<meta name=\"description\" content=\"--&gt;\" \/>\n\t<meta name=\"robots\" content=\"max-image-preview:large\" \/>\n\t<link rel=\"canonical\" href=\"https:\/\/monatglobal.com\/pl\/skincare-duo\/\" \/>\n\t<meta name=\"generator\" content=\"All in One SEO Pro (AIOSEO) 4.9.5.2\" \/>\n\t\t<meta property=\"og:locale\" content=\"pl_PL\" \/>\n\t\t<meta property=\"og:site_name\" content=\"MONAT POLAND - MONAT GLOBAL\" \/>\n\t\t<meta property=\"og:type\" content=\"article\" \/>\n\t\t<meta property=\"og:title\" content=\"Duet roz\u015bwietlaj\u0105co-regeneracyjny\" \/>\n\t\t<meta property=\"og:description\" content=\"--&gt;\" \/>\n\t\t<meta property=\"og:url\" content=\"https:\/\/monatglobal.com\/pl\/skincare-duo\/\" \/>\n\t\t<meta property=\"article:published_time\" content=\"2022-03-21T16:00:01+00:00\" \/>\n\t\t<meta property=\"article:modified_time\" content=\"2026-02-19T21:35:30+00:00\" \/>\n\t\t<meta name=\"twitter:card\" content=\"summary_large_image\" \/>\n\t\t<meta name=\"twitter:title\" content=\"Duet roz\u015bwietlaj\u0105co-regeneracyjny\" \/>\n\t\t<meta name=\"twitter:description\" content=\"--&gt;\" \/>\n\t\t<script type=\"application\/ld+json\" class=\"aioseo-schema\">\n\t\t\t{\"@context\":\"https:\\\/\\\/schema.org\",\"@graph\":[{\"@type\":\"BreadcrumbList\",\"@id\":\"https:\\\/\\\/monatglobal.com\\\/pl\\\/skincare-duo\\\/#breadcrumblist\",\"itemListElement\":[{\"@type\":\"ListItem\",\"@id\":\"https:\\\/\\\/monatglobal.com\\\/pl#listItem\",\"position\":1,\"name\":\"Home\",\"item\":\"https:\\\/\\\/monatglobal.com\\\/pl\",\"nextItem\":{\"@type\":\"ListItem\",\"@id\":\"https:\\\/\\\/monatglobal.com\\\/pl\\\/skincare-duo\\\/#listItem\",\"name\":\"Duet roz\\u015bwietlaj\\u0105co-regeneracyjny\"}},{\"@type\":\"ListItem\",\"@id\":\"https:\\\/\\\/monatglobal.com\\\/pl\\\/skincare-duo\\\/#listItem\",\"position\":2,\"name\":\"Duet roz\\u015bwietlaj\\u0105co-regeneracyjny\",\"previousItem\":{\"@type\":\"ListItem\",\"@id\":\"https:\\\/\\\/monatglobal.com\\\/pl#listItem\",\"name\":\"Home\"}}]},{\"@type\":\"Organization\",\"@id\":\"https:\\\/\\\/monatglobal.com\\\/pl\\\/#organization\",\"name\":\"MONAT POLAND\",\"description\":\"MONAT GLOBAL\",\"url\":\"https:\\\/\\\/monatglobal.com\\\/pl\\\/\"},{\"@type\":\"WebPage\",\"@id\":\"https:\\\/\\\/monatglobal.com\\\/pl\\\/skincare-duo\\\/#webpage\",\"url\":\"https:\\\/\\\/monatglobal.com\\\/pl\\\/skincare-duo\\\/\",\"name\":\"Duet roz\\u015bwietlaj\\u0105co-regeneracyjny\",\"description\":\"-->\",\"inLanguage\":\"pl-PL\",\"isPartOf\":{\"@id\":\"https:\\\/\\\/monatglobal.com\\\/pl\\\/#website\"},\"breadcrumb\":{\"@id\":\"https:\\\/\\\/monatglobal.com\\\/pl\\\/skincare-duo\\\/#breadcrumblist\"},\"image\":{\"@type\":\"ImageObject\",\"url\":\"https:\\\/\\\/monatglobal.com\\\/pl\\\/wp-content\\\/uploads\\\/sites\\\/9\\\/2022\\\/03\\\/skincare-duo-ecomm-2022.png\",\"@id\":\"https:\\\/\\\/monatglobal.com\\\/pl\\\/skincare-duo\\\/#mainImage\",\"width\":641,\"height\":800},\"primaryImageOfPage\":{\"@id\":\"https:\\\/\\\/monatglobal.com\\\/pl\\\/skincare-duo\\\/#mainImage\"},\"datePublished\":\"2022-03-21T16:00:01+00:00\",\"dateModified\":\"2026-02-19T21:35:30+00:00\"},{\"@type\":\"WebSite\",\"@id\":\"https:\\\/\\\/monatglobal.com\\\/pl\\\/#website\",\"url\":\"https:\\\/\\\/monatglobal.com\\\/pl\\\/\",\"name\":\"MONAT POLAND\",\"description\":\"MONAT GLOBAL\",\"inLanguage\":\"pl-PL\",\"publisher\":{\"@id\":\"https:\\\/\\\/monatglobal.com\\\/pl\\\/#organization\"}}]}\n\t\t<\/script>\n\t\t<!-- All in One SEO Pro -->\r\n\t\t<title>Duet roz\u015bwietlaj\u0105co-regeneracyjny<\/title>\n\n","aioseo_head_json":{"title":"Duet roz\u015bwietlaj\u0105co-regeneracyjny","description":"-->","canonical_url":"https:\/\/monatglobal.com\/pl\/skincare-duo\/","robots":"max-image-preview:large","keywords":"","webmasterTools":{"miscellaneous":""},"schema":{"@context":"https:\/\/schema.org","@graph":[{"@type":"BreadcrumbList","@id":"https:\/\/monatglobal.com\/pl\/skincare-duo\/#breadcrumblist","itemListElement":[{"@type":"ListItem","@id":"https:\/\/monatglobal.com\/pl#listItem","position":1,"name":"Home","item":"https:\/\/monatglobal.com\/pl","nextItem":{"@type":"ListItem","@id":"https:\/\/monatglobal.com\/pl\/skincare-duo\/#listItem","name":"Duet roz\u015bwietlaj\u0105co-regeneracyjny"}},{"@type":"ListItem","@id":"https:\/\/monatglobal.com\/pl\/skincare-duo\/#listItem","position":2,"name":"Duet roz\u015bwietlaj\u0105co-regeneracyjny","previousItem":{"@type":"ListItem","@id":"https:\/\/monatglobal.com\/pl#listItem","name":"Home"}}]},{"@type":"Organization","@id":"https:\/\/monatglobal.com\/pl\/#organization","name":"MONAT POLAND","description":"MONAT GLOBAL","url":"https:\/\/monatglobal.com\/pl\/"},{"@type":"WebPage","@id":"https:\/\/monatglobal.com\/pl\/skincare-duo\/#webpage","url":"https:\/\/monatglobal.com\/pl\/skincare-duo\/","name":"Duet roz\u015bwietlaj\u0105co-regeneracyjny","description":"-->","inLanguage":"pl-PL","isPartOf":{"@id":"https:\/\/monatglobal.com\/pl\/#website"},"breadcrumb":{"@id":"https:\/\/monatglobal.com\/pl\/skincare-duo\/#breadcrumblist"},"image":{"@type":"ImageObject","url":"https:\/\/monatglobal.com\/pl\/wp-content\/uploads\/sites\/9\/2022\/03\/skincare-duo-ecomm-2022.png","@id":"https:\/\/monatglobal.com\/pl\/skincare-duo\/#mainImage","width":641,"height":800},"primaryImageOfPage":{"@id":"https:\/\/monatglobal.com\/pl\/skincare-duo\/#mainImage"},"datePublished":"2022-03-21T16:00:01+00:00","dateModified":"2026-02-19T21:35:30+00:00"},{"@type":"WebSite","@id":"https:\/\/monatglobal.com\/pl\/#website","url":"https:\/\/monatglobal.com\/pl\/","name":"MONAT POLAND","description":"MONAT GLOBAL","inLanguage":"pl-PL","publisher":{"@id":"https:\/\/monatglobal.com\/pl\/#organization"}}]},"og:locale":"pl_PL","og:site_name":"MONAT POLAND - MONAT GLOBAL","og:type":"article","og:title":"Duet roz\u015bwietlaj\u0105co-regeneracyjny","og:description":"--&gt;","og:url":"https:\/\/monatglobal.com\/pl\/skincare-duo\/","article:published_time":"2022-03-21T16:00:01+00:00","article:modified_time":"2026-02-19T21:35:30+00:00","twitter:card":"summary_large_image","twitter:title":"Duet roz\u015bwietlaj\u0105co-regeneracyjny","twitter:description":"--&gt;"},"aioseo_meta_data":{"post_id":"68449","title":"Duet roz\u015bwietlaj\u0105co-regeneracyjny","description":null,"keywords":null,"keyphrases":{"focus":{"keyphrase":"","score":0,"analysis":{"keyphraseInTitle":{"score":0,"maxScore":9,"error":1}}},"additional":[]},"primary_term":null,"canonical_url":null,"og_title":null,"og_description":null,"og_object_type":"default","og_image_type":"default","og_image_url":null,"og_image_width":null,"og_image_height":null,"og_image_custom_url":null,"og_image_custom_fields":null,"og_video":"","og_custom_url":null,"og_article_section":null,"og_article_tags":null,"twitter_use_og":false,"twitter_card":"default","twitter_image_type":"default","twitter_image_url":null,"twitter_image_custom_url":null,"twitter_image_custom_fields":null,"twitter_title":null,"twitter_description":null,"schema":{"blockGraphs":[],"customGraphs":[],"default":{"data":{"Article":[],"Course":[],"Dataset":[],"FAQPage":[],"Movie":[],"Person":[],"Product":[],"ProductReview":[],"Car":[],"Recipe":[],"Service":[],"SoftwareApplication":[],"WebPage":[]},"graphName":"WebPage","isEnabled":true},"graphs":[]},"schema_type":"default","schema_type_options":null,"pillar_content":false,"robots_default":true,"robots_noindex":false,"robots_noarchive":false,"robots_nosnippet":false,"robots_nofollow":false,"robots_noimageindex":false,"robots_noodp":false,"robots_notranslate":false,"robots_max_snippet":"-1","robots_max_videopreview":"-1","robots_max_imagepreview":"large","priority":null,"frequency":"default","local_seo":null,"seo_analyzer_scan_date":"2026-02-19 21:37:11","limit_modified_date":false,"reviewed_by":"0","open_ai":null,"ai":{"faqs":[],"keyPoints":[],"titles":[],"descriptions":[],"socialPosts":{"email":[],"linkedin":[],"twitter":[],"facebook":[],"instagram":[]}},"created":"2023-07-26 10:05:30","updated":"2026-02-19 21:44:17"},"aioseo_breadcrumb":"<div class=\"aioseo-breadcrumbs\"><span class=\"aioseo-breadcrumb\">\n\t<a href=\"https:\/\/monatglobal.com\/pl\" title=\"Home\">Home<\/a>\n<\/span><span class=\"aioseo-breadcrumb-separator\">&raquo;<\/span><span class=\"aioseo-breadcrumb\">\n\tDuet roz\u015bwietlaj\u0105co-regeneracyjny\n<\/span><\/div>","aioseo_breadcrumb_json":[{"label":"Home","link":"https:\/\/monatglobal.com\/pl"},{"label":"Duet roz\u015bwietlaj\u0105co-regeneracyjny","link":"https:\/\/monatglobal.com\/pl\/skincare-duo\/"}],"_links":{"self":[{"href":"https:\/\/monatglobal.com\/pl\/wp-json\/wp\/v2\/pages\/68449","targetHints":{"allow":["GET"]}}],"collection":[{"href":"https:\/\/monatglobal.com\/pl\/wp-json\/wp\/v2\/pages"}],"about":[{"href":"https:\/\/monatglobal.com\/pl\/wp-json\/wp\/v2\/types\/page"}],"author":[{"embeddable":true,"href":"https:\/\/monatglobal.com\/pl\/wp-json\/wp\/v2\/users\/31"}],"replies":[{"embeddable":true,"href":"https:\/\/monatglobal.com\/pl\/wp-json\/wp\/v2\/comments?post=68449"}],"version-history":[{"count":34,"href":"https:\/\/monatglobal.com\/pl\/wp-json\/wp\/v2\/pages\/68449\/revisions"}],"predecessor-version":[{"id":109345,"href":"https:\/\/monatglobal.com\/pl\/wp-json\/wp\/v2\/pages\/68449\/revisions\/109345"}],"wp:featuredmedia":[{"embeddable":true,"href":"https:\/\/monatglobal.com\/pl\/wp-json\/wp\/v2\/media\/68450"}],"wp:attachment":[{"href":"https:\/\/monatglobal.com\/pl\/wp-json\/wp\/v2\/media?parent=68449"}],"wp:term":[{"taxonomy":"category","embeddable":true,"href":"https:\/\/monatglobal.com\/pl\/wp-json\/wp\/v2\/categories?post=68449"},{"taxonomy":"post_tag","embeddable":true,"href":"https:\/\/monatglobal.com\/pl\/wp-json\/wp\/v2\/tags?post=68449"}],"curies":[{"name":"wp","href":"https:\/\/api.w.org\/{rel}","templated":true}]}}