{"id":68323,"date":"2022-03-01T13:52:37","date_gmt":"2022-03-01T13:52:37","guid":{"rendered":"http:\/\/monatglobal.com\/pl\/?page_id=68323"},"modified":"2023-01-24T20:32:44","modified_gmt":"2023-01-24T20:32:44","slug":"photo-guidelines","status":"publish","type":"page","link":"https:\/\/monatglobal.com\/pl\/photo-guidelines\/","title":{"rendered":"Instrukcje dotycz\u0105ce zdj\u0119\u0107 oraz wypowiedzi \u201eprzed i po\u201d"},"content":{"rendered":"\n<img decoding=\"async\" src=\"https:\/\/monatglobal.com\/wp-content\/uploads\/2020\/08\/MONAT-Logos-grey-2_03.png\" alt=\"\">\n\t<p>Instrukcje dotycz\u0105ce zdj\u0119\u0107 oraz wypowiedzi \u201eprzed i&nbsp;po&#8221;<\/p>\nWszystkie wypowiedzi oraz zdj\u0119cia \u201eprzed i&nbsp;po&#8221; musz\u0105 by\u0107 zgodne z&nbsp;prawd\u0105 oraz zgadza\u0107 si\u0119 z&nbsp;informacjami \nprzedstawionymi w&nbsp;opisie produkt\u00f3w MONAT.  Aby opublikowa\u0107 zdj\u0119cia \u201eprzed i&nbsp;po&#8221; Market Partnerzy musz\u0105 \nwykona\u0107 nast\u0119puj\u0105ce&nbsp;kroki: \n<ol>\n    <li>Przedstawi\u0107 osob\u0119 na zdj\u0119ciu i&nbsp;napisa\u0107, czy osoba jest krewnym lub bliskim cz\u0142onkiem rodziny Market&nbsp;Partnera.<\/li>\n    <li>Pokaza\u0107 prawdziwe&nbsp;rezultaty.<\/li>\n    <li>Jasno zaznaczy\u0107, jak cz\u0119sto i&nbsp;przez jaki okres produkty MONAT by\u0142y u\u017cywane (je\u015bli nie zosta\u0142o to zaznaczone \n    w&nbsp;materia\u0142ach Korporacji) i&nbsp;czy inne produkty r\u00f3wnie\u017c pomog\u0142y w&nbsp;osi\u0105gni\u0119ciu widocznych&nbsp;efekt\u00f3w.<\/li>\n    <li>Wyra\u017anie zaznaczy\u0107 nazw\u0119 u\u017cytych produkt\u00f3w&nbsp;MONAT.<\/li>\n    <li>Zdj\u0119cia \u201eprzed i&nbsp;po&#8221; musz\u0105 zosta\u0107 zrobione w&nbsp;takich samych warunkach. Nie zezwala si\u0119 na przerabianie \n    i&nbsp;edytowanie zdj\u0119\u0107 oraz u\u017cywanie&nbsp;filtr\u00f3w.<\/li>\n    <li>Oba zdj\u0119cia musz\u0105 przedstawia\u0107 t\u0119 sam\u0105&nbsp;osob\u0119.<\/li>\n    <li>Przy pokazywaniu efekt\u00f3w piel\u0119gnacji sk\u00f3ry mo\u017cna mie\u0107 na\u0142o\u017cony makija\u017c, je\u015bli nie zmienia on&nbsp;rezultat\u00f3w.<\/li>\n    <li>Market Partnerzy nie mog\u0105 u\u017cywa\u0107 zdj\u0119\u0107 stockowych do reklamowania, sprzedawania lub oferowania sprzeda\u017cy produkt\u00f3w&nbsp;MONAT.<\/li>\n    <li>Market Partner musi umie\u0107 wyja\u015bni\u0107, jak ka\u017cdy post zosta\u0142 stworzony i&nbsp;opublikowany.<\/li>\n<\/ol>\n","protected":false},"excerpt":{"rendered":"<p>Instrukcje dotycz\u0105ce zdj\u0119\u0107 oraz wypowiedzi \u201eprzed i&nbsp;po&#8221; Wszystkie wypowiedzi oraz zdj\u0119cia \u201eprzed i&nbsp;po&#8221; musz\u0105 by\u0107 zgodne z&nbsp;prawd\u0105 oraz zgadza\u0107 si\u0119 z&nbsp;informacjami przedstawionymi w&nbsp;opisie produkt\u00f3w MONAT. Aby opublikowa\u0107 zdj\u0119cia \u201eprzed i&nbsp;po&#8221; Market Partnerzy musz\u0105 wykona\u0107 nast\u0119puj\u0105ce&nbsp;kroki: Przedstawi\u0107 osob\u0119 na zdj\u0119ciu i&nbsp;napisa\u0107, czy osoba jest krewnym lub bliskim cz\u0142onkiem rodziny Market&nbsp;Partnera. Pokaza\u0107 prawdziwe&nbsp;rezultaty. Jasno zaznaczy\u0107, jak cz\u0119sto&hellip;<\/p>\n","protected":false},"author":31,"featured_media":0,"parent":0,"menu_order":0,"comment_status":"closed","ping_status":"closed","template":"","meta":{"inline_featured_image":false,"om_disable_all_campaigns":false,"_monsterinsights_skip_tracking":false,"_monsterinsights_sitenote_active":false,"_monsterinsights_sitenote_note":"","_monsterinsights_sitenote_category":0,"footnotes":""},"categories":[],"tags":[],"class_list":["post-68323","page","type-page","status-publish","hentry"],"aioseo_notices":[],"aioseo_head":"\n\t\t<!-- All in One SEO Pro 4.9.6 - aioseo.com -->\n\t<meta name=\"description\" content=\"Instrukcje dotycz\u0105ce zdj\u0119\u0107 oraz wypowiedzi \u201eprzed i po&quot; Wszystkie wypowiedzi oraz zdj\u0119cia \u201eprzed i po&quot; musz\u0105 by\u0107 zgodne z prawd\u0105 oraz zgadza\u0107 si\u0119 z informacjami przedstawionymi w opisie produkt\u00f3w MONAT. Aby opublikowa\u0107 zdj\u0119cia \u201eprzed i po&quot; Market Partnerzy musz\u0105 wykona\u0107 nast\u0119puj\u0105ce kroki: Przedstawi\u0107 osob\u0119 na zdj\u0119ciu i napisa\u0107, czy osoba jest krewnym lub bliskim cz\u0142onkiem rodziny Market Partnera. Pokaza\u0107 prawdziwe rezultaty. Jasno zaznaczy\u0107, jak cz\u0119sto\" \/>\n\t<meta name=\"robots\" content=\"max-image-preview:large\" \/>\n\t<link rel=\"canonical\" href=\"https:\/\/monatglobal.com\/pl\/photo-guidelines\/\" \/>\n\t<meta name=\"generator\" content=\"All in One SEO Pro (AIOSEO) 4.9.6\" \/>\n\t\t<meta property=\"og:locale\" content=\"pl_PL\" \/>\n\t\t<meta property=\"og:site_name\" content=\"MONAT POLAND - MONAT GLOBAL\" \/>\n\t\t<meta property=\"og:type\" content=\"article\" \/>\n\t\t<meta property=\"og:title\" content=\"Instrukcje dotycz\u0105ce zdj\u0119\u0107 oraz wypowiedzi \u201eprzed i po\u201d - MONAT POLAND\" \/>\n\t\t<meta property=\"og:description\" content=\"Instrukcje dotycz\u0105ce zdj\u0119\u0107 oraz wypowiedzi \u201eprzed i po&quot; Wszystkie wypowiedzi oraz zdj\u0119cia \u201eprzed i po&quot; musz\u0105 by\u0107 zgodne z prawd\u0105 oraz zgadza\u0107 si\u0119 z informacjami przedstawionymi w opisie produkt\u00f3w MONAT. Aby opublikowa\u0107 zdj\u0119cia \u201eprzed i po&quot; Market Partnerzy musz\u0105 wykona\u0107 nast\u0119puj\u0105ce kroki: Przedstawi\u0107 osob\u0119 na zdj\u0119ciu i napisa\u0107, czy osoba jest krewnym lub bliskim cz\u0142onkiem rodziny Market Partnera. Pokaza\u0107 prawdziwe rezultaty. Jasno zaznaczy\u0107, jak cz\u0119sto\" \/>\n\t\t<meta property=\"og:url\" content=\"https:\/\/monatglobal.com\/pl\/photo-guidelines\/\" \/>\n\t\t<meta property=\"article:published_time\" content=\"2022-03-01T13:52:37+00:00\" \/>\n\t\t<meta property=\"article:modified_time\" content=\"2023-01-24T20:32:44+00:00\" \/>\n\t\t<meta name=\"twitter:card\" content=\"summary_large_image\" \/>\n\t\t<meta name=\"twitter:title\" content=\"Instrukcje dotycz\u0105ce zdj\u0119\u0107 oraz wypowiedzi \u201eprzed i po\u201d - MONAT POLAND\" \/>\n\t\t<meta name=\"twitter:description\" content=\"Instrukcje dotycz\u0105ce zdj\u0119\u0107 oraz wypowiedzi \u201eprzed i po&quot; Wszystkie wypowiedzi oraz zdj\u0119cia \u201eprzed i po&quot; musz\u0105 by\u0107 zgodne z prawd\u0105 oraz zgadza\u0107 si\u0119 z informacjami przedstawionymi w opisie produkt\u00f3w MONAT. Aby opublikowa\u0107 zdj\u0119cia \u201eprzed i po&quot; Market Partnerzy musz\u0105 wykona\u0107 nast\u0119puj\u0105ce kroki: Przedstawi\u0107 osob\u0119 na zdj\u0119ciu i napisa\u0107, czy osoba jest krewnym lub bliskim cz\u0142onkiem rodziny Market Partnera. Pokaza\u0107 prawdziwe rezultaty. Jasno zaznaczy\u0107, jak cz\u0119sto\" \/>\n\t\t<script type=\"application\/ld+json\" class=\"aioseo-schema\">\n\t\t\t{\"@context\":\"https:\\\/\\\/schema.org\",\"@graph\":[{\"@type\":\"BreadcrumbList\",\"@id\":\"https:\\\/\\\/monatglobal.com\\\/pl\\\/photo-guidelines\\\/#breadcrumblist\",\"itemListElement\":[{\"@type\":\"ListItem\",\"@id\":\"https:\\\/\\\/monatglobal.com\\\/pl#listItem\",\"position\":1,\"name\":\"Home\",\"item\":\"https:\\\/\\\/monatglobal.com\\\/pl\",\"nextItem\":{\"@type\":\"ListItem\",\"@id\":\"https:\\\/\\\/monatglobal.com\\\/pl\\\/photo-guidelines\\\/#listItem\",\"name\":\"Instrukcje dotycz\\u0105ce zdj\\u0119\\u0107 oraz wypowiedzi \\u201eprzed i po\\u201d\"}},{\"@type\":\"ListItem\",\"@id\":\"https:\\\/\\\/monatglobal.com\\\/pl\\\/photo-guidelines\\\/#listItem\",\"position\":2,\"name\":\"Instrukcje dotycz\\u0105ce zdj\\u0119\\u0107 oraz wypowiedzi \\u201eprzed i po\\u201d\",\"previousItem\":{\"@type\":\"ListItem\",\"@id\":\"https:\\\/\\\/monatglobal.com\\\/pl#listItem\",\"name\":\"Home\"}}]},{\"@type\":\"Organization\",\"@id\":\"https:\\\/\\\/monatglobal.com\\\/pl\\\/#organization\",\"name\":\"MONAT POLAND\",\"description\":\"MONAT GLOBAL\",\"url\":\"https:\\\/\\\/monatglobal.com\\\/pl\\\/\"},{\"@type\":\"WebPage\",\"@id\":\"https:\\\/\\\/monatglobal.com\\\/pl\\\/photo-guidelines\\\/#webpage\",\"url\":\"https:\\\/\\\/monatglobal.com\\\/pl\\\/photo-guidelines\\\/\",\"name\":\"Instrukcje dotycz\\u0105ce zdj\\u0119\\u0107 oraz wypowiedzi \\u201eprzed i po\\u201d - MONAT POLAND\",\"description\":\"Instrukcje dotycz\\u0105ce zdj\\u0119\\u0107 oraz wypowiedzi \\u201eprzed i po\\\" Wszystkie wypowiedzi oraz zdj\\u0119cia \\u201eprzed i po\\\" musz\\u0105 by\\u0107 zgodne z prawd\\u0105 oraz zgadza\\u0107 si\\u0119 z informacjami przedstawionymi w opisie produkt\\u00f3w MONAT. Aby opublikowa\\u0107 zdj\\u0119cia \\u201eprzed i po\\\" Market Partnerzy musz\\u0105 wykona\\u0107 nast\\u0119puj\\u0105ce kroki: Przedstawi\\u0107 osob\\u0119 na zdj\\u0119ciu i napisa\\u0107, czy osoba jest krewnym lub bliskim cz\\u0142onkiem rodziny Market Partnera. Pokaza\\u0107 prawdziwe rezultaty. Jasno zaznaczy\\u0107, jak cz\\u0119sto\",\"inLanguage\":\"pl-PL\",\"isPartOf\":{\"@id\":\"https:\\\/\\\/monatglobal.com\\\/pl\\\/#website\"},\"breadcrumb\":{\"@id\":\"https:\\\/\\\/monatglobal.com\\\/pl\\\/photo-guidelines\\\/#breadcrumblist\"},\"datePublished\":\"2022-03-01T13:52:37+00:00\",\"dateModified\":\"2023-01-24T20:32:44+00:00\"},{\"@type\":\"WebSite\",\"@id\":\"https:\\\/\\\/monatglobal.com\\\/pl\\\/#website\",\"url\":\"https:\\\/\\\/monatglobal.com\\\/pl\\\/\",\"name\":\"MONAT POLAND\",\"description\":\"MONAT GLOBAL\",\"inLanguage\":\"pl-PL\",\"publisher\":{\"@id\":\"https:\\\/\\\/monatglobal.com\\\/pl\\\/#organization\"}}]}\n\t\t<\/script>\n\t\t<!-- All in One SEO Pro -->\r\n\t\t<title>Instrukcje dotycz\u0105ce zdj\u0119\u0107 oraz wypowiedzi \u201eprzed i po\u201d - MONAT POLAND<\/title>\n\n","aioseo_head_json":{"title":"Instrukcje dotycz\u0105ce zdj\u0119\u0107 oraz wypowiedzi \u201eprzed i po\u201d - MONAT POLAND","description":"Instrukcje dotycz\u0105ce zdj\u0119\u0107 oraz wypowiedzi \u201eprzed i po\" Wszystkie wypowiedzi oraz zdj\u0119cia \u201eprzed i po\" musz\u0105 by\u0107 zgodne z prawd\u0105 oraz zgadza\u0107 si\u0119 z informacjami przedstawionymi w opisie produkt\u00f3w MONAT. Aby opublikowa\u0107 zdj\u0119cia \u201eprzed i po\" Market Partnerzy musz\u0105 wykona\u0107 nast\u0119puj\u0105ce kroki: Przedstawi\u0107 osob\u0119 na zdj\u0119ciu i napisa\u0107, czy osoba jest krewnym lub bliskim cz\u0142onkiem rodziny Market Partnera. Pokaza\u0107 prawdziwe rezultaty. Jasno zaznaczy\u0107, jak cz\u0119sto","canonical_url":"https:\/\/monatglobal.com\/pl\/photo-guidelines\/","robots":"max-image-preview:large","keywords":"","webmasterTools":{"miscellaneous":""},"schema":{"@context":"https:\/\/schema.org","@graph":[{"@type":"BreadcrumbList","@id":"https:\/\/monatglobal.com\/pl\/photo-guidelines\/#breadcrumblist","itemListElement":[{"@type":"ListItem","@id":"https:\/\/monatglobal.com\/pl#listItem","position":1,"name":"Home","item":"https:\/\/monatglobal.com\/pl","nextItem":{"@type":"ListItem","@id":"https:\/\/monatglobal.com\/pl\/photo-guidelines\/#listItem","name":"Instrukcje dotycz\u0105ce zdj\u0119\u0107 oraz wypowiedzi \u201eprzed i po\u201d"}},{"@type":"ListItem","@id":"https:\/\/monatglobal.com\/pl\/photo-guidelines\/#listItem","position":2,"name":"Instrukcje dotycz\u0105ce zdj\u0119\u0107 oraz wypowiedzi \u201eprzed i po\u201d","previousItem":{"@type":"ListItem","@id":"https:\/\/monatglobal.com\/pl#listItem","name":"Home"}}]},{"@type":"Organization","@id":"https:\/\/monatglobal.com\/pl\/#organization","name":"MONAT POLAND","description":"MONAT GLOBAL","url":"https:\/\/monatglobal.com\/pl\/"},{"@type":"WebPage","@id":"https:\/\/monatglobal.com\/pl\/photo-guidelines\/#webpage","url":"https:\/\/monatglobal.com\/pl\/photo-guidelines\/","name":"Instrukcje dotycz\u0105ce zdj\u0119\u0107 oraz wypowiedzi \u201eprzed i po\u201d - MONAT POLAND","description":"Instrukcje dotycz\u0105ce zdj\u0119\u0107 oraz wypowiedzi \u201eprzed i po\" Wszystkie wypowiedzi oraz zdj\u0119cia \u201eprzed i po\" musz\u0105 by\u0107 zgodne z prawd\u0105 oraz zgadza\u0107 si\u0119 z informacjami przedstawionymi w opisie produkt\u00f3w MONAT. Aby opublikowa\u0107 zdj\u0119cia \u201eprzed i po\" Market Partnerzy musz\u0105 wykona\u0107 nast\u0119puj\u0105ce kroki: Przedstawi\u0107 osob\u0119 na zdj\u0119ciu i napisa\u0107, czy osoba jest krewnym lub bliskim cz\u0142onkiem rodziny Market Partnera. Pokaza\u0107 prawdziwe rezultaty. Jasno zaznaczy\u0107, jak cz\u0119sto","inLanguage":"pl-PL","isPartOf":{"@id":"https:\/\/monatglobal.com\/pl\/#website"},"breadcrumb":{"@id":"https:\/\/monatglobal.com\/pl\/photo-guidelines\/#breadcrumblist"},"datePublished":"2022-03-01T13:52:37+00:00","dateModified":"2023-01-24T20:32:44+00:00"},{"@type":"WebSite","@id":"https:\/\/monatglobal.com\/pl\/#website","url":"https:\/\/monatglobal.com\/pl\/","name":"MONAT POLAND","description":"MONAT GLOBAL","inLanguage":"pl-PL","publisher":{"@id":"https:\/\/monatglobal.com\/pl\/#organization"}}]},"og:locale":"pl_PL","og:site_name":"MONAT POLAND - MONAT GLOBAL","og:type":"article","og:title":"Instrukcje dotycz\u0105ce zdj\u0119\u0107 oraz wypowiedzi \u201eprzed i po\u201d - MONAT POLAND","og:description":"Instrukcje dotycz\u0105ce zdj\u0119\u0107 oraz wypowiedzi \u201eprzed i po&quot; Wszystkie wypowiedzi oraz zdj\u0119cia \u201eprzed i po&quot; musz\u0105 by\u0107 zgodne z prawd\u0105 oraz zgadza\u0107 si\u0119 z informacjami przedstawionymi w opisie produkt\u00f3w MONAT. Aby opublikowa\u0107 zdj\u0119cia \u201eprzed i po&quot; Market Partnerzy musz\u0105 wykona\u0107 nast\u0119puj\u0105ce kroki: Przedstawi\u0107 osob\u0119 na zdj\u0119ciu i napisa\u0107, czy osoba jest krewnym lub bliskim cz\u0142onkiem rodziny Market Partnera. Pokaza\u0107 prawdziwe rezultaty. Jasno zaznaczy\u0107, jak cz\u0119sto","og:url":"https:\/\/monatglobal.com\/pl\/photo-guidelines\/","article:published_time":"2022-03-01T13:52:37+00:00","article:modified_time":"2023-01-24T20:32:44+00:00","twitter:card":"summary_large_image","twitter:title":"Instrukcje dotycz\u0105ce zdj\u0119\u0107 oraz wypowiedzi \u201eprzed i po\u201d - MONAT POLAND","twitter:description":"Instrukcje dotycz\u0105ce zdj\u0119\u0107 oraz wypowiedzi \u201eprzed i po&quot; Wszystkie wypowiedzi oraz zdj\u0119cia \u201eprzed i po&quot; musz\u0105 by\u0107 zgodne z prawd\u0105 oraz zgadza\u0107 si\u0119 z informacjami przedstawionymi w opisie produkt\u00f3w MONAT. Aby opublikowa\u0107 zdj\u0119cia \u201eprzed i po&quot; Market Partnerzy musz\u0105 wykona\u0107 nast\u0119puj\u0105ce kroki: Przedstawi\u0107 osob\u0119 na zdj\u0119ciu i napisa\u0107, czy osoba jest krewnym lub bliskim cz\u0142onkiem rodziny Market Partnera. Pokaza\u0107 prawdziwe rezultaty. Jasno zaznaczy\u0107, jak cz\u0119sto"},"aioseo_meta_data":{"post_id":"68323","title":null,"description":null,"keywords":null,"keyphrases":null,"primary_term":null,"canonical_url":null,"og_title":null,"og_description":null,"og_object_type":"default","og_image_type":"default","og_image_url":null,"og_image_width":null,"og_image_height":null,"og_image_custom_url":null,"og_image_custom_fields":null,"og_video":null,"og_custom_url":null,"og_article_section":null,"og_article_tags":null,"twitter_use_og":false,"twitter_card":"default","twitter_image_type":"default","twitter_image_url":null,"twitter_image_custom_url":null,"twitter_image_custom_fields":null,"twitter_title":null,"twitter_description":null,"schema":{"blockGraphs":[],"customGraphs":[],"default":{"data":{"Article":[],"Course":[],"Dataset":[],"FAQPage":[],"Movie":[],"Person":[],"Product":[],"ProductReview":[],"Car":[],"Recipe":[],"Service":[],"SoftwareApplication":[],"WebPage":[]},"graphName":"","isEnabled":true},"graphs":[]},"schema_type":"default","schema_type_options":null,"pillar_content":false,"robots_default":true,"robots_noindex":false,"robots_noarchive":false,"robots_nosnippet":false,"robots_nofollow":false,"robots_noimageindex":false,"robots_noodp":false,"robots_notranslate":false,"robots_max_snippet":null,"robots_max_videopreview":null,"robots_max_imagepreview":"large","priority":null,"frequency":null,"local_seo":null,"seo_analyzer_scan_date":"2025-08-15 05:07:44","limit_modified_date":false,"reviewed_by":null,"open_ai":null,"ai":null,"created":"2023-07-26 10:03:17","updated":"2025-08-15 05:07:44"},"aioseo_breadcrumb":"<div class=\"aioseo-breadcrumbs\"><span class=\"aioseo-breadcrumb\">\n\t<a href=\"https:\/\/monatglobal.com\/pl\" title=\"Home\">Home<\/a>\n<\/span><span class=\"aioseo-breadcrumb-separator\">&raquo;<\/span><span class=\"aioseo-breadcrumb\">\n\tInstrukcje dotycz\u0105ce zdj\u0119\u0107 oraz wypowiedzi \u201eprzed i po\u201d\n<\/span><\/div>","aioseo_breadcrumb_json":[{"label":"Home","link":"https:\/\/monatglobal.com\/pl"},{"label":"Instrukcje dotycz\u0105ce zdj\u0119\u0107 oraz wypowiedzi \u201eprzed i po\u201d","link":"https:\/\/monatglobal.com\/pl\/photo-guidelines\/"}],"_links":{"self":[{"href":"https:\/\/monatglobal.com\/pl\/wp-json\/wp\/v2\/pages\/68323","targetHints":{"allow":["GET"]}}],"collection":[{"href":"https:\/\/monatglobal.com\/pl\/wp-json\/wp\/v2\/pages"}],"about":[{"href":"https:\/\/monatglobal.com\/pl\/wp-json\/wp\/v2\/types\/page"}],"author":[{"embeddable":true,"href":"https:\/\/monatglobal.com\/pl\/wp-json\/wp\/v2\/users\/31"}],"replies":[{"embeddable":true,"href":"https:\/\/monatglobal.com\/pl\/wp-json\/wp\/v2\/comments?post=68323"}],"version-history":[{"count":1,"href":"https:\/\/monatglobal.com\/pl\/wp-json\/wp\/v2\/pages\/68323\/revisions"}],"predecessor-version":[{"id":72392,"href":"https:\/\/monatglobal.com\/pl\/wp-json\/wp\/v2\/pages\/68323\/revisions\/72392"}],"wp:attachment":[{"href":"https:\/\/monatglobal.com\/pl\/wp-json\/wp\/v2\/media?parent=68323"}],"wp:term":[{"taxonomy":"category","embeddable":true,"href":"https:\/\/monatglobal.com\/pl\/wp-json\/wp\/v2\/categories?post=68323"},{"taxonomy":"post_tag","embeddable":true,"href":"https:\/\/monatglobal.com\/pl\/wp-json\/wp\/v2\/tags?post=68323"}],"curies":[{"name":"wp","href":"https:\/\/api.w.org\/{rel}","templated":true}]}}