{"id":67819,"date":"2022-06-06T09:11:41","date_gmt":"2022-06-06T08:11:41","guid":{"rendered":"http:\/\/monatglobal.com\/pl\/?page_id=67819"},"modified":"2025-03-26T14:42:59","modified_gmt":"2025-03-26T14:42:59","slug":"men-styling-clay","status":"publish","type":"page","link":"https:\/\/monatglobal.com\/pl\/men-styling-clay\/","title":{"rendered":"MONAT FOR MEN\u2122 Matowa Glinka Do Stylizacji"},"content":{"rendered":"\n\n\t<link rel=\"stylesheet\" href=\"https:\/\/unpkg.com\/swiper\/swiper-bundle.min.css\" \/>\n<link rel=\"stylesheet\" href=\"https:\/\/monatglobal.com\/wp-content\/creative_css\/product_styles_sheet.css\" \/>\n   <!--==================================================== ECOMM SECTION ====================================================-->\n      <!--==================================================== Ecomm image ====================================================-->\n           \n      <source media=\"(max-width: 700px)\" srcset=\"https:\/\/monatglobal.com\/wp-content\/uploads\/2022\/02\/MONAT-FOR-MEN-Matte-Styling-Clay-ecomm-2022_mobile.png\" loading=\"lazy\"\/>\n      <img decoding=\"async\" src=\"https:\/\/monatglobal.com\/wp-content\/uploads\/2022\/02\/MONAT-FOR-MEN-Matte-Styling-Clay-ecomm-2022.png\" alt=\"MONAT FOR MEN\u2122 Matowa Glinka Do Stylizacji\" loading=\"lazy\"\/>\n         \n      <!--==================================================== Ecomm information  ====================================================-->\n         <p>MONAT FOR MEN\u2122<\/p>\n         <h1>Matowa Glinka<br \/> Do Stylizacji <\/h1>\n         \n         Pasta modeluj\u0105ca na bazie wody i&nbsp;glinki nadaje fryzurom odpowiedni\u0105 \n         tekstur\u0119 i&nbsp;sprawia, \u017ce w\u0142osy wygl\u0105daj\u0105 na&nbsp;g\u0119\u015bciejsze. \n         <p>45 ml \u212e 1.52 fl. oz.<\/p>\n       <!--==================================================== pricing box ====================================================-->\n               <p>Cena Detaliczna<br \/>170.00 z\u0142<\/p>\n               <p>Klient VIP<br \/>145.00 z\u0142<\/p>\n       <!--==================================================== pricing box ====================================================-->  \n         Aby dowiedzie\u0107 si\u0119 wi\u0119cej na temat produktu \n             MONAT FOR MEN\u2122 Matowa Glinka Do Stylizacji  prosimy skontaktowa\u0107 si\u0119 ze swoim Market Partnerem&nbsp;MONAT.\n            <a href=\"https:\/\/corp.mymonat.com\/shop\/products\/monat-for-men-matte-styling-clay-6000001969?taxon_id=30\/?globallanguage=pl&#038;globalmarket=pl\" target=\"_blank\" aria-label=\"Go to MONAT FOR MEN\u2122 Matowa Glinka Do Stylizacji shop\" rel=\"noopener\">KUP TERAZ<\/a>\n            <a>WYPRZEDANE<\/a>\n   <!--==================================================== \/ECOMM SECTION  ====================================================-->\n   <!--==================================================== Benefits image ====================================================-->\n   \n      <source media=\"(max-width: 700px)\" srcset=\"https:\/\/monatglobal.com\/wp-content\/uploads\/2022\/01\/matte-styling-clay_mobile.jpg\" loading=\"lazy\"\/>\n      <img decoding=\"async\" alt=\"Closeup of a woman's hands applying MONAT's Silky &#038; Soothing Hand Cream over a light peach background.\" \n      src=\"https:\/\/monatglobal.com\/wp-content\/uploads\/2022\/01\/Matte-Styling-Clay-benefits.jpg\" loading=\"lazy\"\/>\n   \n   <!--==================================================== Benefits text ====================================================-->\n         <h2>ZALETY<\/h2>\n         <h3>Odkryj Matow\u0105 Glink\u0119 Do Stylizacji z&nbsp;serii MONAT FOR MEN\u2122, \n         kt\u00f3ra zapewni kontrol\u0119 nad puszeniem si\u0119 w\u0142os\u00f3w oraz utrwalenie przez ca\u0142y&nbsp;dzie\u0144.<\/h3>\n          Idealna dla os\u00f3b poszukuj\u0105cych produktu, kt\u00f3ry sprawi, \u017ce w\u0142osy b\u0119d\u0105 wygl\u0105da\u0107 na g\u0119stsze. Ta \n         pasta modeluj\u0105ca nada Twojej fryzurze odpowiedni kszta\u0142t, tekstur\u0119 i&nbsp;zapewni nienaganny styl. Produkt mo\u017cna \n         nak\u0142ada\u0107 na suche lub wilgotne&nbsp;w\u0142osy.\n         <!--==================================================== features image  ====================================================-->\n         <img decoding=\"async\" alt=\"MONAT's Silky &#038; Soothing Hand Cream lays centered over a solid peach color background exhibiting its main ingredients such \n         as coconut &#038; oils ornamenting the main product. \" src=\"https:\/\/monatglobal.com\/wp-content\/uploads\/2022\/01\/Matte-Styling-Clay-features.jpg\" loading=\"lazy\"\/>\n      <!--==================================================== features text ====================================================-->\n            <h3>Modeluj\u0105ca glinka do stylizacji o&nbsp;\u015brednim\/mocnym utrwaleniu.<\/h3>\n               <p>\/ Formuj\u0105ca pasta do stylizacji wzbogacona o&nbsp;mas\u0142o shea, aby zapewni\u0107 w\u0142osom&nbsp;nawil\u017cenie<\/p>\n               <p>\/ Humektant pochodzenia naturalnego pomaga stworzy\u0107 \u0142atwe do u\u0142o\u017cenia&nbsp;stylizacje<\/p>\n               <p>\/ Glinka bentonitowa zapewnia jedwabiste, matowe wyko\u0144czenie bez sklejania&nbsp;pasm<\/p>\n               <p>\/ Formu\u0142a na bazie wody, kt\u00f3ra \u0142atwo si\u0119&nbsp;zmywa<\/p>\n               <br \/>\n            <p>Zapach  \/ Zawiera delikatne nuty drzewne i&nbsp;cytrusowe po\u0142\u0105czone z&nbsp;nutami pomara\u0144czy, wody kokosowej, wanilii i&nbsp;tonki. <\/p>\n            <p> Konsystencja  \/ Pasta na bazie glinki <\/p>\n   <!--==================================================== composition image mobile ====================================================-->\n   <img decoding=\"async\" alt=\"An abstract beauty shot showing a caucassian as well as an african american women's hands. \n   It is intended to portray its use on any type of skin.\" src=\"https:\/\/monatglobal.com\/wp-content\/uploads\/2022\/01\/Matte-Styling-Clay-comp-1.jpg\" loading=\"lazy\"\/>\n   <!--==================================================== Why it works text ====================================================-->\n      \n      <h3>Ta uniwersalna, modeluj\u0105ca glinka do w\u0142os\u00f3w zosta\u0142a zaprojektowana, \n      aby zapewni\u0107 \u0142atw\u0105 stylizacj\u0119 oraz ca\u0142odzienne&nbsp;utrwalenie.<\/h3>\n      Lekka formu\u0142a wzbogacona o&nbsp;glink\u0119 bentonitow\u0105 zapewnia idealne matowe wyko\u0144czenie, a&nbsp;wosk pochodzenia \n      ro\u015blinnego tworzy elastyczn\u0105 tekstur\u0119 oraz nadaje&nbsp;g\u0119sto\u015bci. \n<!--==================================================== Composition section ====================================================-->\n      <img decoding=\"async\" alt=\"An abstract beauty shot showing a caucassian as well as an african american women's hands. It is intended to portray its \n      use on any type of skin.\" src=\"https:\/\/monatglobal.com\/wp-content\/uploads\/2022\/01\/Matte-Styling-Clay-comp-1.jpg\" loading=\"lazy\"\/>\n      <img decoding=\"async\" alt=\"A closeup of a woman applying MONAT's Silky &#038; Soothing Hand Cream onto her hands. This image reveals the cream's white \n      texture.\" src=\"https:\/\/monatglobal.com\/wp-content\/uploads\/2022\/01\/matte-styling-compositon-3.jpg\" loading=\"lazy\"\/>\n            <!--==================================================== Directions text ====================================================--> \n               <h3>Spos\u00f3b u\u017cycia<\/h3>\n               <p>\/ Na\u0142\u00f3\u017c niewielk\u0105 ilo\u015b\u0107 produktu na d\u0142onie. <\/p>\n               <p>\/ Rozprowad\u017a r\u00f3wnomiernie na umyte, suche lub wilgotne w\u0142osy. <\/p>\n               <p>\/ Dowolnie stylizuj swoj\u0105 fryzur\u0119. <\/p>\n               <p>\/ Wskaz\u00f3wka: Nak\u0142adaj produkt, zaczynaj\u0105c od ty\u0142u g\u0142owy i&nbsp;kieruj\u0105c si\u0119 w&nbsp;prz\u00f3d. <\/p>\n            <!--==================================================== Directions video ====================================================-->\n      <p>MONAT FOR MEN\u2122<br \/>Matte Styling Clay <br \/>0:30<\/p>\n            <a href=\"https:\/\/corp.mymonat.com\/shop\/products\/monat-for-men-matte-styling-clay-6000001969?taxon_id=30\/?globallanguage=pl&#038;globalmarket=pl\" target=\"_blank\" aria-label=\"Go to MONAT FOR MEN\u2122 Matowa Glinka Do Stylizacji shop\" rel=\"noopener\">KUP TERAZ<\/a>\n            <a>WYPRZEDANE<\/a>\n      <h2>NAJWA\u017bNIEJSZE SK\u0141ADNIKI AKTYWNE<\/h2>\n      <img decoding=\"async\" src=\"https:\/\/monatglobal.com\/wp-content\/uploads\/2022\/11\/Shea-Butter.svg\" alt=\"Shea Butter\"\/>\n               <p>Mas\u0142o shea <\/p>\n               <img decoding=\"async\" big_icon  src=\"https:\/\/monatglobal.com\/wp-content\/uploads\/2022\/11\/Glycerin.svg\" alt=\"Glycerin\"\/>        \n               <p>Gliceryna <\/p>\n                <img decoding=\"async\" src=\"https:\/\/monatglobal.com\/wp-content\/uploads\/2022\/11\/Carnauba-wax.svg\" alt=\"Carnauba wax\"\/>\n               <p>Wosk pochodzenia ro\u015blinnego <\/p>\n                <img decoding=\"async\" src=\"https:\/\/monatglobal.com\/wp-content\/uploads\/2022\/11\/Bentonite-Clay.svg\" alt=\"Bentonite Clay\"\/>\n               <p>Glinka bentonitowa <\/p>\n                <img decoding=\"async\" src=\"https:\/\/monatglobal.com\/wp-content\/uploads\/2022\/11\/Tocopherol.svg\" alt=\"Tocopherol\"\/>\n               <p>Tokoferol (Witamina E) <\/p>\n        <button id=\"myBtn\" type=\"button\">ZOBACZ PE\u0141N\u0104 LIST\u0118 SK\u0141ADNIK\u00d3W<\/button>\n      <!--==================================================== Modal content  ====================================================-->\n         &times;\n         Water\/Aqua\/Eau, Coco-Caprylate, Stearyl Behenate, C32-36 Isoalkyl Stearate, Polyhydroxystearic Acid,\n         Cetearyl Alcohol, Butyrospermum Parkii (Shea) Butter, PVP, Glycerin, Copernicia Cerifera (Carnauba) Wax\/Cire de \n         Carnauba, Bentonite, Hydrogenated Castor Oil Dimer Dilinoleate, Ceteareth-20, Arachidyl Alcohol, Fragrance\/Parfum, \n         Polysorbate 20, Polyglyceryl-3 Stearate, Behenyl Alcohol, Helianthus Annuus (Sunflower) Seed Oil, 1,2-Hexanediol, \n         Hydroxyacetophenone, VP\/VA Copolymer, Arachidyl Glucoside, Dehydroxanthan Gum, Polysorbate 60, Tetrasodium Glutamate \n         Diacetate, Glucose, Citric Acid, Tocopherol, Sodium Hydroxide, Caprylyl Glycol, Citronellol, Coumarin, Limonene,&nbsp;Linalool.\n   <!--==================================================== You might also like section ====================================================-->\n      <h2>INNE PRODUKTY, KT\u00d3RE MOG\u0104 CI SI\u0118 SPODOBA\u0106<\/h2>\n      <!--==================================================== Slider YOU MIGHT ALSO LIKE ====================================================-->\n            <!--==================================================== Slides products ====================================================-->\n               <a href=\"\/pl?page_id=63895\" aria-label=\"Go to MONAT BLACK\u2122 Szampon + Od\u017cywka 2w1  page\">\n                  <img decoding=\"async\" src=\"https:\/\/monatglobal.com\/wp-content\/uploads\/2022\/12\/Monat-Black-shampoo-conditioner-Ecomm.png\" alt=\"MONAT BLACK\u2122 Szampon + Od\u017cywka 2w1 \"loading=\"lazy\"\/>\n                  <p>MONAT BLACK\u2122 <br \/>Szampon + Od\u017cywka 2w1 <\/p>\n               <\/a>\n               <a href=\"https:\/\/corp.mymonat.com\/shop\/products\/monat-studio-one-spray-nadajacy-objetosc-i-unoszacy-wlosy-u-nasady\/?globallanguage=pl&#038;globalmarket=pl\" target=\"_blank\" aria-label=\"Go to MONAT STUDIO ONE\u2122 Spray Nadaj\u0105cy Obj\u0119to\u015b\u0107 I Unosz\u0105cy W\u0142osy U Nasady page\" rel=\"noopener\">\n                  <img decoding=\"async\" src=\"https:\/\/monatglobal.com\/wp-content\/uploads\/2022\/12\/STUDIO-ONE-VOLUME-LIFT-SPRAY_-ecomm-min.png\" alt=\"MONAT STUDIO ONE\u2122 Spray Nadaj\u0105cy Obj\u0119to\u015b\u0107 I Unosz\u0105cy W\u0142osy U Nasady\" loading=\"lazy\"\/>\n                  <p>MONAT STUDIO ONE\u2122 <br \/>Spray Nadaj\u0105cy Obj\u0119to\u015b\u0107 <br \/>I&nbsp;Unosz\u0105cy W\u0142osy U&nbsp;Nasady <\/p>\n               <\/a>\n         <!--==================================================== If we need navigation buttons  ====================================================-->\n         <!--==================================================== If we need paginations  ====================================================-->\n        <a href=\"\/pl?page_id=84287&#038;line=wlosy\" aria-label=\"Go to All Haircare Products\"><p>Wszystkie produkty do piel\u0119gnacji w\u0142os\u00f3w<\/p><\/a>\n<!--==================================================== this link has to go last for it to work   ====================================================-->\n\n","protected":false},"excerpt":{"rendered":"<p>MONAT FOR MEN\u2122 Matowa Glinka Do Stylizacji Pasta modeluj\u0105ca na bazie wody i&nbsp;glinki nadaje fryzurom odpowiedni\u0105 tekstur\u0119 i&nbsp;sprawia, \u017ce w\u0142osy wygl\u0105daj\u0105 na&nbsp;g\u0119\u015bciejsze. 45 ml \u212e 1.52 fl. oz. Cena Detaliczna170.00 z\u0142 Klient VIP145.00 z\u0142 Aby dowiedzie\u0107 si\u0119 wi\u0119cej na temat produktu MONAT FOR MEN\u2122 Matowa Glinka Do Stylizacji prosimy skontaktowa\u0107 si\u0119 ze swoim Market Partnerem&nbsp;MONAT.&hellip;<\/p>\n","protected":false},"author":31,"featured_media":67821,"parent":0,"menu_order":0,"comment_status":"closed","ping_status":"closed","template":"","meta":{"inline_featured_image":false,"om_disable_all_campaigns":false,"_monsterinsights_skip_tracking":false,"_monsterinsights_sitenote_active":false,"_monsterinsights_sitenote_note":"","_monsterinsights_sitenote_category":0,"footnotes":""},"categories":[],"tags":[],"class_list":["post-67819","page","type-page","status-publish","has-post-thumbnail","hentry"],"aioseo_notices":[],"aioseo_head":"\n\t\t<!-- All in One SEO Pro 4.9.5.2 - aioseo.com -->\n\t<meta name=\"description\" content=\"MONAT FOR MEN\u2122 Matowa Glinka Do Stylizacji Pasta modeluj\u0105ca na bazie wody i glinki nadaje fryzurom odpowiedni\u0105 tekstur\u0119 i sprawia, \u017ce w\u0142osy wygl\u0105daj\u0105 na g\u0119\u015bciejsze. 45 ml \u212e 1.52 fl. oz. Cena Detaliczna170.00 z\u0142 Klient VIP145.00 z\u0142 Aby dowiedzie\u0107 si\u0119 wi\u0119cej na temat produktu MONAT FOR MEN\u2122 Matowa Glinka Do Stylizacji prosimy skontaktowa\u0107 si\u0119 ze swoim Market Partnerem MONAT.\" \/>\n\t<meta name=\"robots\" content=\"max-image-preview:large\" \/>\n\t<link rel=\"canonical\" href=\"https:\/\/monatglobal.com\/pl\/men-styling-clay\/\" \/>\n\t<meta name=\"generator\" content=\"All in One SEO Pro (AIOSEO) 4.9.5.2\" \/>\n\t\t<meta property=\"og:locale\" content=\"pl_PL\" \/>\n\t\t<meta property=\"og:site_name\" content=\"MONAT POLAND - MONAT GLOBAL\" \/>\n\t\t<meta property=\"og:type\" content=\"article\" \/>\n\t\t<meta property=\"og:title\" content=\"MONAT FOR MEN\u2122 Matowa Glinka Do Stylizacji - MONAT POLAND\" \/>\n\t\t<meta property=\"og:description\" content=\"MONAT FOR MEN\u2122 Matowa Glinka Do Stylizacji Pasta modeluj\u0105ca na bazie wody i glinki nadaje fryzurom odpowiedni\u0105 tekstur\u0119 i sprawia, \u017ce w\u0142osy wygl\u0105daj\u0105 na g\u0119\u015bciejsze. 45 ml \u212e 1.52 fl. oz. Cena Detaliczna170.00 z\u0142 Klient VIP145.00 z\u0142 Aby dowiedzie\u0107 si\u0119 wi\u0119cej na temat produktu MONAT FOR MEN\u2122 Matowa Glinka Do Stylizacji prosimy skontaktowa\u0107 si\u0119 ze swoim Market Partnerem MONAT.\" \/>\n\t\t<meta property=\"og:url\" content=\"https:\/\/monatglobal.com\/pl\/men-styling-clay\/\" \/>\n\t\t<meta property=\"article:published_time\" content=\"2022-06-06T08:11:41+00:00\" \/>\n\t\t<meta property=\"article:modified_time\" content=\"2025-03-26T14:42:59+00:00\" \/>\n\t\t<meta name=\"twitter:card\" content=\"summary_large_image\" \/>\n\t\t<meta name=\"twitter:title\" content=\"MONAT FOR MEN\u2122 Matowa Glinka Do Stylizacji - MONAT POLAND\" \/>\n\t\t<meta name=\"twitter:description\" content=\"MONAT FOR MEN\u2122 Matowa Glinka Do Stylizacji Pasta modeluj\u0105ca na bazie wody i glinki nadaje fryzurom odpowiedni\u0105 tekstur\u0119 i sprawia, \u017ce w\u0142osy wygl\u0105daj\u0105 na g\u0119\u015bciejsze. 45 ml \u212e 1.52 fl. oz. Cena Detaliczna170.00 z\u0142 Klient VIP145.00 z\u0142 Aby dowiedzie\u0107 si\u0119 wi\u0119cej na temat produktu MONAT FOR MEN\u2122 Matowa Glinka Do Stylizacji prosimy skontaktowa\u0107 si\u0119 ze swoim Market Partnerem MONAT.\" \/>\n\t\t<script type=\"application\/ld+json\" class=\"aioseo-schema\">\n\t\t\t{\"@context\":\"https:\\\/\\\/schema.org\",\"@graph\":[{\"@type\":\"BreadcrumbList\",\"@id\":\"https:\\\/\\\/monatglobal.com\\\/pl\\\/men-styling-clay\\\/#breadcrumblist\",\"itemListElement\":[{\"@type\":\"ListItem\",\"@id\":\"https:\\\/\\\/monatglobal.com\\\/pl#listItem\",\"position\":1,\"name\":\"Home\",\"item\":\"https:\\\/\\\/monatglobal.com\\\/pl\",\"nextItem\":{\"@type\":\"ListItem\",\"@id\":\"https:\\\/\\\/monatglobal.com\\\/pl\\\/men-styling-clay\\\/#listItem\",\"name\":\"MONAT FOR MEN\\u2122 Matowa Glinka Do Stylizacji\"}},{\"@type\":\"ListItem\",\"@id\":\"https:\\\/\\\/monatglobal.com\\\/pl\\\/men-styling-clay\\\/#listItem\",\"position\":2,\"name\":\"MONAT FOR MEN\\u2122 Matowa Glinka Do Stylizacji\",\"previousItem\":{\"@type\":\"ListItem\",\"@id\":\"https:\\\/\\\/monatglobal.com\\\/pl#listItem\",\"name\":\"Home\"}}]},{\"@type\":\"Organization\",\"@id\":\"https:\\\/\\\/monatglobal.com\\\/pl\\\/#organization\",\"name\":\"MONAT POLAND\",\"description\":\"MONAT GLOBAL\",\"url\":\"https:\\\/\\\/monatglobal.com\\\/pl\\\/\"},{\"@type\":\"WebPage\",\"@id\":\"https:\\\/\\\/monatglobal.com\\\/pl\\\/men-styling-clay\\\/#webpage\",\"url\":\"https:\\\/\\\/monatglobal.com\\\/pl\\\/men-styling-clay\\\/\",\"name\":\"MONAT FOR MEN\\u2122 Matowa Glinka Do Stylizacji - MONAT POLAND\",\"description\":\"MONAT FOR MEN\\u2122 Matowa Glinka Do Stylizacji Pasta modeluj\\u0105ca na bazie wody i glinki nadaje fryzurom odpowiedni\\u0105 tekstur\\u0119 i sprawia, \\u017ce w\\u0142osy wygl\\u0105daj\\u0105 na g\\u0119\\u015bciejsze. 45 ml \\u212e 1.52 fl. oz. Cena Detaliczna170.00 z\\u0142 Klient VIP145.00 z\\u0142 Aby dowiedzie\\u0107 si\\u0119 wi\\u0119cej na temat produktu MONAT FOR MEN\\u2122 Matowa Glinka Do Stylizacji prosimy skontaktowa\\u0107 si\\u0119 ze swoim Market Partnerem MONAT.\",\"inLanguage\":\"pl-PL\",\"isPartOf\":{\"@id\":\"https:\\\/\\\/monatglobal.com\\\/pl\\\/#website\"},\"breadcrumb\":{\"@id\":\"https:\\\/\\\/monatglobal.com\\\/pl\\\/men-styling-clay\\\/#breadcrumblist\"},\"image\":{\"@type\":\"ImageObject\",\"url\":\"https:\\\/\\\/monatglobal.com\\\/pl\\\/wp-content\\\/uploads\\\/sites\\\/9\\\/2022\\\/02\\\/MONAT-FOR-MEN-Matte-Styling-Clay-ecomm-2022-1.png\",\"@id\":\"https:\\\/\\\/monatglobal.com\\\/pl\\\/men-styling-clay\\\/#mainImage\",\"width\":641,\"height\":800},\"primaryImageOfPage\":{\"@id\":\"https:\\\/\\\/monatglobal.com\\\/pl\\\/men-styling-clay\\\/#mainImage\"},\"datePublished\":\"2022-06-06T09:11:41+01:00\",\"dateModified\":\"2025-03-26T14:42:59+00:00\"},{\"@type\":\"WebSite\",\"@id\":\"https:\\\/\\\/monatglobal.com\\\/pl\\\/#website\",\"url\":\"https:\\\/\\\/monatglobal.com\\\/pl\\\/\",\"name\":\"MONAT POLAND\",\"description\":\"MONAT GLOBAL\",\"inLanguage\":\"pl-PL\",\"publisher\":{\"@id\":\"https:\\\/\\\/monatglobal.com\\\/pl\\\/#organization\"}}]}\n\t\t<\/script>\n\t\t<!-- All in One SEO Pro -->\r\n\t\t<title>MONAT FOR MEN\u2122 Matowa Glinka Do Stylizacji - MONAT POLAND<\/title>\n\n","aioseo_head_json":{"title":"MONAT FOR MEN\u2122 Matowa Glinka Do Stylizacji - MONAT POLAND","description":"MONAT FOR MEN\u2122 Matowa Glinka Do Stylizacji Pasta modeluj\u0105ca na bazie wody i glinki nadaje fryzurom odpowiedni\u0105 tekstur\u0119 i sprawia, \u017ce w\u0142osy wygl\u0105daj\u0105 na g\u0119\u015bciejsze. 45 ml \u212e 1.52 fl. oz. Cena Detaliczna170.00 z\u0142 Klient VIP145.00 z\u0142 Aby dowiedzie\u0107 si\u0119 wi\u0119cej na temat produktu MONAT FOR MEN\u2122 Matowa Glinka Do Stylizacji prosimy skontaktowa\u0107 si\u0119 ze swoim Market Partnerem MONAT.","canonical_url":"https:\/\/monatglobal.com\/pl\/men-styling-clay\/","robots":"max-image-preview:large","keywords":"","webmasterTools":{"miscellaneous":""},"schema":{"@context":"https:\/\/schema.org","@graph":[{"@type":"BreadcrumbList","@id":"https:\/\/monatglobal.com\/pl\/men-styling-clay\/#breadcrumblist","itemListElement":[{"@type":"ListItem","@id":"https:\/\/monatglobal.com\/pl#listItem","position":1,"name":"Home","item":"https:\/\/monatglobal.com\/pl","nextItem":{"@type":"ListItem","@id":"https:\/\/monatglobal.com\/pl\/men-styling-clay\/#listItem","name":"MONAT FOR MEN\u2122 Matowa Glinka Do Stylizacji"}},{"@type":"ListItem","@id":"https:\/\/monatglobal.com\/pl\/men-styling-clay\/#listItem","position":2,"name":"MONAT FOR MEN\u2122 Matowa Glinka Do Stylizacji","previousItem":{"@type":"ListItem","@id":"https:\/\/monatglobal.com\/pl#listItem","name":"Home"}}]},{"@type":"Organization","@id":"https:\/\/monatglobal.com\/pl\/#organization","name":"MONAT POLAND","description":"MONAT GLOBAL","url":"https:\/\/monatglobal.com\/pl\/"},{"@type":"WebPage","@id":"https:\/\/monatglobal.com\/pl\/men-styling-clay\/#webpage","url":"https:\/\/monatglobal.com\/pl\/men-styling-clay\/","name":"MONAT FOR MEN\u2122 Matowa Glinka Do Stylizacji - MONAT POLAND","description":"MONAT FOR MEN\u2122 Matowa Glinka Do Stylizacji Pasta modeluj\u0105ca na bazie wody i glinki nadaje fryzurom odpowiedni\u0105 tekstur\u0119 i sprawia, \u017ce w\u0142osy wygl\u0105daj\u0105 na g\u0119\u015bciejsze. 45 ml \u212e 1.52 fl. oz. Cena Detaliczna170.00 z\u0142 Klient VIP145.00 z\u0142 Aby dowiedzie\u0107 si\u0119 wi\u0119cej na temat produktu MONAT FOR MEN\u2122 Matowa Glinka Do Stylizacji prosimy skontaktowa\u0107 si\u0119 ze swoim Market Partnerem MONAT.","inLanguage":"pl-PL","isPartOf":{"@id":"https:\/\/monatglobal.com\/pl\/#website"},"breadcrumb":{"@id":"https:\/\/monatglobal.com\/pl\/men-styling-clay\/#breadcrumblist"},"image":{"@type":"ImageObject","url":"https:\/\/monatglobal.com\/pl\/wp-content\/uploads\/sites\/9\/2022\/02\/MONAT-FOR-MEN-Matte-Styling-Clay-ecomm-2022-1.png","@id":"https:\/\/monatglobal.com\/pl\/men-styling-clay\/#mainImage","width":641,"height":800},"primaryImageOfPage":{"@id":"https:\/\/monatglobal.com\/pl\/men-styling-clay\/#mainImage"},"datePublished":"2022-06-06T09:11:41+01:00","dateModified":"2025-03-26T14:42:59+00:00"},{"@type":"WebSite","@id":"https:\/\/monatglobal.com\/pl\/#website","url":"https:\/\/monatglobal.com\/pl\/","name":"MONAT POLAND","description":"MONAT GLOBAL","inLanguage":"pl-PL","publisher":{"@id":"https:\/\/monatglobal.com\/pl\/#organization"}}]},"og:locale":"pl_PL","og:site_name":"MONAT POLAND - MONAT GLOBAL","og:type":"article","og:title":"MONAT FOR MEN\u2122 Matowa Glinka Do Stylizacji - MONAT POLAND","og:description":"MONAT FOR MEN\u2122 Matowa Glinka Do Stylizacji Pasta modeluj\u0105ca na bazie wody i glinki nadaje fryzurom odpowiedni\u0105 tekstur\u0119 i sprawia, \u017ce w\u0142osy wygl\u0105daj\u0105 na g\u0119\u015bciejsze. 45 ml \u212e 1.52 fl. oz. Cena Detaliczna170.00 z\u0142 Klient VIP145.00 z\u0142 Aby dowiedzie\u0107 si\u0119 wi\u0119cej na temat produktu MONAT FOR MEN\u2122 Matowa Glinka Do Stylizacji prosimy skontaktowa\u0107 si\u0119 ze swoim Market Partnerem MONAT.","og:url":"https:\/\/monatglobal.com\/pl\/men-styling-clay\/","article:published_time":"2022-06-06T08:11:41+00:00","article:modified_time":"2025-03-26T14:42:59+00:00","twitter:card":"summary_large_image","twitter:title":"MONAT FOR MEN\u2122 Matowa Glinka Do Stylizacji - MONAT POLAND","twitter:description":"MONAT FOR MEN\u2122 Matowa Glinka Do Stylizacji Pasta modeluj\u0105ca na bazie wody i glinki nadaje fryzurom odpowiedni\u0105 tekstur\u0119 i sprawia, \u017ce w\u0142osy wygl\u0105daj\u0105 na g\u0119\u015bciejsze. 45 ml \u212e 1.52 fl. oz. Cena Detaliczna170.00 z\u0142 Klient VIP145.00 z\u0142 Aby dowiedzie\u0107 si\u0119 wi\u0119cej na temat produktu MONAT FOR MEN\u2122 Matowa Glinka Do Stylizacji prosimy skontaktowa\u0107 si\u0119 ze swoim Market Partnerem MONAT."},"aioseo_meta_data":{"post_id":"67819","title":null,"description":null,"keywords":null,"keyphrases":null,"primary_term":null,"canonical_url":null,"og_title":null,"og_description":null,"og_object_type":"default","og_image_type":"default","og_image_url":null,"og_image_width":null,"og_image_height":null,"og_image_custom_url":null,"og_image_custom_fields":null,"og_video":null,"og_custom_url":null,"og_article_section":null,"og_article_tags":null,"twitter_use_og":false,"twitter_card":"default","twitter_image_type":"default","twitter_image_url":null,"twitter_image_custom_url":null,"twitter_image_custom_fields":null,"twitter_title":null,"twitter_description":null,"schema":{"blockGraphs":[],"customGraphs":[],"default":{"data":{"Article":[],"Course":[],"Dataset":[],"FAQPage":[],"Movie":[],"Person":[],"Product":[],"ProductReview":[],"Car":[],"Recipe":[],"Service":[],"SoftwareApplication":[],"WebPage":[]},"graphName":"WebPage","isEnabled":true},"graphs":[]},"schema_type":"default","schema_type_options":null,"pillar_content":false,"robots_default":true,"robots_noindex":false,"robots_noarchive":false,"robots_nosnippet":false,"robots_nofollow":false,"robots_noimageindex":false,"robots_noodp":false,"robots_notranslate":false,"robots_max_snippet":null,"robots_max_videopreview":null,"robots_max_imagepreview":"large","priority":null,"frequency":null,"local_seo":null,"seo_analyzer_scan_date":"2025-08-15 05:16:56","limit_modified_date":false,"reviewed_by":null,"open_ai":null,"ai":null,"created":"2023-07-26 10:05:30","updated":"2026-02-10 05:22:25"},"aioseo_breadcrumb":"<div class=\"aioseo-breadcrumbs\"><span class=\"aioseo-breadcrumb\">\n\t<a href=\"https:\/\/monatglobal.com\/pl\" title=\"Home\">Home<\/a>\n<\/span><span class=\"aioseo-breadcrumb-separator\">&raquo;<\/span><span class=\"aioseo-breadcrumb\">\n\tMONAT FOR MEN\u2122 Matowa Glinka Do Stylizacji\n<\/span><\/div>","aioseo_breadcrumb_json":[{"label":"Home","link":"https:\/\/monatglobal.com\/pl"},{"label":"MONAT FOR MEN\u2122 Matowa Glinka Do Stylizacji","link":"https:\/\/monatglobal.com\/pl\/men-styling-clay\/"}],"_links":{"self":[{"href":"https:\/\/monatglobal.com\/pl\/wp-json\/wp\/v2\/pages\/67819","targetHints":{"allow":["GET"]}}],"collection":[{"href":"https:\/\/monatglobal.com\/pl\/wp-json\/wp\/v2\/pages"}],"about":[{"href":"https:\/\/monatglobal.com\/pl\/wp-json\/wp\/v2\/types\/page"}],"author":[{"embeddable":true,"href":"https:\/\/monatglobal.com\/pl\/wp-json\/wp\/v2\/users\/31"}],"replies":[{"embeddable":true,"href":"https:\/\/monatglobal.com\/pl\/wp-json\/wp\/v2\/comments?post=67819"}],"version-history":[{"count":27,"href":"https:\/\/monatglobal.com\/pl\/wp-json\/wp\/v2\/pages\/67819\/revisions"}],"predecessor-version":[{"id":86516,"href":"https:\/\/monatglobal.com\/pl\/wp-json\/wp\/v2\/pages\/67819\/revisions\/86516"}],"wp:featuredmedia":[{"embeddable":true,"href":"https:\/\/monatglobal.com\/pl\/wp-json\/wp\/v2\/media\/67821"}],"wp:attachment":[{"href":"https:\/\/monatglobal.com\/pl\/wp-json\/wp\/v2\/media?parent=67819"}],"wp:term":[{"taxonomy":"category","embeddable":true,"href":"https:\/\/monatglobal.com\/pl\/wp-json\/wp\/v2\/categories?post=67819"},{"taxonomy":"post_tag","embeddable":true,"href":"https:\/\/monatglobal.com\/pl\/wp-json\/wp\/v2\/tags?post=67819"}],"curies":[{"name":"wp","href":"https:\/\/api.w.org\/{rel}","templated":true}]}}