{"id":67762,"date":"2022-01-28T20:10:14","date_gmt":"2022-01-28T20:10:14","guid":{"rendered":"http:\/\/monatglobal.com\/pl\/?page_id=67762"},"modified":"2024-03-08T15:32:46","modified_gmt":"2024-03-08T15:32:46","slug":"before-and-after-submit","status":"publish","type":"page","link":"https:\/\/monatglobal.com\/pl\/before-and-after-submit\/","title":{"rendered":"Przed i Po"},"content":{"rendered":"\n\n         <h1>Przed i Po<\/h1>\n         <h2>PODZIEL SI\u0118<br \/>SWOIMI ZDJ\u0118CIAMI<\/h2>\n               <p>Przed u\u017cyciem Sprayu <br \/>U\u0142atwiaj\u0105cego Rozczesywanie<\/p>\n               Po u\u017cyciu Sprayu <br \/>U\u0142atwiaj\u0105cego Rozczesywanie\n               <h2>Dzi\u0119kujemy za podzielenie si\u0119 z nami zdj\u0119ciami Przed i&nbsp;Po!<\/h2>\n               Je\u015bli ju\u017c opublikowali\u015bmy jedno z Twoich zdj\u0119\u0107 Przed i Po, nie nale\u017cy ponownie wysy\u0142a\u0107 tych samych zdj\u0119\u0107. Chcemy zobaczy\u0107 co\u015b&nbsp;nowego!\n                       * Uwaga: Je\u015bli jeste\u015b stylist\u0105 i chcesz wys\u0142a\u0107 kilka zdj\u0119\u0107 Przed i Po, prosimy o wys\u0142anie wiadomo\u015bci e-mail na\n                       <a href=\"mailto:marketing@monatglobal.com\">marketing@monatglobal.com<\/a>.\n            <hr \/>\n         <h3>Wskaz\u00f3wki, jak zrobi\u0107&nbsp;zdj\u0119cia:<\/h3>\n         <p>Nale\u017cy kierowa\u0107 si\u0119 poni\u017cszymi&nbsp;wytycznymi:<\/p>\n               <h2>Wymagania dotycz\u0105ce produkt\u00f3w do piel\u0119gnacji w\u0142os\u00f3w&nbsp;MONAT<\/h2>\n                    <p>\/ Wszystkie wys\u0142ane zdj\u0119cia musz\u0105 przedstawia\u0107 prawdziwe&nbsp;rezultaty.<\/p>\n                    \/ Podczas robienia zdj\u0119cia \u201ePrzed&#8221; nie nak\u0142adaj na w\u0142osy \u017cadnych produkt\u00f3w. Zdj\u0119cie \u201ePo&#8221; \n                    musi przedstawia\u0107 rezultaty po zastosowaniu WY\u0141\u0104CZNIE produkt\u00f3w&nbsp;MONAT.\n                    \/ Okre\u015bl czas u\u017cywania produktu (na przyk\u0142ad: Na zdj\u0119ciu \u201eprzed&#8221; powinno by\u0107 napisane \n                    \u201eDzie\u0144 1 u\u017cywania [nazwa produktu]&#8221;, a na zdj\u0119ciu \u201epo&#8221; powinno by\u0107 napisane \u201eDzie\u0144 30 u\u017cywania [nazwa&nbsp;produktu]&#8221;).\n                    <p>\/ Zaznacz, jak d\u0142ugo i jak cz\u0119sto u\u017cywa\u0142a\u015b(-\u0142e\u015b) produktu&nbsp;MONAT.<\/p>\n                    <p>\/ Wymie\u0144 nazwy u\u017cytych produkt\u00f3w&nbsp;MONAT.<\/p>\n                    <a href=\"\/pl?page_id=67762#form\">WY\u015aLIJ ZDJ\u0118CIA<\/a>\n               <h2>Wymagania dotycz\u0105ce produkt\u00f3w do piel\u0119gnacji sk\u00f3ry&nbsp;MONAT:<\/h2>\n                  <p>\/ Wszystkie wys\u0142ane zdj\u0119cia musz\u0105 przedstawia\u0107 prawdziwe&nbsp;rezultaty.<\/p>\n                  \/ Podczas robienia zdj\u0119\u0107 \u201ePrzed&#8221; i \u201ePo&#8221; mo\u017cna mie\u0107 na\u0142o\u017cony makija\u017c, je\u015bli nie zmienia on rezultat\u00f3w. \n                  Zdj\u0119cie \u201ePo&#8221; musi przedstawia\u0107 rezultaty po zastosowaniu WY\u0141\u0104CZNIE produkt\u00f3w&nbsp;MONAT.\n                  <p>\/ W\u0142osy nie powinny zas\u0142ania\u0107&nbsp;twarzy.<\/p>\n                  \/ Okre\u015bl czas u\u017cywania produktu (na przyk\u0142ad: Na zdj\u0119ciu \u201eprzed&#8221; powinno by\u0107 napisane \u201eDzie\u0144 1 u\u017cywania [nazwa produktu]&#8221;, \n                  a na zdj\u0119ciu \u201epo&#8221; powinno by\u0107 napisane \u201eDzie\u0144 30 u\u017cywania [nazwa&nbsp;produktu]&#8221;).\n                  <p>\/ Zaznacz, jak d\u0142ugo i jak cz\u0119sto u\u017cywa\u0142a\u015b(-\u0142e\u015b) produktu&nbsp;MONAT.<\/p>\n                  <p>\/ Wymie\u0144 nazwy u\u017cytych produkt\u00f3w&nbsp;MONAT.<\/p>\n                    <a href=\"\/pl?page_id=67762#form\">WY\u015aLIJ ZDJ\u0118CIA<\/a>\n         <h3> Inne wymagania:<\/h3>\n                <p>\/ Wszystkie nades\u0142ane zdj\u0119cia powinny pokazywa\u0107 efekty wymienione w opisach produkt\u00f3w&nbsp;MONAT.<\/p>\n                <p>\/ Nale\u017cy u\u017cy\u0107 takie same \u015bwiat\u0142o, ustawi\u0107 kamer\u0119 pod tym samym kontem (uj\u0119cie z przodu), mie\u0107 tak\u0105 sam\u0105 poz\u0119 oraz neutralne t\u0142o podczas robienia&nbsp;zdj\u0119\u0107.<\/p>\n                <p>\/ Nie zezwala si\u0119 na przerabianie i edytowanie zdj\u0119\u0107 oraz u\u017cywanie&nbsp;filtr\u00f3w.<\/p>\n                <p>\/ Mo\u017cna na\u0142o\u017cy\u0107 makija\u017c WY\u0141\u0104CZNIE do zdj\u0119\u0107 \u201ePrzed&#8221; i \u201ePo&#8221;, kt\u00f3re pokazuj\u0105 produkty do piel\u0119gnacji w\u0142os\u00f3w MONAT. Makija\u017c MUSI by\u0107 taki sam na obu&nbsp;zdj\u0119ciach.<\/p>\n                <p>\/ Zdj\u0119cia musz\u0105 mie\u0107 wysok\u0105 rozdzielczo\u015b\u0107 (minimum 300 dpi). Ustaw wysok\u0105 rozdzielczo\u015b\u0107 w swojej&nbsp;kamerze.<\/p>\n                <p>\/ Oba zdj\u0119cia musz\u0105 przedstawia\u0107&nbsp;Ciebie.<\/p>\n                <p>\/ Dodaj daty, kiedy zdj\u0119cia zosta\u0142y zrobione i zaznacz jaki by\u0142 okres pomi\u0119dzy zdj\u0119ciem \u201ePrzed&#8221; i&nbsp;\u201ePo&#8221;.<\/p>\n                <p>\/ Je\u015bli korzystasz z us\u0142ug fotografa, nale\u017cy uzyska\u0107 jego zgod\u0119 na publikowanie zdj\u0119\u0107 na stronie internetowej MONAT, w naszych mediach spo\u0142eczno\u015bciowych oraz w innych materia\u0142ach&nbsp;promocyjnych.<\/p>\n                <p>\/ Nale\u017cy trzyma\u0107 kopi\u0119 podpisanych i datowanych zdj\u0119\u0107 \u201ePrzed&#8221; i \u201ePo&#8221; oraz swoich&nbsp;historii.<\/p>\n               <p>\/ Nale\u017cy poda\u0107 swoje dane kontaktowe, w tym numer identyfikacyjny Market Partnera MONAT, imi\u0119 i nazwisko, adres, numer telefonu oraz adres&nbsp;e-mail.<\/p>\n\t<strong>ZASTRZE\u017bENIA:  <\/strong>\nNie wszyscy osi\u0105gn\u0105 takie same efekty. Rezultaty mog\u0105 si\u0119 r\u00f3\u017cni\u0107 w zale\u017cno\u015bci od indywidualnych czynnik\u00f3w, takich jak wiek, u\u017cyte produkty, p\u0142e\u0107, stan zdrowotny, dieta oraz styl \u017cycia. Wszystkie wys\u0142ane zdj\u0119cia staj\u0105 si\u0119 w\u0142asno\u015bci\u0105 MONAT. MONAT b\u0119dzie mie\u0107 prawo do u\u017cywania tych zdj\u0119\u0107 w materia\u0142ach marketingowych, w dowolnym medium, w tym w mediach spo\u0142eczno\u015bciowych. Poprzez wys\u0142anie swoich zdj\u0119\u0107 do MONAT, osoba potwierdza, \u017ce jest pe\u0142noletnia oraz daje firmie MONAT i osob\u0105 upowa\u017cnionym przez MONAT nieodwo\u0142ane prawo i licencj\u0119 na u\u017cycie, kopiowanie, edytowanie, pokazywanie, chronienie prawem autorskim oraz\/lub publikowanie i rozprowadzanie zdj\u0119\u0107 w dowolnej formie i we wszystkich rodzajach medi\u00f3w w celach artystycznych, promocyjnych i reklamowych, podczas wystaw i pokaz\u00f3w oraz\/lub w innych celach. Osoba potwierdza r\u00f3wnie\u017c, \u017ce nie otrzyma wynagrodzenia w postaci pieni\u0119\u017cnej ani nagrody za u\u017cycie jej zdj\u0119\u0107 przez MONAT. Wys\u0142anie swoich zdj\u0119\u0107 i historii nie oznacza, \u017ce zostan\u0105 one u\u017cyte przez MONAT w celach promocyjnych.\n\n\n","protected":false},"excerpt":{"rendered":"<p>Przed i Po PODZIEL SI\u0118SWOIMI ZDJ\u0118CIAMI Przed u\u017cyciem Sprayu U\u0142atwiaj\u0105cego Rozczesywanie Po u\u017cyciu Sprayu U\u0142atwiaj\u0105cego Rozczesywanie Dzi\u0119kujemy za podzielenie si\u0119 z nami zdj\u0119ciami Przed i&nbsp;Po! Je\u015bli ju\u017c opublikowali\u015bmy jedno z Twoich zdj\u0119\u0107 Przed i Po, nie nale\u017cy ponownie wysy\u0142a\u0107 tych samych zdj\u0119\u0107. Chcemy zobaczy\u0107 co\u015b&nbsp;nowego! * Uwaga: Je\u015bli jeste\u015b stylist\u0105 i chcesz wys\u0142a\u0107 kilka zdj\u0119\u0107&hellip;<\/p>\n","protected":false},"author":31,"featured_media":67770,"parent":0,"menu_order":0,"comment_status":"closed","ping_status":"closed","template":"","meta":{"inline_featured_image":false,"om_disable_all_campaigns":false,"_monsterinsights_skip_tracking":false,"_monsterinsights_sitenote_active":false,"_monsterinsights_sitenote_note":"","_monsterinsights_sitenote_category":0,"footnotes":""},"categories":[],"tags":[],"class_list":["post-67762","page","type-page","status-publish","has-post-thumbnail","hentry"],"aioseo_notices":[],"aioseo_head":"\n\t\t<!-- All in One SEO Pro 4.9.5.2 - aioseo.com -->\n\t<meta name=\"description\" content=\"Przed i Po PODZIEL SI\u0118SWOIMI ZDJ\u0118CIAMI Przed u\u017cyciem Sprayu U\u0142atwiaj\u0105cego Rozczesywanie Po u\u017cyciu Sprayu U\u0142atwiaj\u0105cego Rozczesywanie Dzi\u0119kujemy za podzielenie si\u0119 z nami zdj\u0119ciami Przed i Po! Je\u015bli ju\u017c opublikowali\u015bmy jedno z Twoich zdj\u0119\u0107 Przed i Po, nie nale\u017cy ponownie wysy\u0142a\u0107 tych samych zdj\u0119\u0107. Chcemy zobaczy\u0107 co\u015b nowego! * Uwaga: Je\u015bli jeste\u015b stylist\u0105 i chcesz wys\u0142a\u0107 kilka zdj\u0119\u0107\" \/>\n\t<meta name=\"robots\" content=\"max-image-preview:large\" \/>\n\t<link rel=\"canonical\" href=\"https:\/\/monatglobal.com\/pl\/before-and-after-submit\/\" \/>\n\t<meta name=\"generator\" content=\"All in One SEO Pro (AIOSEO) 4.9.5.2\" \/>\n\t\t<meta property=\"og:locale\" content=\"pl_PL\" \/>\n\t\t<meta property=\"og:site_name\" content=\"MONAT POLAND - MONAT GLOBAL\" \/>\n\t\t<meta property=\"og:type\" content=\"article\" \/>\n\t\t<meta property=\"og:title\" content=\"Przed i Po - MONAT POLAND\" \/>\n\t\t<meta property=\"og:description\" content=\"Przed i Po PODZIEL SI\u0118SWOIMI ZDJ\u0118CIAMI Przed u\u017cyciem Sprayu U\u0142atwiaj\u0105cego Rozczesywanie Po u\u017cyciu Sprayu U\u0142atwiaj\u0105cego Rozczesywanie Dzi\u0119kujemy za podzielenie si\u0119 z nami zdj\u0119ciami Przed i Po! Je\u015bli ju\u017c opublikowali\u015bmy jedno z Twoich zdj\u0119\u0107 Przed i Po, nie nale\u017cy ponownie wysy\u0142a\u0107 tych samych zdj\u0119\u0107. Chcemy zobaczy\u0107 co\u015b nowego! * Uwaga: Je\u015bli jeste\u015b stylist\u0105 i chcesz wys\u0142a\u0107 kilka zdj\u0119\u0107\" \/>\n\t\t<meta property=\"og:url\" content=\"https:\/\/monatglobal.com\/pl\/before-and-after-submit\/\" \/>\n\t\t<meta property=\"article:published_time\" content=\"2022-01-28T20:10:14+00:00\" \/>\n\t\t<meta property=\"article:modified_time\" content=\"2024-03-08T15:32:46+00:00\" \/>\n\t\t<meta name=\"twitter:card\" content=\"summary_large_image\" \/>\n\t\t<meta name=\"twitter:title\" content=\"Przed i Po - MONAT POLAND\" \/>\n\t\t<meta name=\"twitter:description\" content=\"Przed i Po PODZIEL SI\u0118SWOIMI ZDJ\u0118CIAMI Przed u\u017cyciem Sprayu U\u0142atwiaj\u0105cego Rozczesywanie Po u\u017cyciu Sprayu U\u0142atwiaj\u0105cego Rozczesywanie Dzi\u0119kujemy za podzielenie si\u0119 z nami zdj\u0119ciami Przed i Po! Je\u015bli ju\u017c opublikowali\u015bmy jedno z Twoich zdj\u0119\u0107 Przed i Po, nie nale\u017cy ponownie wysy\u0142a\u0107 tych samych zdj\u0119\u0107. Chcemy zobaczy\u0107 co\u015b nowego! * Uwaga: Je\u015bli jeste\u015b stylist\u0105 i chcesz wys\u0142a\u0107 kilka zdj\u0119\u0107\" \/>\n\t\t<script type=\"application\/ld+json\" class=\"aioseo-schema\">\n\t\t\t{\"@context\":\"https:\\\/\\\/schema.org\",\"@graph\":[{\"@type\":\"BreadcrumbList\",\"@id\":\"https:\\\/\\\/monatglobal.com\\\/pl\\\/before-and-after-submit\\\/#breadcrumblist\",\"itemListElement\":[{\"@type\":\"ListItem\",\"@id\":\"https:\\\/\\\/monatglobal.com\\\/pl#listItem\",\"position\":1,\"name\":\"Home\",\"item\":\"https:\\\/\\\/monatglobal.com\\\/pl\",\"nextItem\":{\"@type\":\"ListItem\",\"@id\":\"https:\\\/\\\/monatglobal.com\\\/pl\\\/before-and-after-submit\\\/#listItem\",\"name\":\"Przed i Po\"}},{\"@type\":\"ListItem\",\"@id\":\"https:\\\/\\\/monatglobal.com\\\/pl\\\/before-and-after-submit\\\/#listItem\",\"position\":2,\"name\":\"Przed i Po\",\"previousItem\":{\"@type\":\"ListItem\",\"@id\":\"https:\\\/\\\/monatglobal.com\\\/pl#listItem\",\"name\":\"Home\"}}]},{\"@type\":\"Organization\",\"@id\":\"https:\\\/\\\/monatglobal.com\\\/pl\\\/#organization\",\"name\":\"MONAT POLAND\",\"description\":\"MONAT GLOBAL\",\"url\":\"https:\\\/\\\/monatglobal.com\\\/pl\\\/\"},{\"@type\":\"WebPage\",\"@id\":\"https:\\\/\\\/monatglobal.com\\\/pl\\\/before-and-after-submit\\\/#webpage\",\"url\":\"https:\\\/\\\/monatglobal.com\\\/pl\\\/before-and-after-submit\\\/\",\"name\":\"Przed i Po - MONAT POLAND\",\"description\":\"Przed i Po PODZIEL SI\\u0118SWOIMI ZDJ\\u0118CIAMI Przed u\\u017cyciem Sprayu U\\u0142atwiaj\\u0105cego Rozczesywanie Po u\\u017cyciu Sprayu U\\u0142atwiaj\\u0105cego Rozczesywanie Dzi\\u0119kujemy za podzielenie si\\u0119 z nami zdj\\u0119ciami Przed i Po! Je\\u015bli ju\\u017c opublikowali\\u015bmy jedno z Twoich zdj\\u0119\\u0107 Przed i Po, nie nale\\u017cy ponownie wysy\\u0142a\\u0107 tych samych zdj\\u0119\\u0107. Chcemy zobaczy\\u0107 co\\u015b nowego! * Uwaga: Je\\u015bli jeste\\u015b stylist\\u0105 i chcesz wys\\u0142a\\u0107 kilka zdj\\u0119\\u0107\",\"inLanguage\":\"pl-PL\",\"isPartOf\":{\"@id\":\"https:\\\/\\\/monatglobal.com\\\/pl\\\/#website\"},\"breadcrumb\":{\"@id\":\"https:\\\/\\\/monatglobal.com\\\/pl\\\/before-and-after-submit\\\/#breadcrumblist\"},\"image\":{\"@type\":\"ImageObject\",\"url\":\"https:\\\/\\\/monatglobal.com\\\/pl\\\/wp-content\\\/uploads\\\/sites\\\/9\\\/2022\\\/02\\\/before-and-after.jpg\",\"@id\":\"https:\\\/\\\/monatglobal.com\\\/pl\\\/before-and-after-submit\\\/#mainImage\",\"width\":1500,\"height\":586},\"primaryImageOfPage\":{\"@id\":\"https:\\\/\\\/monatglobal.com\\\/pl\\\/before-and-after-submit\\\/#mainImage\"},\"datePublished\":\"2022-01-28T20:10:14+00:00\",\"dateModified\":\"2024-03-08T15:32:46+00:00\"},{\"@type\":\"WebSite\",\"@id\":\"https:\\\/\\\/monatglobal.com\\\/pl\\\/#website\",\"url\":\"https:\\\/\\\/monatglobal.com\\\/pl\\\/\",\"name\":\"MONAT POLAND\",\"description\":\"MONAT GLOBAL\",\"inLanguage\":\"pl-PL\",\"publisher\":{\"@id\":\"https:\\\/\\\/monatglobal.com\\\/pl\\\/#organization\"}}]}\n\t\t<\/script>\n\t\t<!-- All in One SEO Pro -->\r\n\t\t<title>Przed i Po - MONAT POLAND<\/title>\n\n","aioseo_head_json":{"title":"Przed i Po - MONAT POLAND","description":"Przed i Po PODZIEL SI\u0118SWOIMI ZDJ\u0118CIAMI Przed u\u017cyciem Sprayu U\u0142atwiaj\u0105cego Rozczesywanie Po u\u017cyciu Sprayu U\u0142atwiaj\u0105cego Rozczesywanie Dzi\u0119kujemy za podzielenie si\u0119 z nami zdj\u0119ciami Przed i Po! Je\u015bli ju\u017c opublikowali\u015bmy jedno z Twoich zdj\u0119\u0107 Przed i Po, nie nale\u017cy ponownie wysy\u0142a\u0107 tych samych zdj\u0119\u0107. Chcemy zobaczy\u0107 co\u015b nowego! * Uwaga: Je\u015bli jeste\u015b stylist\u0105 i chcesz wys\u0142a\u0107 kilka zdj\u0119\u0107","canonical_url":"https:\/\/monatglobal.com\/pl\/before-and-after-submit\/","robots":"max-image-preview:large","keywords":"","webmasterTools":{"miscellaneous":""},"schema":{"@context":"https:\/\/schema.org","@graph":[{"@type":"BreadcrumbList","@id":"https:\/\/monatglobal.com\/pl\/before-and-after-submit\/#breadcrumblist","itemListElement":[{"@type":"ListItem","@id":"https:\/\/monatglobal.com\/pl#listItem","position":1,"name":"Home","item":"https:\/\/monatglobal.com\/pl","nextItem":{"@type":"ListItem","@id":"https:\/\/monatglobal.com\/pl\/before-and-after-submit\/#listItem","name":"Przed i Po"}},{"@type":"ListItem","@id":"https:\/\/monatglobal.com\/pl\/before-and-after-submit\/#listItem","position":2,"name":"Przed i Po","previousItem":{"@type":"ListItem","@id":"https:\/\/monatglobal.com\/pl#listItem","name":"Home"}}]},{"@type":"Organization","@id":"https:\/\/monatglobal.com\/pl\/#organization","name":"MONAT POLAND","description":"MONAT GLOBAL","url":"https:\/\/monatglobal.com\/pl\/"},{"@type":"WebPage","@id":"https:\/\/monatglobal.com\/pl\/before-and-after-submit\/#webpage","url":"https:\/\/monatglobal.com\/pl\/before-and-after-submit\/","name":"Przed i Po - MONAT POLAND","description":"Przed i Po PODZIEL SI\u0118SWOIMI ZDJ\u0118CIAMI Przed u\u017cyciem Sprayu U\u0142atwiaj\u0105cego Rozczesywanie Po u\u017cyciu Sprayu U\u0142atwiaj\u0105cego Rozczesywanie Dzi\u0119kujemy za podzielenie si\u0119 z nami zdj\u0119ciami Przed i Po! Je\u015bli ju\u017c opublikowali\u015bmy jedno z Twoich zdj\u0119\u0107 Przed i Po, nie nale\u017cy ponownie wysy\u0142a\u0107 tych samych zdj\u0119\u0107. Chcemy zobaczy\u0107 co\u015b nowego! * Uwaga: Je\u015bli jeste\u015b stylist\u0105 i chcesz wys\u0142a\u0107 kilka zdj\u0119\u0107","inLanguage":"pl-PL","isPartOf":{"@id":"https:\/\/monatglobal.com\/pl\/#website"},"breadcrumb":{"@id":"https:\/\/monatglobal.com\/pl\/before-and-after-submit\/#breadcrumblist"},"image":{"@type":"ImageObject","url":"https:\/\/monatglobal.com\/pl\/wp-content\/uploads\/sites\/9\/2022\/02\/before-and-after.jpg","@id":"https:\/\/monatglobal.com\/pl\/before-and-after-submit\/#mainImage","width":1500,"height":586},"primaryImageOfPage":{"@id":"https:\/\/monatglobal.com\/pl\/before-and-after-submit\/#mainImage"},"datePublished":"2022-01-28T20:10:14+00:00","dateModified":"2024-03-08T15:32:46+00:00"},{"@type":"WebSite","@id":"https:\/\/monatglobal.com\/pl\/#website","url":"https:\/\/monatglobal.com\/pl\/","name":"MONAT POLAND","description":"MONAT GLOBAL","inLanguage":"pl-PL","publisher":{"@id":"https:\/\/monatglobal.com\/pl\/#organization"}}]},"og:locale":"pl_PL","og:site_name":"MONAT POLAND - MONAT GLOBAL","og:type":"article","og:title":"Przed i Po - MONAT POLAND","og:description":"Przed i Po PODZIEL SI\u0118SWOIMI ZDJ\u0118CIAMI Przed u\u017cyciem Sprayu U\u0142atwiaj\u0105cego Rozczesywanie Po u\u017cyciu Sprayu U\u0142atwiaj\u0105cego Rozczesywanie Dzi\u0119kujemy za podzielenie si\u0119 z nami zdj\u0119ciami Przed i Po! Je\u015bli ju\u017c opublikowali\u015bmy jedno z Twoich zdj\u0119\u0107 Przed i Po, nie nale\u017cy ponownie wysy\u0142a\u0107 tych samych zdj\u0119\u0107. Chcemy zobaczy\u0107 co\u015b nowego! * Uwaga: Je\u015bli jeste\u015b stylist\u0105 i chcesz wys\u0142a\u0107 kilka zdj\u0119\u0107","og:url":"https:\/\/monatglobal.com\/pl\/before-and-after-submit\/","article:published_time":"2022-01-28T20:10:14+00:00","article:modified_time":"2024-03-08T15:32:46+00:00","twitter:card":"summary_large_image","twitter:title":"Przed i Po - MONAT POLAND","twitter:description":"Przed i Po PODZIEL SI\u0118SWOIMI ZDJ\u0118CIAMI Przed u\u017cyciem Sprayu U\u0142atwiaj\u0105cego Rozczesywanie Po u\u017cyciu Sprayu U\u0142atwiaj\u0105cego Rozczesywanie Dzi\u0119kujemy za podzielenie si\u0119 z nami zdj\u0119ciami Przed i Po! Je\u015bli ju\u017c opublikowali\u015bmy jedno z Twoich zdj\u0119\u0107 Przed i Po, nie nale\u017cy ponownie wysy\u0142a\u0107 tych samych zdj\u0119\u0107. Chcemy zobaczy\u0107 co\u015b nowego! * Uwaga: Je\u015bli jeste\u015b stylist\u0105 i chcesz wys\u0142a\u0107 kilka zdj\u0119\u0107"},"aioseo_meta_data":{"post_id":"67762","title":null,"description":null,"keywords":[],"keyphrases":{"focus":{"keyphrase":"","score":0,"analysis":{"keyphraseInTitle":{"score":0,"maxScore":9,"error":1}}},"additional":[]},"primary_term":null,"canonical_url":null,"og_title":null,"og_description":null,"og_object_type":"default","og_image_type":"default","og_image_url":null,"og_image_width":null,"og_image_height":null,"og_image_custom_url":null,"og_image_custom_fields":null,"og_video":"","og_custom_url":null,"og_article_section":null,"og_article_tags":[],"twitter_use_og":false,"twitter_card":"default","twitter_image_type":"default","twitter_image_url":null,"twitter_image_custom_url":null,"twitter_image_custom_fields":null,"twitter_title":null,"twitter_description":null,"schema":{"blockGraphs":[],"customGraphs":[],"default":{"data":{"Article":[],"Course":[],"Dataset":[],"FAQPage":[],"Movie":[],"Person":[],"Product":[],"ProductReview":[],"Car":[],"Recipe":[],"Service":[],"SoftwareApplication":[],"WebPage":[]},"graphName":"WebPage","isEnabled":true},"graphs":[]},"schema_type":"default","schema_type_options":null,"pillar_content":false,"robots_default":true,"robots_noindex":false,"robots_noarchive":false,"robots_nosnippet":false,"robots_nofollow":false,"robots_noimageindex":false,"robots_noodp":false,"robots_notranslate":false,"robots_max_snippet":"-1","robots_max_videopreview":"-1","robots_max_imagepreview":"large","priority":null,"frequency":"default","local_seo":null,"seo_analyzer_scan_date":"2025-08-15 05:07:40","limit_modified_date":false,"reviewed_by":null,"open_ai":"{\"title\":{\"suggestions\":[],\"usage\":0},\"description\":{\"suggestions\":[],\"usage\":0}}","ai":null,"created":"2023-07-26 10:03:17","updated":"2025-08-15 05:07:40"},"aioseo_breadcrumb":"<div class=\"aioseo-breadcrumbs\"><span class=\"aioseo-breadcrumb\">\n\t<a href=\"https:\/\/monatglobal.com\/pl\" title=\"Home\">Home<\/a>\n<\/span><span class=\"aioseo-breadcrumb-separator\">&raquo;<\/span><span class=\"aioseo-breadcrumb\">\n\tPrzed i Po\n<\/span><\/div>","aioseo_breadcrumb_json":[{"label":"Home","link":"https:\/\/monatglobal.com\/pl"},{"label":"Przed i Po","link":"https:\/\/monatglobal.com\/pl\/before-and-after-submit\/"}],"_links":{"self":[{"href":"https:\/\/monatglobal.com\/pl\/wp-json\/wp\/v2\/pages\/67762","targetHints":{"allow":["GET"]}}],"collection":[{"href":"https:\/\/monatglobal.com\/pl\/wp-json\/wp\/v2\/pages"}],"about":[{"href":"https:\/\/monatglobal.com\/pl\/wp-json\/wp\/v2\/types\/page"}],"author":[{"embeddable":true,"href":"https:\/\/monatglobal.com\/pl\/wp-json\/wp\/v2\/users\/31"}],"replies":[{"embeddable":true,"href":"https:\/\/monatglobal.com\/pl\/wp-json\/wp\/v2\/comments?post=67762"}],"version-history":[{"count":9,"href":"https:\/\/monatglobal.com\/pl\/wp-json\/wp\/v2\/pages\/67762\/revisions"}],"predecessor-version":[{"id":84187,"href":"https:\/\/monatglobal.com\/pl\/wp-json\/wp\/v2\/pages\/67762\/revisions\/84187"}],"wp:featuredmedia":[{"embeddable":true,"href":"https:\/\/monatglobal.com\/pl\/wp-json\/wp\/v2\/media\/67770"}],"wp:attachment":[{"href":"https:\/\/monatglobal.com\/pl\/wp-json\/wp\/v2\/media?parent=67762"}],"wp:term":[{"taxonomy":"category","embeddable":true,"href":"https:\/\/monatglobal.com\/pl\/wp-json\/wp\/v2\/categories?post=67762"},{"taxonomy":"post_tag","embeddable":true,"href":"https:\/\/monatglobal.com\/pl\/wp-json\/wp\/v2\/tags?post=67762"}],"curies":[{"name":"wp","href":"https:\/\/api.w.org\/{rel}","templated":true}]}}