{"id":67023,"date":"2021-12-21T22:01:17","date_gmt":"2021-12-21T22:01:17","guid":{"rendered":"https:\/\/monatglobal.com\/pl\/?page_id=67023"},"modified":"2026-02-19T20:15:47","modified_gmt":"2026-02-19T20:15:47","slug":"charcoal-mask","status":"publish","type":"page","link":"https:\/\/monatglobal.com\/pl\/charcoal-mask\/","title":{"rendered":"BE PURIFIED\u2122 Ch\u0142odz\u0105ca Maseczka Z W\u0119glem Aktywnym"},"content":{"rendered":"\n<link rel=\"stylesheet\" href=\"https:\/\/unpkg.com\/swiper\/swiper-bundle.min.css\">\n<link rel=\"stylesheet\" href=\"https:\/\/monatglobal.com\/wp-content\/creative_css\/product_styles_sheet.css\">\n   <!--==================================================== ECOMM SECTION ====================================================-->\n      <!--==================================================== Ecomm image ====================================================-->\n      <img decoding=\"async\" src=\"https:\/\/monatglobal.com\/pl\/wp-content\/uploads\/sites\/9\/2021\/12\/cold-charcoal-mask-ecomm-2022.png\" alt=\"BE PURIFIED\u2122 Ch\u0142odz\u0105ca Maseczka Z W\u0119glem Aktywnym\" loading=\"lazy\">\n      <!--==================================================== Ecomm information  ====================================================-->\n         <p>BE PURIFIED\u2122<\/p>\n         <h1>Ch\u0142odz\u0105ca Maseczka Z&nbsp;W\u0119glem&nbsp;Aktywnym<\/h1>\n         \n         Unikatowa, ch\u0142odz\u0105ca mieszanka bogatych w minera\u0142y glinek oraz aktywnego w\u0119gla, \n         kt\u00f3ra zmniejsza widoczno\u015b\u0107 por\u00f3w i&nbsp;zapewnia g\u0142\u0119bokie&nbsp;oczyszczenie.\n         <p>100 ml \u212e 3.4 fl. oz.<\/p>\n       <!--==================================================== pricing box ====================================================-->\n         <p>Cena detaliczna<br>000.00 z\u0142<\/p>\n         <p>Klient VIP<br>000.00 z\u0142<\/p>\n       <!--==================================================== pricing box ====================================================-->  \n         <p>Aby dowiedzie\u0107 si\u0119 wi\u0119cej na temat produktu BE PURIFIED\u2122 Ch\u0142odz\u0105ca Maseczka Z W\u0119glem Aktywnym, prosimy skontaktowa\u0107 si\u0119 ze swoim Market Partnerem&nbsp;MONAT.<\/p>\n          <a href=\"\" target=\"_blank\" role=\"button\" aria-label=\"\" rel=\"noopener\"><\/a>\n   <!--==================================================== \/ECOMM SECTION  ====================================================-->\n   <!--==================================================== Benefits image ====================================================-->\n  \n    <source media=\"(max-width: 700px)\" srcset=\"https:\/\/monatglobal.com\/pl\/wp-content\/uploads\/sites\/9\/2021\/12\/BE-PURIFIED-cold-charcoal-Mask-benefits-.jpg\" loading=\"lazy\">\n      <img decoding=\"async\" src=\"https:\/\/monatglobal.com\/pl\/wp-content\/uploads\/sites\/9\/2021\/12\/BE-PURIFIED-cold-charcoal-Mask-benefits-.jpg\" alt=\"\" loading=\"lazy\">\n    \n   <!--==================================================== Benefits text ====================================================-->\n         <h2>ZALETY<\/h2>\n         <h3>Przeznaczona do przet\u0142uszczaj\u0105cej si\u0119 sk\u00f3ry, bezolejowa formu\u0142a delikatnie redukuje nadmiar sebum, zapewniaj\u0105c natychmiastowy efekt  ch\u0142odz\u0105cy i od\u015bwie\u017caj\u0105cy podczas piel\u0119gnacji sk\u00f3ry.<\/h3>\n         <!--==================================================== features image  ====================================================-->\n         <img decoding=\"async\" alt=\"\" src=\"https:\/\/monatglobal.com\/pl\/wp-content\/uploads\/sites\/9\/2021\/12\/BE-PURIFIED-cold-charcoal-Mask-features.jpg\" loading=\"lazy\">\n      <!--==================================================== features text ====================================================-->\n            <h3>Cechy<\/h3>\n               <p>\/ Znacznie zmniejsza widoczno\u015b\u0107&nbsp;por\u00f3w<\/p>\n               <p>\/ Matuje sk\u00f3r\u0119 oraz ogranicza b\u0142yszczenie nawet do o\u015bmiu godzin<\/p>\n               <p>\/ Pomaga odblokowa\u0107 pory<\/p>\n               <p>\/ Produkt bezpieczny dla sk\u00f3ry&nbsp;wra\u017cliwej<\/p>\n               <br>\n            <p>Fragrance \/ Unwind and enjoy a coconut-forward, citrusy aroma with notes of blood orange, coconut husk, cashew nut and&nbsp;sandalwood. <\/p>\n            <p> Texture \/ Cream <\/p>\n   <!--==================================================== composition image mobile ====================================================-->\n   <img decoding=\"async\" alt=\"\" src=\"https:\/\/monatglobal.com\/pl\/wp-content\/uploads\/sites\/9\/2021\/12\/BE-PURIFIED-cold-charcoal-Mask-comp-1.jpg\" loading=\"lazy\">\n   <!--==================================================== Why it works text ====================================================-->\n      \n      <h3>Zawieraj\u0105ca bogate w minera\u0142y glinki, w\u0119giel oraz kwas salicylowy, ta oczyszczaj\u0105ca maska odblokowuje pory, natychmiastowo matuje cer\u0119 i redukuje b\u0142yszczenie nawet do o\u015bmiu godzin.<\/h3>\n<!--==================================================== Composition section ====================================================-->\n      <img decoding=\"async\" alt=\"\" src=\"https:\/\/monatglobal.com\/pl\/wp-content\/uploads\/sites\/9\/2021\/12\/BE-PURIFIED-cold-charcoal-Mask-comp-1.jpg\" loading=\"lazy\">\n      <img decoding=\"async\" alt=\"\" src=\"https:\/\/monatglobal.com\/pl\/wp-content\/uploads\/sites\/9\/2021\/12\/BE-PURIFIED-cold-charcoal-Mask-comp-3.jpg\" loading=\"lazy\">\n            <!--==================================================== Directions text ====================================================--> \n               <h3>Spos\u00f3b u\u017cycia<\/h3>\n                    <p>\/ Nabierz niewielk\u0105 ilo\u015b\u0107 na czubki&nbsp;palc\u00f3w.<\/p>\n                    <p>\/ Na\u0142\u00f3\u017c r\u00f3wnomiernie na czyst\u0105, such\u0105 sk\u00f3r\u0119.<\/p>\n                    <p>\/ Pozostaw maseczk\u0119 do wyschni\u0119cia na&nbsp;10-15&nbsp;minut.<\/p>\n                    <p>\/ Dok\u0142adnie sp\u0142ucz maseczk\u0119 ciep\u0142\u0105 wod\u0105 i&nbsp;delikatnie osusz&nbsp;sk\u00f3r\u0119.<\/p>\n                    <p>\/ Nast\u0119pnie zastosuj swoje ulubione produkty do piel\u0119gnacji sk\u00f3ry MONAT.<\/p>\n            <!--==================================================== Directions video ====================================================-->\n      <p>Be Balanced\u2122 <br>Lightweight Moisturizer <br>0:35<\/p>\n      <a href=\"\" target=\"_blank\" role=\"button\" aria-label=\"\" rel=\"noopener\"><\/a>\n   <!--==================================================== Ingredients section  ====================================================-->\n      <h2>NAJWA\u017bNIEJSZE SK\u0141ADNIKI AKTYWNE<\/h2>\n      <p>Glinka kaolinowa<\/p>\n      <p>Glinka bentonitowa<\/p>\n      <p>W\u0119giel aktywny<\/p>\n      <p>Kwas salicylowy<\/p>\n        <button id=\"myBtn\" type=\"button\">ZOBACZ PE\u0141N\u0104 LIST\u0118&nbsp;SK\u0141ADNIK\u00d3W<\/button>\n      <!--==================================================== Modal content  ====================================================-->\n         \u00d7\n         Aqua\/Water\/Eau, Kaolin, Cetearyl Alcohol, Bentonite, Charcoal Powder, Propanediol, Sodium Laurylglucosides \n         Hydroxypropylsulfonate, Glycerin, Salicylic Acid, Lactic Acid, Menthol, Menthone, Maclura Cochinchinensis Leaf Prenylflavonoids, \n         Sodium Cocoamphoacetate, Xanthan Gum, Cocamidopropyl Hydroxysultaine, Sodium Phytate, Pentylene Glycol, Phenethyl Alcohol,&nbsp;Alcohol.\n   <!--==================================================== You might also like section ====================================================-->\n      <h2>INNE PRODUKTY, KT\u00d3RE MOG\u0104 CI\u0118 ZAINTERESOWA\u0106<\/h2>\n      <!--==================================================== Slider YOU MIGHT ALSO LIKE ====================================================-->\n          <!---->\n          <!--   -->\n                <!-- Slides products-->\n          <!--      -->\n          <!--         <a href=\"\/pl\/skin-oil-free-moisturizer\/\" aria-label=\"Go to BE PURIFIED\u2122 KREM NAWIL\u017bAJ\u0104CY BEZ OLEJ\u00d3W page\">-->\n          <!--          <img decoding=\"async\" src=\"https:\/\/monatglobal.com\/wp-content\/uploads\/2022\/12\/oil-free-moisturizer-E_comm.png\" alt=\"BE PURIFIED\u2122 KREM NAWIL\u017bAJ\u0104CY BEZ OLEJ\u00d3W\" loading=\"lazy\"\/>-->\n          <!--          <p>BE PURIFIED\u2122 KREM <br \/>NAWIL\u017bAJ\u0104CY BEZ OLEJ\u00d3W<\/p>-->\n          <!--        <\/a>-->\n          <!--      -->\n          <!--      -->\n          <!--         <a href=\"\/pl\/skin-clarifying-cleanser\" aria-label=\"Go to BE PURIFIED\u2122 \u017bEL OCZYSZCZAJ\u0104CY page\">-->\n          <!--          <img decoding=\"async\" src=\"https:\/\/monatglobal.com\/wp-content\/uploads\/2022\/12\/be-puried-clarifying-cleanser-ecomm-2022.png\" alt=\"BE PURIFIED\u2122 \u017bEL OCZYSZCZAJ\u0104CY\" loading=\"lazy\"\/>-->\n          <!--          <p>BE PURIFIED\u2122 <br \/>\u017bEL OCZYSZCZAJ\u0104CY<\/p>-->\n          <!--        <\/a>-->\n          <!--      -->\n          <!--   -->\n             <!-- If we need navigation buttons -->\n          <!--   -->\n          <!--   -->\n             <!-- If we need paginations -->\n          <!--   -->\n          <!---->\n         <!--==================================================== If we need navigation buttons  ====================================================-->\n         <!--==================================================== If we need paginations  ====================================================-->\n    <a href=\"\" aria-label=\"\"><\/a>\n<!--==================================================== this link has to go last for it to work   ====================================================-->\n","protected":false},"excerpt":{"rendered":"<p>BE PURIFIED\u2122 Ch\u0142odz\u0105ca Maseczka Z&nbsp;W\u0119glem&nbsp;Aktywnym Unikatowa, ch\u0142odz\u0105ca mieszanka bogatych w minera\u0142y glinek oraz aktywnego w\u0119gla, kt\u00f3ra zmniejsza widoczno\u015b\u0107 por\u00f3w i&nbsp;zapewnia g\u0142\u0119bokie&nbsp;oczyszczenie. 100 ml \u212e 3.4 fl. oz. Cena detaliczna000.00 z\u0142 Klient VIP000.00 z\u0142 Aby dowiedzie\u0107 si\u0119 wi\u0119cej na temat produktu BE PURIFIED\u2122 Ch\u0142odz\u0105ca Maseczka Z W\u0119glem Aktywnym, prosimy skontaktowa\u0107 si\u0119 ze swoim Market Partnerem&nbsp;MONAT. ZALETY&hellip;<\/p>\n","protected":false},"author":31,"featured_media":67075,"parent":0,"menu_order":0,"comment_status":"closed","ping_status":"closed","template":"","meta":{"inline_featured_image":false,"om_disable_all_campaigns":false,"_monsterinsights_skip_tracking":false,"_monsterinsights_sitenote_active":false,"_monsterinsights_sitenote_note":"","_monsterinsights_sitenote_category":0,"footnotes":""},"categories":[39],"tags":[],"class_list":["post-67023","page","type-page","status-publish","has-post-thumbnail","hentry","category-product-pl"],"aioseo_notices":[],"aioseo_head":"\n\t\t<!-- All in One SEO Pro 4.9.5.2 - aioseo.com -->\n\t<meta name=\"description\" content=\"--&gt;\" \/>\n\t<meta name=\"robots\" content=\"max-image-preview:large\" \/>\n\t<link rel=\"canonical\" href=\"https:\/\/monatglobal.com\/pl\/charcoal-mask\/\" \/>\n\t<meta name=\"generator\" content=\"All in One SEO Pro (AIOSEO) 4.9.5.2\" \/>\n\t\t<meta property=\"og:locale\" content=\"pl_PL\" \/>\n\t\t<meta property=\"og:site_name\" content=\"MONAT POLAND - MONAT GLOBAL\" \/>\n\t\t<meta property=\"og:type\" content=\"article\" \/>\n\t\t<meta property=\"og:title\" content=\"BE PURIFIED\u2122 Ch\u0142odz\u0105ca Maseczka Z W\u0119glem Aktywnym\" \/>\n\t\t<meta property=\"og:description\" content=\"--&gt;\" \/>\n\t\t<meta property=\"og:url\" content=\"https:\/\/monatglobal.com\/pl\/charcoal-mask\/\" \/>\n\t\t<meta property=\"article:published_time\" content=\"2021-12-21T22:01:17+00:00\" \/>\n\t\t<meta property=\"article:modified_time\" content=\"2026-02-19T20:15:47+00:00\" \/>\n\t\t<meta name=\"twitter:card\" content=\"summary_large_image\" \/>\n\t\t<meta name=\"twitter:title\" content=\"BE PURIFIED\u2122 Ch\u0142odz\u0105ca Maseczka Z W\u0119glem Aktywnym\" \/>\n\t\t<meta name=\"twitter:description\" content=\"--&gt;\" \/>\n\t\t<script type=\"application\/ld+json\" class=\"aioseo-schema\">\n\t\t\t{\"@context\":\"https:\\\/\\\/schema.org\",\"@graph\":[{\"@type\":\"BreadcrumbList\",\"@id\":\"https:\\\/\\\/monatglobal.com\\\/pl\\\/charcoal-mask\\\/#breadcrumblist\",\"itemListElement\":[{\"@type\":\"ListItem\",\"@id\":\"https:\\\/\\\/monatglobal.com\\\/pl#listItem\",\"position\":1,\"name\":\"Home\",\"item\":\"https:\\\/\\\/monatglobal.com\\\/pl\",\"nextItem\":{\"@type\":\"ListItem\",\"@id\":\"https:\\\/\\\/monatglobal.com\\\/pl\\\/charcoal-mask\\\/#listItem\",\"name\":\"BE PURIFIED\\u2122 Ch\\u0142odz\\u0105ca Maseczka Z W\\u0119glem Aktywnym\"}},{\"@type\":\"ListItem\",\"@id\":\"https:\\\/\\\/monatglobal.com\\\/pl\\\/charcoal-mask\\\/#listItem\",\"position\":2,\"name\":\"BE PURIFIED\\u2122 Ch\\u0142odz\\u0105ca Maseczka Z W\\u0119glem Aktywnym\",\"previousItem\":{\"@type\":\"ListItem\",\"@id\":\"https:\\\/\\\/monatglobal.com\\\/pl#listItem\",\"name\":\"Home\"}}]},{\"@type\":\"Organization\",\"@id\":\"https:\\\/\\\/monatglobal.com\\\/pl\\\/#organization\",\"name\":\"MONAT POLAND\",\"description\":\"MONAT GLOBAL\",\"url\":\"https:\\\/\\\/monatglobal.com\\\/pl\\\/\"},{\"@type\":\"WebPage\",\"@id\":\"https:\\\/\\\/monatglobal.com\\\/pl\\\/charcoal-mask\\\/#webpage\",\"url\":\"https:\\\/\\\/monatglobal.com\\\/pl\\\/charcoal-mask\\\/\",\"name\":\"BE PURIFIED\\u2122 Ch\\u0142odz\\u0105ca Maseczka Z W\\u0119glem Aktywnym\",\"description\":\"-->\",\"inLanguage\":\"pl-PL\",\"isPartOf\":{\"@id\":\"https:\\\/\\\/monatglobal.com\\\/pl\\\/#website\"},\"breadcrumb\":{\"@id\":\"https:\\\/\\\/monatglobal.com\\\/pl\\\/charcoal-mask\\\/#breadcrumblist\"},\"image\":{\"@type\":\"ImageObject\",\"url\":\"https:\\\/\\\/monatglobal.com\\\/pl\\\/wp-content\\\/uploads\\\/sites\\\/9\\\/2021\\\/12\\\/cold-charcoal-mask-ecomm-2022.png\",\"@id\":\"https:\\\/\\\/monatglobal.com\\\/pl\\\/charcoal-mask\\\/#mainImage\",\"width\":641,\"height\":800},\"primaryImageOfPage\":{\"@id\":\"https:\\\/\\\/monatglobal.com\\\/pl\\\/charcoal-mask\\\/#mainImage\"},\"datePublished\":\"2021-12-21T22:01:17+00:00\",\"dateModified\":\"2026-02-19T20:15:47+00:00\"},{\"@type\":\"WebSite\",\"@id\":\"https:\\\/\\\/monatglobal.com\\\/pl\\\/#website\",\"url\":\"https:\\\/\\\/monatglobal.com\\\/pl\\\/\",\"name\":\"MONAT POLAND\",\"description\":\"MONAT GLOBAL\",\"inLanguage\":\"pl-PL\",\"publisher\":{\"@id\":\"https:\\\/\\\/monatglobal.com\\\/pl\\\/#organization\"}}]}\n\t\t<\/script>\n\t\t<!-- All in One SEO Pro -->\r\n\t\t<title>BE PURIFIED\u2122 Ch\u0142odz\u0105ca Maseczka Z W\u0119glem Aktywnym<\/title>\n\n","aioseo_head_json":{"title":"BE PURIFIED\u2122 Ch\u0142odz\u0105ca Maseczka Z W\u0119glem Aktywnym","description":"-->","canonical_url":"https:\/\/monatglobal.com\/pl\/charcoal-mask\/","robots":"max-image-preview:large","keywords":"","webmasterTools":{"miscellaneous":""},"schema":{"@context":"https:\/\/schema.org","@graph":[{"@type":"BreadcrumbList","@id":"https:\/\/monatglobal.com\/pl\/charcoal-mask\/#breadcrumblist","itemListElement":[{"@type":"ListItem","@id":"https:\/\/monatglobal.com\/pl#listItem","position":1,"name":"Home","item":"https:\/\/monatglobal.com\/pl","nextItem":{"@type":"ListItem","@id":"https:\/\/monatglobal.com\/pl\/charcoal-mask\/#listItem","name":"BE PURIFIED\u2122 Ch\u0142odz\u0105ca Maseczka Z W\u0119glem Aktywnym"}},{"@type":"ListItem","@id":"https:\/\/monatglobal.com\/pl\/charcoal-mask\/#listItem","position":2,"name":"BE PURIFIED\u2122 Ch\u0142odz\u0105ca Maseczka Z W\u0119glem Aktywnym","previousItem":{"@type":"ListItem","@id":"https:\/\/monatglobal.com\/pl#listItem","name":"Home"}}]},{"@type":"Organization","@id":"https:\/\/monatglobal.com\/pl\/#organization","name":"MONAT POLAND","description":"MONAT GLOBAL","url":"https:\/\/monatglobal.com\/pl\/"},{"@type":"WebPage","@id":"https:\/\/monatglobal.com\/pl\/charcoal-mask\/#webpage","url":"https:\/\/monatglobal.com\/pl\/charcoal-mask\/","name":"BE PURIFIED\u2122 Ch\u0142odz\u0105ca Maseczka Z W\u0119glem Aktywnym","description":"-->","inLanguage":"pl-PL","isPartOf":{"@id":"https:\/\/monatglobal.com\/pl\/#website"},"breadcrumb":{"@id":"https:\/\/monatglobal.com\/pl\/charcoal-mask\/#breadcrumblist"},"image":{"@type":"ImageObject","url":"https:\/\/monatglobal.com\/pl\/wp-content\/uploads\/sites\/9\/2021\/12\/cold-charcoal-mask-ecomm-2022.png","@id":"https:\/\/monatglobal.com\/pl\/charcoal-mask\/#mainImage","width":641,"height":800},"primaryImageOfPage":{"@id":"https:\/\/monatglobal.com\/pl\/charcoal-mask\/#mainImage"},"datePublished":"2021-12-21T22:01:17+00:00","dateModified":"2026-02-19T20:15:47+00:00"},{"@type":"WebSite","@id":"https:\/\/monatglobal.com\/pl\/#website","url":"https:\/\/monatglobal.com\/pl\/","name":"MONAT POLAND","description":"MONAT GLOBAL","inLanguage":"pl-PL","publisher":{"@id":"https:\/\/monatglobal.com\/pl\/#organization"}}]},"og:locale":"pl_PL","og:site_name":"MONAT POLAND - MONAT GLOBAL","og:type":"article","og:title":"BE PURIFIED\u2122 Ch\u0142odz\u0105ca Maseczka Z W\u0119glem Aktywnym","og:description":"--&gt;","og:url":"https:\/\/monatglobal.com\/pl\/charcoal-mask\/","article:published_time":"2021-12-21T22:01:17+00:00","article:modified_time":"2026-02-19T20:15:47+00:00","twitter:card":"summary_large_image","twitter:title":"BE PURIFIED\u2122 Ch\u0142odz\u0105ca Maseczka Z W\u0119glem Aktywnym","twitter:description":"--&gt;"},"aioseo_meta_data":{"post_id":"67023","title":"BE PURIFIED\u2122 Ch\u0142odz\u0105ca Maseczka Z W\u0119glem Aktywnym","description":null,"keywords":null,"keyphrases":{"focus":{"keyphrase":"","score":0,"analysis":{"keyphraseInTitle":{"score":0,"maxScore":9,"error":1}}},"additional":[]},"primary_term":null,"canonical_url":null,"og_title":null,"og_description":null,"og_object_type":"default","og_image_type":"default","og_image_url":null,"og_image_width":null,"og_image_height":null,"og_image_custom_url":null,"og_image_custom_fields":null,"og_video":"","og_custom_url":null,"og_article_section":null,"og_article_tags":null,"twitter_use_og":false,"twitter_card":"default","twitter_image_type":"default","twitter_image_url":null,"twitter_image_custom_url":null,"twitter_image_custom_fields":null,"twitter_title":null,"twitter_description":null,"schema":{"blockGraphs":[],"customGraphs":[],"default":{"data":{"Article":[],"Course":[],"Dataset":[],"FAQPage":[],"Movie":[],"Person":[],"Product":[],"ProductReview":[],"Car":[],"Recipe":[],"Service":[],"SoftwareApplication":[],"WebPage":[]},"graphName":"WebPage","isEnabled":true},"graphs":[]},"schema_type":"default","schema_type_options":null,"pillar_content":false,"robots_default":true,"robots_noindex":false,"robots_noarchive":false,"robots_nosnippet":false,"robots_nofollow":false,"robots_noimageindex":false,"robots_noodp":false,"robots_notranslate":false,"robots_max_snippet":"-1","robots_max_videopreview":"-1","robots_max_imagepreview":"large","priority":null,"frequency":"default","local_seo":null,"seo_analyzer_scan_date":"2026-02-19 20:20:08","limit_modified_date":false,"reviewed_by":"0","open_ai":null,"ai":{"faqs":[],"keyPoints":[],"titles":[],"descriptions":[],"socialPosts":{"email":[],"linkedin":[],"twitter":[],"facebook":[],"instagram":[]}},"created":"2023-07-26 10:02:06","updated":"2026-02-19 20:20:08"},"aioseo_breadcrumb":"<div class=\"aioseo-breadcrumbs\"><span class=\"aioseo-breadcrumb\">\n\t<a href=\"https:\/\/monatglobal.com\/pl\" title=\"Home\">Home<\/a>\n<\/span><span class=\"aioseo-breadcrumb-separator\">&raquo;<\/span><span class=\"aioseo-breadcrumb\">\n\tBE PURIFIED\u2122 Ch\u0142odz\u0105ca Maseczka Z W\u0119glem Aktywnym\n<\/span><\/div>","aioseo_breadcrumb_json":[{"label":"Home","link":"https:\/\/monatglobal.com\/pl"},{"label":"BE PURIFIED\u2122 Ch\u0142odz\u0105ca Maseczka Z W\u0119glem Aktywnym","link":"https:\/\/monatglobal.com\/pl\/charcoal-mask\/"}],"_links":{"self":[{"href":"https:\/\/monatglobal.com\/pl\/wp-json\/wp\/v2\/pages\/67023","targetHints":{"allow":["GET"]}}],"collection":[{"href":"https:\/\/monatglobal.com\/pl\/wp-json\/wp\/v2\/pages"}],"about":[{"href":"https:\/\/monatglobal.com\/pl\/wp-json\/wp\/v2\/types\/page"}],"author":[{"embeddable":true,"href":"https:\/\/monatglobal.com\/pl\/wp-json\/wp\/v2\/users\/31"}],"replies":[{"embeddable":true,"href":"https:\/\/monatglobal.com\/pl\/wp-json\/wp\/v2\/comments?post=67023"}],"version-history":[{"count":24,"href":"https:\/\/monatglobal.com\/pl\/wp-json\/wp\/v2\/pages\/67023\/revisions"}],"predecessor-version":[{"id":109318,"href":"https:\/\/monatglobal.com\/pl\/wp-json\/wp\/v2\/pages\/67023\/revisions\/109318"}],"wp:featuredmedia":[{"embeddable":true,"href":"https:\/\/monatglobal.com\/pl\/wp-json\/wp\/v2\/media\/67075"}],"wp:attachment":[{"href":"https:\/\/monatglobal.com\/pl\/wp-json\/wp\/v2\/media?parent=67023"}],"wp:term":[{"taxonomy":"category","embeddable":true,"href":"https:\/\/monatglobal.com\/pl\/wp-json\/wp\/v2\/categories?post=67023"},{"taxonomy":"post_tag","embeddable":true,"href":"https:\/\/monatglobal.com\/pl\/wp-json\/wp\/v2\/tags?post=67023"}],"curies":[{"name":"wp","href":"https:\/\/api.w.org\/{rel}","templated":true}]}}