{"id":67011,"date":"2021-12-21T19:35:22","date_gmt":"2021-12-21T19:35:22","guid":{"rendered":"https:\/\/monatglobal.com\/pl\/?page_id=67011"},"modified":"2026-04-06T21:45:26","modified_gmt":"2026-04-06T20:45:26","slug":"skin-clarifying-cleanser","status":"publish","type":"page","link":"https:\/\/monatglobal.com\/pl\/skin-clarifying-cleanser\/","title":{"rendered":"BE PURIFIED\u2122 \u017bel Oczyszczaj\u0105cy"},"content":{"rendered":"\n\n\t<link rel=\"stylesheet\" href=\"https:\/\/unpkg.com\/swiper\/swiper-bundle.min.css\" \/>\n<link rel=\"stylesheet\" href=\"https:\/\/monatglobal.com\/wp-content\/creative_css\/product_styles_sheet.css\" \/>\n    <!--==================================================== ECOMM SECTION ====================================================-->\n        <!--==================================================== Ecomm image ====================================================-->\n        <img decoding=\"async\" src=\"https:\/\/monatglobal.com\/pl\/wp-content\/uploads\/sites\/9\/2021\/12\/be-purifying-creamy-cleanser-ecomm-2022.png\" alt=\"BE PURIFIED\u2122 \u017bel Oczyszczaj\u0105cy\" loading=\"lazy\"\/>\n        <!--==================================================== Ecomm information  ====================================================-->\n            <p>BE PURIFIED\u2122<\/p>\n            <h1>\u017bel Oczyszczaj\u0105cy<\/h1>\n            \n            <p>Od\u015bwie\u017caj\u0105cy preparat oczyszczaj\u0105cy w postaci \u017celu, wzbogacony o skuteczne sk\u0142adniki ro\u015blinne.<\/p>\n            <p>120 ml \u212e 4 fl. oz.<\/p>\n         <!--==================================================== pricing box ====================================================--> \n         <p>Cena detaliczna<br \/>000.00 z\u0142<\/p>\n         <p>Klient VIP<br \/>000.00 z\u0142<\/p>\n         <!--==================================================== pricing box ====================================================-->   \n            <p>Aby dowiedzie\u0107 si\u0119 wi\u0119cej na temat produktu BE PURIFIED\u2122 \u017bel Oczyszczaj\u0105cy, prosimy skontaktowa\u0107 si\u0119 ze swoim Market Partnerem&nbsp;MONAT.<\/p>\n          <a href=\"\" target=\"_blank\" role=\"button\" aria-label=\"\"><\/a>\n    <!--==================================================== \/ECOMM SECTION  ====================================================-->\n   <!--==================================================== Benefits image ====================================================-->\n  \n    <source media=\"(max-width: 700px)\" srcset=\"https:\/\/monatglobal.com\/pl\/wp-content\/uploads\/sites\/9\/2021\/12\/BE-PURIFIED-clarifying-cleanser-benefits-_mobile.jpg\" loading=\"lazy\"\/>\n      <img decoding=\"async\" src=\"https:\/\/monatglobal.com\/pl\/wp-content\/uploads\/sites\/9\/2021\/12\/BE-PURIFIED-clarifying-cleanser-benefits-.jpg\" \n      alt=\"\" loading=\"lazy\"\/>\n    \n   <!--==================================================== Benefits text ====================================================-->\n         <h2>ZALETY<\/h2>\n         <h3>Przeznaczona do przet\u0142uszczaj\u0105cej si\u0119 sk\u00f3ry, bezolejowa formu\u0142a delikatnie redukuje nadmiar sebum i odblokowuje pory bez efektu wysuszania.<\/h3>\n         <!--==================================================== features image  ====================================================-->\n         <img decoding=\"async\" alt=\"\" src=\"https:\/\/monatglobal.com\/pl\/wp-content\/uploads\/sites\/9\/2021\/12\/BE-PURIFIED-clarifying-cleanser-features.jpg\" loading=\"lazy\"\/>\n      <!--==================================================== features text ====================================================-->\n            <h3>Cechy<\/h3>\n               <p>\/ Oczyszcza i nawil\u017ca&nbsp;sk\u00f3r\u0119<\/p>\n               <p>\/ G\u0142\u0119boko oczyszcza bez pozbawiania sk\u00f3ry naturalnej bariery&nbsp;ochronnej<\/p>\n               <p>\/ Ogranicza b\u0142yszczenie nawet do o\u015bmiu&nbsp;godzin<\/p>\n               <p>\/ Zapewnia ch\u0142odz\u0105ce i od\u015bwie\u017caj\u0105ce&nbsp;dzia\u0142anie<\/p>\n               <p>\/ Formu\u0142a, kt\u00f3ra nie wysusza sk\u00f3ry<\/p>\n               <br \/>\n            <p>Fragrance \/ Unwind and enjoy a coconut-forward, citrusy aroma with notes of blood orange, coconut husk, cashew nut and&nbsp;sandalwood. <\/p>\n            <p> Texture \/ Cream <\/p>\n   <!--==================================================== composition image mobile ====================================================-->\n   <img decoding=\"async\" alt=\"\" src=\"https:\/\/monatglobal.com\/pl\/wp-content\/uploads\/sites\/9\/2021\/12\/BE-PURIFIED-clarifying-cleanser-comp-1.jpg\" loading=\"lazy\"\/>\n   <!--==================================================== Why it works text ====================================================-->\n      \n      <h3>Ten lekki i delikatny preparat oczyszczaj\u0105cy w postaci \u017celu zosta\u0142 wzbogacony o ekstrakty z zielonej herbaty, rozmarynu i aloesu, a tak\u017ce o skuteczne kwasy AHA &#8211; glikolowy i mlekowy  kt\u00f3re od\u017cywiaj\u0105, od\u015bwie\u017caj\u0105 i&nbsp;oczyszczaj\u0105 sk\u00f3r\u0119, redukuj\u0105c b\u0142yszczenie a\u017c do o\u015bmiu&nbsp;godzin.<\/h3>\n<!--==================================================== Composition section ====================================================-->\n      <img decoding=\"async\" alt=\"\" src=\"https:\/\/monatglobal.com\/pl\/wp-content\/uploads\/sites\/9\/2021\/12\/BE-PURIFIED-clarifying-cleanser-comp-1.jpg\" loading=\"lazy\"\/>\n      <img decoding=\"async\" alt=\"\" \n      src=\"https:\/\/monatglobal.com\/pl\/wp-content\/uploads\/sites\/9\/2021\/12\/BE-PURIFIED-clarifying-cleanser-comp-3.jpg\" loading=\"lazy\"\/>\n            <!--==================================================== Directions text ====================================================--> \n               <h3>Spos\u00f3b u\u017cycia<\/h3>\n                    <p>\/ Zwil\u017c sk\u00f3r\u0119 wod\u0105.<\/p>\n                    <p>\/ Na\u0142\u00f3\u017c niewielk\u0105 ilo\u015b\u0107 preparatu na opuszki palc\u00f3w i rozetrzyj w&nbsp;d\u0142oniach.<\/p>\n                    <p>\/ Delikatnie oczyszczaj sk\u00f3r\u0119, wykonuj\u0105c okr\u0119\u017cne&nbsp;ruchy.<\/p>\n                    <p>\/ Sp\u0142ucz ciep\u0142\u0105 wod\u0105 i delikatnie osusz&nbsp;sk\u00f3r\u0119.<\/p>\n                    <p>\/ Nast\u0119pnie zastosuj swoje ulubione produkty do piel\u0119gnacji sk\u00f3ry od&nbsp;MONAT.<\/p>\n            <!--==================================================== Directions video ====================================================-->\n      <p>Be Balanced\u2122 <br \/>Lightweight Moisturizer <br \/>0:35<\/p>\n      <a href=\"\" target=\"_blank\"  role=\"button\" aria-label=\"\"><\/a>\n   <!--==================================================== Ingredients section  ====================================================-->\n      <h2>NAJWA\u017bNIEJSZE SK\u0141ADNIKI AKTYWNE<\/h2>\n      <p>Kwas glikolowy + kwas&nbsp;mlekowy<\/p>\n      <p>Ekstrakty ro\u015blinne<\/p>\n      <p>Wyci\u0105g z palmy&nbsp;saba\u0142owej<\/p>\n      <p>Niacynamid<\/p>\n        <button id=\"myBtn\" type=\"button\">ZOBACZ PE\u0141N\u0104 LIST\u0118&nbsp;SK\u0141ADNIK\u00d3W<\/button>\n      <!--==================================================== Modal content  ====================================================-->\n         &times;\n         Aqua\/Water\/Eau, Sodium Cocoyl Glutamate, Cocamidopropyl Betaine, Propanediol, Acacia Senegal Gum, Aloe Barbadensis \n         Leaf Juice, Serenoa Serrulata Fruit Extract, Tocopherol, Rosmarinus Officinalis (Rosemary) Leaf Extract, Camellia Sinensis Leaf \n         Extract, Maclura Cochinchinensis Leaf Prenylflavonoids, Helianthus Annuus (Sunflower) Extract, Oryza Sativa (Rice) Bran Extract, \n         Lactic Acid, Niacinamide, Citric Acid, Cocamidopropyl Dimethylamine, Glycerin, Cocamide MIPA, Fragrance\/Parfum, PEG-150 Distearate, \n         Glycolic Acid, Xanthan Gum, Sodium C14-16 Olefin Sulfonate, Sodium Chloride, Potassium Sorbate, Sodium&nbsp;Benzoate.\n   <!--==================================================== You might also like section ====================================================-->\n      <h2>INNE PRODUKTY, KT\u00d3RE MOG\u0104  CI\u0118 ZAINTERESOWA\u0106<\/h2>\n      <!--==================================================== Slider YOU MIGHT ALSO LIKE ====================================================-->\n          <!---->\n          <!--   -->\n                <!-- Slides products-->\n          <!--      -->\n          <!--         <a href=\"\/pl\/charcoal-mask\/\" aria-label=\"Go to BE PURIFIED\u2122 CH\u0141ODZ\u0104CA MASECZKA Z W\u0118GLEM AKTYWNYM page\">-->\n          <!--          <img decoding=\"async\" src=\"https:\/\/monatglobal.com\/wp-content\/uploads\/2022\/12\/cold-charcoal-mask-ecomm-2022-min.png\" alt=\"BE PURIFIED\u2122 CH\u0141ODZ\u0104CA MASECZKA Z W\u0118GLEM AKTYWNYM\" loading=\"lazy\"\/>-->\n          <!--          <p>BE PURIFIED\u2122 CH\u0141ODZ\u0104CA <br \/>MASECZKA Z W\u0118GLEM&nbsp;AKTYWNYM<\/p>-->\n          <!--        <\/a>-->\n          <!--      -->\n          <!--      -->\n          <!--         <a href=\"\/pl\/skin-oil-free-moisturizer\/\" aria-label=\"Go to BE PURIFIED\u2122 KREM NAWIL\u017bAJ\u0104CY BEZ OLEJ\u00d3W page\">-->\n          <!--          <img decoding=\"async\" src=\"https:\/\/monatglobal.com\/wp-content\/uploads\/2022\/12\/Be-purifyied-oil-free-moisturizer_Ecomm.png\" alt=\"BE PURIFIED\u2122 KREM NAWIL\u017bAJ\u0104CY BEZ OLEJ\u00d3W\" loading=\"lazy\"\/>-->\n          <!--          <p>BE PURIFIED\u2122 KREM <br \/>NAWIL\u017bAJ\u0104CY BEZ OLEJ\u00d3W<\/p>-->\n          <!--        <\/a>-->\n          <!--      -->\n                <!---->\n                <!--   <a href=\"\/pl\/sun-veil-sunscreen\/\" aria-label=\"Go to SUN VEIL\u2122 MINERALNY FILTR PRZECIWS\u0141ONECZNY NA DZIE\u0143 SPF 30 page\">-->\n                <!--      <img decoding=\"async\" src=\"https:\/\/monatglobal.com\/wp-content\/uploads\/2022\/12\/sun-veil-ecomm-2022-min.png\" alt=\"SUN VEIL\u2122 MINERALNY FILTR PRZECIWS\u0141ONECZNY NA DZIE\u0143 SPF 30\" loading=\"lazy\"\/>-->\n                <!--      <p>SUN VEIL\u2122 MINERALNY FILTR <br \/>PRZECIWS\u0141ONECZNY NA DZIE\u0143 SPF&nbsp;30<\/p>-->\n                <!--   <\/a>-->\n                <!---->\n          <!--   -->\n             <!-- If we need navigation buttons -->\n          <!--   -->\n          <!--   -->\n             <!-- If we need paginations -->\n          <!--   -->\n          <!---->\n         <!--==================================================== If we need navigation buttons  ====================================================-->\n         <!--==================================================== If we need paginations  ====================================================-->\n    <a href=\"\" aria-label=\"\"><\/a>\n<!--==================================================== this link has to go last for it to work   ====================================================-->\n\n","protected":false},"excerpt":{"rendered":"<p>BE PURIFIED\u2122 \u017bel Oczyszczaj\u0105cy Od\u015bwie\u017caj\u0105cy preparat oczyszczaj\u0105cy w postaci \u017celu, wzbogacony o skuteczne sk\u0142adniki ro\u015blinne. 120 ml \u212e 4 fl. oz. Cena detaliczna000.00 z\u0142 Klient VIP000.00 z\u0142 Aby dowiedzie\u0107 si\u0119 wi\u0119cej na temat produktu BE PURIFIED\u2122 \u017bel Oczyszczaj\u0105cy, prosimy skontaktowa\u0107 si\u0119 ze swoim Market Partnerem&nbsp;MONAT. ZALETY Przeznaczona do przet\u0142uszczaj\u0105cej si\u0119 sk\u00f3ry, bezolejowa formu\u0142a delikatnie redukuje&hellip;<\/p>\n","protected":false},"author":31,"featured_media":67067,"parent":0,"menu_order":0,"comment_status":"closed","ping_status":"closed","template":"","meta":{"inline_featured_image":false,"om_disable_all_campaigns":false,"_monsterinsights_skip_tracking":false,"_monsterinsights_sitenote_active":false,"_monsterinsights_sitenote_note":"","_monsterinsights_sitenote_category":0,"footnotes":""},"categories":[39],"tags":[],"class_list":["post-67011","page","type-page","status-publish","has-post-thumbnail","hentry","category-product-pl"],"aioseo_notices":[],"aioseo_head":"\n\t\t<!-- All in One SEO Pro 4.9.5.2 - aioseo.com -->\n\t<meta name=\"description\" content=\"BE PURIFIED\u2122 \u017bel Oczyszczaj\u0105cy Od\u015bwie\u017caj\u0105cy preparat oczyszczaj\u0105cy w postaci \u017celu, wzbogacony o skuteczne sk\u0142adniki ro\u015blinne. 120 ml \u212e 4 fl. oz. Cena detaliczna000.00 z\u0142 Klient VIP000.00 z\u0142 Aby dowiedzie\u0107 si\u0119 wi\u0119cej na temat produktu BE PURIFIED\u2122 \u017bel Oczyszczaj\u0105cy, prosimy skontaktowa\u0107 si\u0119 ze swoim Market Partnerem MONAT. ZALETY Przeznaczona do przet\u0142uszczaj\u0105cej si\u0119 sk\u00f3ry, bezolejowa formu\u0142a delikatnie redukuje\" \/>\n\t<meta name=\"robots\" content=\"max-image-preview:large\" \/>\n\t<link rel=\"canonical\" href=\"https:\/\/monatglobal.com\/pl\/skin-clarifying-cleanser\/\" \/>\n\t<meta name=\"generator\" content=\"All in One SEO Pro (AIOSEO) 4.9.5.2\" \/>\n\t\t<meta property=\"og:locale\" content=\"pl_PL\" \/>\n\t\t<meta property=\"og:site_name\" content=\"MONAT POLAND - MONAT GLOBAL\" \/>\n\t\t<meta property=\"og:type\" content=\"article\" \/>\n\t\t<meta property=\"og:title\" content=\"BE PURIFIED\u2122 \u017bel Oczyszczaj\u0105cy\" \/>\n\t\t<meta property=\"og:description\" content=\"BE PURIFIED\u2122 \u017bel Oczyszczaj\u0105cy Od\u015bwie\u017caj\u0105cy preparat oczyszczaj\u0105cy w postaci \u017celu, wzbogacony o skuteczne sk\u0142adniki ro\u015blinne. 120 ml \u212e 4 fl. oz. Cena detaliczna000.00 z\u0142 Klient VIP000.00 z\u0142 Aby dowiedzie\u0107 si\u0119 wi\u0119cej na temat produktu BE PURIFIED\u2122 \u017bel Oczyszczaj\u0105cy, prosimy skontaktowa\u0107 si\u0119 ze swoim Market Partnerem MONAT. ZALETY Przeznaczona do przet\u0142uszczaj\u0105cej si\u0119 sk\u00f3ry, bezolejowa formu\u0142a delikatnie redukuje\" \/>\n\t\t<meta property=\"og:url\" content=\"https:\/\/monatglobal.com\/pl\/skin-clarifying-cleanser\/\" \/>\n\t\t<meta property=\"article:published_time\" content=\"2021-12-21T19:35:22+00:00\" \/>\n\t\t<meta property=\"article:modified_time\" content=\"2026-04-06T20:45:26+00:00\" \/>\n\t\t<meta name=\"twitter:card\" content=\"summary_large_image\" \/>\n\t\t<meta name=\"twitter:title\" content=\"BE PURIFIED\u2122 \u017bel Oczyszczaj\u0105cy\" \/>\n\t\t<meta name=\"twitter:description\" content=\"BE PURIFIED\u2122 \u017bel Oczyszczaj\u0105cy Od\u015bwie\u017caj\u0105cy preparat oczyszczaj\u0105cy w postaci \u017celu, wzbogacony o skuteczne sk\u0142adniki ro\u015blinne. 120 ml \u212e 4 fl. oz. Cena detaliczna000.00 z\u0142 Klient VIP000.00 z\u0142 Aby dowiedzie\u0107 si\u0119 wi\u0119cej na temat produktu BE PURIFIED\u2122 \u017bel Oczyszczaj\u0105cy, prosimy skontaktowa\u0107 si\u0119 ze swoim Market Partnerem MONAT. ZALETY Przeznaczona do przet\u0142uszczaj\u0105cej si\u0119 sk\u00f3ry, bezolejowa formu\u0142a delikatnie redukuje\" \/>\n\t\t<script type=\"application\/ld+json\" class=\"aioseo-schema\">\n\t\t\t{\"@context\":\"https:\\\/\\\/schema.org\",\"@graph\":[{\"@type\":\"BreadcrumbList\",\"@id\":\"https:\\\/\\\/monatglobal.com\\\/pl\\\/skin-clarifying-cleanser\\\/#breadcrumblist\",\"itemListElement\":[{\"@type\":\"ListItem\",\"@id\":\"https:\\\/\\\/monatglobal.com\\\/pl#listItem\",\"position\":1,\"name\":\"Home\",\"item\":\"https:\\\/\\\/monatglobal.com\\\/pl\",\"nextItem\":{\"@type\":\"ListItem\",\"@id\":\"https:\\\/\\\/monatglobal.com\\\/pl\\\/skin-clarifying-cleanser\\\/#listItem\",\"name\":\"BE PURIFIED\\u2122 \\u017bel Oczyszczaj\\u0105cy\"}},{\"@type\":\"ListItem\",\"@id\":\"https:\\\/\\\/monatglobal.com\\\/pl\\\/skin-clarifying-cleanser\\\/#listItem\",\"position\":2,\"name\":\"BE PURIFIED\\u2122 \\u017bel Oczyszczaj\\u0105cy\",\"previousItem\":{\"@type\":\"ListItem\",\"@id\":\"https:\\\/\\\/monatglobal.com\\\/pl#listItem\",\"name\":\"Home\"}}]},{\"@type\":\"Organization\",\"@id\":\"https:\\\/\\\/monatglobal.com\\\/pl\\\/#organization\",\"name\":\"MONAT POLAND\",\"description\":\"MONAT GLOBAL\",\"url\":\"https:\\\/\\\/monatglobal.com\\\/pl\\\/\"},{\"@type\":\"WebPage\",\"@id\":\"https:\\\/\\\/monatglobal.com\\\/pl\\\/skin-clarifying-cleanser\\\/#webpage\",\"url\":\"https:\\\/\\\/monatglobal.com\\\/pl\\\/skin-clarifying-cleanser\\\/\",\"name\":\"BE PURIFIED\\u2122 \\u017bel Oczyszczaj\\u0105cy\",\"description\":\"BE PURIFIED\\u2122 \\u017bel Oczyszczaj\\u0105cy Od\\u015bwie\\u017caj\\u0105cy preparat oczyszczaj\\u0105cy w postaci \\u017celu, wzbogacony o skuteczne sk\\u0142adniki ro\\u015blinne. 120 ml \\u212e 4 fl. oz. Cena detaliczna000.00 z\\u0142 Klient VIP000.00 z\\u0142 Aby dowiedzie\\u0107 si\\u0119 wi\\u0119cej na temat produktu BE PURIFIED\\u2122 \\u017bel Oczyszczaj\\u0105cy, prosimy skontaktowa\\u0107 si\\u0119 ze swoim Market Partnerem MONAT. ZALETY Przeznaczona do przet\\u0142uszczaj\\u0105cej si\\u0119 sk\\u00f3ry, bezolejowa formu\\u0142a delikatnie redukuje\",\"inLanguage\":\"pl-PL\",\"isPartOf\":{\"@id\":\"https:\\\/\\\/monatglobal.com\\\/pl\\\/#website\"},\"breadcrumb\":{\"@id\":\"https:\\\/\\\/monatglobal.com\\\/pl\\\/skin-clarifying-cleanser\\\/#breadcrumblist\"},\"image\":{\"@type\":\"ImageObject\",\"url\":\"https:\\\/\\\/monatglobal.com\\\/pl\\\/wp-content\\\/uploads\\\/sites\\\/9\\\/2021\\\/12\\\/be-purifying-creamy-cleanser-ecomm-2022.png\",\"@id\":\"https:\\\/\\\/monatglobal.com\\\/pl\\\/skin-clarifying-cleanser\\\/#mainImage\",\"width\":641,\"height\":800},\"primaryImageOfPage\":{\"@id\":\"https:\\\/\\\/monatglobal.com\\\/pl\\\/skin-clarifying-cleanser\\\/#mainImage\"},\"datePublished\":\"2021-12-21T19:35:22+00:00\",\"dateModified\":\"2026-04-06T21:45:26+01:00\"},{\"@type\":\"WebSite\",\"@id\":\"https:\\\/\\\/monatglobal.com\\\/pl\\\/#website\",\"url\":\"https:\\\/\\\/monatglobal.com\\\/pl\\\/\",\"name\":\"MONAT POLAND\",\"description\":\"MONAT GLOBAL\",\"inLanguage\":\"pl-PL\",\"publisher\":{\"@id\":\"https:\\\/\\\/monatglobal.com\\\/pl\\\/#organization\"}}]}\n\t\t<\/script>\n\t\t<!-- All in One SEO Pro -->\r\n\t\t<title>BE PURIFIED\u2122 \u017bel Oczyszczaj\u0105cy<\/title>\n\n","aioseo_head_json":{"title":"BE PURIFIED\u2122 \u017bel Oczyszczaj\u0105cy","description":"BE PURIFIED\u2122 \u017bel Oczyszczaj\u0105cy Od\u015bwie\u017caj\u0105cy preparat oczyszczaj\u0105cy w postaci \u017celu, wzbogacony o skuteczne sk\u0142adniki ro\u015blinne. 120 ml \u212e 4 fl. oz. Cena detaliczna000.00 z\u0142 Klient VIP000.00 z\u0142 Aby dowiedzie\u0107 si\u0119 wi\u0119cej na temat produktu BE PURIFIED\u2122 \u017bel Oczyszczaj\u0105cy, prosimy skontaktowa\u0107 si\u0119 ze swoim Market Partnerem MONAT. ZALETY Przeznaczona do przet\u0142uszczaj\u0105cej si\u0119 sk\u00f3ry, bezolejowa formu\u0142a delikatnie redukuje","canonical_url":"https:\/\/monatglobal.com\/pl\/skin-clarifying-cleanser\/","robots":"max-image-preview:large","keywords":"","webmasterTools":{"miscellaneous":""},"schema":{"@context":"https:\/\/schema.org","@graph":[{"@type":"BreadcrumbList","@id":"https:\/\/monatglobal.com\/pl\/skin-clarifying-cleanser\/#breadcrumblist","itemListElement":[{"@type":"ListItem","@id":"https:\/\/monatglobal.com\/pl#listItem","position":1,"name":"Home","item":"https:\/\/monatglobal.com\/pl","nextItem":{"@type":"ListItem","@id":"https:\/\/monatglobal.com\/pl\/skin-clarifying-cleanser\/#listItem","name":"BE PURIFIED\u2122 \u017bel Oczyszczaj\u0105cy"}},{"@type":"ListItem","@id":"https:\/\/monatglobal.com\/pl\/skin-clarifying-cleanser\/#listItem","position":2,"name":"BE PURIFIED\u2122 \u017bel Oczyszczaj\u0105cy","previousItem":{"@type":"ListItem","@id":"https:\/\/monatglobal.com\/pl#listItem","name":"Home"}}]},{"@type":"Organization","@id":"https:\/\/monatglobal.com\/pl\/#organization","name":"MONAT POLAND","description":"MONAT GLOBAL","url":"https:\/\/monatglobal.com\/pl\/"},{"@type":"WebPage","@id":"https:\/\/monatglobal.com\/pl\/skin-clarifying-cleanser\/#webpage","url":"https:\/\/monatglobal.com\/pl\/skin-clarifying-cleanser\/","name":"BE PURIFIED\u2122 \u017bel Oczyszczaj\u0105cy","description":"BE PURIFIED\u2122 \u017bel Oczyszczaj\u0105cy Od\u015bwie\u017caj\u0105cy preparat oczyszczaj\u0105cy w postaci \u017celu, wzbogacony o skuteczne sk\u0142adniki ro\u015blinne. 120 ml \u212e 4 fl. oz. Cena detaliczna000.00 z\u0142 Klient VIP000.00 z\u0142 Aby dowiedzie\u0107 si\u0119 wi\u0119cej na temat produktu BE PURIFIED\u2122 \u017bel Oczyszczaj\u0105cy, prosimy skontaktowa\u0107 si\u0119 ze swoim Market Partnerem MONAT. ZALETY Przeznaczona do przet\u0142uszczaj\u0105cej si\u0119 sk\u00f3ry, bezolejowa formu\u0142a delikatnie redukuje","inLanguage":"pl-PL","isPartOf":{"@id":"https:\/\/monatglobal.com\/pl\/#website"},"breadcrumb":{"@id":"https:\/\/monatglobal.com\/pl\/skin-clarifying-cleanser\/#breadcrumblist"},"image":{"@type":"ImageObject","url":"https:\/\/monatglobal.com\/pl\/wp-content\/uploads\/sites\/9\/2021\/12\/be-purifying-creamy-cleanser-ecomm-2022.png","@id":"https:\/\/monatglobal.com\/pl\/skin-clarifying-cleanser\/#mainImage","width":641,"height":800},"primaryImageOfPage":{"@id":"https:\/\/monatglobal.com\/pl\/skin-clarifying-cleanser\/#mainImage"},"datePublished":"2021-12-21T19:35:22+00:00","dateModified":"2026-04-06T21:45:26+01:00"},{"@type":"WebSite","@id":"https:\/\/monatglobal.com\/pl\/#website","url":"https:\/\/monatglobal.com\/pl\/","name":"MONAT POLAND","description":"MONAT GLOBAL","inLanguage":"pl-PL","publisher":{"@id":"https:\/\/monatglobal.com\/pl\/#organization"}}]},"og:locale":"pl_PL","og:site_name":"MONAT POLAND - MONAT GLOBAL","og:type":"article","og:title":"BE PURIFIED\u2122 \u017bel Oczyszczaj\u0105cy","og:description":"BE PURIFIED\u2122 \u017bel Oczyszczaj\u0105cy Od\u015bwie\u017caj\u0105cy preparat oczyszczaj\u0105cy w postaci \u017celu, wzbogacony o skuteczne sk\u0142adniki ro\u015blinne. 120 ml \u212e 4 fl. oz. Cena detaliczna000.00 z\u0142 Klient VIP000.00 z\u0142 Aby dowiedzie\u0107 si\u0119 wi\u0119cej na temat produktu BE PURIFIED\u2122 \u017bel Oczyszczaj\u0105cy, prosimy skontaktowa\u0107 si\u0119 ze swoim Market Partnerem MONAT. ZALETY Przeznaczona do przet\u0142uszczaj\u0105cej si\u0119 sk\u00f3ry, bezolejowa formu\u0142a delikatnie redukuje","og:url":"https:\/\/monatglobal.com\/pl\/skin-clarifying-cleanser\/","article:published_time":"2021-12-21T19:35:22+00:00","article:modified_time":"2026-04-06T20:45:26+00:00","twitter:card":"summary_large_image","twitter:title":"BE PURIFIED\u2122 \u017bel Oczyszczaj\u0105cy","twitter:description":"BE PURIFIED\u2122 \u017bel Oczyszczaj\u0105cy Od\u015bwie\u017caj\u0105cy preparat oczyszczaj\u0105cy w postaci \u017celu, wzbogacony o skuteczne sk\u0142adniki ro\u015blinne. 120 ml \u212e 4 fl. oz. Cena detaliczna000.00 z\u0142 Klient VIP000.00 z\u0142 Aby dowiedzie\u0107 si\u0119 wi\u0119cej na temat produktu BE PURIFIED\u2122 \u017bel Oczyszczaj\u0105cy, prosimy skontaktowa\u0107 si\u0119 ze swoim Market Partnerem MONAT. ZALETY Przeznaczona do przet\u0142uszczaj\u0105cej si\u0119 sk\u00f3ry, bezolejowa formu\u0142a delikatnie redukuje"},"aioseo_meta_data":{"post_id":"67011","title":"BE PURIFIED\u2122 \u017bel Oczyszczaj\u0105cy","description":null,"keywords":null,"keyphrases":{"focus":{"keyphrase":"","score":0,"analysis":{"keyphraseInTitle":{"score":0,"maxScore":9,"error":1}}},"additional":[]},"primary_term":null,"canonical_url":null,"og_title":null,"og_description":null,"og_object_type":"default","og_image_type":"default","og_image_url":null,"og_image_width":null,"og_image_height":null,"og_image_custom_url":null,"og_image_custom_fields":null,"og_video":"","og_custom_url":null,"og_article_section":null,"og_article_tags":null,"twitter_use_og":false,"twitter_card":"default","twitter_image_type":"default","twitter_image_url":null,"twitter_image_custom_url":null,"twitter_image_custom_fields":null,"twitter_title":null,"twitter_description":null,"schema":{"blockGraphs":[],"customGraphs":[],"default":{"data":{"Article":[],"Course":[],"Dataset":[],"FAQPage":[],"Movie":[],"Person":[],"Product":[],"ProductReview":[],"Car":[],"Recipe":[],"Service":[],"SoftwareApplication":[],"WebPage":[]},"graphName":"WebPage","isEnabled":true},"graphs":[]},"schema_type":"default","schema_type_options":null,"pillar_content":false,"robots_default":true,"robots_noindex":false,"robots_noarchive":false,"robots_nosnippet":false,"robots_nofollow":false,"robots_noimageindex":false,"robots_noodp":false,"robots_notranslate":false,"robots_max_snippet":"-1","robots_max_videopreview":"-1","robots_max_imagepreview":"large","priority":null,"frequency":"default","local_seo":null,"seo_analyzer_scan_date":"2026-04-06 21:23:47","limit_modified_date":false,"reviewed_by":"0","open_ai":null,"ai":{"faqs":[],"keyPoints":[],"titles":[],"descriptions":[],"socialPosts":{"email":[],"linkedin":[],"twitter":[],"facebook":[],"instagram":[]}},"created":"2023-07-26 10:02:06","updated":"2026-04-06 21:25:42"},"aioseo_breadcrumb":"<div class=\"aioseo-breadcrumbs\"><span class=\"aioseo-breadcrumb\">\n\t<a href=\"https:\/\/monatglobal.com\/pl\" title=\"Home\">Home<\/a>\n<\/span><span class=\"aioseo-breadcrumb-separator\">&raquo;<\/span><span class=\"aioseo-breadcrumb\">\n\tBE PURIFIED\u2122 \u017bel Oczyszczaj\u0105cy\n<\/span><\/div>","aioseo_breadcrumb_json":[{"label":"Home","link":"https:\/\/monatglobal.com\/pl"},{"label":"BE PURIFIED\u2122 \u017bel Oczyszczaj\u0105cy","link":"https:\/\/monatglobal.com\/pl\/skin-clarifying-cleanser\/"}],"_links":{"self":[{"href":"https:\/\/monatglobal.com\/pl\/wp-json\/wp\/v2\/pages\/67011","targetHints":{"allow":["GET"]}}],"collection":[{"href":"https:\/\/monatglobal.com\/pl\/wp-json\/wp\/v2\/pages"}],"about":[{"href":"https:\/\/monatglobal.com\/pl\/wp-json\/wp\/v2\/types\/page"}],"author":[{"embeddable":true,"href":"https:\/\/monatglobal.com\/pl\/wp-json\/wp\/v2\/users\/31"}],"replies":[{"embeddable":true,"href":"https:\/\/monatglobal.com\/pl\/wp-json\/wp\/v2\/comments?post=67011"}],"version-history":[{"count":25,"href":"https:\/\/monatglobal.com\/pl\/wp-json\/wp\/v2\/pages\/67011\/revisions"}],"predecessor-version":[{"id":109413,"href":"https:\/\/monatglobal.com\/pl\/wp-json\/wp\/v2\/pages\/67011\/revisions\/109413"}],"wp:featuredmedia":[{"embeddable":true,"href":"https:\/\/monatglobal.com\/pl\/wp-json\/wp\/v2\/media\/67067"}],"wp:attachment":[{"href":"https:\/\/monatglobal.com\/pl\/wp-json\/wp\/v2\/media?parent=67011"}],"wp:term":[{"taxonomy":"category","embeddable":true,"href":"https:\/\/monatglobal.com\/pl\/wp-json\/wp\/v2\/categories?post=67011"},{"taxonomy":"post_tag","embeddable":true,"href":"https:\/\/monatglobal.com\/pl\/wp-json\/wp\/v2\/tags?post=67011"}],"curies":[{"name":"wp","href":"https:\/\/api.w.org\/{rel}","templated":true}]}}