{"id":66937,"date":"2021-12-14T17:15:07","date_gmt":"2021-12-14T17:15:07","guid":{"rendered":"https:\/\/monatglobal.com\/pl\/?page_id=66937"},"modified":"2026-02-19T21:23:53","modified_gmt":"2026-02-19T21:23:53","slug":"skincare-night-age-control-cream","status":"publish","type":"page","link":"https:\/\/monatglobal.com\/pl\/skincare-night-age-control-cream\/","title":{"rendered":"Night Haven\u2122 Krem Na Noc Przeciw Oznakom Starzenia"},"content":{"rendered":"\n<link rel=\"stylesheet\" href=\"https:\/\/unpkg.com\/swiper\/swiper-bundle.min.css\">\n<link rel=\"stylesheet\" href=\"https:\/\/monatglobal.com\/wp-content\/creative_css\/product_styles_sheet.css\">\n    <!--==================================================== ECOMM SECTION ====================================================-->\n        <!--==================================================== Ecomm image ====================================================-->\n            \n                <source media=\"(max-width: 700px)\" srcset=\"https:\/\/monatglobal.com\/au\/wp-content\/uploads\/sites\/12\/2021\/12\/night-heaven-ecomm-2022_mobile.png\" loading=\"lazy\">\n                <img decoding=\"async\" src=\"https:\/\/monatglobal.com\/au\/wp-content\/uploads\/sites\/12\/2021\/12\/night-heaven-ecomm-2022_mobile.png\" alt=\"Night Haven\u2122 Krem Na Noc Przeciw Oznakom Starzenia\" loading=\"lazy\">\n            \n        <!--==================================================== Ecomm information  ====================================================-->\n            <p>Night Haven\u2122<\/p>\n            <h1>Krem Na Noc Przeciw Oznakom&nbsp;Starzenia<\/h1>\n            \n            <p>Odbudowa i&nbsp;regeneracja<br> Ceramidy poprawiaj\u0105ce stan sk\u00f3ry i&nbsp;REJUVENIQE&nbsp;S\u2122<\/p>\n            <p>50 ml \u212e 1.7 fl. oz.<\/p>\n         <!--==================================================== pricing box ====================================================-->   \n         <p>Cena detaliczna<br>000.00 z\u0142<\/p>\n         <p>Klient VIP<br>000.00 z\u0142<\/p>\n        <!--==================================================== pricing box ====================================================-->\n            <p>Aby dowiedzie\u0107 si\u0119 wi\u0119cej na temat produktu Night Haven\u2122 Krem Na Noc Przeciw Oznakom Starzenia, prosimy skontaktowa\u0107 si\u0119 ze swoim Market Partnerem&nbsp;MONAT.<\/p>\n          <a href=\"\" target=\"_blank\" role=\"button\" aria-label=\"\" rel=\"noopener\"><\/a>\n    <!--==================================================== \/ECOMM SECTION  ====================================================-->\n   <!--==================================================== Benefits image ====================================================-->\n  \n    <source media=\"(max-width: 700px)\" srcset=\"https:\/\/monatglobal.com\/au\/wp-content\/uploads\/sites\/12\/2021\/12\/night-heaven-benefits_mobile.jpg\" loading=\"lazy\">\n      <img decoding=\"async\" src=\"https:\/\/monatglobal.com\/au\/wp-content\/uploads\/sites\/12\/2021\/12\/night-heaven-benefits_2022.jpg\" alt=\"\" loading=\"lazy\">\n    \n   <!--==================================================== Benefits text ====================================================-->\n         <h2>CECHY<\/h2>\n         <h3>Ten luksusowy krem regeneruj\u0105cy na noc wtapia si\u0119 w&nbsp;sk\u00f3r\u0119, zapewniaj\u0105c jej \n         bogate od\u017cywienie i&nbsp;intensywne&nbsp;nawil\u017cenie.<\/h3>\n         Sk\u00f3ra jest od\u015bwie\u017cona, odbudowana i&nbsp;promienna zaraz po przebudzeniu. Stosuj wieczorem, \n         aby uzyska\u0107 j\u0119drniejsz\u0105, g\u0142adsz\u0105 i&nbsp;bardziej elastyczn\u0105&nbsp;sk\u00f3r\u0119.\n         <!--==================================================== features image  ====================================================-->\n         <img decoding=\"async\" alt=\"\" src=\"https:\/\/monatglobal.com\/au\/wp-content\/uploads\/sites\/12\/2021\/12\/night-heaven-features.jpg\" loading=\"lazy\">\n      <!--==================================================== features text ====================================================-->\n            <h3>Zalety<\/h3>\n               <p>\/ Zapewnia nocn\u0105 regeneracj\u0119 i&nbsp;od\u017cywienie<\/p>\n               <p>\/ Redukuje widoczno\u015b\u0107 drobnych linii i&nbsp;zmarszczek<\/p>\n               <p>\/ Sk\u00f3ra jest g\u0142adsza i&nbsp;bardziej mi\u0119kka w&nbsp;dotyku, a&nbsp;przy tym j\u0119drna i&nbsp;bardziej&nbsp;elastyczna<\/p>\n               <p>\/ Rano sk\u00f3ra wygl\u0105da na od\u015bwie\u017con\u0105, zregenerowan\u0105 i&nbsp;bardziej&nbsp;promienn\u0105<\/p>\n               <p>\/ Nadaje si\u0119 doskonale do wszystkich rodzaj\u00f3w&nbsp;sk\u00f3ry<\/p>\n               <br>\n            <p>Fragrance \/ Unwind and enjoy a coconut-forward, citrusy aroma with notes of blood orange, coconut husk, cashew nut and&nbsp;sandalwood. <\/p>\n            <p> Texture \/ Cream <\/p>\n   <!--==================================================== composition image mobile ====================================================-->\n   <img decoding=\"async\" alt=\"\" src=\"https:\/\/monatglobal.com\/au\/wp-content\/uploads\/sites\/12\/2021\/12\/night-heaven-composition-1.jpg\" loading=\"lazy\">\n   <!--==================================================== Why it works text ====================================================-->\n      <h2>ODBUDOWA I&nbsp;REGENERACJA<\/h2>\n      <h3>\u0141agodny, ale intensywnie dzia\u0142aj\u0105cy krem nawil\u017caj\u0105cy na noc wtapia si\u0119 \n      delikatnie w&nbsp;sk\u00f3r\u0119, dostarczaj\u0105c jej sk\u0142adnik\u00f3w, kt\u00f3re przyspieszaj\u0105 naturalny proces&nbsp;regeneracji.<\/h3>\n      Dzia\u0142a przez noc, uj\u0119drniaj\u0105c, wyg\u0142adzaj\u0105c i&nbsp;zmi\u0119kczaj\u0105c sk\u00f3r\u0119, jednocze\u015bnie poprawiaj\u0105c \n      jej elastyczno\u015b\u0107 oraz nadaj\u0105c jej \u015bwie\u017cego, ja\u015bniejszego i&nbsp;promiennego wygl\u0105du.\n<!--==================================================== Composition section ====================================================-->\n      <img decoding=\"async\" alt=\"\" src=\"https:\/\/monatglobal.com\/au\/wp-content\/uploads\/sites\/12\/2021\/12\/night-heaven-composition-1.jpg\" loading=\"lazy\">\n      <img decoding=\"async\" alt=\"\" src=\"https:\/\/monatglobal.com\/au\/wp-content\/uploads\/sites\/12\/2021\/12\/night-heaven-composition-3.jpg\" loading=\"lazy\">\n            <!--==================================================== Directions text ====================================================--> \n               <h3>Spos\u00f3b u\u017cycia<\/h3>\n                    <p>\/ U\u017cywaj na noc.<\/p>\n                    <p>\/ Stosuj dopiero po ca\u0142kowitym wch\u0142oni\u0119ciu si\u0119 nocnego serum i&nbsp;kremu pod oczy od&nbsp;MONAT.<\/p>\n                    <p>\/ Nabierz niewielk\u0105 ilo\u015b\u0107 preparatu ze s\u0142oiczka za pomoc\u0105 do\u0142\u0105czonej&nbsp;szpatu\u0142ki.<\/p>\n                    <p>\/ Na\u0142\u00f3\u017c r\u00f3wnomiernie na opuszki palc\u00f3w.<\/p>\n                    <p>\/ Wmasuj w&nbsp;sk\u00f3r\u0119 twarzy, szyi i&nbsp;dekoltu, wykonuj\u0105c ruchy w&nbsp;g\u00f3r\u0119.<\/p>\n            <!--==================================================== Directions video ====================================================-->\n      <p>Be Balanced\u2122 <br>Lightweight Moisturizer <br>0:35<\/p>\n         <!--==================================================== Suggestions image  ====================================================-->\n         <img decoding=\"async\" alt=\"\" src=\"https:\/\/monatglobal.com\/au\/wp-content\/uploads\/sites\/12\/2021\/12\/night-heavem-suggestion.jpg\" loading=\"lazy\">\n      <!--==================================================== Suggestions text ====================================================-->\n            <h3>Wskaz\u00f3wka<\/h3>\n               \/ Podczas snu Twoja sk\u00f3ra podlega procesom regeneracji, dlatego jest to idealna pora na dostarczenie \n               jej od\u017cywienia i&nbsp;nawil\u017cenia.\n      <a href=\"\" target=\"_blank\" role=\"button\" aria-label=\"\" rel=\"noopener\"><\/a>\n   <!--==================================================== Ingredients section  ====================================================-->\n      <h2>NAJWA\u017bNIEJSZE SK\u0141ADNIKI&nbsp;AKTYWNE<\/h2>\n      <p>REJUVENIQE&nbsp;S\u2122<\/p>\n      <p>Ceramidy<\/p>\n      <p>Kwas hialuronowy<\/p>\n      <p>Olej z&nbsp;awokado<\/p>\n      <p>Mas\u0142o shea<\/p>\n        <button id=\"myBtn\" type=\"button\">ZOBACZ PE\u0141N\u0104 LIST\u0118&nbsp;SK\u0141ADNIK\u00d3W<\/button>\n      <!--==================================================== Modal content  ====================================================-->\n         \u00d7\n         Aqua\/Water\/Eau, Trimethylolpropane Triisostearate, Ethyl Macadamiate, Hydrogenated Sunflower Seed Oil Polyglyceryl-3 \n         Esters, Persea Gratissima (Avocado) Oil, Dimethicone, Helianthus Annuus (Sunflower) Seed Oil, Butyrospermum Parkii (Shea) Butter, \n         Ceramide NP, Ceramide AP, Ceramide EOP, Sodium Hyaluronate, Bidens Pilosa Extract, Phytosphingosine, Glycyrrhiza Glabra (Licorice) \n         Root Extract, Physalis Angulata Extract, Limnanthes Alba (Meadowfoam) Seed Oil, Crambe Abyssinica Seed Oil, Camellia Oleifera Seed \n         Oil, Solanum Lycopersicum (Tomato) Seed Oil, Daucus Carota Sativa (Carrot) Seed Oil, Citrus Limon (Lemon) Peel Oil, Citrus Aurantifolia \n         (Lime) Oil, Citrus Aurantium Bergamia (Bergamot) Fruit Oil, Adansonia Digitata Oil, Mauritia Flexuosa Fruit Oil, Cocos Nucifera (Coconut) \n         Oil, Gardenia Taitensis Flower Extract, Moringa Oleifera Seed Oil, Caryocar Brasiliense Fruit Oil, Olea Europaea (Olive) Fruit Oil, \n         Simmondsia Chinensis (Jojoba) Seed Extract, Gossypium Herbaceum (Cotton) Seed Oil, Linum Usitatissimum (Linseed) Seed Oil, Elaeis \n         Guineensis (Palm) Oil, Glycerin, Tocopherol, Xanthan Gum, Sodium Polyacrylate, Xylitol, Caprylic Acid, Glyceryl Stearate, Caprylic\/Capric \n         Triglyceride, Hydrogenated Sunflower Seed Oil Glyceryl Esters, Cetearyl Alcohol, Sodium Stearoyl Lactylate, Sodium Lauroyl Lactylate, \n         Dimethiconol, Cholesterol, Carbomer, Fragrance\/Parfum, Ethylhexylglycerin, Benzyl&nbsp;Alcohol.\n   <!--==================================================== You might also like section ====================================================-->\n      <h2>INNE PRODUKTY, KT\u00d3RE MOG\u0104 CI\u0118&nbsp;ZAINTERESOWA\u0106<\/h2>\n      <!--==================================================== Slider YOU MIGHT ALSO LIKE ====================================================-->\n          <!---->\n          <!--   -->\n                <!-- Slides products-->\n          <!--      -->\n          <!--         <a href=\"\/pl\/age-control-nectar\/\" aria-label=\"Go to REWIND\u2122 NEKTAR KONTROLUJ\u0104CY WIEK page\">-->\n          <!--          <img decoding=\"async\" src=\"https:\/\/monatglobal.com\/wp-content\/uploads\/2022\/12\/Rewind-Age-Control-Nectar-ecomm-min.png\" alt=\"REWIND\u2122 NEKTAR KONTROLUJ\u0104CY WIEK\" loading=\"lazy\"\/>-->\n          <!--          <p>REWIND\u2122 NEKTAR KONTROLUJ\u0104CY&nbsp;WIEK<\/p>-->\n          <!--        <\/a>-->\n          <!--      -->\n          <!--      -->\n          <!--         <a href=\"\/pl\/eye-smooth\/\" aria-label=\"Go to EYE SMOOTH\u2122 page\">-->\n          <!--          <img decoding=\"async\" src=\"https:\/\/monatglobal.com\/wp-content\/uploads\/2022\/12\/Eye-smooth-ecomm-2022-min.png\" alt=\"EYE SMOOTH\u2122\" loading=\"lazy\"\/>-->\n          <!--          <p>EYE SMOOTH\u2122<\/p>-->\n          <!--        <\/a>-->\n          <!--      -->\n          <!--      -->\n          <!--         <a href=\"\/pl\/rejuveniqe-tm-oil-intensive\/\" aria-label=\"Go to REJUVENIQE\u00ae page\">-->\n          <!--            <img decoding=\"async\" src=\"https:\/\/monatglobal.com\/wp-content\/uploads\/2022\/12\/rejuveniqe_2021-ecomm.png\" alt=\"REJUVENIQE\u00ae\" loading=\"lazy\"\/>-->\n          <!--            <p>REJUVENIQE<sup>\u00ae<\/sup><\/p>-->\n          <!--         <\/a>-->\n          <!--      -->\n          <!--   -->\n             <!-- If we need navigation buttons -->\n          <!--   -->\n          <!--   -->\n             <!-- If we need paginations -->\n          <!--   -->\n          <!---->\n         <!--==================================================== If we need navigation buttons  ====================================================-->\n         <!--==================================================== If we need paginations  ====================================================-->\n    <a href=\"\" aria-label=\"\"><\/a>\n<!--==================================================== this link has to go last for it to work   ====================================================-->\n","protected":false},"excerpt":{"rendered":"<p>Night Haven\u2122 Krem Na Noc Przeciw Oznakom&nbsp;Starzenia Odbudowa i&nbsp;regeneracja Ceramidy poprawiaj\u0105ce stan sk\u00f3ry i&nbsp;REJUVENIQE&nbsp;S\u2122 50 ml \u212e 1.7 fl. oz. Cena detaliczna000.00 z\u0142 Klient VIP000.00 z\u0142 Aby dowiedzie\u0107 si\u0119 wi\u0119cej na temat produktu Night Haven\u2122 Krem Na Noc Przeciw Oznakom Starzenia, prosimy skontaktowa\u0107 si\u0119 ze swoim Market Partnerem&nbsp;MONAT. CECHY Ten luksusowy krem regeneruj\u0105cy na noc&hellip;<\/p>\n","protected":false},"author":31,"featured_media":66938,"parent":0,"menu_order":0,"comment_status":"closed","ping_status":"closed","template":"","meta":{"inline_featured_image":false,"om_disable_all_campaigns":false,"_monsterinsights_skip_tracking":false,"_monsterinsights_sitenote_active":false,"_monsterinsights_sitenote_note":"","_monsterinsights_sitenote_category":0,"footnotes":""},"categories":[39],"tags":[],"class_list":["post-66937","page","type-page","status-publish","has-post-thumbnail","hentry","category-product-pl"],"aioseo_notices":[],"aioseo_head":"\n\t\t<!-- All in One SEO Pro 4.9.6 - aioseo.com -->\n\t<meta name=\"description\" content=\"--&gt;\" \/>\n\t<meta name=\"robots\" content=\"max-image-preview:large\" \/>\n\t<link rel=\"canonical\" href=\"https:\/\/monatglobal.com\/pl\/skincare-night-age-control-cream\/\" \/>\n\t<meta name=\"generator\" content=\"All in One SEO Pro (AIOSEO) 4.9.6\" \/>\n\t\t<meta property=\"og:locale\" content=\"pl_PL\" \/>\n\t\t<meta property=\"og:site_name\" content=\"MONAT POLAND - MONAT GLOBAL\" \/>\n\t\t<meta property=\"og:type\" content=\"article\" \/>\n\t\t<meta property=\"og:title\" content=\"Night Haven\u2122 Krem Na Noc Przeciw Oznakom Starzenia\" \/>\n\t\t<meta property=\"og:description\" content=\"--&gt;\" \/>\n\t\t<meta property=\"og:url\" content=\"https:\/\/monatglobal.com\/pl\/skincare-night-age-control-cream\/\" \/>\n\t\t<meta property=\"article:published_time\" content=\"2021-12-14T17:15:07+00:00\" \/>\n\t\t<meta property=\"article:modified_time\" content=\"2026-02-19T21:23:53+00:00\" \/>\n\t\t<meta name=\"twitter:card\" content=\"summary_large_image\" \/>\n\t\t<meta name=\"twitter:title\" content=\"Night Haven\u2122 Krem Na Noc Przeciw Oznakom Starzenia\" \/>\n\t\t<meta name=\"twitter:description\" content=\"--&gt;\" \/>\n\t\t<script type=\"application\/ld+json\" class=\"aioseo-schema\">\n\t\t\t{\"@context\":\"https:\\\/\\\/schema.org\",\"@graph\":[{\"@type\":\"BreadcrumbList\",\"@id\":\"https:\\\/\\\/monatglobal.com\\\/pl\\\/skincare-night-age-control-cream\\\/#breadcrumblist\",\"itemListElement\":[{\"@type\":\"ListItem\",\"@id\":\"https:\\\/\\\/monatglobal.com\\\/pl#listItem\",\"position\":1,\"name\":\"Home\",\"item\":\"https:\\\/\\\/monatglobal.com\\\/pl\",\"nextItem\":{\"@type\":\"ListItem\",\"@id\":\"https:\\\/\\\/monatglobal.com\\\/pl\\\/skincare-night-age-control-cream\\\/#listItem\",\"name\":\"Night Haven\\u2122 Krem Na Noc Przeciw Oznakom Starzenia\"}},{\"@type\":\"ListItem\",\"@id\":\"https:\\\/\\\/monatglobal.com\\\/pl\\\/skincare-night-age-control-cream\\\/#listItem\",\"position\":2,\"name\":\"Night Haven\\u2122 Krem Na Noc Przeciw Oznakom Starzenia\",\"previousItem\":{\"@type\":\"ListItem\",\"@id\":\"https:\\\/\\\/monatglobal.com\\\/pl#listItem\",\"name\":\"Home\"}}]},{\"@type\":\"Organization\",\"@id\":\"https:\\\/\\\/monatglobal.com\\\/pl\\\/#organization\",\"name\":\"MONAT POLAND\",\"description\":\"MONAT GLOBAL\",\"url\":\"https:\\\/\\\/monatglobal.com\\\/pl\\\/\"},{\"@type\":\"WebPage\",\"@id\":\"https:\\\/\\\/monatglobal.com\\\/pl\\\/skincare-night-age-control-cream\\\/#webpage\",\"url\":\"https:\\\/\\\/monatglobal.com\\\/pl\\\/skincare-night-age-control-cream\\\/\",\"name\":\"Night Haven\\u2122 Krem Na Noc Przeciw Oznakom Starzenia\",\"description\":\"-->\",\"inLanguage\":\"pl-PL\",\"isPartOf\":{\"@id\":\"https:\\\/\\\/monatglobal.com\\\/pl\\\/#website\"},\"breadcrumb\":{\"@id\":\"https:\\\/\\\/monatglobal.com\\\/pl\\\/skincare-night-age-control-cream\\\/#breadcrumblist\"},\"image\":{\"@type\":\"ImageObject\",\"url\":\"https:\\\/\\\/monatglobal.com\\\/pl\\\/wp-content\\\/uploads\\\/sites\\\/9\\\/2021\\\/12\\\/night-heaven-ecomm-2022_mobile.png\",\"@id\":\"https:\\\/\\\/monatglobal.com\\\/pl\\\/skincare-night-age-control-cream\\\/#mainImage\",\"width\":641,\"height\":576},\"primaryImageOfPage\":{\"@id\":\"https:\\\/\\\/monatglobal.com\\\/pl\\\/skincare-night-age-control-cream\\\/#mainImage\"},\"datePublished\":\"2021-12-14T17:15:07+00:00\",\"dateModified\":\"2026-02-19T21:23:53+00:00\"},{\"@type\":\"WebSite\",\"@id\":\"https:\\\/\\\/monatglobal.com\\\/pl\\\/#website\",\"url\":\"https:\\\/\\\/monatglobal.com\\\/pl\\\/\",\"name\":\"MONAT POLAND\",\"description\":\"MONAT GLOBAL\",\"inLanguage\":\"pl-PL\",\"publisher\":{\"@id\":\"https:\\\/\\\/monatglobal.com\\\/pl\\\/#organization\"}}]}\n\t\t<\/script>\n\t\t<!-- All in One SEO Pro -->\r\n\t\t<title>Night Haven\u2122 Krem Na Noc Przeciw Oznakom Starzenia<\/title>\n\n","aioseo_head_json":{"title":"Night Haven\u2122 Krem Na Noc Przeciw Oznakom Starzenia","description":"-->","canonical_url":"https:\/\/monatglobal.com\/pl\/skincare-night-age-control-cream\/","robots":"max-image-preview:large","keywords":"","webmasterTools":{"miscellaneous":""},"schema":{"@context":"https:\/\/schema.org","@graph":[{"@type":"BreadcrumbList","@id":"https:\/\/monatglobal.com\/pl\/skincare-night-age-control-cream\/#breadcrumblist","itemListElement":[{"@type":"ListItem","@id":"https:\/\/monatglobal.com\/pl#listItem","position":1,"name":"Home","item":"https:\/\/monatglobal.com\/pl","nextItem":{"@type":"ListItem","@id":"https:\/\/monatglobal.com\/pl\/skincare-night-age-control-cream\/#listItem","name":"Night Haven\u2122 Krem Na Noc Przeciw Oznakom Starzenia"}},{"@type":"ListItem","@id":"https:\/\/monatglobal.com\/pl\/skincare-night-age-control-cream\/#listItem","position":2,"name":"Night Haven\u2122 Krem Na Noc Przeciw Oznakom Starzenia","previousItem":{"@type":"ListItem","@id":"https:\/\/monatglobal.com\/pl#listItem","name":"Home"}}]},{"@type":"Organization","@id":"https:\/\/monatglobal.com\/pl\/#organization","name":"MONAT POLAND","description":"MONAT GLOBAL","url":"https:\/\/monatglobal.com\/pl\/"},{"@type":"WebPage","@id":"https:\/\/monatglobal.com\/pl\/skincare-night-age-control-cream\/#webpage","url":"https:\/\/monatglobal.com\/pl\/skincare-night-age-control-cream\/","name":"Night Haven\u2122 Krem Na Noc Przeciw Oznakom Starzenia","description":"-->","inLanguage":"pl-PL","isPartOf":{"@id":"https:\/\/monatglobal.com\/pl\/#website"},"breadcrumb":{"@id":"https:\/\/monatglobal.com\/pl\/skincare-night-age-control-cream\/#breadcrumblist"},"image":{"@type":"ImageObject","url":"https:\/\/monatglobal.com\/pl\/wp-content\/uploads\/sites\/9\/2021\/12\/night-heaven-ecomm-2022_mobile.png","@id":"https:\/\/monatglobal.com\/pl\/skincare-night-age-control-cream\/#mainImage","width":641,"height":576},"primaryImageOfPage":{"@id":"https:\/\/monatglobal.com\/pl\/skincare-night-age-control-cream\/#mainImage"},"datePublished":"2021-12-14T17:15:07+00:00","dateModified":"2026-02-19T21:23:53+00:00"},{"@type":"WebSite","@id":"https:\/\/monatglobal.com\/pl\/#website","url":"https:\/\/monatglobal.com\/pl\/","name":"MONAT POLAND","description":"MONAT GLOBAL","inLanguage":"pl-PL","publisher":{"@id":"https:\/\/monatglobal.com\/pl\/#organization"}}]},"og:locale":"pl_PL","og:site_name":"MONAT POLAND - MONAT GLOBAL","og:type":"article","og:title":"Night Haven\u2122 Krem Na Noc Przeciw Oznakom Starzenia","og:description":"--&gt;","og:url":"https:\/\/monatglobal.com\/pl\/skincare-night-age-control-cream\/","article:published_time":"2021-12-14T17:15:07+00:00","article:modified_time":"2026-02-19T21:23:53+00:00","twitter:card":"summary_large_image","twitter:title":"Night Haven\u2122 Krem Na Noc Przeciw Oznakom Starzenia","twitter:description":"--&gt;"},"aioseo_meta_data":{"post_id":"66937","title":"Night Haven\u2122 Krem Na Noc Przeciw Oznakom Starzenia","description":null,"keywords":null,"keyphrases":{"focus":{"keyphrase":"","score":0,"analysis":{"keyphraseInTitle":{"score":0,"maxScore":9,"error":1}}},"additional":[]},"primary_term":null,"canonical_url":null,"og_title":null,"og_description":null,"og_object_type":"default","og_image_type":"default","og_image_url":null,"og_image_width":null,"og_image_height":null,"og_image_custom_url":null,"og_image_custom_fields":null,"og_video":"","og_custom_url":null,"og_article_section":null,"og_article_tags":null,"twitter_use_og":false,"twitter_card":"default","twitter_image_type":"default","twitter_image_url":null,"twitter_image_custom_url":null,"twitter_image_custom_fields":null,"twitter_title":null,"twitter_description":null,"schema":{"blockGraphs":[],"customGraphs":[],"default":{"data":{"Article":[],"Course":[],"Dataset":[],"FAQPage":[],"Movie":[],"Person":[],"Product":[],"ProductReview":[],"Car":[],"Recipe":[],"Service":[],"SoftwareApplication":[],"WebPage":[]},"graphName":"WebPage","isEnabled":true},"graphs":[]},"schema_type":"default","schema_type_options":null,"pillar_content":false,"robots_default":true,"robots_noindex":false,"robots_noarchive":false,"robots_nosnippet":false,"robots_nofollow":false,"robots_noimageindex":false,"robots_noodp":false,"robots_notranslate":false,"robots_max_snippet":"-1","robots_max_videopreview":"-1","robots_max_imagepreview":"large","priority":null,"frequency":"default","local_seo":null,"seo_analyzer_scan_date":"2026-02-19 21:37:09","limit_modified_date":false,"reviewed_by":"0","open_ai":null,"ai":{"faqs":[],"keyPoints":[],"titles":[],"descriptions":[],"socialPosts":{"email":[],"linkedin":[],"twitter":[],"facebook":[],"instagram":[]}},"created":"2023-07-26 10:02:06","updated":"2026-02-19 21:37:09"},"aioseo_breadcrumb":"<div class=\"aioseo-breadcrumbs\"><span class=\"aioseo-breadcrumb\">\n\t<a href=\"https:\/\/monatglobal.com\/pl\" title=\"Home\">Home<\/a>\n<\/span><span class=\"aioseo-breadcrumb-separator\">&raquo;<\/span><span class=\"aioseo-breadcrumb\">\n\tNight Haven\u2122 Krem Na Noc Przeciw Oznakom Starzenia\n<\/span><\/div>","aioseo_breadcrumb_json":[{"label":"Home","link":"https:\/\/monatglobal.com\/pl"},{"label":"Night Haven\u2122 Krem Na Noc Przeciw Oznakom Starzenia","link":"https:\/\/monatglobal.com\/pl\/skincare-night-age-control-cream\/"}],"_links":{"self":[{"href":"https:\/\/monatglobal.com\/pl\/wp-json\/wp\/v2\/pages\/66937","targetHints":{"allow":["GET"]}}],"collection":[{"href":"https:\/\/monatglobal.com\/pl\/wp-json\/wp\/v2\/pages"}],"about":[{"href":"https:\/\/monatglobal.com\/pl\/wp-json\/wp\/v2\/types\/page"}],"author":[{"embeddable":true,"href":"https:\/\/monatglobal.com\/pl\/wp-json\/wp\/v2\/users\/31"}],"replies":[{"embeddable":true,"href":"https:\/\/monatglobal.com\/pl\/wp-json\/wp\/v2\/comments?post=66937"}],"version-history":[{"count":26,"href":"https:\/\/monatglobal.com\/pl\/wp-json\/wp\/v2\/pages\/66937\/revisions"}],"predecessor-version":[{"id":109339,"href":"https:\/\/monatglobal.com\/pl\/wp-json\/wp\/v2\/pages\/66937\/revisions\/109339"}],"wp:featuredmedia":[{"embeddable":true,"href":"https:\/\/monatglobal.com\/pl\/wp-json\/wp\/v2\/media\/66938"}],"wp:attachment":[{"href":"https:\/\/monatglobal.com\/pl\/wp-json\/wp\/v2\/media?parent=66937"}],"wp:term":[{"taxonomy":"category","embeddable":true,"href":"https:\/\/monatglobal.com\/pl\/wp-json\/wp\/v2\/categories?post=66937"},{"taxonomy":"post_tag","embeddable":true,"href":"https:\/\/monatglobal.com\/pl\/wp-json\/wp\/v2\/tags?post=66937"}],"curies":[{"name":"wp","href":"https:\/\/api.w.org\/{rel}","templated":true}]}}