{"id":66927,"date":"2021-12-14T16:23:11","date_gmt":"2021-12-14T16:23:11","guid":{"rendered":"https:\/\/monatglobal.com\/pl\/?page_id=66927"},"modified":"2026-02-20T15:00:49","modified_gmt":"2026-02-20T15:00:49","slug":"makeup-vanishing-balm","status":"publish","type":"page","link":"https:\/\/monatglobal.com\/pl\/makeup-vanishing-balm\/","title":{"rendered":"Makeup Vanishing Balm\u2122"},"content":{"rendered":"\n<link rel=\"stylesheet\" href=\"https:\/\/unpkg.com\/swiper\/swiper-bundle.min.css\">\n<link rel=\"stylesheet\" href=\"https:\/\/monatglobal.com\/wp-content\/creative_css\/product_styles_sheet.css\">\n   <!--==================================================== ECOMM SECTION ====================================================-->\n      <!--==================================================== Ecomm image ====================================================-->\n         \n            <source media=\"(max-width: 700px)\" srcset=\"https:\/\/monatglobal.com\/au\/wp-content\/uploads\/sites\/12\/2021\/12\/makeup-vanishing-balm-ecomm-2022_mobile.png\" loading=\"lazy\">\n            <img decoding=\"async\" src=\"https:\/\/monatglobal.com\/au\/wp-content\/uploads\/sites\/12\/2021\/12\/makeup-vanishing-balm-ecomm-2022.png\" alt=\"Makeup Vanishing Balm\u2122\" loading=\"lazy\">\n        \n      <!--==================================================== Ecomm information  ====================================================-->\n         \n         <h1>Makeup <br>Vanishing Balm\u2122<\/h1>\n         \n         Balsam Do Demakija\u017cu <br> Skutecznie usuwa makija\u017c i&nbsp;wyg\u0142adza&nbsp;sk\u00f3r\u0119<br>\n         Zapewnia od\u017cywienie i&nbsp;nawil\u017cenie dzi\u0119ki REJUVENIQE S\u2122.\n         <p>76 ml \u212e 2.6 fl. oz.<\/p>\n       <!--==================================================== pricing box ====================================================-->  \n          <p>Cena detaliczna<br>000.00 z\u0142<\/p>\n          <p>Klient VIP<br>000.00 z\u0142<\/p>\n       <!--==================================================== pricing box ====================================================-->   \n         Aby dowiedzie\u0107 si\u0119 wi\u0119cej na temat produktu Makeup \n         Vanishing Balm\u2122, prosimy skontaktowa\u0107 si\u0119 ze swoim Market Partnerem&nbsp;MONAT.\n      <a href=\"\" target=\"_blank\" role=\"button\" aria-label=\"\" rel=\"noopener\"><\/a>\n   <!--==================================================== \/ECOMM SECTION  ====================================================-->\n   <!--==================================================== Benefits image ====================================================-->\n  \n    <source media=\"(max-width: 700px)\" srcset=\"https:\/\/monatglobal.com\/au\/wp-content\/uploads\/sites\/12\/2021\/12\/makeup-vanishing-balm-benefits_mobile.jpg\" loading=\"lazy\">\n      <img decoding=\"async\" src=\"https:\/\/monatglobal.com\/au\/wp-content\/uploads\/sites\/12\/2021\/12\/Makeup-vanishig-balm-benefits-.jpg\" alt=\"\" loading=\"lazy\">\n    \n   <!--==================================================== Benefits text ====================================================-->\n         <h2>ZALETY<\/h2>\n         <h3>Po\u017cegnaj preparaty do usuwania makija\u017cu o&nbsp;silnym dzia\u0142aniu, kt\u00f3re pozbawiaj\u0105 \n         Twoj\u0105 sk\u00f3r\u0119 naturalnego&nbsp;nawil\u017cenia!<\/h3>\n         Makeup Vanishing Balm\u2122 jest delikatny dla sk\u00f3ry, skutecznie usuwa uporczywy makija\u017c \n         oraz pozostawia cer\u0119 g\u0142adk\u0105, ukojon\u0105 i&nbsp;od\u017cywion\u0105. Ten balsam idealnie przygotowuje sk\u00f3r\u0119 pod oczyszczaj\u0105c\u0105 \n         rutyn\u0119 piel\u0119gnacyjn\u0105 od MONAT.\n         <!--==================================================== features image  ====================================================-->\n         <img decoding=\"async\" alt=\"\" src=\"https:\/\/monatglobal.com\/au\/wp-content\/uploads\/sites\/12\/2021\/12\/makeup-vanishing-balm_features.jpg\" loading=\"lazy\">\n      <!--==================================================== features text ====================================================-->\n            <h3>Cechy<\/h3>\n               <p>\/ Wst\u0119pne oczyszczanie<\/p>\n               <p>\/ Delikatne usuwanie makija\u017cu<\/p>\n               <p>\/ Balsam oczyszczaj\u0105cy<\/p>\n               <p>\/ Nawil\u017canie<\/p>\n               <br>\n            <p>Fragrance \/ Unwind and enjoy a coconut-forward, citrusy aroma with notes of blood orange, coconut husk, cashew nut and&nbsp;sandalwood. <\/p>\n            <p> Texture \/ Cream <\/p>\n   <!--==================================================== composition image mobile ====================================================-->\n   <img decoding=\"async\" alt=\"\" src=\"https:\/\/monatglobal.com\/au\/wp-content\/uploads\/sites\/12\/2021\/12\/makeup-vanishing-balm-comps-1.jpg\" loading=\"lazy\">\n   <!--==================================================== Why it works text ====================================================-->\n      <h2>SKUTECZNIE USUWA MAKIJA\u017b I&nbsp;WYG\u0141ADZA&nbsp;SK\u00d3R\u0118<\/h2>\n      <h3>Produkt do demakija\u017cu o&nbsp;mlecznej konsystencji, kt\u00f3ra \u0142atwo si\u0119&nbsp;sp\u0142ukuje. <\/h3>\n      <p>Ten wyj\u0105tkowy balsam bezproblomowo oczy\u015bci Twoj\u0105 sk\u00f3r\u0119 oraz pobudzi&nbsp;zmys\u0142y.<\/p>\n<!--==================================================== Composition section ====================================================-->\n      <img decoding=\"async\" alt=\"\" src=\"https:\/\/monatglobal.com\/au\/wp-content\/uploads\/sites\/12\/2021\/12\/makeup-vanishing-balm-comps-1.jpg\" loading=\"lazy\">\n      <img decoding=\"async\" alt=\"\" src=\"https:\/\/monatglobal.com\/au\/wp-content\/uploads\/sites\/12\/2021\/12\/makeup-vanishing-balm-comp_3.jpg\" loading=\"lazy\">\n            <!--==================================================== Directions text ====================================================--> \n               <h3>Spos\u00f3b u\u017cycia<\/h3>\n                    <p>\/ U\u017cyj przed oczyszczeniem jako cz\u0119\u015b\u0107 rutyny piel\u0119gnacyjnej&nbsp;sk\u00f3ry.<\/p>\n                    <p>\/ Nabierz niewielk\u0105 ilo\u015b\u0107 balsamu za pomoc\u0105 szpatu\u0142ki i&nbsp;rozgrzej w&nbsp;d\u0142oniach.<\/p>\n                    \/ Wmasuj w&nbsp;such\u0105 sk\u00f3r\u0119, wykonuj\u0105c okr\u0119\u017cne ruchy w&nbsp;g\u00f3r\u0119 i&nbsp;na zewn\u0105trz, skupiaj\u0105c si\u0119 na miejscach, \n                    kt\u00f3re tego&nbsp;wymagaj\u0105. \n                    <p>\/ Zwil\u017c opuszki palc\u00f3w i&nbsp;kontynuuj masowanie, a\u017c balsam zmieni si\u0119 w&nbsp;oczyszczaj\u0105ce&nbsp;mleczko.<\/p>\n                    <p>\/ Sp\u0142ucz wod\u0105 lub wytrzyj ciep\u0142\u0105, zwil\u017con\u0105 \u015bciereczk\u0105 do&nbsp;demakija\u017cu.<\/p>\n                    <p>\/ Nast\u0119pnie zastosuj sw\u00f3j ulubiony preparat oczyszczaj\u0105cy&nbsp;MONAT.<\/p>\n            <!--==================================================== Directions video ====================================================-->\n      <p>Be Balanced\u2122 <br>Lightweight Moisturizer <br>0:35<\/p>\n         <!--==================================================== features image  ====================================================-->\n         <img decoding=\"async\" alt=\"\" src=\"https:\/\/monatglobal.com\/au\/wp-content\/uploads\/sites\/12\/2021\/12\/makeup-vanishing-balm-suggestions.jpg\" loading=\"lazy\">\n      <!--==================================================== features text ====================================================-->\n            <h3>Wskaz\u00f3wki<\/h3>\n               <p>\/ Do zestawu MONAT Makeup Vanishing Balm\u2122 dodawana jest \u015bciereczka do demakija\u017cu, kt\u00f3ra pomaga w&nbsp;usuwaniu&nbsp;preparatu.<\/p>\n  <a href=\"\" target=\"_blank\" role=\"button\" aria-label=\"\" rel=\"noopener\"><\/a>\n   <!--==================================================== Ingredients section  ====================================================-->\n      <h2>NAJWA\u017bNIEJSZE SK\u0141ADNIKI AKTYWNE<\/h2>\n      <p>REJUVENIQE S\u2122<\/p>\n      <p>Naturalne kwasy owocowe&nbsp;(AHA)<\/p>\n        <button id=\"myBtn\" type=\"button\">ZOBACZ PE\u0141N\u0104 LIST\u0118&nbsp;SK\u0141ADNIK\u00d3W<\/button>\n      <!--==================================================== Modal content  ====================================================-->\n         \u00d7\n         Caprylic\/Capric Triglyceride, Isoamyl Laurate, C13-15 Alkane, PEG-20 Glyceryl Triisostearate, Polyethylene, \n         Heptyl Undecylenate, Ethylhexyl Palmitate, Synthetic Wax, Calcium Silicate, Limnanthes Alba (Meadowfoam) Seed Oil, Crambe \n         Abyssinica Seed Oil, Camellia Oleifera Seed Oil, Solanum Lycopersicum (Tomato) Seed Oil, Daucus Carota Sativa (Carrot) Seed \n         Oil, Citrus Limon (Lemon) Peel Oil, Citrus Aurantifolia (Lime) Oil, Citrus Aurantium Bergamia (Bergamot) Fruit Oil, Adansonia\n         Digitata Oil, Mauritia Flexuosa Fruit Oil, Cocos Nucifera (Coconut) Oil, Gardenia Taitensis Flower Extract, Moringa Oleifera \n         Seed Oil, Caryocar Brasiliense Fruit Oil, Helianthus Annuus (Sunflower) Seed Oil, Olea Europaea (Olive) Fruit Oil, Simmondsia \n         Chinensis (Jojoba) Seed Extract, Mangifera Indica (Mango) Pulp Extract, Musa Sapientum (Banana) Pulp Extract, Saccharum \n         Officinarum (Sugarcane) Extract, Glycolic Acid, Myrica Cerifera (Bayberry) Fruit Wax, Glycerin, Tocopherol, Silica, \n         Aqua\/Water\/Eau, Ethylhexylglycerin, Benzyl&nbsp;Alcohol.\n   <!--==================================================== You might also like section ====================================================-->\n      <h2>INNE PRODUKTY, KT\u00d3RE MOG\u0104 CI\u0118 ZAINTERESOWA\u0106<\/h2>\n      <!--==================================================== Slider YOU MIGHT ALSO LIKE ====================================================-->\n          <!---->\n          <!--   -->\n                <!-- Slides products-->\n          <!--      -->\n          <!--         <a href=\"\/pl\/foamy-cleanser\/\" aria-label=\"Go to BE BALANCED\u2122 PIANKA MYJ\u0104CA page\">-->\n          <!--          <img decoding=\"async\" src=\"https:\/\/monatglobal.com\/wp-content\/uploads\/2022\/12\/Be-Balanced-Foamy-cleanser_Ecomm-min.png\" alt=\"BE BALANCED\u2122 PIANKA MYJ\u0104CA\" loading=\"lazy\"\/>-->\n          <!--          <p>BE BALANCED\u2122 <br \/>PIANKA MYJ\u0104CA<\/p>-->\n          <!--        <\/a>-->\n          <!--      -->\n          <!--      -->\n          <!--         <a href=\"\/pl\/refined-skin-scrub\/\" aria-label=\"Go to BERRY REFINED SCRUB\u2122 page\">-->\n          <!--          <img decoding=\"async\" src=\"https:\/\/monatglobal.com\/wp-content\/uploads\/2022\/12\/skincare-berry-refined-scrub-ecomm-2022.png\" alt=\"BERRY REFINED SCRUB\u2122\" loading=\"lazy\"\/>-->\n          <!--          <p>BERRY REFINED SCRUB\u2122<\/p>-->\n          <!--        <\/a>-->\n          <!--      -->\n          <!--      -->\n          <!--         <a href=\"\/pl\/creamy-cleanser\/\" aria-label=\"Go to BE GENTLE\u2122 OCZYSZCZAJ\u0104CY KREM DO TWARZY page\">-->\n          <!--            <img decoding=\"async\" src=\"https:\/\/monatglobal.com\/wp-content\/uploads\/2022\/12\/BE-GENTLE-Creamy-Cleanser-ecomm-2022-min.png\" alt=\"BE GENTLE\u2122 OCZYSZCZAJ\u0104CY KREM DO TWARZY\" loading=\"lazy\"\/>-->\n          <!--            <p>BE GENTLE\u2122 <br \/>OCZYSZCZAJ\u0104CY KREM DO TWARZY<\/p>-->\n          <!--         <\/a>-->\n          <!--      -->\n          <!--   -->\n             <!-- If we need navigation buttons -->\n          <!--   -->\n          <!--   -->\n             <!-- If we need paginations -->\n          <!--   -->\n          <!---->\n         <!--==================================================== If we need navigation buttons  ====================================================-->\n         <!--==================================================== If we need paginations  ====================================================-->\n    <a href=\"\" aria-label=\"\"><\/a>\n<!--==================================================== this link has to go last for it to work   ====================================================-->\n","protected":false},"excerpt":{"rendered":"<p>Makeup Vanishing Balm\u2122 Balsam Do Demakija\u017cu Skutecznie usuwa makija\u017c i&nbsp;wyg\u0142adza&nbsp;sk\u00f3r\u0119 Zapewnia od\u017cywienie i&nbsp;nawil\u017cenie dzi\u0119ki REJUVENIQE S\u2122. 76 ml \u212e 2.6 fl. oz. Cena detaliczna000.00 z\u0142 Klient VIP000.00 z\u0142 Aby dowiedzie\u0107 si\u0119 wi\u0119cej na temat produktu Makeup Vanishing Balm\u2122, prosimy skontaktowa\u0107 si\u0119 ze swoim Market Partnerem&nbsp;MONAT. ZALETY Po\u017cegnaj preparaty do usuwania makija\u017cu o&nbsp;silnym dzia\u0142aniu, kt\u00f3re pozbawiaj\u0105&hellip;<\/p>\n","protected":false},"author":31,"featured_media":66928,"parent":0,"menu_order":0,"comment_status":"closed","ping_status":"closed","template":"","meta":{"inline_featured_image":false,"om_disable_all_campaigns":false,"_monsterinsights_skip_tracking":false,"_monsterinsights_sitenote_active":false,"_monsterinsights_sitenote_note":"","_monsterinsights_sitenote_category":0,"footnotes":""},"categories":[39],"tags":[],"class_list":["post-66927","page","type-page","status-publish","has-post-thumbnail","hentry","category-product-pl"],"aioseo_notices":[],"aioseo_head":"\n\t\t<!-- All in One SEO Pro 4.9.5.2 - aioseo.com -->\n\t<meta name=\"description\" content=\"--&gt;\" \/>\n\t<meta name=\"robots\" content=\"max-image-preview:large\" \/>\n\t<link rel=\"canonical\" href=\"https:\/\/monatglobal.com\/pl\/makeup-vanishing-balm\/\" \/>\n\t<meta name=\"generator\" content=\"All in One SEO Pro (AIOSEO) 4.9.5.2\" \/>\n\t\t<meta property=\"og:locale\" content=\"pl_PL\" \/>\n\t\t<meta property=\"og:site_name\" content=\"MONAT POLAND - MONAT GLOBAL\" \/>\n\t\t<meta property=\"og:type\" content=\"article\" \/>\n\t\t<meta property=\"og:title\" content=\"Makeup Vanishing Balm\u2122\" \/>\n\t\t<meta property=\"og:description\" content=\"--&gt;\" \/>\n\t\t<meta property=\"og:url\" content=\"https:\/\/monatglobal.com\/pl\/makeup-vanishing-balm\/\" \/>\n\t\t<meta property=\"article:published_time\" content=\"2021-12-14T16:23:11+00:00\" \/>\n\t\t<meta property=\"article:modified_time\" content=\"2026-02-20T15:00:49+00:00\" \/>\n\t\t<meta name=\"twitter:card\" content=\"summary_large_image\" \/>\n\t\t<meta name=\"twitter:title\" content=\"Makeup Vanishing Balm\u2122\" \/>\n\t\t<meta name=\"twitter:description\" content=\"--&gt;\" \/>\n\t\t<script type=\"application\/ld+json\" class=\"aioseo-schema\">\n\t\t\t{\"@context\":\"https:\\\/\\\/schema.org\",\"@graph\":[{\"@type\":\"BreadcrumbList\",\"@id\":\"https:\\\/\\\/monatglobal.com\\\/pl\\\/makeup-vanishing-balm\\\/#breadcrumblist\",\"itemListElement\":[{\"@type\":\"ListItem\",\"@id\":\"https:\\\/\\\/monatglobal.com\\\/pl#listItem\",\"position\":1,\"name\":\"Home\",\"item\":\"https:\\\/\\\/monatglobal.com\\\/pl\",\"nextItem\":{\"@type\":\"ListItem\",\"@id\":\"https:\\\/\\\/monatglobal.com\\\/pl\\\/makeup-vanishing-balm\\\/#listItem\",\"name\":\"Makeup Vanishing Balm\\u2122\"}},{\"@type\":\"ListItem\",\"@id\":\"https:\\\/\\\/monatglobal.com\\\/pl\\\/makeup-vanishing-balm\\\/#listItem\",\"position\":2,\"name\":\"Makeup Vanishing Balm\\u2122\",\"previousItem\":{\"@type\":\"ListItem\",\"@id\":\"https:\\\/\\\/monatglobal.com\\\/pl#listItem\",\"name\":\"Home\"}}]},{\"@type\":\"Organization\",\"@id\":\"https:\\\/\\\/monatglobal.com\\\/pl\\\/#organization\",\"name\":\"MONAT POLAND\",\"description\":\"MONAT GLOBAL\",\"url\":\"https:\\\/\\\/monatglobal.com\\\/pl\\\/\"},{\"@type\":\"WebPage\",\"@id\":\"https:\\\/\\\/monatglobal.com\\\/pl\\\/makeup-vanishing-balm\\\/#webpage\",\"url\":\"https:\\\/\\\/monatglobal.com\\\/pl\\\/makeup-vanishing-balm\\\/\",\"name\":\"Makeup Vanishing Balm\\u2122\",\"description\":\"-->\",\"inLanguage\":\"pl-PL\",\"isPartOf\":{\"@id\":\"https:\\\/\\\/monatglobal.com\\\/pl\\\/#website\"},\"breadcrumb\":{\"@id\":\"https:\\\/\\\/monatglobal.com\\\/pl\\\/makeup-vanishing-balm\\\/#breadcrumblist\"},\"image\":{\"@type\":\"ImageObject\",\"url\":\"https:\\\/\\\/monatglobal.com\\\/pl\\\/wp-content\\\/uploads\\\/sites\\\/9\\\/2021\\\/12\\\/Makeup-Vanishing-Balm_web_.png\",\"@id\":\"https:\\\/\\\/monatglobal.com\\\/pl\\\/makeup-vanishing-balm\\\/#mainImage\",\"width\":435,\"height\":575},\"primaryImageOfPage\":{\"@id\":\"https:\\\/\\\/monatglobal.com\\\/pl\\\/makeup-vanishing-balm\\\/#mainImage\"},\"datePublished\":\"2021-12-14T16:23:11+00:00\",\"dateModified\":\"2026-02-20T15:00:49+00:00\"},{\"@type\":\"WebSite\",\"@id\":\"https:\\\/\\\/monatglobal.com\\\/pl\\\/#website\",\"url\":\"https:\\\/\\\/monatglobal.com\\\/pl\\\/\",\"name\":\"MONAT POLAND\",\"description\":\"MONAT GLOBAL\",\"inLanguage\":\"pl-PL\",\"publisher\":{\"@id\":\"https:\\\/\\\/monatglobal.com\\\/pl\\\/#organization\"}}]}\n\t\t<\/script>\n\t\t<!-- All in One SEO Pro -->\r\n\t\t<title>Makeup Vanishing Balm\u2122<\/title>\n\n","aioseo_head_json":{"title":"Makeup Vanishing Balm\u2122","description":"-->","canonical_url":"https:\/\/monatglobal.com\/pl\/makeup-vanishing-balm\/","robots":"max-image-preview:large","keywords":"","webmasterTools":{"miscellaneous":""},"schema":{"@context":"https:\/\/schema.org","@graph":[{"@type":"BreadcrumbList","@id":"https:\/\/monatglobal.com\/pl\/makeup-vanishing-balm\/#breadcrumblist","itemListElement":[{"@type":"ListItem","@id":"https:\/\/monatglobal.com\/pl#listItem","position":1,"name":"Home","item":"https:\/\/monatglobal.com\/pl","nextItem":{"@type":"ListItem","@id":"https:\/\/monatglobal.com\/pl\/makeup-vanishing-balm\/#listItem","name":"Makeup Vanishing Balm\u2122"}},{"@type":"ListItem","@id":"https:\/\/monatglobal.com\/pl\/makeup-vanishing-balm\/#listItem","position":2,"name":"Makeup Vanishing Balm\u2122","previousItem":{"@type":"ListItem","@id":"https:\/\/monatglobal.com\/pl#listItem","name":"Home"}}]},{"@type":"Organization","@id":"https:\/\/monatglobal.com\/pl\/#organization","name":"MONAT POLAND","description":"MONAT GLOBAL","url":"https:\/\/monatglobal.com\/pl\/"},{"@type":"WebPage","@id":"https:\/\/monatglobal.com\/pl\/makeup-vanishing-balm\/#webpage","url":"https:\/\/monatglobal.com\/pl\/makeup-vanishing-balm\/","name":"Makeup Vanishing Balm\u2122","description":"-->","inLanguage":"pl-PL","isPartOf":{"@id":"https:\/\/monatglobal.com\/pl\/#website"},"breadcrumb":{"@id":"https:\/\/monatglobal.com\/pl\/makeup-vanishing-balm\/#breadcrumblist"},"image":{"@type":"ImageObject","url":"https:\/\/monatglobal.com\/pl\/wp-content\/uploads\/sites\/9\/2021\/12\/Makeup-Vanishing-Balm_web_.png","@id":"https:\/\/monatglobal.com\/pl\/makeup-vanishing-balm\/#mainImage","width":435,"height":575},"primaryImageOfPage":{"@id":"https:\/\/monatglobal.com\/pl\/makeup-vanishing-balm\/#mainImage"},"datePublished":"2021-12-14T16:23:11+00:00","dateModified":"2026-02-20T15:00:49+00:00"},{"@type":"WebSite","@id":"https:\/\/monatglobal.com\/pl\/#website","url":"https:\/\/monatglobal.com\/pl\/","name":"MONAT POLAND","description":"MONAT GLOBAL","inLanguage":"pl-PL","publisher":{"@id":"https:\/\/monatglobal.com\/pl\/#organization"}}]},"og:locale":"pl_PL","og:site_name":"MONAT POLAND - MONAT GLOBAL","og:type":"article","og:title":"Makeup Vanishing Balm\u2122","og:description":"--&gt;","og:url":"https:\/\/monatglobal.com\/pl\/makeup-vanishing-balm\/","article:published_time":"2021-12-14T16:23:11+00:00","article:modified_time":"2026-02-20T15:00:49+00:00","twitter:card":"summary_large_image","twitter:title":"Makeup Vanishing Balm\u2122","twitter:description":"--&gt;"},"aioseo_meta_data":{"post_id":"66927","title":"Makeup Vanishing Balm\u2122","description":null,"keywords":null,"keyphrases":{"focus":{"keyphrase":"","score":0,"analysis":{"keyphraseInTitle":{"score":0,"maxScore":9,"error":1}}},"additional":[]},"primary_term":null,"canonical_url":null,"og_title":null,"og_description":null,"og_object_type":"default","og_image_type":"default","og_image_url":null,"og_image_width":null,"og_image_height":null,"og_image_custom_url":null,"og_image_custom_fields":null,"og_video":"","og_custom_url":null,"og_article_section":null,"og_article_tags":null,"twitter_use_og":false,"twitter_card":"default","twitter_image_type":"default","twitter_image_url":null,"twitter_image_custom_url":null,"twitter_image_custom_fields":null,"twitter_title":null,"twitter_description":null,"schema":{"blockGraphs":[],"customGraphs":[],"default":{"data":{"Article":[],"Course":[],"Dataset":[],"FAQPage":[],"Movie":[],"Person":[],"Product":[],"ProductReview":[],"Car":[],"Recipe":[],"Service":[],"SoftwareApplication":[],"WebPage":[]},"graphName":"WebPage","isEnabled":true},"graphs":[]},"schema_type":"default","schema_type_options":null,"pillar_content":false,"robots_default":true,"robots_noindex":false,"robots_noarchive":false,"robots_nosnippet":false,"robots_nofollow":false,"robots_noimageindex":false,"robots_noodp":false,"robots_notranslate":false,"robots_max_snippet":"-1","robots_max_videopreview":"-1","robots_max_imagepreview":"large","priority":null,"frequency":"default","local_seo":null,"seo_analyzer_scan_date":"2026-02-20 15:02:32","limit_modified_date":false,"reviewed_by":"0","open_ai":null,"ai":{"faqs":[],"keyPoints":[],"titles":[],"descriptions":[],"socialPosts":{"email":[],"linkedin":[],"twitter":[],"facebook":[],"instagram":[]}},"created":"2023-07-26 10:02:06","updated":"2026-02-20 15:09:14"},"aioseo_breadcrumb":"<div class=\"aioseo-breadcrumbs\"><span class=\"aioseo-breadcrumb\">\n\t<a href=\"https:\/\/monatglobal.com\/pl\" title=\"Home\">Home<\/a>\n<\/span><span class=\"aioseo-breadcrumb-separator\">&raquo;<\/span><span class=\"aioseo-breadcrumb\">\n\tMakeup Vanishing Balm\u2122\n<\/span><\/div>","aioseo_breadcrumb_json":[{"label":"Home","link":"https:\/\/monatglobal.com\/pl"},{"label":"Makeup Vanishing Balm\u2122","link":"https:\/\/monatglobal.com\/pl\/makeup-vanishing-balm\/"}],"_links":{"self":[{"href":"https:\/\/monatglobal.com\/pl\/wp-json\/wp\/v2\/pages\/66927","targetHints":{"allow":["GET"]}}],"collection":[{"href":"https:\/\/monatglobal.com\/pl\/wp-json\/wp\/v2\/pages"}],"about":[{"href":"https:\/\/monatglobal.com\/pl\/wp-json\/wp\/v2\/types\/page"}],"author":[{"embeddable":true,"href":"https:\/\/monatglobal.com\/pl\/wp-json\/wp\/v2\/users\/31"}],"replies":[{"embeddable":true,"href":"https:\/\/monatglobal.com\/pl\/wp-json\/wp\/v2\/comments?post=66927"}],"version-history":[{"count":24,"href":"https:\/\/monatglobal.com\/pl\/wp-json\/wp\/v2\/pages\/66927\/revisions"}],"predecessor-version":[{"id":109354,"href":"https:\/\/monatglobal.com\/pl\/wp-json\/wp\/v2\/pages\/66927\/revisions\/109354"}],"wp:featuredmedia":[{"embeddable":true,"href":"https:\/\/monatglobal.com\/pl\/wp-json\/wp\/v2\/media\/66928"}],"wp:attachment":[{"href":"https:\/\/monatglobal.com\/pl\/wp-json\/wp\/v2\/media?parent=66927"}],"wp:term":[{"taxonomy":"category","embeddable":true,"href":"https:\/\/monatglobal.com\/pl\/wp-json\/wp\/v2\/categories?post=66927"},{"taxonomy":"post_tag","embeddable":true,"href":"https:\/\/monatglobal.com\/pl\/wp-json\/wp\/v2\/tags?post=66927"}],"curies":[{"name":"wp","href":"https:\/\/api.w.org\/{rel}","templated":true}]}}