{"id":66901,"date":"2021-12-14T13:41:17","date_gmt":"2021-12-14T13:41:17","guid":{"rendered":"https:\/\/monatglobal.com\/pl\/?page_id=66901"},"modified":"2026-02-19T20:43:55","modified_gmt":"2026-02-19T20:43:55","slug":"age-control-nectar","status":"publish","type":"page","link":"https:\/\/monatglobal.com\/pl\/age-control-nectar\/","title":{"rendered":"Rewind\u2122 Nektar Kontroluj\u0105cy Wiek"},"content":{"rendered":"\n<link rel=\"stylesheet\" href=\"https:\/\/unpkg.com\/swiper\/swiper-bundle.min.css\">\n<link rel=\"stylesheet\" href=\"https:\/\/monatglobal.com\/wp-content\/creative_css\/product_styles_sheet.css\">\n    <!--==================================================== ECOMM SECTION ====================================================-->\n    <p>BESTSELLERY<\/p>\n        <!--==================================================== Ecomm image ====================================================-->\n        <img decoding=\"async\" src=\"https:\/\/monatglobal.com\/au\/wp-content\/uploads\/sites\/12\/2021\/12\/Rewind-Age-Control-Nectar-ecomm.png\" alt=\"Rewind\u2122 Nektar Kontroluj\u0105cy Wiek\" loading=\"lazy\">\n        <!--==================================================== Ecomm information  ====================================================-->\n            <p>BESTSELLERY<\/p>\n            <p>Rewind\u2122<\/p>\n            <h1>Nektar <br>Kontroluj\u0105cy <br>Wiek<\/h1>\n            \n            <p>Korekta i regeneracja<br> Kwasy owocowe AHA i kwas hialuronowy, kt\u00f3re poprawiaj\u0105 wygl\u0105d&nbsp;sk\u00f3ry.<\/p>\n            <p>30 ml \u212e | 1 fl. oz.<\/p>\n          <!--==================================================== pricing box ====================================================-->  \n         <p>Cena detaliczna<br>000.00 z\u0142<\/p>\n         <p>Klient VIP<br>000.00 z\u0142<\/p>\n          <!--==================================================== pricing box ====================================================-->  \n            <p>Aby dowiedzie\u0107 si\u0119 wi\u0119cej na temat produktu Rewind\u2122 Nektar Kontroluj\u0105cy Wiek, prosimy skontaktowa\u0107 si\u0119 ze swoim Market Partnerem&nbsp;MONAT.<\/p>\n          <a href=\"\" target=\"_blank\" role=\"button\" aria-label=\"\" rel=\"noopener\"><\/a>\n    <!--==================================================== \/ECOMM SECTION  ====================================================-->\n   <!--==================================================== Benefits image ====================================================-->\n  \n    <source media=\"(max-width: 700px)\" srcset=\"https:\/\/monatglobal.com\/au\/wp-content\/uploads\/sites\/12\/2021\/12\/Rewind-Age-Control-Nectar-benefits-close-up_mobile.jpg\" loading=\"lazy\">\n      <img decoding=\"async\" src=\"https:\/\/monatglobal.com\/au\/wp-content\/uploads\/sites\/12\/2021\/12\/Rewind-Age-Control-Nectar-benefits-close-up.jpg\" alt=\"\" loading=\"lazy\">\n    \n   <!--==================================================== Benefits text ====================================================-->\n         <h2>ZALETY<\/h2>\n         <h3>Serum nawil\u017caj\u0105ce, kt\u00f3re szybko sie wch\u0142ania i&nbsp;g\u0142\u0119boko regneruje sk\u00f3r\u0119. \n         Produkt pomaga op\u00f3\u017ania\u0107 i&nbsp;niwelowa\u0107 oznaki starzenia oraz zapewnia g\u0142adk\u0105, mi\u0119kk\u0105 i&nbsp;promienn\u0105&nbsp;cer\u0119.<\/h3>\n         <!--==================================================== features image  ====================================================-->\n         <img decoding=\"async\" alt=\"\" src=\"https:\/\/monatglobal.com\/au\/wp-content\/uploads\/sites\/12\/2021\/12\/Rewind-Age-Control-Nectar-features.jpg\" loading=\"lazy\">\n      <!--==================================================== features text ====================================================-->\n            <h3>Cechy<\/h3>\n               <p>\/ Redukuje drobne linie i&nbsp;zmarszczki oraz poprawia struktur\u0119&nbsp;sk\u00f3ry<\/p>\n               <p>\/ Sk\u00f3ra wygl\u0105da m\u0142odziej, bardziej promiennie i&nbsp;ma wyr\u00f3wnany&nbsp;odcie\u0144<\/p>\n               <p>\/ Zapewnia natychmiastowe nawil\u017cenie, g\u0142adko\u015b\u0107 i&nbsp;blask<\/p>\n               <p>\/ Poprawia elastyczno\u015b\u0107&nbsp;sk\u00f3ry<\/p>\n               <br>\n            <p>Fragrance \/ Unwind and enjoy a coconut-forward, citrusy aroma with notes of blood orange, coconut husk, cashew nut and&nbsp;sandalwood. <\/p>\n            <p> Texture \/ Cream <\/p>\n   <!--==================================================== composition image mobile ====================================================-->\n   <img decoding=\"async\" alt=\"\" src=\"https:\/\/monatglobal.com\/au\/wp-content\/uploads\/sites\/12\/2021\/12\/Rewind-Age-Control-Nectar-comp1.jpg\" loading=\"lazy\">\n   <!--==================================================== Why it works text ====================================================-->\n      <h2>KOREKTA I&nbsp;REGENERACJA<\/h2>\n      <h3>To supernasycone serum dostarcza sk\u00f3rze od\u017cywcz\u0105 dawk\u0119 aktywnych sk\u0142adnik\u00f3w, \n      dzi\u0119ki czemu pomaga walczy\u0107 z&nbsp;nier\u00f3wnym odcieniem sk\u00f3ry, przebarwieniami zwi\u0105zanymi z&nbsp;wiekiem, utrat\u0105 elastyczno\u015bci,\n      drobnymi liniami, zmarszczkami oraz ziemisto\u015bci\u0105 cery. Odkryj g\u0142adk\u0105 sk\u00f3r\u0119 o&nbsp;m\u0142odzie\u0144czym wygl\u0105dzie!<\/h3>\n      Zaawansowana kontrola wieku ze \u015bliwk\u0105 kakadu, autorskim peptydem MONAT, kwasami owocowymi \n      AHA, kwasem hialuronowym oraz oryginalnym sk\u0142adnikiem REJUVENIQE&nbsp;S\u2122. Ten wyj\u0105tkowo skuteczny koktajl, pe\u0142en sk\u0142adnik\u00f3w \n      aktywnych, pozwoli Ci osi\u0105gn\u0105\u0107 ponadczasowy wygl\u0105d.\n<!--==================================================== Composition section ====================================================-->\n      <img decoding=\"async\" alt=\"\" src=\"https:\/\/monatglobal.com\/au\/wp-content\/uploads\/sites\/12\/2021\/12\/Rewind-Age-Control-Nectar-comp1.jpg\" loading=\"lazy\">\n      <img decoding=\"async\" alt=\"\" src=\"https:\/\/monatglobal.com\/au\/wp-content\/uploads\/sites\/12\/2021\/12\/rewind-age-control-nectar-composition-3-.jpg\" loading=\"lazy\">\n            <!--==================================================== Directions text ====================================================--> \n               <h3>Spos\u00f3b u\u017cycia<\/h3>\n                    <p>\/ Stosuj codziennie na noc po kroku&nbsp;Przygotowanie.<\/p>\n                    <p>\/ Aplikuj na opuszki palc\u00f3w i&nbsp;rozetrzyj&nbsp;r\u00f3wnomiernie.<\/p>\n                    <p>\/ Wklepuj r\u00f3wnomiernie w&nbsp;czo\u0142o, policzki, podbr\u00f3dek i&nbsp;szyj\u0119. <\/p>\n                    <p>\/ Aby osi\u0105gn\u0105\u0107 najlepsze rezultaty, rozprowadzaj preparat, kieruj\u0105c si\u0119 od \u015brodka na zewn\u0105trz i&nbsp;w&nbsp;g\u00f3r\u0119&nbsp;szyi.<\/p>\n                    <p>\/ Poczekaj do pe\u0142nego wch\u0142oni\u0119cia przed zastosowaniem kremu nawil\u017caj\u0105cego&nbsp;MONAT.<\/p>\n            <!--==================================================== Directions video ====================================================-->\n      <p>Be Balanced\u2122 <br>Lightweight Moisturizer <br>0:35<\/p>\n         <!--==================================================== features image  ====================================================-->\n         <img decoding=\"async\" alt=\"\" src=\"https:\/\/monatglobal.com\/au\/wp-content\/uploads\/sites\/12\/2021\/12\/sunscreen-suggestion.jpg\" loading=\"lazy\">\n      <!--==================================================== features text ====================================================-->\n            <h3>Wskaz\u00f3wka dla zdrowej&nbsp;sk\u00f3ry<\/h3>\n               <p>\/ W ci\u0105gu dnia stosuj tak\u017ce filtr przeciws\u0142oneczny razem z&nbsp;tym&nbsp;produktem.<\/p>\n      <a href=\"\" target=\"_blank\" role=\"button\" aria-label=\"\" rel=\"noopener\"><\/a>\n   <!--==================================================== Ingredients section  ====================================================-->\n      <h2>NAJWA\u017bNIEJSZE SK\u0141ADNIKI AKTYWNE<\/h2>\n      <p>REJUVENIQE S\u2122<\/p>\n      <p>Naturalne kwasy owocowe&nbsp;(AHA)<\/p>\n      <p>Peptyd<\/p>\n      <p>\u015aliwka kakadu<\/p>\n      <p>Kwas hialuronowy<\/p>\n        <button id=\"myBtn\" type=\"button\">ZOBACZ PE\u0141N\u0104 LIST\u0118&nbsp;SK\u0141ADNIK\u00d3W<\/button>\n      <!--==================================================== Modal content  ====================================================-->\n         \u00d7\n         Aqua\/Water\/Eau, Propanediol, Glycerin, Mangifera Indica (Mango) Pulp Extract, Musa Sapientum (Banana) Pulp Extract, \n         Pentylene Glycol, Trifluoroacetyl Tripeptide-2, Glycolic Acid, Sodium Hyaluronate, Saccharum Officinarum (Sugarcane) Extract, \n         Terminalia Ferdinandiana Fruit Extract, Limnanthes Alba (Meadowfoam) Seed Oil, Crambe Abyssinica Seed Oil, Camellia Oleifera Seed \n         Oil, Solanum Lycopersicum (Tomato) Seed Oil, Daucus Carota Sativa (Carrot) Seed Oil, Citrus Limon (Lemon) Peel Oil, Citrus\n         Aurantifolia (Lime) Oil, Citrus Aurantium Bergamia (Bergamot) Fruit Oil, Adansonia Digitata Oil, Mauritia Flexuosa Fruit Oil, Cocos \n         Nucifera (Coconut) Oil, Gardenia Taitensis Flower Extract, Moringa Oleifera Seed Oil, Caryocar Brasiliense Fruit Oil, Helianthus \n         Annuus (Sunflower) Seed Oil, Olea Europaea (Olive) Fruit Oil, Simmondsia Chinensis (Jojoba) Seed Extract, Sodium Phytate, Xanthan \n         Gum, Lecithin, Sclerotium Gum, Pullulan, Dextran, Citric Acid, Fragrance\/Parfum, Sodium Benzoate, Potassium&nbsp;Sorbate.\n   <!--==================================================== You might also like section ====================================================-->\n      <h2>INNE PRODUKTY, KT\u00d3RE MOG\u0104 CI\u0118 ZAINTERESOWA\u0106<\/h2>\n      <!--==================================================== Slider YOU MIGHT ALSO LIKE ====================================================-->\n          <!---->\n          <!--   -->\n                <!-- Slides products-->\n          <!--      -->\n          <!--         <a href=\"\/pl\/lightweight-moisturizer\/\" aria-label=\"Go to BE BALANCED\u2122 LEKKI KREM NAWIL\u017bAJ\u0104CY page\">-->\n          <!--          <img decoding=\"async\" src=\"https:\/\/monatglobal.com\/wp-content\/uploads\/2022\/12\/BE-BALANCED-Lightweight-Moisturizer_ecomm-min.png\" alt=\"BE BALANCED\u2122 LEKKI KREM NAWIL\u017bAJ\u0104CY\" loading=\"lazy\"\/>-->\n          <!--          <p>BE BALANCED\u2122 <br \/>LEKKI KREM NAWIL\u017bAJ\u0104CY<\/p>-->\n          <!--        <\/a>-->\n          <!--      -->\n          <!--      -->\n          <!--         <a href=\"\/pl\/nourishing-moisturizer\/\" aria-label=\"Go to BE GENTLE\u2122 OD\u017bYWCZY KREM NAWIL\u017bAJ\u0104CY page\">-->\n          <!--            <img decoding=\"async\" src=\"https:\/\/monatglobal.com\/wp-content\/uploads\/2022\/12\/Be-Gentle-Nourishing-Moisturizer-ecomm-min.png\" alt=\"BE GENTLE\u2122 OD\u017bYWCZY KREM NAWIL\u017bAJ\u0104CY\" loading=\"lazy\"\/>-->\n          <!--            <p>BE GENTLE\u2122 <br \/>OD\u017bYWCZY KREM NAWIL\u017bAJ\u0104CY<\/p>-->\n          <!--         <\/a>-->\n          <!--      -->\n          <!--      -->\n          <!--         <a href=\"\/pl\/creamy-cleanser\/\" aria-label=\"Go to BE GENTLE\u2122 OCZYSZCZAJ\u0104CY KREM DO TWARZY page\">-->\n          <!--            <img decoding=\"async\" src=\"https:\/\/monatglobal.com\/wp-content\/uploads\/2022\/12\/BE-GENTLE-Creamy-Cleanser-ecomm-2022-min.png\" alt=\"BE GENTLE\u2122 OCZYSZCZAJ\u0104CY KREM DO TWARZY\" loading=\"lazy\"\/>-->\n          <!--            <p>BE GENTLE\u2122 <br \/>OCZYSZCZAJ\u0104CY KREM DO TWARZY<\/p>-->\n          <!--         <\/a>-->\n          <!--      -->\n          <!--   -->\n             <!-- If we need navigation buttons -->\n          <!--   -->\n          <!--   -->\n             <!-- If we need paginations -->\n          <!--   -->\n          <!---->\n         <!--==================================================== If we need navigation buttons  ====================================================-->\n         <!--==================================================== If we need paginations  ====================================================-->\n    <a href=\"\" aria-label=\"\"><\/a>\n<!--==================================================== this link has to go last for it to work   ====================================================-->\n","protected":false},"excerpt":{"rendered":"<p>BESTSELLERY BESTSELLERY Rewind\u2122 Nektar Kontroluj\u0105cy Wiek Korekta i regeneracja Kwasy owocowe AHA i kwas hialuronowy, kt\u00f3re poprawiaj\u0105 wygl\u0105d&nbsp;sk\u00f3ry. 30 ml \u212e | 1 fl. oz. Cena detaliczna000.00 z\u0142 Klient VIP000.00 z\u0142 Aby dowiedzie\u0107 si\u0119 wi\u0119cej na temat produktu Rewind\u2122 Nektar Kontroluj\u0105cy Wiek, prosimy skontaktowa\u0107 si\u0119 ze swoim Market Partnerem&nbsp;MONAT. ZALETY Serum nawil\u017caj\u0105ce, kt\u00f3re szybko sie&hellip;<\/p>\n","protected":false},"author":31,"featured_media":66902,"parent":0,"menu_order":0,"comment_status":"closed","ping_status":"closed","template":"","meta":{"inline_featured_image":false,"om_disable_all_campaigns":false,"_monsterinsights_skip_tracking":false,"_monsterinsights_sitenote_active":false,"_monsterinsights_sitenote_note":"","_monsterinsights_sitenote_category":0,"footnotes":""},"categories":[39],"tags":[],"class_list":["post-66901","page","type-page","status-publish","has-post-thumbnail","hentry","category-product-pl"],"aioseo_notices":[],"aioseo_head":"\n\t\t<!-- All in One SEO Pro 4.9.5.2 - aioseo.com -->\n\t<meta name=\"description\" content=\"BESTSELLERY --&gt;\" \/>\n\t<meta name=\"robots\" content=\"max-image-preview:large\" \/>\n\t<link rel=\"canonical\" href=\"https:\/\/monatglobal.com\/pl\/age-control-nectar\/\" \/>\n\t<meta name=\"generator\" content=\"All in One SEO Pro (AIOSEO) 4.9.5.2\" \/>\n\t\t<meta property=\"og:locale\" content=\"pl_PL\" \/>\n\t\t<meta property=\"og:site_name\" content=\"MONAT POLAND - MONAT GLOBAL\" \/>\n\t\t<meta property=\"og:type\" content=\"article\" \/>\n\t\t<meta property=\"og:title\" content=\"Rewind\u2122 Nektar Kontroluj\u0105cy Wiek\" \/>\n\t\t<meta property=\"og:description\" content=\"BESTSELLERY --&gt;\" \/>\n\t\t<meta property=\"og:url\" content=\"https:\/\/monatglobal.com\/pl\/age-control-nectar\/\" \/>\n\t\t<meta property=\"article:published_time\" content=\"2021-12-14T13:41:17+00:00\" \/>\n\t\t<meta property=\"article:modified_time\" content=\"2026-02-19T20:43:55+00:00\" \/>\n\t\t<meta name=\"twitter:card\" content=\"summary_large_image\" \/>\n\t\t<meta name=\"twitter:title\" content=\"Rewind\u2122 Nektar Kontroluj\u0105cy Wiek\" \/>\n\t\t<meta name=\"twitter:description\" content=\"BESTSELLERY --&gt;\" \/>\n\t\t<script type=\"application\/ld+json\" class=\"aioseo-schema\">\n\t\t\t{\"@context\":\"https:\\\/\\\/schema.org\",\"@graph\":[{\"@type\":\"BreadcrumbList\",\"@id\":\"https:\\\/\\\/monatglobal.com\\\/pl\\\/age-control-nectar\\\/#breadcrumblist\",\"itemListElement\":[{\"@type\":\"ListItem\",\"@id\":\"https:\\\/\\\/monatglobal.com\\\/pl#listItem\",\"position\":1,\"name\":\"Home\",\"item\":\"https:\\\/\\\/monatglobal.com\\\/pl\",\"nextItem\":{\"@type\":\"ListItem\",\"@id\":\"https:\\\/\\\/monatglobal.com\\\/pl\\\/age-control-nectar\\\/#listItem\",\"name\":\"Rewind\\u2122 Nektar Kontroluj\\u0105cy Wiek\"}},{\"@type\":\"ListItem\",\"@id\":\"https:\\\/\\\/monatglobal.com\\\/pl\\\/age-control-nectar\\\/#listItem\",\"position\":2,\"name\":\"Rewind\\u2122 Nektar Kontroluj\\u0105cy Wiek\",\"previousItem\":{\"@type\":\"ListItem\",\"@id\":\"https:\\\/\\\/monatglobal.com\\\/pl#listItem\",\"name\":\"Home\"}}]},{\"@type\":\"Organization\",\"@id\":\"https:\\\/\\\/monatglobal.com\\\/pl\\\/#organization\",\"name\":\"MONAT POLAND\",\"description\":\"MONAT GLOBAL\",\"url\":\"https:\\\/\\\/monatglobal.com\\\/pl\\\/\"},{\"@type\":\"WebPage\",\"@id\":\"https:\\\/\\\/monatglobal.com\\\/pl\\\/age-control-nectar\\\/#webpage\",\"url\":\"https:\\\/\\\/monatglobal.com\\\/pl\\\/age-control-nectar\\\/\",\"name\":\"Rewind\\u2122 Nektar Kontroluj\\u0105cy Wiek\",\"description\":\"BESTSELLERY -->\",\"inLanguage\":\"pl-PL\",\"isPartOf\":{\"@id\":\"https:\\\/\\\/monatglobal.com\\\/pl\\\/#website\"},\"breadcrumb\":{\"@id\":\"https:\\\/\\\/monatglobal.com\\\/pl\\\/age-control-nectar\\\/#breadcrumblist\"},\"image\":{\"@type\":\"ImageObject\",\"url\":\"https:\\\/\\\/monatglobal.com\\\/pl\\\/wp-content\\\/uploads\\\/sites\\\/9\\\/2021\\\/12\\\/Rewind-Age-Control-Nectar-ecomm.png\",\"@id\":\"https:\\\/\\\/monatglobal.com\\\/pl\\\/age-control-nectar\\\/#mainImage\",\"width\":641,\"height\":800},\"primaryImageOfPage\":{\"@id\":\"https:\\\/\\\/monatglobal.com\\\/pl\\\/age-control-nectar\\\/#mainImage\"},\"datePublished\":\"2021-12-14T13:41:17+00:00\",\"dateModified\":\"2026-02-19T20:43:55+00:00\"},{\"@type\":\"WebSite\",\"@id\":\"https:\\\/\\\/monatglobal.com\\\/pl\\\/#website\",\"url\":\"https:\\\/\\\/monatglobal.com\\\/pl\\\/\",\"name\":\"MONAT POLAND\",\"description\":\"MONAT GLOBAL\",\"inLanguage\":\"pl-PL\",\"publisher\":{\"@id\":\"https:\\\/\\\/monatglobal.com\\\/pl\\\/#organization\"}}]}\n\t\t<\/script>\n\t\t<!-- All in One SEO Pro -->\r\n\t\t<title>Rewind\u2122 Nektar Kontroluj\u0105cy Wiek<\/title>\n\n","aioseo_head_json":{"title":"Rewind\u2122 Nektar Kontroluj\u0105cy Wiek","description":"BESTSELLERY -->","canonical_url":"https:\/\/monatglobal.com\/pl\/age-control-nectar\/","robots":"max-image-preview:large","keywords":"","webmasterTools":{"miscellaneous":""},"schema":{"@context":"https:\/\/schema.org","@graph":[{"@type":"BreadcrumbList","@id":"https:\/\/monatglobal.com\/pl\/age-control-nectar\/#breadcrumblist","itemListElement":[{"@type":"ListItem","@id":"https:\/\/monatglobal.com\/pl#listItem","position":1,"name":"Home","item":"https:\/\/monatglobal.com\/pl","nextItem":{"@type":"ListItem","@id":"https:\/\/monatglobal.com\/pl\/age-control-nectar\/#listItem","name":"Rewind\u2122 Nektar Kontroluj\u0105cy Wiek"}},{"@type":"ListItem","@id":"https:\/\/monatglobal.com\/pl\/age-control-nectar\/#listItem","position":2,"name":"Rewind\u2122 Nektar Kontroluj\u0105cy Wiek","previousItem":{"@type":"ListItem","@id":"https:\/\/monatglobal.com\/pl#listItem","name":"Home"}}]},{"@type":"Organization","@id":"https:\/\/monatglobal.com\/pl\/#organization","name":"MONAT POLAND","description":"MONAT GLOBAL","url":"https:\/\/monatglobal.com\/pl\/"},{"@type":"WebPage","@id":"https:\/\/monatglobal.com\/pl\/age-control-nectar\/#webpage","url":"https:\/\/monatglobal.com\/pl\/age-control-nectar\/","name":"Rewind\u2122 Nektar Kontroluj\u0105cy Wiek","description":"BESTSELLERY -->","inLanguage":"pl-PL","isPartOf":{"@id":"https:\/\/monatglobal.com\/pl\/#website"},"breadcrumb":{"@id":"https:\/\/monatglobal.com\/pl\/age-control-nectar\/#breadcrumblist"},"image":{"@type":"ImageObject","url":"https:\/\/monatglobal.com\/pl\/wp-content\/uploads\/sites\/9\/2021\/12\/Rewind-Age-Control-Nectar-ecomm.png","@id":"https:\/\/monatglobal.com\/pl\/age-control-nectar\/#mainImage","width":641,"height":800},"primaryImageOfPage":{"@id":"https:\/\/monatglobal.com\/pl\/age-control-nectar\/#mainImage"},"datePublished":"2021-12-14T13:41:17+00:00","dateModified":"2026-02-19T20:43:55+00:00"},{"@type":"WebSite","@id":"https:\/\/monatglobal.com\/pl\/#website","url":"https:\/\/monatglobal.com\/pl\/","name":"MONAT POLAND","description":"MONAT GLOBAL","inLanguage":"pl-PL","publisher":{"@id":"https:\/\/monatglobal.com\/pl\/#organization"}}]},"og:locale":"pl_PL","og:site_name":"MONAT POLAND - MONAT GLOBAL","og:type":"article","og:title":"Rewind\u2122 Nektar Kontroluj\u0105cy Wiek","og:description":"BESTSELLERY --&gt;","og:url":"https:\/\/monatglobal.com\/pl\/age-control-nectar\/","article:published_time":"2021-12-14T13:41:17+00:00","article:modified_time":"2026-02-19T20:43:55+00:00","twitter:card":"summary_large_image","twitter:title":"Rewind\u2122 Nektar Kontroluj\u0105cy Wiek","twitter:description":"BESTSELLERY --&gt;"},"aioseo_meta_data":{"post_id":"66901","title":"Rewind\u2122 Nektar Kontroluj\u0105cy Wiek","description":null,"keywords":null,"keyphrases":{"focus":{"keyphrase":"","score":0,"analysis":{"keyphraseInTitle":{"score":0,"maxScore":9,"error":1}}},"additional":[]},"primary_term":null,"canonical_url":null,"og_title":null,"og_description":null,"og_object_type":"default","og_image_type":"default","og_image_url":null,"og_image_width":null,"og_image_height":null,"og_image_custom_url":null,"og_image_custom_fields":null,"og_video":"","og_custom_url":null,"og_article_section":null,"og_article_tags":null,"twitter_use_og":false,"twitter_card":"default","twitter_image_type":"default","twitter_image_url":null,"twitter_image_custom_url":null,"twitter_image_custom_fields":null,"twitter_title":null,"twitter_description":null,"schema":{"blockGraphs":[],"customGraphs":[],"default":{"data":{"Article":[],"Course":[],"Dataset":[],"FAQPage":[],"Movie":[],"Person":[],"Product":[],"ProductReview":[],"Car":[],"Recipe":[],"Service":[],"SoftwareApplication":[],"WebPage":[]},"graphName":"WebPage","isEnabled":true},"graphs":[]},"schema_type":"default","schema_type_options":null,"pillar_content":false,"robots_default":true,"robots_noindex":false,"robots_noarchive":false,"robots_nosnippet":false,"robots_nofollow":false,"robots_noimageindex":false,"robots_noodp":false,"robots_notranslate":false,"robots_max_snippet":"-1","robots_max_videopreview":"-1","robots_max_imagepreview":"large","priority":null,"frequency":"default","local_seo":null,"seo_analyzer_scan_date":"2026-02-19 20:44:44","limit_modified_date":false,"reviewed_by":"0","open_ai":null,"ai":{"faqs":[],"keyPoints":[],"titles":[],"descriptions":[],"socialPosts":{"email":[],"linkedin":[],"twitter":[],"facebook":[],"instagram":[]}},"created":"2023-07-26 10:02:06","updated":"2026-02-19 20:52:39"},"aioseo_breadcrumb":"<div class=\"aioseo-breadcrumbs\"><span class=\"aioseo-breadcrumb\">\n\t<a href=\"https:\/\/monatglobal.com\/pl\" title=\"Home\">Home<\/a>\n<\/span><span class=\"aioseo-breadcrumb-separator\">&raquo;<\/span><span class=\"aioseo-breadcrumb\">\n\tRewind\u2122 Nektar Kontroluj\u0105cy Wiek\n<\/span><\/div>","aioseo_breadcrumb_json":[{"label":"Home","link":"https:\/\/monatglobal.com\/pl"},{"label":"Rewind\u2122 Nektar Kontroluj\u0105cy Wiek","link":"https:\/\/monatglobal.com\/pl\/age-control-nectar\/"}],"_links":{"self":[{"href":"https:\/\/monatglobal.com\/pl\/wp-json\/wp\/v2\/pages\/66901","targetHints":{"allow":["GET"]}}],"collection":[{"href":"https:\/\/monatglobal.com\/pl\/wp-json\/wp\/v2\/pages"}],"about":[{"href":"https:\/\/monatglobal.com\/pl\/wp-json\/wp\/v2\/types\/page"}],"author":[{"embeddable":true,"href":"https:\/\/monatglobal.com\/pl\/wp-json\/wp\/v2\/users\/31"}],"replies":[{"embeddable":true,"href":"https:\/\/monatglobal.com\/pl\/wp-json\/wp\/v2\/comments?post=66901"}],"version-history":[{"count":27,"href":"https:\/\/monatglobal.com\/pl\/wp-json\/wp\/v2\/pages\/66901\/revisions"}],"predecessor-version":[{"id":109326,"href":"https:\/\/monatglobal.com\/pl\/wp-json\/wp\/v2\/pages\/66901\/revisions\/109326"}],"wp:featuredmedia":[{"embeddable":true,"href":"https:\/\/monatglobal.com\/pl\/wp-json\/wp\/v2\/media\/66902"}],"wp:attachment":[{"href":"https:\/\/monatglobal.com\/pl\/wp-json\/wp\/v2\/media?parent=66901"}],"wp:term":[{"taxonomy":"category","embeddable":true,"href":"https:\/\/monatglobal.com\/pl\/wp-json\/wp\/v2\/categories?post=66901"},{"taxonomy":"post_tag","embeddable":true,"href":"https:\/\/monatglobal.com\/pl\/wp-json\/wp\/v2\/tags?post=66901"}],"curies":[{"name":"wp","href":"https:\/\/api.w.org\/{rel}","templated":true}]}}