{"id":66891,"date":"2021-12-13T14:02:16","date_gmt":"2021-12-13T14:02:16","guid":{"rendered":"https:\/\/monatglobal.com\/pl\/?page_id=66891"},"modified":"2026-02-19T20:33:06","modified_gmt":"2026-02-19T20:33:06","slug":"skin-revitalizing","status":"publish","type":"page","link":"https:\/\/monatglobal.com\/pl\/skin-revitalizing\/","title":{"rendered":"Skin Revitalizing Essence\u2122"},"content":{"rendered":"\n<link rel=\"stylesheet\" href=\"https:\/\/unpkg.com\/swiper\/swiper-bundle.min.css\">\n<link rel=\"stylesheet\" href=\"https:\/\/monatglobal.com\/wp-content\/creative_css\/product_styles_sheet.css\">\n    <!--==================================================== ECOMM SECTION ====================================================-->\n        <!--==================================================== Ecomm image ====================================================-->\n        <img decoding=\"async\" src=\"https:\/\/monatglobal.com\/au\/wp-content\/uploads\/sites\/9\/2021\/12\/Skin-Revitalizing-Essence-ecomm-2022.png\" alt=\"Skin Revitalizing Essence\u2122\" loading=\"lazy\">\n        <!--==================================================== Ecomm information  ====================================================-->\n            \n            <h1>Skin <br>Revitalizing <br>Essence\u2122<\/h1>\n            \n            <p>Od\u017cywienie i&nbsp;ukojenie<br> Naturalne kwasy owocowe i&nbsp;rumianek, kt\u00f3re zw\u0119\u017caj\u0105&nbsp;pory.<\/p>\n            <p>120 ml | 4.0 fl. oz.<\/p>\n         <!--==================================================== pricing box ====================================================--> \n         <p>Cena detaliczna<br>000.00 z\u0142<\/p>\n         <p>Klient VIP<br>000.00 z\u0142<\/p>\n          <!--==================================================== pricing box ====================================================-->  \n            <p>Aby dowiedzie\u0107 si\u0119 wi\u0119cej na temat produktu Skin Revitalizing Essence\u2122, prosimy skontaktowa\u0107 si\u0119 ze swoim Market Partnerem&nbsp;MONAT.<\/p>\n          <a href=\"\" target=\"_blank\" role=\"button\" aria-label=\"\" rel=\"noopener\"><\/a>\n    <!--==================================================== \/ECOMM SECTION  ====================================================-->\n   <!--==================================================== Benefits image ====================================================-->\n  \n    <source media=\"(max-width: 700px)\" srcset=\"https:\/\/monatglobal.com\/au\/wp-content\/uploads\/sites\/12\/2021\/12\/Skin-Revitalizing-Essence-benefits-close-up_mobile.jpg\" loading=\"lazy\">\n      <img decoding=\"async\" src=\"https:\/\/monatglobal.com\/au\/wp-content\/uploads\/sites\/12\/2021\/12\/Skin-Revitalizing-Essence-benefits-close-up.jpg\" alt=\"\" loading=\"lazy\">\n    \n   <!--==================================================== Benefits text ====================================================-->\n         <h2>ZALETY<\/h2>\n         <h3>Lekka esencja o&nbsp;ultraszybkim dzia\u0142aniu nawil\u017caj\u0105cym i&nbsp;od\u017cywczym. Jej stosowanie daje \n         efekt g\u0142adszej, ja\u015bniejszej i&nbsp;bardziej promiennej cery, niezale\u017cnie od typu&nbsp;sk\u00f3ry.<\/h3>\n         <!--==================================================== features image  ====================================================-->\n         <img decoding=\"async\" alt=\"\" src=\"https:\/\/monatglobal.com\/au\/wp-content\/uploads\/sites\/12\/2021\/12\/Skin-Revitalizing-Essence-features.jpg\" loading=\"lazy\">\n      <!--==================================================== features text ====================================================-->\n            <h3>Cechy<\/h3>\n               <p>\/ Przygotowuje sk\u00f3r\u0119 na przyj\u0119cie od\u017cywczych sk\u0142adnik\u00f3w zawartych w&nbsp;produktach do piel\u0119gnacji&nbsp;MONAT<\/p>\n               <p>\/ Sk\u00f3ra jest bardziej l\u015bni\u0105ca i&nbsp;roz\u015bwietlona<\/p>\n               <p>\/ Zw\u0119\u017ca pory<\/p>\n               <p>\/ Sk\u00f3ra jest nawodniona i&nbsp;nawil\u017cona<\/p>\n               <p>\/ Pomaga redukowa\u0107 widoczno\u015b\u0107 drobnych linii i&nbsp;zmarszczek<\/p>\n               <p>\/ Sk\u00f3ra jest mi\u0119kka i&nbsp;g\u0142adka w&nbsp;dotyku<\/p>\n               <br>\n            <p>Fragrance \/ Unwind and enjoy a coconut-forward, citrusy aroma with notes of blood orange, coconut husk, cashew nut and&nbsp;sandalwood. <\/p>\n            <p> Texture \/ Cream <\/p>\n   <!--==================================================== composition image mobile ====================================================-->\n   <img decoding=\"async\" alt=\"\" src=\"https:\/\/monatglobal.com\/au\/wp-content\/uploads\/sites\/12\/2021\/12\/Skin-Revitalizing-Essence-composition-1.jpg\" loading=\"lazy\">\n   <!--==================================================== Why it works text ====================================================-->\n      <h2>OD\u017bYWIENIE I&nbsp;UKOJENIE<\/h2>\n      <h3>Niezwykle \u0142agodny, dobroczynny i&nbsp;lekki p\u0142yn oferuje odpowiedni\u0105 mieszank\u0119 nawil\u017caj\u0105cych, \n      od\u017cywiaj\u0105cych i&nbsp;zapobiegaj\u0105cych starzeniu sk\u0142adnik\u00f3w, kt\u00f3re wyg\u0142adzaj\u0105 sk\u00f3r\u0119, czyni\u0105c j\u0105 bardziej rozja\u015bnion\u0105 i&nbsp;promienn\u0105.<\/h3>\n<!--==================================================== Composition section ====================================================-->\n      <img decoding=\"async\" alt=\"\" src=\"https:\/\/monatglobal.com\/au\/wp-content\/uploads\/sites\/12\/2021\/12\/Skin-Revitalizing-Essence-composition-1.jpg\" loading=\"lazy\">\n      <img decoding=\"async\" alt=\"\" src=\"https:\/\/monatglobal.com\/au\/wp-content\/uploads\/sites\/12\/2021\/12\/Skin-Revitalizing-Essence-composition-3.jpg\" loading=\"lazy\">\n            <!--==================================================== Directions text ====================================================--> \n               <h3>Spos\u00f3b u\u017cycia<\/h3>\n                    <p>\/ U\u017cywaj codziennie rano i&nbsp;wieczorem.<\/p>\n                    <p>\/ Po oczyszczeniu sk\u00f3ry na\u0142o\u017c niewielk\u0105 ilo\u015b\u0107 preparatu na d\u0142onie i&nbsp;przy\u0142\u00f3\u017c delikatnie do twarzy, szyi i&nbsp;dekoltu.<\/p>\n                    <p>\/ Poczekaj do pe\u0142nego wch\u0142oni\u0119cia przed zastosowaniem serum i&nbsp;kremu nawil\u017caj\u0105cego&nbsp;MONAT.<\/p>\n            <!--==================================================== Directions video ====================================================-->\n      <p>Be Balanced\u2122 <br>Lightweight Moisturizer <br>0:35<\/p>\n         <!--==================================================== features image  ====================================================-->\n         <img decoding=\"async\" alt=\"\" src=\"https:\/\/monatglobal.com\/au\/wp-content\/uploads\/sites\/12\/2021\/12\/sunscreen-suggestion.jpg\" loading=\"lazy\">\n      <!--==================================================== features text ====================================================-->\n            <h3>Wskaz\u00f3wki<\/h3>\n               <p>\/ Zastosuj krem z&nbsp;filtrem 15 minut przed wyj\u015bciem na&nbsp;s\u0142o\u0144ce.<\/p>\n      <a href=\"\" target=\"_blank\" role=\"button\" aria-label=\"\" rel=\"noopener\"><\/a>\n   <!--==================================================== Ingredients section  ====================================================-->\n      <h2>NAJWA\u017bNIEJSZE SK\u0141ADNIKI AKTYWNE<\/h2>\n      <p>Naturalne kwasy owocowe&nbsp;(AHA)<\/p>\n      <p>Ekstrakt z&nbsp;drzewa Colubrina<\/p>\n      <p>Mieszanka nawil\u017caj\u0105ca z&nbsp;ekstraktem z&nbsp;buraka<\/p>\n      <p>Rumianek<\/p>\n        <button id=\"myBtn\" type=\"button\">ZOBACZ PE\u0141N\u0104 LIST\u0118&nbsp;SK\u0141ADNIK\u00d3W<\/button>\n      <!--==================================================== Modal content  ====================================================-->\n         \u00d7\n         Aqua\/Water\/Eau, Propanediol, Glycerin, Anadenanthera Colubrina Bark Extract, Chamomilla Recutita (Matricaria) \n         Flower Extract, Mangifera Indica (Mango) Pulp Extract, Musa Sapientum (Banana) Pulp Extract, Saccharum Officinarum (Sugarcane) \n         Extract, Fructooligosaccharides, Beta Vulgaris (Beet) Root Extract, Glycolic Acid, Potassium Lactate, Lactic Acid, Sodium Phytate, \n         Citric Acid, Fragrance\/Parfum, Sodium Benzoate, Potassium&nbsp;Sorbate.\n   <!--==================================================== You might also like section ====================================================-->\n      <h2>INNE PRODUKTY, KT\u00d3RE MOG\u0104 CI\u0118 ZAINTERESOWA\u0106<\/h2>\n      <!--==================================================== Slider YOU MIGHT ALSO LIKE ====================================================-->\n          <!---->\n          <!--   -->\n                <!-- Slides products-->\n          <!--      -->\n          <!--         <a href=\"\/pl\/refined-skin-scrub\/\" aria-label=\"Go to BERRY REFINED SCRUB\u2122 page\">-->\n          <!--          <img decoding=\"async\" src=\"https:\/\/monatglobal.com\/wp-content\/uploads\/2022\/12\/skincare-berry-refined-scrub-ecomm-2022.png\" alt=\"BERRY REFINED SCRUB\u2122\" loading=\"lazy\"\/>-->\n          <!--          <p>BERRY REFINED SCRUB\u2122<\/p>-->\n          <!--        <\/a>-->\n          <!--      -->\n          <!--      -->\n          <!--         <a href=\"\/pl\/age-control-nectar\/\" aria-label=\"Go to REWIND\u2122 NEKTAR KONTROLUJ\u0104CY WIEK page\">-->\n          <!--          <img decoding=\"async\" src=\"https:\/\/monatglobal.com\/wp-content\/uploads\/2022\/12\/Rewind-Age-Control-Nectar-ecomm-min.png\" alt=\"REWIND\u2122 NEKTAR KONTROLUJ\u0104CY WIEK\" loading=\"lazy\"\/>-->\n          <!--          <p>REWIND\u2122 NEKTAR KONTROLUJ\u0104CY&nbsp;WIEK<\/p>-->\n          <!--        <\/a>-->\n          <!--      -->\n          <!--      -->\n          <!--         <a href=\"\/pl\/eye-smooth\/\" aria-label=\"Go to EYE SMOOTH\u2122 page\">-->\n          <!--            <img decoding=\"async\" src=\"https:\/\/monatglobal.com\/wp-content\/uploads\/2022\/12\/Eye-smooth-ecomm-2022-min.png\" alt=\"EYE SMOOTH\u2122\" loading=\"lazy\"\/>-->\n          <!--            <p>EYE SMOOTH\u2122<\/p>-->\n          <!--         <\/a>-->\n          <!--      -->\n          <!--   -->\n             <!-- If we need navigation buttons -->\n          <!--   -->\n          <!--   -->\n             <!-- If we need paginations -->\n          <!--   -->\n          <!---->\n         <!--==================================================== If we need navigation buttons  ====================================================-->\n         <!--==================================================== If we need paginations  ====================================================-->\n    <a href=\"\" aria-label=\"\"><\/a>\n<!--==================================================== this link has to go last for it to work   ====================================================-->\n","protected":false},"excerpt":{"rendered":"<p>Skin Revitalizing Essence\u2122 Od\u017cywienie i&nbsp;ukojenie Naturalne kwasy owocowe i&nbsp;rumianek, kt\u00f3re zw\u0119\u017caj\u0105&nbsp;pory. 120 ml | 4.0 fl. oz. Cena detaliczna000.00 z\u0142 Klient VIP000.00 z\u0142 Aby dowiedzie\u0107 si\u0119 wi\u0119cej na temat produktu Skin Revitalizing Essence\u2122, prosimy skontaktowa\u0107 si\u0119 ze swoim Market Partnerem&nbsp;MONAT. ZALETY Lekka esencja o&nbsp;ultraszybkim dzia\u0142aniu nawil\u017caj\u0105cym i&nbsp;od\u017cywczym. Jej stosowanie daje efekt g\u0142adszej, ja\u015bniejszej i&nbsp;bardziej promiennej&hellip;<\/p>\n","protected":false},"author":31,"featured_media":66892,"parent":0,"menu_order":0,"comment_status":"closed","ping_status":"closed","template":"","meta":{"inline_featured_image":false,"om_disable_all_campaigns":false,"_monsterinsights_skip_tracking":false,"_monsterinsights_sitenote_active":false,"_monsterinsights_sitenote_note":"","_monsterinsights_sitenote_category":0,"footnotes":""},"categories":[39],"tags":[],"class_list":["post-66891","page","type-page","status-publish","has-post-thumbnail","hentry","category-product-pl"],"aioseo_notices":[],"aioseo_head":"\n\t\t<!-- All in One SEO Pro 4.9.6 - aioseo.com -->\n\t<meta name=\"description\" content=\"--&gt;\" \/>\n\t<meta name=\"robots\" content=\"max-image-preview:large\" \/>\n\t<link rel=\"canonical\" href=\"https:\/\/monatglobal.com\/pl\/skin-revitalizing\/\" \/>\n\t<meta name=\"generator\" content=\"All in One SEO Pro (AIOSEO) 4.9.6\" \/>\n\t\t<meta property=\"og:locale\" content=\"pl_PL\" \/>\n\t\t<meta property=\"og:site_name\" content=\"MONAT POLAND - MONAT GLOBAL\" \/>\n\t\t<meta property=\"og:type\" content=\"article\" \/>\n\t\t<meta property=\"og:title\" content=\"Skin Revitalizing Essence\u2122\" \/>\n\t\t<meta property=\"og:description\" content=\"--&gt;\" \/>\n\t\t<meta property=\"og:url\" content=\"https:\/\/monatglobal.com\/pl\/skin-revitalizing\/\" \/>\n\t\t<meta property=\"article:published_time\" content=\"2021-12-13T14:02:16+00:00\" \/>\n\t\t<meta property=\"article:modified_time\" content=\"2026-02-19T20:33:06+00:00\" \/>\n\t\t<meta name=\"twitter:card\" content=\"summary_large_image\" \/>\n\t\t<meta name=\"twitter:title\" content=\"Skin Revitalizing Essence\u2122\" \/>\n\t\t<meta name=\"twitter:description\" content=\"--&gt;\" \/>\n\t\t<script type=\"application\/ld+json\" class=\"aioseo-schema\">\n\t\t\t{\"@context\":\"https:\\\/\\\/schema.org\",\"@graph\":[{\"@type\":\"BreadcrumbList\",\"@id\":\"https:\\\/\\\/monatglobal.com\\\/pl\\\/skin-revitalizing\\\/#breadcrumblist\",\"itemListElement\":[{\"@type\":\"ListItem\",\"@id\":\"https:\\\/\\\/monatglobal.com\\\/pl#listItem\",\"position\":1,\"name\":\"Home\",\"item\":\"https:\\\/\\\/monatglobal.com\\\/pl\",\"nextItem\":{\"@type\":\"ListItem\",\"@id\":\"https:\\\/\\\/monatglobal.com\\\/pl\\\/skin-revitalizing\\\/#listItem\",\"name\":\"Skin Revitalizing Essence\\u2122\"}},{\"@type\":\"ListItem\",\"@id\":\"https:\\\/\\\/monatglobal.com\\\/pl\\\/skin-revitalizing\\\/#listItem\",\"position\":2,\"name\":\"Skin Revitalizing Essence\\u2122\",\"previousItem\":{\"@type\":\"ListItem\",\"@id\":\"https:\\\/\\\/monatglobal.com\\\/pl#listItem\",\"name\":\"Home\"}}]},{\"@type\":\"Organization\",\"@id\":\"https:\\\/\\\/monatglobal.com\\\/pl\\\/#organization\",\"name\":\"MONAT POLAND\",\"description\":\"MONAT GLOBAL\",\"url\":\"https:\\\/\\\/monatglobal.com\\\/pl\\\/\"},{\"@type\":\"WebPage\",\"@id\":\"https:\\\/\\\/monatglobal.com\\\/pl\\\/skin-revitalizing\\\/#webpage\",\"url\":\"https:\\\/\\\/monatglobal.com\\\/pl\\\/skin-revitalizing\\\/\",\"name\":\"Skin Revitalizing Essence\\u2122\",\"description\":\"-->\",\"inLanguage\":\"pl-PL\",\"isPartOf\":{\"@id\":\"https:\\\/\\\/monatglobal.com\\\/pl\\\/#website\"},\"breadcrumb\":{\"@id\":\"https:\\\/\\\/monatglobal.com\\\/pl\\\/skin-revitalizing\\\/#breadcrumblist\"},\"image\":{\"@type\":\"ImageObject\",\"url\":\"https:\\\/\\\/monatglobal.com\\\/pl\\\/wp-content\\\/uploads\\\/sites\\\/9\\\/2021\\\/12\\\/Skin-Revitalizing-Essence-ecomm-2022.png\",\"@id\":\"https:\\\/\\\/monatglobal.com\\\/pl\\\/skin-revitalizing\\\/#mainImage\",\"width\":641,\"height\":800},\"primaryImageOfPage\":{\"@id\":\"https:\\\/\\\/monatglobal.com\\\/pl\\\/skin-revitalizing\\\/#mainImage\"},\"datePublished\":\"2021-12-13T14:02:16+00:00\",\"dateModified\":\"2026-02-19T20:33:06+00:00\"},{\"@type\":\"WebSite\",\"@id\":\"https:\\\/\\\/monatglobal.com\\\/pl\\\/#website\",\"url\":\"https:\\\/\\\/monatglobal.com\\\/pl\\\/\",\"name\":\"MONAT POLAND\",\"description\":\"MONAT GLOBAL\",\"inLanguage\":\"pl-PL\",\"publisher\":{\"@id\":\"https:\\\/\\\/monatglobal.com\\\/pl\\\/#organization\"}}]}\n\t\t<\/script>\n\t\t<!-- All in One SEO Pro -->\r\n\t\t<title>Skin Revitalizing Essence\u2122<\/title>\n\n","aioseo_head_json":{"title":"Skin Revitalizing Essence\u2122","description":"-->","canonical_url":"https:\/\/monatglobal.com\/pl\/skin-revitalizing\/","robots":"max-image-preview:large","keywords":"","webmasterTools":{"miscellaneous":""},"schema":{"@context":"https:\/\/schema.org","@graph":[{"@type":"BreadcrumbList","@id":"https:\/\/monatglobal.com\/pl\/skin-revitalizing\/#breadcrumblist","itemListElement":[{"@type":"ListItem","@id":"https:\/\/monatglobal.com\/pl#listItem","position":1,"name":"Home","item":"https:\/\/monatglobal.com\/pl","nextItem":{"@type":"ListItem","@id":"https:\/\/monatglobal.com\/pl\/skin-revitalizing\/#listItem","name":"Skin Revitalizing Essence\u2122"}},{"@type":"ListItem","@id":"https:\/\/monatglobal.com\/pl\/skin-revitalizing\/#listItem","position":2,"name":"Skin Revitalizing Essence\u2122","previousItem":{"@type":"ListItem","@id":"https:\/\/monatglobal.com\/pl#listItem","name":"Home"}}]},{"@type":"Organization","@id":"https:\/\/monatglobal.com\/pl\/#organization","name":"MONAT POLAND","description":"MONAT GLOBAL","url":"https:\/\/monatglobal.com\/pl\/"},{"@type":"WebPage","@id":"https:\/\/monatglobal.com\/pl\/skin-revitalizing\/#webpage","url":"https:\/\/monatglobal.com\/pl\/skin-revitalizing\/","name":"Skin Revitalizing Essence\u2122","description":"-->","inLanguage":"pl-PL","isPartOf":{"@id":"https:\/\/monatglobal.com\/pl\/#website"},"breadcrumb":{"@id":"https:\/\/monatglobal.com\/pl\/skin-revitalizing\/#breadcrumblist"},"image":{"@type":"ImageObject","url":"https:\/\/monatglobal.com\/pl\/wp-content\/uploads\/sites\/9\/2021\/12\/Skin-Revitalizing-Essence-ecomm-2022.png","@id":"https:\/\/monatglobal.com\/pl\/skin-revitalizing\/#mainImage","width":641,"height":800},"primaryImageOfPage":{"@id":"https:\/\/monatglobal.com\/pl\/skin-revitalizing\/#mainImage"},"datePublished":"2021-12-13T14:02:16+00:00","dateModified":"2026-02-19T20:33:06+00:00"},{"@type":"WebSite","@id":"https:\/\/monatglobal.com\/pl\/#website","url":"https:\/\/monatglobal.com\/pl\/","name":"MONAT POLAND","description":"MONAT GLOBAL","inLanguage":"pl-PL","publisher":{"@id":"https:\/\/monatglobal.com\/pl\/#organization"}}]},"og:locale":"pl_PL","og:site_name":"MONAT POLAND - MONAT GLOBAL","og:type":"article","og:title":"Skin Revitalizing Essence\u2122","og:description":"--&gt;","og:url":"https:\/\/monatglobal.com\/pl\/skin-revitalizing\/","article:published_time":"2021-12-13T14:02:16+00:00","article:modified_time":"2026-02-19T20:33:06+00:00","twitter:card":"summary_large_image","twitter:title":"Skin Revitalizing Essence\u2122","twitter:description":"--&gt;"},"aioseo_meta_data":{"post_id":"66891","title":"Skin Revitalizing Essence\u2122","description":null,"keywords":null,"keyphrases":{"focus":{"keyphrase":"","score":0,"analysis":{"keyphraseInTitle":{"score":0,"maxScore":9,"error":1}}},"additional":[]},"primary_term":null,"canonical_url":null,"og_title":null,"og_description":null,"og_object_type":"default","og_image_type":"default","og_image_url":null,"og_image_width":null,"og_image_height":null,"og_image_custom_url":null,"og_image_custom_fields":null,"og_video":"","og_custom_url":null,"og_article_section":null,"og_article_tags":null,"twitter_use_og":false,"twitter_card":"default","twitter_image_type":"default","twitter_image_url":null,"twitter_image_custom_url":null,"twitter_image_custom_fields":null,"twitter_title":null,"twitter_description":null,"schema":{"blockGraphs":[],"customGraphs":[],"default":{"data":{"Article":[],"Course":[],"Dataset":[],"FAQPage":[],"Movie":[],"Person":[],"Product":[],"ProductReview":[],"Car":[],"Recipe":[],"Service":[],"SoftwareApplication":[],"WebPage":[]},"graphName":"WebPage","isEnabled":true},"graphs":[]},"schema_type":"default","schema_type_options":null,"pillar_content":false,"robots_default":true,"robots_noindex":false,"robots_noarchive":false,"robots_nosnippet":false,"robots_nofollow":false,"robots_noimageindex":false,"robots_noodp":false,"robots_notranslate":false,"robots_max_snippet":"-1","robots_max_videopreview":"-1","robots_max_imagepreview":"large","priority":null,"frequency":"default","local_seo":null,"seo_analyzer_scan_date":"2026-02-19 20:43:31","limit_modified_date":false,"reviewed_by":"0","open_ai":null,"ai":{"faqs":[],"keyPoints":[],"titles":[],"descriptions":[],"socialPosts":{"email":[],"linkedin":[],"twitter":[],"facebook":[],"instagram":[]}},"created":"2023-07-26 10:02:06","updated":"2026-02-19 20:43:31"},"aioseo_breadcrumb":"<div class=\"aioseo-breadcrumbs\"><span class=\"aioseo-breadcrumb\">\n\t<a href=\"https:\/\/monatglobal.com\/pl\" title=\"Home\">Home<\/a>\n<\/span><span class=\"aioseo-breadcrumb-separator\">&raquo;<\/span><span class=\"aioseo-breadcrumb\">\n\tSkin Revitalizing Essence\u2122\n<\/span><\/div>","aioseo_breadcrumb_json":[{"label":"Home","link":"https:\/\/monatglobal.com\/pl"},{"label":"Skin Revitalizing Essence\u2122","link":"https:\/\/monatglobal.com\/pl\/skin-revitalizing\/"}],"_links":{"self":[{"href":"https:\/\/monatglobal.com\/pl\/wp-json\/wp\/v2\/pages\/66891","targetHints":{"allow":["GET"]}}],"collection":[{"href":"https:\/\/monatglobal.com\/pl\/wp-json\/wp\/v2\/pages"}],"about":[{"href":"https:\/\/monatglobal.com\/pl\/wp-json\/wp\/v2\/types\/page"}],"author":[{"embeddable":true,"href":"https:\/\/monatglobal.com\/pl\/wp-json\/wp\/v2\/users\/31"}],"replies":[{"embeddable":true,"href":"https:\/\/monatglobal.com\/pl\/wp-json\/wp\/v2\/comments?post=66891"}],"version-history":[{"count":26,"href":"https:\/\/monatglobal.com\/pl\/wp-json\/wp\/v2\/pages\/66891\/revisions"}],"predecessor-version":[{"id":109324,"href":"https:\/\/monatglobal.com\/pl\/wp-json\/wp\/v2\/pages\/66891\/revisions\/109324"}],"wp:featuredmedia":[{"embeddable":true,"href":"https:\/\/monatglobal.com\/pl\/wp-json\/wp\/v2\/media\/66892"}],"wp:attachment":[{"href":"https:\/\/monatglobal.com\/pl\/wp-json\/wp\/v2\/media?parent=66891"}],"wp:term":[{"taxonomy":"category","embeddable":true,"href":"https:\/\/monatglobal.com\/pl\/wp-json\/wp\/v2\/categories?post=66891"},{"taxonomy":"post_tag","embeddable":true,"href":"https:\/\/monatglobal.com\/pl\/wp-json\/wp\/v2\/tags?post=66891"}],"curies":[{"name":"wp","href":"https:\/\/api.w.org\/{rel}","templated":true}]}}