{"id":66881,"date":"2021-12-13T12:37:35","date_gmt":"2021-12-13T12:37:35","guid":{"rendered":"https:\/\/monatglobal.com\/pl\/?page_id=66881"},"modified":"2026-02-19T20:41:20","modified_gmt":"2026-02-19T20:41:20","slug":"skincare-c-radiance","status":"publish","type":"page","link":"https:\/\/monatglobal.com\/pl\/skincare-c-radiance\/","title":{"rendered":"C. Radiance\u2122 Serum Roz\u015bwietlaj\u0105ce"},"content":{"rendered":"\n<link rel=\"stylesheet\" href=\"https:\/\/unpkg.com\/swiper\/swiper-bundle.min.css\">\n<link rel=\"stylesheet\" href=\"\/wp-content\/creative_css\/product_styles_sheet.css\">\n    <!--==================================================== ECOMM SECTION ====================================================-->\n        <!--==================================================== Ecomm image ====================================================-->\n            <img decoding=\"async\" src=\"\/au\/wp-content\/uploads\/sites\/12\/2021\/12\/C-Radiance-Illuminating-Serum-ecomm-2022.png\" alt=\"C. Radiance\u2122 Serum Roz\u015bwietlaj\u0105ce\" loading=\"lazy\">\n        <!--==================================================== Ecomm information  ====================================================-->\n            <p>C. Radiance\u2122<\/p>\n            <h1>Serum <br>Roz\u015bwietlaj\u0105ce<\/h1>\n            \n            <p>Roz\u015bwietlenie i&nbsp;poprawa wygl\u0105du<br> Wzmacniaj\u0105ce efekt roz\u015bwietlenia przeciwutleniacze i&nbsp;\u015bliwka&nbsp;kakadu<\/p>\n            <p>30 ml \u212e 1.0 fl. oz.<\/p>\n         <!--==================================================== pricing box ====================================================-->   \n         <p>Cena detaliczna<br>000.00 z\u0142<\/p>\n         <p>Klient VIP<br>000.00 z\u0142<\/p>\n          <!--==================================================== pricing box ====================================================-->  \n            <p>Aby dowiedzie\u0107 si\u0119 wi\u0119cej na temat produktu C. Radiance\u2122 Serum Roz\u015bwietlaj\u0105ce, prosimy skontaktowa\u0107 si\u0119 ze swoim Market Partnerem&nbsp;MONAT.<\/p>\n          <a href=\"\" target=\"_blank\" role=\"button\" aria-label=\"\" rel=\"noopener\"><\/a>\n    <!--==================================================== \/ECOMM SECTION  ====================================================-->\n   <!--==================================================== Benefits image ====================================================-->\n  \n    <source media=\"(max-width: 700px)\" srcset=\"\/au\/wp-content\/uploads\/sites\/12\/2021\/12\/C-Radiance-Illuminating-Serum-benefits_close-up_mobile.jpg\" loading=\"lazy\">\n      <img decoding=\"async\" src=\"\/au\/wp-content\/uploads\/sites\/12\/2021\/12\/C-Radiance-Illuminating-Serum-benefits_close-up.jpg\" alt=\"\" loading=\"lazy\">\n    \n   <!--==================================================== Benefits text ====================================================-->\n         <h2>ZALETY<\/h2>\n         <h3>Supernasycone, 15% serum z&nbsp;witamin\u0105 C&nbsp;zawieraj\u0105ce przeciwutleniacze, kt\u00f3re pomagaj\u0105 rozja\u015bni\u0107 \n         Twoj\u0105 cer\u0119 i&nbsp;poprawi\u0107 jej&nbsp;wygl\u0105d.<\/h3>\n         <p>Nasze jedwabiste serum \u0142atwo si\u0119 rozprowadza i&nbsp;szybko wch\u0142ania, nadaj\u0105c Ci zdrowy, m\u0142odzie\u0144czy&nbsp;blask.<\/p>\n         <!--==================================================== features image  ====================================================-->\n         <img decoding=\"async\" alt=\"\" src=\"\/au\/wp-content\/uploads\/sites\/12\/2021\/12\/c-radiance-illiminating-serum-features-.jpg\" loading=\"lazy\">\n      <!--==================================================== features text ====================================================-->\n            <h3>Cechy<\/h3>\n               <p>\/ Sk\u00f3ra od razu wygl\u0105da na od\u015bwie\u017con\u0105, rozja\u015bnion\u0105 i&nbsp;bardziej&nbsp;promienn\u0105<\/p>\n               <p>\/ Redukuje widoczne uszkodzenia spowodowane przez s\u0142o\u0144ce, ciemne plamy i&nbsp;przebarwienia<\/p>\n               <p>\/ Poprawia struktur\u0119, mi\u0119kko\u015b\u0107 i&nbsp;g\u0142adko\u015b\u0107&nbsp;sk\u00f3ry<\/p>\n               <p>\/ Nadaje si\u0119 doskonale do wszystkich rodzaj\u00f3w&nbsp;sk\u00f3ry<\/p>\n               <br>\n            <p>Fragrance \/ Unwind and enjoy a coconut-forward, citrusy aroma with notes of blood orange, coconut husk, cashew nut and&nbsp;sandalwood. <\/p>\n            <p> Texture \/ Cream <\/p>\n   <!--==================================================== composition image mobile ====================================================-->\n   <img decoding=\"async\" alt=\"\" src=\"\/au\/wp-content\/uploads\/sites\/12\/2021\/12\/C_Radiance_illuminating-serum-.jpg\" loading=\"lazy\">\n   <!--==================================================== Why it works text ====================================================-->\n      <h2>ROZ\u015aWIETLENIE I&nbsp;POPRAWA&nbsp;WYGL\u0104DU<\/h2>\n      <h3>Zapobiegaj\u0105ce starzeniu si\u0119 serum na dzie\u0144 zawiera 15% witaminy C&nbsp;z&nbsp;kompleksu ze \u015bliwki kakadu \n      od MONAT, kwas ferulowy, niacynamid oraz wa\u017cne antyoksydanty, kt\u00f3re zwi\u0119kszaj\u0105 promienno\u015b\u0107 i&nbsp;blask&nbsp;sk\u00f3ry.<\/h3>\n<!--==================================================== Composition section ====================================================-->\n      <img decoding=\"async\" alt=\"\" src=\"\/au\/wp-content\/uploads\/sites\/12\/2021\/12\/C_Radiance_illuminating-serum-.jpg\" loading=\"lazy\">\n      <img decoding=\"async\" alt=\"\" src=\"\/au\/wp-content\/uploads\/sites\/12\/2021\/12\/C-Radiance-Illuminating-Serum-composition-3.jpg\" loading=\"lazy\">\n            <!--==================================================== Directions text ====================================================--> \n               <h3>Wskaz\u00f3wki<\/h3>\n                    <p>\/ Stosuj codziennie po etapie przygotowania&nbsp;sk\u00f3ry.<\/p>\n                    <p>\/ Nanie\u015b za pomoc\u0105 pompki jedn\u0105 dawk\u0119 na palce i&nbsp;rozetrzyj&nbsp;r\u00f3wnomiernie.<\/p>\n                    <p>\/ Przyk\u0142adaj delikatnie palce do czo\u0142a, policzk\u00f3w, brody, szyi i&nbsp;dekoltu.<\/p>\n                    <p>\/ Aby osi\u0105gn\u0105\u0107 najlepsze rezultaty, wklepuj delikatnie preparat, kieruj\u0105c si\u0119 od \u015brodka na zewn\u0105trz i&nbsp;w&nbsp;g\u00f3r\u0119&nbsp;szyi.<\/p>\n                    <p>\/ Poczekaj do pe\u0142nego wch\u0142oni\u0119cia przed zastosowaniem preparatu nawil\u017caj\u0105cego&nbsp;MONAT.<\/p>\n            <!--==================================================== Directions video ====================================================-->\n      <p>Be Balanced\u2122 <br>Lightweight Moisturizer <br>0:35<\/p>\n         <!--==================================================== features image  ====================================================-->\n         <img decoding=\"async\" alt=\"\" src=\"\/es\/wp-content\/uploads\/sites\/10\/2021\/12\/sunscreen-suggestion.jpg\" loading=\"lazy\">\n      <!--==================================================== features text ====================================================-->\n            <h3>Sugestie<\/h3>\n               <p>\/ Wskaz\u00f3wka dla zapewnienia zdrowia sk\u00f3ry: W&nbsp;ci\u0105gu dnia razem z&nbsp;tym produktem stosuj tak\u017ce filtr przeciws\u0142oneczny.<\/p>\n      <a href=\"\" target=\"_blank\" role=\"button\" aria-label=\"\" rel=\"noopener\"><\/a>\n   <!--==================================================== Ingredients section  ====================================================-->\n      <h2>NAJWA\u017bNIEJSZE SK\u0141ADNIKI AKTYWNE<\/h2>\n      <p>Kompleks ze \u015bliwki&nbsp;kakadu<\/p>\n      <p>Antyoksydanty<\/p>\n      <p>Kwas hialuronowy<\/p>\n      <p>Kwas ferulowy<\/p>\n      <p>Ekstrakt z&nbsp;korzenia lukrecji<\/p>\n      <p>Niacynamid<\/p>\n        <button id=\"myBtn\" type=\"button\">ZOBACZ PE\u0141N\u0104 LIST\u0118&nbsp;SK\u0141ADNIK\u00d3W<\/button>\n      <!--==================================================== Modal content  ====================================================-->\n         \u00d7\n         Aqua\/Water\/Eau, Sodium Ascorbyl Phosphate, Glycerin, PEG-8 Dimethicone, Citric Acid, Terminalia Ferdinandiana Fruit \n         Extract, Tetrahexyldecyl Ascorbate, Sodium Hyaluronate, Ferulic Acid, Vaccinium Angustifolium (Blueberry) Fruit Extract, Vaccinium \n         Macrocarpon (Cranberry) Fruit Extract, Lycium Barbarum Fruit Extract, Euterpe Oleracea Fruit Extract, Glycyrrhiza Glabra (Liquorice) \n         Root Extract, Niacinamide, Squalane, Tocopheryl Acetate, Betaine, Proline, Serine, Inositol, Tocopherol, Propanediol, Xanthan Gum, \n         Lecithin, Sclerotium Gum, Pullulan, Hydrogenated Lecithin, Polysorbate 20, Dimethicone, Dimethiconol, Fragrance\/Parfum, Benzyl \n         Alcohol,&nbsp;Ethylhexylglycerin.\n   <!--==================================================== You might also like section ====================================================-->\n      <h2>INNE PRODUKTY, KT\u00d3RE MOG\u0104 CI SI\u0118 SPODOBA\u0106<\/h2>\n      <!--==================================================== Slider YOU MIGHT ALSO LIKE ====================================================-->\n          <!---->\n          <!--   -->\n                <!-- Slides products-->\n          <!--      -->\n          <!--         <a href=\"\/pl\/lightweight-moisturizer\/\" aria-label=\"Go to BE BALANCED\u2122 LEKKI KREM NAWIL\u017bAJ\u0104CY page\">-->\n          <!--            <img decoding=\"async\" src=\"\/wp-content\/uploads\/2022\/12\/BE-BALANCED-Lightweight-Moisturizer_ecomm-min.png\" alt=\"BE BALANCED\u2122 LEKKI KREM NAWIL\u017bAJ\u0104CY\" loading=\"lazy\"\/>-->\n          <!--            <p>BE BALANCED\u2122 <br \/>LEKKI KREM NAWIL\u017bAJ\u0104CY<\/p>-->\n          <!--         <\/a>-->\n          <!--      -->\n          <!--      -->\n          <!--         <a href=\"\/pl\/skin-revitalizing\/\" aria-label=\"Go to SKIN REVITALIZING ESSENCE\u2122 page\">-->\n          <!--          <img decoding=\"async\" src=\"\/wp-content\/uploads\/2022\/12\/Skin-Revitalizing-Essence-ecomm-2022-min.png\" alt=\"SKIN REVITALIZING ESSENCE\u2122\" loading=\"lazy\"\/>-->\n          <!--          <p>SKIN REVITALIZING&nbsp;ESSENCE\u2122<\/p>-->\n          <!--        <\/a>-->\n          <!--      -->\n          <!--      -->\n          <!--         <a href=\"\/pl\/nourishing-moisturizer\/\" aria-label=\"Go to BE GENTLE\u2122 OD\u017bYWCZY KREM NAWIL\u017bAJ\u0104CY page\">-->\n          <!--            <img decoding=\"async\" src=\"\/wp-content\/uploads\/2022\/12\/Be-Gentle-Nourishing-Moisturizer-ecomm-min.png\" alt=\"BE GENTLE\u2122 OD\u017bYWCZY KREM NAWIL\u017bAJ\u0104CY\" loading=\"lazy\"\/>-->\n          <!--            <p>BE GENTLE\u2122 <br \/>OD\u017bYWCZY KREM NAWIL\u017bAJ\u0104CY<\/p>-->\n          <!--         <\/a>-->\n          <!--      -->\n          <!--   -->\n             <!-- If we need navigation buttons -->\n          <!--   -->\n          <!--   -->\n             <!-- If we need paginations -->\n          <!--   -->\n          <!---->\n         <!--==================================================== If we need navigation buttons  ====================================================-->\n         <!--==================================================== If we need paginations  ====================================================-->\n    <a href=\"\" aria-label=\"\"><\/a>\n<!--==================================================== this link has to go last for it to work   ====================================================-->\n","protected":false},"excerpt":{"rendered":"<p>C. Radiance\u2122 Serum Roz\u015bwietlaj\u0105ce Roz\u015bwietlenie i&nbsp;poprawa wygl\u0105du Wzmacniaj\u0105ce efekt roz\u015bwietlenia przeciwutleniacze i&nbsp;\u015bliwka&nbsp;kakadu 30 ml \u212e 1.0 fl. oz. Cena detaliczna000.00 z\u0142 Klient VIP000.00 z\u0142 Aby dowiedzie\u0107 si\u0119 wi\u0119cej na temat produktu C. Radiance\u2122 Serum Roz\u015bwietlaj\u0105ce, prosimy skontaktowa\u0107 si\u0119 ze swoim Market Partnerem&nbsp;MONAT. ZALETY Supernasycone, 15% serum z&nbsp;witamin\u0105 C&nbsp;zawieraj\u0105ce przeciwutleniacze, kt\u00f3re pomagaj\u0105 rozja\u015bni\u0107 Twoj\u0105 cer\u0119 i&nbsp;poprawi\u0107&hellip;<\/p>\n","protected":false},"author":31,"featured_media":66882,"parent":0,"menu_order":0,"comment_status":"closed","ping_status":"closed","template":"","meta":{"inline_featured_image":false,"om_disable_all_campaigns":false,"_monsterinsights_skip_tracking":false,"_monsterinsights_sitenote_active":false,"_monsterinsights_sitenote_note":"","_monsterinsights_sitenote_category":0,"footnotes":""},"categories":[39],"tags":[],"class_list":["post-66881","page","type-page","status-publish","has-post-thumbnail","hentry","category-product-pl"],"aioseo_notices":[],"aioseo_head":"\n\t\t<!-- All in One SEO Pro 4.9.5.2 - aioseo.com -->\n\t<meta name=\"description\" content=\"--&gt;\" \/>\n\t<meta name=\"robots\" content=\"max-image-preview:large\" \/>\n\t<link rel=\"canonical\" href=\"https:\/\/monatglobal.com\/pl\/skincare-c-radiance\/\" \/>\n\t<meta name=\"generator\" content=\"All in One SEO Pro (AIOSEO) 4.9.5.2\" \/>\n\t\t<meta property=\"og:locale\" content=\"pl_PL\" \/>\n\t\t<meta property=\"og:site_name\" content=\"MONAT POLAND - MONAT GLOBAL\" \/>\n\t\t<meta property=\"og:type\" content=\"article\" \/>\n\t\t<meta property=\"og:title\" content=\"C. Radiance\u2122 Serum Roz\u015bwietlaj\u0105ce\" \/>\n\t\t<meta property=\"og:description\" content=\"--&gt;\" \/>\n\t\t<meta property=\"og:url\" content=\"https:\/\/monatglobal.com\/pl\/skincare-c-radiance\/\" \/>\n\t\t<meta property=\"article:published_time\" content=\"2021-12-13T12:37:35+00:00\" \/>\n\t\t<meta property=\"article:modified_time\" content=\"2026-02-19T20:41:20+00:00\" \/>\n\t\t<meta name=\"twitter:card\" content=\"summary_large_image\" \/>\n\t\t<meta name=\"twitter:title\" content=\"C. Radiance\u2122 Serum Roz\u015bwietlaj\u0105ce\" \/>\n\t\t<meta name=\"twitter:description\" content=\"--&gt;\" \/>\n\t\t<script type=\"application\/ld+json\" class=\"aioseo-schema\">\n\t\t\t{\"@context\":\"https:\\\/\\\/schema.org\",\"@graph\":[{\"@type\":\"BreadcrumbList\",\"@id\":\"https:\\\/\\\/monatglobal.com\\\/pl\\\/skincare-c-radiance\\\/#breadcrumblist\",\"itemListElement\":[{\"@type\":\"ListItem\",\"@id\":\"https:\\\/\\\/monatglobal.com\\\/pl#listItem\",\"position\":1,\"name\":\"Home\",\"item\":\"https:\\\/\\\/monatglobal.com\\\/pl\",\"nextItem\":{\"@type\":\"ListItem\",\"@id\":\"https:\\\/\\\/monatglobal.com\\\/pl\\\/skincare-c-radiance\\\/#listItem\",\"name\":\"C. Radiance\\u2122 Serum Roz\\u015bwietlaj\\u0105ce\"}},{\"@type\":\"ListItem\",\"@id\":\"https:\\\/\\\/monatglobal.com\\\/pl\\\/skincare-c-radiance\\\/#listItem\",\"position\":2,\"name\":\"C. Radiance\\u2122 Serum Roz\\u015bwietlaj\\u0105ce\",\"previousItem\":{\"@type\":\"ListItem\",\"@id\":\"https:\\\/\\\/monatglobal.com\\\/pl#listItem\",\"name\":\"Home\"}}]},{\"@type\":\"Organization\",\"@id\":\"https:\\\/\\\/monatglobal.com\\\/pl\\\/#organization\",\"name\":\"MONAT POLAND\",\"description\":\"MONAT GLOBAL\",\"url\":\"https:\\\/\\\/monatglobal.com\\\/pl\\\/\"},{\"@type\":\"WebPage\",\"@id\":\"https:\\\/\\\/monatglobal.com\\\/pl\\\/skincare-c-radiance\\\/#webpage\",\"url\":\"https:\\\/\\\/monatglobal.com\\\/pl\\\/skincare-c-radiance\\\/\",\"name\":\"C. Radiance\\u2122 Serum Roz\\u015bwietlaj\\u0105ce\",\"description\":\"-->\",\"inLanguage\":\"pl-PL\",\"isPartOf\":{\"@id\":\"https:\\\/\\\/monatglobal.com\\\/pl\\\/#website\"},\"breadcrumb\":{\"@id\":\"https:\\\/\\\/monatglobal.com\\\/pl\\\/skincare-c-radiance\\\/#breadcrumblist\"},\"image\":{\"@type\":\"ImageObject\",\"url\":\"https:\\\/\\\/monatglobal.com\\\/pl\\\/wp-content\\\/uploads\\\/sites\\\/9\\\/2021\\\/12\\\/C-Radiance-Illuminating-Serum-ecomm-2022.png\",\"@id\":\"https:\\\/\\\/monatglobal.com\\\/pl\\\/skincare-c-radiance\\\/#mainImage\",\"width\":641,\"height\":800},\"primaryImageOfPage\":{\"@id\":\"https:\\\/\\\/monatglobal.com\\\/pl\\\/skincare-c-radiance\\\/#mainImage\"},\"datePublished\":\"2021-12-13T12:37:35+00:00\",\"dateModified\":\"2026-02-19T20:41:20+00:00\"},{\"@type\":\"WebSite\",\"@id\":\"https:\\\/\\\/monatglobal.com\\\/pl\\\/#website\",\"url\":\"https:\\\/\\\/monatglobal.com\\\/pl\\\/\",\"name\":\"MONAT POLAND\",\"description\":\"MONAT GLOBAL\",\"inLanguage\":\"pl-PL\",\"publisher\":{\"@id\":\"https:\\\/\\\/monatglobal.com\\\/pl\\\/#organization\"}}]}\n\t\t<\/script>\n\t\t<!-- All in One SEO Pro -->\r\n\t\t<title>C. Radiance\u2122 Serum Roz\u015bwietlaj\u0105ce<\/title>\n\n","aioseo_head_json":{"title":"C. Radiance\u2122 Serum Roz\u015bwietlaj\u0105ce","description":"-->","canonical_url":"https:\/\/monatglobal.com\/pl\/skincare-c-radiance\/","robots":"max-image-preview:large","keywords":"","webmasterTools":{"miscellaneous":""},"schema":{"@context":"https:\/\/schema.org","@graph":[{"@type":"BreadcrumbList","@id":"https:\/\/monatglobal.com\/pl\/skincare-c-radiance\/#breadcrumblist","itemListElement":[{"@type":"ListItem","@id":"https:\/\/monatglobal.com\/pl#listItem","position":1,"name":"Home","item":"https:\/\/monatglobal.com\/pl","nextItem":{"@type":"ListItem","@id":"https:\/\/monatglobal.com\/pl\/skincare-c-radiance\/#listItem","name":"C. Radiance\u2122 Serum Roz\u015bwietlaj\u0105ce"}},{"@type":"ListItem","@id":"https:\/\/monatglobal.com\/pl\/skincare-c-radiance\/#listItem","position":2,"name":"C. Radiance\u2122 Serum Roz\u015bwietlaj\u0105ce","previousItem":{"@type":"ListItem","@id":"https:\/\/monatglobal.com\/pl#listItem","name":"Home"}}]},{"@type":"Organization","@id":"https:\/\/monatglobal.com\/pl\/#organization","name":"MONAT POLAND","description":"MONAT GLOBAL","url":"https:\/\/monatglobal.com\/pl\/"},{"@type":"WebPage","@id":"https:\/\/monatglobal.com\/pl\/skincare-c-radiance\/#webpage","url":"https:\/\/monatglobal.com\/pl\/skincare-c-radiance\/","name":"C. Radiance\u2122 Serum Roz\u015bwietlaj\u0105ce","description":"-->","inLanguage":"pl-PL","isPartOf":{"@id":"https:\/\/monatglobal.com\/pl\/#website"},"breadcrumb":{"@id":"https:\/\/monatglobal.com\/pl\/skincare-c-radiance\/#breadcrumblist"},"image":{"@type":"ImageObject","url":"https:\/\/monatglobal.com\/pl\/wp-content\/uploads\/sites\/9\/2021\/12\/C-Radiance-Illuminating-Serum-ecomm-2022.png","@id":"https:\/\/monatglobal.com\/pl\/skincare-c-radiance\/#mainImage","width":641,"height":800},"primaryImageOfPage":{"@id":"https:\/\/monatglobal.com\/pl\/skincare-c-radiance\/#mainImage"},"datePublished":"2021-12-13T12:37:35+00:00","dateModified":"2026-02-19T20:41:20+00:00"},{"@type":"WebSite","@id":"https:\/\/monatglobal.com\/pl\/#website","url":"https:\/\/monatglobal.com\/pl\/","name":"MONAT POLAND","description":"MONAT GLOBAL","inLanguage":"pl-PL","publisher":{"@id":"https:\/\/monatglobal.com\/pl\/#organization"}}]},"og:locale":"pl_PL","og:site_name":"MONAT POLAND - MONAT GLOBAL","og:type":"article","og:title":"C. Radiance\u2122 Serum Roz\u015bwietlaj\u0105ce","og:description":"--&gt;","og:url":"https:\/\/monatglobal.com\/pl\/skincare-c-radiance\/","article:published_time":"2021-12-13T12:37:35+00:00","article:modified_time":"2026-02-19T20:41:20+00:00","twitter:card":"summary_large_image","twitter:title":"C. Radiance\u2122 Serum Roz\u015bwietlaj\u0105ce","twitter:description":"--&gt;"},"aioseo_meta_data":{"post_id":"66881","title":"C. Radiance\u2122 Serum Roz\u015bwietlaj\u0105ce","description":null,"keywords":null,"keyphrases":{"focus":{"keyphrase":"","score":0,"analysis":{"keyphraseInTitle":{"score":0,"maxScore":9,"error":1}}},"additional":[]},"primary_term":null,"canonical_url":null,"og_title":null,"og_description":null,"og_object_type":"default","og_image_type":"default","og_image_url":null,"og_image_width":null,"og_image_height":null,"og_image_custom_url":null,"og_image_custom_fields":null,"og_video":"","og_custom_url":null,"og_article_section":null,"og_article_tags":null,"twitter_use_og":false,"twitter_card":"default","twitter_image_type":"default","twitter_image_url":null,"twitter_image_custom_url":null,"twitter_image_custom_fields":null,"twitter_title":null,"twitter_description":null,"schema":{"blockGraphs":[],"customGraphs":[],"default":{"data":{"Article":[],"Course":[],"Dataset":[],"FAQPage":[],"Movie":[],"Person":[],"Product":[],"ProductReview":[],"Car":[],"Recipe":[],"Service":[],"SoftwareApplication":[],"WebPage":[]},"graphName":"WebPage","isEnabled":true},"graphs":[]},"schema_type":"default","schema_type_options":null,"pillar_content":false,"robots_default":true,"robots_noindex":false,"robots_noarchive":false,"robots_nosnippet":false,"robots_nofollow":false,"robots_noimageindex":false,"robots_noodp":false,"robots_notranslate":false,"robots_max_snippet":"-1","robots_max_videopreview":"-1","robots_max_imagepreview":"large","priority":null,"frequency":"default","local_seo":null,"seo_analyzer_scan_date":"2026-02-19 20:43:29","limit_modified_date":false,"reviewed_by":"0","open_ai":null,"ai":{"faqs":[],"keyPoints":[],"titles":[],"descriptions":[],"socialPosts":{"email":[],"linkedin":[],"twitter":[],"facebook":[],"instagram":[]}},"created":"2023-07-26 10:02:06","updated":"2026-02-19 20:52:39"},"aioseo_breadcrumb":"<div class=\"aioseo-breadcrumbs\"><span class=\"aioseo-breadcrumb\">\n\t<a href=\"https:\/\/monatglobal.com\/pl\" title=\"Home\">Home<\/a>\n<\/span><span class=\"aioseo-breadcrumb-separator\">&raquo;<\/span><span class=\"aioseo-breadcrumb\">\n\tC. Radiance\u2122 Serum Roz\u015bwietlaj\u0105ce\n<\/span><\/div>","aioseo_breadcrumb_json":[{"label":"Home","link":"https:\/\/monatglobal.com\/pl"},{"label":"C. Radiance\u2122 Serum Roz\u015bwietlaj\u0105ce","link":"https:\/\/monatglobal.com\/pl\/skincare-c-radiance\/"}],"_links":{"self":[{"href":"https:\/\/monatglobal.com\/pl\/wp-json\/wp\/v2\/pages\/66881","targetHints":{"allow":["GET"]}}],"collection":[{"href":"https:\/\/monatglobal.com\/pl\/wp-json\/wp\/v2\/pages"}],"about":[{"href":"https:\/\/monatglobal.com\/pl\/wp-json\/wp\/v2\/types\/page"}],"author":[{"embeddable":true,"href":"https:\/\/monatglobal.com\/pl\/wp-json\/wp\/v2\/users\/31"}],"replies":[{"embeddable":true,"href":"https:\/\/monatglobal.com\/pl\/wp-json\/wp\/v2\/comments?post=66881"}],"version-history":[{"count":21,"href":"https:\/\/monatglobal.com\/pl\/wp-json\/wp\/v2\/pages\/66881\/revisions"}],"predecessor-version":[{"id":109325,"href":"https:\/\/monatglobal.com\/pl\/wp-json\/wp\/v2\/pages\/66881\/revisions\/109325"}],"wp:featuredmedia":[{"embeddable":true,"href":"https:\/\/monatglobal.com\/pl\/wp-json\/wp\/v2\/media\/66882"}],"wp:attachment":[{"href":"https:\/\/monatglobal.com\/pl\/wp-json\/wp\/v2\/media?parent=66881"}],"wp:term":[{"taxonomy":"category","embeddable":true,"href":"https:\/\/monatglobal.com\/pl\/wp-json\/wp\/v2\/categories?post=66881"},{"taxonomy":"post_tag","embeddable":true,"href":"https:\/\/monatglobal.com\/pl\/wp-json\/wp\/v2\/tags?post=66881"}],"curies":[{"name":"wp","href":"https:\/\/api.w.org\/{rel}","templated":true}]}}