{"id":66872,"date":"2021-12-10T21:16:17","date_gmt":"2021-12-10T21:16:17","guid":{"rendered":"https:\/\/monatglobal.com\/pl\/?page_id=66872"},"modified":"2026-02-19T20:55:27","modified_gmt":"2026-02-19T20:55:27","slug":"eye-smooth","status":"publish","type":"page","link":"https:\/\/monatglobal.com\/pl\/eye-smooth\/","title":{"rendered":"Eye Smooth\u2122"},"content":{"rendered":"\n<link rel=\"stylesheet\" href=\"https:\/\/unpkg.com\/swiper\/swiper-bundle.min.css\">\n<link rel=\"stylesheet\" href=\"https:\/\/monatglobal.com\/wp-content\/creative_css\/product_styles_sheet.css\">\n    <!--==================================================== ECOMM SECTION ====================================================-->\n    <p>BESTSELLERY<\/p>\n        <!--==================================================== Ecomm image ====================================================-->\n            \n                <source media=\"(max-width: 700px)\" srcset=\"https:\/\/monatglobal.com\/au\/wp-content\/uploads\/sites\/12\/2021\/12\/Eye-smooth-ecomm-2022.png\" loading=\"lazy\">\n                <img decoding=\"async\" src=\"https:\/\/monatglobal.com\/au\/wp-content\/uploads\/sites\/12\/2021\/12\/Eye-smooth-ecomm-2022.png\" alt=\"Eye Smooth\u2122\" loading=\"lazy\">\n            \n        <!--==================================================== Ecomm information  ====================================================-->\n            \n            <p>BESTSELLERY<\/p>\n            <h1>Eye Smooth\u2122<\/h1>\n            \n            <p>Odm\u0142odzenie i&nbsp;nawil\u017cenie<br> Transformacja ro\u015blinnych kom\u00f3rek macierzystych i&nbsp;skwalanu.<\/p>\n            <p>15 ml \u212e 0.5fl. oz.<\/p>\n         <!--==================================================== pricing box ====================================================-->  \n         <p>Cena detaliczna<br>000.00 z\u0142<\/p>\n         <p>Klient VIP<br>000.00 z\u0142<\/p>\n         <!--==================================================== pricing box ====================================================-->   \n            <p>Aby dowiedzie\u0107 si\u0119 wi\u0119cej na temat produktu Eye Smooth\u2122, prosimy skontaktowa\u0107 si\u0119 ze swoim Market Partnerem MONAT.<\/p>\n          <a href=\"\" target=\"_blank\" role=\"button\" aria-label=\"\" rel=\"noopener\"><\/a>\n    <!--==================================================== \/ECOMM SECTION  ====================================================-->\n   <!--==================================================== Benefits image ====================================================-->\n  \n    <source media=\"(max-width: 700px)\" srcset=\"https:\/\/monatglobal.com\/es\/wp-content\/uploads\/sites\/10\/2021\/12\/eye-smooth-benefits-close-up_mobile.jpg\" loading=\"lazy\">\n      <img decoding=\"async\" src=\"https:\/\/monatglobal.com\/es\/wp-content\/uploads\/sites\/10\/2021\/12\/eye-smooth-benefits-close-up.jpg\" alt=\"\" loading=\"lazy\">\n    \n   <!--==================================================== Benefits text ====================================================-->\n         <h2>ZALETY<\/h2>\n         <h3>Luksusowy krem pod oczy, kt\u00f3ry uj\u0119drnia delikatn\u0105 sk\u00f3r\u0119 wok\u00f3\u0142 oczu, zmniejszaj\u0105c \n         widoczno\u015b\u0107 cieni, drobnych linii, zmarszczek i&nbsp;obrz\u0119k\u00f3w, aby uzyska\u0107 promienny i&nbsp;m\u0142odzie\u0144czy&nbsp;wygl\u0105d.<\/h3>\n         <!--==================================================== features image  ====================================================-->\n         <img decoding=\"async\" alt=\"\" src=\"https:\/\/monatglobal.com\/es\/wp-content\/uploads\/sites\/10\/2021\/12\/eye-smooth-features.jpg\" loading=\"lazy\">\n      <!--==================================================== features text ====================================================-->\n            <h3>Cechy<\/h3>\n               <p>\/ Redukuje opuchlizn\u0119, cienie wok\u00f3\u0142 oczu, zmarszczki i&nbsp;kurze&nbsp;\u0142apki<\/p>\n               <p>\/ Sk\u00f3ra wygl\u0105da m\u0142odziej, ja\u015bniej i&nbsp;bardziej promiennie<\/p>\n               <p>\/ Sk\u00f3ra jest bardziej napi\u0119ta i&nbsp;mi\u0119kka, g\u0142adsza i&nbsp;od\u017cywiona<\/p>\n               <p>\/ Sk\u00f3ra wygl\u0105da \u015bwie\u017co i&nbsp;m\u0142odo<\/p>\n               <p>\/ Zapewnia d\u0142ugotrwa\u0142e nawil\u017cenie<\/p>\n               <br>\n            <p>Fragrance \/ Unwind and enjoy a coconut-forward, citrusy aroma with notes of blood orange, coconut husk, cashew nut and&nbsp;sandalwood. <\/p>\n            <p> Texture \/ Cream <\/p>\n   <!--==================================================== composition image mobile ====================================================-->\n   <img decoding=\"async\" alt=\"\" src=\"https:\/\/monatglobal.com\/es\/wp-content\/uploads\/sites\/10\/2021\/12\/smooth-composition-1.jpg\" loading=\"lazy\">\n   <!--==================================================== Why it works text ====================================================-->\n      <h2>ODM\u0141ODZENIE I&nbsp;NAWIL\u017bENIE<\/h2>\n      <h3>Lekki jak mgie\u0142ka krem sprawia, \u017ce sk\u00f3ra wok\u00f3\u0142 oczu staje si\u0119 wyra\u017anie roz\u015bwietlona, \n      bardziej g\u0142adka i&nbsp;wygl\u0105da wr\u0119cz m\u0142odzie\u0144czo.<\/h3>\n      Ten odm\u0142adzaj\u0105cy krem pod oczy napina sk\u00f3r\u0119 i&nbsp;poprawia jej elastyczno\u015b\u0107, jednocze\u015bnie redukuj\u0105c widoczno\u015b\u0107 \n      zmarszczek, drobnych linii, obrz\u0119k\u00f3w i&nbsp;ciemnych plam. Zwi\u0119ksz efekt ch\u0142odnego ukojenia z&nbsp;doskonale dobranym rollerem do masa\u017cu okolic \n      oczu w&nbsp;kolorze r\u00f3\u017cowego z\u0142ota, kt\u00f3ry skutecznie redukuje obrz\u0119ki i&nbsp;dzia\u0142a&nbsp;relaksuj\u0105co.\n<!--==================================================== Composition section ====================================================-->\n      <img decoding=\"async\" alt=\"\" src=\"https:\/\/monatglobal.com\/es\/wp-content\/uploads\/sites\/10\/2021\/12\/smooth-composition-1.jpg\" loading=\"lazy\">\n      <img decoding=\"async\" alt=\"\" src=\"https:\/\/monatglobal.com\/es\/wp-content\/uploads\/sites\/10\/2021\/12\/Eye-Smooth-composition-3.jpg\" loading=\"lazy\">\n            <!--==================================================== Directions text ====================================================--> \n               <h3>Wskaz\u00f3wki<\/h3>\n                    <p>\/ U\u017cywaj codziennie, rano i&nbsp;wieczorem.<\/p>\n                    \/ Zwr\u00f3\u0107 uwag\u0119, \u017ce do\u0142\u0105czony aplikator jest dwustronny. Z&nbsp;jednej strony znajduje si\u0119 szpatu\u0142ka, \n                    a&nbsp;z&nbsp;drugiej roller do&nbsp;oczu.\n                    <p>\/ Nabierz niewielk\u0105 ilo\u015b\u0107 preparatu ze s\u0142oika za pomoc\u0105&nbsp;szpatu\u0142ki. <\/p>\n                    <p>\/ R\u00f3wnomiernie na\u0142\u00f3\u017c produkt na palce&nbsp;serdeczne. <\/p>\n                    \/ Za pomoc\u0105 palc\u00f3w serdecznych delikatnie wklep krem w&nbsp;sk\u00f3r\u0119 okolic oczu, wykonuj\u0105c ruchy na zewn\u0105trz, aby unikn\u0105\u0107 \n                    jej niepotrzebnego&nbsp;naci\u0105gania. \n                    <p>\/ Nast\u0119pnie masuj rollerem sk\u00f3r\u0119 wok\u00f3\u0142 oczu, wykonuj\u0105c ruchy w g\u00f3r\u0119 i&nbsp;na zewn\u0105trz, do momentu ca\u0142kowitego wch\u0142oni\u0119cia&nbsp;kremu. <\/p>\n                    <p>\/ Na koniec zastosuj preparat nawil\u017caj\u0105cy&nbsp;MONAT.<\/p>\n            <!--==================================================== Directions video ====================================================-->\n      <p>Be Balanced\u2122 <br>Lightweight Moisturizer <br>0:35<\/p>\n         <!--==================================================== features image  ====================================================-->\n         <img decoding=\"async\" alt=\"\" src=\"https:\/\/monatglobal.com\/es\/wp-content\/uploads\/sites\/10\/2021\/12\/sunscreen-suggestion.jpg\" loading=\"lazy\">\n      <!--==================================================== features text ====================================================-->\n            <h3>Sugestie<\/h3>\n               <p>\/ Zastosuj filtr s\u0142oneczny 15 minut przed wyj\u015bciem na zewn\u0105trz.<\/p>\n               <p>\/ Aby zapewni\u0107 dodatkowy efekt ch\u0142odzenia, trzymaj aplikator w&nbsp;lod\u00f3wce.<\/p>\n      <a href=\"\" target=\"_blank\" role=\"button\" aria-label=\"\" rel=\"noopener\"><\/a>\n   <!--==================================================== Ingredients section  ====================================================-->\n      <h2>NAJWA\u017bNIEJSZE SK\u0141ADNIKI AKTYWNE<\/h2>\n      <p>REJUVENIQE S\u2122<\/p>\n      <p>Peptydy<\/p>\n      <p>Ro\u015blinne kom\u00f3rki&nbsp;macierzyste<\/p>\n      <p>Skwalan pochodzenia ro\u015blinnego<\/p>\n      <p>Kofeina<\/p>\n        <button id=\"myBtn\" type=\"button\">ZOBACZ PE\u0141N\u0104 LIST\u0118&nbsp;SK\u0141ADNIK\u00d3W<\/button>\n      <!--==================================================== Modal content  ====================================================-->\n         \u00d7\n         Aqua\/Water\/Eau, Glyceryl Stearate SE, Glycerin, Isoamyl Laurate, Cetyl Alcohol, Butyrospermum Parkii (Shea) Butter, \n         Elaeis Guineensis (Palm) Butter, Isomalt, Cetearyl Olivate, Caffeine, Sorbitan Olivate, Squalane, Fructooligosaccharides, Beta \n         Vulgaris (Beet) Root Extract, Coffea Arabica (Coffee) Seed Extract, Trifluoroacetyl Tripeptide-2, Limnanthes Alba (Meadowfoam) \n         Seed Oil, Crambe Abyssinica Seed Oil, Camellia Oleifera Seed Oil, Solanum Lycopersicum (Tomato) Seed Oil, Daucus Carota Sativa \n         (Carrot) Seed Oil, Citrus Limon (Lemon) Peel Oil, Citrus Aurantifolia (Lime) Oil, Citrus Aurantium Bergamia (Bergamot) Fruit Oil, \n         Adansonia Digitata Oil, Mauritia Flexuosa Fruit Oil, Cocos Nucifera (Coconut) Oil, Gardenia Taitensis Flower Extract, Moringa \n         Oleifera Seed Oil, Caryocar Brasiliense Fruit Oil, Helianthus Annuus (Sunflower) Seed Oil, Olea Europaea (Olive) Fruit Oil, \n         Simmondsia Chinensis (Jojoba) Seed Extract, Phytol, Tocopherol, Potassium Lactate, Lactic Acid, Lecithin, Dextran, Ethylhexylglycerin, \n         Benzyl&nbsp;Alcohol.\n   <!--==================================================== You might also like section ====================================================-->\n      <h2>INNE PRODUKTY, KT\u00d3RE MOG\u0104 CI SI\u0118 SPODOBA\u0106<\/h2>\n      <!--==================================================== Slider YOU MIGHT ALSO LIKE ====================================================-->\n          <!---->\n          <!--   -->\n                <!-- Slides products-->\n          <!--      -->\n          <!--         <a href=\"\/pl\/lightweight-moisturizer\/\" aria-label=\"Go to BE BALANCED\u2122 LEKKI KREM NAWIL\u017bAJ\u0104CY page\">-->\n          <!--            <img decoding=\"async\" src=\"https:\/\/monatglobal.com\/wp-content\/uploads\/2022\/12\/BE-BALANCED-Lightweight-Moisturizer_ecomm-min.png\" alt=\"BE BALANCED\u2122 LEKKI KREM NAWIL\u017bAJ\u0104CY\" loading=\"lazy\"\/>-->\n          <!--            <p>BE BALANCED\u2122 <br \/>LEKKI KREM NAWIL\u017bAJ\u0104CY<\/p>-->\n          <!--         <\/a>-->\n          <!--      -->\n          <!--      -->\n          <!--         <a href=\"\/pl\/age-control-nectar\/\" aria-label=\"Go to REWIND\u2122 NEKTAR KONTROLUJ\u0104CY WIEK page\">-->\n          <!--          <img decoding=\"async\" src=\"https:\/\/monatglobal.com\/wp-content\/uploads\/2022\/12\/Rewind-Age-Control-Nectar-ecomm-min.png\" alt=\"REWIND\u2122 NEKTAR KONTROLUJ\u0104CY WIEK\" loading=\"lazy\"\/>-->\n          <!--          <p>REWIND\u2122 NEKTAR KONTROLUJ\u0104CY&nbsp;WIEK<\/p>-->\n          <!--        <\/a>-->\n          <!--      -->\n          <!--      -->\n          <!--         <a href=\"\/pl\/nourishing-moisturizer\/\" aria-label=\"Go to BE GENTLE\u2122 OD\u017bYWCZY KREM NAWIL\u017bAJ\u0104CY page\">-->\n          <!--            <img decoding=\"async\" src=\"https:\/\/monatglobal.com\/wp-content\/uploads\/2022\/12\/Be-Gentle-Nourishing-Moisturizer-ecomm-min.png\" alt=\"BE GENTLE\u2122 OD\u017bYWCZY KREM NAWIL\u017bAJ\u0104CY\" loading=\"lazy\"\/>-->\n          <!--            <p>BE GENTLE\u2122 <br \/>OD\u017bYWCZY KREM NAWIL\u017bAJ\u0104CY<\/p>-->\n          <!--         <\/a>-->\n          <!--      -->\n          <!--   -->\n             <!-- If we need navigation buttons -->\n          <!--   -->\n          <!--   -->\n             <!-- If we need paginations -->\n          <!--   -->\n          <!---->\n         <!--==================================================== If we need navigation buttons  ====================================================-->\n         <!--==================================================== If we need paginations  ====================================================-->\n    <a href=\"\" aria-label=\"\"><\/a>\n<!--==================================================== this link has to go last for it to work   ====================================================-->\n","protected":false},"excerpt":{"rendered":"<p>BESTSELLERY BESTSELLERY Eye Smooth\u2122 Odm\u0142odzenie i&nbsp;nawil\u017cenie Transformacja ro\u015blinnych kom\u00f3rek macierzystych i&nbsp;skwalanu. 15 ml \u212e 0.5fl. oz. Cena detaliczna000.00 z\u0142 Klient VIP000.00 z\u0142 Aby dowiedzie\u0107 si\u0119 wi\u0119cej na temat produktu Eye Smooth\u2122, prosimy skontaktowa\u0107 si\u0119 ze swoim Market Partnerem MONAT. ZALETY Luksusowy krem pod oczy, kt\u00f3ry uj\u0119drnia delikatn\u0105 sk\u00f3r\u0119 wok\u00f3\u0142 oczu, zmniejszaj\u0105c widoczno\u015b\u0107 cieni, drobnych linii,&hellip;<\/p>\n","protected":false},"author":31,"featured_media":66873,"parent":0,"menu_order":0,"comment_status":"closed","ping_status":"closed","template":"","meta":{"inline_featured_image":false,"om_disable_all_campaigns":false,"_monsterinsights_skip_tracking":false,"_monsterinsights_sitenote_active":false,"_monsterinsights_sitenote_note":"","_monsterinsights_sitenote_category":0,"footnotes":""},"categories":[39],"tags":[],"class_list":["post-66872","page","type-page","status-publish","has-post-thumbnail","hentry","category-product-pl"],"aioseo_notices":[],"aioseo_head":"\n\t\t<!-- All in One SEO Pro 4.9.6 - aioseo.com -->\n\t<meta name=\"description\" content=\"BESTSELLERY --&gt;\" \/>\n\t<meta name=\"robots\" content=\"max-image-preview:large\" \/>\n\t<link rel=\"canonical\" href=\"https:\/\/monatglobal.com\/pl\/eye-smooth\/\" \/>\n\t<meta name=\"generator\" content=\"All in One SEO Pro (AIOSEO) 4.9.6\" \/>\n\t\t<meta property=\"og:locale\" content=\"pl_PL\" \/>\n\t\t<meta property=\"og:site_name\" content=\"MONAT POLAND - MONAT GLOBAL\" \/>\n\t\t<meta property=\"og:type\" content=\"article\" \/>\n\t\t<meta property=\"og:title\" content=\"Eye Smooth\u2122\" \/>\n\t\t<meta property=\"og:description\" content=\"BESTSELLERY --&gt;\" \/>\n\t\t<meta property=\"og:url\" content=\"https:\/\/monatglobal.com\/pl\/eye-smooth\/\" \/>\n\t\t<meta property=\"article:published_time\" content=\"2021-12-10T21:16:17+00:00\" \/>\n\t\t<meta property=\"article:modified_time\" content=\"2026-02-19T20:55:27+00:00\" \/>\n\t\t<meta name=\"twitter:card\" content=\"summary_large_image\" \/>\n\t\t<meta name=\"twitter:title\" content=\"Eye Smooth\u2122\" \/>\n\t\t<meta name=\"twitter:description\" content=\"BESTSELLERY --&gt;\" \/>\n\t\t<script type=\"application\/ld+json\" class=\"aioseo-schema\">\n\t\t\t{\"@context\":\"https:\\\/\\\/schema.org\",\"@graph\":[{\"@type\":\"BreadcrumbList\",\"@id\":\"https:\\\/\\\/monatglobal.com\\\/pl\\\/eye-smooth\\\/#breadcrumblist\",\"itemListElement\":[{\"@type\":\"ListItem\",\"@id\":\"https:\\\/\\\/monatglobal.com\\\/pl#listItem\",\"position\":1,\"name\":\"Home\",\"item\":\"https:\\\/\\\/monatglobal.com\\\/pl\",\"nextItem\":{\"@type\":\"ListItem\",\"@id\":\"https:\\\/\\\/monatglobal.com\\\/pl\\\/eye-smooth\\\/#listItem\",\"name\":\"Eye Smooth\\u2122\"}},{\"@type\":\"ListItem\",\"@id\":\"https:\\\/\\\/monatglobal.com\\\/pl\\\/eye-smooth\\\/#listItem\",\"position\":2,\"name\":\"Eye Smooth\\u2122\",\"previousItem\":{\"@type\":\"ListItem\",\"@id\":\"https:\\\/\\\/monatglobal.com\\\/pl#listItem\",\"name\":\"Home\"}}]},{\"@type\":\"Organization\",\"@id\":\"https:\\\/\\\/monatglobal.com\\\/pl\\\/#organization\",\"name\":\"MONAT POLAND\",\"description\":\"MONAT GLOBAL\",\"url\":\"https:\\\/\\\/monatglobal.com\\\/pl\\\/\"},{\"@type\":\"WebPage\",\"@id\":\"https:\\\/\\\/monatglobal.com\\\/pl\\\/eye-smooth\\\/#webpage\",\"url\":\"https:\\\/\\\/monatglobal.com\\\/pl\\\/eye-smooth\\\/\",\"name\":\"Eye Smooth\\u2122\",\"description\":\"BESTSELLERY -->\",\"inLanguage\":\"pl-PL\",\"isPartOf\":{\"@id\":\"https:\\\/\\\/monatglobal.com\\\/pl\\\/#website\"},\"breadcrumb\":{\"@id\":\"https:\\\/\\\/monatglobal.com\\\/pl\\\/eye-smooth\\\/#breadcrumblist\"},\"image\":{\"@type\":\"ImageObject\",\"url\":\"https:\\\/\\\/monatglobal.com\\\/pl\\\/wp-content\\\/uploads\\\/sites\\\/9\\\/2021\\\/12\\\/Eye-smooth-ecomm-2022.png\",\"@id\":\"https:\\\/\\\/monatglobal.com\\\/pl\\\/eye-smooth\\\/#mainImage\",\"width\":641,\"height\":800},\"primaryImageOfPage\":{\"@id\":\"https:\\\/\\\/monatglobal.com\\\/pl\\\/eye-smooth\\\/#mainImage\"},\"datePublished\":\"2021-12-10T21:16:17+00:00\",\"dateModified\":\"2026-02-19T20:55:27+00:00\"},{\"@type\":\"WebSite\",\"@id\":\"https:\\\/\\\/monatglobal.com\\\/pl\\\/#website\",\"url\":\"https:\\\/\\\/monatglobal.com\\\/pl\\\/\",\"name\":\"MONAT POLAND\",\"description\":\"MONAT GLOBAL\",\"inLanguage\":\"pl-PL\",\"publisher\":{\"@id\":\"https:\\\/\\\/monatglobal.com\\\/pl\\\/#organization\"}}]}\n\t\t<\/script>\n\t\t<!-- All in One SEO Pro -->\r\n\t\t<title>Eye Smooth\u2122<\/title>\n\n","aioseo_head_json":{"title":"Eye Smooth\u2122","description":"BESTSELLERY -->","canonical_url":"https:\/\/monatglobal.com\/pl\/eye-smooth\/","robots":"max-image-preview:large","keywords":"","webmasterTools":{"miscellaneous":""},"schema":{"@context":"https:\/\/schema.org","@graph":[{"@type":"BreadcrumbList","@id":"https:\/\/monatglobal.com\/pl\/eye-smooth\/#breadcrumblist","itemListElement":[{"@type":"ListItem","@id":"https:\/\/monatglobal.com\/pl#listItem","position":1,"name":"Home","item":"https:\/\/monatglobal.com\/pl","nextItem":{"@type":"ListItem","@id":"https:\/\/monatglobal.com\/pl\/eye-smooth\/#listItem","name":"Eye Smooth\u2122"}},{"@type":"ListItem","@id":"https:\/\/monatglobal.com\/pl\/eye-smooth\/#listItem","position":2,"name":"Eye Smooth\u2122","previousItem":{"@type":"ListItem","@id":"https:\/\/monatglobal.com\/pl#listItem","name":"Home"}}]},{"@type":"Organization","@id":"https:\/\/monatglobal.com\/pl\/#organization","name":"MONAT POLAND","description":"MONAT GLOBAL","url":"https:\/\/monatglobal.com\/pl\/"},{"@type":"WebPage","@id":"https:\/\/monatglobal.com\/pl\/eye-smooth\/#webpage","url":"https:\/\/monatglobal.com\/pl\/eye-smooth\/","name":"Eye Smooth\u2122","description":"BESTSELLERY -->","inLanguage":"pl-PL","isPartOf":{"@id":"https:\/\/monatglobal.com\/pl\/#website"},"breadcrumb":{"@id":"https:\/\/monatglobal.com\/pl\/eye-smooth\/#breadcrumblist"},"image":{"@type":"ImageObject","url":"https:\/\/monatglobal.com\/pl\/wp-content\/uploads\/sites\/9\/2021\/12\/Eye-smooth-ecomm-2022.png","@id":"https:\/\/monatglobal.com\/pl\/eye-smooth\/#mainImage","width":641,"height":800},"primaryImageOfPage":{"@id":"https:\/\/monatglobal.com\/pl\/eye-smooth\/#mainImage"},"datePublished":"2021-12-10T21:16:17+00:00","dateModified":"2026-02-19T20:55:27+00:00"},{"@type":"WebSite","@id":"https:\/\/monatglobal.com\/pl\/#website","url":"https:\/\/monatglobal.com\/pl\/","name":"MONAT POLAND","description":"MONAT GLOBAL","inLanguage":"pl-PL","publisher":{"@id":"https:\/\/monatglobal.com\/pl\/#organization"}}]},"og:locale":"pl_PL","og:site_name":"MONAT POLAND - MONAT GLOBAL","og:type":"article","og:title":"Eye Smooth\u2122","og:description":"BESTSELLERY --&gt;","og:url":"https:\/\/monatglobal.com\/pl\/eye-smooth\/","article:published_time":"2021-12-10T21:16:17+00:00","article:modified_time":"2026-02-19T20:55:27+00:00","twitter:card":"summary_large_image","twitter:title":"Eye Smooth\u2122","twitter:description":"BESTSELLERY --&gt;"},"aioseo_meta_data":{"post_id":"66872","title":"Eye Smooth\u2122","description":null,"keywords":null,"keyphrases":{"focus":{"keyphrase":"","score":0,"analysis":{"keyphraseInTitle":{"score":0,"maxScore":9,"error":1}}},"additional":[]},"primary_term":null,"canonical_url":null,"og_title":null,"og_description":null,"og_object_type":"default","og_image_type":"default","og_image_url":null,"og_image_width":null,"og_image_height":null,"og_image_custom_url":null,"og_image_custom_fields":null,"og_video":"","og_custom_url":null,"og_article_section":null,"og_article_tags":null,"twitter_use_og":false,"twitter_card":"default","twitter_image_type":"default","twitter_image_url":null,"twitter_image_custom_url":null,"twitter_image_custom_fields":null,"twitter_title":null,"twitter_description":null,"schema":{"blockGraphs":[],"customGraphs":[],"default":{"data":{"Article":[],"Course":[],"Dataset":[],"FAQPage":[],"Movie":[],"Person":[],"Product":[],"ProductReview":[],"Car":[],"Recipe":[],"Service":[],"SoftwareApplication":[],"WebPage":[]},"graphName":"WebPage","isEnabled":true},"graphs":[]},"schema_type":"default","schema_type_options":null,"pillar_content":false,"robots_default":true,"robots_noindex":false,"robots_noarchive":false,"robots_nosnippet":false,"robots_nofollow":false,"robots_noimageindex":false,"robots_noodp":false,"robots_notranslate":false,"robots_max_snippet":"-1","robots_max_videopreview":"-1","robots_max_imagepreview":"large","priority":null,"frequency":"default","local_seo":null,"seo_analyzer_scan_date":"2026-02-19 21:03:43","limit_modified_date":false,"reviewed_by":"0","open_ai":null,"ai":{"faqs":[],"keyPoints":[],"titles":[],"descriptions":[],"socialPosts":{"email":[],"linkedin":[],"twitter":[],"facebook":[],"instagram":[]}},"created":"2023-07-26 09:58:10","updated":"2026-02-19 21:10:06"},"aioseo_breadcrumb":"<div class=\"aioseo-breadcrumbs\"><span class=\"aioseo-breadcrumb\">\n\t<a href=\"https:\/\/monatglobal.com\/pl\" title=\"Home\">Home<\/a>\n<\/span><span class=\"aioseo-breadcrumb-separator\">&raquo;<\/span><span class=\"aioseo-breadcrumb\">\n\tEye Smooth\u2122\n<\/span><\/div>","aioseo_breadcrumb_json":[{"label":"Home","link":"https:\/\/monatglobal.com\/pl"},{"label":"Eye Smooth\u2122","link":"https:\/\/monatglobal.com\/pl\/eye-smooth\/"}],"_links":{"self":[{"href":"https:\/\/monatglobal.com\/pl\/wp-json\/wp\/v2\/pages\/66872","targetHints":{"allow":["GET"]}}],"collection":[{"href":"https:\/\/monatglobal.com\/pl\/wp-json\/wp\/v2\/pages"}],"about":[{"href":"https:\/\/monatglobal.com\/pl\/wp-json\/wp\/v2\/types\/page"}],"author":[{"embeddable":true,"href":"https:\/\/monatglobal.com\/pl\/wp-json\/wp\/v2\/users\/31"}],"replies":[{"embeddable":true,"href":"https:\/\/monatglobal.com\/pl\/wp-json\/wp\/v2\/comments?post=66872"}],"version-history":[{"count":22,"href":"https:\/\/monatglobal.com\/pl\/wp-json\/wp\/v2\/pages\/66872\/revisions"}],"predecessor-version":[{"id":109328,"href":"https:\/\/monatglobal.com\/pl\/wp-json\/wp\/v2\/pages\/66872\/revisions\/109328"}],"wp:featuredmedia":[{"embeddable":true,"href":"https:\/\/monatglobal.com\/pl\/wp-json\/wp\/v2\/media\/66873"}],"wp:attachment":[{"href":"https:\/\/monatglobal.com\/pl\/wp-json\/wp\/v2\/media?parent=66872"}],"wp:term":[{"taxonomy":"category","embeddable":true,"href":"https:\/\/monatglobal.com\/pl\/wp-json\/wp\/v2\/categories?post=66872"},{"taxonomy":"post_tag","embeddable":true,"href":"https:\/\/monatglobal.com\/pl\/wp-json\/wp\/v2\/tags?post=66872"}],"curies":[{"name":"wp","href":"https:\/\/api.w.org\/{rel}","templated":true}]}}