{"id":66866,"date":"2021-12-10T20:10:17","date_gmt":"2021-12-10T20:10:17","guid":{"rendered":"https:\/\/monatglobal.com\/pl\/?page_id=66866"},"modified":"2026-02-19T20:58:30","modified_gmt":"2026-02-19T20:58:30","slug":"skincare-perfector","status":"publish","type":"page","link":"https:\/\/monatglobal.com\/pl\/skincare-perfector\/","title":{"rendered":"30 Second Miracle\u2122 B\u0142yskawiczny Perfektor"},"content":{"rendered":"\n<link rel=\"stylesheet\" href=\"https:\/\/unpkg.com\/swiper\/swiper-bundle.min.css\">\n<link rel=\"stylesheet\" href=\"https:\/\/monatglobal.com\/wp-content\/creative_css\/product_styles_sheet.css\">\n   <!--==================================================== ECOMM SECTION ====================================================-->\n   <p>BESTSELLERY<\/p>\n      <!--==================================================== Ecomm image ====================================================-->\n      <img decoding=\"async\" src=\"https:\/\/monatglobal.com\/au\/wp-content\/uploads\/sites\/12\/2021\/12\/30-second-miracle-ecomm-2022.png\" alt=\"30 Second Miracle\u2122 B\u0142yskawiczny Perfektor\" loading=\"lazy\">\n      <!--==================================================== Ecomm information  ====================================================-->\n          <p>BESTSELLERY<\/p>\n         <p>30 Second Miracle\u2122<\/p>\n         <h1>B\u0142yskawiczny <br>Perfektor<\/h1>\n         \n         Uj\u0119drnienie i redukcja niedoskona\u0142o\u015bci<br> Zawiera peptyd o&nbsp;natychmiastowej \n         funkcji koryguj\u0105cej oraz wyci\u0105g z&nbsp;kwiat\u00f3w&nbsp;lilii\n         <p>15 ml \u212e 0.5 fl. oz.<\/p>\n       <!--==================================================== pricing box ====================================================-->  \n         <p>Cena detaliczna<br>000.00 z\u0142<\/p>\n         <p>Klient VIP<br>000.00 z\u0142<\/p>\n       <!--==================================================== pricing box ====================================================-->\n         Aby dowiedzie\u0107 si\u0119 wi\u0119cej na temat produktu \n             30 Second Miracle\u2122 B\u0142yskawiczny Perfektor, prosimy skontaktowa\u0107 si\u0119 ze swoim Market Partnerem&nbsp;MONAT.\n          <a href=\"\" target=\"_blank\" role=\"button\" aria-label=\"\" rel=\"noopener\"><\/a>\n   <!--==================================================== \/ECOMM SECTION  ====================================================-->\n   <!--==================================================== Benefits image ====================================================-->\n  \n    <source media=\"(max-width: 700px)\" srcset=\"https:\/\/monatglobal.com\/au\/wp-content\/uploads\/sites\/12\/2021\/12\/3o-second-miracle-benefits_mobile.jpg\" loading=\"lazy\">\n      <img decoding=\"async\" src=\"https:\/\/monatglobal.com\/au\/wp-content\/uploads\/sites\/12\/2021\/12\/30-second-miracle-benefits-.jpg\" alt=\"\" loading=\"lazy\">\n    \n   <!--==================================================== Benefits text ====================================================-->\n         <h2>Zalety<\/h2>\n         <h3>Niesamowity perfektor, kt\u00f3ry B\u0141YSKAWICZNIE uelastyczni i&nbsp;wyg\u0142adzi kurze \n         \u0142apki, drobne linie, obrz\u0119ki i&nbsp;zmarszczki, dzi\u0119ki czemu Twoja sk\u00f3ra zyska od\u015bwie\u017cony i&nbsp;m\u0142odzie\u0144czy wygl\u0105d na \n         wiele&nbsp;godzin.<\/h3>\n         <!--==================================================== features image  ====================================================-->\n         <img decoding=\"async\" alt=\"\" src=\"https:\/\/monatglobal.com\/au\/wp-content\/uploads\/sites\/12\/2021\/12\/30-second-miracle-features.jpg\" loading=\"lazy\">\n      <!--==================================================== features text ====================================================-->\n            <h3>Cechy<\/h3>\n               <p>\/ Efekty utrzymuj\u0105 si\u0119 od 6 do 12&nbsp;godzin<\/p>\n               <p>\/ Regeneruje zmarszczki, kurze \u0142apki, opuchlizn\u0119 i&nbsp;cienie pod&nbsp;oczami<\/p>\n               <p>\/ Natychmiastowo wyg\u0142adza linie mimiczne, zmarszczki na czole i&nbsp;rozszerzone&nbsp;pory<\/p>\n               <p>\/ Sk\u00f3ra od razu staje si\u0119 nawil\u017cona i&nbsp;bardziej&nbsp;napi\u0119ta<\/p>\n               <p>\/ Nadaje si\u0119 doskonale do wszystkich rodzaj\u00f3w&nbsp;sk\u00f3ry<\/p>\n               <br>\n            <p>Fragrance \/ Unwind and enjoy a coconut-forward, citrusy aroma with notes of blood orange, coconut husk, cashew nut and&nbsp;sandalwood. <\/p>\n            <p> Texture \/ Cream <\/p>\n   <!--==================================================== composition image mobile ====================================================-->\n   <img decoding=\"async\" alt=\"\" src=\"https:\/\/monatglobal.com\/au\/wp-content\/uploads\/sites\/12\/2021\/12\/30-second-miracle-comps-1.jpg\" loading=\"lazy\">\n   <!--==================================================== Why it works text ====================================================-->\n      <h2>UJ\u0118DRNIENIE I REDUKCJA NIEDOSKONA\u0141O\u015aCI<\/h2>\n      <h3>Nasze jedwabi\u015bcie g\u0142adkie serum zaczyna dzia\u0142a\u0107 ju\u017c po 30 sekundach od zaaplikowania, \n      eliminuj\u0105c niedoskona\u0142o\u015bci, napinaj\u0105c, wyg\u0142adzaj\u0105c i&nbsp;wyr\u00f3wnuj\u0105c odcie\u0144 sk\u00f3ry bez wp\u0142ywu na&nbsp;makija\u017c.<\/h3>\n      Rozpocznij dzie\u0144, zachowuj\u0105c ca\u0142kowit\u0105 pewno\u015b\u0107 siebie i&nbsp;robi\u0105c wra\u017cenie na ka\u017cdym spotkaniu. Ten \n      preparat stanie si\u0119 Twoj\u0105 tajn\u0105 broni\u0105, dzi\u0119ki kt\u00f3rej b\u0119dziesz emanowa\u0107 pi\u0119knem w&nbsp;ka\u017cdej&nbsp;sytuacji.\n<!--==================================================== Composition section ====================================================-->\n      <img decoding=\"async\" alt=\"\" src=\"https:\/\/monatglobal.com\/au\/wp-content\/uploads\/sites\/12\/2021\/12\/30-second-miracle-comps-1.jpg\" loading=\"lazy\">\n      <img decoding=\"async\" alt=\"\" src=\"https:\/\/monatglobal.com\/au\/wp-content\/uploads\/sites\/12\/2021\/12\/30-second-miracle-comps-3.jpg\" loading=\"lazy\">\n            <!--==================================================== Directions text ====================================================--> \n               <h3>Spos\u00f3b u\u017cycia<\/h3>\n                    <p>\/ Potrz\u0105\u015bnij delikatnie tubk\u0105, aby przygotowa\u0107 produkt.<\/p>\n                    <p>\/ \u015aci\u015bnij delikatnie tubk\u0119, aby na\u0142o\u017cy\u0107 kosmetyk. Wystarczy tylko odrobina&nbsp;preparatu.<\/p>\n                    <p>\/ U\u017cywaj\u0105c opuszka palca lub czystego p\u0119dzelka kosmetycznego wklep niewielk\u0105 ilo\u015b\u0107 w&nbsp;oczyszczon\u0105, such\u0105&nbsp;sk\u00f3r\u0119.<\/p>\n                    \/ W ci\u0105gu 30 sekund poczujesz magi\u0119. Postaraj si\u0119 nie porusza\u0107 mi\u0119\u015bniami twarzy, dop\u00f3ki 30 Second Miracle\u2122 \n                    B\u0142yskawiczny Perfektor nie&nbsp;wyschnie.\n                    \/ Na\u0142o\u017cenie zbyt du\u017cej ilo\u015bci 30 Second Miracle\u2122 B\u0142yskawicznego Perfektora mo\u017ce spowodowa\u0107 pojawienie si\u0119 bia\u0142ej \n                    warstwy po wyschni\u0119ciu. Usu\u0144 delikatnie nadmiar preparatu zwil\u017conym&nbsp;wacikiem.\n                    <p>\/ Nast\u0119pnie zastosuj sw\u00f3j ulubiony krem nawil\u017caj\u0105cy od MONAT. Mo\u017cna r\u00f3wnie\u017c na\u0142o\u017cy\u0107&nbsp;podk\u0142ad.<\/p>\n                    <p>\/ Po u\u017cyciu przetrzyj ko\u0144c\u00f3wk\u0119 tubki mokr\u0105 szmatk\u0105, aby usun\u0105\u0107 pozosta\u0142o\u015b\u0107 preparatu i&nbsp;zapobiec jego&nbsp;nawarstwianiu.<\/p>\n            <!--==================================================== Directions video ====================================================-->\n      <p>Be Balanced\u2122 <br>Lightweight Moisturizer <br>0:35<\/p>\n         <!--==================================================== features image  ====================================================-->\n         <img decoding=\"async\" alt=\"\" src=\"https:\/\/monatglobal.com\/au\/wp-content\/uploads\/sites\/12\/2021\/12\/30-second-miracle-suggestions.jpg\" loading=\"lazy\">\n      <!--==================================================== features text ====================================================-->\n            <h3>Wskaz\u00f3wka<\/h3>\n               <p>\/ Doskonal swoj\u0105 technik\u0119 &#8211; praktyka czyni&nbsp;mistrza.<\/p>\n      <a href=\"\" target=\"_blank\" role=\"button\" aria-label=\"\" rel=\"noopener\"><\/a>\n   <!--==================================================== Ingredients section  ====================================================-->\n      <h2>NAJWA\u017bNIEJSZE SK\u0141ADNIKI AKTYWNE<\/h2>\n      <p>Peptydy<\/p>\n      <p>Wyci\u0105g z&nbsp;kwiat\u00f3w lilii bia\u0142ej<\/p>\n      <p>Wyci\u0105g z&nbsp;nasion kawy<\/p>\n        <button id=\"myBtn\" type=\"button\">ZOBACZ PE\u0141N\u0104 LIST\u0118&nbsp;SK\u0141ADNIK\u00d3W<\/button>\n      <!--==================================================== Modal content  ====================================================-->\n         \u00d7\n         Aqua\/Water\/Eau, Sodium Silicate, Magnesium Aluminum Silicate, Acetyl Hexapeptide-8, Coffea Arabica (Coffee) Seed \n         Extract, Lilium Candidum Flower Extract, Glycerin, Ethylhexylglycerin, Caprylyl&nbsp;Glycol.\n   <!--==================================================== You might also like section ====================================================-->\n      <h2>INNE PRODUKTY, KT\u00d3RE MOG\u0104 CI\u0118 ZAINTERESOWA\u0106<\/h2>\n      <!--==================================================== Slider YOU MIGHT ALSO LIKE ====================================================-->\n          <!---->\n          <!--   -->\n                <!-- Slides products-->\n          <!--      -->\n          <!--         <a href=\"\/pl\/skincare-c-radiance\/\" aria-label=\"Go to C. RADIANCE\u2122 SERUM ROZ\u015aWIETLAJ\u0104CE page\">-->\n          <!--          <img decoding=\"async\" src=\"https:\/\/monatglobal.com\/wp-content\/uploads\/2022\/12\/C-Radiance-Illuminating-Serum-ecomm-2022-min.png\" alt=\"C. RADIANCE\u2122 SERUM ROZ\u015aWIETLAJ\u0104CE\" loading=\"lazy\"\/>-->\n          <!--          <p>C. RADIANCE\u2122 SERUM&nbsp;ROZ\u015aWIETLAJ\u0104CE<\/p>-->\n          <!--        <\/a>-->\n          <!--      -->\n          <!--      -->\n          <!--         <a href=\"\/pl\/skincare-night-age-control-cream\/\" aria-label=\"Go to NIGHT HAVEN\u2122 KREM NA NOC PRZECIW OZNAKOM STARZENIA page\">-->\n          <!--          <img decoding=\"async\" src=\"https:\/\/monatglobal.com\/wp-content\/uploads\/2022\/12\/Night-Haven-Age-control_Ecomm-min.png\" alt=\"NIGHT HAVEN\u2122 KREM NA NOC PRZECIW OZNAKOM STARZENIA\" loading=\"lazy\"\/>-->\n          <!--          <p>NIGHT HAVEN\u2122 KREM NA NOC PRZECIW OZNAKOM&nbsp;STARZENIA<\/p>-->\n          <!--        <\/a>-->\n          <!--      -->\n          <!--      -->\n          <!--         <a href=\"\/pl\/eye-smooth\/\" aria-label=\"Go to EYE SMOOTH\u2122 page\">-->\n          <!--          <img decoding=\"async\" src=\"https:\/\/monatglobal.com\/wp-content\/uploads\/2022\/12\/Eye-smooth-ecomm-2022-min.png\" alt=\"EYE SMOOTH\u2122 \" loading=\"lazy\"\/>-->\n          <!--          <p>EYE SMOOTH\u2122 <\/p>-->\n          <!--        <\/a>-->\n          <!--      -->\n          <!--   -->\n             <!-- If we need navigation buttons -->\n          <!--   -->\n          <!--   -->\n             <!-- If we need paginations -->\n          <!--   -->\n          <!---->\n         <!--==================================================== If we need navigation buttons  ====================================================-->\n         <!--==================================================== If we need paginations  ====================================================-->\n    <a href=\"\" aria-label=\"\"><\/a>\n<!--==================================================== this link has to go last for it to work   ====================================================-->\n","protected":false},"excerpt":{"rendered":"<p>BESTSELLERY BESTSELLERY 30 Second Miracle\u2122 B\u0142yskawiczny Perfektor Uj\u0119drnienie i redukcja niedoskona\u0142o\u015bci Zawiera peptyd o&nbsp;natychmiastowej funkcji koryguj\u0105cej oraz wyci\u0105g z&nbsp;kwiat\u00f3w&nbsp;lilii 15 ml \u212e 0.5 fl. oz. Cena detaliczna000.00 z\u0142 Klient VIP000.00 z\u0142 Aby dowiedzie\u0107 si\u0119 wi\u0119cej na temat produktu 30 Second Miracle\u2122 B\u0142yskawiczny Perfektor, prosimy skontaktowa\u0107 si\u0119 ze swoim Market Partnerem&nbsp;MONAT. Zalety Niesamowity perfektor, kt\u00f3ry B\u0141YSKAWICZNIE&hellip;<\/p>\n","protected":false},"author":31,"featured_media":66867,"parent":0,"menu_order":0,"comment_status":"closed","ping_status":"closed","template":"","meta":{"inline_featured_image":false,"om_disable_all_campaigns":false,"_monsterinsights_skip_tracking":false,"_monsterinsights_sitenote_active":false,"_monsterinsights_sitenote_note":"","_monsterinsights_sitenote_category":0,"footnotes":""},"categories":[39],"tags":[],"class_list":["post-66866","page","type-page","status-publish","has-post-thumbnail","hentry","category-product-pl"],"aioseo_notices":[],"aioseo_head":"\n\t\t<!-- All in One SEO Pro 4.9.5.2 - aioseo.com -->\n\t<meta name=\"description\" content=\"BESTSELLERY --&gt;\" \/>\n\t<meta name=\"robots\" content=\"max-image-preview:large\" \/>\n\t<link rel=\"canonical\" href=\"https:\/\/monatglobal.com\/pl\/skincare-perfector\/\" \/>\n\t<meta name=\"generator\" content=\"All in One SEO Pro (AIOSEO) 4.9.5.2\" \/>\n\t\t<meta property=\"og:locale\" content=\"pl_PL\" \/>\n\t\t<meta property=\"og:site_name\" content=\"MONAT POLAND - MONAT GLOBAL\" \/>\n\t\t<meta property=\"og:type\" content=\"article\" \/>\n\t\t<meta property=\"og:title\" content=\"30 Second Miracle\u2122 B\u0142yskawiczny Perfektor\" \/>\n\t\t<meta property=\"og:description\" content=\"BESTSELLERY --&gt;\" \/>\n\t\t<meta property=\"og:url\" content=\"https:\/\/monatglobal.com\/pl\/skincare-perfector\/\" \/>\n\t\t<meta property=\"article:published_time\" content=\"2021-12-10T20:10:17+00:00\" \/>\n\t\t<meta property=\"article:modified_time\" content=\"2026-02-19T20:58:30+00:00\" \/>\n\t\t<meta name=\"twitter:card\" content=\"summary_large_image\" \/>\n\t\t<meta name=\"twitter:title\" content=\"30 Second Miracle\u2122 B\u0142yskawiczny Perfektor\" \/>\n\t\t<meta name=\"twitter:description\" content=\"BESTSELLERY --&gt;\" \/>\n\t\t<script type=\"application\/ld+json\" class=\"aioseo-schema\">\n\t\t\t{\"@context\":\"https:\\\/\\\/schema.org\",\"@graph\":[{\"@type\":\"BreadcrumbList\",\"@id\":\"https:\\\/\\\/monatglobal.com\\\/pl\\\/skincare-perfector\\\/#breadcrumblist\",\"itemListElement\":[{\"@type\":\"ListItem\",\"@id\":\"https:\\\/\\\/monatglobal.com\\\/pl#listItem\",\"position\":1,\"name\":\"Home\",\"item\":\"https:\\\/\\\/monatglobal.com\\\/pl\",\"nextItem\":{\"@type\":\"ListItem\",\"@id\":\"https:\\\/\\\/monatglobal.com\\\/pl\\\/skincare-perfector\\\/#listItem\",\"name\":\"30 Second Miracle\\u2122 B\\u0142yskawiczny Perfektor\"}},{\"@type\":\"ListItem\",\"@id\":\"https:\\\/\\\/monatglobal.com\\\/pl\\\/skincare-perfector\\\/#listItem\",\"position\":2,\"name\":\"30 Second Miracle\\u2122 B\\u0142yskawiczny Perfektor\",\"previousItem\":{\"@type\":\"ListItem\",\"@id\":\"https:\\\/\\\/monatglobal.com\\\/pl#listItem\",\"name\":\"Home\"}}]},{\"@type\":\"Organization\",\"@id\":\"https:\\\/\\\/monatglobal.com\\\/pl\\\/#organization\",\"name\":\"MONAT POLAND\",\"description\":\"MONAT GLOBAL\",\"url\":\"https:\\\/\\\/monatglobal.com\\\/pl\\\/\"},{\"@type\":\"WebPage\",\"@id\":\"https:\\\/\\\/monatglobal.com\\\/pl\\\/skincare-perfector\\\/#webpage\",\"url\":\"https:\\\/\\\/monatglobal.com\\\/pl\\\/skincare-perfector\\\/\",\"name\":\"30 Second Miracle\\u2122 B\\u0142yskawiczny Perfektor\",\"description\":\"BESTSELLERY -->\",\"inLanguage\":\"pl-PL\",\"isPartOf\":{\"@id\":\"https:\\\/\\\/monatglobal.com\\\/pl\\\/#website\"},\"breadcrumb\":{\"@id\":\"https:\\\/\\\/monatglobal.com\\\/pl\\\/skincare-perfector\\\/#breadcrumblist\"},\"image\":{\"@type\":\"ImageObject\",\"url\":\"https:\\\/\\\/monatglobal.com\\\/pl\\\/wp-content\\\/uploads\\\/sites\\\/9\\\/2021\\\/12\\\/30-second-miracle-main-1.png\",\"@id\":\"https:\\\/\\\/monatglobal.com\\\/pl\\\/skincare-perfector\\\/#mainImage\",\"width\":341,\"height\":450},\"primaryImageOfPage\":{\"@id\":\"https:\\\/\\\/monatglobal.com\\\/pl\\\/skincare-perfector\\\/#mainImage\"},\"datePublished\":\"2021-12-10T20:10:17+00:00\",\"dateModified\":\"2026-02-19T20:58:30+00:00\"},{\"@type\":\"WebSite\",\"@id\":\"https:\\\/\\\/monatglobal.com\\\/pl\\\/#website\",\"url\":\"https:\\\/\\\/monatglobal.com\\\/pl\\\/\",\"name\":\"MONAT POLAND\",\"description\":\"MONAT GLOBAL\",\"inLanguage\":\"pl-PL\",\"publisher\":{\"@id\":\"https:\\\/\\\/monatglobal.com\\\/pl\\\/#organization\"}}]}\n\t\t<\/script>\n\t\t<!-- All in One SEO Pro -->\r\n\t\t<title>30 Second Miracle\u2122 B\u0142yskawiczny Perfektor<\/title>\n\n","aioseo_head_json":{"title":"30 Second Miracle\u2122 B\u0142yskawiczny Perfektor","description":"BESTSELLERY -->","canonical_url":"https:\/\/monatglobal.com\/pl\/skincare-perfector\/","robots":"max-image-preview:large","keywords":"","webmasterTools":{"miscellaneous":""},"schema":{"@context":"https:\/\/schema.org","@graph":[{"@type":"BreadcrumbList","@id":"https:\/\/monatglobal.com\/pl\/skincare-perfector\/#breadcrumblist","itemListElement":[{"@type":"ListItem","@id":"https:\/\/monatglobal.com\/pl#listItem","position":1,"name":"Home","item":"https:\/\/monatglobal.com\/pl","nextItem":{"@type":"ListItem","@id":"https:\/\/monatglobal.com\/pl\/skincare-perfector\/#listItem","name":"30 Second Miracle\u2122 B\u0142yskawiczny Perfektor"}},{"@type":"ListItem","@id":"https:\/\/monatglobal.com\/pl\/skincare-perfector\/#listItem","position":2,"name":"30 Second Miracle\u2122 B\u0142yskawiczny Perfektor","previousItem":{"@type":"ListItem","@id":"https:\/\/monatglobal.com\/pl#listItem","name":"Home"}}]},{"@type":"Organization","@id":"https:\/\/monatglobal.com\/pl\/#organization","name":"MONAT POLAND","description":"MONAT GLOBAL","url":"https:\/\/monatglobal.com\/pl\/"},{"@type":"WebPage","@id":"https:\/\/monatglobal.com\/pl\/skincare-perfector\/#webpage","url":"https:\/\/monatglobal.com\/pl\/skincare-perfector\/","name":"30 Second Miracle\u2122 B\u0142yskawiczny Perfektor","description":"BESTSELLERY -->","inLanguage":"pl-PL","isPartOf":{"@id":"https:\/\/monatglobal.com\/pl\/#website"},"breadcrumb":{"@id":"https:\/\/monatglobal.com\/pl\/skincare-perfector\/#breadcrumblist"},"image":{"@type":"ImageObject","url":"https:\/\/monatglobal.com\/pl\/wp-content\/uploads\/sites\/9\/2021\/12\/30-second-miracle-main-1.png","@id":"https:\/\/monatglobal.com\/pl\/skincare-perfector\/#mainImage","width":341,"height":450},"primaryImageOfPage":{"@id":"https:\/\/monatglobal.com\/pl\/skincare-perfector\/#mainImage"},"datePublished":"2021-12-10T20:10:17+00:00","dateModified":"2026-02-19T20:58:30+00:00"},{"@type":"WebSite","@id":"https:\/\/monatglobal.com\/pl\/#website","url":"https:\/\/monatglobal.com\/pl\/","name":"MONAT POLAND","description":"MONAT GLOBAL","inLanguage":"pl-PL","publisher":{"@id":"https:\/\/monatglobal.com\/pl\/#organization"}}]},"og:locale":"pl_PL","og:site_name":"MONAT POLAND - MONAT GLOBAL","og:type":"article","og:title":"30 Second Miracle\u2122 B\u0142yskawiczny Perfektor","og:description":"BESTSELLERY --&gt;","og:url":"https:\/\/monatglobal.com\/pl\/skincare-perfector\/","article:published_time":"2021-12-10T20:10:17+00:00","article:modified_time":"2026-02-19T20:58:30+00:00","twitter:card":"summary_large_image","twitter:title":"30 Second Miracle\u2122 B\u0142yskawiczny Perfektor","twitter:description":"BESTSELLERY --&gt;"},"aioseo_meta_data":{"post_id":"66866","title":"30 Second Miracle\u2122 B\u0142yskawiczny Perfektor","description":null,"keywords":null,"keyphrases":{"focus":{"keyphrase":"","score":0,"analysis":{"keyphraseInTitle":{"score":0,"maxScore":9,"error":1}}},"additional":[]},"primary_term":null,"canonical_url":null,"og_title":null,"og_description":null,"og_object_type":"default","og_image_type":"default","og_image_url":null,"og_image_width":null,"og_image_height":null,"og_image_custom_url":null,"og_image_custom_fields":null,"og_video":"","og_custom_url":null,"og_article_section":null,"og_article_tags":null,"twitter_use_og":false,"twitter_card":"default","twitter_image_type":"default","twitter_image_url":null,"twitter_image_custom_url":null,"twitter_image_custom_fields":null,"twitter_title":null,"twitter_description":null,"schema":{"blockGraphs":[],"customGraphs":[],"default":{"data":{"Article":[],"Course":[],"Dataset":[],"FAQPage":[],"Movie":[],"Person":[],"Product":[],"ProductReview":[],"Car":[],"Recipe":[],"Service":[],"SoftwareApplication":[],"WebPage":[]},"graphName":"WebPage","isEnabled":true},"graphs":[]},"schema_type":"default","schema_type_options":null,"pillar_content":false,"robots_default":true,"robots_noindex":false,"robots_noarchive":false,"robots_nosnippet":false,"robots_nofollow":false,"robots_noimageindex":false,"robots_noodp":false,"robots_notranslate":false,"robots_max_snippet":"-1","robots_max_videopreview":"-1","robots_max_imagepreview":"large","priority":null,"frequency":"default","local_seo":null,"seo_analyzer_scan_date":"2026-02-19 21:03:41","limit_modified_date":false,"reviewed_by":"0","open_ai":null,"ai":{"faqs":[],"keyPoints":[],"titles":[],"descriptions":[],"socialPosts":{"email":[],"linkedin":[],"twitter":[],"facebook":[],"instagram":[]}},"created":"2023-07-26 09:58:10","updated":"2026-02-19 21:10:06"},"aioseo_breadcrumb":"<div class=\"aioseo-breadcrumbs\"><span class=\"aioseo-breadcrumb\">\n\t<a href=\"https:\/\/monatglobal.com\/pl\" title=\"Home\">Home<\/a>\n<\/span><span class=\"aioseo-breadcrumb-separator\">&raquo;<\/span><span class=\"aioseo-breadcrumb\">\n\t30 Second Miracle\u2122 B\u0142yskawiczny Perfektor\n<\/span><\/div>","aioseo_breadcrumb_json":[{"label":"Home","link":"https:\/\/monatglobal.com\/pl"},{"label":"30 Second Miracle\u2122 B\u0142yskawiczny Perfektor","link":"https:\/\/monatglobal.com\/pl\/skincare-perfector\/"}],"_links":{"self":[{"href":"https:\/\/monatglobal.com\/pl\/wp-json\/wp\/v2\/pages\/66866","targetHints":{"allow":["GET"]}}],"collection":[{"href":"https:\/\/monatglobal.com\/pl\/wp-json\/wp\/v2\/pages"}],"about":[{"href":"https:\/\/monatglobal.com\/pl\/wp-json\/wp\/v2\/types\/page"}],"author":[{"embeddable":true,"href":"https:\/\/monatglobal.com\/pl\/wp-json\/wp\/v2\/users\/31"}],"replies":[{"embeddable":true,"href":"https:\/\/monatglobal.com\/pl\/wp-json\/wp\/v2\/comments?post=66866"}],"version-history":[{"count":28,"href":"https:\/\/monatglobal.com\/pl\/wp-json\/wp\/v2\/pages\/66866\/revisions"}],"predecessor-version":[{"id":109329,"href":"https:\/\/monatglobal.com\/pl\/wp-json\/wp\/v2\/pages\/66866\/revisions\/109329"}],"wp:featuredmedia":[{"embeddable":true,"href":"https:\/\/monatglobal.com\/pl\/wp-json\/wp\/v2\/media\/66867"}],"wp:attachment":[{"href":"https:\/\/monatglobal.com\/pl\/wp-json\/wp\/v2\/media?parent=66866"}],"wp:term":[{"taxonomy":"category","embeddable":true,"href":"https:\/\/monatglobal.com\/pl\/wp-json\/wp\/v2\/categories?post=66866"},{"taxonomy":"post_tag","embeddable":true,"href":"https:\/\/monatglobal.com\/pl\/wp-json\/wp\/v2\/tags?post=66866"}],"curies":[{"name":"wp","href":"https:\/\/api.w.org\/{rel}","templated":true}]}}